{"id":211879,"date":"2023-02-14T10:49:00","date_gmt":"2023-02-14T10:49:00","guid":{"rendered":"https:\/\/atami.com\/?post_type=product&#038;p=211879"},"modified":"2026-03-03T15:30:10","modified_gmt":"2026-03-03T13:30:10","slug":"hydro-rokz-cocos-60-40","status":"publish","type":"product","link":"https:\/\/atami.com\/de\/produkt\/hydro-rokz-cocos-60-40","title":{"rendered":"Hydro Rokz Cocos 60-40"},"content":{"rendered":"<p>Atami Hydro Rokz Cocos 60-40 ist eine Mischung aus hochwertigen, gereiften, gewaschenen und gepufferten Kokosfasern von Atami mit zus\u00e4tzlichen Tonkieseln. Es bietet alle Vorteile des Anbaus auf Tonkieseln, da es eine hervorragende Drainage und einen hohen Luftgehalt f\u00fcr eine optimale Wurzelentwicklung bietet. Dar\u00fcber hinaus sorgen die Kokosfasern daf\u00fcr, dass die Feuchtigkeit um die Wurzeln herum stabil bleibt. Dadurch entsteht ein Puffer, der l\u00e4ngere Zeitr\u00e4ume zwischen den Bew\u00e4sserungen erm\u00f6glicht.<\/p>\n<p>&nbsp;<\/p>\n<p>Atami Hydro Rokz Cocos 60-40 bietet viele Vorteile des hydroponischen Anbaus.<\/p>\n<p>&nbsp;<\/p>\n<p><strong>EC: 0,5<\/strong><\/p>\n<p>&nbsp;<\/p>\n<p><strong>ERH\u00c4LTLICH IN 45 L<\/strong><\/p>\n","protected":false},"excerpt":{"rendered":"<p>Landwirtschaftliche Tonkiesel mit unged\u00fcngten, gereiften, gewaschenen und gepufferten Kokosfasern<\/p>\n","protected":false},"featured_media":25346,"comment_status":"closed","ping_status":"closed","template":"","meta":{"_acf_changed":false,"iawp_total_views":15},"product_brand":[],"product_cat":[196],"product_tag":[],"class_list":{"0":"post-211879","1":"product","2":"type-product","3":"status-publish","4":"has-post-thumbnail","6":"product_cat-atami-substrate","8":"first","9":"instock","10":"shipping-taxable","11":"product-type-simple"},"acf":{"short_description":"<p>Atami Hydro Rokz Cocos 60-40 ist eine Mischung aus hochwertigen, gereiften, gewaschenen und gepufferten Kokosfasern von Atami mit zus\u00e4tzlichen Tonkieseln. Es bietet alle Vorteile des Anbaus auf Tonkieseln, da es eine hervorragende Drainage und einen hohen Luftgehalt f\u00fcr eine optimale Wurzelentwicklung bietet. Dar\u00fcber hinaus sorgen die Kokosfasern daf\u00fcr, dass die Feuchtigkeit um die Wurzeln herum stabil bleibt. Dadurch entsteht ein Puffer, der l\u00e4ngere Zeitr\u00e4ume zwischen den Bew\u00e4sserungen erm\u00f6glicht.<\/p>\r\n<p>Atami Hydro Rokz Cocos 60-40 bietet viele Vorteile des hydroponischen Anbaus.<\/p>\r\n<p><strong>EC: 0,5<\/strong><\/p>","suitable_for":"","application":"","dosage":"","npk_ratio":"","available_in":"<p><strong>ERH\u00c4LTLICH IN 45 L<\/strong><\/p>","icon_1":"","icon_1_text":"","icon_2":"","icon_2_text":"","icon_3":"","icon_3_text":"","icon_4":"","icon_4_text":"","video":"","second_image":25361,"product_image_page":25361,"user_manual":"","new_icon_1":"","new_icon_2":"","new_icon_3":"","new_icon_4":"","grow_guides":"","category":"Substrat"},"yoast_head":"<!-- This site is optimized with the Yoast SEO Premium plugin v27.4 (Yoast SEO v27.4) - https:\/\/yoast.com\/product\/yoast-seo-premium-wordpress\/ -->\n<title>Hydro Rokz Cocos 60-40 | Atami<\/title>\n<meta name=\"robots\" content=\"index, follow, max-snippet:-1, max-image-preview:large, max-video-preview:-1\" \/>\n<link rel=\"canonical\" href=\"https:\/\/atami.com\/de\/produkt\/hydro-rokz-cocos-60-40\" \/>\n<meta property=\"og:locale\" content=\"de_DE\" \/>\n<meta property=\"og:type\" content=\"article\" \/>\n<meta property=\"og:title\" content=\"Hydro Rokz Cocos 60-40\" \/>\n<meta property=\"og:description\" content=\"Landwirtschaftliche Tonkiesel mit unged\u00fcngten, gereiften, gewaschenen und gepufferten Kokosfasern\" \/>\n<meta property=\"og:url\" content=\"https:\/\/atami.com\/de\/produkt\/hydro-rokz-cocos-60-40\" \/>\n<meta property=\"og:site_name\" content=\"Atami\" \/>\n<meta property=\"article:publisher\" content=\"https:\/\/www.facebook.com\/Atami.International\" \/>\n<meta property=\"article:modified_time\" content=\"2026-03-03T13:30:10+00:00\" \/>\n<meta property=\"og:image\" content=\"https:\/\/atami.com\/wp-content\/uploads\/2023\/02\/Hydro-Rokz-Cocos-60-40-Main-Image.webp\" \/>\n\t<meta property=\"og:image:width\" content=\"1080\" \/>\n\t<meta property=\"og:image:height\" content=\"1080\" \/>\n\t<meta property=\"og:image:type\" content=\"image\/webp\" \/>\n<meta name=\"twitter:card\" content=\"summary_large_image\" \/>\n<meta name=\"twitter:site\" content=\"@AtamiEU\" \/>\n<meta name=\"twitter:label1\" content=\"Gesch\u00e4tzte Lesezeit\" \/>\n\t<meta name=\"twitter:data1\" content=\"1\u00a0Minute\" \/>\n<script type=\"application\/ld+json\" class=\"yoast-schema-graph\">{\"@context\":\"https:\\\/\\\/schema.org\",\"@graph\":[{\"@type\":\"WebPage\",\"@id\":\"https:\\\/\\\/atami.com\\\/de\\\/produkt\\\/hydro-rokz-cocos-60-40\",\"url\":\"https:\\\/\\\/atami.com\\\/de\\\/produkt\\\/hydro-rokz-cocos-60-40\",\"name\":\"Hydro Rokz Cocos 60-40 | Atami\",\"isPartOf\":{\"@id\":\"https:\\\/\\\/atami.com\\\/de#website\"},\"primaryImageOfPage\":{\"@id\":\"https:\\\/\\\/atami.com\\\/de\\\/produkt\\\/hydro-rokz-cocos-60-40#primaryimage\"},\"image\":{\"@id\":\"https:\\\/\\\/atami.com\\\/de\\\/produkt\\\/hydro-rokz-cocos-60-40#primaryimage\"},\"thumbnailUrl\":\"https:\\\/\\\/atami.com\\\/wp-content\\\/uploads\\\/2023\\\/02\\\/Hydro-Rokz-Cocos-60-40-Main-Image.webp\",\"datePublished\":\"2023-02-14T10:49:00+00:00\",\"dateModified\":\"2026-03-03T13:30:10+00:00\",\"breadcrumb\":{\"@id\":\"https:\\\/\\\/atami.com\\\/de\\\/produkt\\\/hydro-rokz-cocos-60-40#breadcrumb\"},\"inLanguage\":\"de\",\"potentialAction\":[{\"@type\":\"ReadAction\",\"target\":[\"https:\\\/\\\/atami.com\\\/de\\\/produkt\\\/hydro-rokz-cocos-60-40\"]}]},{\"@type\":\"ImageObject\",\"inLanguage\":\"de\",\"@id\":\"https:\\\/\\\/atami.com\\\/de\\\/produkt\\\/hydro-rokz-cocos-60-40#primaryimage\",\"url\":\"https:\\\/\\\/atami.com\\\/wp-content\\\/uploads\\\/2023\\\/02\\\/Hydro-Rokz-Cocos-60-40-Main-Image.webp\",\"contentUrl\":\"https:\\\/\\\/atami.com\\\/wp-content\\\/uploads\\\/2023\\\/02\\\/Hydro-Rokz-Cocos-60-40-Main-Image.webp\",\"width\":1080,\"height\":1080},{\"@type\":\"BreadcrumbList\",\"@id\":\"https:\\\/\\\/atami.com\\\/de\\\/produkt\\\/hydro-rokz-cocos-60-40#breadcrumb\",\"itemListElement\":[{\"@type\":\"ListItem\",\"position\":1,\"name\":\"Home\",\"item\":\"https:\\\/\\\/atami.com\\\/de\"},{\"@type\":\"ListItem\",\"position\":2,\"name\":\"Produkte\",\"item\":\"https:\\\/\\\/atami.com\\\/de\\\/shop\"},{\"@type\":\"ListItem\",\"position\":3,\"name\":\"Marken\",\"item\":\"https:\\\/\\\/atami.com\\\/de\\\/produkt-kategorie\\\/marken\"},{\"@type\":\"ListItem\",\"position\":4,\"name\":\"Atami substrate\",\"item\":\"https:\\\/\\\/atami.com\\\/de\\\/produkt-kategorie\\\/marken\\\/atami-substrate\"},{\"@type\":\"ListItem\",\"position\":5,\"name\":\"Hydro Rokz Cocos 60-40\"}]},{\"@type\":\"WebSite\",\"@id\":\"https:\\\/\\\/atami.com\\\/de#website\",\"url\":\"https:\\\/\\\/atami.com\\\/de\",\"name\":\"Atami\",\"description\":\"NATURALLY INNOVATING!\",\"publisher\":{\"@id\":\"https:\\\/\\\/atami.com\\\/de#organization\"},\"potentialAction\":[{\"@type\":\"SearchAction\",\"target\":{\"@type\":\"EntryPoint\",\"urlTemplate\":\"https:\\\/\\\/atami.com\\\/de?s={search_term_string}\"},\"query-input\":{\"@type\":\"PropertyValueSpecification\",\"valueRequired\":true,\"valueName\":\"search_term_string\"}}],\"inLanguage\":\"de\"},{\"@type\":\"Organization\",\"@id\":\"https:\\\/\\\/atami.com\\\/de#organization\",\"name\":\"Atami\",\"url\":\"https:\\\/\\\/atami.com\\\/de\",\"logo\":{\"@type\":\"ImageObject\",\"inLanguage\":\"de\",\"@id\":\"https:\\\/\\\/atami.com\\\/de#\\\/schema\\\/logo\\\/image\\\/\",\"url\":\"https:\\\/\\\/atami.com\\\/wp-content\\\/uploads\\\/2026\\\/01\\\/Atami-logo-696x696px.webp\",\"contentUrl\":\"https:\\\/\\\/atami.com\\\/wp-content\\\/uploads\\\/2026\\\/01\\\/Atami-logo-696x696px.webp\",\"width\":696,\"height\":696,\"caption\":\"Atami\"},\"image\":{\"@id\":\"https:\\\/\\\/atami.com\\\/de#\\\/schema\\\/logo\\\/image\\\/\"},\"sameAs\":[\"https:\\\/\\\/www.facebook.com\\\/Atami.International\",\"https:\\\/\\\/x.com\\\/AtamiEU\",\"https:\\\/\\\/www.youtube.com\\\/c\\\/AtamiInternational\",\"https:\\\/\\\/www.instagram.com\\\/atami.international\\\/\"],\"description\":\"ATAMI is a premium plant nutrition & substrate brand founded in 1997 with the mission to make exceptional cultivation achievable for everyone. From legacy to license, we offer a wide variety of innovating award-winning products to let cultivators achieve maximum results in taste & yield.\",\"email\":\"info@mginnovations.es\",\"legalName\":\"Atami\",\"numberOfEmployees\":{\"@type\":\"QuantitativeValue\",\"minValue\":\"11\",\"maxValue\":\"50\"}}]}<\/script>\n<!-- \/ Yoast SEO Premium plugin. -->","yoast_head_json":{"title":"Hydro Rokz Cocos 60-40 | Atami","robots":{"index":"index","follow":"follow","max-snippet":"max-snippet:-1","max-image-preview":"max-image-preview:large","max-video-preview":"max-video-preview:-1"},"canonical":"https:\/\/atami.com\/de\/produkt\/hydro-rokz-cocos-60-40","og_locale":"de_DE","og_type":"article","og_title":"Hydro Rokz Cocos 60-40","og_description":"Landwirtschaftliche Tonkiesel mit unged\u00fcngten, gereiften, gewaschenen und gepufferten Kokosfasern","og_url":"https:\/\/atami.com\/de\/produkt\/hydro-rokz-cocos-60-40","og_site_name":"Atami","article_publisher":"https:\/\/www.facebook.com\/Atami.International","article_modified_time":"2026-03-03T13:30:10+00:00","og_image":[{"width":1080,"height":1080,"url":"https:\/\/atami.com\/wp-content\/uploads\/2023\/02\/Hydro-Rokz-Cocos-60-40-Main-Image.webp","type":"image\/webp"}],"twitter_card":"summary_large_image","twitter_site":"@AtamiEU","twitter_misc":{"Gesch\u00e4tzte Lesezeit":"1\u00a0Minute"},"schema":{"@context":"https:\/\/schema.org","@graph":[{"@type":"WebPage","@id":"https:\/\/atami.com\/de\/produkt\/hydro-rokz-cocos-60-40","url":"https:\/\/atami.com\/de\/produkt\/hydro-rokz-cocos-60-40","name":"Hydro Rokz Cocos 60-40 | Atami","isPartOf":{"@id":"https:\/\/atami.com\/de#website"},"primaryImageOfPage":{"@id":"https:\/\/atami.com\/de\/produkt\/hydro-rokz-cocos-60-40#primaryimage"},"image":{"@id":"https:\/\/atami.com\/de\/produkt\/hydro-rokz-cocos-60-40#primaryimage"},"thumbnailUrl":"https:\/\/atami.com\/wp-content\/uploads\/2023\/02\/Hydro-Rokz-Cocos-60-40-Main-Image.webp","datePublished":"2023-02-14T10:49:00+00:00","dateModified":"2026-03-03T13:30:10+00:00","breadcrumb":{"@id":"https:\/\/atami.com\/de\/produkt\/hydro-rokz-cocos-60-40#breadcrumb"},"inLanguage":"de","potentialAction":[{"@type":"ReadAction","target":["https:\/\/atami.com\/de\/produkt\/hydro-rokz-cocos-60-40"]}]},{"@type":"ImageObject","inLanguage":"de","@id":"https:\/\/atami.com\/de\/produkt\/hydro-rokz-cocos-60-40#primaryimage","url":"https:\/\/atami.com\/wp-content\/uploads\/2023\/02\/Hydro-Rokz-Cocos-60-40-Main-Image.webp","contentUrl":"https:\/\/atami.com\/wp-content\/uploads\/2023\/02\/Hydro-Rokz-Cocos-60-40-Main-Image.webp","width":1080,"height":1080},{"@type":"BreadcrumbList","@id":"https:\/\/atami.com\/de\/produkt\/hydro-rokz-cocos-60-40#breadcrumb","itemListElement":[{"@type":"ListItem","position":1,"name":"Home","item":"https:\/\/atami.com\/de"},{"@type":"ListItem","position":2,"name":"Produkte","item":"https:\/\/atami.com\/de\/shop"},{"@type":"ListItem","position":3,"name":"Marken","item":"https:\/\/atami.com\/de\/produkt-kategorie\/marken"},{"@type":"ListItem","position":4,"name":"Atami substrate","item":"https:\/\/atami.com\/de\/produkt-kategorie\/marken\/atami-substrate"},{"@type":"ListItem","position":5,"name":"Hydro Rokz Cocos 60-40"}]},{"@type":"WebSite","@id":"https:\/\/atami.com\/de#website","url":"https:\/\/atami.com\/de","name":"Atami","description":"NATURALLY INNOVATING!","publisher":{"@id":"https:\/\/atami.com\/de#organization"},"potentialAction":[{"@type":"SearchAction","target":{"@type":"EntryPoint","urlTemplate":"https:\/\/atami.com\/de?s={search_term_string}"},"query-input":{"@type":"PropertyValueSpecification","valueRequired":true,"valueName":"search_term_string"}}],"inLanguage":"de"},{"@type":"Organization","@id":"https:\/\/atami.com\/de#organization","name":"Atami","url":"https:\/\/atami.com\/de","logo":{"@type":"ImageObject","inLanguage":"de","@id":"https:\/\/atami.com\/de#\/schema\/logo\/image\/","url":"https:\/\/atami.com\/wp-content\/uploads\/2026\/01\/Atami-logo-696x696px.webp","contentUrl":"https:\/\/atami.com\/wp-content\/uploads\/2026\/01\/Atami-logo-696x696px.webp","width":696,"height":696,"caption":"Atami"},"image":{"@id":"https:\/\/atami.com\/de#\/schema\/logo\/image\/"},"sameAs":["https:\/\/www.facebook.com\/Atami.International","https:\/\/x.com\/AtamiEU","https:\/\/www.youtube.com\/c\/AtamiInternational","https:\/\/www.instagram.com\/atami.international\/"],"description":"ATAMI is a premium plant nutrition & substrate brand founded in 1997 with the mission to make exceptional cultivation achievable for everyone. From legacy to license, we offer a wide variety of innovating award-winning products to let cultivators achieve maximum results in taste & yield.","email":"info@mginnovations.es","legalName":"Atami","numberOfEmployees":{"@type":"QuantitativeValue","minValue":"11","maxValue":"50"}}]}},"_links":{"self":[{"href":"https:\/\/atami.com\/de\/wp-json\/wp\/v2\/product\/211879","targetHints":{"allow":["GET"]}}],"collection":[{"href":"https:\/\/atami.com\/de\/wp-json\/wp\/v2\/product"}],"about":[{"href":"https:\/\/atami.com\/de\/wp-json\/wp\/v2\/types\/product"}],"replies":[{"embeddable":true,"href":"https:\/\/atami.com\/de\/wp-json\/wp\/v2\/comments?post=211879"}],"wp:featuredmedia":[{"embeddable":true,"href":"https:\/\/atami.com\/de\/wp-json\/wp\/v2\/media\/25346"}],"wp:attachment":[{"href":"https:\/\/atami.com\/de\/wp-json\/wp\/v2\/media?parent=211879"}],"wp:term":[{"taxonomy":"product_brand","embeddable":true,"href":"https:\/\/atami.com\/de\/wp-json\/wp\/v2\/product_brand?post=211879"},{"taxonomy":"product_cat","embeddable":true,"href":"https:\/\/atami.com\/de\/wp-json\/wp\/v2\/product_cat?post=211879"},{"taxonomy":"product_tag","embeddable":true,"href":"https:\/\/atami.com\/de\/wp-json\/wp\/v2\/product_tag?post=211879"}],"curies":[{"name":"wp","href":"https:\/\/api.w.org\/{rel}","templated":true}]}}