{"id":202497,"date":"2025-01-22T12:19:25","date_gmt":"2025-01-22T10:19:25","guid":{"rendered":"https:\/\/atami.com\/?post_type=product&#038;p=202497"},"modified":"2026-03-03T12:16:22","modified_gmt":"2026-03-03T10:16:22","slug":"vgn-calmag","status":"publish","type":"product","link":"https:\/\/atami.com\/de\/produkt\/vgn-calmag","title":{"rendered":"VGN CALMAG"},"content":{"rendered":"","protected":false},"excerpt":{"rendered":"<p>Veganic calmag<\/p>\n","protected":false},"featured_media":202449,"comment_status":"closed","ping_status":"closed","template":"","meta":{"_acf_changed":false,"iawp_total_views":238},"product_brand":[],"product_cat":[2333,192],"product_tag":[],"class_list":{"0":"post-202497","1":"product","2":"type-product","3":"status-publish","4":"has-post-thumbnail","6":"product_cat-vgn-veganic-duenger","7":"product_cat-zusatze","9":"first","10":"instock","11":"shipping-taxable","12":"product-type-simple"},"acf":{"short_description":"<p><strong>Kalzium- und Magnesiumzusatz f\u00fcr den \u00f6kologischen Landbau.<\/strong><\/p>\r\n<p>In der Regel ist die genaue Zusammensetzung des Leitungswassers, das wir verwenden, unsicher. Wir k\u00f6nnen uns nicht darauf verlassen, dass es die einzige Quelle f\u00fcr Kalzium und Magnesium ist. Wenn Sie mit weichem Leitungswasser, Regenwasser oder Umkehrosmose gie\u00dfen, ist die Verwendung von Kalzium- und Magnesiumzus\u00e4tzen fast unerl\u00e4sslich.<\/p>\r\n<p>VGN Calmag hilft Ihnen, Ca\/Mg-Mangelerscheinungen zu beseitigen, indem es diese Elemente bereitstellt. Kalzium und Magnesium sind wesentliche Elemente f\u00fcr Zellw\u00e4nde, Zellproduktion und Photosynthese. Alles, was eine Pflanze f\u00fcr kr\u00e4ftiges Wachstum und erfolgreiche Bl\u00fcte ben\u00f6tigt!<\/p>\r\n<p>Warum VGN Calmag w\u00e4hlen? Dieses Produkt kombiniert die feinsten Inhaltsstoffe, die von der Control Union gepr\u00fcft und f\u00fcr den \u00f6kologischen Landbau zugelassen wurden. Alles ohne Stickstoffeinf\u00fchrung! VGN Calmag ver\u00e4ndert nicht das NPK-Verh\u00e4ltnis Ihrer N\u00e4hrl\u00f6sung. Verwenden Sie es, um L\u00f6sungsungleichgewichte und -defizite auf einfache, genaue und nat\u00fcrliche Weise zu korrigieren.<\/p>","suitable_for":"<p>Geeignet f\u00fcr den Anbau in Erde.<\/p>\r\n<p>Weniger geeignet f\u00fcr Bew\u00e4sserungssysteme, kann Ger\u00fcche und Biofilm verursachen.<\/p>","application":"<p><strong>Wie verwendet man es?<\/strong><\/p>\r\n<ol>\r\n\t<li>F\u00fcllen Sie Ihren Beh\u00e4lter mit 50 % des ben\u00f6tigten Wassers.<\/li>\r\n\t<li>Geben Sie die gew\u00fcnschte Menge VGN CalMag hinzu.<\/li>\r\n\t<li>R\u00fchren Sie die Mischung gut um.<\/li>\r\n\t<li>F\u00fcgen Sie andere N\u00e4hrstoffe oder Zusatzstoffe hinzu.<\/li>\r\n\t<li>F\u00fcgen Sie die anderen 50 % des Wassers hinzu und r\u00fchren Sie gut um.<\/li>\r\n\t<li>Ihre L\u00f6sung ist jetzt gebrauchsfertig!<\/li>\r\n<\/ol>","dosage":"<p>Geben Sie 1 \u2013 2 ml VGN CALMAG pro 1 Liter Leitungswasser hinzu, wenn Sie Ihre Pflanzen in allen Phasen d\u00fcngen.<\/p>","npk_ratio":"","available_in":"<p>4x250ml, 500ml, 1L, 5L, 10L<\/p>","icon_1":202492,"icon_1_text":"Extra Kalzium und Magnesium <br>kein Stickstoff","icon_2":184159,"icon_2_text":"","icon_3":"","icon_3_text":"","icon_4":"","icon_4_text":"","video":"","second_image":"","product_image_page":"","user_manual":"","new_icon_1":"","new_icon_2":"","new_icon_3":"","new_icon_4":"","grow_guides":"","category":"Zusatzstoff"},"yoast_head":"<!-- This site is optimized with the Yoast SEO Premium plugin v27.4 (Yoast SEO v27.4) - https:\/\/yoast.com\/product\/yoast-seo-premium-wordpress\/ -->\n<title>VGN Calmag: Optimale Kalzium- und Magnesiumversorgung f\u00fcr Pflanzen<\/title>\n<meta name=\"description\" content=\"In der Regel ist die genaue Zusammensetzung des Leitungswassers, das wir verwenden, unsicher.\" \/>\n<meta name=\"robots\" content=\"index, follow, max-snippet:-1, max-image-preview:large, max-video-preview:-1\" \/>\n<link rel=\"canonical\" href=\"https:\/\/atami.com\/de\/produkt\/vgn-calmag\" \/>\n<meta property=\"og:locale\" content=\"de_DE\" \/>\n<meta property=\"og:type\" content=\"article\" \/>\n<meta property=\"og:title\" content=\"VGN CALMAG\" \/>\n<meta property=\"og:description\" content=\"In der Regel ist die genaue Zusammensetzung des Leitungswassers, das wir verwenden, unsicher.\" \/>\n<meta property=\"og:url\" content=\"https:\/\/atami.com\/de\/produkt\/vgn-calmag\" \/>\n<meta property=\"og:site_name\" content=\"Atami\" \/>\n<meta property=\"article:publisher\" content=\"https:\/\/www.facebook.com\/Atami.International\" \/>\n<meta property=\"article:modified_time\" content=\"2026-03-03T10:16:22+00:00\" \/>\n<meta property=\"og:image\" content=\"https:\/\/atami.com\/wp-content\/uploads\/2025\/01\/VGN-Calmag-product-image.webp\" \/>\n\t<meta property=\"og:image:width\" content=\"1080\" \/>\n\t<meta property=\"og:image:height\" content=\"1080\" \/>\n\t<meta property=\"og:image:type\" content=\"image\/webp\" \/>\n<meta name=\"twitter:card\" content=\"summary_large_image\" \/>\n<meta name=\"twitter:site\" content=\"@AtamiEU\" \/>\n<meta name=\"twitter:label1\" content=\"Gesch\u00e4tzte Lesezeit\" \/>\n\t<meta name=\"twitter:data1\" content=\"1\u00a0Minute\" \/>\n<script type=\"application\/ld+json\" class=\"yoast-schema-graph\">{\"@context\":\"https:\\\/\\\/schema.org\",\"@graph\":[{\"@type\":\"WebPage\",\"@id\":\"https:\\\/\\\/atami.com\\\/de\\\/produkt\\\/vgn-calmag\",\"url\":\"https:\\\/\\\/atami.com\\\/de\\\/produkt\\\/vgn-calmag\",\"name\":\"VGN Calmag: Optimale Kalzium- und Magnesiumversorgung f\u00fcr Pflanzen\",\"isPartOf\":{\"@id\":\"https:\\\/\\\/atami.com\\\/de#website\"},\"primaryImageOfPage\":{\"@id\":\"https:\\\/\\\/atami.com\\\/de\\\/produkt\\\/vgn-calmag#primaryimage\"},\"image\":{\"@id\":\"https:\\\/\\\/atami.com\\\/de\\\/produkt\\\/vgn-calmag#primaryimage\"},\"thumbnailUrl\":\"https:\\\/\\\/atami.com\\\/wp-content\\\/uploads\\\/2025\\\/01\\\/VGN-Calmag-product-image.webp\",\"datePublished\":\"2025-01-22T10:19:25+00:00\",\"dateModified\":\"2026-03-03T10:16:22+00:00\",\"description\":\"In der Regel ist die genaue Zusammensetzung des Leitungswassers, das wir verwenden, unsicher.\",\"breadcrumb\":{\"@id\":\"https:\\\/\\\/atami.com\\\/de\\\/produkt\\\/vgn-calmag#breadcrumb\"},\"inLanguage\":\"de\",\"potentialAction\":[{\"@type\":\"ReadAction\",\"target\":[\"https:\\\/\\\/atami.com\\\/de\\\/produkt\\\/vgn-calmag\"]}]},{\"@type\":\"ImageObject\",\"inLanguage\":\"de\",\"@id\":\"https:\\\/\\\/atami.com\\\/de\\\/produkt\\\/vgn-calmag#primaryimage\",\"url\":\"https:\\\/\\\/atami.com\\\/wp-content\\\/uploads\\\/2025\\\/01\\\/VGN-Calmag-product-image.webp\",\"contentUrl\":\"https:\\\/\\\/atami.com\\\/wp-content\\\/uploads\\\/2025\\\/01\\\/VGN-Calmag-product-image.webp\",\"width\":1080,\"height\":1080,\"caption\":\"VGN Calmag liefert essentielles Kalzium und Magnesium, die f\u00fcr Zellw\u00e4nde, Zellproduktion und Photosynthese lebenswichtig sind und ein robustes Wachstum und eine erfolgreiche Bl\u00fcte gew\u00e4hrleisten.\"},{\"@type\":\"BreadcrumbList\",\"@id\":\"https:\\\/\\\/atami.com\\\/de\\\/produkt\\\/vgn-calmag#breadcrumb\",\"itemListElement\":[{\"@type\":\"ListItem\",\"position\":1,\"name\":\"Home\",\"item\":\"https:\\\/\\\/atami.com\\\/de\"},{\"@type\":\"ListItem\",\"position\":2,\"name\":\"Produkte\",\"item\":\"https:\\\/\\\/atami.com\\\/de\\\/shop\"},{\"@type\":\"ListItem\",\"position\":3,\"name\":\"Marken\",\"item\":\"https:\\\/\\\/atami.com\\\/de\\\/produkt-kategorie\\\/marken\"},{\"@type\":\"ListItem\",\"position\":4,\"name\":\"VGN \u2013 VEGANIC D\u00dcNGER\",\"item\":\"https:\\\/\\\/atami.com\\\/de\\\/produkt-kategorie\\\/marken\\\/vgn-veganic-duenger\"},{\"@type\":\"ListItem\",\"position\":5,\"name\":\"VGN CALMAG\"}]},{\"@type\":\"WebSite\",\"@id\":\"https:\\\/\\\/atami.com\\\/de#website\",\"url\":\"https:\\\/\\\/atami.com\\\/de\",\"name\":\"Atami\",\"description\":\"NATURALLY INNOVATING!\",\"publisher\":{\"@id\":\"https:\\\/\\\/atami.com\\\/de#organization\"},\"potentialAction\":[{\"@type\":\"SearchAction\",\"target\":{\"@type\":\"EntryPoint\",\"urlTemplate\":\"https:\\\/\\\/atami.com\\\/de?s={search_term_string}\"},\"query-input\":{\"@type\":\"PropertyValueSpecification\",\"valueRequired\":true,\"valueName\":\"search_term_string\"}}],\"inLanguage\":\"de\"},{\"@type\":\"Organization\",\"@id\":\"https:\\\/\\\/atami.com\\\/de#organization\",\"name\":\"Atami\",\"url\":\"https:\\\/\\\/atami.com\\\/de\",\"logo\":{\"@type\":\"ImageObject\",\"inLanguage\":\"de\",\"@id\":\"https:\\\/\\\/atami.com\\\/de#\\\/schema\\\/logo\\\/image\\\/\",\"url\":\"https:\\\/\\\/atami.com\\\/wp-content\\\/uploads\\\/2026\\\/01\\\/Atami-logo-696x696px.webp\",\"contentUrl\":\"https:\\\/\\\/atami.com\\\/wp-content\\\/uploads\\\/2026\\\/01\\\/Atami-logo-696x696px.webp\",\"width\":696,\"height\":696,\"caption\":\"Atami\"},\"image\":{\"@id\":\"https:\\\/\\\/atami.com\\\/de#\\\/schema\\\/logo\\\/image\\\/\"},\"sameAs\":[\"https:\\\/\\\/www.facebook.com\\\/Atami.International\",\"https:\\\/\\\/x.com\\\/AtamiEU\",\"https:\\\/\\\/www.youtube.com\\\/c\\\/AtamiInternational\",\"https:\\\/\\\/www.instagram.com\\\/atami.international\\\/\"],\"description\":\"ATAMI is a premium plant nutrition & substrate brand founded in 1997 with the mission to make exceptional cultivation achievable for everyone. From legacy to license, we offer a wide variety of innovating award-winning products to let cultivators achieve maximum results in taste & yield.\",\"email\":\"info@mginnovations.es\",\"legalName\":\"Atami\",\"numberOfEmployees\":{\"@type\":\"QuantitativeValue\",\"minValue\":\"11\",\"maxValue\":\"50\"}}]}<\/script>\n<!-- \/ Yoast SEO Premium plugin. -->","yoast_head_json":{"title":"VGN Calmag: Optimale Kalzium- und Magnesiumversorgung f\u00fcr Pflanzen","description":"In der Regel ist die genaue Zusammensetzung des Leitungswassers, das wir verwenden, unsicher.","robots":{"index":"index","follow":"follow","max-snippet":"max-snippet:-1","max-image-preview":"max-image-preview:large","max-video-preview":"max-video-preview:-1"},"canonical":"https:\/\/atami.com\/de\/produkt\/vgn-calmag","og_locale":"de_DE","og_type":"article","og_title":"VGN CALMAG","og_description":"In der Regel ist die genaue Zusammensetzung des Leitungswassers, das wir verwenden, unsicher.","og_url":"https:\/\/atami.com\/de\/produkt\/vgn-calmag","og_site_name":"Atami","article_publisher":"https:\/\/www.facebook.com\/Atami.International","article_modified_time":"2026-03-03T10:16:22+00:00","og_image":[{"width":1080,"height":1080,"url":"https:\/\/atami.com\/wp-content\/uploads\/2025\/01\/VGN-Calmag-product-image.webp","type":"image\/webp"}],"twitter_card":"summary_large_image","twitter_site":"@AtamiEU","twitter_misc":{"Gesch\u00e4tzte Lesezeit":"1\u00a0Minute"},"schema":{"@context":"https:\/\/schema.org","@graph":[{"@type":"WebPage","@id":"https:\/\/atami.com\/de\/produkt\/vgn-calmag","url":"https:\/\/atami.com\/de\/produkt\/vgn-calmag","name":"VGN Calmag: Optimale Kalzium- und Magnesiumversorgung f\u00fcr Pflanzen","isPartOf":{"@id":"https:\/\/atami.com\/de#website"},"primaryImageOfPage":{"@id":"https:\/\/atami.com\/de\/produkt\/vgn-calmag#primaryimage"},"image":{"@id":"https:\/\/atami.com\/de\/produkt\/vgn-calmag#primaryimage"},"thumbnailUrl":"https:\/\/atami.com\/wp-content\/uploads\/2025\/01\/VGN-Calmag-product-image.webp","datePublished":"2025-01-22T10:19:25+00:00","dateModified":"2026-03-03T10:16:22+00:00","description":"In der Regel ist die genaue Zusammensetzung des Leitungswassers, das wir verwenden, unsicher.","breadcrumb":{"@id":"https:\/\/atami.com\/de\/produkt\/vgn-calmag#breadcrumb"},"inLanguage":"de","potentialAction":[{"@type":"ReadAction","target":["https:\/\/atami.com\/de\/produkt\/vgn-calmag"]}]},{"@type":"ImageObject","inLanguage":"de","@id":"https:\/\/atami.com\/de\/produkt\/vgn-calmag#primaryimage","url":"https:\/\/atami.com\/wp-content\/uploads\/2025\/01\/VGN-Calmag-product-image.webp","contentUrl":"https:\/\/atami.com\/wp-content\/uploads\/2025\/01\/VGN-Calmag-product-image.webp","width":1080,"height":1080,"caption":"VGN Calmag liefert essentielles Kalzium und Magnesium, die f\u00fcr Zellw\u00e4nde, Zellproduktion und Photosynthese lebenswichtig sind und ein robustes Wachstum und eine erfolgreiche Bl\u00fcte gew\u00e4hrleisten."},{"@type":"BreadcrumbList","@id":"https:\/\/atami.com\/de\/produkt\/vgn-calmag#breadcrumb","itemListElement":[{"@type":"ListItem","position":1,"name":"Home","item":"https:\/\/atami.com\/de"},{"@type":"ListItem","position":2,"name":"Produkte","item":"https:\/\/atami.com\/de\/shop"},{"@type":"ListItem","position":3,"name":"Marken","item":"https:\/\/atami.com\/de\/produkt-kategorie\/marken"},{"@type":"ListItem","position":4,"name":"VGN \u2013 VEGANIC D\u00dcNGER","item":"https:\/\/atami.com\/de\/produkt-kategorie\/marken\/vgn-veganic-duenger"},{"@type":"ListItem","position":5,"name":"VGN CALMAG"}]},{"@type":"WebSite","@id":"https:\/\/atami.com\/de#website","url":"https:\/\/atami.com\/de","name":"Atami","description":"NATURALLY INNOVATING!","publisher":{"@id":"https:\/\/atami.com\/de#organization"},"potentialAction":[{"@type":"SearchAction","target":{"@type":"EntryPoint","urlTemplate":"https:\/\/atami.com\/de?s={search_term_string}"},"query-input":{"@type":"PropertyValueSpecification","valueRequired":true,"valueName":"search_term_string"}}],"inLanguage":"de"},{"@type":"Organization","@id":"https:\/\/atami.com\/de#organization","name":"Atami","url":"https:\/\/atami.com\/de","logo":{"@type":"ImageObject","inLanguage":"de","@id":"https:\/\/atami.com\/de#\/schema\/logo\/image\/","url":"https:\/\/atami.com\/wp-content\/uploads\/2026\/01\/Atami-logo-696x696px.webp","contentUrl":"https:\/\/atami.com\/wp-content\/uploads\/2026\/01\/Atami-logo-696x696px.webp","width":696,"height":696,"caption":"Atami"},"image":{"@id":"https:\/\/atami.com\/de#\/schema\/logo\/image\/"},"sameAs":["https:\/\/www.facebook.com\/Atami.International","https:\/\/x.com\/AtamiEU","https:\/\/www.youtube.com\/c\/AtamiInternational","https:\/\/www.instagram.com\/atami.international\/"],"description":"ATAMI is a premium plant nutrition & substrate brand founded in 1997 with the mission to make exceptional cultivation achievable for everyone. From legacy to license, we offer a wide variety of innovating award-winning products to let cultivators achieve maximum results in taste & yield.","email":"info@mginnovations.es","legalName":"Atami","numberOfEmployees":{"@type":"QuantitativeValue","minValue":"11","maxValue":"50"}}]}},"_links":{"self":[{"href":"https:\/\/atami.com\/de\/wp-json\/wp\/v2\/product\/202497","targetHints":{"allow":["GET"]}}],"collection":[{"href":"https:\/\/atami.com\/de\/wp-json\/wp\/v2\/product"}],"about":[{"href":"https:\/\/atami.com\/de\/wp-json\/wp\/v2\/types\/product"}],"replies":[{"embeddable":true,"href":"https:\/\/atami.com\/de\/wp-json\/wp\/v2\/comments?post=202497"}],"wp:featuredmedia":[{"embeddable":true,"href":"https:\/\/atami.com\/de\/wp-json\/wp\/v2\/media\/202449"}],"wp:attachment":[{"href":"https:\/\/atami.com\/de\/wp-json\/wp\/v2\/media?parent=202497"}],"wp:term":[{"taxonomy":"product_brand","embeddable":true,"href":"https:\/\/atami.com\/de\/wp-json\/wp\/v2\/product_brand?post=202497"},{"taxonomy":"product_cat","embeddable":true,"href":"https:\/\/atami.com\/de\/wp-json\/wp\/v2\/product_cat?post=202497"},{"taxonomy":"product_tag","embeddable":true,"href":"https:\/\/atami.com\/de\/wp-json\/wp\/v2\/product_tag?post=202497"}],"curies":[{"name":"wp","href":"https:\/\/api.w.org\/{rel}","templated":true}]}}