{"id":202486,"date":"2025-01-22T12:19:26","date_gmt":"2025-01-22T10:19:26","guid":{"rendered":"https:\/\/atami.com\/?post_type=product&#038;p=202486"},"modified":"2026-03-03T12:15:28","modified_gmt":"2026-03-03T10:15:28","slug":"vgn-1-4-4","status":"publish","type":"product","link":"https:\/\/atami.com\/de\/produkt\/vgn-1-4-4","title":{"rendered":"VGN 1-4-4"},"content":{"rendered":"","protected":false},"excerpt":{"rendered":"<p>Veganic boost<\/p>\n","protected":false},"featured_media":202438,"comment_status":"closed","ping_status":"closed","template":"","meta":{"_acf_changed":false,"iawp_total_views":131},"product_brand":[],"product_cat":[195,2333],"product_tag":[],"class_list":{"0":"post-202486","1":"product","2":"type-product","3":"status-publish","4":"has-post-thumbnail","6":"product_cat-booster","7":"product_cat-vgn-veganic-duenger","9":"first","10":"instock","11":"shipping-taxable","12":"product-type-simple"},"acf":{"short_description":"<p><strong>Bl\u00fcted\u00fcnger f\u00fcr herausragende Bl\u00fcten.<\/strong><\/p>\r\n<p>VGN 1-4-4 ist ein fl\u00fcssiger Bl\u00fctend\u00fcnger, der durch die Verarbeitung und Mischung verschiedener Pflanzenabfallprodukte gewonnen wird. VGN 1-4-4 ist der perfekte Begleiter f\u00fcr die anderen Basisn\u00e4hrstoffe in der VGN-Reihe. Es liefert das zus\u00e4tzliche Phosphor und Kalium, das Pflanzen w\u00e4hrend der Bl\u00fcte- und Reifephase ben\u00f6tigen.<\/p>\r\n<p>Der Zweck der VGN-Linie besteht darin, die Pflanzen zu ern\u00e4hren und ein vitales \u00d6kosystem unter der Oberfl\u00e4che zu unterst\u00fctzen. Wie auch bei den restlichen VGN-Produkten werden alle Inhaltsstoffe von VGN 1-4-4 von der Control Union gepr\u00fcft und f\u00fcr den \u00f6kologischen Landbau zugelassen.<\/p>","suitable_for":"<p>Geeignet f\u00fcr den Anbau in Erde.<\/p>\r\n<p>Weniger geeignet f\u00fcr Bew\u00e4sserungssysteme, kann Ger\u00fcche und Biofilm verursachen.<\/p>","application":"<p><strong>Wie verwendet man es?<\/strong><\/p>\r\n<ol>\r\n\t<li>F\u00fcllen Sie Ihre Gie\u00dfkanne zur H\u00e4lfte mit Leitungswasser.<\/li>\r\n\t<li>Geben Sie Ihre VGN-Grundd\u00fcnger hinzu.<\/li>\r\n\t<li>R\u00fchren Sie die Mischung gut um.<\/li>\r\n\t<li>Geben Sie die gew\u00fcnschte Menge VGN 1-4-4 hinzu.<\/li>\r\n\t<li>F\u00fcllen Sie den Rest der Gie\u00dfkanne mit Leitungswasser auf.<\/li>\r\n\t<li>Ihre L\u00f6sung ist jetzt gebrauchsfertig!<\/li>\r\n<\/ol>","dosage":"<p>Geben Sie 1 \u2013 3 ml VGN 1-4-4 pro 1 Liter Wasser hinzu, wenn Sie Ihre Pflanzen gie\u00dfen. Beginnen Sie die Anwendung am Ende der vegetativen Phase und erh\u00f6hen Sie die Dosierung w\u00e4hrend der Bl\u00fcte- und Reifephase.<\/p>","npk_ratio":"<p>1-4-4<\/p>","available_in":"<p>4x250ml, 500ml, 1L, 5L, 10L<\/p>","icon_1":202481,"icon_1_text":"Reich an Phosphor und Kalium","icon_2":184159,"icon_2_text":"","icon_3":"","icon_3_text":"","icon_4":"","icon_4_text":"","video":"","second_image":"","product_image_page":"","user_manual":"","new_icon_1":"","new_icon_2":"","new_icon_3":"","new_icon_4":"","grow_guides":"","category":"Booster"},"yoast_head":"<!-- This site is optimized with the Yoast SEO Premium plugin v27.4 (Yoast SEO v27.4) - https:\/\/yoast.com\/product\/yoast-seo-premium-wordpress\/ -->\n<title>VGN 1-4-4 - Bl\u00fchd\u00fcnger f\u00fcr herausragende Bl\u00fcten | Atami<\/title>\n<meta name=\"description\" content=\"VGN 1-4-4 ist ein fl\u00fcssiger Bl\u00fctend\u00fcnger, der durch Verarbeitung und Mischung verschiedener Pflanzenabfallprodukte gewonnen wird.\" \/>\n<meta name=\"robots\" content=\"index, follow, max-snippet:-1, max-image-preview:large, max-video-preview:-1\" \/>\n<link rel=\"canonical\" href=\"https:\/\/atami.com\/de\/produkt\/vgn-1-4-4\" \/>\n<meta property=\"og:locale\" content=\"de_DE\" \/>\n<meta property=\"og:type\" content=\"article\" \/>\n<meta property=\"og:title\" content=\"VGN 1-4-4\" \/>\n<meta property=\"og:description\" content=\"VGN 1-4-4 ist ein fl\u00fcssiger Bl\u00fctend\u00fcnger, der durch Verarbeitung und Mischung verschiedener Pflanzenabfallprodukte gewonnen wird.\" \/>\n<meta property=\"og:url\" content=\"https:\/\/atami.com\/de\/produkt\/vgn-1-4-4\" \/>\n<meta property=\"og:site_name\" content=\"Atami\" \/>\n<meta property=\"article:publisher\" content=\"https:\/\/www.facebook.com\/Atami.International\" \/>\n<meta property=\"article:modified_time\" content=\"2026-03-03T10:15:28+00:00\" \/>\n<meta property=\"og:image\" content=\"https:\/\/atami.com\/wp-content\/uploads\/2025\/01\/VGN-1-4-4-product-image.webp\" \/>\n\t<meta property=\"og:image:width\" content=\"1080\" \/>\n\t<meta property=\"og:image:height\" content=\"1080\" \/>\n\t<meta property=\"og:image:type\" content=\"image\/webp\" \/>\n<meta name=\"twitter:card\" content=\"summary_large_image\" \/>\n<meta name=\"twitter:site\" content=\"@AtamiEU\" \/>\n<meta name=\"twitter:label1\" content=\"Gesch\u00e4tzte Lesezeit\" \/>\n\t<meta name=\"twitter:data1\" content=\"1\u00a0Minute\" \/>\n<script type=\"application\/ld+json\" class=\"yoast-schema-graph\">{\"@context\":\"https:\\\/\\\/schema.org\",\"@graph\":[{\"@type\":\"WebPage\",\"@id\":\"https:\\\/\\\/atami.com\\\/de\\\/produkt\\\/vgn-1-4-4\",\"url\":\"https:\\\/\\\/atami.com\\\/de\\\/produkt\\\/vgn-1-4-4\",\"name\":\"VGN 1-4-4 - Bl\u00fchd\u00fcnger f\u00fcr herausragende Bl\u00fcten | Atami\",\"isPartOf\":{\"@id\":\"https:\\\/\\\/atami.com\\\/de#website\"},\"primaryImageOfPage\":{\"@id\":\"https:\\\/\\\/atami.com\\\/de\\\/produkt\\\/vgn-1-4-4#primaryimage\"},\"image\":{\"@id\":\"https:\\\/\\\/atami.com\\\/de\\\/produkt\\\/vgn-1-4-4#primaryimage\"},\"thumbnailUrl\":\"https:\\\/\\\/atami.com\\\/wp-content\\\/uploads\\\/2025\\\/01\\\/VGN-1-4-4-product-image.webp\",\"datePublished\":\"2025-01-22T10:19:26+00:00\",\"dateModified\":\"2026-03-03T10:15:28+00:00\",\"description\":\"VGN 1-4-4 ist ein fl\u00fcssiger Bl\u00fctend\u00fcnger, der durch Verarbeitung und Mischung verschiedener Pflanzenabfallprodukte gewonnen wird.\",\"breadcrumb\":{\"@id\":\"https:\\\/\\\/atami.com\\\/de\\\/produkt\\\/vgn-1-4-4#breadcrumb\"},\"inLanguage\":\"de\",\"potentialAction\":[{\"@type\":\"ReadAction\",\"target\":[\"https:\\\/\\\/atami.com\\\/de\\\/produkt\\\/vgn-1-4-4\"]}]},{\"@type\":\"ImageObject\",\"inLanguage\":\"de\",\"@id\":\"https:\\\/\\\/atami.com\\\/de\\\/produkt\\\/vgn-1-4-4#primaryimage\",\"url\":\"https:\\\/\\\/atami.com\\\/wp-content\\\/uploads\\\/2025\\\/01\\\/VGN-1-4-4-product-image.webp\",\"contentUrl\":\"https:\\\/\\\/atami.com\\\/wp-content\\\/uploads\\\/2025\\\/01\\\/VGN-1-4-4-product-image.webp\",\"width\":1080,\"height\":1080,\"caption\":\"Atami VGN 1-4-4 ist ein fl\u00fcssiger Blumend\u00fcnger, der durch Verarbeitung und Mischung verschiedener Pflanzenabf\u00e4lle gewonnen wird und den Pflanzen den zus\u00e4tzlichen Phosphor und Kalium liefert, die sie w\u00e4hrend der Bl\u00fcte- und Reifephase ben\u00f6tigen.\"},{\"@type\":\"BreadcrumbList\",\"@id\":\"https:\\\/\\\/atami.com\\\/de\\\/produkt\\\/vgn-1-4-4#breadcrumb\",\"itemListElement\":[{\"@type\":\"ListItem\",\"position\":1,\"name\":\"Home\",\"item\":\"https:\\\/\\\/atami.com\\\/de\"},{\"@type\":\"ListItem\",\"position\":2,\"name\":\"Produkte\",\"item\":\"https:\\\/\\\/atami.com\\\/de\\\/shop\"},{\"@type\":\"ListItem\",\"position\":3,\"name\":\"Marken\",\"item\":\"https:\\\/\\\/atami.com\\\/de\\\/produkt-kategorie\\\/marken\"},{\"@type\":\"ListItem\",\"position\":4,\"name\":\"VGN \u2013 VEGANIC D\u00dcNGER\",\"item\":\"https:\\\/\\\/atami.com\\\/de\\\/produkt-kategorie\\\/marken\\\/vgn-veganic-duenger\"},{\"@type\":\"ListItem\",\"position\":5,\"name\":\"VGN 1-4-4\"}]},{\"@type\":\"WebSite\",\"@id\":\"https:\\\/\\\/atami.com\\\/de#website\",\"url\":\"https:\\\/\\\/atami.com\\\/de\",\"name\":\"Atami\",\"description\":\"NATURALLY INNOVATING!\",\"publisher\":{\"@id\":\"https:\\\/\\\/atami.com\\\/de#organization\"},\"potentialAction\":[{\"@type\":\"SearchAction\",\"target\":{\"@type\":\"EntryPoint\",\"urlTemplate\":\"https:\\\/\\\/atami.com\\\/de?s={search_term_string}\"},\"query-input\":{\"@type\":\"PropertyValueSpecification\",\"valueRequired\":true,\"valueName\":\"search_term_string\"}}],\"inLanguage\":\"de\"},{\"@type\":\"Organization\",\"@id\":\"https:\\\/\\\/atami.com\\\/de#organization\",\"name\":\"Atami\",\"url\":\"https:\\\/\\\/atami.com\\\/de\",\"logo\":{\"@type\":\"ImageObject\",\"inLanguage\":\"de\",\"@id\":\"https:\\\/\\\/atami.com\\\/de#\\\/schema\\\/logo\\\/image\\\/\",\"url\":\"https:\\\/\\\/atami.com\\\/wp-content\\\/uploads\\\/2026\\\/01\\\/Atami-logo-696x696px.webp\",\"contentUrl\":\"https:\\\/\\\/atami.com\\\/wp-content\\\/uploads\\\/2026\\\/01\\\/Atami-logo-696x696px.webp\",\"width\":696,\"height\":696,\"caption\":\"Atami\"},\"image\":{\"@id\":\"https:\\\/\\\/atami.com\\\/de#\\\/schema\\\/logo\\\/image\\\/\"},\"sameAs\":[\"https:\\\/\\\/www.facebook.com\\\/Atami.International\",\"https:\\\/\\\/x.com\\\/AtamiEU\",\"https:\\\/\\\/www.youtube.com\\\/c\\\/AtamiInternational\",\"https:\\\/\\\/www.instagram.com\\\/atami.international\\\/\"],\"description\":\"ATAMI is a premium plant nutrition & substrate brand founded in 1997 with the mission to make exceptional cultivation achievable for everyone. From legacy to license, we offer a wide variety of innovating award-winning products to let cultivators achieve maximum results in taste & yield.\",\"email\":\"info@mginnovations.es\",\"legalName\":\"Atami\",\"numberOfEmployees\":{\"@type\":\"QuantitativeValue\",\"minValue\":\"11\",\"maxValue\":\"50\"}}]}<\/script>\n<!-- \/ Yoast SEO Premium plugin. -->","yoast_head_json":{"title":"VGN 1-4-4 - Bl\u00fchd\u00fcnger f\u00fcr herausragende Bl\u00fcten | Atami","description":"VGN 1-4-4 ist ein fl\u00fcssiger Bl\u00fctend\u00fcnger, der durch Verarbeitung und Mischung verschiedener Pflanzenabfallprodukte gewonnen wird.","robots":{"index":"index","follow":"follow","max-snippet":"max-snippet:-1","max-image-preview":"max-image-preview:large","max-video-preview":"max-video-preview:-1"},"canonical":"https:\/\/atami.com\/de\/produkt\/vgn-1-4-4","og_locale":"de_DE","og_type":"article","og_title":"VGN 1-4-4","og_description":"VGN 1-4-4 ist ein fl\u00fcssiger Bl\u00fctend\u00fcnger, der durch Verarbeitung und Mischung verschiedener Pflanzenabfallprodukte gewonnen wird.","og_url":"https:\/\/atami.com\/de\/produkt\/vgn-1-4-4","og_site_name":"Atami","article_publisher":"https:\/\/www.facebook.com\/Atami.International","article_modified_time":"2026-03-03T10:15:28+00:00","og_image":[{"width":1080,"height":1080,"url":"https:\/\/atami.com\/wp-content\/uploads\/2025\/01\/VGN-1-4-4-product-image.webp","type":"image\/webp"}],"twitter_card":"summary_large_image","twitter_site":"@AtamiEU","twitter_misc":{"Gesch\u00e4tzte Lesezeit":"1\u00a0Minute"},"schema":{"@context":"https:\/\/schema.org","@graph":[{"@type":"WebPage","@id":"https:\/\/atami.com\/de\/produkt\/vgn-1-4-4","url":"https:\/\/atami.com\/de\/produkt\/vgn-1-4-4","name":"VGN 1-4-4 - Bl\u00fchd\u00fcnger f\u00fcr herausragende Bl\u00fcten | Atami","isPartOf":{"@id":"https:\/\/atami.com\/de#website"},"primaryImageOfPage":{"@id":"https:\/\/atami.com\/de\/produkt\/vgn-1-4-4#primaryimage"},"image":{"@id":"https:\/\/atami.com\/de\/produkt\/vgn-1-4-4#primaryimage"},"thumbnailUrl":"https:\/\/atami.com\/wp-content\/uploads\/2025\/01\/VGN-1-4-4-product-image.webp","datePublished":"2025-01-22T10:19:26+00:00","dateModified":"2026-03-03T10:15:28+00:00","description":"VGN 1-4-4 ist ein fl\u00fcssiger Bl\u00fctend\u00fcnger, der durch Verarbeitung und Mischung verschiedener Pflanzenabfallprodukte gewonnen wird.","breadcrumb":{"@id":"https:\/\/atami.com\/de\/produkt\/vgn-1-4-4#breadcrumb"},"inLanguage":"de","potentialAction":[{"@type":"ReadAction","target":["https:\/\/atami.com\/de\/produkt\/vgn-1-4-4"]}]},{"@type":"ImageObject","inLanguage":"de","@id":"https:\/\/atami.com\/de\/produkt\/vgn-1-4-4#primaryimage","url":"https:\/\/atami.com\/wp-content\/uploads\/2025\/01\/VGN-1-4-4-product-image.webp","contentUrl":"https:\/\/atami.com\/wp-content\/uploads\/2025\/01\/VGN-1-4-4-product-image.webp","width":1080,"height":1080,"caption":"Atami VGN 1-4-4 ist ein fl\u00fcssiger Blumend\u00fcnger, der durch Verarbeitung und Mischung verschiedener Pflanzenabf\u00e4lle gewonnen wird und den Pflanzen den zus\u00e4tzlichen Phosphor und Kalium liefert, die sie w\u00e4hrend der Bl\u00fcte- und Reifephase ben\u00f6tigen."},{"@type":"BreadcrumbList","@id":"https:\/\/atami.com\/de\/produkt\/vgn-1-4-4#breadcrumb","itemListElement":[{"@type":"ListItem","position":1,"name":"Home","item":"https:\/\/atami.com\/de"},{"@type":"ListItem","position":2,"name":"Produkte","item":"https:\/\/atami.com\/de\/shop"},{"@type":"ListItem","position":3,"name":"Marken","item":"https:\/\/atami.com\/de\/produkt-kategorie\/marken"},{"@type":"ListItem","position":4,"name":"VGN \u2013 VEGANIC D\u00dcNGER","item":"https:\/\/atami.com\/de\/produkt-kategorie\/marken\/vgn-veganic-duenger"},{"@type":"ListItem","position":5,"name":"VGN 1-4-4"}]},{"@type":"WebSite","@id":"https:\/\/atami.com\/de#website","url":"https:\/\/atami.com\/de","name":"Atami","description":"NATURALLY INNOVATING!","publisher":{"@id":"https:\/\/atami.com\/de#organization"},"potentialAction":[{"@type":"SearchAction","target":{"@type":"EntryPoint","urlTemplate":"https:\/\/atami.com\/de?s={search_term_string}"},"query-input":{"@type":"PropertyValueSpecification","valueRequired":true,"valueName":"search_term_string"}}],"inLanguage":"de"},{"@type":"Organization","@id":"https:\/\/atami.com\/de#organization","name":"Atami","url":"https:\/\/atami.com\/de","logo":{"@type":"ImageObject","inLanguage":"de","@id":"https:\/\/atami.com\/de#\/schema\/logo\/image\/","url":"https:\/\/atami.com\/wp-content\/uploads\/2026\/01\/Atami-logo-696x696px.webp","contentUrl":"https:\/\/atami.com\/wp-content\/uploads\/2026\/01\/Atami-logo-696x696px.webp","width":696,"height":696,"caption":"Atami"},"image":{"@id":"https:\/\/atami.com\/de#\/schema\/logo\/image\/"},"sameAs":["https:\/\/www.facebook.com\/Atami.International","https:\/\/x.com\/AtamiEU","https:\/\/www.youtube.com\/c\/AtamiInternational","https:\/\/www.instagram.com\/atami.international\/"],"description":"ATAMI is a premium plant nutrition & substrate brand founded in 1997 with the mission to make exceptional cultivation achievable for everyone. From legacy to license, we offer a wide variety of innovating award-winning products to let cultivators achieve maximum results in taste & yield.","email":"info@mginnovations.es","legalName":"Atami","numberOfEmployees":{"@type":"QuantitativeValue","minValue":"11","maxValue":"50"}}]}},"_links":{"self":[{"href":"https:\/\/atami.com\/de\/wp-json\/wp\/v2\/product\/202486","targetHints":{"allow":["GET"]}}],"collection":[{"href":"https:\/\/atami.com\/de\/wp-json\/wp\/v2\/product"}],"about":[{"href":"https:\/\/atami.com\/de\/wp-json\/wp\/v2\/types\/product"}],"replies":[{"embeddable":true,"href":"https:\/\/atami.com\/de\/wp-json\/wp\/v2\/comments?post=202486"}],"wp:featuredmedia":[{"embeddable":true,"href":"https:\/\/atami.com\/de\/wp-json\/wp\/v2\/media\/202438"}],"wp:attachment":[{"href":"https:\/\/atami.com\/de\/wp-json\/wp\/v2\/media?parent=202486"}],"wp:term":[{"taxonomy":"product_brand","embeddable":true,"href":"https:\/\/atami.com\/de\/wp-json\/wp\/v2\/product_brand?post=202486"},{"taxonomy":"product_cat","embeddable":true,"href":"https:\/\/atami.com\/de\/wp-json\/wp\/v2\/product_cat?post=202486"},{"taxonomy":"product_tag","embeddable":true,"href":"https:\/\/atami.com\/de\/wp-json\/wp\/v2\/product_tag?post=202486"}],"curies":[{"name":"wp","href":"https:\/\/api.w.org\/{rel}","templated":true}]}}