{"id":202454,"date":"2025-01-22T12:19:29","date_gmt":"2025-01-22T10:19:29","guid":{"rendered":"https:\/\/atami.com\/?post_type=product&#038;p=202454"},"modified":"2026-03-03T11:58:56","modified_gmt":"2026-03-03T09:58:56","slug":"vgn-5-2-2","status":"publish","type":"product","link":"https:\/\/atami.com\/de\/produkt\/vgn-5-2-2","title":{"rendered":"VGN 5-2-2"},"content":{"rendered":"","protected":false},"excerpt":{"rendered":"<p>Veganic d\u00fcnger<\/p>\n","protected":false},"featured_media":202406,"comment_status":"closed","ping_status":"closed","template":"","meta":{"_acf_changed":false,"iawp_total_views":168},"product_brand":[],"product_cat":[191,2333],"product_tag":[],"class_list":{"0":"post-202454","1":"product","2":"type-product","3":"status-publish","4":"has-post-thumbnail","6":"product_cat-grundnahrstoffe","7":"product_cat-vgn-veganic-duenger","9":"first","10":"instock","11":"shipping-taxable","12":"product-type-simple"},"acf":{"short_description":"<p><strong>Ziehen Sie gesunde, gr\u00fcne Pflanzen mit etwas extra Stickstoff.<\/strong><\/p>\r\n<p>VGN 5-2-2 ist ein organischer Fl\u00fcssigd\u00fcnger, der schnelles Wachstum unterst\u00fctzt. Die h\u00f6here Stickstoffkonzentration pflegt gr\u00fcne und kr\u00e4ftige Pflanzen. Formuliert durch das Mischen wertvoller, pflanzlich gewonnener Restprodukte, ist dieser Basisn\u00e4hrstoff f\u00fcr den \u00f6kologischen Landbau durch die Control Union zugelassen.<\/p>\r\n<p>Zus\u00e4tzlich zu den prim\u00e4ren N\u00e4hrstoffen enth\u00e4lt VGN 5-2-2 chelatierte Spurenelemente, die leicht aufgenommen werden. Der hohe Gehalt an organischer Materie in VGN 5-2-2 wird nicht nur die Pflanzen ern\u00e4hren, sondern auch Bodenmikroorganismen. Die positive Wirkung von VGN 5-2-2 auf das Bodenleben wird das Wachstum f\u00f6rdern und die Grundlage f\u00fcr reiche und schmackhafte Ernten legen.<\/p>","suitable_for":"<p>Geeignet f\u00fcr den Anbau in Erde.<\/p>\r\n<p>Weniger geeignet f\u00fcr Bew\u00e4sserungssysteme, kann Ger\u00fcche und Biofilm verursachen.<\/p>","application":"<p>Wenn mit Leitungswasser gemischt, liefert VGN 5-2-2 alle vitalen Komponenten f\u00fcr das Pflanzenwachstum. Kombinieren Sie es mit VGN 2-2-4 in anpassbaren Verh\u00e4ltnissen, um den einzigartigen Bed\u00fcrfnissen verschiedener Pflanzenarten und Entwicklungsstadien gerecht zu werden. Dieses Duo ist die Grundnahrung, die auf das Wachstum Ihrer Pflanzen abgestimmt ist.<\/p>\r\n<p><strong>Wie verwendet man es?<\/strong><\/p>\r\n<ol>\r\n\t<li>F\u00fcllen Sie Ihre Gie\u00dfkanne zur H\u00e4lfte mit Leitungswasser.<\/li>\r\n\t<li>Geben Sie die gew\u00fcnschte Menge VGN 5-2-2 hinzu.<\/li>\r\n\t<li>F\u00fcllen Sie den Rest der Gie\u00dfkanne mit Leitungswasser auf.<\/li>\r\n\t<li>Ihre L\u00f6sung ist jetzt gebrauchsfertig!<\/li>\r\n<\/ol>","dosage":"<p>Geben Sie 2 \u2013 5 ml VGN 5-2-2 pro 1 Liter Leitungswasser hinzu, wenn Sie Ihre Pflanzen gie\u00dfen. Oder f\u00fcgen Sie 1 \u2013 3 ml VGN 5-2-2 zusammen mit 1 \u2013 3 ml VGN 2-2-4 pro 1 Liter Leitungswasser hinzu.<\/p>","npk_ratio":"<p>5-2-2<\/p>","available_in":"<p>4x250ml, 500ml, 1L, 5L, 10L<\/p>","icon_1":202460,"icon_1_text":"Reich an Stickstoff","icon_2":184159,"icon_2_text":"","icon_3":"","icon_3_text":"","icon_4":"","icon_4_text":"","video":"","second_image":"","product_image_page":"","user_manual":"","new_icon_1":"","new_icon_2":"","new_icon_3":"","new_icon_4":"","grow_guides":"","category":"Basisn\u00e4hrstoff"},"yoast_head":"<!-- This site is optimized with the Yoast SEO Premium plugin v27.4 (Yoast SEO v27.4) - https:\/\/yoast.com\/product\/yoast-seo-premium-wordpress\/ -->\n<title>VGN 5-2-2: Ideal f\u00fcr gesundes Pflanzenwachstum und starke Ernten<\/title>\n<meta name=\"description\" content=\"VGN 5-2-2 ist ein organischer Fl\u00fcssigd\u00fcnger, der schnelles Wachstum unterst\u00fctzt. Die h\u00f6here Stickstoffkonzentration pflegt gr\u00fcne und kr\u00e4ftige Pflanzen.\" \/>\n<meta name=\"robots\" content=\"index, follow, max-snippet:-1, max-image-preview:large, max-video-preview:-1\" \/>\n<link rel=\"canonical\" href=\"https:\/\/atami.com\/de\/produkt\/vgn-5-2-2\" \/>\n<meta property=\"og:locale\" content=\"de_DE\" \/>\n<meta property=\"og:type\" content=\"article\" \/>\n<meta property=\"og:title\" content=\"VGN 5-2-2\" \/>\n<meta property=\"og:description\" content=\"VGN 5-2-2 ist ein organischer Fl\u00fcssigd\u00fcnger, der schnelles Wachstum unterst\u00fctzt. Die h\u00f6here Stickstoffkonzentration pflegt gr\u00fcne und kr\u00e4ftige Pflanzen.\" \/>\n<meta property=\"og:url\" content=\"https:\/\/atami.com\/de\/produkt\/vgn-5-2-2\" \/>\n<meta property=\"og:site_name\" content=\"Atami\" \/>\n<meta property=\"article:publisher\" content=\"https:\/\/www.facebook.com\/Atami.International\" \/>\n<meta property=\"article:modified_time\" content=\"2026-03-03T09:58:56+00:00\" \/>\n<meta property=\"og:image\" content=\"https:\/\/atami.com\/wp-content\/uploads\/2025\/01\/VGN-5-2-2-product-image.webp\" \/>\n\t<meta property=\"og:image:width\" content=\"1080\" \/>\n\t<meta property=\"og:image:height\" content=\"1080\" \/>\n\t<meta property=\"og:image:type\" content=\"image\/webp\" \/>\n<meta name=\"twitter:card\" content=\"summary_large_image\" \/>\n<meta name=\"twitter:site\" content=\"@AtamiEU\" \/>\n<meta name=\"twitter:label1\" content=\"Gesch\u00e4tzte Lesezeit\" \/>\n\t<meta name=\"twitter:data1\" content=\"1\u00a0Minute\" \/>\n<script type=\"application\/ld+json\" class=\"yoast-schema-graph\">{\"@context\":\"https:\\\/\\\/schema.org\",\"@graph\":[{\"@type\":\"WebPage\",\"@id\":\"https:\\\/\\\/atami.com\\\/de\\\/produkt\\\/vgn-5-2-2\",\"url\":\"https:\\\/\\\/atami.com\\\/de\\\/produkt\\\/vgn-5-2-2\",\"name\":\"VGN 5-2-2: Ideal f\u00fcr gesundes Pflanzenwachstum und starke Ernten\",\"isPartOf\":{\"@id\":\"https:\\\/\\\/atami.com\\\/de#website\"},\"primaryImageOfPage\":{\"@id\":\"https:\\\/\\\/atami.com\\\/de\\\/produkt\\\/vgn-5-2-2#primaryimage\"},\"image\":{\"@id\":\"https:\\\/\\\/atami.com\\\/de\\\/produkt\\\/vgn-5-2-2#primaryimage\"},\"thumbnailUrl\":\"https:\\\/\\\/atami.com\\\/wp-content\\\/uploads\\\/2025\\\/01\\\/VGN-5-2-2-product-image.webp\",\"datePublished\":\"2025-01-22T10:19:29+00:00\",\"dateModified\":\"2026-03-03T09:58:56+00:00\",\"description\":\"VGN 5-2-2 ist ein organischer Fl\u00fcssigd\u00fcnger, der schnelles Wachstum unterst\u00fctzt. Die h\u00f6here Stickstoffkonzentration pflegt gr\u00fcne und kr\u00e4ftige Pflanzen.\",\"breadcrumb\":{\"@id\":\"https:\\\/\\\/atami.com\\\/de\\\/produkt\\\/vgn-5-2-2#breadcrumb\"},\"inLanguage\":\"de\",\"potentialAction\":[{\"@type\":\"ReadAction\",\"target\":[\"https:\\\/\\\/atami.com\\\/de\\\/produkt\\\/vgn-5-2-2\"]}]},{\"@type\":\"ImageObject\",\"inLanguage\":\"de\",\"@id\":\"https:\\\/\\\/atami.com\\\/de\\\/produkt\\\/vgn-5-2-2#primaryimage\",\"url\":\"https:\\\/\\\/atami.com\\\/wp-content\\\/uploads\\\/2025\\\/01\\\/VGN-5-2-2-product-image.webp\",\"contentUrl\":\"https:\\\/\\\/atami.com\\\/wp-content\\\/uploads\\\/2025\\\/01\\\/VGN-5-2-2-product-image.webp\",\"width\":1080,\"height\":1080,\"caption\":\"Atami VGN 5-2-2 f\u00f6rdert ein schnelles Wachstum, was zu gr\u00fcneren, ges\u00fcnderen und st\u00e4rkeren Pflanzen f\u00fchrt.\"},{\"@type\":\"BreadcrumbList\",\"@id\":\"https:\\\/\\\/atami.com\\\/de\\\/produkt\\\/vgn-5-2-2#breadcrumb\",\"itemListElement\":[{\"@type\":\"ListItem\",\"position\":1,\"name\":\"Home\",\"item\":\"https:\\\/\\\/atami.com\\\/de\"},{\"@type\":\"ListItem\",\"position\":2,\"name\":\"Produkte\",\"item\":\"https:\\\/\\\/atami.com\\\/de\\\/shop\"},{\"@type\":\"ListItem\",\"position\":3,\"name\":\"Marken\",\"item\":\"https:\\\/\\\/atami.com\\\/de\\\/produkt-kategorie\\\/marken\"},{\"@type\":\"ListItem\",\"position\":4,\"name\":\"VGN \u2013 VEGANIC D\u00dcNGER\",\"item\":\"https:\\\/\\\/atami.com\\\/de\\\/produkt-kategorie\\\/marken\\\/vgn-veganic-duenger\"},{\"@type\":\"ListItem\",\"position\":5,\"name\":\"VGN 5-2-2\"}]},{\"@type\":\"WebSite\",\"@id\":\"https:\\\/\\\/atami.com\\\/de#website\",\"url\":\"https:\\\/\\\/atami.com\\\/de\",\"name\":\"Atami\",\"description\":\"NATURALLY INNOVATING!\",\"publisher\":{\"@id\":\"https:\\\/\\\/atami.com\\\/de#organization\"},\"potentialAction\":[{\"@type\":\"SearchAction\",\"target\":{\"@type\":\"EntryPoint\",\"urlTemplate\":\"https:\\\/\\\/atami.com\\\/de?s={search_term_string}\"},\"query-input\":{\"@type\":\"PropertyValueSpecification\",\"valueRequired\":true,\"valueName\":\"search_term_string\"}}],\"inLanguage\":\"de\"},{\"@type\":\"Organization\",\"@id\":\"https:\\\/\\\/atami.com\\\/de#organization\",\"name\":\"Atami\",\"url\":\"https:\\\/\\\/atami.com\\\/de\",\"logo\":{\"@type\":\"ImageObject\",\"inLanguage\":\"de\",\"@id\":\"https:\\\/\\\/atami.com\\\/de#\\\/schema\\\/logo\\\/image\\\/\",\"url\":\"https:\\\/\\\/atami.com\\\/wp-content\\\/uploads\\\/2026\\\/01\\\/Atami-logo-696x696px.webp\",\"contentUrl\":\"https:\\\/\\\/atami.com\\\/wp-content\\\/uploads\\\/2026\\\/01\\\/Atami-logo-696x696px.webp\",\"width\":696,\"height\":696,\"caption\":\"Atami\"},\"image\":{\"@id\":\"https:\\\/\\\/atami.com\\\/de#\\\/schema\\\/logo\\\/image\\\/\"},\"sameAs\":[\"https:\\\/\\\/www.facebook.com\\\/Atami.International\",\"https:\\\/\\\/x.com\\\/AtamiEU\",\"https:\\\/\\\/www.youtube.com\\\/c\\\/AtamiInternational\",\"https:\\\/\\\/www.instagram.com\\\/atami.international\\\/\"],\"description\":\"ATAMI is a premium plant nutrition & substrate brand founded in 1997 with the mission to make exceptional cultivation achievable for everyone. From legacy to license, we offer a wide variety of innovating award-winning products to let cultivators achieve maximum results in taste & yield.\",\"email\":\"info@mginnovations.es\",\"legalName\":\"Atami\",\"numberOfEmployees\":{\"@type\":\"QuantitativeValue\",\"minValue\":\"11\",\"maxValue\":\"50\"}}]}<\/script>\n<!-- \/ Yoast SEO Premium plugin. -->","yoast_head_json":{"title":"VGN 5-2-2: Ideal f\u00fcr gesundes Pflanzenwachstum und starke Ernten","description":"VGN 5-2-2 ist ein organischer Fl\u00fcssigd\u00fcnger, der schnelles Wachstum unterst\u00fctzt. Die h\u00f6here Stickstoffkonzentration pflegt gr\u00fcne und kr\u00e4ftige Pflanzen.","robots":{"index":"index","follow":"follow","max-snippet":"max-snippet:-1","max-image-preview":"max-image-preview:large","max-video-preview":"max-video-preview:-1"},"canonical":"https:\/\/atami.com\/de\/produkt\/vgn-5-2-2","og_locale":"de_DE","og_type":"article","og_title":"VGN 5-2-2","og_description":"VGN 5-2-2 ist ein organischer Fl\u00fcssigd\u00fcnger, der schnelles Wachstum unterst\u00fctzt. Die h\u00f6here Stickstoffkonzentration pflegt gr\u00fcne und kr\u00e4ftige Pflanzen.","og_url":"https:\/\/atami.com\/de\/produkt\/vgn-5-2-2","og_site_name":"Atami","article_publisher":"https:\/\/www.facebook.com\/Atami.International","article_modified_time":"2026-03-03T09:58:56+00:00","og_image":[{"width":1080,"height":1080,"url":"https:\/\/atami.com\/wp-content\/uploads\/2025\/01\/VGN-5-2-2-product-image.webp","type":"image\/webp"}],"twitter_card":"summary_large_image","twitter_site":"@AtamiEU","twitter_misc":{"Gesch\u00e4tzte Lesezeit":"1\u00a0Minute"},"schema":{"@context":"https:\/\/schema.org","@graph":[{"@type":"WebPage","@id":"https:\/\/atami.com\/de\/produkt\/vgn-5-2-2","url":"https:\/\/atami.com\/de\/produkt\/vgn-5-2-2","name":"VGN 5-2-2: Ideal f\u00fcr gesundes Pflanzenwachstum und starke Ernten","isPartOf":{"@id":"https:\/\/atami.com\/de#website"},"primaryImageOfPage":{"@id":"https:\/\/atami.com\/de\/produkt\/vgn-5-2-2#primaryimage"},"image":{"@id":"https:\/\/atami.com\/de\/produkt\/vgn-5-2-2#primaryimage"},"thumbnailUrl":"https:\/\/atami.com\/wp-content\/uploads\/2025\/01\/VGN-5-2-2-product-image.webp","datePublished":"2025-01-22T10:19:29+00:00","dateModified":"2026-03-03T09:58:56+00:00","description":"VGN 5-2-2 ist ein organischer Fl\u00fcssigd\u00fcnger, der schnelles Wachstum unterst\u00fctzt. Die h\u00f6here Stickstoffkonzentration pflegt gr\u00fcne und kr\u00e4ftige Pflanzen.","breadcrumb":{"@id":"https:\/\/atami.com\/de\/produkt\/vgn-5-2-2#breadcrumb"},"inLanguage":"de","potentialAction":[{"@type":"ReadAction","target":["https:\/\/atami.com\/de\/produkt\/vgn-5-2-2"]}]},{"@type":"ImageObject","inLanguage":"de","@id":"https:\/\/atami.com\/de\/produkt\/vgn-5-2-2#primaryimage","url":"https:\/\/atami.com\/wp-content\/uploads\/2025\/01\/VGN-5-2-2-product-image.webp","contentUrl":"https:\/\/atami.com\/wp-content\/uploads\/2025\/01\/VGN-5-2-2-product-image.webp","width":1080,"height":1080,"caption":"Atami VGN 5-2-2 f\u00f6rdert ein schnelles Wachstum, was zu gr\u00fcneren, ges\u00fcnderen und st\u00e4rkeren Pflanzen f\u00fchrt."},{"@type":"BreadcrumbList","@id":"https:\/\/atami.com\/de\/produkt\/vgn-5-2-2#breadcrumb","itemListElement":[{"@type":"ListItem","position":1,"name":"Home","item":"https:\/\/atami.com\/de"},{"@type":"ListItem","position":2,"name":"Produkte","item":"https:\/\/atami.com\/de\/shop"},{"@type":"ListItem","position":3,"name":"Marken","item":"https:\/\/atami.com\/de\/produkt-kategorie\/marken"},{"@type":"ListItem","position":4,"name":"VGN \u2013 VEGANIC D\u00dcNGER","item":"https:\/\/atami.com\/de\/produkt-kategorie\/marken\/vgn-veganic-duenger"},{"@type":"ListItem","position":5,"name":"VGN 5-2-2"}]},{"@type":"WebSite","@id":"https:\/\/atami.com\/de#website","url":"https:\/\/atami.com\/de","name":"Atami","description":"NATURALLY INNOVATING!","publisher":{"@id":"https:\/\/atami.com\/de#organization"},"potentialAction":[{"@type":"SearchAction","target":{"@type":"EntryPoint","urlTemplate":"https:\/\/atami.com\/de?s={search_term_string}"},"query-input":{"@type":"PropertyValueSpecification","valueRequired":true,"valueName":"search_term_string"}}],"inLanguage":"de"},{"@type":"Organization","@id":"https:\/\/atami.com\/de#organization","name":"Atami","url":"https:\/\/atami.com\/de","logo":{"@type":"ImageObject","inLanguage":"de","@id":"https:\/\/atami.com\/de#\/schema\/logo\/image\/","url":"https:\/\/atami.com\/wp-content\/uploads\/2026\/01\/Atami-logo-696x696px.webp","contentUrl":"https:\/\/atami.com\/wp-content\/uploads\/2026\/01\/Atami-logo-696x696px.webp","width":696,"height":696,"caption":"Atami"},"image":{"@id":"https:\/\/atami.com\/de#\/schema\/logo\/image\/"},"sameAs":["https:\/\/www.facebook.com\/Atami.International","https:\/\/x.com\/AtamiEU","https:\/\/www.youtube.com\/c\/AtamiInternational","https:\/\/www.instagram.com\/atami.international\/"],"description":"ATAMI is a premium plant nutrition & substrate brand founded in 1997 with the mission to make exceptional cultivation achievable for everyone. From legacy to license, we offer a wide variety of innovating award-winning products to let cultivators achieve maximum results in taste & yield.","email":"info@mginnovations.es","legalName":"Atami","numberOfEmployees":{"@type":"QuantitativeValue","minValue":"11","maxValue":"50"}}]}},"_links":{"self":[{"href":"https:\/\/atami.com\/de\/wp-json\/wp\/v2\/product\/202454","targetHints":{"allow":["GET"]}}],"collection":[{"href":"https:\/\/atami.com\/de\/wp-json\/wp\/v2\/product"}],"about":[{"href":"https:\/\/atami.com\/de\/wp-json\/wp\/v2\/types\/product"}],"replies":[{"embeddable":true,"href":"https:\/\/atami.com\/de\/wp-json\/wp\/v2\/comments?post=202454"}],"wp:featuredmedia":[{"embeddable":true,"href":"https:\/\/atami.com\/de\/wp-json\/wp\/v2\/media\/202406"}],"wp:attachment":[{"href":"https:\/\/atami.com\/de\/wp-json\/wp\/v2\/media?parent=202454"}],"wp:term":[{"taxonomy":"product_brand","embeddable":true,"href":"https:\/\/atami.com\/de\/wp-json\/wp\/v2\/product_brand?post=202454"},{"taxonomy":"product_cat","embeddable":true,"href":"https:\/\/atami.com\/de\/wp-json\/wp\/v2\/product_cat?post=202454"},{"taxonomy":"product_tag","embeddable":true,"href":"https:\/\/atami.com\/de\/wp-json\/wp\/v2\/product_tag?post=202454"}],"curies":[{"name":"wp","href":"https:\/\/api.w.org\/{rel}","templated":true}]}}