{"id":181732,"date":"2023-02-09T12:23:23","date_gmt":"2023-02-09T12:23:23","guid":{"rendered":"https:\/\/atami.com\/product\/ata-nrg-growth-c\/"},"modified":"2026-03-03T15:06:41","modified_gmt":"2026-03-03T13:06:41","slug":"ata-nrg-growth-c","status":"publish","type":"product","link":"https:\/\/atami.com\/de\/produkt\/ata-nrg-growth-c","title":{"rendered":"ATA NRG Growth-C"},"content":{"rendered":"<p><strong>For the environmentally conscious grower, this booster is the perfect addition to optimize the growing period and raise a strong and solid plant.<\/strong><\/p>\n<p>&nbsp;<\/p>\n<p>As eco-friendly growing has gained popularity, this liquid organo-mineral fertilizer has been developed. It has a particularly beneficial effect on the overall development of the plant and will ensure a sturdy growth of the main stem and side branches.<\/p>\n<p>&nbsp;<\/p>\n<p><strong>ATA NRG GROWTH-C IS SUITABLE FOR:<\/strong><\/p>\n<p>Different kinds of vegetables, fruits and herbs like lettuce, spinach, cabbage, gherkins, coriander, chives etc. The required dosage can be measured to meet the needs of individual plants or crop.<\/p>\n<p>&nbsp;<\/p>\n<p><strong>APPLICATION<\/strong><\/p>\n<p>Additive to the nutrient solution, or as foliar spray to prevent or repair deficiencies. Applicable during the growth and bloom phase of the crop. Suitable for all substrates and mediums. Not suitable for irrigation systems!<\/p>\n<p>&nbsp;<\/p>\n<p><strong>DOSAGE<\/strong><\/p>\n<p>Nutrient: 3 \u2013 5 ml per litre of water.<\/p>\n<p>Spray: 1 \u2013 3 ml per litre of water (to be sprayed under the leaves of the plant).<\/p>\n<p>&nbsp;<\/p>\n<p><strong>NPK 2-3-5 W\/W<\/strong><\/p>\n<p>&nbsp;<\/p>\n<p><strong>AVAILABLE IN 500ML, 1 LITRE, 5 LITRE.<\/strong><\/p>\n","protected":false},"excerpt":{"rendered":"<p>Wachstumsphase<\/p>\n","protected":false},"featured_media":23882,"comment_status":"closed","ping_status":"closed","template":"","meta":{"_acf_changed":false,"iawp_total_views":63},"product_brand":[],"product_cat":[193,191],"product_tag":[],"class_list":{"0":"post-181732","1":"product","2":"type-product","3":"status-publish","4":"has-post-thumbnail","6":"product_cat-ata-nrg","7":"product_cat-grundnahrstoffe","9":"first","10":"instock","11":"shipping-taxable","12":"product-type-simple"},"acf":{"short_description":"<p><strong>For the environmentally conscious grower, this booster is the perfect addition to optimize the growing period and raise a strong and solid plant.<\/strong><\/p>\r\n<p>As eco-friendly growing has gained popularity, this liquid organo-mineral fertilizer has been developed. It has a particularly beneficial effect on the overall development of the plant and will ensure a sturdy growth of the main stem and side branches.<\/p>","suitable_for":"<p>Different kinds of vegetables, fruits and herbs like lettuce, spinach, cabbage, gherkins, coriander, chives etc. The required dosage can be measured to meet the needs of individual plants or crop.<\/p>","application":"<p>Additive to the nutrient solution, or as foliar spray to prevent or repair deficiencies. Applicable during the growth and bloom phase of the crop. Suitable for all substrates and mediums. Not suitable for irrigation systems!<\/p>","dosage":"<p>Nutrient: 3 \u2013 5 ml per litre of water.<\/p>\r\n<p>Spray: 1 \u2013 3 ml per litre of water (to be sprayed under the leaves of the plant).<\/p>","npk_ratio":"<p>NPK 2-3-5 W\/W<\/p>","available_in":"<p>500ML, 1 LITRE, 5 LITRE<\/p>","icon_1":1915,"icon_1_text":"STRONG YIELD-INCREASING","icon_2":1919,"icon_2_text":"HIGHLY CONCENTRATED","icon_3":1923,"icon_3_text":"SUPPORTS MICRO-ORGANISMS IN SOIL","icon_4":"","icon_4_text":"","video":"https:\/\/youtu.be\/jptnYlqmIw4","second_image":4277,"product_image_page":4082,"user_manual":"","new_icon_1":"","new_icon_2":"","new_icon_3":"","new_icon_4":"","grow_guides":"","category":"Basisn\u00e4hrstoff"},"yoast_head":"<!-- This site is optimized with the Yoast SEO Premium plugin v27.4 (Yoast SEO v27.4) - https:\/\/yoast.com\/product\/yoast-seo-premium-wordpress\/ -->\n<title>ATA NRG Growth-C: F\u00f6rdere das gesunde Wachstum Deiner Pflanzen<\/title>\n<meta name=\"description\" content=\"Steigern Sie das Wachstum Ihrer Pflanzen mit ATA NRG Growth C. Ideal f\u00fcr gesunde und kr\u00e4ftige Pflanzen, bietet es essentielle N\u00e4hrstoffe f\u00fcr eine effektive Entwicklung. Erfahren Sie mehr!\" \/>\n<meta name=\"robots\" content=\"index, follow, max-snippet:-1, max-image-preview:large, max-video-preview:-1\" \/>\n<link rel=\"canonical\" href=\"https:\/\/atami.com\/de\/produkt\/ata-nrg-growth-c\" \/>\n<meta property=\"og:locale\" content=\"de_DE\" \/>\n<meta property=\"og:type\" content=\"article\" \/>\n<meta property=\"og:title\" content=\"ATA NRG Growth-C\" \/>\n<meta property=\"og:description\" content=\"Steigern Sie das Wachstum Ihrer Pflanzen mit ATA NRG Growth C. Ideal f\u00fcr gesunde und kr\u00e4ftige Pflanzen, bietet es essentielle N\u00e4hrstoffe f\u00fcr eine effektive Entwicklung. Erfahren Sie mehr!\" \/>\n<meta property=\"og:url\" content=\"https:\/\/atami.com\/de\/produkt\/ata-nrg-growth-c\" \/>\n<meta property=\"og:site_name\" content=\"Atami\" \/>\n<meta property=\"article:publisher\" content=\"https:\/\/www.facebook.com\/Atami.International\" \/>\n<meta property=\"article:modified_time\" content=\"2026-03-03T13:06:41+00:00\" \/>\n<meta property=\"og:image\" content=\"https:\/\/atami.com\/wp-content\/uploads\/2023\/02\/ATA-NRG-Growth-C-Main-Image.webp\" \/>\n\t<meta property=\"og:image:width\" content=\"1080\" \/>\n\t<meta property=\"og:image:height\" content=\"1080\" \/>\n\t<meta property=\"og:image:type\" content=\"image\/webp\" \/>\n<meta name=\"twitter:card\" content=\"summary_large_image\" \/>\n<meta name=\"twitter:site\" content=\"@AtamiEU\" \/>\n<meta name=\"twitter:label1\" content=\"Gesch\u00e4tzte Lesezeit\" \/>\n\t<meta name=\"twitter:data1\" content=\"1\u00a0Minute\" \/>\n<script type=\"application\/ld+json\" class=\"yoast-schema-graph\">{\"@context\":\"https:\\\/\\\/schema.org\",\"@graph\":[{\"@type\":\"WebPage\",\"@id\":\"https:\\\/\\\/atami.com\\\/de\\\/produkt\\\/ata-nrg-growth-c\",\"url\":\"https:\\\/\\\/atami.com\\\/de\\\/produkt\\\/ata-nrg-growth-c\",\"name\":\"ATA NRG Growth-C: F\u00f6rdere das gesunde Wachstum Deiner Pflanzen\",\"isPartOf\":{\"@id\":\"https:\\\/\\\/atami.com\\\/de#website\"},\"primaryImageOfPage\":{\"@id\":\"https:\\\/\\\/atami.com\\\/de\\\/produkt\\\/ata-nrg-growth-c#primaryimage\"},\"image\":{\"@id\":\"https:\\\/\\\/atami.com\\\/de\\\/produkt\\\/ata-nrg-growth-c#primaryimage\"},\"thumbnailUrl\":\"https:\\\/\\\/atami.com\\\/wp-content\\\/uploads\\\/2023\\\/02\\\/ATA-NRG-Growth-C-Main-Image.webp\",\"datePublished\":\"2023-02-09T12:23:23+00:00\",\"dateModified\":\"2026-03-03T13:06:41+00:00\",\"description\":\"Steigern Sie das Wachstum Ihrer Pflanzen mit ATA NRG Growth C. Ideal f\u00fcr gesunde und kr\u00e4ftige Pflanzen, bietet es essentielle N\u00e4hrstoffe f\u00fcr eine effektive Entwicklung. Erfahren Sie mehr!\",\"breadcrumb\":{\"@id\":\"https:\\\/\\\/atami.com\\\/de\\\/produkt\\\/ata-nrg-growth-c#breadcrumb\"},\"inLanguage\":\"de\",\"potentialAction\":[{\"@type\":\"ReadAction\",\"target\":[\"https:\\\/\\\/atami.com\\\/de\\\/produkt\\\/ata-nrg-growth-c\"]}]},{\"@type\":\"ImageObject\",\"inLanguage\":\"de\",\"@id\":\"https:\\\/\\\/atami.com\\\/de\\\/produkt\\\/ata-nrg-growth-c#primaryimage\",\"url\":\"https:\\\/\\\/atami.com\\\/wp-content\\\/uploads\\\/2023\\\/02\\\/ATA-NRG-Growth-C-Main-Image.webp\",\"contentUrl\":\"https:\\\/\\\/atami.com\\\/wp-content\\\/uploads\\\/2023\\\/02\\\/ATA-NRG-Growth-C-Main-Image.webp\",\"width\":1080,\"height\":1080,\"caption\":\"ATA NRG Growth-C f\u00f6rdert eine starke und robuste Pflanzenentwicklung und f\u00f6rdert das Stamm- und Zweigwachstum.\"},{\"@type\":\"BreadcrumbList\",\"@id\":\"https:\\\/\\\/atami.com\\\/de\\\/produkt\\\/ata-nrg-growth-c#breadcrumb\",\"itemListElement\":[{\"@type\":\"ListItem\",\"position\":1,\"name\":\"Home\",\"item\":\"https:\\\/\\\/atami.com\\\/de\"},{\"@type\":\"ListItem\",\"position\":2,\"name\":\"Produkte\",\"item\":\"https:\\\/\\\/atami.com\\\/de\\\/shop\"},{\"@type\":\"ListItem\",\"position\":3,\"name\":\"D\u00fcngemittel\",\"item\":\"https:\\\/\\\/atami.com\\\/de\\\/produkt-kategorie\\\/dungemittel\"},{\"@type\":\"ListItem\",\"position\":4,\"name\":\"Grundn\u00e4hrstoffe\",\"item\":\"https:\\\/\\\/atami.com\\\/de\\\/produkt-kategorie\\\/dungemittel\\\/grundnahrstoffe\"},{\"@type\":\"ListItem\",\"position\":5,\"name\":\"ATA NRG Growth-C\"}]},{\"@type\":\"WebSite\",\"@id\":\"https:\\\/\\\/atami.com\\\/de#website\",\"url\":\"https:\\\/\\\/atami.com\\\/de\",\"name\":\"Atami\",\"description\":\"NATURALLY INNOVATING!\",\"publisher\":{\"@id\":\"https:\\\/\\\/atami.com\\\/de#organization\"},\"potentialAction\":[{\"@type\":\"SearchAction\",\"target\":{\"@type\":\"EntryPoint\",\"urlTemplate\":\"https:\\\/\\\/atami.com\\\/de?s={search_term_string}\"},\"query-input\":{\"@type\":\"PropertyValueSpecification\",\"valueRequired\":true,\"valueName\":\"search_term_string\"}}],\"inLanguage\":\"de\"},{\"@type\":\"Organization\",\"@id\":\"https:\\\/\\\/atami.com\\\/de#organization\",\"name\":\"Atami\",\"url\":\"https:\\\/\\\/atami.com\\\/de\",\"logo\":{\"@type\":\"ImageObject\",\"inLanguage\":\"de\",\"@id\":\"https:\\\/\\\/atami.com\\\/de#\\\/schema\\\/logo\\\/image\\\/\",\"url\":\"https:\\\/\\\/atami.com\\\/wp-content\\\/uploads\\\/2026\\\/01\\\/Atami-logo-696x696px.webp\",\"contentUrl\":\"https:\\\/\\\/atami.com\\\/wp-content\\\/uploads\\\/2026\\\/01\\\/Atami-logo-696x696px.webp\",\"width\":696,\"height\":696,\"caption\":\"Atami\"},\"image\":{\"@id\":\"https:\\\/\\\/atami.com\\\/de#\\\/schema\\\/logo\\\/image\\\/\"},\"sameAs\":[\"https:\\\/\\\/www.facebook.com\\\/Atami.International\",\"https:\\\/\\\/x.com\\\/AtamiEU\",\"https:\\\/\\\/www.youtube.com\\\/c\\\/AtamiInternational\",\"https:\\\/\\\/www.instagram.com\\\/atami.international\\\/\"],\"description\":\"ATAMI is a premium plant nutrition & substrate brand founded in 1997 with the mission to make exceptional cultivation achievable for everyone. From legacy to license, we offer a wide variety of innovating award-winning products to let cultivators achieve maximum results in taste & yield.\",\"email\":\"info@mginnovations.es\",\"legalName\":\"Atami\",\"numberOfEmployees\":{\"@type\":\"QuantitativeValue\",\"minValue\":\"11\",\"maxValue\":\"50\"}}]}<\/script>\n<!-- \/ Yoast SEO Premium plugin. -->","yoast_head_json":{"title":"ATA NRG Growth-C: F\u00f6rdere das gesunde Wachstum Deiner Pflanzen","description":"Steigern Sie das Wachstum Ihrer Pflanzen mit ATA NRG Growth C. Ideal f\u00fcr gesunde und kr\u00e4ftige Pflanzen, bietet es essentielle N\u00e4hrstoffe f\u00fcr eine effektive Entwicklung. Erfahren Sie mehr!","robots":{"index":"index","follow":"follow","max-snippet":"max-snippet:-1","max-image-preview":"max-image-preview:large","max-video-preview":"max-video-preview:-1"},"canonical":"https:\/\/atami.com\/de\/produkt\/ata-nrg-growth-c","og_locale":"de_DE","og_type":"article","og_title":"ATA NRG Growth-C","og_description":"Steigern Sie das Wachstum Ihrer Pflanzen mit ATA NRG Growth C. Ideal f\u00fcr gesunde und kr\u00e4ftige Pflanzen, bietet es essentielle N\u00e4hrstoffe f\u00fcr eine effektive Entwicklung. Erfahren Sie mehr!","og_url":"https:\/\/atami.com\/de\/produkt\/ata-nrg-growth-c","og_site_name":"Atami","article_publisher":"https:\/\/www.facebook.com\/Atami.International","article_modified_time":"2026-03-03T13:06:41+00:00","og_image":[{"width":1080,"height":1080,"url":"https:\/\/atami.com\/wp-content\/uploads\/2023\/02\/ATA-NRG-Growth-C-Main-Image.webp","type":"image\/webp"}],"twitter_card":"summary_large_image","twitter_site":"@AtamiEU","twitter_misc":{"Gesch\u00e4tzte Lesezeit":"1\u00a0Minute"},"schema":{"@context":"https:\/\/schema.org","@graph":[{"@type":"WebPage","@id":"https:\/\/atami.com\/de\/produkt\/ata-nrg-growth-c","url":"https:\/\/atami.com\/de\/produkt\/ata-nrg-growth-c","name":"ATA NRG Growth-C: F\u00f6rdere das gesunde Wachstum Deiner Pflanzen","isPartOf":{"@id":"https:\/\/atami.com\/de#website"},"primaryImageOfPage":{"@id":"https:\/\/atami.com\/de\/produkt\/ata-nrg-growth-c#primaryimage"},"image":{"@id":"https:\/\/atami.com\/de\/produkt\/ata-nrg-growth-c#primaryimage"},"thumbnailUrl":"https:\/\/atami.com\/wp-content\/uploads\/2023\/02\/ATA-NRG-Growth-C-Main-Image.webp","datePublished":"2023-02-09T12:23:23+00:00","dateModified":"2026-03-03T13:06:41+00:00","description":"Steigern Sie das Wachstum Ihrer Pflanzen mit ATA NRG Growth C. Ideal f\u00fcr gesunde und kr\u00e4ftige Pflanzen, bietet es essentielle N\u00e4hrstoffe f\u00fcr eine effektive Entwicklung. Erfahren Sie mehr!","breadcrumb":{"@id":"https:\/\/atami.com\/de\/produkt\/ata-nrg-growth-c#breadcrumb"},"inLanguage":"de","potentialAction":[{"@type":"ReadAction","target":["https:\/\/atami.com\/de\/produkt\/ata-nrg-growth-c"]}]},{"@type":"ImageObject","inLanguage":"de","@id":"https:\/\/atami.com\/de\/produkt\/ata-nrg-growth-c#primaryimage","url":"https:\/\/atami.com\/wp-content\/uploads\/2023\/02\/ATA-NRG-Growth-C-Main-Image.webp","contentUrl":"https:\/\/atami.com\/wp-content\/uploads\/2023\/02\/ATA-NRG-Growth-C-Main-Image.webp","width":1080,"height":1080,"caption":"ATA NRG Growth-C f\u00f6rdert eine starke und robuste Pflanzenentwicklung und f\u00f6rdert das Stamm- und Zweigwachstum."},{"@type":"BreadcrumbList","@id":"https:\/\/atami.com\/de\/produkt\/ata-nrg-growth-c#breadcrumb","itemListElement":[{"@type":"ListItem","position":1,"name":"Home","item":"https:\/\/atami.com\/de"},{"@type":"ListItem","position":2,"name":"Produkte","item":"https:\/\/atami.com\/de\/shop"},{"@type":"ListItem","position":3,"name":"D\u00fcngemittel","item":"https:\/\/atami.com\/de\/produkt-kategorie\/dungemittel"},{"@type":"ListItem","position":4,"name":"Grundn\u00e4hrstoffe","item":"https:\/\/atami.com\/de\/produkt-kategorie\/dungemittel\/grundnahrstoffe"},{"@type":"ListItem","position":5,"name":"ATA NRG Growth-C"}]},{"@type":"WebSite","@id":"https:\/\/atami.com\/de#website","url":"https:\/\/atami.com\/de","name":"Atami","description":"NATURALLY INNOVATING!","publisher":{"@id":"https:\/\/atami.com\/de#organization"},"potentialAction":[{"@type":"SearchAction","target":{"@type":"EntryPoint","urlTemplate":"https:\/\/atami.com\/de?s={search_term_string}"},"query-input":{"@type":"PropertyValueSpecification","valueRequired":true,"valueName":"search_term_string"}}],"inLanguage":"de"},{"@type":"Organization","@id":"https:\/\/atami.com\/de#organization","name":"Atami","url":"https:\/\/atami.com\/de","logo":{"@type":"ImageObject","inLanguage":"de","@id":"https:\/\/atami.com\/de#\/schema\/logo\/image\/","url":"https:\/\/atami.com\/wp-content\/uploads\/2026\/01\/Atami-logo-696x696px.webp","contentUrl":"https:\/\/atami.com\/wp-content\/uploads\/2026\/01\/Atami-logo-696x696px.webp","width":696,"height":696,"caption":"Atami"},"image":{"@id":"https:\/\/atami.com\/de#\/schema\/logo\/image\/"},"sameAs":["https:\/\/www.facebook.com\/Atami.International","https:\/\/x.com\/AtamiEU","https:\/\/www.youtube.com\/c\/AtamiInternational","https:\/\/www.instagram.com\/atami.international\/"],"description":"ATAMI is a premium plant nutrition & substrate brand founded in 1997 with the mission to make exceptional cultivation achievable for everyone. From legacy to license, we offer a wide variety of innovating award-winning products to let cultivators achieve maximum results in taste & yield.","email":"info@mginnovations.es","legalName":"Atami","numberOfEmployees":{"@type":"QuantitativeValue","minValue":"11","maxValue":"50"}}]}},"_links":{"self":[{"href":"https:\/\/atami.com\/de\/wp-json\/wp\/v2\/product\/181732","targetHints":{"allow":["GET"]}}],"collection":[{"href":"https:\/\/atami.com\/de\/wp-json\/wp\/v2\/product"}],"about":[{"href":"https:\/\/atami.com\/de\/wp-json\/wp\/v2\/types\/product"}],"replies":[{"embeddable":true,"href":"https:\/\/atami.com\/de\/wp-json\/wp\/v2\/comments?post=181732"}],"wp:featuredmedia":[{"embeddable":true,"href":"https:\/\/atami.com\/de\/wp-json\/wp\/v2\/media\/23882"}],"wp:attachment":[{"href":"https:\/\/atami.com\/de\/wp-json\/wp\/v2\/media?parent=181732"}],"wp:term":[{"taxonomy":"product_brand","embeddable":true,"href":"https:\/\/atami.com\/de\/wp-json\/wp\/v2\/product_brand?post=181732"},{"taxonomy":"product_cat","embeddable":true,"href":"https:\/\/atami.com\/de\/wp-json\/wp\/v2\/product_cat?post=181732"},{"taxonomy":"product_tag","embeddable":true,"href":"https:\/\/atami.com\/de\/wp-json\/wp\/v2\/product_tag?post=181732"}],"curies":[{"name":"wp","href":"https:\/\/api.w.org\/{rel}","templated":true}]}}