{"id":181731,"date":"2023-02-09T15:14:15","date_gmt":"2023-02-09T15:14:15","guid":{"rendered":"https:\/\/atami.com\/product\/ata-nrg-bloom-c\/"},"modified":"2026-03-03T15:07:35","modified_gmt":"2026-03-03T13:07:35","slug":"ata-nrg-bloom-c","status":"publish","type":"product","link":"https:\/\/atami.com\/de\/produkt\/ata-nrg-bloom-c","title":{"rendered":"ATA NRG Bloom-C"},"content":{"rendered":"<p><strong>ATA NRG Bloom-C is a liquid organo-mineral fertilizer developed especially for the flowering and blooming period of the plant. ATA NRG Bloom-C is a great nutrition for the formation of flowers and\/or fruits due to the balanced ratio of potassium and phosphorus.<\/strong><\/p>\n<p>&nbsp;<\/p>\n<p>Other key ingredients are algae and seaweed extracts which are strengthened by a wealth of amino acids, trace elements, vitamins, enzymes, and plant hormones. All this concentrated nutritional goodness makes ATA NRG Bloom-C a must for every flowering plant!<\/p>\n<p>&nbsp;<\/p>\n<p><strong>ATA NRG BLOOM-C IS SUITABLE FOR:<\/strong><\/p>\n<p>Different kinds of vegetables and fruits like bell peppers, chili peppers, blueberries. It can also be used for flowering ornamental plants (e.g., Begonia, Summer Lilac).<\/p>\n<p>&nbsp;<\/p>\n<p><strong>APPLICATION<\/strong><\/p>\n<p>Add from the point of flower\/fruit formation. The use of lime is only possible when dissolved in water! Use ATA NRG Bloom-C for an optimal result in combination with <span style=\"color: #00ccff;\"><a style=\"color: #00ccff;\" href=\"https:\/\/atami.com\/de\/produkt\/ata-nrg-growth-c\">ATA NRG Growth-C<\/a>, <a style=\"color: #00ccff;\" href=\"https:\/\/atami.com\/de\/produkt\/ata-nrg-flavor\">ATA NRG Flavor<\/a>, <a style=\"color: #00ccff;\" href=\"https:\/\/atami.com\/de\/produkt\/kilomix\">Atami Kilomix<\/a> <\/span>and <span style=\"color: #00ccff;\"><a style=\"color: #00ccff;\" href=\"https:\/\/atami.com\/de\/produkt\/worm-delight\">Atami Worm Delight<\/a><\/span> (Worm Manure). Not suitable for irrigation systems!<\/p>\n<p>&nbsp;<\/p>\n<p><strong>DO<\/strong><strong>SAGE<\/strong><\/p>\n<p>1 \u2013 3 ml per litre of water.<\/p>\n<p>&nbsp;<\/p>\n<p><strong>PK 17-13 W\/W<\/strong><\/p>\n<p>&nbsp;<\/p>\n<p><strong>AVAILABLE IN 500ML, 1 LITRE AND 5 LITRE<\/strong><\/p>\n","protected":false},"excerpt":{"rendered":"<p>Bl\u00fchphase<\/p>\n","protected":false},"featured_media":23897,"comment_status":"closed","ping_status":"closed","template":"","meta":{"_acf_changed":false,"iawp_total_views":62},"product_brand":[],"product_cat":[193,191],"product_tag":[],"class_list":{"0":"post-181731","1":"product","2":"type-product","3":"status-publish","4":"has-post-thumbnail","6":"product_cat-ata-nrg","7":"product_cat-grundnahrstoffe","9":"first","10":"instock","11":"shipping-taxable","12":"product-type-simple"},"acf":{"short_description":"<p><strong>ATA NRG Bloom-C is a liquid organo-mineral fertilizer developed especially for the flowering and blooming period of the plant. ATA NRG Bloom-C is a great nutrition for the formation of flowers and\/or fruits due to the balanced ratio of potassium and phosphorus.<\/strong><\/p>\r\n<p>Other key ingredients are algae and seaweed extracts which are strengthened by a wealth of amino acids, trace elements, vitamins, enzymes, and plant hormones. All this concentrated nutritional goodness makes ATA NRG Bloom-C a must for every flowering plant!<\/p>","suitable_for":"<p>Different kinds of vegetables and fruits like bell peppers, chili peppers, blueberries. It can also be used for flowering ornamental plants (e.g., Begonia, Summer Lilac).<\/p>","application":"<p>Add from the point of flower\/fruit formation. The use of lime is only possible when dissolved in water! Use ATA NRG Bloom-C for an optimal result in combination with <span><a href=\"https:\/\/atami.com\/product\/ata-nrg-growth-c\">ATA NRG Growth-C<\/a>, <a href=\"https:\/\/atami.com\/product\/ata-nrg-flavor\">ATA NRG Flavor<\/a>, <a href=\"https:\/\/atami.com\/product\/kilomix\">Atami Kilomix<\/a> <\/span>and <span><a href=\"https:\/\/atami.com\/product\/worm-delight\">Atami Worm Delight<\/a><\/span> (Worm Manure). Not suitable for irrigation systems!<\/p>","dosage":"<p>1 \u2013 3 ml per litre of water.<\/p>","npk_ratio":"<p>PK 17-13 W\/W<\/p>","available_in":"<p>500ML, 1 LITRE AND 5 LITRE<\/p>","icon_1":1950,"icon_1_text":"STRONG YIELD-INCREASING","icon_2":1954,"icon_2_text":"HIGHLY CONCENTRATED","icon_3":1958,"icon_3_text":"POSITIVE EFFECT ON THE OVERALL DEVELOPMENT OF THE PLANT","icon_4":"","icon_4_text":"","video":"https:\/\/youtu.be\/I_Gqiu-Jn2g","second_image":1946,"product_image_page":18912,"user_manual":"","new_icon_1":"","new_icon_2":"","new_icon_3":"","new_icon_4":"","grow_guides":"","category":"Basisn\u00e4hrstoff"},"yoast_head":"<!-- This site is optimized with the Yoast SEO Premium plugin v27.5 (Yoast SEO v27.5) - https:\/\/yoast.com\/product\/yoast-seo-premium-wordpress\/ -->\n<title>Boost Your Flowering Plants with ATA NRG Bloom-C | High-Quality Fertilizer<\/title>\n<meta name=\"description\" content=\"Discover ATA NRG Bloom-C, a highly concentrated organo-mineral fertilizer designed for flowering and fruiting plants. Improve your plant&#039;s yield with the perfect balance of phosphorus, potassium, and essential nutrients. Ideal for vegetables, fruits, and ornamental plants.\" \/>\n<meta name=\"robots\" content=\"index, follow, max-snippet:-1, max-image-preview:large, max-video-preview:-1\" \/>\n<link rel=\"canonical\" href=\"https:\/\/atami.com\/de\/produkt\/ata-nrg-bloom-c\" \/>\n<meta property=\"og:locale\" content=\"de_DE\" \/>\n<meta property=\"og:type\" content=\"article\" \/>\n<meta property=\"og:title\" content=\"ATA NRG Bloom-C\" \/>\n<meta property=\"og:description\" content=\"Discover ATA NRG Bloom-C, a highly concentrated organo-mineral fertilizer designed for flowering and fruiting plants. Improve your plant&#039;s yield with the perfect balance of phosphorus, potassium, and essential nutrients. Ideal for vegetables, fruits, and ornamental plants.\" \/>\n<meta property=\"og:url\" content=\"https:\/\/atami.com\/de\/produkt\/ata-nrg-bloom-c\" \/>\n<meta property=\"og:site_name\" content=\"Atami\" \/>\n<meta property=\"article:publisher\" content=\"https:\/\/www.facebook.com\/Atami.International\" \/>\n<meta property=\"article:modified_time\" content=\"2026-03-03T13:07:35+00:00\" \/>\n<meta property=\"og:image\" content=\"https:\/\/atami.com\/wp-content\/uploads\/2023\/02\/ATA-NRG-Bloom-C-Main-Image.webp\" \/>\n\t<meta property=\"og:image:width\" content=\"1080\" \/>\n\t<meta property=\"og:image:height\" content=\"1080\" \/>\n\t<meta property=\"og:image:type\" content=\"image\/webp\" \/>\n<meta name=\"twitter:card\" content=\"summary_large_image\" \/>\n<meta name=\"twitter:site\" content=\"@AtamiEU\" \/>\n<meta name=\"twitter:label1\" content=\"Gesch\u00e4tzte Lesezeit\" \/>\n\t<meta name=\"twitter:data1\" content=\"1\u00a0Minute\" \/>\n<script type=\"application\/ld+json\" class=\"yoast-schema-graph\">{\"@context\":\"https:\\\/\\\/schema.org\",\"@graph\":[{\"@type\":\"WebPage\",\"@id\":\"https:\\\/\\\/atami.com\\\/de\\\/produkt\\\/ata-nrg-bloom-c\",\"url\":\"https:\\\/\\\/atami.com\\\/de\\\/produkt\\\/ata-nrg-bloom-c\",\"name\":\"Boost Your Flowering Plants with ATA NRG Bloom-C | High-Quality Fertilizer\",\"isPartOf\":{\"@id\":\"https:\\\/\\\/atami.com\\\/de#website\"},\"primaryImageOfPage\":{\"@id\":\"https:\\\/\\\/atami.com\\\/de\\\/produkt\\\/ata-nrg-bloom-c#primaryimage\"},\"image\":{\"@id\":\"https:\\\/\\\/atami.com\\\/de\\\/produkt\\\/ata-nrg-bloom-c#primaryimage\"},\"thumbnailUrl\":\"https:\\\/\\\/atami.com\\\/wp-content\\\/uploads\\\/2023\\\/02\\\/ATA-NRG-Bloom-C-Main-Image.webp\",\"datePublished\":\"2023-02-09T15:14:15+00:00\",\"dateModified\":\"2026-03-03T13:07:35+00:00\",\"description\":\"Discover ATA NRG Bloom-C, a highly concentrated organo-mineral fertilizer designed for flowering and fruiting plants. Improve your plant's yield with the perfect balance of phosphorus, potassium, and essential nutrients. Ideal for vegetables, fruits, and ornamental plants.\",\"breadcrumb\":{\"@id\":\"https:\\\/\\\/atami.com\\\/de\\\/produkt\\\/ata-nrg-bloom-c#breadcrumb\"},\"inLanguage\":\"de\",\"potentialAction\":[{\"@type\":\"ReadAction\",\"target\":[\"https:\\\/\\\/atami.com\\\/de\\\/produkt\\\/ata-nrg-bloom-c\"]}]},{\"@type\":\"ImageObject\",\"inLanguage\":\"de\",\"@id\":\"https:\\\/\\\/atami.com\\\/de\\\/produkt\\\/ata-nrg-bloom-c#primaryimage\",\"url\":\"https:\\\/\\\/atami.com\\\/wp-content\\\/uploads\\\/2023\\\/02\\\/ATA-NRG-Bloom-C-Main-Image.webp\",\"contentUrl\":\"https:\\\/\\\/atami.com\\\/wp-content\\\/uploads\\\/2023\\\/02\\\/ATA-NRG-Bloom-C-Main-Image.webp\",\"width\":1080,\"height\":1080,\"caption\":\"ATA NRG Bloom-C liefert ein ausgewogenes Verh\u00e4ltnis von Kalium und Phosphor und f\u00f6rdert so eine robuste Bl\u00fcten- und Fruchtentwicklung.\"},{\"@type\":\"BreadcrumbList\",\"@id\":\"https:\\\/\\\/atami.com\\\/de\\\/produkt\\\/ata-nrg-bloom-c#breadcrumb\",\"itemListElement\":[{\"@type\":\"ListItem\",\"position\":1,\"name\":\"Home\",\"item\":\"https:\\\/\\\/atami.com\\\/de\"},{\"@type\":\"ListItem\",\"position\":2,\"name\":\"Produkte\",\"item\":\"https:\\\/\\\/atami.com\\\/de\\\/shop\"},{\"@type\":\"ListItem\",\"position\":3,\"name\":\"D\u00fcngemittel\",\"item\":\"https:\\\/\\\/atami.com\\\/de\\\/produkt-kategorie\\\/dungemittel\"},{\"@type\":\"ListItem\",\"position\":4,\"name\":\"Grundn\u00e4hrstoffe\",\"item\":\"https:\\\/\\\/atami.com\\\/de\\\/produkt-kategorie\\\/dungemittel\\\/grundnahrstoffe\"},{\"@type\":\"ListItem\",\"position\":5,\"name\":\"ATA NRG Bloom-C\"}]},{\"@type\":\"WebSite\",\"@id\":\"https:\\\/\\\/atami.com\\\/de#website\",\"url\":\"https:\\\/\\\/atami.com\\\/de\",\"name\":\"Atami\",\"description\":\"NATURALLY INNOVATING!\",\"publisher\":{\"@id\":\"https:\\\/\\\/atami.com\\\/de#organization\"},\"potentialAction\":[{\"@type\":\"SearchAction\",\"target\":{\"@type\":\"EntryPoint\",\"urlTemplate\":\"https:\\\/\\\/atami.com\\\/de?s={search_term_string}\"},\"query-input\":{\"@type\":\"PropertyValueSpecification\",\"valueRequired\":true,\"valueName\":\"search_term_string\"}}],\"inLanguage\":\"de\"},{\"@type\":\"Organization\",\"@id\":\"https:\\\/\\\/atami.com\\\/de#organization\",\"name\":\"Atami\",\"url\":\"https:\\\/\\\/atami.com\\\/de\",\"logo\":{\"@type\":\"ImageObject\",\"inLanguage\":\"de\",\"@id\":\"https:\\\/\\\/atami.com\\\/de#\\\/schema\\\/logo\\\/image\\\/\",\"url\":\"https:\\\/\\\/atami.com\\\/wp-content\\\/uploads\\\/2026\\\/01\\\/Atami-logo-696x696px.webp\",\"contentUrl\":\"https:\\\/\\\/atami.com\\\/wp-content\\\/uploads\\\/2026\\\/01\\\/Atami-logo-696x696px.webp\",\"width\":696,\"height\":696,\"caption\":\"Atami\"},\"image\":{\"@id\":\"https:\\\/\\\/atami.com\\\/de#\\\/schema\\\/logo\\\/image\\\/\"},\"sameAs\":[\"https:\\\/\\\/www.facebook.com\\\/Atami.International\",\"https:\\\/\\\/x.com\\\/AtamiEU\",\"https:\\\/\\\/www.youtube.com\\\/c\\\/AtamiInternational\",\"https:\\\/\\\/www.instagram.com\\\/atami.international\\\/\"],\"description\":\"ATAMI is a premium plant nutrition & substrate brand founded in 1997 with the mission to make exceptional cultivation achievable for everyone. From legacy to license, we offer a wide variety of innovating award-winning products to let cultivators achieve maximum results in taste & yield.\",\"email\":\"info@mginnovations.es\",\"legalName\":\"Atami\",\"numberOfEmployees\":{\"@type\":\"QuantitativeValue\",\"minValue\":\"11\",\"maxValue\":\"50\"}}]}<\/script>\n<!-- \/ Yoast SEO Premium plugin. -->","yoast_head_json":{"title":"Boost Your Flowering Plants with ATA NRG Bloom-C | High-Quality Fertilizer","description":"Discover ATA NRG Bloom-C, a highly concentrated organo-mineral fertilizer designed for flowering and fruiting plants. Improve your plant's yield with the perfect balance of phosphorus, potassium, and essential nutrients. Ideal for vegetables, fruits, and ornamental plants.","robots":{"index":"index","follow":"follow","max-snippet":"max-snippet:-1","max-image-preview":"max-image-preview:large","max-video-preview":"max-video-preview:-1"},"canonical":"https:\/\/atami.com\/de\/produkt\/ata-nrg-bloom-c","og_locale":"de_DE","og_type":"article","og_title":"ATA NRG Bloom-C","og_description":"Discover ATA NRG Bloom-C, a highly concentrated organo-mineral fertilizer designed for flowering and fruiting plants. Improve your plant's yield with the perfect balance of phosphorus, potassium, and essential nutrients. Ideal for vegetables, fruits, and ornamental plants.","og_url":"https:\/\/atami.com\/de\/produkt\/ata-nrg-bloom-c","og_site_name":"Atami","article_publisher":"https:\/\/www.facebook.com\/Atami.International","article_modified_time":"2026-03-03T13:07:35+00:00","og_image":[{"width":1080,"height":1080,"url":"https:\/\/atami.com\/wp-content\/uploads\/2023\/02\/ATA-NRG-Bloom-C-Main-Image.webp","type":"image\/webp"}],"twitter_card":"summary_large_image","twitter_site":"@AtamiEU","twitter_misc":{"Gesch\u00e4tzte Lesezeit":"1\u00a0Minute"},"schema":{"@context":"https:\/\/schema.org","@graph":[{"@type":"WebPage","@id":"https:\/\/atami.com\/de\/produkt\/ata-nrg-bloom-c","url":"https:\/\/atami.com\/de\/produkt\/ata-nrg-bloom-c","name":"Boost Your Flowering Plants with ATA NRG Bloom-C | High-Quality Fertilizer","isPartOf":{"@id":"https:\/\/atami.com\/de#website"},"primaryImageOfPage":{"@id":"https:\/\/atami.com\/de\/produkt\/ata-nrg-bloom-c#primaryimage"},"image":{"@id":"https:\/\/atami.com\/de\/produkt\/ata-nrg-bloom-c#primaryimage"},"thumbnailUrl":"https:\/\/atami.com\/wp-content\/uploads\/2023\/02\/ATA-NRG-Bloom-C-Main-Image.webp","datePublished":"2023-02-09T15:14:15+00:00","dateModified":"2026-03-03T13:07:35+00:00","description":"Discover ATA NRG Bloom-C, a highly concentrated organo-mineral fertilizer designed for flowering and fruiting plants. Improve your plant's yield with the perfect balance of phosphorus, potassium, and essential nutrients. Ideal for vegetables, fruits, and ornamental plants.","breadcrumb":{"@id":"https:\/\/atami.com\/de\/produkt\/ata-nrg-bloom-c#breadcrumb"},"inLanguage":"de","potentialAction":[{"@type":"ReadAction","target":["https:\/\/atami.com\/de\/produkt\/ata-nrg-bloom-c"]}]},{"@type":"ImageObject","inLanguage":"de","@id":"https:\/\/atami.com\/de\/produkt\/ata-nrg-bloom-c#primaryimage","url":"https:\/\/atami.com\/wp-content\/uploads\/2023\/02\/ATA-NRG-Bloom-C-Main-Image.webp","contentUrl":"https:\/\/atami.com\/wp-content\/uploads\/2023\/02\/ATA-NRG-Bloom-C-Main-Image.webp","width":1080,"height":1080,"caption":"ATA NRG Bloom-C liefert ein ausgewogenes Verh\u00e4ltnis von Kalium und Phosphor und f\u00f6rdert so eine robuste Bl\u00fcten- und Fruchtentwicklung."},{"@type":"BreadcrumbList","@id":"https:\/\/atami.com\/de\/produkt\/ata-nrg-bloom-c#breadcrumb","itemListElement":[{"@type":"ListItem","position":1,"name":"Home","item":"https:\/\/atami.com\/de"},{"@type":"ListItem","position":2,"name":"Produkte","item":"https:\/\/atami.com\/de\/shop"},{"@type":"ListItem","position":3,"name":"D\u00fcngemittel","item":"https:\/\/atami.com\/de\/produkt-kategorie\/dungemittel"},{"@type":"ListItem","position":4,"name":"Grundn\u00e4hrstoffe","item":"https:\/\/atami.com\/de\/produkt-kategorie\/dungemittel\/grundnahrstoffe"},{"@type":"ListItem","position":5,"name":"ATA NRG Bloom-C"}]},{"@type":"WebSite","@id":"https:\/\/atami.com\/de#website","url":"https:\/\/atami.com\/de","name":"Atami","description":"NATURALLY INNOVATING!","publisher":{"@id":"https:\/\/atami.com\/de#organization"},"potentialAction":[{"@type":"SearchAction","target":{"@type":"EntryPoint","urlTemplate":"https:\/\/atami.com\/de?s={search_term_string}"},"query-input":{"@type":"PropertyValueSpecification","valueRequired":true,"valueName":"search_term_string"}}],"inLanguage":"de"},{"@type":"Organization","@id":"https:\/\/atami.com\/de#organization","name":"Atami","url":"https:\/\/atami.com\/de","logo":{"@type":"ImageObject","inLanguage":"de","@id":"https:\/\/atami.com\/de#\/schema\/logo\/image\/","url":"https:\/\/atami.com\/wp-content\/uploads\/2026\/01\/Atami-logo-696x696px.webp","contentUrl":"https:\/\/atami.com\/wp-content\/uploads\/2026\/01\/Atami-logo-696x696px.webp","width":696,"height":696,"caption":"Atami"},"image":{"@id":"https:\/\/atami.com\/de#\/schema\/logo\/image\/"},"sameAs":["https:\/\/www.facebook.com\/Atami.International","https:\/\/x.com\/AtamiEU","https:\/\/www.youtube.com\/c\/AtamiInternational","https:\/\/www.instagram.com\/atami.international\/"],"description":"ATAMI is a premium plant nutrition & substrate brand founded in 1997 with the mission to make exceptional cultivation achievable for everyone. From legacy to license, we offer a wide variety of innovating award-winning products to let cultivators achieve maximum results in taste & yield.","email":"info@mginnovations.es","legalName":"Atami","numberOfEmployees":{"@type":"QuantitativeValue","minValue":"11","maxValue":"50"}}]}},"_links":{"self":[{"href":"https:\/\/atami.com\/de\/wp-json\/wp\/v2\/product\/181731","targetHints":{"allow":["GET"]}}],"collection":[{"href":"https:\/\/atami.com\/de\/wp-json\/wp\/v2\/product"}],"about":[{"href":"https:\/\/atami.com\/de\/wp-json\/wp\/v2\/types\/product"}],"replies":[{"embeddable":true,"href":"https:\/\/atami.com\/de\/wp-json\/wp\/v2\/comments?post=181731"}],"wp:featuredmedia":[{"embeddable":true,"href":"https:\/\/atami.com\/de\/wp-json\/wp\/v2\/media\/23897"}],"wp:attachment":[{"href":"https:\/\/atami.com\/de\/wp-json\/wp\/v2\/media?parent=181731"}],"wp:term":[{"taxonomy":"product_brand","embeddable":true,"href":"https:\/\/atami.com\/de\/wp-json\/wp\/v2\/product_brand?post=181731"},{"taxonomy":"product_cat","embeddable":true,"href":"https:\/\/atami.com\/de\/wp-json\/wp\/v2\/product_cat?post=181731"},{"taxonomy":"product_tag","embeddable":true,"href":"https:\/\/atami.com\/de\/wp-json\/wp\/v2\/product_tag?post=181731"}],"curies":[{"name":"wp","href":"https:\/\/api.w.org\/{rel}","templated":true}]}}