{"id":181730,"date":"2023-02-10T08:01:20","date_gmt":"2023-02-10T08:01:20","guid":{"rendered":"https:\/\/atami.com\/product\/ata-nrg-root-c\/"},"modified":"2026-03-03T15:09:29","modified_gmt":"2026-03-03T13:09:29","slug":"ata-nrg-root-c","status":"publish","type":"product","link":"https:\/\/atami.com\/de\/produkt\/ata-nrg-root-c","title":{"rendered":"ATA NRG Root-C"},"content":{"rendered":"<p><strong>A large and healthy root system is a significant contributor to a well-developed plant. To make this possible, this root stimulator ensures a rapid and vigorous growth of the root system and has a preventive effect against soil diseases such as Pythium, Fusarium, and root lice.<\/strong><\/p>\n<p>&nbsp;<\/p>\n<p>The roots will quickly branch out and the root volume will increase immensely. This gives the plant more hold and makes sure the plant increases in size aboveground. Plants with a well-developed and well-anchored root system can bear more floral bunches in the final stage which ultimately results in a better harvest.<\/p>\n<p>&nbsp;<\/p>\n<p><strong>ESPECIALLY SUITABLE FOR<\/strong><br \/>\nDifferent kinds of vegetables and fruits like potatoes and sweet potatoes. It can also be used for flowering ornamental plants (e.g., Chrysanthemum, Tulips, Muscari). The required dosage can be measured to meet the needs of any individual plant or crop.<\/p>\n<p>&nbsp;<\/p>\n<p><strong>APPLICATION<\/strong><br \/>\nAdd daily when watering the plant in the first 2 weeks. It&#8217;s best to replace with <span style=\"color: #00ccff;\"><a style=\"color: #00ccff;\" href=\"https:\/\/atami.com\/de\/produkt\/ata-nrg-alga-c\">ATA NRG Alga-C<\/a><\/span> thereafter for continued support of the root system. Not suitable for irrigation systems!<\/p>\n<p>&nbsp;<\/p>\n<p><strong>DOSAGE<\/strong><br \/>\n1 \u2013 5 ml per litre of water.<\/p>\n<p>&nbsp;<\/p>\n<p><strong>AVAILABLE IN 100 ML, 250 ML, 500 ML, 1 LITRE AND 5 LITRE<\/strong><\/p>\n","protected":false},"excerpt":{"rendered":"<p>Wurzelstimulator<\/p>\n","protected":false},"featured_media":23927,"comment_status":"closed","ping_status":"closed","template":"","meta":{"_acf_changed":false,"iawp_total_views":39},"product_brand":[],"product_cat":[193,188],"product_tag":[],"class_list":{"0":"post-181730","1":"product","2":"type-product","3":"status-publish","4":"has-post-thumbnail","6":"product_cat-ata-nrg","7":"product_cat-stimulatoren","9":"first","10":"instock","11":"shipping-taxable","12":"product-type-simple"},"acf":{"short_description":"<p><strong>A large and healthy root system is a significant contributor to a well-developed plant. To make this possible, this root stimulator ensures a rapid and vigorous growth of the root system and has a preventive effect against soil diseases such as Pythium, Fusarium, and root lice.<\/strong><\/p>\r\n<p>The roots will quickly branch out and the root volume will increase immensely. This gives the plant more hold and makes sure the plant increases in size aboveground. Plants with a well-developed and well-anchored root system can bear more floral bunches in the final stage which ultimately results in a better harvest.<\/p>","suitable_for":"<p>Different kinds of vegetables and fruits like potatoes and sweet potatoes. It can also be used for flowering ornamental plants (e.g., Chrysanthemum, Tulips, Muscari). The required dosage can be measured to meet the needs of any individual plant or crop.<\/p>","application":"<p>Add daily when watering the plant in the first 2 weeks. It's best to replace with <a href=\"https:\/\/atami.com\/product\/ata-nrg-alga-c\">ATA NRG Alga-C<\/a> thereafter for continued support of the root system. Not suitable for irrigation systems!<\/p>","dosage":"<p>1 \u2013 5 ml per litre of water.<\/p>","npk_ratio":"","available_in":"<p>100 ML, 250 ML, 500 ML, 1 LITRE AND 5 LITRE<\/p>","icon_1":2019,"icon_1_text":"HEALTHY ROOT SYSTEM","icon_2":2023,"icon_2_text":"BETTER NUTRIENT UPTAKE","icon_3":2027,"icon_3_text":"PREVENTIVE AGAINST SOIL DISEASES","icon_4":"","icon_4_text":"","video":"https:\/\/youtu.be\/2OuVaIq5iXg","second_image":2015,"product_image_page":4095,"user_manual":"","new_icon_1":"","new_icon_2":"","new_icon_3":"","new_icon_4":"","grow_guides":"","category":"Stimulator"},"yoast_head":"<!-- This site is optimized with the Yoast SEO Premium plugin v27.4 (Yoast SEO v27.4) - https:\/\/yoast.com\/product\/yoast-seo-premium-wordpress\/ -->\n<title>ATA NRG Root-C \u2013 Effektiver Wurzelstimulator f\u00fcr robustes Pflanzenwachstum<\/title>\n<meta name=\"description\" content=\"F\u00f6rdern Sie ein gesundes Wurzelwachstum mit ATA NRG Root-C. Unser organischer Wurzelstimulator unterst\u00fctzt die Widerstandsf\u00e4higkeit gegen Bodenkrankheiten und verbessert die N\u00e4hrstoffaufnahme. Jetzt entdecken!\" \/>\n<meta name=\"robots\" content=\"index, follow, max-snippet:-1, max-image-preview:large, max-video-preview:-1\" \/>\n<link rel=\"canonical\" href=\"https:\/\/atami.com\/de\/produkt\/ata-nrg-root-c\" \/>\n<meta property=\"og:locale\" content=\"de_DE\" \/>\n<meta property=\"og:type\" content=\"article\" \/>\n<meta property=\"og:title\" content=\"ATA NRG Root-C\" \/>\n<meta property=\"og:description\" content=\"F\u00f6rdern Sie ein gesundes Wurzelwachstum mit ATA NRG Root-C. Unser organischer Wurzelstimulator unterst\u00fctzt die Widerstandsf\u00e4higkeit gegen Bodenkrankheiten und verbessert die N\u00e4hrstoffaufnahme. Jetzt entdecken!\" \/>\n<meta property=\"og:url\" content=\"https:\/\/atami.com\/de\/produkt\/ata-nrg-root-c\" \/>\n<meta property=\"og:site_name\" content=\"Atami\" \/>\n<meta property=\"article:publisher\" content=\"https:\/\/www.facebook.com\/Atami.International\" \/>\n<meta property=\"article:modified_time\" content=\"2026-03-03T13:09:29+00:00\" \/>\n<meta property=\"og:image\" content=\"https:\/\/atami.com\/wp-content\/uploads\/2023\/02\/ATA-NRG-Root-C-Main-Image.webp\" \/>\n\t<meta property=\"og:image:width\" content=\"1080\" \/>\n\t<meta property=\"og:image:height\" content=\"1080\" \/>\n\t<meta property=\"og:image:type\" content=\"image\/webp\" \/>\n<meta name=\"twitter:card\" content=\"summary_large_image\" \/>\n<meta name=\"twitter:site\" content=\"@AtamiEU\" \/>\n<meta name=\"twitter:label1\" content=\"Gesch\u00e4tzte Lesezeit\" \/>\n\t<meta name=\"twitter:data1\" content=\"2\u00a0Minuten\" \/>\n<script type=\"application\/ld+json\" class=\"yoast-schema-graph\">{\"@context\":\"https:\\\/\\\/schema.org\",\"@graph\":[{\"@type\":\"WebPage\",\"@id\":\"https:\\\/\\\/atami.com\\\/de\\\/produkt\\\/ata-nrg-root-c\",\"url\":\"https:\\\/\\\/atami.com\\\/de\\\/produkt\\\/ata-nrg-root-c\",\"name\":\"ATA NRG Root-C \u2013 Effektiver Wurzelstimulator f\u00fcr robustes Pflanzenwachstum\",\"isPartOf\":{\"@id\":\"https:\\\/\\\/atami.com\\\/de#website\"},\"primaryImageOfPage\":{\"@id\":\"https:\\\/\\\/atami.com\\\/de\\\/produkt\\\/ata-nrg-root-c#primaryimage\"},\"image\":{\"@id\":\"https:\\\/\\\/atami.com\\\/de\\\/produkt\\\/ata-nrg-root-c#primaryimage\"},\"thumbnailUrl\":\"https:\\\/\\\/atami.com\\\/wp-content\\\/uploads\\\/2023\\\/02\\\/ATA-NRG-Root-C-Main-Image.webp\",\"datePublished\":\"2023-02-10T08:01:20+00:00\",\"dateModified\":\"2026-03-03T13:09:29+00:00\",\"description\":\"F\u00f6rdern Sie ein gesundes Wurzelwachstum mit ATA NRG Root-C. Unser organischer Wurzelstimulator unterst\u00fctzt die Widerstandsf\u00e4higkeit gegen Bodenkrankheiten und verbessert die N\u00e4hrstoffaufnahme. Jetzt entdecken!\",\"breadcrumb\":{\"@id\":\"https:\\\/\\\/atami.com\\\/de\\\/produkt\\\/ata-nrg-root-c#breadcrumb\"},\"inLanguage\":\"de\",\"potentialAction\":[{\"@type\":\"ReadAction\",\"target\":[\"https:\\\/\\\/atami.com\\\/de\\\/produkt\\\/ata-nrg-root-c\"]}]},{\"@type\":\"ImageObject\",\"inLanguage\":\"de\",\"@id\":\"https:\\\/\\\/atami.com\\\/de\\\/produkt\\\/ata-nrg-root-c#primaryimage\",\"url\":\"https:\\\/\\\/atami.com\\\/wp-content\\\/uploads\\\/2023\\\/02\\\/ATA-NRG-Root-C-Main-Image.webp\",\"contentUrl\":\"https:\\\/\\\/atami.com\\\/wp-content\\\/uploads\\\/2023\\\/02\\\/ATA-NRG-Root-C-Main-Image.webp\",\"width\":1080,\"height\":1080,\"caption\":\"ATA NRG Root-C f\u00f6rdert ein schnelles und kr\u00e4ftiges Wurzelwachstum und verbessert die Pflanzenstabilit\u00e4t und N\u00e4hrstoffaufnahme.\"},{\"@type\":\"BreadcrumbList\",\"@id\":\"https:\\\/\\\/atami.com\\\/de\\\/produkt\\\/ata-nrg-root-c#breadcrumb\",\"itemListElement\":[{\"@type\":\"ListItem\",\"position\":1,\"name\":\"Home\",\"item\":\"https:\\\/\\\/atami.com\\\/de\"},{\"@type\":\"ListItem\",\"position\":2,\"name\":\"Produkte\",\"item\":\"https:\\\/\\\/atami.com\\\/de\\\/shop\"},{\"@type\":\"ListItem\",\"position\":3,\"name\":\"D\u00fcngemittel\",\"item\":\"https:\\\/\\\/atami.com\\\/de\\\/produkt-kategorie\\\/dungemittel\"},{\"@type\":\"ListItem\",\"position\":4,\"name\":\"Stimulatoren\",\"item\":\"https:\\\/\\\/atami.com\\\/de\\\/produkt-kategorie\\\/dungemittel\\\/stimulatoren\"},{\"@type\":\"ListItem\",\"position\":5,\"name\":\"ATA NRG Root-C\"}]},{\"@type\":\"WebSite\",\"@id\":\"https:\\\/\\\/atami.com\\\/de#website\",\"url\":\"https:\\\/\\\/atami.com\\\/de\",\"name\":\"Atami\",\"description\":\"NATURALLY INNOVATING!\",\"publisher\":{\"@id\":\"https:\\\/\\\/atami.com\\\/de#organization\"},\"potentialAction\":[{\"@type\":\"SearchAction\",\"target\":{\"@type\":\"EntryPoint\",\"urlTemplate\":\"https:\\\/\\\/atami.com\\\/de?s={search_term_string}\"},\"query-input\":{\"@type\":\"PropertyValueSpecification\",\"valueRequired\":true,\"valueName\":\"search_term_string\"}}],\"inLanguage\":\"de\"},{\"@type\":\"Organization\",\"@id\":\"https:\\\/\\\/atami.com\\\/de#organization\",\"name\":\"Atami\",\"url\":\"https:\\\/\\\/atami.com\\\/de\",\"logo\":{\"@type\":\"ImageObject\",\"inLanguage\":\"de\",\"@id\":\"https:\\\/\\\/atami.com\\\/de#\\\/schema\\\/logo\\\/image\\\/\",\"url\":\"https:\\\/\\\/atami.com\\\/wp-content\\\/uploads\\\/2026\\\/01\\\/Atami-logo-696x696px.webp\",\"contentUrl\":\"https:\\\/\\\/atami.com\\\/wp-content\\\/uploads\\\/2026\\\/01\\\/Atami-logo-696x696px.webp\",\"width\":696,\"height\":696,\"caption\":\"Atami\"},\"image\":{\"@id\":\"https:\\\/\\\/atami.com\\\/de#\\\/schema\\\/logo\\\/image\\\/\"},\"sameAs\":[\"https:\\\/\\\/www.facebook.com\\\/Atami.International\",\"https:\\\/\\\/x.com\\\/AtamiEU\",\"https:\\\/\\\/www.youtube.com\\\/c\\\/AtamiInternational\",\"https:\\\/\\\/www.instagram.com\\\/atami.international\\\/\"],\"description\":\"ATAMI is a premium plant nutrition & substrate brand founded in 1997 with the mission to make exceptional cultivation achievable for everyone. From legacy to license, we offer a wide variety of innovating award-winning products to let cultivators achieve maximum results in taste & yield.\",\"email\":\"info@mginnovations.es\",\"legalName\":\"Atami\",\"numberOfEmployees\":{\"@type\":\"QuantitativeValue\",\"minValue\":\"11\",\"maxValue\":\"50\"}}]}<\/script>\n<!-- \/ Yoast SEO Premium plugin. -->","yoast_head_json":{"title":"ATA NRG Root-C \u2013 Effektiver Wurzelstimulator f\u00fcr robustes Pflanzenwachstum","description":"F\u00f6rdern Sie ein gesundes Wurzelwachstum mit ATA NRG Root-C. Unser organischer Wurzelstimulator unterst\u00fctzt die Widerstandsf\u00e4higkeit gegen Bodenkrankheiten und verbessert die N\u00e4hrstoffaufnahme. Jetzt entdecken!","robots":{"index":"index","follow":"follow","max-snippet":"max-snippet:-1","max-image-preview":"max-image-preview:large","max-video-preview":"max-video-preview:-1"},"canonical":"https:\/\/atami.com\/de\/produkt\/ata-nrg-root-c","og_locale":"de_DE","og_type":"article","og_title":"ATA NRG Root-C","og_description":"F\u00f6rdern Sie ein gesundes Wurzelwachstum mit ATA NRG Root-C. Unser organischer Wurzelstimulator unterst\u00fctzt die Widerstandsf\u00e4higkeit gegen Bodenkrankheiten und verbessert die N\u00e4hrstoffaufnahme. Jetzt entdecken!","og_url":"https:\/\/atami.com\/de\/produkt\/ata-nrg-root-c","og_site_name":"Atami","article_publisher":"https:\/\/www.facebook.com\/Atami.International","article_modified_time":"2026-03-03T13:09:29+00:00","og_image":[{"width":1080,"height":1080,"url":"https:\/\/atami.com\/wp-content\/uploads\/2023\/02\/ATA-NRG-Root-C-Main-Image.webp","type":"image\/webp"}],"twitter_card":"summary_large_image","twitter_site":"@AtamiEU","twitter_misc":{"Gesch\u00e4tzte Lesezeit":"2\u00a0Minuten"},"schema":{"@context":"https:\/\/schema.org","@graph":[{"@type":"WebPage","@id":"https:\/\/atami.com\/de\/produkt\/ata-nrg-root-c","url":"https:\/\/atami.com\/de\/produkt\/ata-nrg-root-c","name":"ATA NRG Root-C \u2013 Effektiver Wurzelstimulator f\u00fcr robustes Pflanzenwachstum","isPartOf":{"@id":"https:\/\/atami.com\/de#website"},"primaryImageOfPage":{"@id":"https:\/\/atami.com\/de\/produkt\/ata-nrg-root-c#primaryimage"},"image":{"@id":"https:\/\/atami.com\/de\/produkt\/ata-nrg-root-c#primaryimage"},"thumbnailUrl":"https:\/\/atami.com\/wp-content\/uploads\/2023\/02\/ATA-NRG-Root-C-Main-Image.webp","datePublished":"2023-02-10T08:01:20+00:00","dateModified":"2026-03-03T13:09:29+00:00","description":"F\u00f6rdern Sie ein gesundes Wurzelwachstum mit ATA NRG Root-C. Unser organischer Wurzelstimulator unterst\u00fctzt die Widerstandsf\u00e4higkeit gegen Bodenkrankheiten und verbessert die N\u00e4hrstoffaufnahme. Jetzt entdecken!","breadcrumb":{"@id":"https:\/\/atami.com\/de\/produkt\/ata-nrg-root-c#breadcrumb"},"inLanguage":"de","potentialAction":[{"@type":"ReadAction","target":["https:\/\/atami.com\/de\/produkt\/ata-nrg-root-c"]}]},{"@type":"ImageObject","inLanguage":"de","@id":"https:\/\/atami.com\/de\/produkt\/ata-nrg-root-c#primaryimage","url":"https:\/\/atami.com\/wp-content\/uploads\/2023\/02\/ATA-NRG-Root-C-Main-Image.webp","contentUrl":"https:\/\/atami.com\/wp-content\/uploads\/2023\/02\/ATA-NRG-Root-C-Main-Image.webp","width":1080,"height":1080,"caption":"ATA NRG Root-C f\u00f6rdert ein schnelles und kr\u00e4ftiges Wurzelwachstum und verbessert die Pflanzenstabilit\u00e4t und N\u00e4hrstoffaufnahme."},{"@type":"BreadcrumbList","@id":"https:\/\/atami.com\/de\/produkt\/ata-nrg-root-c#breadcrumb","itemListElement":[{"@type":"ListItem","position":1,"name":"Home","item":"https:\/\/atami.com\/de"},{"@type":"ListItem","position":2,"name":"Produkte","item":"https:\/\/atami.com\/de\/shop"},{"@type":"ListItem","position":3,"name":"D\u00fcngemittel","item":"https:\/\/atami.com\/de\/produkt-kategorie\/dungemittel"},{"@type":"ListItem","position":4,"name":"Stimulatoren","item":"https:\/\/atami.com\/de\/produkt-kategorie\/dungemittel\/stimulatoren"},{"@type":"ListItem","position":5,"name":"ATA NRG Root-C"}]},{"@type":"WebSite","@id":"https:\/\/atami.com\/de#website","url":"https:\/\/atami.com\/de","name":"Atami","description":"NATURALLY INNOVATING!","publisher":{"@id":"https:\/\/atami.com\/de#organization"},"potentialAction":[{"@type":"SearchAction","target":{"@type":"EntryPoint","urlTemplate":"https:\/\/atami.com\/de?s={search_term_string}"},"query-input":{"@type":"PropertyValueSpecification","valueRequired":true,"valueName":"search_term_string"}}],"inLanguage":"de"},{"@type":"Organization","@id":"https:\/\/atami.com\/de#organization","name":"Atami","url":"https:\/\/atami.com\/de","logo":{"@type":"ImageObject","inLanguage":"de","@id":"https:\/\/atami.com\/de#\/schema\/logo\/image\/","url":"https:\/\/atami.com\/wp-content\/uploads\/2026\/01\/Atami-logo-696x696px.webp","contentUrl":"https:\/\/atami.com\/wp-content\/uploads\/2026\/01\/Atami-logo-696x696px.webp","width":696,"height":696,"caption":"Atami"},"image":{"@id":"https:\/\/atami.com\/de#\/schema\/logo\/image\/"},"sameAs":["https:\/\/www.facebook.com\/Atami.International","https:\/\/x.com\/AtamiEU","https:\/\/www.youtube.com\/c\/AtamiInternational","https:\/\/www.instagram.com\/atami.international\/"],"description":"ATAMI is a premium plant nutrition & substrate brand founded in 1997 with the mission to make exceptional cultivation achievable for everyone. From legacy to license, we offer a wide variety of innovating award-winning products to let cultivators achieve maximum results in taste & yield.","email":"info@mginnovations.es","legalName":"Atami","numberOfEmployees":{"@type":"QuantitativeValue","minValue":"11","maxValue":"50"}}]}},"_links":{"self":[{"href":"https:\/\/atami.com\/de\/wp-json\/wp\/v2\/product\/181730","targetHints":{"allow":["GET"]}}],"collection":[{"href":"https:\/\/atami.com\/de\/wp-json\/wp\/v2\/product"}],"about":[{"href":"https:\/\/atami.com\/de\/wp-json\/wp\/v2\/types\/product"}],"replies":[{"embeddable":true,"href":"https:\/\/atami.com\/de\/wp-json\/wp\/v2\/comments?post=181730"}],"wp:featuredmedia":[{"embeddable":true,"href":"https:\/\/atami.com\/de\/wp-json\/wp\/v2\/media\/23927"}],"wp:attachment":[{"href":"https:\/\/atami.com\/de\/wp-json\/wp\/v2\/media?parent=181730"}],"wp:term":[{"taxonomy":"product_brand","embeddable":true,"href":"https:\/\/atami.com\/de\/wp-json\/wp\/v2\/product_brand?post=181730"},{"taxonomy":"product_cat","embeddable":true,"href":"https:\/\/atami.com\/de\/wp-json\/wp\/v2\/product_cat?post=181730"},{"taxonomy":"product_tag","embeddable":true,"href":"https:\/\/atami.com\/de\/wp-json\/wp\/v2\/product_tag?post=181730"}],"curies":[{"name":"wp","href":"https:\/\/api.w.org\/{rel}","templated":true}]}}