{"id":181729,"date":"2023-02-10T08:23:03","date_gmt":"2023-02-10T08:23:03","guid":{"rendered":"https:\/\/atami.com\/product\/ata-nrg-flower-c\/"},"modified":"2026-03-03T15:08:28","modified_gmt":"2026-03-03T13:08:28","slug":"ata-nrg-flower-c","status":"publish","type":"product","link":"https:\/\/atami.com\/de\/produkt\/ata-nrg-flower-c","title":{"rendered":"ATA NRG Flower-C"},"content":{"rendered":"<p>For many plants, the flowering period is the most important period in the cycle. This organic bloom stimulator has a positive effect on the plant\u2019s willingness to bloom, so flowering starts earlier, intensifies and lasts longer.<\/p>\n<p>&nbsp;<\/p>\n<p>ATA NRG Flower-C can be absorbed directly by the plant and will contribute to an explosive flower production. The flowers will become larger in size yet still retain their characteristic smell and taste.<\/p>\n<p>&nbsp;<\/p>\n<h2><strong><span style=\"font-size: 14pt;\">ATA NRG FLOWER-C IS SUITABLE FOR:<\/span><\/strong><\/h2>\n<p>Different kinds of vegetables and fruits like bell peppers, chili peppers and eggplant. It can also be used for flowering ornamental plants (e.g., Osteospermum). The required dosage can be measured to meet the needs of individual plants or crop.<\/p>\n<p>&nbsp;<\/p>\n<h2><strong><span style=\"font-size: 14pt;\">APPLICATION<\/span><\/strong><\/h2>\n<p>Can be used throughout the flowering stage to complement the regular nutrition when irritating the crop.<\/p>\n<p>&nbsp;<\/p>\n<h2><strong><span style=\"font-size: 14pt;\">DOSAGE<\/span><\/strong><\/h2>\n<p>1 \u2013 5 ml per litre of water.<\/p>\n<p>&nbsp;<\/p>\n<p>AVAILABLE IN 500 ML, 1 LITRE AND 5 LITRE<\/p>\n","protected":false},"excerpt":{"rendered":"<p>Bl\u00fctenstimulator<\/p>\n<p>Intensiviert die Bl\u00fctezeit<\/p>\n","protected":false},"featured_media":23942,"comment_status":"closed","ping_status":"closed","template":"","meta":{"_acf_changed":false,"iawp_total_views":69},"product_brand":[],"product_cat":[193,188],"product_tag":[],"class_list":{"0":"post-181729","1":"product","2":"type-product","3":"status-publish","4":"has-post-thumbnail","6":"product_cat-ata-nrg","7":"product_cat-stimulatoren","9":"first","10":"instock","11":"shipping-taxable","12":"product-type-simple"},"acf":{"short_description":"<p>For many plants, the flowering period is the most important period in the cycle. This organic bloom stimulator has a positive effect on the plant\u2019s willingness to bloom, so flowering starts earlier, intensifies and lasts longer.<\/p>\r\n<p>ATA NRG Flower-C can be absorbed directly by the plant and will contribute to an explosive flower production. The flowers will become larger in size yet still retain their characteristic smell and taste.<\/p>","suitable_for":"<p>Different kinds of vegetables and fruits like bell peppers, chili peppers and eggplant. It can also be used for flowering ornamental plants (e.g., Osteospermum). The required dosage can be measured to meet the needs of individual plants or crop.<\/p>","application":"<p>Can be used throughout the flowering stage to complement the regular nutrition when irritating the crop.<\/p>","dosage":"<p>1 \u2013 5 ml per litre of water.<\/p>","npk_ratio":"","available_in":"<p>500 ML, 1 LITRE AND 5 LITRE<\/p>","icon_1":2063,"icon_1_text":"LONGER AND MORE INTENSE FLOWERING PERIOD","icon_2":2067,"icon_2_text":"EASILY ABSORBABLE","icon_3":2071,"icon_3_text":"CAN BE USED THROUGHOUT THE FLOWERING PHASE ON TOP OF YOUR REGULAR NUTRITION","icon_4":"","icon_4_text":"","video":"https:\/\/youtu.be\/3FpL0OBsPTk","second_image":2059,"product_image_page":4099,"user_manual":"","new_icon_1":"","new_icon_2":"","new_icon_3":"","new_icon_4":"","grow_guides":"","category":"Stimulator"},"yoast_head":"<!-- This site is optimized with the Yoast SEO Premium plugin v27.4 (Yoast SEO v27.4) - https:\/\/yoast.com\/product\/yoast-seo-premium-wordpress\/ -->\n<title>ATA NRG Flower-C: Der ideale Bl\u00fctestimulator f\u00fcr gesunde, ertragreiche Pflanzen<\/title>\n<meta name=\"description\" content=\"Maximieren Sie den Ertrag und die Bl\u00fchkraft Ihrer Pflanzen mit ATA NRG Flower-C. Ein hochwertiger Bl\u00fctestimulator, der gesunde, kr\u00e4ftige Pflanzen f\u00f6rdert. Jetzt mehr erfahren!\" \/>\n<meta name=\"robots\" content=\"index, follow, max-snippet:-1, max-image-preview:large, max-video-preview:-1\" \/>\n<link rel=\"canonical\" href=\"https:\/\/atami.com\/de\/produkt\/ata-nrg-flower-c\" \/>\n<meta property=\"og:locale\" content=\"de_DE\" \/>\n<meta property=\"og:type\" content=\"article\" \/>\n<meta property=\"og:title\" content=\"ATA NRG Flower-C\" \/>\n<meta property=\"og:description\" content=\"Maximieren Sie den Ertrag und die Bl\u00fchkraft Ihrer Pflanzen mit ATA NRG Flower-C. Ein hochwertiger Bl\u00fctestimulator, der gesunde, kr\u00e4ftige Pflanzen f\u00f6rdert. Jetzt mehr erfahren!\" \/>\n<meta property=\"og:url\" content=\"https:\/\/atami.com\/de\/produkt\/ata-nrg-flower-c\" \/>\n<meta property=\"og:site_name\" content=\"Atami\" \/>\n<meta property=\"article:publisher\" content=\"https:\/\/www.facebook.com\/Atami.International\" \/>\n<meta property=\"article:modified_time\" content=\"2026-03-03T13:08:28+00:00\" \/>\n<meta property=\"og:image\" content=\"https:\/\/atami.com\/wp-content\/uploads\/2023\/02\/ATA-NRG-Flower-C-Main-Image.webp\" \/>\n\t<meta property=\"og:image:width\" content=\"1080\" \/>\n\t<meta property=\"og:image:height\" content=\"1080\" \/>\n\t<meta property=\"og:image:type\" content=\"image\/webp\" \/>\n<meta name=\"twitter:card\" content=\"summary_large_image\" \/>\n<meta name=\"twitter:site\" content=\"@AtamiEU\" \/>\n<meta name=\"twitter:label1\" content=\"Gesch\u00e4tzte Lesezeit\" \/>\n\t<meta name=\"twitter:data1\" content=\"1\u00a0Minute\" \/>\n<script type=\"application\/ld+json\" class=\"yoast-schema-graph\">{\"@context\":\"https:\\\/\\\/schema.org\",\"@graph\":[{\"@type\":\"WebPage\",\"@id\":\"https:\\\/\\\/atami.com\\\/de\\\/produkt\\\/ata-nrg-flower-c\",\"url\":\"https:\\\/\\\/atami.com\\\/de\\\/produkt\\\/ata-nrg-flower-c\",\"name\":\"ATA NRG Flower-C: Der ideale Bl\u00fctestimulator f\u00fcr gesunde, ertragreiche Pflanzen\",\"isPartOf\":{\"@id\":\"https:\\\/\\\/atami.com\\\/de#website\"},\"primaryImageOfPage\":{\"@id\":\"https:\\\/\\\/atami.com\\\/de\\\/produkt\\\/ata-nrg-flower-c#primaryimage\"},\"image\":{\"@id\":\"https:\\\/\\\/atami.com\\\/de\\\/produkt\\\/ata-nrg-flower-c#primaryimage\"},\"thumbnailUrl\":\"https:\\\/\\\/atami.com\\\/wp-content\\\/uploads\\\/2023\\\/02\\\/ATA-NRG-Flower-C-Main-Image.webp\",\"datePublished\":\"2023-02-10T08:23:03+00:00\",\"dateModified\":\"2026-03-03T13:08:28+00:00\",\"description\":\"Maximieren Sie den Ertrag und die Bl\u00fchkraft Ihrer Pflanzen mit ATA NRG Flower-C. Ein hochwertiger Bl\u00fctestimulator, der gesunde, kr\u00e4ftige Pflanzen f\u00f6rdert. Jetzt mehr erfahren!\",\"breadcrumb\":{\"@id\":\"https:\\\/\\\/atami.com\\\/de\\\/produkt\\\/ata-nrg-flower-c#breadcrumb\"},\"inLanguage\":\"de\",\"potentialAction\":[{\"@type\":\"ReadAction\",\"target\":[\"https:\\\/\\\/atami.com\\\/de\\\/produkt\\\/ata-nrg-flower-c\"]}]},{\"@type\":\"ImageObject\",\"inLanguage\":\"de\",\"@id\":\"https:\\\/\\\/atami.com\\\/de\\\/produkt\\\/ata-nrg-flower-c#primaryimage\",\"url\":\"https:\\\/\\\/atami.com\\\/wp-content\\\/uploads\\\/2023\\\/02\\\/ATA-NRG-Flower-C-Main-Image.webp\",\"contentUrl\":\"https:\\\/\\\/atami.com\\\/wp-content\\\/uploads\\\/2023\\\/02\\\/ATA-NRG-Flower-C-Main-Image.webp\",\"width\":1080,\"height\":1080,\"caption\":\"ATA NRG Flower-C f\u00f6rdert eine fr\u00fchere, intensivere und l\u00e4nger anhaltende Bl\u00fcte verschiedener Pflanzen.\"},{\"@type\":\"BreadcrumbList\",\"@id\":\"https:\\\/\\\/atami.com\\\/de\\\/produkt\\\/ata-nrg-flower-c#breadcrumb\",\"itemListElement\":[{\"@type\":\"ListItem\",\"position\":1,\"name\":\"Home\",\"item\":\"https:\\\/\\\/atami.com\\\/de\"},{\"@type\":\"ListItem\",\"position\":2,\"name\":\"Produkte\",\"item\":\"https:\\\/\\\/atami.com\\\/de\\\/shop\"},{\"@type\":\"ListItem\",\"position\":3,\"name\":\"D\u00fcngemittel\",\"item\":\"https:\\\/\\\/atami.com\\\/de\\\/produkt-kategorie\\\/dungemittel\"},{\"@type\":\"ListItem\",\"position\":4,\"name\":\"Stimulatoren\",\"item\":\"https:\\\/\\\/atami.com\\\/de\\\/produkt-kategorie\\\/dungemittel\\\/stimulatoren\"},{\"@type\":\"ListItem\",\"position\":5,\"name\":\"ATA NRG Flower-C\"}]},{\"@type\":\"WebSite\",\"@id\":\"https:\\\/\\\/atami.com\\\/de#website\",\"url\":\"https:\\\/\\\/atami.com\\\/de\",\"name\":\"Atami\",\"description\":\"NATURALLY INNOVATING!\",\"publisher\":{\"@id\":\"https:\\\/\\\/atami.com\\\/de#organization\"},\"potentialAction\":[{\"@type\":\"SearchAction\",\"target\":{\"@type\":\"EntryPoint\",\"urlTemplate\":\"https:\\\/\\\/atami.com\\\/de?s={search_term_string}\"},\"query-input\":{\"@type\":\"PropertyValueSpecification\",\"valueRequired\":true,\"valueName\":\"search_term_string\"}}],\"inLanguage\":\"de\"},{\"@type\":\"Organization\",\"@id\":\"https:\\\/\\\/atami.com\\\/de#organization\",\"name\":\"Atami\",\"url\":\"https:\\\/\\\/atami.com\\\/de\",\"logo\":{\"@type\":\"ImageObject\",\"inLanguage\":\"de\",\"@id\":\"https:\\\/\\\/atami.com\\\/de#\\\/schema\\\/logo\\\/image\\\/\",\"url\":\"https:\\\/\\\/atami.com\\\/wp-content\\\/uploads\\\/2026\\\/01\\\/Atami-logo-696x696px.webp\",\"contentUrl\":\"https:\\\/\\\/atami.com\\\/wp-content\\\/uploads\\\/2026\\\/01\\\/Atami-logo-696x696px.webp\",\"width\":696,\"height\":696,\"caption\":\"Atami\"},\"image\":{\"@id\":\"https:\\\/\\\/atami.com\\\/de#\\\/schema\\\/logo\\\/image\\\/\"},\"sameAs\":[\"https:\\\/\\\/www.facebook.com\\\/Atami.International\",\"https:\\\/\\\/x.com\\\/AtamiEU\",\"https:\\\/\\\/www.youtube.com\\\/c\\\/AtamiInternational\",\"https:\\\/\\\/www.instagram.com\\\/atami.international\\\/\"],\"description\":\"ATAMI is a premium plant nutrition & substrate brand founded in 1997 with the mission to make exceptional cultivation achievable for everyone. From legacy to license, we offer a wide variety of innovating award-winning products to let cultivators achieve maximum results in taste & yield.\",\"email\":\"info@mginnovations.es\",\"legalName\":\"Atami\",\"numberOfEmployees\":{\"@type\":\"QuantitativeValue\",\"minValue\":\"11\",\"maxValue\":\"50\"}}]}<\/script>\n<!-- \/ Yoast SEO Premium plugin. -->","yoast_head_json":{"title":"ATA NRG Flower-C: Der ideale Bl\u00fctestimulator f\u00fcr gesunde, ertragreiche Pflanzen","description":"Maximieren Sie den Ertrag und die Bl\u00fchkraft Ihrer Pflanzen mit ATA NRG Flower-C. Ein hochwertiger Bl\u00fctestimulator, der gesunde, kr\u00e4ftige Pflanzen f\u00f6rdert. Jetzt mehr erfahren!","robots":{"index":"index","follow":"follow","max-snippet":"max-snippet:-1","max-image-preview":"max-image-preview:large","max-video-preview":"max-video-preview:-1"},"canonical":"https:\/\/atami.com\/de\/produkt\/ata-nrg-flower-c","og_locale":"de_DE","og_type":"article","og_title":"ATA NRG Flower-C","og_description":"Maximieren Sie den Ertrag und die Bl\u00fchkraft Ihrer Pflanzen mit ATA NRG Flower-C. Ein hochwertiger Bl\u00fctestimulator, der gesunde, kr\u00e4ftige Pflanzen f\u00f6rdert. Jetzt mehr erfahren!","og_url":"https:\/\/atami.com\/de\/produkt\/ata-nrg-flower-c","og_site_name":"Atami","article_publisher":"https:\/\/www.facebook.com\/Atami.International","article_modified_time":"2026-03-03T13:08:28+00:00","og_image":[{"width":1080,"height":1080,"url":"https:\/\/atami.com\/wp-content\/uploads\/2023\/02\/ATA-NRG-Flower-C-Main-Image.webp","type":"image\/webp"}],"twitter_card":"summary_large_image","twitter_site":"@AtamiEU","twitter_misc":{"Gesch\u00e4tzte Lesezeit":"1\u00a0Minute"},"schema":{"@context":"https:\/\/schema.org","@graph":[{"@type":"WebPage","@id":"https:\/\/atami.com\/de\/produkt\/ata-nrg-flower-c","url":"https:\/\/atami.com\/de\/produkt\/ata-nrg-flower-c","name":"ATA NRG Flower-C: Der ideale Bl\u00fctestimulator f\u00fcr gesunde, ertragreiche Pflanzen","isPartOf":{"@id":"https:\/\/atami.com\/de#website"},"primaryImageOfPage":{"@id":"https:\/\/atami.com\/de\/produkt\/ata-nrg-flower-c#primaryimage"},"image":{"@id":"https:\/\/atami.com\/de\/produkt\/ata-nrg-flower-c#primaryimage"},"thumbnailUrl":"https:\/\/atami.com\/wp-content\/uploads\/2023\/02\/ATA-NRG-Flower-C-Main-Image.webp","datePublished":"2023-02-10T08:23:03+00:00","dateModified":"2026-03-03T13:08:28+00:00","description":"Maximieren Sie den Ertrag und die Bl\u00fchkraft Ihrer Pflanzen mit ATA NRG Flower-C. Ein hochwertiger Bl\u00fctestimulator, der gesunde, kr\u00e4ftige Pflanzen f\u00f6rdert. Jetzt mehr erfahren!","breadcrumb":{"@id":"https:\/\/atami.com\/de\/produkt\/ata-nrg-flower-c#breadcrumb"},"inLanguage":"de","potentialAction":[{"@type":"ReadAction","target":["https:\/\/atami.com\/de\/produkt\/ata-nrg-flower-c"]}]},{"@type":"ImageObject","inLanguage":"de","@id":"https:\/\/atami.com\/de\/produkt\/ata-nrg-flower-c#primaryimage","url":"https:\/\/atami.com\/wp-content\/uploads\/2023\/02\/ATA-NRG-Flower-C-Main-Image.webp","contentUrl":"https:\/\/atami.com\/wp-content\/uploads\/2023\/02\/ATA-NRG-Flower-C-Main-Image.webp","width":1080,"height":1080,"caption":"ATA NRG Flower-C f\u00f6rdert eine fr\u00fchere, intensivere und l\u00e4nger anhaltende Bl\u00fcte verschiedener Pflanzen."},{"@type":"BreadcrumbList","@id":"https:\/\/atami.com\/de\/produkt\/ata-nrg-flower-c#breadcrumb","itemListElement":[{"@type":"ListItem","position":1,"name":"Home","item":"https:\/\/atami.com\/de"},{"@type":"ListItem","position":2,"name":"Produkte","item":"https:\/\/atami.com\/de\/shop"},{"@type":"ListItem","position":3,"name":"D\u00fcngemittel","item":"https:\/\/atami.com\/de\/produkt-kategorie\/dungemittel"},{"@type":"ListItem","position":4,"name":"Stimulatoren","item":"https:\/\/atami.com\/de\/produkt-kategorie\/dungemittel\/stimulatoren"},{"@type":"ListItem","position":5,"name":"ATA NRG Flower-C"}]},{"@type":"WebSite","@id":"https:\/\/atami.com\/de#website","url":"https:\/\/atami.com\/de","name":"Atami","description":"NATURALLY INNOVATING!","publisher":{"@id":"https:\/\/atami.com\/de#organization"},"potentialAction":[{"@type":"SearchAction","target":{"@type":"EntryPoint","urlTemplate":"https:\/\/atami.com\/de?s={search_term_string}"},"query-input":{"@type":"PropertyValueSpecification","valueRequired":true,"valueName":"search_term_string"}}],"inLanguage":"de"},{"@type":"Organization","@id":"https:\/\/atami.com\/de#organization","name":"Atami","url":"https:\/\/atami.com\/de","logo":{"@type":"ImageObject","inLanguage":"de","@id":"https:\/\/atami.com\/de#\/schema\/logo\/image\/","url":"https:\/\/atami.com\/wp-content\/uploads\/2026\/01\/Atami-logo-696x696px.webp","contentUrl":"https:\/\/atami.com\/wp-content\/uploads\/2026\/01\/Atami-logo-696x696px.webp","width":696,"height":696,"caption":"Atami"},"image":{"@id":"https:\/\/atami.com\/de#\/schema\/logo\/image\/"},"sameAs":["https:\/\/www.facebook.com\/Atami.International","https:\/\/x.com\/AtamiEU","https:\/\/www.youtube.com\/c\/AtamiInternational","https:\/\/www.instagram.com\/atami.international\/"],"description":"ATAMI is a premium plant nutrition & substrate brand founded in 1997 with the mission to make exceptional cultivation achievable for everyone. From legacy to license, we offer a wide variety of innovating award-winning products to let cultivators achieve maximum results in taste & yield.","email":"info@mginnovations.es","legalName":"Atami","numberOfEmployees":{"@type":"QuantitativeValue","minValue":"11","maxValue":"50"}}]}},"_links":{"self":[{"href":"https:\/\/atami.com\/de\/wp-json\/wp\/v2\/product\/181729","targetHints":{"allow":["GET"]}}],"collection":[{"href":"https:\/\/atami.com\/de\/wp-json\/wp\/v2\/product"}],"about":[{"href":"https:\/\/atami.com\/de\/wp-json\/wp\/v2\/types\/product"}],"replies":[{"embeddable":true,"href":"https:\/\/atami.com\/de\/wp-json\/wp\/v2\/comments?post=181729"}],"wp:featuredmedia":[{"embeddable":true,"href":"https:\/\/atami.com\/de\/wp-json\/wp\/v2\/media\/23942"}],"wp:attachment":[{"href":"https:\/\/atami.com\/de\/wp-json\/wp\/v2\/media?parent=181729"}],"wp:term":[{"taxonomy":"product_brand","embeddable":true,"href":"https:\/\/atami.com\/de\/wp-json\/wp\/v2\/product_brand?post=181729"},{"taxonomy":"product_cat","embeddable":true,"href":"https:\/\/atami.com\/de\/wp-json\/wp\/v2\/product_cat?post=181729"},{"taxonomy":"product_tag","embeddable":true,"href":"https:\/\/atami.com\/de\/wp-json\/wp\/v2\/product_tag?post=181729"}],"curies":[{"name":"wp","href":"https:\/\/api.w.org\/{rel}","templated":true}]}}