{"id":181728,"date":"2023-02-10T11:02:43","date_gmt":"2023-02-10T11:02:43","guid":{"rendered":"https:\/\/atami.com\/product\/ata-nrg-alga-c\/"},"modified":"2026-03-03T15:08:53","modified_gmt":"2026-03-03T13:08:53","slug":"ata-nrg-alga-c","status":"publish","type":"product","link":"https:\/\/atami.com\/de\/produkt\/ata-nrg-alga-c","title":{"rendered":"ATA NRG Alga-C"},"content":{"rendered":"<p><strong>ATA NRG Alga-C is an additive that is composed of organic materials such as various seaweeds. This liquid stimulator contains a wealth of amino acids, trace elements, vitamins, and natural plant hormones.<\/strong><\/p>\n<p>&nbsp;<\/p>\n<p>All these components help to prevent stress for the plant and ensure that all the needs of the plant are met. This additive improves the condition of your crop and drastically reduces the chance of diseases and shortages. In short, essential for growing healthy plants!<\/p>\n<p>&nbsp;<\/p>\n<p><strong>ATA NRG IS SUITABLE FOR:<\/strong><br \/>\nDifferent kinds of vegetables, fruits and herbs like lettuce, spinach, cabbage, gherkins, cilantro, chives, etc. The required dosage can be measured to meet the needs of individual plants or crop.<\/p>\n<p>&nbsp;<\/p>\n<p><strong>APPLICATION<\/strong><br \/>\nATA NRG Alga-C can be used daily during the entire growing and flowering stage in addition to the regular nutrition to irrigate the crop. It also works on its own as a foliar spray. In that case it is used to spray the leaves.<\/p>\n<p>&nbsp;<\/p>\n<p><strong>DOSAGE<\/strong><br \/>\nAs addition to nutrition: 2 \u2013 5 ml per litre of water.<br \/>\nAs leaf nutrition: 1 \u2013 3 ml per litre of water.<\/p>\n<p>&nbsp;<\/p>\n<p><strong>AVAILABLE IN 250 ML, 500 ML, 1 LITRE AND 5 LITRE.<\/strong><\/p>\n","protected":false},"excerpt":{"rendered":"<p>ATA NRG Alga-C is an additive that is composed of organic materials such as various seaweeds. This liquid stimulator contains a wealth of amino acids, trace elements, vitamins, and natural plant hormones. &nbsp; All these components help to prevent stress for the plant and ensure that all the needs of the plant are met. This [&hellip;]<\/p>\n","protected":false},"featured_media":23957,"comment_status":"closed","ping_status":"closed","template":"","meta":{"_acf_changed":false,"iawp_total_views":85},"product_brand":[],"product_cat":[193,192],"product_tag":[],"class_list":{"0":"post-181728","1":"product","2":"type-product","3":"status-publish","4":"has-post-thumbnail","6":"product_cat-ata-nrg","7":"product_cat-zusatze","9":"first","10":"instock","11":"shipping-taxable","12":"product-type-simple"},"acf":{"short_description":"<p><strong>ATA NRG Alga-C is an additive that is composed of organic materials such as various seaweeds. This liquid stimulator contains a wealth of amino acids, trace elements, vitamins, and natural plant hormones.<\/strong><\/p>\r\n<p>All these components help to prevent stress for the plant and ensure that all the needs of the plant are met. This additive improves the condition of your crop and drastically reduces the chance of diseases and shortages. In short, essential for growing healthy plants!<\/p>","suitable_for":"<p>Different kinds of vegetables, fruits and herbs like lettuce, spinach, cabbage, gherkins, cilantro, chives, etc. The required dosage can be measured to meet the needs of individual plants or crop.<\/p>","application":"<p>ATA NRG Alga-C can be used daily during the entire growing and flowering stage in addition to the regular nutrition to irrigate the crop. It also works on its own as a foliar spray. In that case it is used to spray the leaves.<\/p>","dosage":"<p>As addition to nutrition: 2 \u2013 5 ml per litre of water.<\/p>\r\n<p>As leaf nutrition: 1 \u2013 3 ml per litre of water.<\/p>","npk_ratio":"","available_in":"<p>250 ML, 500 ML, 1 LITRE AND 5 LITRE<\/p>","icon_1":2093,"icon_1_text":"HELPS WITH AN EFFICIENT NUTRIENT UPTAKE BY CHELATION","icon_2":2097,"icon_2_text":"PREVENTS STRESS","icon_3":2101,"icon_3_text":"CAN BE USED AS A FOLIAR SPRAY","icon_4":"","icon_4_text":"","video":"https:\/\/youtu.be\/JrK9Qh4X21I","second_image":1911,"product_image_page":4103,"user_manual":"","new_icon_1":"","new_icon_2":"","new_icon_3":"","new_icon_4":"","grow_guides":"","category":"Zusatzstoff"},"yoast_head":"<!-- This site is optimized with the Yoast SEO Premium plugin v27.4 (Yoast SEO v27.4) - https:\/\/yoast.com\/product\/yoast-seo-premium-wordpress\/ -->\n<title>ATA NRG Alga C: Nat\u00fcrlicher Wachstumsbooster f\u00fcr Gesunde Pflanzen<\/title>\n<meta name=\"description\" content=\"Entdecken Sie ATA NRG Alga-C von Atami, einen organischen Stimulator auf Algenbasis, der mit Aminos\u00e4uren, Spurenelementen und nat\u00fcrlichen Pflanzenhormonen angereichert ist. Verbessern Sie die N\u00e4hrstoffaufnahme und reduzieren Sie Stress f\u00fcr Ihre Pflanzen.\" \/>\n<meta name=\"robots\" content=\"index, follow, max-snippet:-1, max-image-preview:large, max-video-preview:-1\" \/>\n<link rel=\"canonical\" href=\"https:\/\/atami.com\/de\/produkt\/ata-nrg-alga-c\" \/>\n<meta property=\"og:locale\" content=\"de_DE\" \/>\n<meta property=\"og:type\" content=\"article\" \/>\n<meta property=\"og:title\" content=\"ATA NRG Alga-C\" \/>\n<meta property=\"og:description\" content=\"Entdecken Sie ATA NRG Alga-C von Atami, einen organischen Stimulator auf Algenbasis, der mit Aminos\u00e4uren, Spurenelementen und nat\u00fcrlichen Pflanzenhormonen angereichert ist. Verbessern Sie die N\u00e4hrstoffaufnahme und reduzieren Sie Stress f\u00fcr Ihre Pflanzen.\" \/>\n<meta property=\"og:url\" content=\"https:\/\/atami.com\/de\/produkt\/ata-nrg-alga-c\" \/>\n<meta property=\"og:site_name\" content=\"Atami\" \/>\n<meta property=\"article:publisher\" content=\"https:\/\/www.facebook.com\/Atami.International\" \/>\n<meta property=\"article:modified_time\" content=\"2026-03-03T13:08:53+00:00\" \/>\n<meta property=\"og:image\" content=\"https:\/\/atami.com\/wp-content\/uploads\/2023\/02\/ATA-NRG-Alga-C-Main-Image.webp\" \/>\n\t<meta property=\"og:image:width\" content=\"1080\" \/>\n\t<meta property=\"og:image:height\" content=\"1080\" \/>\n\t<meta property=\"og:image:type\" content=\"image\/webp\" \/>\n<meta name=\"twitter:card\" content=\"summary_large_image\" \/>\n<meta name=\"twitter:site\" content=\"@AtamiEU\" \/>\n<meta name=\"twitter:label1\" content=\"Gesch\u00e4tzte Lesezeit\" \/>\n\t<meta name=\"twitter:data1\" content=\"2\u00a0Minuten\" \/>\n<script type=\"application\/ld+json\" class=\"yoast-schema-graph\">{\"@context\":\"https:\\\/\\\/schema.org\",\"@graph\":[{\"@type\":\"WebPage\",\"@id\":\"https:\\\/\\\/atami.com\\\/de\\\/produkt\\\/ata-nrg-alga-c\",\"url\":\"https:\\\/\\\/atami.com\\\/de\\\/produkt\\\/ata-nrg-alga-c\",\"name\":\"ATA NRG Alga C: Nat\u00fcrlicher Wachstumsbooster f\u00fcr Gesunde Pflanzen\",\"isPartOf\":{\"@id\":\"https:\\\/\\\/atami.com\\\/de#website\"},\"primaryImageOfPage\":{\"@id\":\"https:\\\/\\\/atami.com\\\/de\\\/produkt\\\/ata-nrg-alga-c#primaryimage\"},\"image\":{\"@id\":\"https:\\\/\\\/atami.com\\\/de\\\/produkt\\\/ata-nrg-alga-c#primaryimage\"},\"thumbnailUrl\":\"https:\\\/\\\/atami.com\\\/wp-content\\\/uploads\\\/2023\\\/02\\\/ATA-NRG-Alga-C-Main-Image.webp\",\"datePublished\":\"2023-02-10T11:02:43+00:00\",\"dateModified\":\"2026-03-03T13:08:53+00:00\",\"description\":\"Entdecken Sie ATA NRG Alga-C von Atami, einen organischen Stimulator auf Algenbasis, der mit Aminos\u00e4uren, Spurenelementen und nat\u00fcrlichen Pflanzenhormonen angereichert ist. Verbessern Sie die N\u00e4hrstoffaufnahme und reduzieren Sie Stress f\u00fcr Ihre Pflanzen.\",\"breadcrumb\":{\"@id\":\"https:\\\/\\\/atami.com\\\/de\\\/produkt\\\/ata-nrg-alga-c#breadcrumb\"},\"inLanguage\":\"de\",\"potentialAction\":[{\"@type\":\"ReadAction\",\"target\":[\"https:\\\/\\\/atami.com\\\/de\\\/produkt\\\/ata-nrg-alga-c\"]}]},{\"@type\":\"ImageObject\",\"inLanguage\":\"de\",\"@id\":\"https:\\\/\\\/atami.com\\\/de\\\/produkt\\\/ata-nrg-alga-c#primaryimage\",\"url\":\"https:\\\/\\\/atami.com\\\/wp-content\\\/uploads\\\/2023\\\/02\\\/ATA-NRG-Alga-C-Main-Image.webp\",\"contentUrl\":\"https:\\\/\\\/atami.com\\\/wp-content\\\/uploads\\\/2023\\\/02\\\/ATA-NRG-Alga-C-Main-Image.webp\",\"width\":1080,\"height\":1080,\"caption\":\"ATA NRG Alga-C verbessert die Pflanzengesundheit durch die Bereitstellung essentieller N\u00e4hrstoffe und nat\u00fcrlicher Hormone.\"},{\"@type\":\"BreadcrumbList\",\"@id\":\"https:\\\/\\\/atami.com\\\/de\\\/produkt\\\/ata-nrg-alga-c#breadcrumb\",\"itemListElement\":[{\"@type\":\"ListItem\",\"position\":1,\"name\":\"Home\",\"item\":\"https:\\\/\\\/atami.com\\\/de\"},{\"@type\":\"ListItem\",\"position\":2,\"name\":\"Produkte\",\"item\":\"https:\\\/\\\/atami.com\\\/de\\\/shop\"},{\"@type\":\"ListItem\",\"position\":3,\"name\":\"D\u00fcngemittel\",\"item\":\"https:\\\/\\\/atami.com\\\/de\\\/produkt-kategorie\\\/dungemittel\"},{\"@type\":\"ListItem\",\"position\":4,\"name\":\"Zus\u00e4tze\",\"item\":\"https:\\\/\\\/atami.com\\\/de\\\/produkt-kategorie\\\/dungemittel\\\/zusatze\"},{\"@type\":\"ListItem\",\"position\":5,\"name\":\"ATA NRG Alga-C\"}]},{\"@type\":\"WebSite\",\"@id\":\"https:\\\/\\\/atami.com\\\/de#website\",\"url\":\"https:\\\/\\\/atami.com\\\/de\",\"name\":\"Atami\",\"description\":\"NATURALLY INNOVATING!\",\"publisher\":{\"@id\":\"https:\\\/\\\/atami.com\\\/de#organization\"},\"potentialAction\":[{\"@type\":\"SearchAction\",\"target\":{\"@type\":\"EntryPoint\",\"urlTemplate\":\"https:\\\/\\\/atami.com\\\/de?s={search_term_string}\"},\"query-input\":{\"@type\":\"PropertyValueSpecification\",\"valueRequired\":true,\"valueName\":\"search_term_string\"}}],\"inLanguage\":\"de\"},{\"@type\":\"Organization\",\"@id\":\"https:\\\/\\\/atami.com\\\/de#organization\",\"name\":\"Atami\",\"url\":\"https:\\\/\\\/atami.com\\\/de\",\"logo\":{\"@type\":\"ImageObject\",\"inLanguage\":\"de\",\"@id\":\"https:\\\/\\\/atami.com\\\/de#\\\/schema\\\/logo\\\/image\\\/\",\"url\":\"https:\\\/\\\/atami.com\\\/wp-content\\\/uploads\\\/2026\\\/01\\\/Atami-logo-696x696px.webp\",\"contentUrl\":\"https:\\\/\\\/atami.com\\\/wp-content\\\/uploads\\\/2026\\\/01\\\/Atami-logo-696x696px.webp\",\"width\":696,\"height\":696,\"caption\":\"Atami\"},\"image\":{\"@id\":\"https:\\\/\\\/atami.com\\\/de#\\\/schema\\\/logo\\\/image\\\/\"},\"sameAs\":[\"https:\\\/\\\/www.facebook.com\\\/Atami.International\",\"https:\\\/\\\/x.com\\\/AtamiEU\",\"https:\\\/\\\/www.youtube.com\\\/c\\\/AtamiInternational\",\"https:\\\/\\\/www.instagram.com\\\/atami.international\\\/\"],\"description\":\"ATAMI is a premium plant nutrition & substrate brand founded in 1997 with the mission to make exceptional cultivation achievable for everyone. From legacy to license, we offer a wide variety of innovating award-winning products to let cultivators achieve maximum results in taste & yield.\",\"email\":\"info@mginnovations.es\",\"legalName\":\"Atami\",\"numberOfEmployees\":{\"@type\":\"QuantitativeValue\",\"minValue\":\"11\",\"maxValue\":\"50\"}}]}<\/script>\n<!-- \/ Yoast SEO Premium plugin. -->","yoast_head_json":{"title":"ATA NRG Alga C: Nat\u00fcrlicher Wachstumsbooster f\u00fcr Gesunde Pflanzen","description":"Entdecken Sie ATA NRG Alga-C von Atami, einen organischen Stimulator auf Algenbasis, der mit Aminos\u00e4uren, Spurenelementen und nat\u00fcrlichen Pflanzenhormonen angereichert ist. Verbessern Sie die N\u00e4hrstoffaufnahme und reduzieren Sie Stress f\u00fcr Ihre Pflanzen.","robots":{"index":"index","follow":"follow","max-snippet":"max-snippet:-1","max-image-preview":"max-image-preview:large","max-video-preview":"max-video-preview:-1"},"canonical":"https:\/\/atami.com\/de\/produkt\/ata-nrg-alga-c","og_locale":"de_DE","og_type":"article","og_title":"ATA NRG Alga-C","og_description":"Entdecken Sie ATA NRG Alga-C von Atami, einen organischen Stimulator auf Algenbasis, der mit Aminos\u00e4uren, Spurenelementen und nat\u00fcrlichen Pflanzenhormonen angereichert ist. Verbessern Sie die N\u00e4hrstoffaufnahme und reduzieren Sie Stress f\u00fcr Ihre Pflanzen.","og_url":"https:\/\/atami.com\/de\/produkt\/ata-nrg-alga-c","og_site_name":"Atami","article_publisher":"https:\/\/www.facebook.com\/Atami.International","article_modified_time":"2026-03-03T13:08:53+00:00","og_image":[{"width":1080,"height":1080,"url":"https:\/\/atami.com\/wp-content\/uploads\/2023\/02\/ATA-NRG-Alga-C-Main-Image.webp","type":"image\/webp"}],"twitter_card":"summary_large_image","twitter_site":"@AtamiEU","twitter_misc":{"Gesch\u00e4tzte Lesezeit":"2\u00a0Minuten"},"schema":{"@context":"https:\/\/schema.org","@graph":[{"@type":"WebPage","@id":"https:\/\/atami.com\/de\/produkt\/ata-nrg-alga-c","url":"https:\/\/atami.com\/de\/produkt\/ata-nrg-alga-c","name":"ATA NRG Alga C: Nat\u00fcrlicher Wachstumsbooster f\u00fcr Gesunde Pflanzen","isPartOf":{"@id":"https:\/\/atami.com\/de#website"},"primaryImageOfPage":{"@id":"https:\/\/atami.com\/de\/produkt\/ata-nrg-alga-c#primaryimage"},"image":{"@id":"https:\/\/atami.com\/de\/produkt\/ata-nrg-alga-c#primaryimage"},"thumbnailUrl":"https:\/\/atami.com\/wp-content\/uploads\/2023\/02\/ATA-NRG-Alga-C-Main-Image.webp","datePublished":"2023-02-10T11:02:43+00:00","dateModified":"2026-03-03T13:08:53+00:00","description":"Entdecken Sie ATA NRG Alga-C von Atami, einen organischen Stimulator auf Algenbasis, der mit Aminos\u00e4uren, Spurenelementen und nat\u00fcrlichen Pflanzenhormonen angereichert ist. Verbessern Sie die N\u00e4hrstoffaufnahme und reduzieren Sie Stress f\u00fcr Ihre Pflanzen.","breadcrumb":{"@id":"https:\/\/atami.com\/de\/produkt\/ata-nrg-alga-c#breadcrumb"},"inLanguage":"de","potentialAction":[{"@type":"ReadAction","target":["https:\/\/atami.com\/de\/produkt\/ata-nrg-alga-c"]}]},{"@type":"ImageObject","inLanguage":"de","@id":"https:\/\/atami.com\/de\/produkt\/ata-nrg-alga-c#primaryimage","url":"https:\/\/atami.com\/wp-content\/uploads\/2023\/02\/ATA-NRG-Alga-C-Main-Image.webp","contentUrl":"https:\/\/atami.com\/wp-content\/uploads\/2023\/02\/ATA-NRG-Alga-C-Main-Image.webp","width":1080,"height":1080,"caption":"ATA NRG Alga-C verbessert die Pflanzengesundheit durch die Bereitstellung essentieller N\u00e4hrstoffe und nat\u00fcrlicher Hormone."},{"@type":"BreadcrumbList","@id":"https:\/\/atami.com\/de\/produkt\/ata-nrg-alga-c#breadcrumb","itemListElement":[{"@type":"ListItem","position":1,"name":"Home","item":"https:\/\/atami.com\/de"},{"@type":"ListItem","position":2,"name":"Produkte","item":"https:\/\/atami.com\/de\/shop"},{"@type":"ListItem","position":3,"name":"D\u00fcngemittel","item":"https:\/\/atami.com\/de\/produkt-kategorie\/dungemittel"},{"@type":"ListItem","position":4,"name":"Zus\u00e4tze","item":"https:\/\/atami.com\/de\/produkt-kategorie\/dungemittel\/zusatze"},{"@type":"ListItem","position":5,"name":"ATA NRG Alga-C"}]},{"@type":"WebSite","@id":"https:\/\/atami.com\/de#website","url":"https:\/\/atami.com\/de","name":"Atami","description":"NATURALLY INNOVATING!","publisher":{"@id":"https:\/\/atami.com\/de#organization"},"potentialAction":[{"@type":"SearchAction","target":{"@type":"EntryPoint","urlTemplate":"https:\/\/atami.com\/de?s={search_term_string}"},"query-input":{"@type":"PropertyValueSpecification","valueRequired":true,"valueName":"search_term_string"}}],"inLanguage":"de"},{"@type":"Organization","@id":"https:\/\/atami.com\/de#organization","name":"Atami","url":"https:\/\/atami.com\/de","logo":{"@type":"ImageObject","inLanguage":"de","@id":"https:\/\/atami.com\/de#\/schema\/logo\/image\/","url":"https:\/\/atami.com\/wp-content\/uploads\/2026\/01\/Atami-logo-696x696px.webp","contentUrl":"https:\/\/atami.com\/wp-content\/uploads\/2026\/01\/Atami-logo-696x696px.webp","width":696,"height":696,"caption":"Atami"},"image":{"@id":"https:\/\/atami.com\/de#\/schema\/logo\/image\/"},"sameAs":["https:\/\/www.facebook.com\/Atami.International","https:\/\/x.com\/AtamiEU","https:\/\/www.youtube.com\/c\/AtamiInternational","https:\/\/www.instagram.com\/atami.international\/"],"description":"ATAMI is a premium plant nutrition & substrate brand founded in 1997 with the mission to make exceptional cultivation achievable for everyone. From legacy to license, we offer a wide variety of innovating award-winning products to let cultivators achieve maximum results in taste & yield.","email":"info@mginnovations.es","legalName":"Atami","numberOfEmployees":{"@type":"QuantitativeValue","minValue":"11","maxValue":"50"}}]}},"_links":{"self":[{"href":"https:\/\/atami.com\/de\/wp-json\/wp\/v2\/product\/181728","targetHints":{"allow":["GET"]}}],"collection":[{"href":"https:\/\/atami.com\/de\/wp-json\/wp\/v2\/product"}],"about":[{"href":"https:\/\/atami.com\/de\/wp-json\/wp\/v2\/types\/product"}],"replies":[{"embeddable":true,"href":"https:\/\/atami.com\/de\/wp-json\/wp\/v2\/comments?post=181728"}],"wp:featuredmedia":[{"embeddable":true,"href":"https:\/\/atami.com\/de\/wp-json\/wp\/v2\/media\/23957"}],"wp:attachment":[{"href":"https:\/\/atami.com\/de\/wp-json\/wp\/v2\/media?parent=181728"}],"wp:term":[{"taxonomy":"product_brand","embeddable":true,"href":"https:\/\/atami.com\/de\/wp-json\/wp\/v2\/product_brand?post=181728"},{"taxonomy":"product_cat","embeddable":true,"href":"https:\/\/atami.com\/de\/wp-json\/wp\/v2\/product_cat?post=181728"},{"taxonomy":"product_tag","embeddable":true,"href":"https:\/\/atami.com\/de\/wp-json\/wp\/v2\/product_tag?post=181728"}],"curies":[{"name":"wp","href":"https:\/\/api.w.org\/{rel}","templated":true}]}}