{"id":180609,"date":"2023-07-25T12:19:28","date_gmt":"2023-07-25T12:19:28","guid":{"rendered":"https:\/\/atami.com\/product\/ata-bloombastic-box\/"},"modified":"2025-11-10T17:24:16","modified_gmt":"2025-11-10T15:24:16","slug":"ata-bloombastic-box","status":"publish","type":"product","link":"https:\/\/atami.com\/de\/produkt\/ata-bloombastic-box","title":{"rendered":"ATA Bloombastic Box"},"content":{"rendered":"<p>Haben Sie Schwierigkeiten, aus der F\u00fclle der auf dem Markt angebotenen Artikel die verschiedenen Sorten f\u00fcr Ihre Ernte auszuw\u00e4hlen? Dann w\u00e4hlen Sie den bequemen Weg mit der ATA Bloombastic Box. Dieses Paket enth\u00e4lt alles, was Sie f\u00fcr einen kompletten Wachstumszyklus von der Wurzelbildung bis zur Bl\u00fcte brauchen.<\/p>\n<p>Sie werden genug haben, um bis zu 1 m2 in Erde zu setzen und die gew\u00fcnschten Ergebnisse zu erzielen. Bestellen Sie jetzt Ihre ATA Bloombastic Box und ersparen Sie sich die Suche und Auswahl unter den vielen verf\u00fcgbaren Angeboten &#8211; freuen Sie sich einfach auf das Pflanzenwachstum.<\/p>\n<p>In der Box sind enthalten:<\/p>\n<ul>\n<li>1 L ATA Terra Leaves<\/li>\n<li>1 L ATA Terra Max<\/li>\n<li>250 ml Bloombastic<\/li>\n<li>100 ml Atazyme<\/li>\n<li>100 ml Rootfast<\/li>\n<\/ul>\n","protected":false},"excerpt":{"rendered":"<p>Haben Sie Schwierigkeiten, aus der F\u00fclle der auf dem Markt angebotenen Artikel die verschiedenen Sorten f\u00fcr Ihre Ernte auszuw\u00e4hlen? Dann w\u00e4hlen Sie den bequemen Weg mit der ATA Bloombastic Box. Dieses Paket enth\u00e4lt alles, was Sie f\u00fcr einen kompletten Wachstumszyklus von der Wurzelbildung bis zur Bl\u00fcte brauchen. Sie werden genug haben, um bis zu 1 [&hellip;]<\/p>\n","protected":false},"featured_media":181392,"comment_status":"closed","ping_status":"closed","template":"","meta":{"_acf_changed":false,"iawp_total_views":171},"product_brand":[],"product_cat":[383],"product_tag":[],"class_list":{"0":"post-180609","1":"product","2":"type-product","3":"status-publish","4":"has-post-thumbnail","6":"product_cat-boxen-und-packungen","8":"first","9":"instock","10":"shipping-taxable","11":"product-type-simple"},"acf":{"short_description":"<p>Haben Sie Schwierigkeiten, aus der F\u00fclle der auf dem Markt angebotenen Artikel die verschiedenen Sorten f\u00fcr Ihre Ernte auszuw\u00e4hlen? Dann w\u00e4hlen Sie den bequemen Weg mit der ATA Bloombastic Box. Dieses Paket enth\u00e4lt alles, was Sie f\u00fcr einen kompletten Wachstumszyklus von der Wurzelbildung bis zur Bl\u00fcte brauchen.<\/p><p>Sie werden genug haben, um bis zu 1 m2 in Erde zu setzen und die gew\u00fcnschten Ergebnisse zu erzielen. Bestellen Sie jetzt Ihre ATA Bloombastic Box und ersparen Sie sich die Suche und Auswahl unter den vielen verf\u00fcgbaren Angeboten - freuen Sie sich einfach auf das Pflanzenwachstum.<\/p><p>In der Box sind enthalten:<\/p><ul>\t<li>1 L ATA Terra Leaves<\/li>\t<li>1 L ATA Terra Max<\/li>\t<li>250 ml Bloombastic<\/li>\t<li>100 ml Atazyme<\/li>\t<li>100 ml Rootfast<\/li><\/ul>","suitable_for":"","application":"","dosage":"","npk_ratio":"","available_in":"","icon_1":"","icon_1_text":"","icon_2":"","icon_2_text":"","icon_3":"","icon_3_text":"","icon_4":"","icon_4_text":"","video":"","second_image":181392,"product_image_page":"","user_manual":"","new_icon_1":"","new_icon_2":"","new_icon_3":"","new_icon_4":"","grow_guides":"","category":"Box"},"yoast_head":"<!-- This site is optimized with the Yoast SEO Premium plugin v27.5 (Yoast SEO v27.5) - https:\/\/yoast.com\/product\/yoast-seo-premium-wordpress\/ -->\n<title>ATA Bloombastic Box \u2013 Maximiere deine Ernte mit Bl\u00fctenf\u00f6rderung<\/title>\n<meta name=\"description\" content=\"Entdecke die ATA Bloombastic Box von Atami \u2013 eine leistungsstarke L\u00f6sung zur F\u00f6rderung der Bl\u00fcte und Maximierung der Ernte deiner Pflanzen. Perfekt f\u00fcr Hobbyg\u00e4rtner und Profis, die auf Qualit\u00e4t setzen.\" \/>\n<meta name=\"robots\" content=\"index, follow, max-snippet:-1, max-image-preview:large, max-video-preview:-1\" \/>\n<link rel=\"canonical\" href=\"https:\/\/atami.com\/de\/produkt\/ata-bloombastic-box\" \/>\n<meta property=\"og:locale\" content=\"de_DE\" \/>\n<meta property=\"og:type\" content=\"article\" \/>\n<meta property=\"og:title\" content=\"ATA Bloombastic Box\" \/>\n<meta property=\"og:description\" content=\"Entdecke die ATA Bloombastic Box von Atami \u2013 eine leistungsstarke L\u00f6sung zur F\u00f6rderung der Bl\u00fcte und Maximierung der Ernte deiner Pflanzen. Perfekt f\u00fcr Hobbyg\u00e4rtner und Profis, die auf Qualit\u00e4t setzen.\" \/>\n<meta property=\"og:url\" content=\"https:\/\/atami.com\/de\/produkt\/ata-bloombastic-box\" \/>\n<meta property=\"og:site_name\" content=\"Atami\" \/>\n<meta property=\"article:publisher\" content=\"https:\/\/www.facebook.com\/Atami.International\" \/>\n<meta property=\"article:modified_time\" content=\"2025-11-10T15:24:16+00:00\" \/>\n<meta property=\"og:image\" content=\"https:\/\/atami.com\/wp-content\/uploads\/2023\/07\/Bloombastic-Box.webp\" \/>\n\t<meta property=\"og:image:width\" content=\"1080\" \/>\n\t<meta property=\"og:image:height\" content=\"1080\" \/>\n\t<meta property=\"og:image:type\" content=\"image\/webp\" \/>\n<meta name=\"twitter:card\" content=\"summary_large_image\" \/>\n<meta name=\"twitter:site\" content=\"@AtamiEU\" \/>\n<meta name=\"twitter:label1\" content=\"Gesch\u00e4tzte Lesezeit\" \/>\n\t<meta name=\"twitter:data1\" content=\"1\u00a0Minute\" \/>\n<script type=\"application\/ld+json\" class=\"yoast-schema-graph\">{\"@context\":\"https:\\\/\\\/schema.org\",\"@graph\":[{\"@type\":\"WebPage\",\"@id\":\"https:\\\/\\\/atami.com\\\/de\\\/produkt\\\/ata-bloombastic-box\",\"url\":\"https:\\\/\\\/atami.com\\\/de\\\/produkt\\\/ata-bloombastic-box\",\"name\":\"ATA Bloombastic Box \u2013 Maximiere deine Ernte mit Bl\u00fctenf\u00f6rderung\",\"isPartOf\":{\"@id\":\"https:\\\/\\\/atami.com\\\/de#website\"},\"primaryImageOfPage\":{\"@id\":\"https:\\\/\\\/atami.com\\\/de\\\/produkt\\\/ata-bloombastic-box#primaryimage\"},\"image\":{\"@id\":\"https:\\\/\\\/atami.com\\\/de\\\/produkt\\\/ata-bloombastic-box#primaryimage\"},\"thumbnailUrl\":\"https:\\\/\\\/atami.com\\\/wp-content\\\/uploads\\\/2023\\\/07\\\/Bloombastic-Box.webp\",\"datePublished\":\"2023-07-25T12:19:28+00:00\",\"dateModified\":\"2025-11-10T15:24:16+00:00\",\"description\":\"Entdecke die ATA Bloombastic Box von Atami \u2013 eine leistungsstarke L\u00f6sung zur F\u00f6rderung der Bl\u00fcte und Maximierung der Ernte deiner Pflanzen. Perfekt f\u00fcr Hobbyg\u00e4rtner und Profis, die auf Qualit\u00e4t setzen.\",\"breadcrumb\":{\"@id\":\"https:\\\/\\\/atami.com\\\/de\\\/produkt\\\/ata-bloombastic-box#breadcrumb\"},\"inLanguage\":\"de\",\"potentialAction\":[{\"@type\":\"ReadAction\",\"target\":[\"https:\\\/\\\/atami.com\\\/de\\\/produkt\\\/ata-bloombastic-box\"]}]},{\"@type\":\"ImageObject\",\"inLanguage\":\"de\",\"@id\":\"https:\\\/\\\/atami.com\\\/de\\\/produkt\\\/ata-bloombastic-box#primaryimage\",\"url\":\"https:\\\/\\\/atami.com\\\/wp-content\\\/uploads\\\/2023\\\/07\\\/Bloombastic-Box.webp\",\"contentUrl\":\"https:\\\/\\\/atami.com\\\/wp-content\\\/uploads\\\/2023\\\/07\\\/Bloombastic-Box.webp\",\"width\":1080,\"height\":1080,\"caption\":\"Die ATA Bloombastic Box liefert alle wichtigen N\u00e4hrstoffe f\u00fcr einen erfolgreichen Wachstumszyklus und sorgt so f\u00fcr optimale Pflanzengesundheit und Ertrag.\"},{\"@type\":\"BreadcrumbList\",\"@id\":\"https:\\\/\\\/atami.com\\\/de\\\/produkt\\\/ata-bloombastic-box#breadcrumb\",\"itemListElement\":[{\"@type\":\"ListItem\",\"position\":1,\"name\":\"Home\",\"item\":\"https:\\\/\\\/atami.com\\\/de\"},{\"@type\":\"ListItem\",\"position\":2,\"name\":\"Produkte\",\"item\":\"https:\\\/\\\/atami.com\\\/de\\\/shop\"},{\"@type\":\"ListItem\",\"position\":3,\"name\":\"Boxen und packungen\",\"item\":\"https:\\\/\\\/atami.com\\\/de\\\/produkt-kategorie\\\/boxen-und-packungen\"},{\"@type\":\"ListItem\",\"position\":4,\"name\":\"ATA Bloombastic Box\"}]},{\"@type\":\"WebSite\",\"@id\":\"https:\\\/\\\/atami.com\\\/de#website\",\"url\":\"https:\\\/\\\/atami.com\\\/de\",\"name\":\"Atami\",\"description\":\"NATURALLY INNOVATING!\",\"publisher\":{\"@id\":\"https:\\\/\\\/atami.com\\\/de#organization\"},\"potentialAction\":[{\"@type\":\"SearchAction\",\"target\":{\"@type\":\"EntryPoint\",\"urlTemplate\":\"https:\\\/\\\/atami.com\\\/de?s={search_term_string}\"},\"query-input\":{\"@type\":\"PropertyValueSpecification\",\"valueRequired\":true,\"valueName\":\"search_term_string\"}}],\"inLanguage\":\"de\"},{\"@type\":\"Organization\",\"@id\":\"https:\\\/\\\/atami.com\\\/de#organization\",\"name\":\"Atami\",\"url\":\"https:\\\/\\\/atami.com\\\/de\",\"logo\":{\"@type\":\"ImageObject\",\"inLanguage\":\"de\",\"@id\":\"https:\\\/\\\/atami.com\\\/de#\\\/schema\\\/logo\\\/image\\\/\",\"url\":\"https:\\\/\\\/atami.com\\\/wp-content\\\/uploads\\\/2026\\\/01\\\/Atami-logo-696x696px.webp\",\"contentUrl\":\"https:\\\/\\\/atami.com\\\/wp-content\\\/uploads\\\/2026\\\/01\\\/Atami-logo-696x696px.webp\",\"width\":696,\"height\":696,\"caption\":\"Atami\"},\"image\":{\"@id\":\"https:\\\/\\\/atami.com\\\/de#\\\/schema\\\/logo\\\/image\\\/\"},\"sameAs\":[\"https:\\\/\\\/www.facebook.com\\\/Atami.International\",\"https:\\\/\\\/x.com\\\/AtamiEU\",\"https:\\\/\\\/www.youtube.com\\\/c\\\/AtamiInternational\",\"https:\\\/\\\/www.instagram.com\\\/atami.international\\\/\"],\"description\":\"ATAMI is a premium plant nutrition & substrate brand founded in 1997 with the mission to make exceptional cultivation achievable for everyone. From legacy to license, we offer a wide variety of innovating award-winning products to let cultivators achieve maximum results in taste & yield.\",\"email\":\"info@mginnovations.es\",\"legalName\":\"Atami\",\"numberOfEmployees\":{\"@type\":\"QuantitativeValue\",\"minValue\":\"11\",\"maxValue\":\"50\"}}]}<\/script>\n<!-- \/ Yoast SEO Premium plugin. -->","yoast_head_json":{"title":"ATA Bloombastic Box \u2013 Maximiere deine Ernte mit Bl\u00fctenf\u00f6rderung","description":"Entdecke die ATA Bloombastic Box von Atami \u2013 eine leistungsstarke L\u00f6sung zur F\u00f6rderung der Bl\u00fcte und Maximierung der Ernte deiner Pflanzen. Perfekt f\u00fcr Hobbyg\u00e4rtner und Profis, die auf Qualit\u00e4t setzen.","robots":{"index":"index","follow":"follow","max-snippet":"max-snippet:-1","max-image-preview":"max-image-preview:large","max-video-preview":"max-video-preview:-1"},"canonical":"https:\/\/atami.com\/de\/produkt\/ata-bloombastic-box","og_locale":"de_DE","og_type":"article","og_title":"ATA Bloombastic Box","og_description":"Entdecke die ATA Bloombastic Box von Atami \u2013 eine leistungsstarke L\u00f6sung zur F\u00f6rderung der Bl\u00fcte und Maximierung der Ernte deiner Pflanzen. Perfekt f\u00fcr Hobbyg\u00e4rtner und Profis, die auf Qualit\u00e4t setzen.","og_url":"https:\/\/atami.com\/de\/produkt\/ata-bloombastic-box","og_site_name":"Atami","article_publisher":"https:\/\/www.facebook.com\/Atami.International","article_modified_time":"2025-11-10T15:24:16+00:00","og_image":[{"width":1080,"height":1080,"url":"https:\/\/atami.com\/wp-content\/uploads\/2023\/07\/Bloombastic-Box.webp","type":"image\/webp"}],"twitter_card":"summary_large_image","twitter_site":"@AtamiEU","twitter_misc":{"Gesch\u00e4tzte Lesezeit":"1\u00a0Minute"},"schema":{"@context":"https:\/\/schema.org","@graph":[{"@type":"WebPage","@id":"https:\/\/atami.com\/de\/produkt\/ata-bloombastic-box","url":"https:\/\/atami.com\/de\/produkt\/ata-bloombastic-box","name":"ATA Bloombastic Box \u2013 Maximiere deine Ernte mit Bl\u00fctenf\u00f6rderung","isPartOf":{"@id":"https:\/\/atami.com\/de#website"},"primaryImageOfPage":{"@id":"https:\/\/atami.com\/de\/produkt\/ata-bloombastic-box#primaryimage"},"image":{"@id":"https:\/\/atami.com\/de\/produkt\/ata-bloombastic-box#primaryimage"},"thumbnailUrl":"https:\/\/atami.com\/wp-content\/uploads\/2023\/07\/Bloombastic-Box.webp","datePublished":"2023-07-25T12:19:28+00:00","dateModified":"2025-11-10T15:24:16+00:00","description":"Entdecke die ATA Bloombastic Box von Atami \u2013 eine leistungsstarke L\u00f6sung zur F\u00f6rderung der Bl\u00fcte und Maximierung der Ernte deiner Pflanzen. Perfekt f\u00fcr Hobbyg\u00e4rtner und Profis, die auf Qualit\u00e4t setzen.","breadcrumb":{"@id":"https:\/\/atami.com\/de\/produkt\/ata-bloombastic-box#breadcrumb"},"inLanguage":"de","potentialAction":[{"@type":"ReadAction","target":["https:\/\/atami.com\/de\/produkt\/ata-bloombastic-box"]}]},{"@type":"ImageObject","inLanguage":"de","@id":"https:\/\/atami.com\/de\/produkt\/ata-bloombastic-box#primaryimage","url":"https:\/\/atami.com\/wp-content\/uploads\/2023\/07\/Bloombastic-Box.webp","contentUrl":"https:\/\/atami.com\/wp-content\/uploads\/2023\/07\/Bloombastic-Box.webp","width":1080,"height":1080,"caption":"Die ATA Bloombastic Box liefert alle wichtigen N\u00e4hrstoffe f\u00fcr einen erfolgreichen Wachstumszyklus und sorgt so f\u00fcr optimale Pflanzengesundheit und Ertrag."},{"@type":"BreadcrumbList","@id":"https:\/\/atami.com\/de\/produkt\/ata-bloombastic-box#breadcrumb","itemListElement":[{"@type":"ListItem","position":1,"name":"Home","item":"https:\/\/atami.com\/de"},{"@type":"ListItem","position":2,"name":"Produkte","item":"https:\/\/atami.com\/de\/shop"},{"@type":"ListItem","position":3,"name":"Boxen und packungen","item":"https:\/\/atami.com\/de\/produkt-kategorie\/boxen-und-packungen"},{"@type":"ListItem","position":4,"name":"ATA Bloombastic Box"}]},{"@type":"WebSite","@id":"https:\/\/atami.com\/de#website","url":"https:\/\/atami.com\/de","name":"Atami","description":"NATURALLY INNOVATING!","publisher":{"@id":"https:\/\/atami.com\/de#organization"},"potentialAction":[{"@type":"SearchAction","target":{"@type":"EntryPoint","urlTemplate":"https:\/\/atami.com\/de?s={search_term_string}"},"query-input":{"@type":"PropertyValueSpecification","valueRequired":true,"valueName":"search_term_string"}}],"inLanguage":"de"},{"@type":"Organization","@id":"https:\/\/atami.com\/de#organization","name":"Atami","url":"https:\/\/atami.com\/de","logo":{"@type":"ImageObject","inLanguage":"de","@id":"https:\/\/atami.com\/de#\/schema\/logo\/image\/","url":"https:\/\/atami.com\/wp-content\/uploads\/2026\/01\/Atami-logo-696x696px.webp","contentUrl":"https:\/\/atami.com\/wp-content\/uploads\/2026\/01\/Atami-logo-696x696px.webp","width":696,"height":696,"caption":"Atami"},"image":{"@id":"https:\/\/atami.com\/de#\/schema\/logo\/image\/"},"sameAs":["https:\/\/www.facebook.com\/Atami.International","https:\/\/x.com\/AtamiEU","https:\/\/www.youtube.com\/c\/AtamiInternational","https:\/\/www.instagram.com\/atami.international\/"],"description":"ATAMI is a premium plant nutrition & substrate brand founded in 1997 with the mission to make exceptional cultivation achievable for everyone. From legacy to license, we offer a wide variety of innovating award-winning products to let cultivators achieve maximum results in taste & yield.","email":"info@mginnovations.es","legalName":"Atami","numberOfEmployees":{"@type":"QuantitativeValue","minValue":"11","maxValue":"50"}}]}},"_links":{"self":[{"href":"https:\/\/atami.com\/de\/wp-json\/wp\/v2\/product\/180609","targetHints":{"allow":["GET"]}}],"collection":[{"href":"https:\/\/atami.com\/de\/wp-json\/wp\/v2\/product"}],"about":[{"href":"https:\/\/atami.com\/de\/wp-json\/wp\/v2\/types\/product"}],"replies":[{"embeddable":true,"href":"https:\/\/atami.com\/de\/wp-json\/wp\/v2\/comments?post=180609"}],"wp:featuredmedia":[{"embeddable":true,"href":"https:\/\/atami.com\/de\/wp-json\/wp\/v2\/media\/181392"}],"wp:attachment":[{"href":"https:\/\/atami.com\/de\/wp-json\/wp\/v2\/media?parent=180609"}],"wp:term":[{"taxonomy":"product_brand","embeddable":true,"href":"https:\/\/atami.com\/de\/wp-json\/wp\/v2\/product_brand?post=180609"},{"taxonomy":"product_cat","embeddable":true,"href":"https:\/\/atami.com\/de\/wp-json\/wp\/v2\/product_cat?post=180609"},{"taxonomy":"product_tag","embeddable":true,"href":"https:\/\/atami.com\/de\/wp-json\/wp\/v2\/product_tag?post=180609"}],"curies":[{"name":"wp","href":"https:\/\/api.w.org\/{rel}","templated":true}]}}