{"id":4979,"date":"2021-03-23T14:33:11","date_gmt":"2021-03-23T14:33:11","guid":{"rendered":"https:\/\/atami.com\/merchandise\/"},"modified":"2024-06-24T13:22:18","modified_gmt":"2024-06-24T11:22:18","slug":"merchandise","status":"publish","type":"page","link":"https:\/\/atami.com\/de\/merchandise","title":{"rendered":"Merchandise"},"content":{"rendered":"\t\t<div data-elementor-type=\"wp-page\" data-elementor-id=\"4979\" class=\"elementor elementor-4979\" data-elementor-post-type=\"page\">\n\t\t\t\t<div class=\"elementor-element elementor-element-67c1d8e e-flex e-con-boxed e-con e-parent\" data-id=\"67c1d8e\" data-element_type=\"container\" data-e-type=\"container\" data-settings=\"{&quot;background_background&quot;:&quot;classic&quot;}\">\n\t\t\t\t\t<div class=\"e-con-inner\">\n\t\t\t\t<div class=\"elementor-element elementor-element-90cbc5e elementor-widget elementor-widget-heading\" data-id=\"90cbc5e\" data-element_type=\"widget\" data-e-type=\"widget\" data-widget_type=\"heading.default\">\n\t\t\t\t\t<h1 class=\"elementor-heading-title elementor-size-default\">Atami lifestyle<\/h1>\t\t\t\t<\/div>\n\t\t\t\t\t<\/div>\n\t\t\t\t<\/div>\n\t\t<div class=\"elementor-element elementor-element-7753590 e-flex e-con-boxed e-con e-parent\" data-id=\"7753590\" data-element_type=\"container\" data-e-type=\"container\" data-settings=\"{&quot;background_background&quot;:&quot;classic&quot;}\">\n\t\t\t\t\t<div class=\"e-con-inner\">\n\t\t\t\t<div class=\"elementor-element elementor-element-9b4fed8 elementor-widget elementor-widget-woocommerce-breadcrumb\" data-id=\"9b4fed8\" data-element_type=\"widget\" data-e-type=\"widget\" data-widget_type=\"woocommerce-breadcrumb.default\">\n\t\t\t\t\t<nav class=\"woocommerce-breadcrumb\" aria-label=\"Breadcrumb\">Start<\/nav>\t\t\t\t<\/div>\n\t\t<div class=\"elementor-element elementor-element-c0c0a85 e-con-full e-flex e-con e-child\" data-id=\"c0c0a85\" data-element_type=\"container\" data-e-type=\"container\">\n\t\t\t\t<div class=\"elementor-element elementor-element-b9c98c7 elementor-widget elementor-widget-text-editor\" data-id=\"b9c98c7\" data-element_type=\"widget\" data-e-type=\"widget\" data-widget_type=\"text-editor.default\">\n\t\t\t\t\t\t\t\t\t<p>Nach 20 Jahren Erfahrung im Bereich Zucht ist die Marke Atami f\u00fcr viele zum Inbegriff von Lifestyle geworden. Passend zum Atami-Slogan \u201cNaturally Innovating\u201d bringt Atami eine einzigartige Linie von Lifestyle-Produkten mit Taschen und Kleidung auf den Markt.<\/p>\n<p>&nbsp;<\/p>\n<p>Mit Liebe zum Detail und entsprechend dem hohen Qualit\u00e4tsstandard von Atami wurden nur Materialien von h\u00f6chster Qualit\u00e4t verwendet. G\u00f6nnen Sie sich jetzt das Atami-Erlebnis \u2013 drinnen, drau\u00dfen und unterwegs.<\/p>\n\t\t\t\t\t\t\t\t<\/div>\n\t\t\t\t<div class=\"elementor-element elementor-element-9db7339 elementor-hidden-desktop elementor-hidden-tablet elementor-widget elementor-widget-image\" data-id=\"9db7339\" data-element_type=\"widget\" data-e-type=\"widget\" data-widget_type=\"image.default\">\n\t\t\t\t\t\t\t\t\t\t\t\t\t\t\t<img fetchpriority=\"high\" decoding=\"async\" width=\"415\" height=\"346\" src=\"https:\/\/atami.com\/wp-content\/uploads\/2021\/03\/signal-2021-03-02-091336_002.png\" class=\"attachment-full size-full wp-image-3814\" alt=\"\" \/>\t\t\t\t\t\t\t\t\t\t\t\t\t\t\t<\/div>\n\t\t\t\t<div class=\"elementor-element elementor-element-a998657 elementor-hidden-desktop elementor-hidden-tablet elementor-widget elementor-widget-image\" data-id=\"a998657\" data-element_type=\"widget\" data-e-type=\"widget\" data-widget_type=\"image.default\">\n\t\t\t\t\t\t\t\t\t\t\t\t\t\t\t<img decoding=\"async\" width=\"414\" height=\"346\" src=\"https:\/\/atami.com\/wp-content\/uploads\/2021\/03\/signal-2021-03-02-091336_001.png\" class=\"attachment-full size-full wp-image-3810\" alt=\"\" \/>\t\t\t\t\t\t\t\t\t\t\t\t\t\t\t<\/div>\n\t\t\t\t<div class=\"elementor-element elementor-element-a4c6167 elementor-hidden-phone elementor-widget elementor-widget-image\" data-id=\"a4c6167\" data-element_type=\"widget\" data-e-type=\"widget\" data-widget_type=\"image.default\">\n\t\t\t\t\t\t\t\t\t\t\t\t\t\t\t<img decoding=\"async\" width=\"866\" height=\"346\" src=\"https:\/\/atami.com\/wp-content\/uploads\/2021\/02\/merchandise-bags.png\" class=\"attachment-full size-full wp-image-2757\" alt=\"\" srcset=\"https:\/\/atami.com\/wp-content\/uploads\/2021\/02\/merchandise-bags.png 866w, https:\/\/atami.com\/wp-content\/uploads\/2021\/02\/merchandise-bags-450x180.png 450w, https:\/\/atami.com\/wp-content\/uploads\/2021\/02\/merchandise-bags-600x240.png 600w\" sizes=\"(max-width: 866px) 100vw, 866px\" \/>\t\t\t\t\t\t\t\t\t\t\t\t\t\t\t<\/div>\n\t\t\t\t<div class=\"elementor-element elementor-element-c859f4b elementor-widget elementor-widget-text-editor\" data-id=\"c859f4b\" data-element_type=\"widget\" data-e-type=\"widget\" data-widget_type=\"text-editor.default\">\n\t\t\t\t\t\t\t\t\t<p><strong>ATAMI TASCHEN<\/strong><\/p>\r\n<p>&nbsp;<\/p>\r\n<p>Die elegante Taschenlinie besteht aus einer Cross-Body-Tasche und einem Reiseportemonnaie. Sie sind aus qualitativ hochwertigem Leder herfestellt. Die Cross-Body-Tasche hat vier Einzelf\u00e4cher f\u00fcr die Aufbewahrung von Tablets, Ladeger\u00e4ten, Reisedokumenten und Kreditkarten. Das einzigartige Design sch\u00fctzt den Inhalt und bietet gleichzeitig bequemen Zugang zu den F\u00e4chern.<\/p>\r\n<p>&nbsp;<\/p>\r\n<p>Das kompakte Reiseportemonnaie komplettiert die Cross-Body-Palette. Es ist leicht, diskret und macht t\u00e4glich verwendete Dokumente und Zahlungsmittel bequem zug\u00e4nglich. Tragbar sowohl \u00fcber als auch unter der Kleidung. In einem zus\u00e4tzlichen Fach mit Rei\u00dfverschluss kann Bargeld aufbewahrt werden. Beide Taschen sind in den Farben Kastanie, Rot, Camel, Moro und Schwarz erh\u00e4ltlich.<\/p>\t\t\t\t\t\t\t\t<\/div>\n\t\t\t\t<div class=\"elementor-element elementor-element-e40ecc8 elementor-hidden-desktop elementor-hidden-tablet elementor-widget elementor-widget-image\" data-id=\"e40ecc8\" data-element_type=\"widget\" data-e-type=\"widget\" data-widget_type=\"image.default\">\n\t\t\t\t\t\t\t\t\t\t\t\t\t\t\t<img loading=\"lazy\" decoding=\"async\" width=\"554\" height=\"472\" src=\"https:\/\/atami.com\/wp-content\/uploads\/2021\/03\/signal-2021-02-16-155418_002.png\" class=\"attachment-full size-full wp-image-3818\" alt=\"\" srcset=\"https:\/\/atami.com\/wp-content\/uploads\/2021\/03\/signal-2021-02-16-155418_002.png 554w, https:\/\/atami.com\/wp-content\/uploads\/2021\/03\/signal-2021-02-16-155418_002-450x383.png 450w\" sizes=\"(max-width: 554px) 100vw, 554px\" \/>\t\t\t\t\t\t\t\t\t\t\t\t\t\t\t<\/div>\n\t\t\t\t<div class=\"elementor-element elementor-element-d249eb3 elementor-hidden-phone elementor-widget elementor-widget-image\" data-id=\"d249eb3\" data-element_type=\"widget\" data-e-type=\"widget\" data-widget_type=\"image.default\">\n\t\t\t\t\t\t\t\t\t\t\t\t\t\t\t<img loading=\"lazy\" decoding=\"async\" width=\"1058\" height=\"433\" src=\"https:\/\/atami.com\/wp-content\/uploads\/2021\/02\/merchandise-shirts-cap-jacket.png\" class=\"attachment-full size-full wp-image-2761\" alt=\"\" srcset=\"https:\/\/atami.com\/wp-content\/uploads\/2021\/02\/merchandise-shirts-cap-jacket.png 1058w, https:\/\/atami.com\/wp-content\/uploads\/2021\/02\/merchandise-shirts-cap-jacket-450x184.png 450w, https:\/\/atami.com\/wp-content\/uploads\/2021\/02\/merchandise-shirts-cap-jacket-600x246.png 600w\" sizes=\"(max-width: 1058px) 100vw, 1058px\" \/>\t\t\t\t\t\t\t\t\t\t\t\t\t\t\t<\/div>\n\t\t\t\t<div class=\"elementor-element elementor-element-d15ec5f elementor-widget elementor-widget-text-editor\" data-id=\"d15ec5f\" data-element_type=\"widget\" data-e-type=\"widget\" data-widget_type=\"text-editor.default\">\n\t\t\t\t\t\t\t\t\t<p><strong>ATAMI BEKLEIDUNG<\/strong><\/p>\r\n<p>&nbsp;<\/p>\r\n<p>Die Atami Bekleidungslinie geht mit modischen, von unserem eigenen Atami Designteam entworfenen T-Shirts an den Start. Ausgangspunkt beim Entwurf war der Wunsch, dass die Marke Atami subtil und mit einem ausgepr\u00e4gten Gef\u00fchl f\u00fcr Stil pr\u00e4sentiert werden sollte.<\/p>\r\n<p>&nbsp;<\/p>\r\n<p>Der hochwertige Stoff ist aus 40 einfachen, ringgesponnenen, langen Baumwollfasern hergestellt. Die Shirts sind enzymgewaschen und mit Silikonen behandelt, um Juckfreiheit zu garantieren. Die zwei kultigen Designs sind beide in vier Farben sowie in Ausf\u00fchrungen f\u00fcr Damen und Herren erh\u00e4ltlich.<\/p>\t\t\t\t\t\t\t\t<\/div>\n\t\t\t\t<\/div>\n\t\t\t\t\t<\/div>\n\t\t\t\t<\/div>\n\t\t\t\t<\/div>\n\t\t","protected":false},"excerpt":{"rendered":"<p>Atami lifestyle Nach 20 Jahren Erfahrung im Bereich Zucht ist die Marke Atami f\u00fcr viele zum Inbegriff von Lifestyle geworden. Passend zum Atami-Slogan \u201cNaturally Innovating\u201d bringt Atami eine einzigartige Linie von Lifestyle-Produkten mit Taschen und Kleidung auf den Markt. &nbsp; Mit Liebe zum Detail und entsprechend dem hohen Qualit\u00e4tsstandard von Atami wurden nur Materialien von [&hellip;]<\/p>\n","protected":false},"author":1,"featured_media":0,"parent":0,"menu_order":0,"comment_status":"closed","ping_status":"closed","template":"elementor_header_footer","meta":{"_acf_changed":false,"iawp_total_views":27,"footnotes":""},"class_list":["post-4979","page","type-page","status-publish","hentry"],"acf":[],"yoast_head":"<!-- This site is optimized with the Yoast SEO Premium plugin v27.5 (Yoast SEO v27.5) - https:\/\/yoast.com\/product\/yoast-seo-premium-wordpress\/ -->\n<title>Merchandise | Atami<\/title>\n<meta name=\"robots\" content=\"index, follow, max-snippet:-1, max-image-preview:large, max-video-preview:-1\" \/>\n<link rel=\"canonical\" href=\"https:\/\/atami.com\/de\/merchandise\" \/>\n<meta property=\"og:locale\" content=\"de_DE\" \/>\n<meta property=\"og:type\" content=\"article\" \/>\n<meta property=\"og:title\" content=\"Merchandise\" \/>\n<meta property=\"og:description\" content=\"Atami lifestyle Nach 20 Jahren Erfahrung im Bereich Zucht ist die Marke Atami f\u00fcr viele zum Inbegriff von Lifestyle geworden. Passend zum Atami-Slogan \u201cNaturally Innovating\u201d bringt Atami eine einzigartige Linie von Lifestyle-Produkten mit Taschen und Kleidung auf den Markt. &nbsp; Mit Liebe zum Detail und entsprechend dem hohen Qualit\u00e4tsstandard von Atami wurden nur Materialien von [&hellip;]\" \/>\n<meta property=\"og:url\" content=\"https:\/\/atami.com\/de\/merchandise\" \/>\n<meta property=\"og:site_name\" content=\"Atami\" \/>\n<meta property=\"article:publisher\" content=\"https:\/\/www.facebook.com\/Atami.International\" \/>\n<meta property=\"article:modified_time\" content=\"2024-06-24T11:22:18+00:00\" \/>\n<meta property=\"og:image\" content=\"https:\/\/atami.com\/wp-content\/uploads\/2021\/03\/signal-2021-03-02-091336_002.png\" \/>\n<meta name=\"twitter:card\" content=\"summary_large_image\" \/>\n<meta name=\"twitter:site\" content=\"@AtamiEU\" \/>\n<meta name=\"twitter:label1\" content=\"Gesch\u00e4tzte Lesezeit\" \/>\n\t<meta name=\"twitter:data1\" content=\"1\u00a0Minute\" \/>\n<script type=\"application\/ld+json\" class=\"yoast-schema-graph\">{\"@context\":\"https:\\\/\\\/schema.org\",\"@graph\":[{\"@type\":\"WebPage\",\"@id\":\"https:\\\/\\\/atami.com\\\/de\\\/merchandise\",\"url\":\"https:\\\/\\\/atami.com\\\/de\\\/merchandise\",\"name\":\"Merchandise | Atami\",\"isPartOf\":{\"@id\":\"https:\\\/\\\/atami.com\\\/de#website\"},\"primaryImageOfPage\":{\"@id\":\"https:\\\/\\\/atami.com\\\/de\\\/merchandise#primaryimage\"},\"image\":{\"@id\":\"https:\\\/\\\/atami.com\\\/de\\\/merchandise#primaryimage\"},\"thumbnailUrl\":\"https:\\\/\\\/atami.com\\\/wp-content\\\/uploads\\\/2021\\\/03\\\/signal-2021-03-02-091336_002.png\",\"datePublished\":\"2021-03-23T14:33:11+00:00\",\"dateModified\":\"2024-06-24T11:22:18+00:00\",\"breadcrumb\":{\"@id\":\"https:\\\/\\\/atami.com\\\/de\\\/merchandise#breadcrumb\"},\"inLanguage\":\"de\",\"potentialAction\":[{\"@type\":\"ReadAction\",\"target\":[\"https:\\\/\\\/atami.com\\\/de\\\/merchandise\"]}]},{\"@type\":\"ImageObject\",\"inLanguage\":\"de\",\"@id\":\"https:\\\/\\\/atami.com\\\/de\\\/merchandise#primaryimage\",\"url\":\"https:\\\/\\\/atami.com\\\/wp-content\\\/uploads\\\/2021\\\/03\\\/signal-2021-03-02-091336_002.png\",\"contentUrl\":\"https:\\\/\\\/atami.com\\\/wp-content\\\/uploads\\\/2021\\\/03\\\/signal-2021-03-02-091336_002.png\"},{\"@type\":\"BreadcrumbList\",\"@id\":\"https:\\\/\\\/atami.com\\\/de\\\/merchandise#breadcrumb\",\"itemListElement\":[{\"@type\":\"ListItem\",\"position\":1,\"name\":\"Home\",\"item\":\"https:\\\/\\\/atami.com\\\/de\"},{\"@type\":\"ListItem\",\"position\":2,\"name\":\"Merchandise\"}]},{\"@type\":\"WebSite\",\"@id\":\"https:\\\/\\\/atami.com\\\/de#website\",\"url\":\"https:\\\/\\\/atami.com\\\/de\",\"name\":\"Atami\",\"description\":\"NATURALLY INNOVATING!\",\"publisher\":{\"@id\":\"https:\\\/\\\/atami.com\\\/de#organization\"},\"potentialAction\":[{\"@type\":\"SearchAction\",\"target\":{\"@type\":\"EntryPoint\",\"urlTemplate\":\"https:\\\/\\\/atami.com\\\/de?s={search_term_string}\"},\"query-input\":{\"@type\":\"PropertyValueSpecification\",\"valueRequired\":true,\"valueName\":\"search_term_string\"}}],\"inLanguage\":\"de\"},{\"@type\":\"Organization\",\"@id\":\"https:\\\/\\\/atami.com\\\/de#organization\",\"name\":\"Atami\",\"url\":\"https:\\\/\\\/atami.com\\\/de\",\"logo\":{\"@type\":\"ImageObject\",\"inLanguage\":\"de\",\"@id\":\"https:\\\/\\\/atami.com\\\/de#\\\/schema\\\/logo\\\/image\\\/\",\"url\":\"https:\\\/\\\/atami.com\\\/wp-content\\\/uploads\\\/2026\\\/01\\\/Atami-logo-696x696px.webp\",\"contentUrl\":\"https:\\\/\\\/atami.com\\\/wp-content\\\/uploads\\\/2026\\\/01\\\/Atami-logo-696x696px.webp\",\"width\":696,\"height\":696,\"caption\":\"Atami\"},\"image\":{\"@id\":\"https:\\\/\\\/atami.com\\\/de#\\\/schema\\\/logo\\\/image\\\/\"},\"sameAs\":[\"https:\\\/\\\/www.facebook.com\\\/Atami.International\",\"https:\\\/\\\/x.com\\\/AtamiEU\",\"https:\\\/\\\/www.youtube.com\\\/c\\\/AtamiInternational\",\"https:\\\/\\\/www.instagram.com\\\/atami.international\\\/\"],\"description\":\"ATAMI is a premium plant nutrition & substrate brand founded in 1997 with the mission to make exceptional cultivation achievable for everyone. From legacy to license, we offer a wide variety of innovating award-winning products to let cultivators achieve maximum results in taste & yield.\",\"email\":\"info@mginnovations.es\",\"legalName\":\"Atami\",\"numberOfEmployees\":{\"@type\":\"QuantitativeValue\",\"minValue\":\"11\",\"maxValue\":\"50\"}}]}<\/script>\n<!-- \/ Yoast SEO Premium plugin. -->","yoast_head_json":{"title":"Merchandise | Atami","robots":{"index":"index","follow":"follow","max-snippet":"max-snippet:-1","max-image-preview":"max-image-preview:large","max-video-preview":"max-video-preview:-1"},"canonical":"https:\/\/atami.com\/de\/merchandise","og_locale":"de_DE","og_type":"article","og_title":"Merchandise","og_description":"Atami lifestyle Nach 20 Jahren Erfahrung im Bereich Zucht ist die Marke Atami f\u00fcr viele zum Inbegriff von Lifestyle geworden. Passend zum Atami-Slogan \u201cNaturally Innovating\u201d bringt Atami eine einzigartige Linie von Lifestyle-Produkten mit Taschen und Kleidung auf den Markt. &nbsp; Mit Liebe zum Detail und entsprechend dem hohen Qualit\u00e4tsstandard von Atami wurden nur Materialien von [&hellip;]","og_url":"https:\/\/atami.com\/de\/merchandise","og_site_name":"Atami","article_publisher":"https:\/\/www.facebook.com\/Atami.International","article_modified_time":"2024-06-24T11:22:18+00:00","og_image":[{"url":"https:\/\/atami.com\/wp-content\/uploads\/2021\/03\/signal-2021-03-02-091336_002.png","type":"","width":"","height":""}],"twitter_card":"summary_large_image","twitter_site":"@AtamiEU","twitter_misc":{"Gesch\u00e4tzte Lesezeit":"1\u00a0Minute"},"schema":{"@context":"https:\/\/schema.org","@graph":[{"@type":"WebPage","@id":"https:\/\/atami.com\/de\/merchandise","url":"https:\/\/atami.com\/de\/merchandise","name":"Merchandise | Atami","isPartOf":{"@id":"https:\/\/atami.com\/de#website"},"primaryImageOfPage":{"@id":"https:\/\/atami.com\/de\/merchandise#primaryimage"},"image":{"@id":"https:\/\/atami.com\/de\/merchandise#primaryimage"},"thumbnailUrl":"https:\/\/atami.com\/wp-content\/uploads\/2021\/03\/signal-2021-03-02-091336_002.png","datePublished":"2021-03-23T14:33:11+00:00","dateModified":"2024-06-24T11:22:18+00:00","breadcrumb":{"@id":"https:\/\/atami.com\/de\/merchandise#breadcrumb"},"inLanguage":"de","potentialAction":[{"@type":"ReadAction","target":["https:\/\/atami.com\/de\/merchandise"]}]},{"@type":"ImageObject","inLanguage":"de","@id":"https:\/\/atami.com\/de\/merchandise#primaryimage","url":"https:\/\/atami.com\/wp-content\/uploads\/2021\/03\/signal-2021-03-02-091336_002.png","contentUrl":"https:\/\/atami.com\/wp-content\/uploads\/2021\/03\/signal-2021-03-02-091336_002.png"},{"@type":"BreadcrumbList","@id":"https:\/\/atami.com\/de\/merchandise#breadcrumb","itemListElement":[{"@type":"ListItem","position":1,"name":"Home","item":"https:\/\/atami.com\/de"},{"@type":"ListItem","position":2,"name":"Merchandise"}]},{"@type":"WebSite","@id":"https:\/\/atami.com\/de#website","url":"https:\/\/atami.com\/de","name":"Atami","description":"NATURALLY INNOVATING!","publisher":{"@id":"https:\/\/atami.com\/de#organization"},"potentialAction":[{"@type":"SearchAction","target":{"@type":"EntryPoint","urlTemplate":"https:\/\/atami.com\/de?s={search_term_string}"},"query-input":{"@type":"PropertyValueSpecification","valueRequired":true,"valueName":"search_term_string"}}],"inLanguage":"de"},{"@type":"Organization","@id":"https:\/\/atami.com\/de#organization","name":"Atami","url":"https:\/\/atami.com\/de","logo":{"@type":"ImageObject","inLanguage":"de","@id":"https:\/\/atami.com\/de#\/schema\/logo\/image\/","url":"https:\/\/atami.com\/wp-content\/uploads\/2026\/01\/Atami-logo-696x696px.webp","contentUrl":"https:\/\/atami.com\/wp-content\/uploads\/2026\/01\/Atami-logo-696x696px.webp","width":696,"height":696,"caption":"Atami"},"image":{"@id":"https:\/\/atami.com\/de#\/schema\/logo\/image\/"},"sameAs":["https:\/\/www.facebook.com\/Atami.International","https:\/\/x.com\/AtamiEU","https:\/\/www.youtube.com\/c\/AtamiInternational","https:\/\/www.instagram.com\/atami.international\/"],"description":"ATAMI is a premium plant nutrition & substrate brand founded in 1997 with the mission to make exceptional cultivation achievable for everyone. From legacy to license, we offer a wide variety of innovating award-winning products to let cultivators achieve maximum results in taste & yield.","email":"info@mginnovations.es","legalName":"Atami","numberOfEmployees":{"@type":"QuantitativeValue","minValue":"11","maxValue":"50"}}]}},"_links":{"self":[{"href":"https:\/\/atami.com\/de\/wp-json\/wp\/v2\/pages\/4979","targetHints":{"allow":["GET"]}}],"collection":[{"href":"https:\/\/atami.com\/de\/wp-json\/wp\/v2\/pages"}],"about":[{"href":"https:\/\/atami.com\/de\/wp-json\/wp\/v2\/types\/page"}],"author":[{"embeddable":true,"href":"https:\/\/atami.com\/de\/wp-json\/wp\/v2\/users\/1"}],"replies":[{"embeddable":true,"href":"https:\/\/atami.com\/de\/wp-json\/wp\/v2\/comments?post=4979"}],"version-history":[{"count":0,"href":"https:\/\/atami.com\/de\/wp-json\/wp\/v2\/pages\/4979\/revisions"}],"wp:attachment":[{"href":"https:\/\/atami.com\/de\/wp-json\/wp\/v2\/media?parent=4979"}],"curies":[{"name":"wp","href":"https:\/\/api.w.org\/{rel}","templated":true}]}}