{"id":14506,"date":"2021-10-14T07:29:04","date_gmt":"2021-10-14T07:29:04","guid":{"rendered":"https:\/\/atami.com\/sds\/"},"modified":"2025-04-07T16:07:15","modified_gmt":"2025-04-07T14:07:15","slug":"sds","status":"publish","type":"page","link":"https:\/\/atami.com\/de\/sds","title":{"rendered":"SDS"},"content":{"rendered":"\t\t<div data-elementor-type=\"wp-page\" data-elementor-id=\"14506\" class=\"elementor elementor-14506 elementor-13632\" data-elementor-post-type=\"page\">\n\t\t\t\t<div class=\"elementor-element elementor-element-de0a6be Banner e-flex e-con-boxed e-con e-parent\" data-id=\"de0a6be\" data-element_type=\"container\" data-e-type=\"container\" data-settings=\"{&quot;background_background&quot;:&quot;classic&quot;}\">\n\t\t\t\t\t<div class=\"e-con-inner\">\n\t\t<div class=\"elementor-element elementor-element-de92cbe e-con-full e-flex e-con e-child\" data-id=\"de92cbe\" data-element_type=\"container\" data-e-type=\"container\" data-settings=\"{&quot;background_background&quot;:&quot;classic&quot;}\">\n\t\t\t\t<div class=\"elementor-element elementor-element-f741777 elementor-widget elementor-widget-heading\" data-id=\"f741777\" data-element_type=\"widget\" data-e-type=\"widget\" data-widget_type=\"heading.default\">\n\t\t\t\t\t<h1 class=\"elementor-heading-title elementor-size-default\">SDS<\/h1>\t\t\t\t<\/div>\n\t\t\t\t<div class=\"elementor-element elementor-element-cab0af4 elementor-widget elementor-widget-text-editor\" data-id=\"cab0af4\" data-element_type=\"widget\" data-e-type=\"widget\" data-widget_type=\"text-editor.default\">\n\t\t\t\t\t\t\t\t\t<p>Die Sicherheitsdatenbl\u00e4tter f\u00fcr Atami-Produkte enthalten wichtige Sicherheitsinformationen und Richtlinien f\u00fcr den ordnungsgem\u00e4\u00dfen Umgang mit unseren Produkten.<\/p>\t\t\t\t\t\t\t\t<\/div>\n\t\t\t\t<\/div>\n\t\t\t\t\t<\/div>\n\t\t\t\t<\/div>\n\t\t<div class=\"elementor-element elementor-element-8eaea96 e-flex e-con-boxed e-con e-parent\" data-id=\"8eaea96\" data-element_type=\"container\" data-e-type=\"container\" data-settings=\"{&quot;background_background&quot;:&quot;classic&quot;}\">\n\t\t\t\t\t<div class=\"e-con-inner\">\n\t\t\t\t<div class=\"elementor-element elementor-element-bd5c27a elementor-widget elementor-widget-woocommerce-breadcrumb\" data-id=\"bd5c27a\" data-element_type=\"widget\" data-e-type=\"widget\" data-widget_type=\"woocommerce-breadcrumb.default\">\n\t\t\t\t\t<nav class=\"woocommerce-breadcrumb\" aria-label=\"Breadcrumb\">Start<\/nav>\t\t\t\t<\/div>\n\t\t<div class=\"elementor-element elementor-element-d496c59 e-con-full e-flex e-con e-child\" data-id=\"d496c59\" data-element_type=\"container\" data-e-type=\"container\">\n\t\t<div class=\"elementor-element elementor-element-d2010d0 e-con-full e-flex e-con e-child\" data-id=\"d2010d0\" data-element_type=\"container\" data-e-type=\"container\">\n\t\t\t\t<div class=\"elementor-element elementor-element-fa073ad elementor-widget elementor-widget-text-editor\" data-id=\"fa073ad\" data-element_type=\"widget\" data-e-type=\"widget\" data-widget_type=\"text-editor.default\">\n\t\t\t\t\t\t\t\t\t<p><a href=\"https:\/\/atami.com\/wp-content\/uploads\/2025\/01\/1-Component_DE_de_v2_20220421-min.pdf\"><span style=\"color: #000000;\">1-Component<\/span><\/a><\/p>\n<p><a href=\"https:\/\/atami.com\/wp-content\/uploads\/2025\/01\/Bloombastic_DE_de_v2_20220421-min.pdf\"><span style=\"color: #000000;\">Bloombastic<\/span><\/a><\/p>\n<p><a href=\"https:\/\/atami.com\/wp-content\/uploads\/2025\/01\/Bloom-C_DE_de_v2_20220421-min.pdf\"><span style=\"color: #000000;\">Bloom-C<\/span><\/a><\/p>\n<p><a href=\"https:\/\/atami.com\/wp-content\/uploads\/2025\/01\/Calmag_DE_de_v2_20220421-min.pdf\"><strong><span style=\"color: #000000;\">Calmag<\/span><\/strong><\/a><\/p>\n<p><a href=\"https:\/\/atami.com\/wp-content\/uploads\/2025\/01\/Coco-A_DE_de_v2_20220421-min.pdf\"><span style=\"color: #000000;\">Coco A<\/span><\/a><\/p>\n<p><a href=\"https:\/\/atami.com\/wp-content\/uploads\/2025\/01\/Coco-B_DE_de_v2_20220421-min.pdf\"><span style=\"color: #000000;\">Coco B<\/span><\/a><\/p>\n<p><a href=\"https:\/\/atami.com\/wp-content\/uploads\/2025\/01\/Coco-Max-A_DE_de_v2_20220421-min.pdf\"><span style=\"color: #000000;\">Coco Max A<\/span><\/a><\/p>\n<p><a href=\"https:\/\/atami.com\/wp-content\/uploads\/2025\/01\/Coco-Max-B_DE_de_v2_20220421-min.pdf\"><span style=\"color: #000000;\">Coco Max B<\/span><\/a><\/p>\n<p><a href=\"https:\/\/atami.com\/wp-content\/uploads\/2025\/01\/Growth-C_DE_de_v2_20220421-min.pdf\"><span style=\"color: #000000;\">Growth-C<\/span><\/a><\/p>\n<p><a href=\"https:\/\/atami.com\/wp-content\/uploads\/2025\/01\/Hydro-A_DE_de_v2_20220421-min.pdf\"><span style=\"color: #000000;\">Hydro A<\/span><\/a><\/p>\n<p><a href=\"https:\/\/atami.com\/wp-content\/uploads\/2025\/01\/Hydro-B_DE_de_v2_20220421-min.pdf\"><span style=\"color: #000000;\">Hydro B<\/span><\/a><\/p>\t\t\t\t\t\t\t\t<\/div>\n\t\t\t\t<\/div>\n\t\t<div class=\"elementor-element elementor-element-0c5ed56 e-con-full e-flex e-con e-child\" data-id=\"0c5ed56\" data-element_type=\"container\" data-e-type=\"container\">\n\t\t\t\t<div class=\"elementor-element elementor-element-ea2fe5d elementor-widget elementor-widget-text-editor\" data-id=\"ea2fe5d\" data-element_type=\"widget\" data-e-type=\"widget\" data-widget_type=\"text-editor.default\">\n\t\t\t\t\t\t\t\t\t<p><a href=\"https:\/\/atami.com\/wp-content\/uploads\/2025\/01\/PK-13-14_DE_de_v2_20220421-min.pdf\"><span style=\"color: #000000;\">PK 13-14<\/span><\/a><\/p>\n<p><a href=\"https:\/\/atami.com\/wp-content\/uploads\/2025\/01\/Premium-Plant-Powder-Coco_DE_de_v2_20220421-min.pdf\"><span style=\"color: #000000;\">Premium Plant Powder Coco<\/span><\/a><\/p>\n<p><a href=\"https:\/\/atami.com\/wp-content\/uploads\/2025\/01\/Premium-Plant-Powder-Hydro_DE_de_v2_20220421-min.pdf\"><span style=\"color: #000000;\">Premium Plant Powder Hydro<\/span><\/a><\/p>\n<p><a href=\"https:\/\/atami.com\/wp-content\/uploads\/2025\/01\/Premium-Plant-Powder-Soil_DE_en_v2_20220421-min.pdf\"><span style=\"color: #000000;\">Premium Plant Powder Soil<\/span><\/a><\/p>\n<p><a href=\"https:\/\/atami.com\/wp-content\/uploads\/2025\/01\/Rokzbastic_DE_de_v2_20220421-min.pdf\"><span style=\"color: #000000;\">Rokzbastic<\/span><\/a><\/p>\n<p><a href=\"https:\/\/atami.com\/wp-content\/uploads\/2025\/01\/Soil-A_DE_de_v2_20220421-min.pdf\"><span style=\"color: #000000;\">Soil A<\/span><\/a><\/p>\n<p><a href=\"https:\/\/atami.com\/wp-content\/uploads\/2025\/01\/Soil-B_DE_de_v2_20220421-min.pdf\"><span style=\"color: #000000;\">Soil B<\/span><\/a><\/p>\n<p><a href=\"https:\/\/atami.com\/wp-content\/uploads\/2025\/01\/Terra-Leaves_DE_de_v2_20220421-min.pdf\"><span style=\"color: #000000;\">Terra Leaves<\/span><\/a><\/p>\n<p><a href=\"https:\/\/atami.com\/wp-content\/uploads\/2025\/01\/Terra-Max_DE_de_v2_20220421-min.pdf\"><span style=\"color: #000000;\">Terra Max<\/span><\/a><\/p>\n<p><a href=\"https:\/\/atami.com\/wp-content\/uploads\/2025\/01\/VGN-Calmag_DE_de_v1_20231208-min.pdf\"><span style=\"color: #000000;\">VGN Calmag<\/span><\/a><\/p>\t\t\t\t\t\t\t\t<\/div>\n\t\t\t\t<\/div>\n\t\t\t\t<\/div>\n\t\t\t\t\t<\/div>\n\t\t\t\t<\/div>\n\t\t\t\t<\/div>\n\t\t","protected":false},"excerpt":{"rendered":"<p>SDS Die Sicherheitsdatenbl\u00e4tter f\u00fcr Atami-Produkte enthalten wichtige Sicherheitsinformationen und Richtlinien f\u00fcr den ordnungsgem\u00e4\u00dfen Umgang mit unseren Produkten. 1-Component Bloombastic Bloom-C Calmag Coco A Coco B Coco Max A Coco Max B Growth-C Hydro A Hydro B PK 13-14 Premium Plant Powder Coco Premium Plant Powder Hydro Premium Plant Powder Soil Rokzbastic Soil A Soil B [&hellip;]<\/p>\n","protected":false},"author":1,"featured_media":0,"parent":0,"menu_order":0,"comment_status":"closed","ping_status":"closed","template":"elementor_header_footer","meta":{"_acf_changed":false,"iawp_total_views":104,"footnotes":""},"class_list":["post-14506","page","type-page","status-publish","hentry"],"acf":[],"yoast_head":"<!-- This site is optimized with the Yoast SEO Premium plugin v27.4 (Yoast SEO v27.4) - https:\/\/yoast.com\/product\/yoast-seo-premium-wordpress\/ -->\n<title>Sicherheitsdatenbl\u00e4tter Atami \u2013 Alle Informationen zu unseren Produkten<\/title>\n<meta name=\"description\" content=\"Laden Sie die Sicherheitsdatenbl\u00e4tter (SDB) f\u00fcr Atami-Produkte herunter. Erfahren Sie alles \u00fcber die Handhabung, Sicherheit und Umweltvertr\u00e4glichkeit unserer Produkte.\" \/>\n<meta name=\"robots\" content=\"index, follow, max-snippet:-1, max-image-preview:large, max-video-preview:-1\" \/>\n<link rel=\"canonical\" href=\"https:\/\/atami.com\/de\/sds\" \/>\n<meta property=\"og:locale\" content=\"de_DE\" \/>\n<meta property=\"og:type\" content=\"article\" \/>\n<meta property=\"og:title\" content=\"SDS\" \/>\n<meta property=\"og:description\" content=\"Laden Sie die Sicherheitsdatenbl\u00e4tter (SDB) f\u00fcr Atami-Produkte herunter. Erfahren Sie alles \u00fcber die Handhabung, Sicherheit und Umweltvertr\u00e4glichkeit unserer Produkte.\" \/>\n<meta property=\"og:url\" content=\"https:\/\/atami.com\/de\/sds\" \/>\n<meta property=\"og:site_name\" content=\"Atami\" \/>\n<meta property=\"article:publisher\" content=\"https:\/\/www.facebook.com\/Atami.International\" \/>\n<meta property=\"article:modified_time\" content=\"2025-04-07T14:07:15+00:00\" \/>\n<meta name=\"twitter:card\" content=\"summary_large_image\" \/>\n<meta name=\"twitter:site\" content=\"@AtamiEU\" \/>\n<meta name=\"twitter:label1\" content=\"Gesch\u00e4tzte Lesezeit\" \/>\n\t<meta name=\"twitter:data1\" content=\"1\u00a0Minute\" \/>\n<script type=\"application\/ld+json\" class=\"yoast-schema-graph\">{\"@context\":\"https:\\\/\\\/schema.org\",\"@graph\":[{\"@type\":\"WebPage\",\"@id\":\"https:\\\/\\\/atami.com\\\/de\\\/sds\",\"url\":\"https:\\\/\\\/atami.com\\\/de\\\/sds\",\"name\":\"Sicherheitsdatenbl\u00e4tter Atami \u2013 Alle Informationen zu unseren Produkten\",\"isPartOf\":{\"@id\":\"https:\\\/\\\/atami.com\\\/de#website\"},\"datePublished\":\"2021-10-14T07:29:04+00:00\",\"dateModified\":\"2025-04-07T14:07:15+00:00\",\"description\":\"Laden Sie die Sicherheitsdatenbl\u00e4tter (SDB) f\u00fcr Atami-Produkte herunter. Erfahren Sie alles \u00fcber die Handhabung, Sicherheit und Umweltvertr\u00e4glichkeit unserer Produkte.\",\"breadcrumb\":{\"@id\":\"https:\\\/\\\/atami.com\\\/de\\\/sds#breadcrumb\"},\"inLanguage\":\"de\",\"potentialAction\":[{\"@type\":\"ReadAction\",\"target\":[\"https:\\\/\\\/atami.com\\\/de\\\/sds\"]}]},{\"@type\":\"BreadcrumbList\",\"@id\":\"https:\\\/\\\/atami.com\\\/de\\\/sds#breadcrumb\",\"itemListElement\":[{\"@type\":\"ListItem\",\"position\":1,\"name\":\"Home\",\"item\":\"https:\\\/\\\/atami.com\\\/de\"},{\"@type\":\"ListItem\",\"position\":2,\"name\":\"SDS\"}]},{\"@type\":\"WebSite\",\"@id\":\"https:\\\/\\\/atami.com\\\/de#website\",\"url\":\"https:\\\/\\\/atami.com\\\/de\",\"name\":\"Atami\",\"description\":\"NATURALLY INNOVATING!\",\"publisher\":{\"@id\":\"https:\\\/\\\/atami.com\\\/de#organization\"},\"potentialAction\":[{\"@type\":\"SearchAction\",\"target\":{\"@type\":\"EntryPoint\",\"urlTemplate\":\"https:\\\/\\\/atami.com\\\/de?s={search_term_string}\"},\"query-input\":{\"@type\":\"PropertyValueSpecification\",\"valueRequired\":true,\"valueName\":\"search_term_string\"}}],\"inLanguage\":\"de\"},{\"@type\":\"Organization\",\"@id\":\"https:\\\/\\\/atami.com\\\/de#organization\",\"name\":\"Atami\",\"url\":\"https:\\\/\\\/atami.com\\\/de\",\"logo\":{\"@type\":\"ImageObject\",\"inLanguage\":\"de\",\"@id\":\"https:\\\/\\\/atami.com\\\/de#\\\/schema\\\/logo\\\/image\\\/\",\"url\":\"https:\\\/\\\/atami.com\\\/wp-content\\\/uploads\\\/2026\\\/01\\\/Atami-logo-696x696px.webp\",\"contentUrl\":\"https:\\\/\\\/atami.com\\\/wp-content\\\/uploads\\\/2026\\\/01\\\/Atami-logo-696x696px.webp\",\"width\":696,\"height\":696,\"caption\":\"Atami\"},\"image\":{\"@id\":\"https:\\\/\\\/atami.com\\\/de#\\\/schema\\\/logo\\\/image\\\/\"},\"sameAs\":[\"https:\\\/\\\/www.facebook.com\\\/Atami.International\",\"https:\\\/\\\/x.com\\\/AtamiEU\",\"https:\\\/\\\/www.youtube.com\\\/c\\\/AtamiInternational\",\"https:\\\/\\\/www.instagram.com\\\/atami.international\\\/\"],\"description\":\"ATAMI is a premium plant nutrition & substrate brand founded in 1997 with the mission to make exceptional cultivation achievable for everyone. From legacy to license, we offer a wide variety of innovating award-winning products to let cultivators achieve maximum results in taste & yield.\",\"email\":\"info@mginnovations.es\",\"legalName\":\"Atami\",\"numberOfEmployees\":{\"@type\":\"QuantitativeValue\",\"minValue\":\"11\",\"maxValue\":\"50\"}}]}<\/script>\n<!-- \/ Yoast SEO Premium plugin. -->","yoast_head_json":{"title":"Sicherheitsdatenbl\u00e4tter Atami \u2013 Alle Informationen zu unseren Produkten","description":"Laden Sie die Sicherheitsdatenbl\u00e4tter (SDB) f\u00fcr Atami-Produkte herunter. Erfahren Sie alles \u00fcber die Handhabung, Sicherheit und Umweltvertr\u00e4glichkeit unserer Produkte.","robots":{"index":"index","follow":"follow","max-snippet":"max-snippet:-1","max-image-preview":"max-image-preview:large","max-video-preview":"max-video-preview:-1"},"canonical":"https:\/\/atami.com\/de\/sds","og_locale":"de_DE","og_type":"article","og_title":"SDS","og_description":"Laden Sie die Sicherheitsdatenbl\u00e4tter (SDB) f\u00fcr Atami-Produkte herunter. Erfahren Sie alles \u00fcber die Handhabung, Sicherheit und Umweltvertr\u00e4glichkeit unserer Produkte.","og_url":"https:\/\/atami.com\/de\/sds","og_site_name":"Atami","article_publisher":"https:\/\/www.facebook.com\/Atami.International","article_modified_time":"2025-04-07T14:07:15+00:00","twitter_card":"summary_large_image","twitter_site":"@AtamiEU","twitter_misc":{"Gesch\u00e4tzte Lesezeit":"1\u00a0Minute"},"schema":{"@context":"https:\/\/schema.org","@graph":[{"@type":"WebPage","@id":"https:\/\/atami.com\/de\/sds","url":"https:\/\/atami.com\/de\/sds","name":"Sicherheitsdatenbl\u00e4tter Atami \u2013 Alle Informationen zu unseren Produkten","isPartOf":{"@id":"https:\/\/atami.com\/de#website"},"datePublished":"2021-10-14T07:29:04+00:00","dateModified":"2025-04-07T14:07:15+00:00","description":"Laden Sie die Sicherheitsdatenbl\u00e4tter (SDB) f\u00fcr Atami-Produkte herunter. Erfahren Sie alles \u00fcber die Handhabung, Sicherheit und Umweltvertr\u00e4glichkeit unserer Produkte.","breadcrumb":{"@id":"https:\/\/atami.com\/de\/sds#breadcrumb"},"inLanguage":"de","potentialAction":[{"@type":"ReadAction","target":["https:\/\/atami.com\/de\/sds"]}]},{"@type":"BreadcrumbList","@id":"https:\/\/atami.com\/de\/sds#breadcrumb","itemListElement":[{"@type":"ListItem","position":1,"name":"Home","item":"https:\/\/atami.com\/de"},{"@type":"ListItem","position":2,"name":"SDS"}]},{"@type":"WebSite","@id":"https:\/\/atami.com\/de#website","url":"https:\/\/atami.com\/de","name":"Atami","description":"NATURALLY INNOVATING!","publisher":{"@id":"https:\/\/atami.com\/de#organization"},"potentialAction":[{"@type":"SearchAction","target":{"@type":"EntryPoint","urlTemplate":"https:\/\/atami.com\/de?s={search_term_string}"},"query-input":{"@type":"PropertyValueSpecification","valueRequired":true,"valueName":"search_term_string"}}],"inLanguage":"de"},{"@type":"Organization","@id":"https:\/\/atami.com\/de#organization","name":"Atami","url":"https:\/\/atami.com\/de","logo":{"@type":"ImageObject","inLanguage":"de","@id":"https:\/\/atami.com\/de#\/schema\/logo\/image\/","url":"https:\/\/atami.com\/wp-content\/uploads\/2026\/01\/Atami-logo-696x696px.webp","contentUrl":"https:\/\/atami.com\/wp-content\/uploads\/2026\/01\/Atami-logo-696x696px.webp","width":696,"height":696,"caption":"Atami"},"image":{"@id":"https:\/\/atami.com\/de#\/schema\/logo\/image\/"},"sameAs":["https:\/\/www.facebook.com\/Atami.International","https:\/\/x.com\/AtamiEU","https:\/\/www.youtube.com\/c\/AtamiInternational","https:\/\/www.instagram.com\/atami.international\/"],"description":"ATAMI is a premium plant nutrition & substrate brand founded in 1997 with the mission to make exceptional cultivation achievable for everyone. From legacy to license, we offer a wide variety of innovating award-winning products to let cultivators achieve maximum results in taste & yield.","email":"info@mginnovations.es","legalName":"Atami","numberOfEmployees":{"@type":"QuantitativeValue","minValue":"11","maxValue":"50"}}]}},"_links":{"self":[{"href":"https:\/\/atami.com\/de\/wp-json\/wp\/v2\/pages\/14506","targetHints":{"allow":["GET"]}}],"collection":[{"href":"https:\/\/atami.com\/de\/wp-json\/wp\/v2\/pages"}],"about":[{"href":"https:\/\/atami.com\/de\/wp-json\/wp\/v2\/types\/page"}],"author":[{"embeddable":true,"href":"https:\/\/atami.com\/de\/wp-json\/wp\/v2\/users\/1"}],"replies":[{"embeddable":true,"href":"https:\/\/atami.com\/de\/wp-json\/wp\/v2\/comments?post=14506"}],"version-history":[{"count":0,"href":"https:\/\/atami.com\/de\/wp-json\/wp\/v2\/pages\/14506\/revisions"}],"wp:attachment":[{"href":"https:\/\/atami.com\/de\/wp-json\/wp\/v2\/media?parent=14506"}],"curies":[{"name":"wp","href":"https:\/\/api.w.org\/{rel}","templated":true}]}}