{"id":50338,"date":"2023-09-01T05:00:39","date_gmt":"2023-09-01T05:00:39","guid":{"rendered":"https:\/\/atami.com\/product\/washed-buffered-cocos\/"},"modified":"2025-11-10T15:48:19","modified_gmt":"2025-11-10T13:48:19","slug":"washed-buffered-cocos","status":"publish","type":"product","link":"https:\/\/atami.com\/cs\/produkt\/washed-buffered-cocos","title":{"rendered":"Washed &#038; Buffered Cocos"},"content":{"rendered":"<p>WASHED &amp; BUFFERED COCOS je substr\u00e1t slo\u017een\u00fd ze 100% pran\u00e9ho a pufrovan\u00e9ho kokosov\u00e9ho vl\u00e1kna, kter\u00e9 neobsahuje \u017e\u00e1dn\u00e1 hnojiva, co\u017e zaru\u010duje neuv\u011b\u0159iteln\u011b n\u00edzkou elektrickou vodivost (EC). Tento substr\u00e1t nab\u00edz\u00ed v\u0161echny v\u00fdhody p\u011bstov\u00e1n\u00ed ve vysoce kvalitn\u00edm kokosu Atami, ale bez hnojiv, co\u017e umo\u017e\u0148uje aplikovat zvolenou v\u00fd\u017eivu hned od za\u010d\u00e1tku r\u016fstu. Z tohoto d\u016fvodu je WASHED &amp; BUFFERED COCOS ide\u00e1ln\u00ed tak\u00e9 pro sazenice a \u0159\u00edzky.<\/p>\n<p>EC:&lt; 0,3<\/p>\n<p><strong>DOSTUPN\u00c9 V BALEN\u00cd 50L<\/strong><\/p>\n","protected":false},"excerpt":{"rendered":"<p>Nehnojen\u00fd promyt\u00fd a pufrovan\u00fd kokos, kter\u00fd zaru\u010duje neuv\u011b\u0159iteln\u011b n\u00edzk\u00e9 EC<\/p>\n","protected":false},"featured_media":179412,"comment_status":"closed","ping_status":"closed","template":"","meta":{"_acf_changed":false,"iawp_total_views":25},"product_brand":[],"product_cat":[388],"product_tag":[],"class_list":{"0":"post-50338","1":"product","2":"type-product","3":"status-publish","4":"has-post-thumbnail","6":"product_cat-atami-substraty","8":"first","9":"instock","10":"shipping-taxable","11":"product-type-simple"},"acf":{"short_description":"<p>WASHED &amp; BUFFERED COCOS je substr\u00e1t slo\u017een\u00fd ze 100% pran\u00e9ho a pufrovan\u00e9ho kokosov\u00e9ho vl\u00e1kna, kter\u00e9 neobsahuje \u017e\u00e1dn\u00e1 hnojiva, co\u017e zaru\u010duje neuv\u011b\u0159iteln\u011b n\u00edzkou elektrickou vodivost (EC). Tento substr\u00e1t nab\u00edz\u00ed v\u0161echny v\u00fdhody p\u011bstov\u00e1n\u00ed ve vysoce kvalitn\u00edm kokosu Atami, ale bez hnojiv, co\u017e umo\u017e\u0148uje aplikovat zvolenou v\u00fd\u017eivu hned od za\u010d\u00e1tku r\u016fstu. Z tohoto d\u016fvodu je WASHED &amp; BUFFERED COCOS ide\u00e1ln\u00ed tak\u00e9 pro sazenice a \u0159\u00edzky.<\/p><p>&nbsp;<\/p><p><strong>EC:&lt; 0,3<\/strong><\/p>","suitable_for":"","application":"","dosage":"","npk_ratio":"","available_in":"<p>50L<\/p>","icon_1":"","icon_1_text":"","icon_2":195178,"icon_2_text":"","icon_3":"","icon_3_text":"","icon_4":"","icon_4_text":"","video":"","second_image":179412,"product_image_page":"","user_manual":"","new_icon_1":"","new_icon_2":"","new_icon_3":"","new_icon_4":"","grow_guides":"","category":"Substr\u00e1t"},"yoast_head":"<!-- This site is optimized with the Yoast SEO Premium plugin v27.4 (Yoast SEO v27.4) - https:\/\/yoast.com\/product\/yoast-seo-premium-wordpress\/ -->\n<title>Washed &amp; Buffered Cocos \u2013 Ide\u00e1ln\u00ed substr\u00e1t pro siln\u00fd r\u016fst rostlin<\/title>\n<meta name=\"description\" content=\"Hled\u00e1\u0161 super substr\u00e1t pro p\u011bstov\u00e1n\u00ed? P\u0159e\u010dti si o promyt\u00e9m a pufrovan\u00e9m kokosu od Atami! Je \u010dist\u00fd a p\u0159ipraven\u00fd pro tvoje rostlinky. Klikni a zjisti v\u00edc!\" \/>\n<meta name=\"robots\" content=\"index, follow, max-snippet:-1, max-image-preview:large, max-video-preview:-1\" \/>\n<link rel=\"canonical\" href=\"https:\/\/atami.com\/cs\/produkt\/washed-buffered-cocos\" \/>\n<meta property=\"og:locale\" content=\"cs_CZ\" \/>\n<meta property=\"og:type\" content=\"article\" \/>\n<meta property=\"og:title\" content=\"Washed &amp; Buffered Cocos\" \/>\n<meta property=\"og:description\" content=\"Hled\u00e1\u0161 super substr\u00e1t pro p\u011bstov\u00e1n\u00ed? P\u0159e\u010dti si o promyt\u00e9m a pufrovan\u00e9m kokosu od Atami! Je \u010dist\u00fd a p\u0159ipraven\u00fd pro tvoje rostlinky. Klikni a zjisti v\u00edc!\" \/>\n<meta property=\"og:url\" content=\"https:\/\/atami.com\/cs\/produkt\/washed-buffered-cocos\" \/>\n<meta property=\"og:site_name\" content=\"Atami\" \/>\n<meta property=\"article:publisher\" content=\"https:\/\/www.facebook.com\/Atami.International\" \/>\n<meta property=\"article:modified_time\" content=\"2025-11-10T13:48:19+00:00\" \/>\n<meta property=\"og:image\" content=\"https:\/\/atami.com\/wp-content\/uploads\/2023\/09\/Washed-Buffered-Cocos.webp\" \/>\n\t<meta property=\"og:image:width\" content=\"800\" \/>\n\t<meta property=\"og:image:height\" content=\"800\" \/>\n\t<meta property=\"og:image:type\" content=\"image\/webp\" \/>\n<meta name=\"twitter:card\" content=\"summary_large_image\" \/>\n<meta name=\"twitter:site\" content=\"@AtamiEU\" \/>\n<meta name=\"twitter:label1\" content=\"Odhadovan\u00e1 doba \u010dten\u00ed\" \/>\n\t<meta name=\"twitter:data1\" content=\"1 minuta\" \/>\n<script type=\"application\/ld+json\" class=\"yoast-schema-graph\">{\"@context\":\"https:\\\/\\\/schema.org\",\"@graph\":[{\"@type\":\"WebPage\",\"@id\":\"https:\\\/\\\/atami.com\\\/cs\\\/produkt\\\/washed-buffered-cocos\",\"url\":\"https:\\\/\\\/atami.com\\\/cs\\\/produkt\\\/washed-buffered-cocos\",\"name\":\"Washed & Buffered Cocos \u2013 Ide\u00e1ln\u00ed substr\u00e1t pro siln\u00fd r\u016fst rostlin\",\"isPartOf\":{\"@id\":\"https:\\\/\\\/atami.com\\\/cs#website\"},\"primaryImageOfPage\":{\"@id\":\"https:\\\/\\\/atami.com\\\/cs\\\/produkt\\\/washed-buffered-cocos#primaryimage\"},\"image\":{\"@id\":\"https:\\\/\\\/atami.com\\\/cs\\\/produkt\\\/washed-buffered-cocos#primaryimage\"},\"thumbnailUrl\":\"https:\\\/\\\/atami.com\\\/wp-content\\\/uploads\\\/2023\\\/09\\\/Washed-Buffered-Cocos.webp\",\"datePublished\":\"2023-09-01T05:00:39+00:00\",\"dateModified\":\"2025-11-10T13:48:19+00:00\",\"description\":\"Hled\u00e1\u0161 super substr\u00e1t pro p\u011bstov\u00e1n\u00ed? P\u0159e\u010dti si o promyt\u00e9m a pufrovan\u00e9m kokosu od Atami! Je \u010dist\u00fd a p\u0159ipraven\u00fd pro tvoje rostlinky. Klikni a zjisti v\u00edc!\",\"breadcrumb\":{\"@id\":\"https:\\\/\\\/atami.com\\\/cs\\\/produkt\\\/washed-buffered-cocos#breadcrumb\"},\"inLanguage\":\"cs\",\"potentialAction\":[{\"@type\":\"ReadAction\",\"target\":[\"https:\\\/\\\/atami.com\\\/cs\\\/produkt\\\/washed-buffered-cocos\"]}]},{\"@type\":\"ImageObject\",\"inLanguage\":\"cs\",\"@id\":\"https:\\\/\\\/atami.com\\\/cs\\\/produkt\\\/washed-buffered-cocos#primaryimage\",\"url\":\"https:\\\/\\\/atami.com\\\/wp-content\\\/uploads\\\/2023\\\/09\\\/Washed-Buffered-Cocos.webp\",\"contentUrl\":\"https:\\\/\\\/atami.com\\\/wp-content\\\/uploads\\\/2023\\\/09\\\/Washed-Buffered-Cocos.webp\",\"width\":800,\"height\":800,\"caption\":\"Washed & Buffered Cocos nab\u00edz\u00ed p\u011bstitel\u016fm \u010distou b\u0159idlici a poskytuje substr\u00e1t s n\u00edzk\u00fdm EC ide\u00e1ln\u00ed pro sazenice a \u0159\u00edzky.\"},{\"@type\":\"BreadcrumbList\",\"@id\":\"https:\\\/\\\/atami.com\\\/cs\\\/produkt\\\/washed-buffered-cocos#breadcrumb\",\"itemListElement\":[{\"@type\":\"ListItem\",\"position\":1,\"name\":\"Home\",\"item\":\"https:\\\/\\\/atami.com\\\/cs\"},{\"@type\":\"ListItem\",\"position\":2,\"name\":\"Produkty\",\"item\":\"https:\\\/\\\/atami.com\\\/cs\\\/shop\"},{\"@type\":\"ListItem\",\"position\":3,\"name\":\"Zna\u010dky\",\"item\":\"https:\\\/\\\/atami.com\\\/cs\\\/kategorie-produktu\\\/znacky\"},{\"@type\":\"ListItem\",\"position\":4,\"name\":\"Atami substr\u00e1ty\",\"item\":\"https:\\\/\\\/atami.com\\\/cs\\\/kategorie-produktu\\\/znacky\\\/atami-substraty\"},{\"@type\":\"ListItem\",\"position\":5,\"name\":\"Washed &#038; Buffered Cocos\"}]},{\"@type\":\"WebSite\",\"@id\":\"https:\\\/\\\/atami.com\\\/cs#website\",\"url\":\"https:\\\/\\\/atami.com\\\/cs\",\"name\":\"Atami\",\"description\":\"NATURALLY INNOVATING!\",\"publisher\":{\"@id\":\"https:\\\/\\\/atami.com\\\/cs#organization\"},\"potentialAction\":[{\"@type\":\"SearchAction\",\"target\":{\"@type\":\"EntryPoint\",\"urlTemplate\":\"https:\\\/\\\/atami.com\\\/cs?s={search_term_string}\"},\"query-input\":{\"@type\":\"PropertyValueSpecification\",\"valueRequired\":true,\"valueName\":\"search_term_string\"}}],\"inLanguage\":\"cs\"},{\"@type\":\"Organization\",\"@id\":\"https:\\\/\\\/atami.com\\\/cs#organization\",\"name\":\"Atami\",\"url\":\"https:\\\/\\\/atami.com\\\/cs\",\"logo\":{\"@type\":\"ImageObject\",\"inLanguage\":\"cs\",\"@id\":\"https:\\\/\\\/atami.com\\\/cs#\\\/schema\\\/logo\\\/image\\\/\",\"url\":\"https:\\\/\\\/atami.com\\\/wp-content\\\/uploads\\\/2026\\\/01\\\/Atami-logo-696x696px.webp\",\"contentUrl\":\"https:\\\/\\\/atami.com\\\/wp-content\\\/uploads\\\/2026\\\/01\\\/Atami-logo-696x696px.webp\",\"width\":696,\"height\":696,\"caption\":\"Atami\"},\"image\":{\"@id\":\"https:\\\/\\\/atami.com\\\/cs#\\\/schema\\\/logo\\\/image\\\/\"},\"sameAs\":[\"https:\\\/\\\/www.facebook.com\\\/Atami.International\",\"https:\\\/\\\/x.com\\\/AtamiEU\",\"https:\\\/\\\/www.youtube.com\\\/c\\\/AtamiInternational\",\"https:\\\/\\\/www.instagram.com\\\/atami.international\\\/\"],\"description\":\"ATAMI is a premium plant nutrition & substrate brand founded in 1997 with the mission to make exceptional cultivation achievable for everyone. From legacy to license, we offer a wide variety of innovating award-winning products to let cultivators achieve maximum results in taste & yield.\",\"email\":\"info@mginnovations.es\",\"legalName\":\"Atami\",\"numberOfEmployees\":{\"@type\":\"QuantitativeValue\",\"minValue\":\"11\",\"maxValue\":\"50\"}}]}<\/script>\n<!-- \/ Yoast SEO Premium plugin. -->","yoast_head_json":{"title":"Washed & Buffered Cocos \u2013 Ide\u00e1ln\u00ed substr\u00e1t pro siln\u00fd r\u016fst rostlin","description":"Hled\u00e1\u0161 super substr\u00e1t pro p\u011bstov\u00e1n\u00ed? P\u0159e\u010dti si o promyt\u00e9m a pufrovan\u00e9m kokosu od Atami! Je \u010dist\u00fd a p\u0159ipraven\u00fd pro tvoje rostlinky. Klikni a zjisti v\u00edc!","robots":{"index":"index","follow":"follow","max-snippet":"max-snippet:-1","max-image-preview":"max-image-preview:large","max-video-preview":"max-video-preview:-1"},"canonical":"https:\/\/atami.com\/cs\/produkt\/washed-buffered-cocos","og_locale":"cs_CZ","og_type":"article","og_title":"Washed & Buffered Cocos","og_description":"Hled\u00e1\u0161 super substr\u00e1t pro p\u011bstov\u00e1n\u00ed? P\u0159e\u010dti si o promyt\u00e9m a pufrovan\u00e9m kokosu od Atami! Je \u010dist\u00fd a p\u0159ipraven\u00fd pro tvoje rostlinky. Klikni a zjisti v\u00edc!","og_url":"https:\/\/atami.com\/cs\/produkt\/washed-buffered-cocos","og_site_name":"Atami","article_publisher":"https:\/\/www.facebook.com\/Atami.International","article_modified_time":"2025-11-10T13:48:19+00:00","og_image":[{"width":800,"height":800,"url":"https:\/\/atami.com\/wp-content\/uploads\/2023\/09\/Washed-Buffered-Cocos.webp","type":"image\/webp"}],"twitter_card":"summary_large_image","twitter_site":"@AtamiEU","twitter_misc":{"Odhadovan\u00e1 doba \u010dten\u00ed":"1 minuta"},"schema":{"@context":"https:\/\/schema.org","@graph":[{"@type":"WebPage","@id":"https:\/\/atami.com\/cs\/produkt\/washed-buffered-cocos","url":"https:\/\/atami.com\/cs\/produkt\/washed-buffered-cocos","name":"Washed & Buffered Cocos \u2013 Ide\u00e1ln\u00ed substr\u00e1t pro siln\u00fd r\u016fst rostlin","isPartOf":{"@id":"https:\/\/atami.com\/cs#website"},"primaryImageOfPage":{"@id":"https:\/\/atami.com\/cs\/produkt\/washed-buffered-cocos#primaryimage"},"image":{"@id":"https:\/\/atami.com\/cs\/produkt\/washed-buffered-cocos#primaryimage"},"thumbnailUrl":"https:\/\/atami.com\/wp-content\/uploads\/2023\/09\/Washed-Buffered-Cocos.webp","datePublished":"2023-09-01T05:00:39+00:00","dateModified":"2025-11-10T13:48:19+00:00","description":"Hled\u00e1\u0161 super substr\u00e1t pro p\u011bstov\u00e1n\u00ed? P\u0159e\u010dti si o promyt\u00e9m a pufrovan\u00e9m kokosu od Atami! Je \u010dist\u00fd a p\u0159ipraven\u00fd pro tvoje rostlinky. Klikni a zjisti v\u00edc!","breadcrumb":{"@id":"https:\/\/atami.com\/cs\/produkt\/washed-buffered-cocos#breadcrumb"},"inLanguage":"cs","potentialAction":[{"@type":"ReadAction","target":["https:\/\/atami.com\/cs\/produkt\/washed-buffered-cocos"]}]},{"@type":"ImageObject","inLanguage":"cs","@id":"https:\/\/atami.com\/cs\/produkt\/washed-buffered-cocos#primaryimage","url":"https:\/\/atami.com\/wp-content\/uploads\/2023\/09\/Washed-Buffered-Cocos.webp","contentUrl":"https:\/\/atami.com\/wp-content\/uploads\/2023\/09\/Washed-Buffered-Cocos.webp","width":800,"height":800,"caption":"Washed & Buffered Cocos nab\u00edz\u00ed p\u011bstitel\u016fm \u010distou b\u0159idlici a poskytuje substr\u00e1t s n\u00edzk\u00fdm EC ide\u00e1ln\u00ed pro sazenice a \u0159\u00edzky."},{"@type":"BreadcrumbList","@id":"https:\/\/atami.com\/cs\/produkt\/washed-buffered-cocos#breadcrumb","itemListElement":[{"@type":"ListItem","position":1,"name":"Home","item":"https:\/\/atami.com\/cs"},{"@type":"ListItem","position":2,"name":"Produkty","item":"https:\/\/atami.com\/cs\/shop"},{"@type":"ListItem","position":3,"name":"Zna\u010dky","item":"https:\/\/atami.com\/cs\/kategorie-produktu\/znacky"},{"@type":"ListItem","position":4,"name":"Atami substr\u00e1ty","item":"https:\/\/atami.com\/cs\/kategorie-produktu\/znacky\/atami-substraty"},{"@type":"ListItem","position":5,"name":"Washed &#038; Buffered Cocos"}]},{"@type":"WebSite","@id":"https:\/\/atami.com\/cs#website","url":"https:\/\/atami.com\/cs","name":"Atami","description":"NATURALLY INNOVATING!","publisher":{"@id":"https:\/\/atami.com\/cs#organization"},"potentialAction":[{"@type":"SearchAction","target":{"@type":"EntryPoint","urlTemplate":"https:\/\/atami.com\/cs?s={search_term_string}"},"query-input":{"@type":"PropertyValueSpecification","valueRequired":true,"valueName":"search_term_string"}}],"inLanguage":"cs"},{"@type":"Organization","@id":"https:\/\/atami.com\/cs#organization","name":"Atami","url":"https:\/\/atami.com\/cs","logo":{"@type":"ImageObject","inLanguage":"cs","@id":"https:\/\/atami.com\/cs#\/schema\/logo\/image\/","url":"https:\/\/atami.com\/wp-content\/uploads\/2026\/01\/Atami-logo-696x696px.webp","contentUrl":"https:\/\/atami.com\/wp-content\/uploads\/2026\/01\/Atami-logo-696x696px.webp","width":696,"height":696,"caption":"Atami"},"image":{"@id":"https:\/\/atami.com\/cs#\/schema\/logo\/image\/"},"sameAs":["https:\/\/www.facebook.com\/Atami.International","https:\/\/x.com\/AtamiEU","https:\/\/www.youtube.com\/c\/AtamiInternational","https:\/\/www.instagram.com\/atami.international\/"],"description":"ATAMI is a premium plant nutrition & substrate brand founded in 1997 with the mission to make exceptional cultivation achievable for everyone. From legacy to license, we offer a wide variety of innovating award-winning products to let cultivators achieve maximum results in taste & yield.","email":"info@mginnovations.es","legalName":"Atami","numberOfEmployees":{"@type":"QuantitativeValue","minValue":"11","maxValue":"50"}}]}},"_links":{"self":[{"href":"https:\/\/atami.com\/cs\/wp-json\/wp\/v2\/product\/50338","targetHints":{"allow":["GET"]}}],"collection":[{"href":"https:\/\/atami.com\/cs\/wp-json\/wp\/v2\/product"}],"about":[{"href":"https:\/\/atami.com\/cs\/wp-json\/wp\/v2\/types\/product"}],"replies":[{"embeddable":true,"href":"https:\/\/atami.com\/cs\/wp-json\/wp\/v2\/comments?post=50338"}],"wp:featuredmedia":[{"embeddable":true,"href":"https:\/\/atami.com\/cs\/wp-json\/wp\/v2\/media\/179412"}],"wp:attachment":[{"href":"https:\/\/atami.com\/cs\/wp-json\/wp\/v2\/media?parent=50338"}],"wp:term":[{"taxonomy":"product_brand","embeddable":true,"href":"https:\/\/atami.com\/cs\/wp-json\/wp\/v2\/product_brand?post=50338"},{"taxonomy":"product_cat","embeddable":true,"href":"https:\/\/atami.com\/cs\/wp-json\/wp\/v2\/product_cat?post=50338"},{"taxonomy":"product_tag","embeddable":true,"href":"https:\/\/atami.com\/cs\/wp-json\/wp\/v2\/product_tag?post=50338"}],"curies":[{"name":"wp","href":"https:\/\/api.w.org\/{rel}","templated":true}]}}