{"id":49779,"date":"2023-02-14T13:15:05","date_gmt":"2023-02-14T13:15:05","guid":{"rendered":"https:\/\/atami.com\/product\/bounce\/"},"modified":"2025-11-10T15:49:19","modified_gmt":"2025-11-10T13:49:19","slug":"bounce","status":"publish","type":"product","link":"https:\/\/atami.com\/cs\/produkt\/bounce","title":{"rendered":"B\u2019ounce"},"content":{"rendered":"<p>Atami B\u2019ounce je presovan\u00fd substr\u00e1t skl\u00e1daj\u00edc\u00ed se ze sm\u011bsi kokosu tvo\u0159en\u00e9 kokosovou drt\u00ed, kokosov\u00fdmi vl\u00e1kny a kousky kokosu. V\u0161echny slo\u017eky jsou pufrovan\u00e9 a propl\u00e1chnut\u00e9 a Atami B\u2019ounce tak lze pova\u017eovat za \u010dist\u00fd substr\u00e1t. Proto\u017ee m\u00e1 Cocos B\u2019ounce r\u016fznou strukturu, tvo\u0159\u00ed ide\u00e1ln\u00ed z\u00e1klad. Hrub\u0161\u00ed kousky kokosu zaji\u0161\u0165uj\u00ed dostate\u010dn\u00e9 provzdu\u0161n\u011bn\u00ed kokosov\u00e9 sm\u011bsi a nech\u00e1vaj\u00ed dostatek kysl\u00edku pro ko\u0159eny.<\/p>\n<p>\nKysl\u00edk m\u00e1 blahod\u00e1rn\u00fd \u00fa\u010dinek na (rychl\u00fd) r\u016fst zdrav\u00e9ho, siln\u00e9ho ko\u0159enov\u00e9ho syst\u00e9mu. Nav\u00edc se d\u00edky p\u0159\u00edzniv\u00fdm podm\u00ednk\u00e1m (lehkosti) zna\u010dn\u011b zv\u00fd\u0161\u00ed rychlost, s n\u00ed\u017e se ko\u0159enov\u00fd syst\u00e9m rozv\u00edj\u00ed, tak\u017ee rostliny porostou je\u0161t\u011b rychleji.<\/p>\n<p>\nO n\u011bco hrub\u0161\u00ed kousky kokosu poskytuj\u00ed dobrou dren\u00e1\u017e. Jemn\u00e9 \u010d\u00e1stice kokosu (v\u010detn\u011b vl\u00e1ken a drti) funguj\u00ed naopak jako houba a d\u00e9le zadr\u017euj\u00ed vlhkost, aby pro rostliny v substr\u00e1tu z\u016fstal dostatek (v\u00fd\u017eivn\u00e9) vody. Po namo\u010den\u00ed nabobtn\u00e1 Atami B\u2019ounce do v\u00fd\u0161ky p\u0159ibli\u017en\u011b 20 cm.<\/p>\n<p>\n<strong>ATAMI B\u2019OUNCE JE K DOST\u00c1N\u00cd V MAL\u00ddCH BLOC\u00cdCH 18,5 X 18,5 CM. V\u00dd\u0160KA BLOKU JE 6 CM.<\/strong><\/p>\n<p>\n<strong>EC: 0,80<\/strong><\/p>\n","protected":false},"excerpt":{"rendered":"<p>Lisovan\u00fd kokosov\u00fd substr\u00e1t<\/p>\n","protected":false},"featured_media":26127,"comment_status":"closed","ping_status":"closed","template":"","meta":{"_acf_changed":false,"iawp_total_views":13},"product_brand":[],"product_cat":[388],"product_tag":[],"class_list":{"0":"post-49779","1":"product","2":"type-product","3":"status-publish","4":"has-post-thumbnail","6":"product_cat-atami-substraty","8":"first","9":"instock","10":"shipping-taxable","11":"product-type-simple"},"acf":{"short_description":"<p>Atami B\u2019ounce je presovan\u00fd substr\u00e1t skl\u00e1daj\u00edc\u00ed se ze sm\u011bsi kokosu tvo\u0159en\u00e9 kokosovou drt\u00ed, kokosov\u00fdmi vl\u00e1kny a kousky kokosu. V\u0161echny slo\u017eky jsou pufrovan\u00e9 a propl\u00e1chnut\u00e9 a Atami B\u2019ounce tak lze pova\u017eovat za \u010dist\u00fd substr\u00e1t. Proto\u017ee m\u00e1 Cocos B\u2019ounce r\u016fznou strukturu, tvo\u0159\u00ed ide\u00e1ln\u00ed z\u00e1klad. Hrub\u0161\u00ed kousky kokosu zaji\u0161\u0165uj\u00ed dostate\u010dn\u00e9 provzdu\u0161n\u011bn\u00ed kokosov\u00e9 sm\u011bsi a nech\u00e1vaj\u00ed dostatek kysl\u00edku pro ko\u0159eny.<\/p><p><br \/>Kysl\u00edk m\u00e1 blahod\u00e1rn\u00fd \u00fa\u010dinek na (rychl\u00fd) r\u016fst zdrav\u00e9ho, siln\u00e9ho ko\u0159enov\u00e9ho syst\u00e9mu. Nav\u00edc se d\u00edky p\u0159\u00edzniv\u00fdm podm\u00ednk\u00e1m (lehkosti) zna\u010dn\u011b zv\u00fd\u0161\u00ed rychlost, s n\u00ed\u017e se ko\u0159enov\u00fd syst\u00e9m rozv\u00edj\u00ed, tak\u017ee rostliny porostou je\u0161t\u011b rychleji.<\/p><p><br \/>O n\u011bco hrub\u0161\u00ed kousky kokosu poskytuj\u00ed dobrou dren\u00e1\u017e. Jemn\u00e9 \u010d\u00e1stice kokosu (v\u010detn\u011b vl\u00e1ken a drti) funguj\u00ed naopak jako houba a d\u00e9le zadr\u017euj\u00ed vlhkost, aby pro rostliny v substr\u00e1tu z\u016fstal dostatek (v\u00fd\u017eivn\u00e9) vody. Po namo\u010den\u00ed nabobtn\u00e1 Atami B\u2019ounce do v\u00fd\u0161ky p\u0159ibli\u017en\u011b 20 cm.<\/p><p><br \/><strong>ATAMI B\u2019OUNCE JE K DOST\u00c1N\u00cd V MAL\u00ddCH BLOC\u00cdCH 18,5 X 18,5 CM. V\u00dd\u0160KA BLOKU JE 6 CM.<\/strong><\/p><p><br \/><strong>EC: 0,80<\/strong><\/p>","suitable_for":"","application":"","dosage":"","npk_ratio":"","available_in":"","icon_1":"","icon_1_text":"","icon_2":"","icon_2_text":"","icon_3":"","icon_3_text":"","icon_4":"","icon_4_text":"","video":"","second_image":26142,"product_image_page":"","user_manual":"","new_icon_1":"","new_icon_2":"","new_icon_3":"","new_icon_4":"","grow_guides":null,"category":"Substr\u00e1t"},"yoast_head":"<!-- This site is optimized with the Yoast SEO Premium plugin v27.5 (Yoast SEO v27.5) - https:\/\/yoast.com\/product\/yoast-seo-premium-wordpress\/ -->\n<title>B\u2019ounce | Lisovan\u00fd kokosov\u00fd substr\u00e1t | Atami<\/title>\n<meta name=\"description\" content=\"Atami B\u2019ounce je presovan\u00fd substr\u00e1t skl\u00e1daj\u00edc\u00ed se ze sm\u011bsi kokosu tvo\u0159en\u00e9 kokosovou drt\u00ed, kokosov\u00fdmi vl\u00e1kny a kousky kokosu. V\u0161echny slo\u017eky jsou pufrovan\u00e9 a propl\u00e1chnut\u00e9 a Atami B\u2019ounce tak lze pova\u017eovat za \u010dist\u00fd substr\u00e1t. Proto\u017ee m\u00e1 Cocos B\u2019ounce r\u016fznou strukturu, tvo\u0159\u00ed ide\u00e1ln\u00ed z\u00e1klad. Hrub\u0161\u00ed kousky kokosu zaji\u0161\u0165uj\u00ed dostate\u010dn\u00e9 provzdu\u0161n\u011bn\u00ed kokosov\u00e9 sm\u011bsi a nech\u00e1vaj\u00ed dostatek kysl\u00edku pro ko\u0159eny.\" \/>\n<meta name=\"robots\" content=\"index, follow, max-snippet:-1, max-image-preview:large, max-video-preview:-1\" \/>\n<link rel=\"canonical\" href=\"https:\/\/atami.com\/cs\/produkt\/bounce\" \/>\n<meta property=\"og:locale\" content=\"cs_CZ\" \/>\n<meta property=\"og:type\" content=\"article\" \/>\n<meta property=\"og:title\" content=\"B\u2019ounce\" \/>\n<meta property=\"og:description\" content=\"Atami B\u2019ounce je presovan\u00fd substr\u00e1t skl\u00e1daj\u00edc\u00ed se ze sm\u011bsi kokosu tvo\u0159en\u00e9 kokosovou drt\u00ed, kokosov\u00fdmi vl\u00e1kny a kousky kokosu. V\u0161echny slo\u017eky jsou pufrovan\u00e9 a propl\u00e1chnut\u00e9 a Atami B\u2019ounce tak lze pova\u017eovat za \u010dist\u00fd substr\u00e1t. Proto\u017ee m\u00e1 Cocos B\u2019ounce r\u016fznou strukturu, tvo\u0159\u00ed ide\u00e1ln\u00ed z\u00e1klad. Hrub\u0161\u00ed kousky kokosu zaji\u0161\u0165uj\u00ed dostate\u010dn\u00e9 provzdu\u0161n\u011bn\u00ed kokosov\u00e9 sm\u011bsi a nech\u00e1vaj\u00ed dostatek kysl\u00edku pro ko\u0159eny.\" \/>\n<meta property=\"og:url\" content=\"https:\/\/atami.com\/cs\/produkt\/bounce\" \/>\n<meta property=\"og:site_name\" content=\"Atami\" \/>\n<meta property=\"article:publisher\" content=\"https:\/\/www.facebook.com\/Atami.International\" \/>\n<meta property=\"article:modified_time\" content=\"2025-11-10T13:49:19+00:00\" \/>\n<meta property=\"og:image\" content=\"https:\/\/atami.com\/wp-content\/uploads\/2023\/02\/Bounce-Main-Image.webp\" \/>\n\t<meta property=\"og:image:width\" content=\"1080\" \/>\n\t<meta property=\"og:image:height\" content=\"1080\" \/>\n\t<meta property=\"og:image:type\" content=\"image\/webp\" \/>\n<meta name=\"twitter:card\" content=\"summary_large_image\" \/>\n<meta name=\"twitter:site\" content=\"@AtamiEU\" \/>\n<meta name=\"twitter:label1\" content=\"Odhadovan\u00e1 doba \u010dten\u00ed\" \/>\n\t<meta name=\"twitter:data1\" content=\"1 minuta\" \/>\n<script type=\"application\/ld+json\" class=\"yoast-schema-graph\">{\"@context\":\"https:\\\/\\\/schema.org\",\"@graph\":[{\"@type\":\"WebPage\",\"@id\":\"https:\\\/\\\/atami.com\\\/cs\\\/produkt\\\/bounce\",\"url\":\"https:\\\/\\\/atami.com\\\/cs\\\/produkt\\\/bounce\",\"name\":\"B\u2019ounce | Lisovan\u00fd kokosov\u00fd substr\u00e1t | Atami\",\"isPartOf\":{\"@id\":\"https:\\\/\\\/atami.com\\\/cs#website\"},\"primaryImageOfPage\":{\"@id\":\"https:\\\/\\\/atami.com\\\/cs\\\/produkt\\\/bounce#primaryimage\"},\"image\":{\"@id\":\"https:\\\/\\\/atami.com\\\/cs\\\/produkt\\\/bounce#primaryimage\"},\"thumbnailUrl\":\"https:\\\/\\\/atami.com\\\/wp-content\\\/uploads\\\/2023\\\/02\\\/Bounce-Main-Image.webp\",\"datePublished\":\"2023-02-14T13:15:05+00:00\",\"dateModified\":\"2025-11-10T13:49:19+00:00\",\"description\":\"Atami B\u2019ounce je presovan\u00fd substr\u00e1t skl\u00e1daj\u00edc\u00ed se ze sm\u011bsi kokosu tvo\u0159en\u00e9 kokosovou drt\u00ed, kokosov\u00fdmi vl\u00e1kny a kousky kokosu. V\u0161echny slo\u017eky jsou pufrovan\u00e9 a propl\u00e1chnut\u00e9 a Atami B\u2019ounce tak lze pova\u017eovat za \u010dist\u00fd substr\u00e1t. Proto\u017ee m\u00e1 Cocos B\u2019ounce r\u016fznou strukturu, tvo\u0159\u00ed ide\u00e1ln\u00ed z\u00e1klad. Hrub\u0161\u00ed kousky kokosu zaji\u0161\u0165uj\u00ed dostate\u010dn\u00e9 provzdu\u0161n\u011bn\u00ed kokosov\u00e9 sm\u011bsi a nech\u00e1vaj\u00ed dostatek kysl\u00edku pro ko\u0159eny.\",\"breadcrumb\":{\"@id\":\"https:\\\/\\\/atami.com\\\/cs\\\/produkt\\\/bounce#breadcrumb\"},\"inLanguage\":\"cs\",\"potentialAction\":[{\"@type\":\"ReadAction\",\"target\":[\"https:\\\/\\\/atami.com\\\/cs\\\/produkt\\\/bounce\"]}]},{\"@type\":\"ImageObject\",\"inLanguage\":\"cs\",\"@id\":\"https:\\\/\\\/atami.com\\\/cs\\\/produkt\\\/bounce#primaryimage\",\"url\":\"https:\\\/\\\/atami.com\\\/wp-content\\\/uploads\\\/2023\\\/02\\\/Bounce-Main-Image.webp\",\"contentUrl\":\"https:\\\/\\\/atami.com\\\/wp-content\\\/uploads\\\/2023\\\/02\\\/Bounce-Main-Image.webp\",\"width\":1080,\"height\":1080,\"caption\":\"B\u2019ounce poskytuje dob\u0159e strukturovan\u00e9 m\u00e9dium, kter\u00e9 zadr\u017euje vodu a \u017eiviny a podporuje zdrav\u00fd v\u00fdvoj ko\u0159en\u016f.\"},{\"@type\":\"BreadcrumbList\",\"@id\":\"https:\\\/\\\/atami.com\\\/cs\\\/produkt\\\/bounce#breadcrumb\",\"itemListElement\":[{\"@type\":\"ListItem\",\"position\":1,\"name\":\"Home\",\"item\":\"https:\\\/\\\/atami.com\\\/cs\"},{\"@type\":\"ListItem\",\"position\":2,\"name\":\"Produkty\",\"item\":\"https:\\\/\\\/atami.com\\\/cs\\\/shop\"},{\"@type\":\"ListItem\",\"position\":3,\"name\":\"Zna\u010dky\",\"item\":\"https:\\\/\\\/atami.com\\\/cs\\\/kategorie-produktu\\\/znacky\"},{\"@type\":\"ListItem\",\"position\":4,\"name\":\"Atami substr\u00e1ty\",\"item\":\"https:\\\/\\\/atami.com\\\/cs\\\/kategorie-produktu\\\/znacky\\\/atami-substraty\"},{\"@type\":\"ListItem\",\"position\":5,\"name\":\"B\u2019ounce\"}]},{\"@type\":\"WebSite\",\"@id\":\"https:\\\/\\\/atami.com\\\/cs#website\",\"url\":\"https:\\\/\\\/atami.com\\\/cs\",\"name\":\"Atami\",\"description\":\"NATURALLY INNOVATING!\",\"publisher\":{\"@id\":\"https:\\\/\\\/atami.com\\\/cs#organization\"},\"potentialAction\":[{\"@type\":\"SearchAction\",\"target\":{\"@type\":\"EntryPoint\",\"urlTemplate\":\"https:\\\/\\\/atami.com\\\/cs?s={search_term_string}\"},\"query-input\":{\"@type\":\"PropertyValueSpecification\",\"valueRequired\":true,\"valueName\":\"search_term_string\"}}],\"inLanguage\":\"cs\"},{\"@type\":\"Organization\",\"@id\":\"https:\\\/\\\/atami.com\\\/cs#organization\",\"name\":\"Atami\",\"url\":\"https:\\\/\\\/atami.com\\\/cs\",\"logo\":{\"@type\":\"ImageObject\",\"inLanguage\":\"cs\",\"@id\":\"https:\\\/\\\/atami.com\\\/cs#\\\/schema\\\/logo\\\/image\\\/\",\"url\":\"https:\\\/\\\/atami.com\\\/wp-content\\\/uploads\\\/2026\\\/01\\\/Atami-logo-696x696px.webp\",\"contentUrl\":\"https:\\\/\\\/atami.com\\\/wp-content\\\/uploads\\\/2026\\\/01\\\/Atami-logo-696x696px.webp\",\"width\":696,\"height\":696,\"caption\":\"Atami\"},\"image\":{\"@id\":\"https:\\\/\\\/atami.com\\\/cs#\\\/schema\\\/logo\\\/image\\\/\"},\"sameAs\":[\"https:\\\/\\\/www.facebook.com\\\/Atami.International\",\"https:\\\/\\\/x.com\\\/AtamiEU\",\"https:\\\/\\\/www.youtube.com\\\/c\\\/AtamiInternational\",\"https:\\\/\\\/www.instagram.com\\\/atami.international\\\/\"],\"description\":\"ATAMI is a premium plant nutrition & substrate brand founded in 1997 with the mission to make exceptional cultivation achievable for everyone. From legacy to license, we offer a wide variety of innovating award-winning products to let cultivators achieve maximum results in taste & yield.\",\"email\":\"info@mginnovations.es\",\"legalName\":\"Atami\",\"numberOfEmployees\":{\"@type\":\"QuantitativeValue\",\"minValue\":\"11\",\"maxValue\":\"50\"}}]}<\/script>\n<!-- \/ Yoast SEO Premium plugin. -->","yoast_head_json":{"title":"B\u2019ounce | Lisovan\u00fd kokosov\u00fd substr\u00e1t | Atami","description":"Atami B\u2019ounce je presovan\u00fd substr\u00e1t skl\u00e1daj\u00edc\u00ed se ze sm\u011bsi kokosu tvo\u0159en\u00e9 kokosovou drt\u00ed, kokosov\u00fdmi vl\u00e1kny a kousky kokosu. V\u0161echny slo\u017eky jsou pufrovan\u00e9 a propl\u00e1chnut\u00e9 a Atami B\u2019ounce tak lze pova\u017eovat za \u010dist\u00fd substr\u00e1t. Proto\u017ee m\u00e1 Cocos B\u2019ounce r\u016fznou strukturu, tvo\u0159\u00ed ide\u00e1ln\u00ed z\u00e1klad. Hrub\u0161\u00ed kousky kokosu zaji\u0161\u0165uj\u00ed dostate\u010dn\u00e9 provzdu\u0161n\u011bn\u00ed kokosov\u00e9 sm\u011bsi a nech\u00e1vaj\u00ed dostatek kysl\u00edku pro ko\u0159eny.","robots":{"index":"index","follow":"follow","max-snippet":"max-snippet:-1","max-image-preview":"max-image-preview:large","max-video-preview":"max-video-preview:-1"},"canonical":"https:\/\/atami.com\/cs\/produkt\/bounce","og_locale":"cs_CZ","og_type":"article","og_title":"B\u2019ounce","og_description":"Atami B\u2019ounce je presovan\u00fd substr\u00e1t skl\u00e1daj\u00edc\u00ed se ze sm\u011bsi kokosu tvo\u0159en\u00e9 kokosovou drt\u00ed, kokosov\u00fdmi vl\u00e1kny a kousky kokosu. V\u0161echny slo\u017eky jsou pufrovan\u00e9 a propl\u00e1chnut\u00e9 a Atami B\u2019ounce tak lze pova\u017eovat za \u010dist\u00fd substr\u00e1t. Proto\u017ee m\u00e1 Cocos B\u2019ounce r\u016fznou strukturu, tvo\u0159\u00ed ide\u00e1ln\u00ed z\u00e1klad. Hrub\u0161\u00ed kousky kokosu zaji\u0161\u0165uj\u00ed dostate\u010dn\u00e9 provzdu\u0161n\u011bn\u00ed kokosov\u00e9 sm\u011bsi a nech\u00e1vaj\u00ed dostatek kysl\u00edku pro ko\u0159eny.","og_url":"https:\/\/atami.com\/cs\/produkt\/bounce","og_site_name":"Atami","article_publisher":"https:\/\/www.facebook.com\/Atami.International","article_modified_time":"2025-11-10T13:49:19+00:00","og_image":[{"width":1080,"height":1080,"url":"https:\/\/atami.com\/wp-content\/uploads\/2023\/02\/Bounce-Main-Image.webp","type":"image\/webp"}],"twitter_card":"summary_large_image","twitter_site":"@AtamiEU","twitter_misc":{"Odhadovan\u00e1 doba \u010dten\u00ed":"1 minuta"},"schema":{"@context":"https:\/\/schema.org","@graph":[{"@type":"WebPage","@id":"https:\/\/atami.com\/cs\/produkt\/bounce","url":"https:\/\/atami.com\/cs\/produkt\/bounce","name":"B\u2019ounce | Lisovan\u00fd kokosov\u00fd substr\u00e1t | Atami","isPartOf":{"@id":"https:\/\/atami.com\/cs#website"},"primaryImageOfPage":{"@id":"https:\/\/atami.com\/cs\/produkt\/bounce#primaryimage"},"image":{"@id":"https:\/\/atami.com\/cs\/produkt\/bounce#primaryimage"},"thumbnailUrl":"https:\/\/atami.com\/wp-content\/uploads\/2023\/02\/Bounce-Main-Image.webp","datePublished":"2023-02-14T13:15:05+00:00","dateModified":"2025-11-10T13:49:19+00:00","description":"Atami B\u2019ounce je presovan\u00fd substr\u00e1t skl\u00e1daj\u00edc\u00ed se ze sm\u011bsi kokosu tvo\u0159en\u00e9 kokosovou drt\u00ed, kokosov\u00fdmi vl\u00e1kny a kousky kokosu. V\u0161echny slo\u017eky jsou pufrovan\u00e9 a propl\u00e1chnut\u00e9 a Atami B\u2019ounce tak lze pova\u017eovat za \u010dist\u00fd substr\u00e1t. Proto\u017ee m\u00e1 Cocos B\u2019ounce r\u016fznou strukturu, tvo\u0159\u00ed ide\u00e1ln\u00ed z\u00e1klad. Hrub\u0161\u00ed kousky kokosu zaji\u0161\u0165uj\u00ed dostate\u010dn\u00e9 provzdu\u0161n\u011bn\u00ed kokosov\u00e9 sm\u011bsi a nech\u00e1vaj\u00ed dostatek kysl\u00edku pro ko\u0159eny.","breadcrumb":{"@id":"https:\/\/atami.com\/cs\/produkt\/bounce#breadcrumb"},"inLanguage":"cs","potentialAction":[{"@type":"ReadAction","target":["https:\/\/atami.com\/cs\/produkt\/bounce"]}]},{"@type":"ImageObject","inLanguage":"cs","@id":"https:\/\/atami.com\/cs\/produkt\/bounce#primaryimage","url":"https:\/\/atami.com\/wp-content\/uploads\/2023\/02\/Bounce-Main-Image.webp","contentUrl":"https:\/\/atami.com\/wp-content\/uploads\/2023\/02\/Bounce-Main-Image.webp","width":1080,"height":1080,"caption":"B\u2019ounce poskytuje dob\u0159e strukturovan\u00e9 m\u00e9dium, kter\u00e9 zadr\u017euje vodu a \u017eiviny a podporuje zdrav\u00fd v\u00fdvoj ko\u0159en\u016f."},{"@type":"BreadcrumbList","@id":"https:\/\/atami.com\/cs\/produkt\/bounce#breadcrumb","itemListElement":[{"@type":"ListItem","position":1,"name":"Home","item":"https:\/\/atami.com\/cs"},{"@type":"ListItem","position":2,"name":"Produkty","item":"https:\/\/atami.com\/cs\/shop"},{"@type":"ListItem","position":3,"name":"Zna\u010dky","item":"https:\/\/atami.com\/cs\/kategorie-produktu\/znacky"},{"@type":"ListItem","position":4,"name":"Atami substr\u00e1ty","item":"https:\/\/atami.com\/cs\/kategorie-produktu\/znacky\/atami-substraty"},{"@type":"ListItem","position":5,"name":"B\u2019ounce"}]},{"@type":"WebSite","@id":"https:\/\/atami.com\/cs#website","url":"https:\/\/atami.com\/cs","name":"Atami","description":"NATURALLY INNOVATING!","publisher":{"@id":"https:\/\/atami.com\/cs#organization"},"potentialAction":[{"@type":"SearchAction","target":{"@type":"EntryPoint","urlTemplate":"https:\/\/atami.com\/cs?s={search_term_string}"},"query-input":{"@type":"PropertyValueSpecification","valueRequired":true,"valueName":"search_term_string"}}],"inLanguage":"cs"},{"@type":"Organization","@id":"https:\/\/atami.com\/cs#organization","name":"Atami","url":"https:\/\/atami.com\/cs","logo":{"@type":"ImageObject","inLanguage":"cs","@id":"https:\/\/atami.com\/cs#\/schema\/logo\/image\/","url":"https:\/\/atami.com\/wp-content\/uploads\/2026\/01\/Atami-logo-696x696px.webp","contentUrl":"https:\/\/atami.com\/wp-content\/uploads\/2026\/01\/Atami-logo-696x696px.webp","width":696,"height":696,"caption":"Atami"},"image":{"@id":"https:\/\/atami.com\/cs#\/schema\/logo\/image\/"},"sameAs":["https:\/\/www.facebook.com\/Atami.International","https:\/\/x.com\/AtamiEU","https:\/\/www.youtube.com\/c\/AtamiInternational","https:\/\/www.instagram.com\/atami.international\/"],"description":"ATAMI is a premium plant nutrition & substrate brand founded in 1997 with the mission to make exceptional cultivation achievable for everyone. From legacy to license, we offer a wide variety of innovating award-winning products to let cultivators achieve maximum results in taste & yield.","email":"info@mginnovations.es","legalName":"Atami","numberOfEmployees":{"@type":"QuantitativeValue","minValue":"11","maxValue":"50"}}]}},"_links":{"self":[{"href":"https:\/\/atami.com\/cs\/wp-json\/wp\/v2\/product\/49779","targetHints":{"allow":["GET"]}}],"collection":[{"href":"https:\/\/atami.com\/cs\/wp-json\/wp\/v2\/product"}],"about":[{"href":"https:\/\/atami.com\/cs\/wp-json\/wp\/v2\/types\/product"}],"replies":[{"embeddable":true,"href":"https:\/\/atami.com\/cs\/wp-json\/wp\/v2\/comments?post=49779"}],"wp:featuredmedia":[{"embeddable":true,"href":"https:\/\/atami.com\/cs\/wp-json\/wp\/v2\/media\/26127"}],"wp:attachment":[{"href":"https:\/\/atami.com\/cs\/wp-json\/wp\/v2\/media?parent=49779"}],"wp:term":[{"taxonomy":"product_brand","embeddable":true,"href":"https:\/\/atami.com\/cs\/wp-json\/wp\/v2\/product_brand?post=49779"},{"taxonomy":"product_cat","embeddable":true,"href":"https:\/\/atami.com\/cs\/wp-json\/wp\/v2\/product_cat?post=49779"},{"taxonomy":"product_tag","embeddable":true,"href":"https:\/\/atami.com\/cs\/wp-json\/wp\/v2\/product_tag?post=49779"}],"curies":[{"name":"wp","href":"https:\/\/api.w.org\/{rel}","templated":true}]}}