{"id":49778,"date":"2023-02-14T13:00:24","date_gmt":"2023-02-14T13:00:24","guid":{"rendered":"https:\/\/atami.com\/product\/cocos-slabs\/"},"modified":"2025-11-10T15:48:56","modified_gmt":"2025-11-10T13:48:56","slug":"cocos-slabs","status":"publish","type":"product","link":"https:\/\/atami.com\/cs\/produkt\/cocos-slabs","title":{"rendered":"Cocos Slabs"},"content":{"rendered":"<p>Vysoce kvalitn\u00ed kokosov\u00e1 vl\u00e1kna pro\u0161la udr\u017eiteln\u00fdm zr\u00e1n\u00edm, myt\u00edm a pufrov\u00e1n\u00edm a zajist\u00ed optim\u00e1ln\u00ed kultiva\u010dn\u00ed m\u00e9dium. Kokos obsahuje dostate\u010dn\u00e9 \u017eiviny pro prvn\u00ed t\u00fdden r\u016fstov\u00e9ho cyklu. Potom lze k dosa\u017een\u00ed optim\u00e1ln\u00edch v\u00fdsledk\u016f p\u0159id\u00e1vat tekut\u00e1 hnojiva a stimul\u00e1tory. Kokos m\u00e1 dokonalou strukturu snadno zadr\u017euj\u00edc\u00ed v\u00fd\u017eivnou vodu, kterou pak rychle absorbuj\u00ed ko\u0159eny.<\/p>\n<p>\nKokosov\u00fd substr\u00e1t tak\u00e9 z\u016fst\u00e1v\u00e1 lehk\u00fd a t\u00edm ko\u0159en\u016fm umo\u017e\u0148uje z\u00edsk\u00e1vat velk\u00e9 mno\u017estv\u00ed kysl\u00edku. Ve v\u00fdsledku pak maj\u00ed rostliny zdrav\u00fd a siln\u00fd ko\u0159enov\u00fd syst\u00e9m a rostou rychl\u00fdm tempem.<\/p>\n<p>\n<strong>EC: 0,80\u20131,00<\/strong><\/p>\n<p>\n<strong>DOSTUPN\u00dd OBJEM 12 L<\/strong><\/p>\n","protected":false},"excerpt":{"rendered":"<p>Lehce hnojen\u00e1, vyzr\u00e1l\u00e1, promyt\u00e1 a pufrovan\u00e1 kokosov\u00e1 vl\u00e1kna<\/p>\n","protected":false},"featured_media":27094,"comment_status":"closed","ping_status":"closed","template":"","meta":{"_acf_changed":false,"iawp_total_views":11},"product_brand":[],"product_cat":[388],"product_tag":[],"class_list":{"0":"post-49778","1":"product","2":"type-product","3":"status-publish","4":"has-post-thumbnail","6":"product_cat-atami-substraty","8":"first","9":"instock","10":"shipping-taxable","11":"product-type-simple"},"acf":{"short_description":"<p>Vysoce kvalitn\u00ed kokosov\u00e1 vl\u00e1kna pro\u0161la udr\u017eiteln\u00fdm zr\u00e1n\u00edm, myt\u00edm a pufrov\u00e1n\u00edm a zajist\u00ed optim\u00e1ln\u00ed kultiva\u010dn\u00ed m\u00e9dium. Kokos obsahuje dostate\u010dn\u00e9 \u017eiviny pro prvn\u00ed t\u00fdden r\u016fstov\u00e9ho cyklu. Potom lze k dosa\u017een\u00ed optim\u00e1ln\u00edch v\u00fdsledk\u016f p\u0159id\u00e1vat tekut\u00e1 hnojiva a stimul\u00e1tory. Kokos m\u00e1 dokonalou strukturu snadno zadr\u017euj\u00edc\u00ed v\u00fd\u017eivnou vodu, kterou pak rychle absorbuj\u00ed ko\u0159eny.<\/p><p><br \/>Kokosov\u00fd substr\u00e1t tak\u00e9 z\u016fst\u00e1v\u00e1 lehk\u00fd a t\u00edm ko\u0159en\u016fm umo\u017e\u0148uje z\u00edsk\u00e1vat velk\u00e9 mno\u017estv\u00ed kysl\u00edku. Ve v\u00fdsledku pak maj\u00ed rostliny zdrav\u00fd a siln\u00fd ko\u0159enov\u00fd syst\u00e9m a rostou rychl\u00fdm tempem.<\/p><p><br \/><strong>EC: 0,80\u20131,00<\/strong><\/p>","suitable_for":"","application":"","dosage":"","npk_ratio":"","available_in":"<p>12L<\/p>","icon_1":"","icon_1_text":"","icon_2":"","icon_2_text":"","icon_3":"","icon_3_text":"","icon_4":"","icon_4_text":"","video":"","second_image":27109,"product_image_page":"","user_manual":"","new_icon_1":"","new_icon_2":"","new_icon_3":"","new_icon_4":"","grow_guides":"","category":"Substr\u00e1t"},"yoast_head":"<!-- This site is optimized with the Yoast SEO Premium plugin v27.4 (Yoast SEO v27.4) - https:\/\/yoast.com\/product\/yoast-seo-premium-wordpress\/ -->\n<title>Atami Cocos Slabs \u2013 Ide\u00e1ln\u00ed substr\u00e1t pro zdrav\u00fd r\u016fst va\u0161ich rostlin<\/title>\n<meta name=\"description\" content=\"Objevte Atami Cocos Slabs, vysoce kvalitn\u00ed kokosov\u00e9 substr\u00e1ty ide\u00e1ln\u00ed pro hydroponick\u00e9 syst\u00e9my. Nab\u00edzej\u00ed vynikaj\u00edc\u00ed zadr\u017eov\u00e1n\u00ed vody a vzduchu, podporuj\u00ed zdrav\u00fd r\u016fst ko\u0159en\u016f a zvy\u0161uj\u00ed v\u00fdnosy va\u0161ich plodin.\" \/>\n<meta name=\"robots\" content=\"index, follow, max-snippet:-1, max-image-preview:large, max-video-preview:-1\" \/>\n<link rel=\"canonical\" href=\"https:\/\/atami.com\/cs\/produkt\/cocos-slabs\" \/>\n<meta property=\"og:locale\" content=\"cs_CZ\" \/>\n<meta property=\"og:type\" content=\"article\" \/>\n<meta property=\"og:title\" content=\"Cocos Slabs\" \/>\n<meta property=\"og:description\" content=\"Objevte Atami Cocos Slabs, vysoce kvalitn\u00ed kokosov\u00e9 substr\u00e1ty ide\u00e1ln\u00ed pro hydroponick\u00e9 syst\u00e9my. Nab\u00edzej\u00ed vynikaj\u00edc\u00ed zadr\u017eov\u00e1n\u00ed vody a vzduchu, podporuj\u00ed zdrav\u00fd r\u016fst ko\u0159en\u016f a zvy\u0161uj\u00ed v\u00fdnosy va\u0161ich plodin.\" \/>\n<meta property=\"og:url\" content=\"https:\/\/atami.com\/cs\/produkt\/cocos-slabs\" \/>\n<meta property=\"og:site_name\" content=\"Atami\" \/>\n<meta property=\"article:publisher\" content=\"https:\/\/www.facebook.com\/Atami.International\" \/>\n<meta property=\"article:modified_time\" content=\"2025-11-10T13:48:56+00:00\" \/>\n<meta property=\"og:image\" content=\"https:\/\/atami.com\/wp-content\/uploads\/2023\/02\/Cocos-Slabs-Main-Images.webp\" \/>\n\t<meta property=\"og:image:width\" content=\"1080\" \/>\n\t<meta property=\"og:image:height\" content=\"1080\" \/>\n\t<meta property=\"og:image:type\" content=\"image\/webp\" \/>\n<meta name=\"twitter:card\" content=\"summary_large_image\" \/>\n<meta name=\"twitter:site\" content=\"@AtamiEU\" \/>\n<meta name=\"twitter:label1\" content=\"Odhadovan\u00e1 doba \u010dten\u00ed\" \/>\n\t<meta name=\"twitter:data1\" content=\"1 minuta\" \/>\n<script type=\"application\/ld+json\" class=\"yoast-schema-graph\">{\"@context\":\"https:\\\/\\\/schema.org\",\"@graph\":[{\"@type\":\"WebPage\",\"@id\":\"https:\\\/\\\/atami.com\\\/cs\\\/produkt\\\/cocos-slabs\",\"url\":\"https:\\\/\\\/atami.com\\\/cs\\\/produkt\\\/cocos-slabs\",\"name\":\"Atami Cocos Slabs \u2013 Ide\u00e1ln\u00ed substr\u00e1t pro zdrav\u00fd r\u016fst va\u0161ich rostlin\",\"isPartOf\":{\"@id\":\"https:\\\/\\\/atami.com\\\/cs#website\"},\"primaryImageOfPage\":{\"@id\":\"https:\\\/\\\/atami.com\\\/cs\\\/produkt\\\/cocos-slabs#primaryimage\"},\"image\":{\"@id\":\"https:\\\/\\\/atami.com\\\/cs\\\/produkt\\\/cocos-slabs#primaryimage\"},\"thumbnailUrl\":\"https:\\\/\\\/atami.com\\\/wp-content\\\/uploads\\\/2023\\\/02\\\/Cocos-Slabs-Main-Images.webp\",\"datePublished\":\"2023-02-14T13:00:24+00:00\",\"dateModified\":\"2025-11-10T13:48:56+00:00\",\"description\":\"Objevte Atami Cocos Slabs, vysoce kvalitn\u00ed kokosov\u00e9 substr\u00e1ty ide\u00e1ln\u00ed pro hydroponick\u00e9 syst\u00e9my. Nab\u00edzej\u00ed vynikaj\u00edc\u00ed zadr\u017eov\u00e1n\u00ed vody a vzduchu, podporuj\u00ed zdrav\u00fd r\u016fst ko\u0159en\u016f a zvy\u0161uj\u00ed v\u00fdnosy va\u0161ich plodin.\",\"breadcrumb\":{\"@id\":\"https:\\\/\\\/atami.com\\\/cs\\\/produkt\\\/cocos-slabs#breadcrumb\"},\"inLanguage\":\"cs\",\"potentialAction\":[{\"@type\":\"ReadAction\",\"target\":[\"https:\\\/\\\/atami.com\\\/cs\\\/produkt\\\/cocos-slabs\"]}]},{\"@type\":\"ImageObject\",\"inLanguage\":\"cs\",\"@id\":\"https:\\\/\\\/atami.com\\\/cs\\\/produkt\\\/cocos-slabs#primaryimage\",\"url\":\"https:\\\/\\\/atami.com\\\/wp-content\\\/uploads\\\/2023\\\/02\\\/Cocos-Slabs-Main-Images.webp\",\"contentUrl\":\"https:\\\/\\\/atami.com\\\/wp-content\\\/uploads\\\/2023\\\/02\\\/Cocos-Slabs-Main-Images.webp\",\"width\":1080,\"height\":1080,\"caption\":\"Cocos Slabs poskytuj\u00ed dob\u0159e strukturovan\u00e9 m\u00e9dium, kter\u00e9 zadr\u017euje vodu a \u017eiviny a podporuje zdrav\u00fd v\u00fdvoj ko\u0159en\u016f.\"},{\"@type\":\"BreadcrumbList\",\"@id\":\"https:\\\/\\\/atami.com\\\/cs\\\/produkt\\\/cocos-slabs#breadcrumb\",\"itemListElement\":[{\"@type\":\"ListItem\",\"position\":1,\"name\":\"Home\",\"item\":\"https:\\\/\\\/atami.com\\\/cs\"},{\"@type\":\"ListItem\",\"position\":2,\"name\":\"Produkty\",\"item\":\"https:\\\/\\\/atami.com\\\/cs\\\/shop\"},{\"@type\":\"ListItem\",\"position\":3,\"name\":\"Zna\u010dky\",\"item\":\"https:\\\/\\\/atami.com\\\/cs\\\/kategorie-produktu\\\/znacky\"},{\"@type\":\"ListItem\",\"position\":4,\"name\":\"Atami substr\u00e1ty\",\"item\":\"https:\\\/\\\/atami.com\\\/cs\\\/kategorie-produktu\\\/znacky\\\/atami-substraty\"},{\"@type\":\"ListItem\",\"position\":5,\"name\":\"Cocos Slabs\"}]},{\"@type\":\"WebSite\",\"@id\":\"https:\\\/\\\/atami.com\\\/cs#website\",\"url\":\"https:\\\/\\\/atami.com\\\/cs\",\"name\":\"Atami\",\"description\":\"NATURALLY INNOVATING!\",\"publisher\":{\"@id\":\"https:\\\/\\\/atami.com\\\/cs#organization\"},\"potentialAction\":[{\"@type\":\"SearchAction\",\"target\":{\"@type\":\"EntryPoint\",\"urlTemplate\":\"https:\\\/\\\/atami.com\\\/cs?s={search_term_string}\"},\"query-input\":{\"@type\":\"PropertyValueSpecification\",\"valueRequired\":true,\"valueName\":\"search_term_string\"}}],\"inLanguage\":\"cs\"},{\"@type\":\"Organization\",\"@id\":\"https:\\\/\\\/atami.com\\\/cs#organization\",\"name\":\"Atami\",\"url\":\"https:\\\/\\\/atami.com\\\/cs\",\"logo\":{\"@type\":\"ImageObject\",\"inLanguage\":\"cs\",\"@id\":\"https:\\\/\\\/atami.com\\\/cs#\\\/schema\\\/logo\\\/image\\\/\",\"url\":\"https:\\\/\\\/atami.com\\\/wp-content\\\/uploads\\\/2026\\\/01\\\/Atami-logo-696x696px.webp\",\"contentUrl\":\"https:\\\/\\\/atami.com\\\/wp-content\\\/uploads\\\/2026\\\/01\\\/Atami-logo-696x696px.webp\",\"width\":696,\"height\":696,\"caption\":\"Atami\"},\"image\":{\"@id\":\"https:\\\/\\\/atami.com\\\/cs#\\\/schema\\\/logo\\\/image\\\/\"},\"sameAs\":[\"https:\\\/\\\/www.facebook.com\\\/Atami.International\",\"https:\\\/\\\/x.com\\\/AtamiEU\",\"https:\\\/\\\/www.youtube.com\\\/c\\\/AtamiInternational\",\"https:\\\/\\\/www.instagram.com\\\/atami.international\\\/\"],\"description\":\"ATAMI is a premium plant nutrition & substrate brand founded in 1997 with the mission to make exceptional cultivation achievable for everyone. From legacy to license, we offer a wide variety of innovating award-winning products to let cultivators achieve maximum results in taste & yield.\",\"email\":\"info@mginnovations.es\",\"legalName\":\"Atami\",\"numberOfEmployees\":{\"@type\":\"QuantitativeValue\",\"minValue\":\"11\",\"maxValue\":\"50\"}}]}<\/script>\n<!-- \/ Yoast SEO Premium plugin. -->","yoast_head_json":{"title":"Atami Cocos Slabs \u2013 Ide\u00e1ln\u00ed substr\u00e1t pro zdrav\u00fd r\u016fst va\u0161ich rostlin","description":"Objevte Atami Cocos Slabs, vysoce kvalitn\u00ed kokosov\u00e9 substr\u00e1ty ide\u00e1ln\u00ed pro hydroponick\u00e9 syst\u00e9my. Nab\u00edzej\u00ed vynikaj\u00edc\u00ed zadr\u017eov\u00e1n\u00ed vody a vzduchu, podporuj\u00ed zdrav\u00fd r\u016fst ko\u0159en\u016f a zvy\u0161uj\u00ed v\u00fdnosy va\u0161ich plodin.","robots":{"index":"index","follow":"follow","max-snippet":"max-snippet:-1","max-image-preview":"max-image-preview:large","max-video-preview":"max-video-preview:-1"},"canonical":"https:\/\/atami.com\/cs\/produkt\/cocos-slabs","og_locale":"cs_CZ","og_type":"article","og_title":"Cocos Slabs","og_description":"Objevte Atami Cocos Slabs, vysoce kvalitn\u00ed kokosov\u00e9 substr\u00e1ty ide\u00e1ln\u00ed pro hydroponick\u00e9 syst\u00e9my. Nab\u00edzej\u00ed vynikaj\u00edc\u00ed zadr\u017eov\u00e1n\u00ed vody a vzduchu, podporuj\u00ed zdrav\u00fd r\u016fst ko\u0159en\u016f a zvy\u0161uj\u00ed v\u00fdnosy va\u0161ich plodin.","og_url":"https:\/\/atami.com\/cs\/produkt\/cocos-slabs","og_site_name":"Atami","article_publisher":"https:\/\/www.facebook.com\/Atami.International","article_modified_time":"2025-11-10T13:48:56+00:00","og_image":[{"width":1080,"height":1080,"url":"https:\/\/atami.com\/wp-content\/uploads\/2023\/02\/Cocos-Slabs-Main-Images.webp","type":"image\/webp"}],"twitter_card":"summary_large_image","twitter_site":"@AtamiEU","twitter_misc":{"Odhadovan\u00e1 doba \u010dten\u00ed":"1 minuta"},"schema":{"@context":"https:\/\/schema.org","@graph":[{"@type":"WebPage","@id":"https:\/\/atami.com\/cs\/produkt\/cocos-slabs","url":"https:\/\/atami.com\/cs\/produkt\/cocos-slabs","name":"Atami Cocos Slabs \u2013 Ide\u00e1ln\u00ed substr\u00e1t pro zdrav\u00fd r\u016fst va\u0161ich rostlin","isPartOf":{"@id":"https:\/\/atami.com\/cs#website"},"primaryImageOfPage":{"@id":"https:\/\/atami.com\/cs\/produkt\/cocos-slabs#primaryimage"},"image":{"@id":"https:\/\/atami.com\/cs\/produkt\/cocos-slabs#primaryimage"},"thumbnailUrl":"https:\/\/atami.com\/wp-content\/uploads\/2023\/02\/Cocos-Slabs-Main-Images.webp","datePublished":"2023-02-14T13:00:24+00:00","dateModified":"2025-11-10T13:48:56+00:00","description":"Objevte Atami Cocos Slabs, vysoce kvalitn\u00ed kokosov\u00e9 substr\u00e1ty ide\u00e1ln\u00ed pro hydroponick\u00e9 syst\u00e9my. Nab\u00edzej\u00ed vynikaj\u00edc\u00ed zadr\u017eov\u00e1n\u00ed vody a vzduchu, podporuj\u00ed zdrav\u00fd r\u016fst ko\u0159en\u016f a zvy\u0161uj\u00ed v\u00fdnosy va\u0161ich plodin.","breadcrumb":{"@id":"https:\/\/atami.com\/cs\/produkt\/cocos-slabs#breadcrumb"},"inLanguage":"cs","potentialAction":[{"@type":"ReadAction","target":["https:\/\/atami.com\/cs\/produkt\/cocos-slabs"]}]},{"@type":"ImageObject","inLanguage":"cs","@id":"https:\/\/atami.com\/cs\/produkt\/cocos-slabs#primaryimage","url":"https:\/\/atami.com\/wp-content\/uploads\/2023\/02\/Cocos-Slabs-Main-Images.webp","contentUrl":"https:\/\/atami.com\/wp-content\/uploads\/2023\/02\/Cocos-Slabs-Main-Images.webp","width":1080,"height":1080,"caption":"Cocos Slabs poskytuj\u00ed dob\u0159e strukturovan\u00e9 m\u00e9dium, kter\u00e9 zadr\u017euje vodu a \u017eiviny a podporuje zdrav\u00fd v\u00fdvoj ko\u0159en\u016f."},{"@type":"BreadcrumbList","@id":"https:\/\/atami.com\/cs\/produkt\/cocos-slabs#breadcrumb","itemListElement":[{"@type":"ListItem","position":1,"name":"Home","item":"https:\/\/atami.com\/cs"},{"@type":"ListItem","position":2,"name":"Produkty","item":"https:\/\/atami.com\/cs\/shop"},{"@type":"ListItem","position":3,"name":"Zna\u010dky","item":"https:\/\/atami.com\/cs\/kategorie-produktu\/znacky"},{"@type":"ListItem","position":4,"name":"Atami substr\u00e1ty","item":"https:\/\/atami.com\/cs\/kategorie-produktu\/znacky\/atami-substraty"},{"@type":"ListItem","position":5,"name":"Cocos Slabs"}]},{"@type":"WebSite","@id":"https:\/\/atami.com\/cs#website","url":"https:\/\/atami.com\/cs","name":"Atami","description":"NATURALLY INNOVATING!","publisher":{"@id":"https:\/\/atami.com\/cs#organization"},"potentialAction":[{"@type":"SearchAction","target":{"@type":"EntryPoint","urlTemplate":"https:\/\/atami.com\/cs?s={search_term_string}"},"query-input":{"@type":"PropertyValueSpecification","valueRequired":true,"valueName":"search_term_string"}}],"inLanguage":"cs"},{"@type":"Organization","@id":"https:\/\/atami.com\/cs#organization","name":"Atami","url":"https:\/\/atami.com\/cs","logo":{"@type":"ImageObject","inLanguage":"cs","@id":"https:\/\/atami.com\/cs#\/schema\/logo\/image\/","url":"https:\/\/atami.com\/wp-content\/uploads\/2026\/01\/Atami-logo-696x696px.webp","contentUrl":"https:\/\/atami.com\/wp-content\/uploads\/2026\/01\/Atami-logo-696x696px.webp","width":696,"height":696,"caption":"Atami"},"image":{"@id":"https:\/\/atami.com\/cs#\/schema\/logo\/image\/"},"sameAs":["https:\/\/www.facebook.com\/Atami.International","https:\/\/x.com\/AtamiEU","https:\/\/www.youtube.com\/c\/AtamiInternational","https:\/\/www.instagram.com\/atami.international\/"],"description":"ATAMI is a premium plant nutrition & substrate brand founded in 1997 with the mission to make exceptional cultivation achievable for everyone. From legacy to license, we offer a wide variety of innovating award-winning products to let cultivators achieve maximum results in taste & yield.","email":"info@mginnovations.es","legalName":"Atami","numberOfEmployees":{"@type":"QuantitativeValue","minValue":"11","maxValue":"50"}}]}},"_links":{"self":[{"href":"https:\/\/atami.com\/cs\/wp-json\/wp\/v2\/product\/49778","targetHints":{"allow":["GET"]}}],"collection":[{"href":"https:\/\/atami.com\/cs\/wp-json\/wp\/v2\/product"}],"about":[{"href":"https:\/\/atami.com\/cs\/wp-json\/wp\/v2\/types\/product"}],"replies":[{"embeddable":true,"href":"https:\/\/atami.com\/cs\/wp-json\/wp\/v2\/comments?post=49778"}],"wp:featuredmedia":[{"embeddable":true,"href":"https:\/\/atami.com\/cs\/wp-json\/wp\/v2\/media\/27094"}],"wp:attachment":[{"href":"https:\/\/atami.com\/cs\/wp-json\/wp\/v2\/media?parent=49778"}],"wp:term":[{"taxonomy":"product_brand","embeddable":true,"href":"https:\/\/atami.com\/cs\/wp-json\/wp\/v2\/product_brand?post=49778"},{"taxonomy":"product_cat","embeddable":true,"href":"https:\/\/atami.com\/cs\/wp-json\/wp\/v2\/product_cat?post=49778"},{"taxonomy":"product_tag","embeddable":true,"href":"https:\/\/atami.com\/cs\/wp-json\/wp\/v2\/product_tag?post=49778"}],"curies":[{"name":"wp","href":"https:\/\/api.w.org\/{rel}","templated":true}]}}