{"id":49777,"date":"2023-02-14T12:02:27","date_gmt":"2023-02-14T12:02:27","guid":{"rendered":"https:\/\/atami.com\/product\/worm-delight\/"},"modified":"2025-11-10T15:47:08","modified_gmt":"2025-11-10T13:47:08","slug":"worm-delight","status":"publish","type":"product","link":"https:\/\/atami.com\/cs\/produkt\/worm-delight","title":{"rendered":"Worm Delight"},"content":{"rendered":"<p>Jedn\u00edm z nejd\u016fle\u017eit\u011bj\u0161\u00edch hnojiv je Atami Worm Delight. Rostlina po n\u011bm dob\u0159e a rychle roste a zna\u010dn\u011b se u n\u00ed zvy\u0161uje v\u00fdnos (velmi d\u016fle\u017eit\u00e9 b\u011bhem obdob\u00ed kv\u011btu). Vedle drasl\u00edku obsahuje Atami Worm Delight i cenn\u00e1 hnojiva jako dus\u00edk a fosfor, kter\u00e1 p\u0159isp\u00edvaj\u00ed k v\u00fdjime\u010dn\u00e9mu r\u016fstu (dus\u00edk) a tvorb\u011b kv\u011bt\u016f (fosfor).<\/p>\n<p>\nAtami Worm Delight obsahuje stejn\u00fd pom\u011br hlavn\u00edch hnojiv. Jednou z jeho v\u00fdhod je to, \u017ee substr\u00e1t rychle nep\u0159ehnoj\u00edte. Atami Worm Delight tak\u00e9 p\u0159isp\u00edv\u00e1 k optim\u00e1ln\u00ed p\u016fd\u011b, proto\u017ee obsahuje \u017eiv\u00e9 houby a bakterie. T\u00edm ji provzdu\u0161\u0148uje a zaji\u0161\u0165uje pr\u016fnik dostate\u010dn\u00e9ho mno\u017estv\u00ed kysl\u00edku. Atami Worm Delight se tak\u00e9 pou\u017e\u00edv\u00e1 velmi \u00fasporn\u011b, co\u017e je p\u0159\u00edjemn\u00e9 pro va\u0161i pen\u011b\u017eenku.<\/p>\n<p>\n<strong>DOSTUPN\u00dd OBJEM 20 L<\/strong><\/p>\n","protected":false},"excerpt":{"rendered":"<p>Zlep\u0161ova\u010d p\u016fdy bohat\u00fd na mikroorganismy a hlavn\u00ed \u017eiviny<\/p>\n","protected":false},"featured_media":25404,"comment_status":"closed","ping_status":"closed","template":"","meta":{"_acf_changed":false,"iawp_total_views":42},"product_brand":[],"product_cat":[388],"product_tag":[],"class_list":{"0":"post-49777","1":"product","2":"type-product","3":"status-publish","4":"has-post-thumbnail","6":"product_cat-atami-substraty","8":"first","9":"instock","10":"shipping-taxable","11":"product-type-simple"},"acf":{"short_description":"<p>Jedn\u00edm z nejd\u016fle\u017eit\u011bj\u0161\u00edch hnojiv je Atami Worm Delight. Rostlina po n\u011bm dob\u0159e a rychle roste a zna\u010dn\u011b se u n\u00ed zvy\u0161uje v\u00fdnos (velmi d\u016fle\u017eit\u00e9 b\u011bhem obdob\u00ed kv\u011btu). Vedle drasl\u00edku obsahuje Atami Worm Delight i cenn\u00e1 hnojiva jako dus\u00edk a fosfor, kter\u00e1 p\u0159isp\u00edvaj\u00ed k v\u00fdjime\u010dn\u00e9mu r\u016fstu (dus\u00edk) a tvorb\u011b kv\u011bt\u016f (fosfor).<\/p><p><br \/>Atami Worm Delight obsahuje stejn\u00fd pom\u011br hlavn\u00edch hnojiv. Jednou z jeho v\u00fdhod je to, \u017ee substr\u00e1t rychle nep\u0159ehnoj\u00edte. Atami Worm Delight tak\u00e9 p\u0159isp\u00edv\u00e1 k optim\u00e1ln\u00ed p\u016fd\u011b, proto\u017ee obsahuje \u017eiv\u00e9 houby a bakterie. T\u00edm ji provzdu\u0161\u0148uje a zaji\u0161\u0165uje pr\u016fnik dostate\u010dn\u00e9ho mno\u017estv\u00ed kysl\u00edku. Atami Worm Delight se tak\u00e9 pou\u017e\u00edv\u00e1 velmi \u00fasporn\u011b, co\u017e je p\u0159\u00edjemn\u00e9 pro va\u0161i pen\u011b\u017eenku.<\/p>","suitable_for":"","application":"","dosage":"","npk_ratio":"","available_in":"<p>20L<\/p>","icon_1":"","icon_1_text":"","icon_2":195193,"icon_2_text":"","icon_3":"","icon_3_text":"","icon_4":"","icon_4_text":"","video":"https:\/\/youtu.be\/3Yh5UeL8kk0","second_image":25419,"product_image_page":"","user_manual":"","new_icon_1":"","new_icon_2":"","new_icon_3":"","new_icon_4":"","grow_guides":"","category":"Substr\u00e1t"},"yoast_head":"<!-- This site is optimized with the Yoast SEO Premium plugin v27.4 (Yoast SEO v27.4) - https:\/\/yoast.com\/product\/yoast-seo-premium-wordpress\/ -->\n<title>Worm Delight \u2013 P\u0159\u00edrodn\u00ed hnojivo pro lep\u0161\u00ed r\u016fst rostlin<\/title>\n<meta name=\"description\" content=\"Zlep\u0161ete kvalitu sv\u00e9 p\u016fdy s hnojivem Worm Delight. Tento p\u0159\u00edrodn\u00ed produkt podporuje zdrav\u00fd r\u016fst rostlin, zvy\u0161uje rozvoj ko\u0159en\u016f a zaji\u0161\u0165uje dlouhodob\u00e9 v\u00fdhody pro va\u0161i zahradu. Ide\u00e1ln\u00ed pro v\u0161echny typy rostlin a ekologick\u00e9 p\u011bstov\u00e1n\u00ed.\" \/>\n<meta name=\"robots\" content=\"index, follow, max-snippet:-1, max-image-preview:large, max-video-preview:-1\" \/>\n<link rel=\"canonical\" href=\"https:\/\/atami.com\/cs\/produkt\/worm-delight\" \/>\n<meta property=\"og:locale\" content=\"cs_CZ\" \/>\n<meta property=\"og:type\" content=\"article\" \/>\n<meta property=\"og:title\" content=\"Worm Delight\" \/>\n<meta property=\"og:description\" content=\"Zlep\u0161ete kvalitu sv\u00e9 p\u016fdy s hnojivem Worm Delight. Tento p\u0159\u00edrodn\u00ed produkt podporuje zdrav\u00fd r\u016fst rostlin, zvy\u0161uje rozvoj ko\u0159en\u016f a zaji\u0161\u0165uje dlouhodob\u00e9 v\u00fdhody pro va\u0161i zahradu. Ide\u00e1ln\u00ed pro v\u0161echny typy rostlin a ekologick\u00e9 p\u011bstov\u00e1n\u00ed.\" \/>\n<meta property=\"og:url\" content=\"https:\/\/atami.com\/cs\/produkt\/worm-delight\" \/>\n<meta property=\"og:site_name\" content=\"Atami\" \/>\n<meta property=\"article:publisher\" content=\"https:\/\/www.facebook.com\/Atami.International\" \/>\n<meta property=\"article:modified_time\" content=\"2025-11-10T13:47:08+00:00\" \/>\n<meta property=\"og:image\" content=\"https:\/\/atami.com\/wp-content\/uploads\/2023\/02\/Worm-Delight-Main-Image.webp\" \/>\n\t<meta property=\"og:image:width\" content=\"1080\" \/>\n\t<meta property=\"og:image:height\" content=\"1080\" \/>\n\t<meta property=\"og:image:type\" content=\"image\/webp\" \/>\n<meta name=\"twitter:card\" content=\"summary_large_image\" \/>\n<meta name=\"twitter:site\" content=\"@AtamiEU\" \/>\n<meta name=\"twitter:label1\" content=\"Odhadovan\u00e1 doba \u010dten\u00ed\" \/>\n\t<meta name=\"twitter:data1\" content=\"1 minuta\" \/>\n<script type=\"application\/ld+json\" class=\"yoast-schema-graph\">{\"@context\":\"https:\\\/\\\/schema.org\",\"@graph\":[{\"@type\":\"WebPage\",\"@id\":\"https:\\\/\\\/atami.com\\\/cs\\\/produkt\\\/worm-delight\",\"url\":\"https:\\\/\\\/atami.com\\\/cs\\\/produkt\\\/worm-delight\",\"name\":\"Worm Delight \u2013 P\u0159\u00edrodn\u00ed hnojivo pro lep\u0161\u00ed r\u016fst rostlin\",\"isPartOf\":{\"@id\":\"https:\\\/\\\/atami.com\\\/cs#website\"},\"primaryImageOfPage\":{\"@id\":\"https:\\\/\\\/atami.com\\\/cs\\\/produkt\\\/worm-delight#primaryimage\"},\"image\":{\"@id\":\"https:\\\/\\\/atami.com\\\/cs\\\/produkt\\\/worm-delight#primaryimage\"},\"thumbnailUrl\":\"https:\\\/\\\/atami.com\\\/wp-content\\\/uploads\\\/2023\\\/02\\\/Worm-Delight-Main-Image.webp\",\"datePublished\":\"2023-02-14T12:02:27+00:00\",\"dateModified\":\"2025-11-10T13:47:08+00:00\",\"description\":\"Zlep\u0161ete kvalitu sv\u00e9 p\u016fdy s hnojivem Worm Delight. Tento p\u0159\u00edrodn\u00ed produkt podporuje zdrav\u00fd r\u016fst rostlin, zvy\u0161uje rozvoj ko\u0159en\u016f a zaji\u0161\u0165uje dlouhodob\u00e9 v\u00fdhody pro va\u0161i zahradu. Ide\u00e1ln\u00ed pro v\u0161echny typy rostlin a ekologick\u00e9 p\u011bstov\u00e1n\u00ed.\",\"breadcrumb\":{\"@id\":\"https:\\\/\\\/atami.com\\\/cs\\\/produkt\\\/worm-delight#breadcrumb\"},\"inLanguage\":\"cs\",\"potentialAction\":[{\"@type\":\"ReadAction\",\"target\":[\"https:\\\/\\\/atami.com\\\/cs\\\/produkt\\\/worm-delight\"]}]},{\"@type\":\"ImageObject\",\"inLanguage\":\"cs\",\"@id\":\"https:\\\/\\\/atami.com\\\/cs\\\/produkt\\\/worm-delight#primaryimage\",\"url\":\"https:\\\/\\\/atami.com\\\/wp-content\\\/uploads\\\/2023\\\/02\\\/Worm-Delight-Main-Image.webp\",\"contentUrl\":\"https:\\\/\\\/atami.com\\\/wp-content\\\/uploads\\\/2023\\\/02\\\/Worm-Delight-Main-Image.webp\",\"width\":1080,\"height\":1080,\"caption\":\"Worm Delight obohacuje va\u0161i p\u016fdu o z\u00e1kladn\u00ed \u017eiviny a prosp\u011b\u0161n\u00e9 mikroorganismy, \u010d\u00edm\u017e podporuje zdrav\u00fd v\u00fdvoj rostlin.\"},{\"@type\":\"BreadcrumbList\",\"@id\":\"https:\\\/\\\/atami.com\\\/cs\\\/produkt\\\/worm-delight#breadcrumb\",\"itemListElement\":[{\"@type\":\"ListItem\",\"position\":1,\"name\":\"Home\",\"item\":\"https:\\\/\\\/atami.com\\\/cs\"},{\"@type\":\"ListItem\",\"position\":2,\"name\":\"Produkty\",\"item\":\"https:\\\/\\\/atami.com\\\/cs\\\/shop\"},{\"@type\":\"ListItem\",\"position\":3,\"name\":\"Zna\u010dky\",\"item\":\"https:\\\/\\\/atami.com\\\/cs\\\/kategorie-produktu\\\/znacky\"},{\"@type\":\"ListItem\",\"position\":4,\"name\":\"Atami substr\u00e1ty\",\"item\":\"https:\\\/\\\/atami.com\\\/cs\\\/kategorie-produktu\\\/znacky\\\/atami-substraty\"},{\"@type\":\"ListItem\",\"position\":5,\"name\":\"Worm Delight\"}]},{\"@type\":\"WebSite\",\"@id\":\"https:\\\/\\\/atami.com\\\/cs#website\",\"url\":\"https:\\\/\\\/atami.com\\\/cs\",\"name\":\"Atami\",\"description\":\"NATURALLY INNOVATING!\",\"publisher\":{\"@id\":\"https:\\\/\\\/atami.com\\\/cs#organization\"},\"potentialAction\":[{\"@type\":\"SearchAction\",\"target\":{\"@type\":\"EntryPoint\",\"urlTemplate\":\"https:\\\/\\\/atami.com\\\/cs?s={search_term_string}\"},\"query-input\":{\"@type\":\"PropertyValueSpecification\",\"valueRequired\":true,\"valueName\":\"search_term_string\"}}],\"inLanguage\":\"cs\"},{\"@type\":\"Organization\",\"@id\":\"https:\\\/\\\/atami.com\\\/cs#organization\",\"name\":\"Atami\",\"url\":\"https:\\\/\\\/atami.com\\\/cs\",\"logo\":{\"@type\":\"ImageObject\",\"inLanguage\":\"cs\",\"@id\":\"https:\\\/\\\/atami.com\\\/cs#\\\/schema\\\/logo\\\/image\\\/\",\"url\":\"https:\\\/\\\/atami.com\\\/wp-content\\\/uploads\\\/2026\\\/01\\\/Atami-logo-696x696px.webp\",\"contentUrl\":\"https:\\\/\\\/atami.com\\\/wp-content\\\/uploads\\\/2026\\\/01\\\/Atami-logo-696x696px.webp\",\"width\":696,\"height\":696,\"caption\":\"Atami\"},\"image\":{\"@id\":\"https:\\\/\\\/atami.com\\\/cs#\\\/schema\\\/logo\\\/image\\\/\"},\"sameAs\":[\"https:\\\/\\\/www.facebook.com\\\/Atami.International\",\"https:\\\/\\\/x.com\\\/AtamiEU\",\"https:\\\/\\\/www.youtube.com\\\/c\\\/AtamiInternational\",\"https:\\\/\\\/www.instagram.com\\\/atami.international\\\/\"],\"description\":\"ATAMI is a premium plant nutrition & substrate brand founded in 1997 with the mission to make exceptional cultivation achievable for everyone. From legacy to license, we offer a wide variety of innovating award-winning products to let cultivators achieve maximum results in taste & yield.\",\"email\":\"info@mginnovations.es\",\"legalName\":\"Atami\",\"numberOfEmployees\":{\"@type\":\"QuantitativeValue\",\"minValue\":\"11\",\"maxValue\":\"50\"}}]}<\/script>\n<!-- \/ Yoast SEO Premium plugin. -->","yoast_head_json":{"title":"Worm Delight \u2013 P\u0159\u00edrodn\u00ed hnojivo pro lep\u0161\u00ed r\u016fst rostlin","description":"Zlep\u0161ete kvalitu sv\u00e9 p\u016fdy s hnojivem Worm Delight. Tento p\u0159\u00edrodn\u00ed produkt podporuje zdrav\u00fd r\u016fst rostlin, zvy\u0161uje rozvoj ko\u0159en\u016f a zaji\u0161\u0165uje dlouhodob\u00e9 v\u00fdhody pro va\u0161i zahradu. Ide\u00e1ln\u00ed pro v\u0161echny typy rostlin a ekologick\u00e9 p\u011bstov\u00e1n\u00ed.","robots":{"index":"index","follow":"follow","max-snippet":"max-snippet:-1","max-image-preview":"max-image-preview:large","max-video-preview":"max-video-preview:-1"},"canonical":"https:\/\/atami.com\/cs\/produkt\/worm-delight","og_locale":"cs_CZ","og_type":"article","og_title":"Worm Delight","og_description":"Zlep\u0161ete kvalitu sv\u00e9 p\u016fdy s hnojivem Worm Delight. Tento p\u0159\u00edrodn\u00ed produkt podporuje zdrav\u00fd r\u016fst rostlin, zvy\u0161uje rozvoj ko\u0159en\u016f a zaji\u0161\u0165uje dlouhodob\u00e9 v\u00fdhody pro va\u0161i zahradu. Ide\u00e1ln\u00ed pro v\u0161echny typy rostlin a ekologick\u00e9 p\u011bstov\u00e1n\u00ed.","og_url":"https:\/\/atami.com\/cs\/produkt\/worm-delight","og_site_name":"Atami","article_publisher":"https:\/\/www.facebook.com\/Atami.International","article_modified_time":"2025-11-10T13:47:08+00:00","og_image":[{"width":1080,"height":1080,"url":"https:\/\/atami.com\/wp-content\/uploads\/2023\/02\/Worm-Delight-Main-Image.webp","type":"image\/webp"}],"twitter_card":"summary_large_image","twitter_site":"@AtamiEU","twitter_misc":{"Odhadovan\u00e1 doba \u010dten\u00ed":"1 minuta"},"schema":{"@context":"https:\/\/schema.org","@graph":[{"@type":"WebPage","@id":"https:\/\/atami.com\/cs\/produkt\/worm-delight","url":"https:\/\/atami.com\/cs\/produkt\/worm-delight","name":"Worm Delight \u2013 P\u0159\u00edrodn\u00ed hnojivo pro lep\u0161\u00ed r\u016fst rostlin","isPartOf":{"@id":"https:\/\/atami.com\/cs#website"},"primaryImageOfPage":{"@id":"https:\/\/atami.com\/cs\/produkt\/worm-delight#primaryimage"},"image":{"@id":"https:\/\/atami.com\/cs\/produkt\/worm-delight#primaryimage"},"thumbnailUrl":"https:\/\/atami.com\/wp-content\/uploads\/2023\/02\/Worm-Delight-Main-Image.webp","datePublished":"2023-02-14T12:02:27+00:00","dateModified":"2025-11-10T13:47:08+00:00","description":"Zlep\u0161ete kvalitu sv\u00e9 p\u016fdy s hnojivem Worm Delight. Tento p\u0159\u00edrodn\u00ed produkt podporuje zdrav\u00fd r\u016fst rostlin, zvy\u0161uje rozvoj ko\u0159en\u016f a zaji\u0161\u0165uje dlouhodob\u00e9 v\u00fdhody pro va\u0161i zahradu. Ide\u00e1ln\u00ed pro v\u0161echny typy rostlin a ekologick\u00e9 p\u011bstov\u00e1n\u00ed.","breadcrumb":{"@id":"https:\/\/atami.com\/cs\/produkt\/worm-delight#breadcrumb"},"inLanguage":"cs","potentialAction":[{"@type":"ReadAction","target":["https:\/\/atami.com\/cs\/produkt\/worm-delight"]}]},{"@type":"ImageObject","inLanguage":"cs","@id":"https:\/\/atami.com\/cs\/produkt\/worm-delight#primaryimage","url":"https:\/\/atami.com\/wp-content\/uploads\/2023\/02\/Worm-Delight-Main-Image.webp","contentUrl":"https:\/\/atami.com\/wp-content\/uploads\/2023\/02\/Worm-Delight-Main-Image.webp","width":1080,"height":1080,"caption":"Worm Delight obohacuje va\u0161i p\u016fdu o z\u00e1kladn\u00ed \u017eiviny a prosp\u011b\u0161n\u00e9 mikroorganismy, \u010d\u00edm\u017e podporuje zdrav\u00fd v\u00fdvoj rostlin."},{"@type":"BreadcrumbList","@id":"https:\/\/atami.com\/cs\/produkt\/worm-delight#breadcrumb","itemListElement":[{"@type":"ListItem","position":1,"name":"Home","item":"https:\/\/atami.com\/cs"},{"@type":"ListItem","position":2,"name":"Produkty","item":"https:\/\/atami.com\/cs\/shop"},{"@type":"ListItem","position":3,"name":"Zna\u010dky","item":"https:\/\/atami.com\/cs\/kategorie-produktu\/znacky"},{"@type":"ListItem","position":4,"name":"Atami substr\u00e1ty","item":"https:\/\/atami.com\/cs\/kategorie-produktu\/znacky\/atami-substraty"},{"@type":"ListItem","position":5,"name":"Worm Delight"}]},{"@type":"WebSite","@id":"https:\/\/atami.com\/cs#website","url":"https:\/\/atami.com\/cs","name":"Atami","description":"NATURALLY INNOVATING!","publisher":{"@id":"https:\/\/atami.com\/cs#organization"},"potentialAction":[{"@type":"SearchAction","target":{"@type":"EntryPoint","urlTemplate":"https:\/\/atami.com\/cs?s={search_term_string}"},"query-input":{"@type":"PropertyValueSpecification","valueRequired":true,"valueName":"search_term_string"}}],"inLanguage":"cs"},{"@type":"Organization","@id":"https:\/\/atami.com\/cs#organization","name":"Atami","url":"https:\/\/atami.com\/cs","logo":{"@type":"ImageObject","inLanguage":"cs","@id":"https:\/\/atami.com\/cs#\/schema\/logo\/image\/","url":"https:\/\/atami.com\/wp-content\/uploads\/2026\/01\/Atami-logo-696x696px.webp","contentUrl":"https:\/\/atami.com\/wp-content\/uploads\/2026\/01\/Atami-logo-696x696px.webp","width":696,"height":696,"caption":"Atami"},"image":{"@id":"https:\/\/atami.com\/cs#\/schema\/logo\/image\/"},"sameAs":["https:\/\/www.facebook.com\/Atami.International","https:\/\/x.com\/AtamiEU","https:\/\/www.youtube.com\/c\/AtamiInternational","https:\/\/www.instagram.com\/atami.international\/"],"description":"ATAMI is a premium plant nutrition & substrate brand founded in 1997 with the mission to make exceptional cultivation achievable for everyone. From legacy to license, we offer a wide variety of innovating award-winning products to let cultivators achieve maximum results in taste & yield.","email":"info@mginnovations.es","legalName":"Atami","numberOfEmployees":{"@type":"QuantitativeValue","minValue":"11","maxValue":"50"}}]}},"_links":{"self":[{"href":"https:\/\/atami.com\/cs\/wp-json\/wp\/v2\/product\/49777","targetHints":{"allow":["GET"]}}],"collection":[{"href":"https:\/\/atami.com\/cs\/wp-json\/wp\/v2\/product"}],"about":[{"href":"https:\/\/atami.com\/cs\/wp-json\/wp\/v2\/types\/product"}],"replies":[{"embeddable":true,"href":"https:\/\/atami.com\/cs\/wp-json\/wp\/v2\/comments?post=49777"}],"wp:featuredmedia":[{"embeddable":true,"href":"https:\/\/atami.com\/cs\/wp-json\/wp\/v2\/media\/25404"}],"wp:attachment":[{"href":"https:\/\/atami.com\/cs\/wp-json\/wp\/v2\/media?parent=49777"}],"wp:term":[{"taxonomy":"product_brand","embeddable":true,"href":"https:\/\/atami.com\/cs\/wp-json\/wp\/v2\/product_brand?post=49777"},{"taxonomy":"product_cat","embeddable":true,"href":"https:\/\/atami.com\/cs\/wp-json\/wp\/v2\/product_cat?post=49777"},{"taxonomy":"product_tag","embeddable":true,"href":"https:\/\/atami.com\/cs\/wp-json\/wp\/v2\/product_tag?post=49777"}],"curies":[{"name":"wp","href":"https:\/\/api.w.org\/{rel}","templated":true}]}}