{"id":49776,"date":"2023-02-14T10:56:27","date_gmt":"2023-02-14T10:56:27","guid":{"rendered":"https:\/\/atami.com\/product\/hydro-rokz\/"},"modified":"2025-11-10T15:48:37","modified_gmt":"2025-11-10T13:48:37","slug":"hydro-rokz","status":"publish","type":"product","link":"https:\/\/atami.com\/cs\/produkt\/hydro-rokz","title":{"rendered":"Hydro Rokz"},"content":{"rendered":"<p>Granule Atami Hydro Rokz se pou\u017e\u00edvaj\u00ed pro r\u016fzn\u00e9 metody p\u011bstov\u00e1n\u00ed a n\u011bkdy se um\u00eds\u0165uj\u00ed na dno kv\u011btin\u00e1\u010de, kdy\u017e p\u011bstujete v substr\u00e1tu, jako je p\u016fda. Atami Hydro Rokz se pou\u017e\u00edvaj\u00ed jako dodate\u010dn\u00e1 dren\u00e1\u017e, aby byl odvod vody a dod\u00e1v\u00e1n\u00ed kysl\u00edku zespodu \u00fa\u010dinn\u011bj\u0161\u00ed. N\u011bkdy se tyto hydro-obl\u00e1zky m\u00edchaj\u00ed se substr\u00e1tem k provzdu\u0161n\u011bn\u00ed kultiva\u010dn\u00edho m\u00e9dia.<\/p>\n<p>\nKo\u0159eny se pak mohou l\u00e9pe v\u011btvit. T\u0159et\u00ed, velmi roz\u0161\u00ed\u0159en\u00e1 metoda je p\u011bstov\u00e1n\u00ed rostlin p\u0159\u00edmo v t\u011bchto hydrogranul\u00edch. Obvykle se to d\u011bl\u00e1 v kombinaci s kysl\u00edkov\u00fdm \u010derpadlem. Ko\u0159eny naspodu kv\u011btin\u00e1\u010de jsou tak neust\u00e1le pono\u0159eny ve vod\u011b s tekut\u00fdm hnojivem a kysl\u00edkov\u00e9 \u010derpadlo poskytuje ko\u0159en\u016fm dostatek kysl\u00edku. Tato p\u011bstebn\u00ed metoda je skute\u010dn\u011b velmi \u00fasp\u011b\u0161n\u00e1.<\/p>\n<p>\n<strong>EC: 0,4<\/strong><\/p>\n<p>\n<strong>DOSTUPN\u00dd OBJEM 40 L<\/strong><\/p>\n","protected":false},"excerpt":{"rendered":"<p>Zem\u011bd\u011blsk\u00e9 j\u00edlov\u00e9 obl\u00e1zky<\/p>\n","protected":false},"featured_media":25374,"comment_status":"closed","ping_status":"closed","template":"","meta":{"_acf_changed":false,"iawp_total_views":14},"product_brand":[],"product_cat":[388],"product_tag":[],"class_list":{"0":"post-49776","1":"product","2":"type-product","3":"status-publish","4":"has-post-thumbnail","6":"product_cat-atami-substraty","8":"first","9":"instock","10":"shipping-taxable","11":"product-type-simple"},"acf":{"short_description":"<p>Granule Atami Hydro Rokz se pou\u017e\u00edvaj\u00ed pro r\u016fzn\u00e9 metody p\u011bstov\u00e1n\u00ed a n\u011bkdy se um\u00eds\u0165uj\u00ed na dno kv\u011btin\u00e1\u010de, kdy\u017e p\u011bstujete v substr\u00e1tu, jako je p\u016fda. Atami Hydro Rokz se pou\u017e\u00edvaj\u00ed jako dodate\u010dn\u00e1 dren\u00e1\u017e, aby byl odvod vody a dod\u00e1v\u00e1n\u00ed kysl\u00edku zespodu \u00fa\u010dinn\u011bj\u0161\u00ed. N\u011bkdy se tyto hydro-obl\u00e1zky m\u00edchaj\u00ed se substr\u00e1tem k provzdu\u0161n\u011bn\u00ed kultiva\u010dn\u00edho m\u00e9dia.<\/p><p><br \/>Ko\u0159eny se pak mohou l\u00e9pe v\u011btvit. T\u0159et\u00ed, velmi roz\u0161\u00ed\u0159en\u00e1 metoda je p\u011bstov\u00e1n\u00ed rostlin p\u0159\u00edmo v t\u011bchto hydrogranul\u00edch. Obvykle se to d\u011bl\u00e1 v kombinaci s kysl\u00edkov\u00fdm \u010derpadlem. Ko\u0159eny naspodu kv\u011btin\u00e1\u010de jsou tak neust\u00e1le pono\u0159eny ve vod\u011b s tekut\u00fdm hnojivem a kysl\u00edkov\u00e9 \u010derpadlo poskytuje ko\u0159en\u016fm dostatek kysl\u00edku. Tato p\u011bstebn\u00ed metoda je skute\u010dn\u011b velmi \u00fasp\u011b\u0161n\u00e1.<\/p><p><br \/><strong>EC: 0,4<\/strong><\/p>","suitable_for":"","application":"","dosage":"","npk_ratio":"","available_in":"<p>40L<\/p>","icon_1":"","icon_1_text":"","icon_2":195133,"icon_2_text":"","icon_3":"","icon_3_text":"","icon_4":"","icon_4_text":"","video":"https:\/\/youtu.be\/PkfLMNX8j4U","second_image":25389,"product_image_page":"","user_manual":"","new_icon_1":"","new_icon_2":"","new_icon_3":"","new_icon_4":"","grow_guides":"","category":"Substr\u00e1t"},"yoast_head":"<!-- This site is optimized with the Yoast SEO Premium plugin v27.4 (Yoast SEO v27.4) - https:\/\/yoast.com\/product\/yoast-seo-premium-wordpress\/ -->\n<title>Hydro Rokz - Ide\u00e1ln\u00ed substr\u00e1t pro zdrav\u00fd r\u016fst ko\u0159en\u016f a siln\u00e9 rostliny<\/title>\n<meta name=\"description\" content=\"Hydro Rokz je ide\u00e1ln\u00ed substr\u00e1t pro p\u011bstov\u00e1n\u00ed rostlin s maxim\u00e1ln\u00ed podporou pro r\u016fst ko\u0159en\u016f. Vhodn\u00fd pro hydroponick\u00e9 syst\u00e9my a zaji\u0161\u0165uje optim\u00e1ln\u00ed prody\u0161nost pro zdrav\u00e9 rostliny. Objevte, jak zlep\u0161it r\u016fst va\u0161ich rostlin s Hydro Rokz.\" \/>\n<meta name=\"robots\" content=\"index, follow, max-snippet:-1, max-image-preview:large, max-video-preview:-1\" \/>\n<link rel=\"canonical\" href=\"https:\/\/atami.com\/cs\/produkt\/hydro-rokz\" \/>\n<meta property=\"og:locale\" content=\"cs_CZ\" \/>\n<meta property=\"og:type\" content=\"article\" \/>\n<meta property=\"og:title\" content=\"Hydro Rokz\" \/>\n<meta property=\"og:description\" content=\"Hydro Rokz je ide\u00e1ln\u00ed substr\u00e1t pro p\u011bstov\u00e1n\u00ed rostlin s maxim\u00e1ln\u00ed podporou pro r\u016fst ko\u0159en\u016f. Vhodn\u00fd pro hydroponick\u00e9 syst\u00e9my a zaji\u0161\u0165uje optim\u00e1ln\u00ed prody\u0161nost pro zdrav\u00e9 rostliny. Objevte, jak zlep\u0161it r\u016fst va\u0161ich rostlin s Hydro Rokz.\" \/>\n<meta property=\"og:url\" content=\"https:\/\/atami.com\/cs\/produkt\/hydro-rokz\" \/>\n<meta property=\"og:site_name\" content=\"Atami\" \/>\n<meta property=\"article:publisher\" content=\"https:\/\/www.facebook.com\/Atami.International\" \/>\n<meta property=\"article:modified_time\" content=\"2025-11-10T13:48:37+00:00\" \/>\n<meta property=\"og:image\" content=\"https:\/\/atami.com\/wp-content\/uploads\/2023\/02\/Hydro-Rokz-Main-Image.webp\" \/>\n\t<meta property=\"og:image:width\" content=\"1080\" \/>\n\t<meta property=\"og:image:height\" content=\"1080\" \/>\n\t<meta property=\"og:image:type\" content=\"image\/webp\" \/>\n<meta name=\"twitter:card\" content=\"summary_large_image\" \/>\n<meta name=\"twitter:site\" content=\"@AtamiEU\" \/>\n<meta name=\"twitter:label1\" content=\"Odhadovan\u00e1 doba \u010dten\u00ed\" \/>\n\t<meta name=\"twitter:data1\" content=\"1 minuta\" \/>\n<script type=\"application\/ld+json\" class=\"yoast-schema-graph\">{\"@context\":\"https:\\\/\\\/schema.org\",\"@graph\":[{\"@type\":\"WebPage\",\"@id\":\"https:\\\/\\\/atami.com\\\/cs\\\/produkt\\\/hydro-rokz\",\"url\":\"https:\\\/\\\/atami.com\\\/cs\\\/produkt\\\/hydro-rokz\",\"name\":\"Hydro Rokz - Ide\u00e1ln\u00ed substr\u00e1t pro zdrav\u00fd r\u016fst ko\u0159en\u016f a siln\u00e9 rostliny\",\"isPartOf\":{\"@id\":\"https:\\\/\\\/atami.com\\\/cs#website\"},\"primaryImageOfPage\":{\"@id\":\"https:\\\/\\\/atami.com\\\/cs\\\/produkt\\\/hydro-rokz#primaryimage\"},\"image\":{\"@id\":\"https:\\\/\\\/atami.com\\\/cs\\\/produkt\\\/hydro-rokz#primaryimage\"},\"thumbnailUrl\":\"https:\\\/\\\/atami.com\\\/wp-content\\\/uploads\\\/2023\\\/02\\\/Hydro-Rokz-Main-Image.webp\",\"datePublished\":\"2023-02-14T10:56:27+00:00\",\"dateModified\":\"2025-11-10T13:48:37+00:00\",\"description\":\"Hydro Rokz je ide\u00e1ln\u00ed substr\u00e1t pro p\u011bstov\u00e1n\u00ed rostlin s maxim\u00e1ln\u00ed podporou pro r\u016fst ko\u0159en\u016f. Vhodn\u00fd pro hydroponick\u00e9 syst\u00e9my a zaji\u0161\u0165uje optim\u00e1ln\u00ed prody\u0161nost pro zdrav\u00e9 rostliny. Objevte, jak zlep\u0161it r\u016fst va\u0161ich rostlin s Hydro Rokz.\",\"breadcrumb\":{\"@id\":\"https:\\\/\\\/atami.com\\\/cs\\\/produkt\\\/hydro-rokz#breadcrumb\"},\"inLanguage\":\"cs\",\"potentialAction\":[{\"@type\":\"ReadAction\",\"target\":[\"https:\\\/\\\/atami.com\\\/cs\\\/produkt\\\/hydro-rokz\"]}]},{\"@type\":\"ImageObject\",\"inLanguage\":\"cs\",\"@id\":\"https:\\\/\\\/atami.com\\\/cs\\\/produkt\\\/hydro-rokz#primaryimage\",\"url\":\"https:\\\/\\\/atami.com\\\/wp-content\\\/uploads\\\/2023\\\/02\\\/Hydro-Rokz-Main-Image.webp\",\"contentUrl\":\"https:\\\/\\\/atami.com\\\/wp-content\\\/uploads\\\/2023\\\/02\\\/Hydro-Rokz-Main-Image.webp\",\"width\":1080,\"height\":1080,\"caption\":\"Hydro Rokz poskytuje vynikaj\u00edc\u00ed dren\u00e1\u017e a provzdu\u0161\u0148ov\u00e1n\u00ed a podporuje zdrav\u00fd v\u00fdvoj ko\u0159en\u016f v hydroponick\u00fdch sestav\u00e1ch.\"},{\"@type\":\"BreadcrumbList\",\"@id\":\"https:\\\/\\\/atami.com\\\/cs\\\/produkt\\\/hydro-rokz#breadcrumb\",\"itemListElement\":[{\"@type\":\"ListItem\",\"position\":1,\"name\":\"Home\",\"item\":\"https:\\\/\\\/atami.com\\\/cs\"},{\"@type\":\"ListItem\",\"position\":2,\"name\":\"Produkty\",\"item\":\"https:\\\/\\\/atami.com\\\/cs\\\/shop\"},{\"@type\":\"ListItem\",\"position\":3,\"name\":\"Zna\u010dky\",\"item\":\"https:\\\/\\\/atami.com\\\/cs\\\/kategorie-produktu\\\/znacky\"},{\"@type\":\"ListItem\",\"position\":4,\"name\":\"Atami substr\u00e1ty\",\"item\":\"https:\\\/\\\/atami.com\\\/cs\\\/kategorie-produktu\\\/znacky\\\/atami-substraty\"},{\"@type\":\"ListItem\",\"position\":5,\"name\":\"Hydro Rokz\"}]},{\"@type\":\"WebSite\",\"@id\":\"https:\\\/\\\/atami.com\\\/cs#website\",\"url\":\"https:\\\/\\\/atami.com\\\/cs\",\"name\":\"Atami\",\"description\":\"NATURALLY INNOVATING!\",\"publisher\":{\"@id\":\"https:\\\/\\\/atami.com\\\/cs#organization\"},\"potentialAction\":[{\"@type\":\"SearchAction\",\"target\":{\"@type\":\"EntryPoint\",\"urlTemplate\":\"https:\\\/\\\/atami.com\\\/cs?s={search_term_string}\"},\"query-input\":{\"@type\":\"PropertyValueSpecification\",\"valueRequired\":true,\"valueName\":\"search_term_string\"}}],\"inLanguage\":\"cs\"},{\"@type\":\"Organization\",\"@id\":\"https:\\\/\\\/atami.com\\\/cs#organization\",\"name\":\"Atami\",\"url\":\"https:\\\/\\\/atami.com\\\/cs\",\"logo\":{\"@type\":\"ImageObject\",\"inLanguage\":\"cs\",\"@id\":\"https:\\\/\\\/atami.com\\\/cs#\\\/schema\\\/logo\\\/image\\\/\",\"url\":\"https:\\\/\\\/atami.com\\\/wp-content\\\/uploads\\\/2026\\\/01\\\/Atami-logo-696x696px.webp\",\"contentUrl\":\"https:\\\/\\\/atami.com\\\/wp-content\\\/uploads\\\/2026\\\/01\\\/Atami-logo-696x696px.webp\",\"width\":696,\"height\":696,\"caption\":\"Atami\"},\"image\":{\"@id\":\"https:\\\/\\\/atami.com\\\/cs#\\\/schema\\\/logo\\\/image\\\/\"},\"sameAs\":[\"https:\\\/\\\/www.facebook.com\\\/Atami.International\",\"https:\\\/\\\/x.com\\\/AtamiEU\",\"https:\\\/\\\/www.youtube.com\\\/c\\\/AtamiInternational\",\"https:\\\/\\\/www.instagram.com\\\/atami.international\\\/\"],\"description\":\"ATAMI is a premium plant nutrition & substrate brand founded in 1997 with the mission to make exceptional cultivation achievable for everyone. From legacy to license, we offer a wide variety of innovating award-winning products to let cultivators achieve maximum results in taste & yield.\",\"email\":\"info@mginnovations.es\",\"legalName\":\"Atami\",\"numberOfEmployees\":{\"@type\":\"QuantitativeValue\",\"minValue\":\"11\",\"maxValue\":\"50\"}}]}<\/script>\n<!-- \/ Yoast SEO Premium plugin. -->","yoast_head_json":{"title":"Hydro Rokz - Ide\u00e1ln\u00ed substr\u00e1t pro zdrav\u00fd r\u016fst ko\u0159en\u016f a siln\u00e9 rostliny","description":"Hydro Rokz je ide\u00e1ln\u00ed substr\u00e1t pro p\u011bstov\u00e1n\u00ed rostlin s maxim\u00e1ln\u00ed podporou pro r\u016fst ko\u0159en\u016f. Vhodn\u00fd pro hydroponick\u00e9 syst\u00e9my a zaji\u0161\u0165uje optim\u00e1ln\u00ed prody\u0161nost pro zdrav\u00e9 rostliny. Objevte, jak zlep\u0161it r\u016fst va\u0161ich rostlin s Hydro Rokz.","robots":{"index":"index","follow":"follow","max-snippet":"max-snippet:-1","max-image-preview":"max-image-preview:large","max-video-preview":"max-video-preview:-1"},"canonical":"https:\/\/atami.com\/cs\/produkt\/hydro-rokz","og_locale":"cs_CZ","og_type":"article","og_title":"Hydro Rokz","og_description":"Hydro Rokz je ide\u00e1ln\u00ed substr\u00e1t pro p\u011bstov\u00e1n\u00ed rostlin s maxim\u00e1ln\u00ed podporou pro r\u016fst ko\u0159en\u016f. Vhodn\u00fd pro hydroponick\u00e9 syst\u00e9my a zaji\u0161\u0165uje optim\u00e1ln\u00ed prody\u0161nost pro zdrav\u00e9 rostliny. Objevte, jak zlep\u0161it r\u016fst va\u0161ich rostlin s Hydro Rokz.","og_url":"https:\/\/atami.com\/cs\/produkt\/hydro-rokz","og_site_name":"Atami","article_publisher":"https:\/\/www.facebook.com\/Atami.International","article_modified_time":"2025-11-10T13:48:37+00:00","og_image":[{"width":1080,"height":1080,"url":"https:\/\/atami.com\/wp-content\/uploads\/2023\/02\/Hydro-Rokz-Main-Image.webp","type":"image\/webp"}],"twitter_card":"summary_large_image","twitter_site":"@AtamiEU","twitter_misc":{"Odhadovan\u00e1 doba \u010dten\u00ed":"1 minuta"},"schema":{"@context":"https:\/\/schema.org","@graph":[{"@type":"WebPage","@id":"https:\/\/atami.com\/cs\/produkt\/hydro-rokz","url":"https:\/\/atami.com\/cs\/produkt\/hydro-rokz","name":"Hydro Rokz - Ide\u00e1ln\u00ed substr\u00e1t pro zdrav\u00fd r\u016fst ko\u0159en\u016f a siln\u00e9 rostliny","isPartOf":{"@id":"https:\/\/atami.com\/cs#website"},"primaryImageOfPage":{"@id":"https:\/\/atami.com\/cs\/produkt\/hydro-rokz#primaryimage"},"image":{"@id":"https:\/\/atami.com\/cs\/produkt\/hydro-rokz#primaryimage"},"thumbnailUrl":"https:\/\/atami.com\/wp-content\/uploads\/2023\/02\/Hydro-Rokz-Main-Image.webp","datePublished":"2023-02-14T10:56:27+00:00","dateModified":"2025-11-10T13:48:37+00:00","description":"Hydro Rokz je ide\u00e1ln\u00ed substr\u00e1t pro p\u011bstov\u00e1n\u00ed rostlin s maxim\u00e1ln\u00ed podporou pro r\u016fst ko\u0159en\u016f. Vhodn\u00fd pro hydroponick\u00e9 syst\u00e9my a zaji\u0161\u0165uje optim\u00e1ln\u00ed prody\u0161nost pro zdrav\u00e9 rostliny. Objevte, jak zlep\u0161it r\u016fst va\u0161ich rostlin s Hydro Rokz.","breadcrumb":{"@id":"https:\/\/atami.com\/cs\/produkt\/hydro-rokz#breadcrumb"},"inLanguage":"cs","potentialAction":[{"@type":"ReadAction","target":["https:\/\/atami.com\/cs\/produkt\/hydro-rokz"]}]},{"@type":"ImageObject","inLanguage":"cs","@id":"https:\/\/atami.com\/cs\/produkt\/hydro-rokz#primaryimage","url":"https:\/\/atami.com\/wp-content\/uploads\/2023\/02\/Hydro-Rokz-Main-Image.webp","contentUrl":"https:\/\/atami.com\/wp-content\/uploads\/2023\/02\/Hydro-Rokz-Main-Image.webp","width":1080,"height":1080,"caption":"Hydro Rokz poskytuje vynikaj\u00edc\u00ed dren\u00e1\u017e a provzdu\u0161\u0148ov\u00e1n\u00ed a podporuje zdrav\u00fd v\u00fdvoj ko\u0159en\u016f v hydroponick\u00fdch sestav\u00e1ch."},{"@type":"BreadcrumbList","@id":"https:\/\/atami.com\/cs\/produkt\/hydro-rokz#breadcrumb","itemListElement":[{"@type":"ListItem","position":1,"name":"Home","item":"https:\/\/atami.com\/cs"},{"@type":"ListItem","position":2,"name":"Produkty","item":"https:\/\/atami.com\/cs\/shop"},{"@type":"ListItem","position":3,"name":"Zna\u010dky","item":"https:\/\/atami.com\/cs\/kategorie-produktu\/znacky"},{"@type":"ListItem","position":4,"name":"Atami substr\u00e1ty","item":"https:\/\/atami.com\/cs\/kategorie-produktu\/znacky\/atami-substraty"},{"@type":"ListItem","position":5,"name":"Hydro Rokz"}]},{"@type":"WebSite","@id":"https:\/\/atami.com\/cs#website","url":"https:\/\/atami.com\/cs","name":"Atami","description":"NATURALLY INNOVATING!","publisher":{"@id":"https:\/\/atami.com\/cs#organization"},"potentialAction":[{"@type":"SearchAction","target":{"@type":"EntryPoint","urlTemplate":"https:\/\/atami.com\/cs?s={search_term_string}"},"query-input":{"@type":"PropertyValueSpecification","valueRequired":true,"valueName":"search_term_string"}}],"inLanguage":"cs"},{"@type":"Organization","@id":"https:\/\/atami.com\/cs#organization","name":"Atami","url":"https:\/\/atami.com\/cs","logo":{"@type":"ImageObject","inLanguage":"cs","@id":"https:\/\/atami.com\/cs#\/schema\/logo\/image\/","url":"https:\/\/atami.com\/wp-content\/uploads\/2026\/01\/Atami-logo-696x696px.webp","contentUrl":"https:\/\/atami.com\/wp-content\/uploads\/2026\/01\/Atami-logo-696x696px.webp","width":696,"height":696,"caption":"Atami"},"image":{"@id":"https:\/\/atami.com\/cs#\/schema\/logo\/image\/"},"sameAs":["https:\/\/www.facebook.com\/Atami.International","https:\/\/x.com\/AtamiEU","https:\/\/www.youtube.com\/c\/AtamiInternational","https:\/\/www.instagram.com\/atami.international\/"],"description":"ATAMI is a premium plant nutrition & substrate brand founded in 1997 with the mission to make exceptional cultivation achievable for everyone. From legacy to license, we offer a wide variety of innovating award-winning products to let cultivators achieve maximum results in taste & yield.","email":"info@mginnovations.es","legalName":"Atami","numberOfEmployees":{"@type":"QuantitativeValue","minValue":"11","maxValue":"50"}}]}},"_links":{"self":[{"href":"https:\/\/atami.com\/cs\/wp-json\/wp\/v2\/product\/49776","targetHints":{"allow":["GET"]}}],"collection":[{"href":"https:\/\/atami.com\/cs\/wp-json\/wp\/v2\/product"}],"about":[{"href":"https:\/\/atami.com\/cs\/wp-json\/wp\/v2\/types\/product"}],"replies":[{"embeddable":true,"href":"https:\/\/atami.com\/cs\/wp-json\/wp\/v2\/comments?post=49776"}],"wp:featuredmedia":[{"embeddable":true,"href":"https:\/\/atami.com\/cs\/wp-json\/wp\/v2\/media\/25374"}],"wp:attachment":[{"href":"https:\/\/atami.com\/cs\/wp-json\/wp\/v2\/media?parent=49776"}],"wp:term":[{"taxonomy":"product_brand","embeddable":true,"href":"https:\/\/atami.com\/cs\/wp-json\/wp\/v2\/product_brand?post=49776"},{"taxonomy":"product_cat","embeddable":true,"href":"https:\/\/atami.com\/cs\/wp-json\/wp\/v2\/product_cat?post=49776"},{"taxonomy":"product_tag","embeddable":true,"href":"https:\/\/atami.com\/cs\/wp-json\/wp\/v2\/product_tag?post=49776"}],"curies":[{"name":"wp","href":"https:\/\/api.w.org\/{rel}","templated":true}]}}