{"id":49774,"date":"2023-02-14T10:43:26","date_gmt":"2023-02-14T10:43:26","guid":{"rendered":"https:\/\/atami.com\/product\/high-porosity-cocos\/"},"modified":"2025-11-10T15:48:03","modified_gmt":"2025-11-10T13:48:03","slug":"high-porosity-cocos","status":"publish","type":"product","link":"https:\/\/atami.com\/cs\/produkt\/high-porosity-cocos","title":{"rendered":"High Porosity Cocos"},"content":{"rendered":"<p>Dostatek vzduchu je pro rozvoj ko\u0159en\u016f plodin \u017eivotn\u011b d\u016fle\u017eit\u00fd. Ko\u0159eny pot\u0159ebuj\u00ed d\u00fdchat a provzdu\u0161n\u011bn\u00fd substr\u00e1t vede k tvorb\u011b v\u011bt\u0161\u00edho mno\u017estv\u00ed ko\u0159enov\u00fdch vl\u00e1sk\u016f. Ke zpracov\u00e1n\u00ed cukr\u016f na energii je pot\u0159eba kysl\u00edk. Za pou\u017eit\u00ed t\u00e9to energie se mohou ko\u0159eny roz\u0161i\u0159ovat a aktivn\u011b dod\u00e1vat v\u00edce \u017eivin do ostatn\u00edch \u010d\u00e1st\u00ed plodiny.<\/p>\n<p>\nProto je vysok\u00e9 procento vzduchu v substr\u00e1tu z\u00e1sadn\u00ed. Jak\u00fdkoli provzdu\u0161n\u011bn\u00fd substr\u00e1t poskytuje \u0159\u00e1dnou dren\u00e1\u017e a kontinu\u00e1ln\u00ed z\u00e1sobu vzduchu.<\/p>\n<p>\nProto spole\u010dnost Atami uvedla na trh substr\u00e1t Atami High Porosity Cocos, kter\u00fd p\u0159in\u00e1\u0161\u00ed v\u00fdhody p\u011bstov\u00e1n\u00ed na vysoce kvalitn\u00edm, zral\u00e9m, myt\u00e9m, pufrovan\u00e9m a p\u0159\u00edslu\u0161n\u011b hnojen\u00e9m kokosu, s blahod\u00e1rn\u00fdmi \u00fa\u010dinky vzdu\u0161nosti perlitu. Zal\u00e9vejte pros\u00edm v\u00edce, abyste u Atami High Porosity Cocos kompenzovali v\u011bt\u0161\u00ed dren\u00e1\u017e.<\/p>\n<p>\nEC: &lt; 1,5<\/p>\n<p>\nDOSTUPN\u00dd OBJEM 50 L<\/p>\n","protected":false},"excerpt":{"rendered":"<p>Lehce hnojen\u00e1, vyzr\u00e1l\u00e1, pran\u00e1 a pufrovan\u00e1 kokosov\u00e1 vl\u00e1kna s 30 % perlitu<\/p>\n","protected":false},"featured_media":25314,"comment_status":"closed","ping_status":"closed","template":"","meta":{"_acf_changed":false,"iawp_total_views":41},"product_brand":[],"product_cat":[388],"product_tag":[],"class_list":{"0":"post-49774","1":"product","2":"type-product","3":"status-publish","4":"has-post-thumbnail","6":"product_cat-atami-substraty","8":"first","9":"instock","10":"shipping-taxable","11":"product-type-simple"},"acf":{"short_description":"<p>Dostatek vzduchu je pro rozvoj ko\u0159en\u016f plodin \u017eivotn\u011b d\u016fle\u017eit\u00fd. Ko\u0159eny pot\u0159ebuj\u00ed d\u00fdchat a provzdu\u0161n\u011bn\u00fd substr\u00e1t vede k tvorb\u011b v\u011bt\u0161\u00edho mno\u017estv\u00ed ko\u0159enov\u00fdch vl\u00e1sk\u016f. Ke zpracov\u00e1n\u00ed cukr\u016f na energii je pot\u0159eba kysl\u00edk. Za pou\u017eit\u00ed t\u00e9to energie se mohou ko\u0159eny roz\u0161i\u0159ovat a aktivn\u011b dod\u00e1vat v\u00edce \u017eivin do ostatn\u00edch \u010d\u00e1st\u00ed plodiny.<\/p><p><br \/>Proto je vysok\u00e9 procento vzduchu v substr\u00e1tu z\u00e1sadn\u00ed. Jak\u00fdkoli provzdu\u0161n\u011bn\u00fd substr\u00e1t poskytuje \u0159\u00e1dnou dren\u00e1\u017e a kontinu\u00e1ln\u00ed z\u00e1sobu vzduchu.<\/p><p><br \/>Proto spole\u010dnost Atami uvedla na trh substr\u00e1t Atami High Porosity Cocos, kter\u00fd p\u0159in\u00e1\u0161\u00ed v\u00fdhody p\u011bstov\u00e1n\u00ed na vysoce kvalitn\u00edm, zral\u00e9m, myt\u00e9m, pufrovan\u00e9m a p\u0159\u00edslu\u0161n\u011b hnojen\u00e9m kokosu, s blahod\u00e1rn\u00fdmi \u00fa\u010dinky vzdu\u0161nosti perlitu. Zal\u00e9vejte pros\u00edm v\u00edce, abyste u Atami High Porosity Cocos kompenzovali v\u011bt\u0161\u00ed dren\u00e1\u017e.<\/p><p><br \/>EC: &lt; 1,5<\/p>","suitable_for":"","application":"","dosage":"","npk_ratio":"","available_in":"<p>50L<\/p>","icon_1":185689,"icon_1_text":"","icon_2":195118,"icon_2_text":"","icon_3":"","icon_3_text":"","icon_4":"","icon_4_text":"","video":"https:\/\/youtu.be\/vMfeQpegMZ0","second_image":25329,"product_image_page":"","user_manual":"","new_icon_1":"","new_icon_2":"","new_icon_3":"","new_icon_4":"","grow_guides":"","category":"Substr\u00e1t"},"yoast_head":"<!-- This site is optimized with the Yoast SEO Premium plugin v27.4 (Yoast SEO v27.4) - https:\/\/yoast.com\/product\/yoast-seo-premium-wordpress\/ -->\n<title>High Porosity Cocos \u2013 Ide\u00e1ln\u00ed substr\u00e1t pro lep\u0161\u00ed prody\u0161nost a r\u016fst<\/title>\n<meta name=\"description\" content=\"Dostatek vzduchu je pro rozvoj ko\u0159en\u016f plodin \u017eivotn\u011b d\u016fle\u017eit\u00fd. Ko\u0159eny pot\u0159ebuj\u00ed d\u00fdchat a provzdu\u0161n\u011bn\u00fd substr\u00e1t vede k tvorb\u011b v\u011bt\u0161\u00edho mno\u017estv\u00ed ko\u0159enov\u00fdch vl\u00e1sk\u016f. Ke zpracov\u00e1n\u00ed cukr\u016f na energii je pot\u0159eba kysl\u00edk. Za pou\u017eit\u00ed t\u00e9to energie se mohou ko\u0159eny roz\u0161i\u0159ovat a aktivn\u011b dod\u00e1vat v\u00edce \u017eivin do ostatn\u00edch \u010d\u00e1st\u00ed plodiny.\" \/>\n<meta name=\"robots\" content=\"index, follow, max-snippet:-1, max-image-preview:large, max-video-preview:-1\" \/>\n<link rel=\"canonical\" href=\"https:\/\/atami.com\/cs\/produkt\/high-porosity-cocos\" \/>\n<meta property=\"og:locale\" content=\"cs_CZ\" \/>\n<meta property=\"og:type\" content=\"article\" \/>\n<meta property=\"og:title\" content=\"High Porosity Cocos\" \/>\n<meta property=\"og:description\" content=\"Dostatek vzduchu je pro rozvoj ko\u0159en\u016f plodin \u017eivotn\u011b d\u016fle\u017eit\u00fd. Ko\u0159eny pot\u0159ebuj\u00ed d\u00fdchat a provzdu\u0161n\u011bn\u00fd substr\u00e1t vede k tvorb\u011b v\u011bt\u0161\u00edho mno\u017estv\u00ed ko\u0159enov\u00fdch vl\u00e1sk\u016f. Ke zpracov\u00e1n\u00ed cukr\u016f na energii je pot\u0159eba kysl\u00edk. Za pou\u017eit\u00ed t\u00e9to energie se mohou ko\u0159eny roz\u0161i\u0159ovat a aktivn\u011b dod\u00e1vat v\u00edce \u017eivin do ostatn\u00edch \u010d\u00e1st\u00ed plodiny.\" \/>\n<meta property=\"og:url\" content=\"https:\/\/atami.com\/cs\/produkt\/high-porosity-cocos\" \/>\n<meta property=\"og:site_name\" content=\"Atami\" \/>\n<meta property=\"article:publisher\" content=\"https:\/\/www.facebook.com\/Atami.International\" \/>\n<meta property=\"article:modified_time\" content=\"2025-11-10T13:48:03+00:00\" \/>\n<meta property=\"og:image\" content=\"https:\/\/atami.com\/wp-content\/uploads\/2023\/02\/High-Porosity-Cocos-Main-Image.webp\" \/>\n\t<meta property=\"og:image:width\" content=\"1080\" \/>\n\t<meta property=\"og:image:height\" content=\"1080\" \/>\n\t<meta property=\"og:image:type\" content=\"image\/webp\" \/>\n<meta name=\"twitter:card\" content=\"summary_large_image\" \/>\n<meta name=\"twitter:site\" content=\"@AtamiEU\" \/>\n<meta name=\"twitter:label1\" content=\"Odhadovan\u00e1 doba \u010dten\u00ed\" \/>\n\t<meta name=\"twitter:data1\" content=\"1 minuta\" \/>\n<script type=\"application\/ld+json\" class=\"yoast-schema-graph\">{\"@context\":\"https:\\\/\\\/schema.org\",\"@graph\":[{\"@type\":\"WebPage\",\"@id\":\"https:\\\/\\\/atami.com\\\/cs\\\/produkt\\\/high-porosity-cocos\",\"url\":\"https:\\\/\\\/atami.com\\\/cs\\\/produkt\\\/high-porosity-cocos\",\"name\":\"High Porosity Cocos \u2013 Ide\u00e1ln\u00ed substr\u00e1t pro lep\u0161\u00ed prody\u0161nost a r\u016fst\",\"isPartOf\":{\"@id\":\"https:\\\/\\\/atami.com\\\/cs#website\"},\"primaryImageOfPage\":{\"@id\":\"https:\\\/\\\/atami.com\\\/cs\\\/produkt\\\/high-porosity-cocos#primaryimage\"},\"image\":{\"@id\":\"https:\\\/\\\/atami.com\\\/cs\\\/produkt\\\/high-porosity-cocos#primaryimage\"},\"thumbnailUrl\":\"https:\\\/\\\/atami.com\\\/wp-content\\\/uploads\\\/2023\\\/02\\\/High-Porosity-Cocos-Main-Image.webp\",\"datePublished\":\"2023-02-14T10:43:26+00:00\",\"dateModified\":\"2025-11-10T13:48:03+00:00\",\"description\":\"Dostatek vzduchu je pro rozvoj ko\u0159en\u016f plodin \u017eivotn\u011b d\u016fle\u017eit\u00fd. Ko\u0159eny pot\u0159ebuj\u00ed d\u00fdchat a provzdu\u0161n\u011bn\u00fd substr\u00e1t vede k tvorb\u011b v\u011bt\u0161\u00edho mno\u017estv\u00ed ko\u0159enov\u00fdch vl\u00e1sk\u016f. Ke zpracov\u00e1n\u00ed cukr\u016f na energii je pot\u0159eba kysl\u00edk. Za pou\u017eit\u00ed t\u00e9to energie se mohou ko\u0159eny roz\u0161i\u0159ovat a aktivn\u011b dod\u00e1vat v\u00edce \u017eivin do ostatn\u00edch \u010d\u00e1st\u00ed plodiny.\",\"breadcrumb\":{\"@id\":\"https:\\\/\\\/atami.com\\\/cs\\\/produkt\\\/high-porosity-cocos#breadcrumb\"},\"inLanguage\":\"cs\",\"potentialAction\":[{\"@type\":\"ReadAction\",\"target\":[\"https:\\\/\\\/atami.com\\\/cs\\\/produkt\\\/high-porosity-cocos\"]}]},{\"@type\":\"ImageObject\",\"inLanguage\":\"cs\",\"@id\":\"https:\\\/\\\/atami.com\\\/cs\\\/produkt\\\/high-porosity-cocos#primaryimage\",\"url\":\"https:\\\/\\\/atami.com\\\/wp-content\\\/uploads\\\/2023\\\/02\\\/High-Porosity-Cocos-Main-Image.webp\",\"contentUrl\":\"https:\\\/\\\/atami.com\\\/wp-content\\\/uploads\\\/2023\\\/02\\\/High-Porosity-Cocos-Main-Image.webp\",\"width\":1080,\"height\":1080,\"caption\":\"Kokos s vysokou p\u00f3rovitost\u00ed nab\u00edz\u00ed vynikaj\u00edc\u00ed provzdu\u0161n\u011bn\u00ed, podporuje siln\u00fd v\u00fdvoj ko\u0159en\u016f a absorpci \u017eivin.\"},{\"@type\":\"BreadcrumbList\",\"@id\":\"https:\\\/\\\/atami.com\\\/cs\\\/produkt\\\/high-porosity-cocos#breadcrumb\",\"itemListElement\":[{\"@type\":\"ListItem\",\"position\":1,\"name\":\"Home\",\"item\":\"https:\\\/\\\/atami.com\\\/cs\"},{\"@type\":\"ListItem\",\"position\":2,\"name\":\"Produkty\",\"item\":\"https:\\\/\\\/atami.com\\\/cs\\\/shop\"},{\"@type\":\"ListItem\",\"position\":3,\"name\":\"Zna\u010dky\",\"item\":\"https:\\\/\\\/atami.com\\\/cs\\\/kategorie-produktu\\\/znacky\"},{\"@type\":\"ListItem\",\"position\":4,\"name\":\"Atami substr\u00e1ty\",\"item\":\"https:\\\/\\\/atami.com\\\/cs\\\/kategorie-produktu\\\/znacky\\\/atami-substraty\"},{\"@type\":\"ListItem\",\"position\":5,\"name\":\"High Porosity Cocos\"}]},{\"@type\":\"WebSite\",\"@id\":\"https:\\\/\\\/atami.com\\\/cs#website\",\"url\":\"https:\\\/\\\/atami.com\\\/cs\",\"name\":\"Atami\",\"description\":\"NATURALLY INNOVATING!\",\"publisher\":{\"@id\":\"https:\\\/\\\/atami.com\\\/cs#organization\"},\"potentialAction\":[{\"@type\":\"SearchAction\",\"target\":{\"@type\":\"EntryPoint\",\"urlTemplate\":\"https:\\\/\\\/atami.com\\\/cs?s={search_term_string}\"},\"query-input\":{\"@type\":\"PropertyValueSpecification\",\"valueRequired\":true,\"valueName\":\"search_term_string\"}}],\"inLanguage\":\"cs\"},{\"@type\":\"Organization\",\"@id\":\"https:\\\/\\\/atami.com\\\/cs#organization\",\"name\":\"Atami\",\"url\":\"https:\\\/\\\/atami.com\\\/cs\",\"logo\":{\"@type\":\"ImageObject\",\"inLanguage\":\"cs\",\"@id\":\"https:\\\/\\\/atami.com\\\/cs#\\\/schema\\\/logo\\\/image\\\/\",\"url\":\"https:\\\/\\\/atami.com\\\/wp-content\\\/uploads\\\/2026\\\/01\\\/Atami-logo-696x696px.webp\",\"contentUrl\":\"https:\\\/\\\/atami.com\\\/wp-content\\\/uploads\\\/2026\\\/01\\\/Atami-logo-696x696px.webp\",\"width\":696,\"height\":696,\"caption\":\"Atami\"},\"image\":{\"@id\":\"https:\\\/\\\/atami.com\\\/cs#\\\/schema\\\/logo\\\/image\\\/\"},\"sameAs\":[\"https:\\\/\\\/www.facebook.com\\\/Atami.International\",\"https:\\\/\\\/x.com\\\/AtamiEU\",\"https:\\\/\\\/www.youtube.com\\\/c\\\/AtamiInternational\",\"https:\\\/\\\/www.instagram.com\\\/atami.international\\\/\"],\"description\":\"ATAMI is a premium plant nutrition & substrate brand founded in 1997 with the mission to make exceptional cultivation achievable for everyone. From legacy to license, we offer a wide variety of innovating award-winning products to let cultivators achieve maximum results in taste & yield.\",\"email\":\"info@mginnovations.es\",\"legalName\":\"Atami\",\"numberOfEmployees\":{\"@type\":\"QuantitativeValue\",\"minValue\":\"11\",\"maxValue\":\"50\"}}]}<\/script>\n<!-- \/ Yoast SEO Premium plugin. -->","yoast_head_json":{"title":"High Porosity Cocos \u2013 Ide\u00e1ln\u00ed substr\u00e1t pro lep\u0161\u00ed prody\u0161nost a r\u016fst","description":"Dostatek vzduchu je pro rozvoj ko\u0159en\u016f plodin \u017eivotn\u011b d\u016fle\u017eit\u00fd. Ko\u0159eny pot\u0159ebuj\u00ed d\u00fdchat a provzdu\u0161n\u011bn\u00fd substr\u00e1t vede k tvorb\u011b v\u011bt\u0161\u00edho mno\u017estv\u00ed ko\u0159enov\u00fdch vl\u00e1sk\u016f. Ke zpracov\u00e1n\u00ed cukr\u016f na energii je pot\u0159eba kysl\u00edk. Za pou\u017eit\u00ed t\u00e9to energie se mohou ko\u0159eny roz\u0161i\u0159ovat a aktivn\u011b dod\u00e1vat v\u00edce \u017eivin do ostatn\u00edch \u010d\u00e1st\u00ed plodiny.","robots":{"index":"index","follow":"follow","max-snippet":"max-snippet:-1","max-image-preview":"max-image-preview:large","max-video-preview":"max-video-preview:-1"},"canonical":"https:\/\/atami.com\/cs\/produkt\/high-porosity-cocos","og_locale":"cs_CZ","og_type":"article","og_title":"High Porosity Cocos","og_description":"Dostatek vzduchu je pro rozvoj ko\u0159en\u016f plodin \u017eivotn\u011b d\u016fle\u017eit\u00fd. Ko\u0159eny pot\u0159ebuj\u00ed d\u00fdchat a provzdu\u0161n\u011bn\u00fd substr\u00e1t vede k tvorb\u011b v\u011bt\u0161\u00edho mno\u017estv\u00ed ko\u0159enov\u00fdch vl\u00e1sk\u016f. Ke zpracov\u00e1n\u00ed cukr\u016f na energii je pot\u0159eba kysl\u00edk. Za pou\u017eit\u00ed t\u00e9to energie se mohou ko\u0159eny roz\u0161i\u0159ovat a aktivn\u011b dod\u00e1vat v\u00edce \u017eivin do ostatn\u00edch \u010d\u00e1st\u00ed plodiny.","og_url":"https:\/\/atami.com\/cs\/produkt\/high-porosity-cocos","og_site_name":"Atami","article_publisher":"https:\/\/www.facebook.com\/Atami.International","article_modified_time":"2025-11-10T13:48:03+00:00","og_image":[{"width":1080,"height":1080,"url":"https:\/\/atami.com\/wp-content\/uploads\/2023\/02\/High-Porosity-Cocos-Main-Image.webp","type":"image\/webp"}],"twitter_card":"summary_large_image","twitter_site":"@AtamiEU","twitter_misc":{"Odhadovan\u00e1 doba \u010dten\u00ed":"1 minuta"},"schema":{"@context":"https:\/\/schema.org","@graph":[{"@type":"WebPage","@id":"https:\/\/atami.com\/cs\/produkt\/high-porosity-cocos","url":"https:\/\/atami.com\/cs\/produkt\/high-porosity-cocos","name":"High Porosity Cocos \u2013 Ide\u00e1ln\u00ed substr\u00e1t pro lep\u0161\u00ed prody\u0161nost a r\u016fst","isPartOf":{"@id":"https:\/\/atami.com\/cs#website"},"primaryImageOfPage":{"@id":"https:\/\/atami.com\/cs\/produkt\/high-porosity-cocos#primaryimage"},"image":{"@id":"https:\/\/atami.com\/cs\/produkt\/high-porosity-cocos#primaryimage"},"thumbnailUrl":"https:\/\/atami.com\/wp-content\/uploads\/2023\/02\/High-Porosity-Cocos-Main-Image.webp","datePublished":"2023-02-14T10:43:26+00:00","dateModified":"2025-11-10T13:48:03+00:00","description":"Dostatek vzduchu je pro rozvoj ko\u0159en\u016f plodin \u017eivotn\u011b d\u016fle\u017eit\u00fd. Ko\u0159eny pot\u0159ebuj\u00ed d\u00fdchat a provzdu\u0161n\u011bn\u00fd substr\u00e1t vede k tvorb\u011b v\u011bt\u0161\u00edho mno\u017estv\u00ed ko\u0159enov\u00fdch vl\u00e1sk\u016f. Ke zpracov\u00e1n\u00ed cukr\u016f na energii je pot\u0159eba kysl\u00edk. Za pou\u017eit\u00ed t\u00e9to energie se mohou ko\u0159eny roz\u0161i\u0159ovat a aktivn\u011b dod\u00e1vat v\u00edce \u017eivin do ostatn\u00edch \u010d\u00e1st\u00ed plodiny.","breadcrumb":{"@id":"https:\/\/atami.com\/cs\/produkt\/high-porosity-cocos#breadcrumb"},"inLanguage":"cs","potentialAction":[{"@type":"ReadAction","target":["https:\/\/atami.com\/cs\/produkt\/high-porosity-cocos"]}]},{"@type":"ImageObject","inLanguage":"cs","@id":"https:\/\/atami.com\/cs\/produkt\/high-porosity-cocos#primaryimage","url":"https:\/\/atami.com\/wp-content\/uploads\/2023\/02\/High-Porosity-Cocos-Main-Image.webp","contentUrl":"https:\/\/atami.com\/wp-content\/uploads\/2023\/02\/High-Porosity-Cocos-Main-Image.webp","width":1080,"height":1080,"caption":"Kokos s vysokou p\u00f3rovitost\u00ed nab\u00edz\u00ed vynikaj\u00edc\u00ed provzdu\u0161n\u011bn\u00ed, podporuje siln\u00fd v\u00fdvoj ko\u0159en\u016f a absorpci \u017eivin."},{"@type":"BreadcrumbList","@id":"https:\/\/atami.com\/cs\/produkt\/high-porosity-cocos#breadcrumb","itemListElement":[{"@type":"ListItem","position":1,"name":"Home","item":"https:\/\/atami.com\/cs"},{"@type":"ListItem","position":2,"name":"Produkty","item":"https:\/\/atami.com\/cs\/shop"},{"@type":"ListItem","position":3,"name":"Zna\u010dky","item":"https:\/\/atami.com\/cs\/kategorie-produktu\/znacky"},{"@type":"ListItem","position":4,"name":"Atami substr\u00e1ty","item":"https:\/\/atami.com\/cs\/kategorie-produktu\/znacky\/atami-substraty"},{"@type":"ListItem","position":5,"name":"High Porosity Cocos"}]},{"@type":"WebSite","@id":"https:\/\/atami.com\/cs#website","url":"https:\/\/atami.com\/cs","name":"Atami","description":"NATURALLY INNOVATING!","publisher":{"@id":"https:\/\/atami.com\/cs#organization"},"potentialAction":[{"@type":"SearchAction","target":{"@type":"EntryPoint","urlTemplate":"https:\/\/atami.com\/cs?s={search_term_string}"},"query-input":{"@type":"PropertyValueSpecification","valueRequired":true,"valueName":"search_term_string"}}],"inLanguage":"cs"},{"@type":"Organization","@id":"https:\/\/atami.com\/cs#organization","name":"Atami","url":"https:\/\/atami.com\/cs","logo":{"@type":"ImageObject","inLanguage":"cs","@id":"https:\/\/atami.com\/cs#\/schema\/logo\/image\/","url":"https:\/\/atami.com\/wp-content\/uploads\/2026\/01\/Atami-logo-696x696px.webp","contentUrl":"https:\/\/atami.com\/wp-content\/uploads\/2026\/01\/Atami-logo-696x696px.webp","width":696,"height":696,"caption":"Atami"},"image":{"@id":"https:\/\/atami.com\/cs#\/schema\/logo\/image\/"},"sameAs":["https:\/\/www.facebook.com\/Atami.International","https:\/\/x.com\/AtamiEU","https:\/\/www.youtube.com\/c\/AtamiInternational","https:\/\/www.instagram.com\/atami.international\/"],"description":"ATAMI is a premium plant nutrition & substrate brand founded in 1997 with the mission to make exceptional cultivation achievable for everyone. From legacy to license, we offer a wide variety of innovating award-winning products to let cultivators achieve maximum results in taste & yield.","email":"info@mginnovations.es","legalName":"Atami","numberOfEmployees":{"@type":"QuantitativeValue","minValue":"11","maxValue":"50"}}]}},"_links":{"self":[{"href":"https:\/\/atami.com\/cs\/wp-json\/wp\/v2\/product\/49774","targetHints":{"allow":["GET"]}}],"collection":[{"href":"https:\/\/atami.com\/cs\/wp-json\/wp\/v2\/product"}],"about":[{"href":"https:\/\/atami.com\/cs\/wp-json\/wp\/v2\/types\/product"}],"replies":[{"embeddable":true,"href":"https:\/\/atami.com\/cs\/wp-json\/wp\/v2\/comments?post=49774"}],"wp:featuredmedia":[{"embeddable":true,"href":"https:\/\/atami.com\/cs\/wp-json\/wp\/v2\/media\/25314"}],"wp:attachment":[{"href":"https:\/\/atami.com\/cs\/wp-json\/wp\/v2\/media?parent=49774"}],"wp:term":[{"taxonomy":"product_brand","embeddable":true,"href":"https:\/\/atami.com\/cs\/wp-json\/wp\/v2\/product_brand?post=49774"},{"taxonomy":"product_cat","embeddable":true,"href":"https:\/\/atami.com\/cs\/wp-json\/wp\/v2\/product_cat?post=49774"},{"taxonomy":"product_tag","embeddable":true,"href":"https:\/\/atami.com\/cs\/wp-json\/wp\/v2\/product_tag?post=49774"}],"curies":[{"name":"wp","href":"https:\/\/api.w.org\/{rel}","templated":true}]}}