{"id":49769,"date":"2023-02-13T12:07:35","date_gmt":"2023-02-13T12:07:35","guid":{"rendered":"https:\/\/atami.com\/product\/bcuzz-blossom-builder-tabzz\/"},"modified":"2025-11-10T13:18:45","modified_gmt":"2025-11-10T11:18:45","slug":"bcuzz-blossom-builder-tabzz","status":"publish","type":"product","link":"https:\/\/atami.com\/cs\/produkt\/bcuzz-blossom-builder-tabzz","title":{"rendered":"B\u2019cuzz Blossom Builder Tabzz"},"content":{"rendered":"<p><strong>B\u2019cuzz Blossom Builder Tabzz jsou rozpustn\u00e9 tablety speci\u00e1ln\u011b vyvinut\u00e9 pro obdob\u00ed kv\u011btu. Snadno se rozpou\u0161t\u00ed v \u017eivn\u00e9m roztoku, aby mohla rostlina vyu\u017e\u00edt v\u0161echnu svou energii na tvorbu trs\u016f kv\u011bt\u016f.<\/strong><\/p>\n<p>\nTablety zaru\u010d\u00ed explozi kv\u011bt\u016f, kter\u00e9 jsou v\u011bt\u0161\u00ed, t\u011b\u017e\u0161\u00ed a kompaktn\u011bj\u0161\u00ed a zachov\u00e1vaj\u00ed charakteristickou v\u016fni a chu\u0165 dan\u00e9ho druhu.<\/p>\n<p>\n<strong>POU\u017dIT\u00cd<\/strong><br \/>\nP\u0159id\u00e1vejte do \u017eivn\u00e9ho roztoku v posledn\u00edch 2 a\u017e 4 t\u00fddnech f\u00e1ze kveten\u00ed a zr\u00e1n\u00ed.<\/p>\n<p>\n<strong>D\u00c1VKOV\u00c1N\u00cd<\/strong><br \/>\n1 a\u017e 2 tablety B\u2019cuzz Blossom Builder Tabzz na 100 litr\u016f \u017eivn\u00e9ho roztoku.<\/p>\n<p>\n<strong>PK 32\u201320 W\/W<\/strong><\/p>\n<p>\n<strong>1 KRABICE S 16 TABLETAMI TABZZ<\/strong><\/p>\n","protected":false},"excerpt":{"rendered":"<p>Zu\u0161lech\u0165ova\u010d kv\u011bt\u016f<\/p>\n<p>Zvy\u0161uje v\u00fdnos, velikost plod\u016f a aromatick\u00e9 vlastnosti<\/p>\n","protected":false},"featured_media":202027,"comment_status":"closed","ping_status":"closed","template":"","meta":{"_acf_changed":false,"iawp_total_views":17},"product_brand":[],"product_cat":[386,379],"product_tag":[],"class_list":{"0":"post-49769","1":"product","2":"type-product","3":"status-publish","4":"has-post-thumbnail","6":"product_cat-bcuzz","7":"product_cat-stimulatory","9":"first","10":"instock","11":"shipping-taxable","12":"product-type-simple"},"acf":{"short_description":"<p><strong>B\u2019cuzz Blossom Builder Tabzz jsou rozpustn\u00e9 tablety speci\u00e1ln\u011b vyvinut\u00e9 pro obdob\u00ed kv\u011btu. Snadno se rozpou\u0161t\u00ed v \u017eivn\u00e9m roztoku, aby mohla rostlina vyu\u017e\u00edt v\u0161echnu svou energii na tvorbu trs\u016f kv\u011bt\u016f.<\/strong><\/p><p><br \/>Tablety zaru\u010d\u00ed explozi kv\u011bt\u016f, kter\u00e9 jsou v\u011bt\u0161\u00ed, t\u011b\u017e\u0161\u00ed a kompaktn\u011bj\u0161\u00ed a zachov\u00e1vaj\u00ed charakteristickou v\u016fni a chu\u0165 dan\u00e9ho druhu.<\/p>","suitable_for":"","application":"<p>P\u0159id\u00e1vejte do \u017eivn\u00e9ho roztoku v posledn\u00edch 2 a\u017e 4 t\u00fddnech f\u00e1ze kveten\u00ed a zr\u00e1n\u00ed.<\/p>","dosage":"<p>1 a\u017e 2 tablety B\u2019cuzz Blossom Builder Tabzz na 100 litr\u016f \u017eivn\u00e9ho roztoku.<\/p>","npk_ratio":"<p>PK 32\u201320 W\/W<\/p>","available_in":"<p>1 KRABICE S 16 TABLETAMI TABZZ<\/p>","icon_1":191877,"icon_1_text":"V\u011aT\u0160\u00cd V\u00ddNOS, V\u011aT\u0160\u00cd PLODY","icon_2":191892,"icon_2_text":"JEDINE\u010cN\u00dd POM\u011aR PRVK\u016e PK","icon_3":191922,"icon_3_text":"ROZPUSTN\u00c9 TABLETY PRO OBDOB\u00cd KV\u011aTU","icon_4":"","icon_4_text":"","video":"","second_image":25147,"product_image_page":"","user_manual":"","new_icon_1":"","new_icon_2":"","new_icon_3":"","new_icon_4":"","grow_guides":"","category":"Stimul\u00e1tor"},"yoast_head":"<!-- This site is optimized with the Yoast SEO Premium plugin v27.4 (Yoast SEO v27.4) - https:\/\/yoast.com\/product\/yoast-seo-premium-wordpress\/ -->\n<title>Maxim\u00e1ln\u00ed kv\u011bt a v\u00fdnos s Blossom Builder Tabzz od B\u2019cuzz<\/title>\n<meta name=\"description\" content=\"Objevte s\u00edlu Blossom Builder Tabzz \u2013 revolu\u010dn\u00ed kv\u011btov\u00fd stimul\u00e1tor pro mohutn\u00e9 a kompaktn\u00ed kv\u011bty. Ide\u00e1ln\u00ed pro p\u011bstitele hledaj\u00edc\u00ed maxim\u00e1ln\u00ed v\u00fdnos a kvalitu.\" \/>\n<meta name=\"robots\" content=\"index, follow, max-snippet:-1, max-image-preview:large, max-video-preview:-1\" \/>\n<link rel=\"canonical\" href=\"https:\/\/atami.com\/cs\/produkt\/bcuzz-blossom-builder-tabzz\" \/>\n<meta property=\"og:locale\" content=\"cs_CZ\" \/>\n<meta property=\"og:type\" content=\"article\" \/>\n<meta property=\"og:title\" content=\"B\u2019cuzz Blossom Builder Tabzz\" \/>\n<meta property=\"og:description\" content=\"Objevte s\u00edlu Blossom Builder Tabzz \u2013 revolu\u010dn\u00ed kv\u011btov\u00fd stimul\u00e1tor pro mohutn\u00e9 a kompaktn\u00ed kv\u011bty. Ide\u00e1ln\u00ed pro p\u011bstitele hledaj\u00edc\u00ed maxim\u00e1ln\u00ed v\u00fdnos a kvalitu.\" \/>\n<meta property=\"og:url\" content=\"https:\/\/atami.com\/cs\/produkt\/bcuzz-blossom-builder-tabzz\" \/>\n<meta property=\"og:site_name\" content=\"Atami\" \/>\n<meta property=\"article:publisher\" content=\"https:\/\/www.facebook.com\/Atami.International\" \/>\n<meta property=\"article:modified_time\" content=\"2025-11-10T11:18:45+00:00\" \/>\n<meta property=\"og:image\" content=\"https:\/\/atami.com\/wp-content\/uploads\/2023\/02\/Bcuzz-Blossom-Builder-Tabzz-product-image.webp\" \/>\n\t<meta property=\"og:image:width\" content=\"1080\" \/>\n\t<meta property=\"og:image:height\" content=\"1080\" \/>\n\t<meta property=\"og:image:type\" content=\"image\/webp\" \/>\n<meta name=\"twitter:card\" content=\"summary_large_image\" \/>\n<meta name=\"twitter:site\" content=\"@AtamiEU\" \/>\n<meta name=\"twitter:label1\" content=\"Odhadovan\u00e1 doba \u010dten\u00ed\" \/>\n\t<meta name=\"twitter:data1\" content=\"1 minuta\" \/>\n<script type=\"application\/ld+json\" class=\"yoast-schema-graph\">{\"@context\":\"https:\\\/\\\/schema.org\",\"@graph\":[{\"@type\":\"WebPage\",\"@id\":\"https:\\\/\\\/atami.com\\\/cs\\\/produkt\\\/bcuzz-blossom-builder-tabzz\",\"url\":\"https:\\\/\\\/atami.com\\\/cs\\\/produkt\\\/bcuzz-blossom-builder-tabzz\",\"name\":\"Maxim\u00e1ln\u00ed kv\u011bt a v\u00fdnos s Blossom Builder Tabzz od B\u2019cuzz\",\"isPartOf\":{\"@id\":\"https:\\\/\\\/atami.com\\\/cs#website\"},\"primaryImageOfPage\":{\"@id\":\"https:\\\/\\\/atami.com\\\/cs\\\/produkt\\\/bcuzz-blossom-builder-tabzz#primaryimage\"},\"image\":{\"@id\":\"https:\\\/\\\/atami.com\\\/cs\\\/produkt\\\/bcuzz-blossom-builder-tabzz#primaryimage\"},\"thumbnailUrl\":\"https:\\\/\\\/atami.com\\\/wp-content\\\/uploads\\\/2023\\\/02\\\/Bcuzz-Blossom-Builder-Tabzz-product-image.webp\",\"datePublished\":\"2023-02-13T12:07:35+00:00\",\"dateModified\":\"2025-11-10T11:18:45+00:00\",\"description\":\"Objevte s\u00edlu Blossom Builder Tabzz \u2013 revolu\u010dn\u00ed kv\u011btov\u00fd stimul\u00e1tor pro mohutn\u00e9 a kompaktn\u00ed kv\u011bty. Ide\u00e1ln\u00ed pro p\u011bstitele hledaj\u00edc\u00ed maxim\u00e1ln\u00ed v\u00fdnos a kvalitu.\",\"breadcrumb\":{\"@id\":\"https:\\\/\\\/atami.com\\\/cs\\\/produkt\\\/bcuzz-blossom-builder-tabzz#breadcrumb\"},\"inLanguage\":\"cs\",\"potentialAction\":[{\"@type\":\"ReadAction\",\"target\":[\"https:\\\/\\\/atami.com\\\/cs\\\/produkt\\\/bcuzz-blossom-builder-tabzz\"]}]},{\"@type\":\"ImageObject\",\"inLanguage\":\"cs\",\"@id\":\"https:\\\/\\\/atami.com\\\/cs\\\/produkt\\\/bcuzz-blossom-builder-tabzz#primaryimage\",\"url\":\"https:\\\/\\\/atami.com\\\/wp-content\\\/uploads\\\/2023\\\/02\\\/Bcuzz-Blossom-Builder-Tabzz-product-image.webp\",\"contentUrl\":\"https:\\\/\\\/atami.com\\\/wp-content\\\/uploads\\\/2023\\\/02\\\/Bcuzz-Blossom-Builder-Tabzz-product-image.webp\",\"width\":1080,\"height\":1080,\"caption\":\"B\u2019cuzz Blossom Builder Tabzz jsou speci\u00e1ln\u011b vyvinuty pro obdob\u00ed kv\u011btu, zaji\u0161\u0165uj\u00ed explozivn\u00ed produkci kv\u011bt\u016f s v\u011bt\u0161\u00edmi, t\u011b\u017e\u0161\u00edmi a kompaktn\u011bj\u0161\u00edmi kv\u011bty a z\u00e1rove\u0148 zachov\u00e1vaj\u00ed charakteristick\u00e9 aroma a chu\u0165 ka\u017ed\u00e9ho druhu.\"},{\"@type\":\"BreadcrumbList\",\"@id\":\"https:\\\/\\\/atami.com\\\/cs\\\/produkt\\\/bcuzz-blossom-builder-tabzz#breadcrumb\",\"itemListElement\":[{\"@type\":\"ListItem\",\"position\":1,\"name\":\"Home\",\"item\":\"https:\\\/\\\/atami.com\\\/cs\"},{\"@type\":\"ListItem\",\"position\":2,\"name\":\"Produkty\",\"item\":\"https:\\\/\\\/atami.com\\\/cs\\\/shop\"},{\"@type\":\"ListItem\",\"position\":3,\"name\":\"B'cuzz\",\"item\":\"https:\\\/\\\/atami.com\\\/cs\\\/kategorie-produktu\\\/znacky\\\/bcuzz\"},{\"@type\":\"ListItem\",\"position\":4,\"name\":\"B\u2019cuzz Blossom Builder Tabzz\"}]},{\"@type\":\"WebSite\",\"@id\":\"https:\\\/\\\/atami.com\\\/cs#website\",\"url\":\"https:\\\/\\\/atami.com\\\/cs\",\"name\":\"Atami\",\"description\":\"NATURALLY INNOVATING!\",\"publisher\":{\"@id\":\"https:\\\/\\\/atami.com\\\/cs#organization\"},\"potentialAction\":[{\"@type\":\"SearchAction\",\"target\":{\"@type\":\"EntryPoint\",\"urlTemplate\":\"https:\\\/\\\/atami.com\\\/cs?s={search_term_string}\"},\"query-input\":{\"@type\":\"PropertyValueSpecification\",\"valueRequired\":true,\"valueName\":\"search_term_string\"}}],\"inLanguage\":\"cs\"},{\"@type\":\"Organization\",\"@id\":\"https:\\\/\\\/atami.com\\\/cs#organization\",\"name\":\"Atami\",\"url\":\"https:\\\/\\\/atami.com\\\/cs\",\"logo\":{\"@type\":\"ImageObject\",\"inLanguage\":\"cs\",\"@id\":\"https:\\\/\\\/atami.com\\\/cs#\\\/schema\\\/logo\\\/image\\\/\",\"url\":\"https:\\\/\\\/atami.com\\\/wp-content\\\/uploads\\\/2026\\\/01\\\/Atami-logo-696x696px.webp\",\"contentUrl\":\"https:\\\/\\\/atami.com\\\/wp-content\\\/uploads\\\/2026\\\/01\\\/Atami-logo-696x696px.webp\",\"width\":696,\"height\":696,\"caption\":\"Atami\"},\"image\":{\"@id\":\"https:\\\/\\\/atami.com\\\/cs#\\\/schema\\\/logo\\\/image\\\/\"},\"sameAs\":[\"https:\\\/\\\/www.facebook.com\\\/Atami.International\",\"https:\\\/\\\/x.com\\\/AtamiEU\",\"https:\\\/\\\/www.youtube.com\\\/c\\\/AtamiInternational\",\"https:\\\/\\\/www.instagram.com\\\/atami.international\\\/\"],\"description\":\"ATAMI is a premium plant nutrition & substrate brand founded in 1997 with the mission to make exceptional cultivation achievable for everyone. From legacy to license, we offer a wide variety of innovating award-winning products to let cultivators achieve maximum results in taste & yield.\",\"email\":\"info@mginnovations.es\",\"legalName\":\"Atami\",\"numberOfEmployees\":{\"@type\":\"QuantitativeValue\",\"minValue\":\"11\",\"maxValue\":\"50\"}}]}<\/script>\n<!-- \/ Yoast SEO Premium plugin. -->","yoast_head_json":{"title":"Maxim\u00e1ln\u00ed kv\u011bt a v\u00fdnos s Blossom Builder Tabzz od B\u2019cuzz","description":"Objevte s\u00edlu Blossom Builder Tabzz \u2013 revolu\u010dn\u00ed kv\u011btov\u00fd stimul\u00e1tor pro mohutn\u00e9 a kompaktn\u00ed kv\u011bty. Ide\u00e1ln\u00ed pro p\u011bstitele hledaj\u00edc\u00ed maxim\u00e1ln\u00ed v\u00fdnos a kvalitu.","robots":{"index":"index","follow":"follow","max-snippet":"max-snippet:-1","max-image-preview":"max-image-preview:large","max-video-preview":"max-video-preview:-1"},"canonical":"https:\/\/atami.com\/cs\/produkt\/bcuzz-blossom-builder-tabzz","og_locale":"cs_CZ","og_type":"article","og_title":"B\u2019cuzz Blossom Builder Tabzz","og_description":"Objevte s\u00edlu Blossom Builder Tabzz \u2013 revolu\u010dn\u00ed kv\u011btov\u00fd stimul\u00e1tor pro mohutn\u00e9 a kompaktn\u00ed kv\u011bty. Ide\u00e1ln\u00ed pro p\u011bstitele hledaj\u00edc\u00ed maxim\u00e1ln\u00ed v\u00fdnos a kvalitu.","og_url":"https:\/\/atami.com\/cs\/produkt\/bcuzz-blossom-builder-tabzz","og_site_name":"Atami","article_publisher":"https:\/\/www.facebook.com\/Atami.International","article_modified_time":"2025-11-10T11:18:45+00:00","og_image":[{"width":1080,"height":1080,"url":"https:\/\/atami.com\/wp-content\/uploads\/2023\/02\/Bcuzz-Blossom-Builder-Tabzz-product-image.webp","type":"image\/webp"}],"twitter_card":"summary_large_image","twitter_site":"@AtamiEU","twitter_misc":{"Odhadovan\u00e1 doba \u010dten\u00ed":"1 minuta"},"schema":{"@context":"https:\/\/schema.org","@graph":[{"@type":"WebPage","@id":"https:\/\/atami.com\/cs\/produkt\/bcuzz-blossom-builder-tabzz","url":"https:\/\/atami.com\/cs\/produkt\/bcuzz-blossom-builder-tabzz","name":"Maxim\u00e1ln\u00ed kv\u011bt a v\u00fdnos s Blossom Builder Tabzz od B\u2019cuzz","isPartOf":{"@id":"https:\/\/atami.com\/cs#website"},"primaryImageOfPage":{"@id":"https:\/\/atami.com\/cs\/produkt\/bcuzz-blossom-builder-tabzz#primaryimage"},"image":{"@id":"https:\/\/atami.com\/cs\/produkt\/bcuzz-blossom-builder-tabzz#primaryimage"},"thumbnailUrl":"https:\/\/atami.com\/wp-content\/uploads\/2023\/02\/Bcuzz-Blossom-Builder-Tabzz-product-image.webp","datePublished":"2023-02-13T12:07:35+00:00","dateModified":"2025-11-10T11:18:45+00:00","description":"Objevte s\u00edlu Blossom Builder Tabzz \u2013 revolu\u010dn\u00ed kv\u011btov\u00fd stimul\u00e1tor pro mohutn\u00e9 a kompaktn\u00ed kv\u011bty. Ide\u00e1ln\u00ed pro p\u011bstitele hledaj\u00edc\u00ed maxim\u00e1ln\u00ed v\u00fdnos a kvalitu.","breadcrumb":{"@id":"https:\/\/atami.com\/cs\/produkt\/bcuzz-blossom-builder-tabzz#breadcrumb"},"inLanguage":"cs","potentialAction":[{"@type":"ReadAction","target":["https:\/\/atami.com\/cs\/produkt\/bcuzz-blossom-builder-tabzz"]}]},{"@type":"ImageObject","inLanguage":"cs","@id":"https:\/\/atami.com\/cs\/produkt\/bcuzz-blossom-builder-tabzz#primaryimage","url":"https:\/\/atami.com\/wp-content\/uploads\/2023\/02\/Bcuzz-Blossom-Builder-Tabzz-product-image.webp","contentUrl":"https:\/\/atami.com\/wp-content\/uploads\/2023\/02\/Bcuzz-Blossom-Builder-Tabzz-product-image.webp","width":1080,"height":1080,"caption":"B\u2019cuzz Blossom Builder Tabzz jsou speci\u00e1ln\u011b vyvinuty pro obdob\u00ed kv\u011btu, zaji\u0161\u0165uj\u00ed explozivn\u00ed produkci kv\u011bt\u016f s v\u011bt\u0161\u00edmi, t\u011b\u017e\u0161\u00edmi a kompaktn\u011bj\u0161\u00edmi kv\u011bty a z\u00e1rove\u0148 zachov\u00e1vaj\u00ed charakteristick\u00e9 aroma a chu\u0165 ka\u017ed\u00e9ho druhu."},{"@type":"BreadcrumbList","@id":"https:\/\/atami.com\/cs\/produkt\/bcuzz-blossom-builder-tabzz#breadcrumb","itemListElement":[{"@type":"ListItem","position":1,"name":"Home","item":"https:\/\/atami.com\/cs"},{"@type":"ListItem","position":2,"name":"Produkty","item":"https:\/\/atami.com\/cs\/shop"},{"@type":"ListItem","position":3,"name":"B'cuzz","item":"https:\/\/atami.com\/cs\/kategorie-produktu\/znacky\/bcuzz"},{"@type":"ListItem","position":4,"name":"B\u2019cuzz Blossom Builder Tabzz"}]},{"@type":"WebSite","@id":"https:\/\/atami.com\/cs#website","url":"https:\/\/atami.com\/cs","name":"Atami","description":"NATURALLY INNOVATING!","publisher":{"@id":"https:\/\/atami.com\/cs#organization"},"potentialAction":[{"@type":"SearchAction","target":{"@type":"EntryPoint","urlTemplate":"https:\/\/atami.com\/cs?s={search_term_string}"},"query-input":{"@type":"PropertyValueSpecification","valueRequired":true,"valueName":"search_term_string"}}],"inLanguage":"cs"},{"@type":"Organization","@id":"https:\/\/atami.com\/cs#organization","name":"Atami","url":"https:\/\/atami.com\/cs","logo":{"@type":"ImageObject","inLanguage":"cs","@id":"https:\/\/atami.com\/cs#\/schema\/logo\/image\/","url":"https:\/\/atami.com\/wp-content\/uploads\/2026\/01\/Atami-logo-696x696px.webp","contentUrl":"https:\/\/atami.com\/wp-content\/uploads\/2026\/01\/Atami-logo-696x696px.webp","width":696,"height":696,"caption":"Atami"},"image":{"@id":"https:\/\/atami.com\/cs#\/schema\/logo\/image\/"},"sameAs":["https:\/\/www.facebook.com\/Atami.International","https:\/\/x.com\/AtamiEU","https:\/\/www.youtube.com\/c\/AtamiInternational","https:\/\/www.instagram.com\/atami.international\/"],"description":"ATAMI is a premium plant nutrition & substrate brand founded in 1997 with the mission to make exceptional cultivation achievable for everyone. From legacy to license, we offer a wide variety of innovating award-winning products to let cultivators achieve maximum results in taste & yield.","email":"info@mginnovations.es","legalName":"Atami","numberOfEmployees":{"@type":"QuantitativeValue","minValue":"11","maxValue":"50"}}]}},"_links":{"self":[{"href":"https:\/\/atami.com\/cs\/wp-json\/wp\/v2\/product\/49769","targetHints":{"allow":["GET"]}}],"collection":[{"href":"https:\/\/atami.com\/cs\/wp-json\/wp\/v2\/product"}],"about":[{"href":"https:\/\/atami.com\/cs\/wp-json\/wp\/v2\/types\/product"}],"replies":[{"embeddable":true,"href":"https:\/\/atami.com\/cs\/wp-json\/wp\/v2\/comments?post=49769"}],"wp:featuredmedia":[{"embeddable":true,"href":"https:\/\/atami.com\/cs\/wp-json\/wp\/v2\/media\/202027"}],"wp:attachment":[{"href":"https:\/\/atami.com\/cs\/wp-json\/wp\/v2\/media?parent=49769"}],"wp:term":[{"taxonomy":"product_brand","embeddable":true,"href":"https:\/\/atami.com\/cs\/wp-json\/wp\/v2\/product_brand?post=49769"},{"taxonomy":"product_cat","embeddable":true,"href":"https:\/\/atami.com\/cs\/wp-json\/wp\/v2\/product_cat?post=49769"},{"taxonomy":"product_tag","embeddable":true,"href":"https:\/\/atami.com\/cs\/wp-json\/wp\/v2\/product_tag?post=49769"}],"curies":[{"name":"wp","href":"https:\/\/api.w.org\/{rel}","templated":true}]}}