{"id":49766,"date":"2023-02-13T10:18:10","date_gmt":"2023-02-13T10:18:10","guid":{"rendered":"https:\/\/atami.com\/product\/bcuzz-bloom-stimulator\/"},"modified":"2025-11-10T13:17:27","modified_gmt":"2025-11-10T11:17:27","slug":"bcuzz-bloom-stimulator","status":"publish","type":"product","link":"https:\/\/atami.com\/cs\/produkt\/bcuzz-bloom-stimulator","title":{"rendered":"B\u2019cuzz Bloom Stimulator"},"content":{"rendered":"<p><strong>Obdob\u00ed kveten\u00ed je \u00fachvatnou \u010d\u00e1st\u00ed \u017eivotn\u00edho cyklu rostliny, b\u011bhem n\u011bho\u017e se zpomaluje vegetativn\u00ed r\u016fst a za\u010d\u00edn\u00e1 rozmno\u017eovac\u00ed v\u00fdvoj.<\/strong><\/p>\n<p>\nB\u2019cuzz Bloom Stimulator se aplikuje, kdy\u017e za\u010dne rostlina tvo\u0159it kv\u011bty, t\u011bsn\u011b p\u0159ed f\u00e1z\u00ed kveten\u00ed. B\u2019cuzz Bloom Stimulator pak prudce nastartuje tuto f\u00e1zi, zintenzivn\u00ed ji a prodlou\u017e\u00ed. To vede k explozivn\u00ed tvorb\u011b siln\u00fdch, kompaktn\u00edch kv\u011bt\u016f a nakonec plod\u016f s \u00fa\u017easnou chut\u00ed a v\u016fn\u00ed.<\/p>\n<p>\n<strong>ZEJM\u00c9NA VHODN\u00dd PRO:<\/strong><br \/>\nR\u016fzn\u00e9 druhy ovoce a zeleniny, jako papriky, chilli papri\u010dky a lilek. Lze ho tak\u00e9 pou\u017e\u00edvat na kvetouc\u00ed okrasn\u00e9 rostliny (nap\u0159. kopretinu Osteospermum).<br \/>\nPo\u017eadovanou d\u00e1vku je mo\u017en\u00e9 nam\u011b\u0159it podle pot\u0159eb konkr\u00e9tn\u00ed rostliny nebo plodiny.<\/p>\n<p>\n<strong>POU\u017dIT\u00cd<\/strong><br \/>\nOd tvo\u0159en\u00ed kv\u011bt\u016f p\u0159id\u00e1vejte denn\u011b p\u0159i zal\u00e9v\u00e1n\u00ed. Optim\u00e1ln\u00ed \u00fa\u010dinek m\u00e1 v kombinaci s p\u0159\u00edpravkem <span style=\"color: #00ccff;\"><a style=\"color: #00ccff;\" href=\"https:\/\/atami.com\/cs\/produkt\/bcuzz-boosters-uni\/\">B\u2019cuzz Booster<\/a><\/span>. B\u2019cuzz Bloom Stimulator se snadno pou\u017e\u00edv\u00e1! M\u016f\u017eete ho kombinovat prakticky se v\u0161emi z\u00e1kladn\u00edmi v\u00fd\u017eivami, proto\u017ee m\u00e1 t\u00e9m\u011b\u0159 nulovou hodnotu NPK. A nav\u00edc m\u00e1 vysokou koncentraci s pom\u011brem \u0159ed\u011bn\u00ed u \u017eivn\u00e9ho roztoku 1:1000.<\/p>\n<p>\n<strong>D\u00c1VKOV\u00c1N\u00cd<\/strong><br \/>\n0,5\u20131 ml na litr vody.<\/p>\n<p>\n<strong>DOSTUPN\u00dd OBJEM 100 ML, 500 ML, 1 L, 5 L<\/strong><\/p>\n","protected":false},"excerpt":{"rendered":"<p>Stimul\u00e1tor kveten\u00ed<\/p>\n<p>Hust\u0161\u00ed, pevn\u011bj\u0161\u00ed a v\u00edce kv\u011bt\u016f a plod\u016f<\/p>\n","protected":false},"featured_media":201997,"comment_status":"closed","ping_status":"closed","template":"","meta":{"_acf_changed":false,"iawp_total_views":94},"product_brand":[],"product_cat":[386,379],"product_tag":[],"class_list":{"0":"post-49766","1":"product","2":"type-product","3":"status-publish","4":"has-post-thumbnail","6":"product_cat-bcuzz","7":"product_cat-stimulatory","9":"first","10":"instock","11":"shipping-taxable","12":"product-type-simple"},"acf":{"short_description":"<p><strong>Obdob\u00ed kveten\u00ed je \u00fachvatnou \u010d\u00e1st\u00ed \u017eivotn\u00edho cyklu rostliny, b\u011bhem n\u011bho\u017e se zpomaluje vegetativn\u00ed r\u016fst a za\u010d\u00edn\u00e1 rozmno\u017eovac\u00ed v\u00fdvoj.<\/strong><\/p><p><br \/>B\u2019cuzz Bloom Stimulator se aplikuje, kdy\u017e za\u010dne rostlina tvo\u0159it kv\u011bty, t\u011bsn\u011b p\u0159ed f\u00e1z\u00ed kveten\u00ed. B\u2019cuzz Bloom Stimulator pak prudce nastartuje tuto f\u00e1zi, zintenzivn\u00ed ji a prodlou\u017e\u00ed. To vede k explozivn\u00ed tvorb\u011b siln\u00fdch, kompaktn\u00edch kv\u011bt\u016f a nakonec plod\u016f s \u00fa\u017easnou chut\u00ed a v\u016fn\u00ed.<\/p>","suitable_for":"<p>R\u016fzn\u00e9 druhy ovoce a zeleniny, jako papriky, chilli papri\u010dky a lilek. Lze ho tak\u00e9 pou\u017e\u00edvat na kvetouc\u00ed okrasn\u00e9 rostliny (nap\u0159. kopretinu Osteospermum).<br \/>Po\u017eadovanou d\u00e1vku je mo\u017en\u00e9 nam\u011b\u0159it podle pot\u0159eb konkr\u00e9tn\u00ed rostliny nebo plodiny.<\/p>","application":"<p>Od tvo\u0159en\u00ed kv\u011bt\u016f p\u0159id\u00e1vejte denn\u011b p\u0159i zal\u00e9v\u00e1n\u00ed. Optim\u00e1ln\u00ed \u00fa\u010dinek m\u00e1 v kombinaci s p\u0159\u00edpravkem <strong><a href=\"https:\/\/atami.com\/cs\/produkt\/bcuzz-boosters-uni\">B\u2019cuzz Booster<\/a><\/strong>. B\u2019cuzz Bloom Stimulator se snadno pou\u017e\u00edv\u00e1! M\u016f\u017eete ho kombinovat prakticky se v\u0161emi z\u00e1kladn\u00edmi v\u00fd\u017eivami, proto\u017ee m\u00e1 t\u00e9m\u011b\u0159 nulovou hodnotu NPK. A nav\u00edc m\u00e1 vysokou koncentraci s pom\u011brem \u0159ed\u011bn\u00ed u \u017eivn\u00e9ho roztoku 1:1000.<\/p>","dosage":"<p>0,5\u20131 ml na litr vody.<\/p>","npk_ratio":"","available_in":"<p>100 ML, 500 ML, 1 L, 5 L<\/p>","icon_1":191341,"icon_1_text":"DEL\u0160\u00cd A INTENZIVN\u011aJ\u0160\u00cd OBDOB\u00cd KV\u011aTU","icon_2":191802,"icon_2_text":"\u00da\u017dASN\u00c1 V\u016eN\u011a A CHU\u0164","icon_3":191817,"icon_3_text":"SNADN\u00c9 KOMBINOV\u00c1N\u00cd SE Z\u00c1KLADN\u00cd V\u00dd\u017dIVOU","icon_4":"","icon_4_text":"","video":"https:\/\/youtu.be\/kXXvgWn3DXU","second_image":5551,"product_image_page":25057,"user_manual":"","new_icon_1":"","new_icon_2":"","new_icon_3":"","new_icon_4":"","grow_guides":"","category":"Stimul\u00e1tor"},"yoast_head":"<!-- This site is optimized with the Yoast SEO Premium plugin v27.5 (Yoast SEO v27.5) - https:\/\/yoast.com\/product\/yoast-seo-premium-wordpress\/ -->\n<title>B&#039;cuzz Bloom Stimulator \u2013 Maxim\u00e1ln\u00ed podpora pro va\u0161e kv\u011btiny<\/title>\n<meta name=\"description\" content=\"Objevte B&#039;cuzz Bloom Stimulator od Atami, ide\u00e1ln\u00ed pro zah\u00e1jen\u00ed f\u00e1ze kveten\u00ed a dosa\u017een\u00ed hust\u00fdch, pevn\u00fdch kv\u011bt\u016f a chutn\u00fdch plod\u016f. Snadno se kombinuje s ostatn\u00edmi hnojivy a je vhodn\u00fd pro r\u016fzn\u00e9 druhy rostlin.\" \/>\n<meta name=\"robots\" content=\"index, follow, max-snippet:-1, max-image-preview:large, max-video-preview:-1\" \/>\n<link rel=\"canonical\" href=\"https:\/\/atami.com\/cs\/produkt\/bcuzz-bloom-stimulator\" \/>\n<meta property=\"og:locale\" content=\"cs_CZ\" \/>\n<meta property=\"og:type\" content=\"article\" \/>\n<meta property=\"og:title\" content=\"B\u2019cuzz Bloom Stimulator\" \/>\n<meta property=\"og:description\" content=\"Objevte B&#039;cuzz Bloom Stimulator od Atami, ide\u00e1ln\u00ed pro zah\u00e1jen\u00ed f\u00e1ze kveten\u00ed a dosa\u017een\u00ed hust\u00fdch, pevn\u00fdch kv\u011bt\u016f a chutn\u00fdch plod\u016f. Snadno se kombinuje s ostatn\u00edmi hnojivy a je vhodn\u00fd pro r\u016fzn\u00e9 druhy rostlin.\" \/>\n<meta property=\"og:url\" content=\"https:\/\/atami.com\/cs\/produkt\/bcuzz-bloom-stimulator\" \/>\n<meta property=\"og:site_name\" content=\"Atami\" \/>\n<meta property=\"article:publisher\" content=\"https:\/\/www.facebook.com\/Atami.International\" \/>\n<meta property=\"article:modified_time\" content=\"2025-11-10T11:17:27+00:00\" \/>\n<meta property=\"og:image\" content=\"https:\/\/atami.com\/wp-content\/uploads\/2023\/02\/Bcuzz-Bloom-Stimulator-product-image.webp\" \/>\n\t<meta property=\"og:image:width\" content=\"1080\" \/>\n\t<meta property=\"og:image:height\" content=\"1080\" \/>\n\t<meta property=\"og:image:type\" content=\"image\/webp\" \/>\n<meta name=\"twitter:card\" content=\"summary_large_image\" \/>\n<meta name=\"twitter:site\" content=\"@AtamiEU\" \/>\n<meta name=\"twitter:label1\" content=\"Odhadovan\u00e1 doba \u010dten\u00ed\" \/>\n\t<meta name=\"twitter:data1\" content=\"1 minuta\" \/>\n<script type=\"application\/ld+json\" class=\"yoast-schema-graph\">{\"@context\":\"https:\\\/\\\/schema.org\",\"@graph\":[{\"@type\":\"WebPage\",\"@id\":\"https:\\\/\\\/atami.com\\\/cs\\\/produkt\\\/bcuzz-bloom-stimulator\",\"url\":\"https:\\\/\\\/atami.com\\\/cs\\\/produkt\\\/bcuzz-bloom-stimulator\",\"name\":\"B'cuzz Bloom Stimulator \u2013 Maxim\u00e1ln\u00ed podpora pro va\u0161e kv\u011btiny\",\"isPartOf\":{\"@id\":\"https:\\\/\\\/atami.com\\\/cs#website\"},\"primaryImageOfPage\":{\"@id\":\"https:\\\/\\\/atami.com\\\/cs\\\/produkt\\\/bcuzz-bloom-stimulator#primaryimage\"},\"image\":{\"@id\":\"https:\\\/\\\/atami.com\\\/cs\\\/produkt\\\/bcuzz-bloom-stimulator#primaryimage\"},\"thumbnailUrl\":\"https:\\\/\\\/atami.com\\\/wp-content\\\/uploads\\\/2023\\\/02\\\/Bcuzz-Bloom-Stimulator-product-image.webp\",\"datePublished\":\"2023-02-13T10:18:10+00:00\",\"dateModified\":\"2025-11-10T11:17:27+00:00\",\"description\":\"Objevte B'cuzz Bloom Stimulator od Atami, ide\u00e1ln\u00ed pro zah\u00e1jen\u00ed f\u00e1ze kveten\u00ed a dosa\u017een\u00ed hust\u00fdch, pevn\u00fdch kv\u011bt\u016f a chutn\u00fdch plod\u016f. Snadno se kombinuje s ostatn\u00edmi hnojivy a je vhodn\u00fd pro r\u016fzn\u00e9 druhy rostlin.\",\"breadcrumb\":{\"@id\":\"https:\\\/\\\/atami.com\\\/cs\\\/produkt\\\/bcuzz-bloom-stimulator#breadcrumb\"},\"inLanguage\":\"cs\",\"potentialAction\":[{\"@type\":\"ReadAction\",\"target\":[\"https:\\\/\\\/atami.com\\\/cs\\\/produkt\\\/bcuzz-bloom-stimulator\"]}]},{\"@type\":\"ImageObject\",\"inLanguage\":\"cs\",\"@id\":\"https:\\\/\\\/atami.com\\\/cs\\\/produkt\\\/bcuzz-bloom-stimulator#primaryimage\",\"url\":\"https:\\\/\\\/atami.com\\\/wp-content\\\/uploads\\\/2023\\\/02\\\/Bcuzz-Bloom-Stimulator-product-image.webp\",\"contentUrl\":\"https:\\\/\\\/atami.com\\\/wp-content\\\/uploads\\\/2023\\\/02\\\/Bcuzz-Bloom-Stimulator-product-image.webp\",\"width\":1080,\"height\":1080,\"caption\":\"B'cuzz Bloom Stimulator zahajuje intenzivn\u00ed a prodlou\u017eenou f\u00e1zi kv\u011btu, kter\u00e1 vede k explozivn\u00ed produkci hust\u00fdch a kompaktn\u00edch kv\u011bt\u016f, kter\u00e9 nakonec vedou k plod\u016fm s v\u00fdjime\u010dnou chut\u00ed a v\u016fn\u00ed.\"},{\"@type\":\"BreadcrumbList\",\"@id\":\"https:\\\/\\\/atami.com\\\/cs\\\/produkt\\\/bcuzz-bloom-stimulator#breadcrumb\",\"itemListElement\":[{\"@type\":\"ListItem\",\"position\":1,\"name\":\"Home\",\"item\":\"https:\\\/\\\/atami.com\\\/cs\"},{\"@type\":\"ListItem\",\"position\":2,\"name\":\"Produkty\",\"item\":\"https:\\\/\\\/atami.com\\\/cs\\\/shop\"},{\"@type\":\"ListItem\",\"position\":3,\"name\":\"B'cuzz\",\"item\":\"https:\\\/\\\/atami.com\\\/cs\\\/kategorie-produktu\\\/znacky\\\/bcuzz\"},{\"@type\":\"ListItem\",\"position\":4,\"name\":\"B\u2019cuzz Bloom Stimulator\"}]},{\"@type\":\"WebSite\",\"@id\":\"https:\\\/\\\/atami.com\\\/cs#website\",\"url\":\"https:\\\/\\\/atami.com\\\/cs\",\"name\":\"Atami\",\"description\":\"NATURALLY INNOVATING!\",\"publisher\":{\"@id\":\"https:\\\/\\\/atami.com\\\/cs#organization\"},\"potentialAction\":[{\"@type\":\"SearchAction\",\"target\":{\"@type\":\"EntryPoint\",\"urlTemplate\":\"https:\\\/\\\/atami.com\\\/cs?s={search_term_string}\"},\"query-input\":{\"@type\":\"PropertyValueSpecification\",\"valueRequired\":true,\"valueName\":\"search_term_string\"}}],\"inLanguage\":\"cs\"},{\"@type\":\"Organization\",\"@id\":\"https:\\\/\\\/atami.com\\\/cs#organization\",\"name\":\"Atami\",\"url\":\"https:\\\/\\\/atami.com\\\/cs\",\"logo\":{\"@type\":\"ImageObject\",\"inLanguage\":\"cs\",\"@id\":\"https:\\\/\\\/atami.com\\\/cs#\\\/schema\\\/logo\\\/image\\\/\",\"url\":\"https:\\\/\\\/atami.com\\\/wp-content\\\/uploads\\\/2026\\\/01\\\/Atami-logo-696x696px.webp\",\"contentUrl\":\"https:\\\/\\\/atami.com\\\/wp-content\\\/uploads\\\/2026\\\/01\\\/Atami-logo-696x696px.webp\",\"width\":696,\"height\":696,\"caption\":\"Atami\"},\"image\":{\"@id\":\"https:\\\/\\\/atami.com\\\/cs#\\\/schema\\\/logo\\\/image\\\/\"},\"sameAs\":[\"https:\\\/\\\/www.facebook.com\\\/Atami.International\",\"https:\\\/\\\/x.com\\\/AtamiEU\",\"https:\\\/\\\/www.youtube.com\\\/c\\\/AtamiInternational\",\"https:\\\/\\\/www.instagram.com\\\/atami.international\\\/\"],\"description\":\"ATAMI is a premium plant nutrition & substrate brand founded in 1997 with the mission to make exceptional cultivation achievable for everyone. From legacy to license, we offer a wide variety of innovating award-winning products to let cultivators achieve maximum results in taste & yield.\",\"email\":\"info@mginnovations.es\",\"legalName\":\"Atami\",\"numberOfEmployees\":{\"@type\":\"QuantitativeValue\",\"minValue\":\"11\",\"maxValue\":\"50\"}}]}<\/script>\n<!-- \/ Yoast SEO Premium plugin. -->","yoast_head_json":{"title":"B'cuzz Bloom Stimulator \u2013 Maxim\u00e1ln\u00ed podpora pro va\u0161e kv\u011btiny","description":"Objevte B'cuzz Bloom Stimulator od Atami, ide\u00e1ln\u00ed pro zah\u00e1jen\u00ed f\u00e1ze kveten\u00ed a dosa\u017een\u00ed hust\u00fdch, pevn\u00fdch kv\u011bt\u016f a chutn\u00fdch plod\u016f. Snadno se kombinuje s ostatn\u00edmi hnojivy a je vhodn\u00fd pro r\u016fzn\u00e9 druhy rostlin.","robots":{"index":"index","follow":"follow","max-snippet":"max-snippet:-1","max-image-preview":"max-image-preview:large","max-video-preview":"max-video-preview:-1"},"canonical":"https:\/\/atami.com\/cs\/produkt\/bcuzz-bloom-stimulator","og_locale":"cs_CZ","og_type":"article","og_title":"B\u2019cuzz Bloom Stimulator","og_description":"Objevte B'cuzz Bloom Stimulator od Atami, ide\u00e1ln\u00ed pro zah\u00e1jen\u00ed f\u00e1ze kveten\u00ed a dosa\u017een\u00ed hust\u00fdch, pevn\u00fdch kv\u011bt\u016f a chutn\u00fdch plod\u016f. Snadno se kombinuje s ostatn\u00edmi hnojivy a je vhodn\u00fd pro r\u016fzn\u00e9 druhy rostlin.","og_url":"https:\/\/atami.com\/cs\/produkt\/bcuzz-bloom-stimulator","og_site_name":"Atami","article_publisher":"https:\/\/www.facebook.com\/Atami.International","article_modified_time":"2025-11-10T11:17:27+00:00","og_image":[{"width":1080,"height":1080,"url":"https:\/\/atami.com\/wp-content\/uploads\/2023\/02\/Bcuzz-Bloom-Stimulator-product-image.webp","type":"image\/webp"}],"twitter_card":"summary_large_image","twitter_site":"@AtamiEU","twitter_misc":{"Odhadovan\u00e1 doba \u010dten\u00ed":"1 minuta"},"schema":{"@context":"https:\/\/schema.org","@graph":[{"@type":"WebPage","@id":"https:\/\/atami.com\/cs\/produkt\/bcuzz-bloom-stimulator","url":"https:\/\/atami.com\/cs\/produkt\/bcuzz-bloom-stimulator","name":"B'cuzz Bloom Stimulator \u2013 Maxim\u00e1ln\u00ed podpora pro va\u0161e kv\u011btiny","isPartOf":{"@id":"https:\/\/atami.com\/cs#website"},"primaryImageOfPage":{"@id":"https:\/\/atami.com\/cs\/produkt\/bcuzz-bloom-stimulator#primaryimage"},"image":{"@id":"https:\/\/atami.com\/cs\/produkt\/bcuzz-bloom-stimulator#primaryimage"},"thumbnailUrl":"https:\/\/atami.com\/wp-content\/uploads\/2023\/02\/Bcuzz-Bloom-Stimulator-product-image.webp","datePublished":"2023-02-13T10:18:10+00:00","dateModified":"2025-11-10T11:17:27+00:00","description":"Objevte B'cuzz Bloom Stimulator od Atami, ide\u00e1ln\u00ed pro zah\u00e1jen\u00ed f\u00e1ze kveten\u00ed a dosa\u017een\u00ed hust\u00fdch, pevn\u00fdch kv\u011bt\u016f a chutn\u00fdch plod\u016f. Snadno se kombinuje s ostatn\u00edmi hnojivy a je vhodn\u00fd pro r\u016fzn\u00e9 druhy rostlin.","breadcrumb":{"@id":"https:\/\/atami.com\/cs\/produkt\/bcuzz-bloom-stimulator#breadcrumb"},"inLanguage":"cs","potentialAction":[{"@type":"ReadAction","target":["https:\/\/atami.com\/cs\/produkt\/bcuzz-bloom-stimulator"]}]},{"@type":"ImageObject","inLanguage":"cs","@id":"https:\/\/atami.com\/cs\/produkt\/bcuzz-bloom-stimulator#primaryimage","url":"https:\/\/atami.com\/wp-content\/uploads\/2023\/02\/Bcuzz-Bloom-Stimulator-product-image.webp","contentUrl":"https:\/\/atami.com\/wp-content\/uploads\/2023\/02\/Bcuzz-Bloom-Stimulator-product-image.webp","width":1080,"height":1080,"caption":"B'cuzz Bloom Stimulator zahajuje intenzivn\u00ed a prodlou\u017eenou f\u00e1zi kv\u011btu, kter\u00e1 vede k explozivn\u00ed produkci hust\u00fdch a kompaktn\u00edch kv\u011bt\u016f, kter\u00e9 nakonec vedou k plod\u016fm s v\u00fdjime\u010dnou chut\u00ed a v\u016fn\u00ed."},{"@type":"BreadcrumbList","@id":"https:\/\/atami.com\/cs\/produkt\/bcuzz-bloom-stimulator#breadcrumb","itemListElement":[{"@type":"ListItem","position":1,"name":"Home","item":"https:\/\/atami.com\/cs"},{"@type":"ListItem","position":2,"name":"Produkty","item":"https:\/\/atami.com\/cs\/shop"},{"@type":"ListItem","position":3,"name":"B'cuzz","item":"https:\/\/atami.com\/cs\/kategorie-produktu\/znacky\/bcuzz"},{"@type":"ListItem","position":4,"name":"B\u2019cuzz Bloom Stimulator"}]},{"@type":"WebSite","@id":"https:\/\/atami.com\/cs#website","url":"https:\/\/atami.com\/cs","name":"Atami","description":"NATURALLY INNOVATING!","publisher":{"@id":"https:\/\/atami.com\/cs#organization"},"potentialAction":[{"@type":"SearchAction","target":{"@type":"EntryPoint","urlTemplate":"https:\/\/atami.com\/cs?s={search_term_string}"},"query-input":{"@type":"PropertyValueSpecification","valueRequired":true,"valueName":"search_term_string"}}],"inLanguage":"cs"},{"@type":"Organization","@id":"https:\/\/atami.com\/cs#organization","name":"Atami","url":"https:\/\/atami.com\/cs","logo":{"@type":"ImageObject","inLanguage":"cs","@id":"https:\/\/atami.com\/cs#\/schema\/logo\/image\/","url":"https:\/\/atami.com\/wp-content\/uploads\/2026\/01\/Atami-logo-696x696px.webp","contentUrl":"https:\/\/atami.com\/wp-content\/uploads\/2026\/01\/Atami-logo-696x696px.webp","width":696,"height":696,"caption":"Atami"},"image":{"@id":"https:\/\/atami.com\/cs#\/schema\/logo\/image\/"},"sameAs":["https:\/\/www.facebook.com\/Atami.International","https:\/\/x.com\/AtamiEU","https:\/\/www.youtube.com\/c\/AtamiInternational","https:\/\/www.instagram.com\/atami.international\/"],"description":"ATAMI is a premium plant nutrition & substrate brand founded in 1997 with the mission to make exceptional cultivation achievable for everyone. From legacy to license, we offer a wide variety of innovating award-winning products to let cultivators achieve maximum results in taste & yield.","email":"info@mginnovations.es","legalName":"Atami","numberOfEmployees":{"@type":"QuantitativeValue","minValue":"11","maxValue":"50"}}]}},"_links":{"self":[{"href":"https:\/\/atami.com\/cs\/wp-json\/wp\/v2\/product\/49766","targetHints":{"allow":["GET"]}}],"collection":[{"href":"https:\/\/atami.com\/cs\/wp-json\/wp\/v2\/product"}],"about":[{"href":"https:\/\/atami.com\/cs\/wp-json\/wp\/v2\/types\/product"}],"replies":[{"embeddable":true,"href":"https:\/\/atami.com\/cs\/wp-json\/wp\/v2\/comments?post=49766"}],"wp:featuredmedia":[{"embeddable":true,"href":"https:\/\/atami.com\/cs\/wp-json\/wp\/v2\/media\/201997"}],"wp:attachment":[{"href":"https:\/\/atami.com\/cs\/wp-json\/wp\/v2\/media?parent=49766"}],"wp:term":[{"taxonomy":"product_brand","embeddable":true,"href":"https:\/\/atami.com\/cs\/wp-json\/wp\/v2\/product_brand?post=49766"},{"taxonomy":"product_cat","embeddable":true,"href":"https:\/\/atami.com\/cs\/wp-json\/wp\/v2\/product_cat?post=49766"},{"taxonomy":"product_tag","embeddable":true,"href":"https:\/\/atami.com\/cs\/wp-json\/wp\/v2\/product_tag?post=49766"}],"curies":[{"name":"wp","href":"https:\/\/api.w.org\/{rel}","templated":true}]}}