{"id":49764,"date":"2023-02-13T08:47:45","date_gmt":"2023-02-13T08:47:45","guid":{"rendered":"https:\/\/atami.com\/product\/bcuzz-silic-boost\/"},"modified":"2025-11-10T14:50:31","modified_gmt":"2025-11-10T12:50:31","slug":"bcuzz-silic-boost","status":"publish","type":"product","link":"https:\/\/atami.com\/cs\/produkt\/bcuzz-silic-boost","title":{"rendered":"B\u2019CUZZ Silic Boost"},"content":{"rendered":"<p><strong>K\u0159em\u00edk (Si) je jeden z nejhojn\u011bji se vyskytuj\u00edc\u00edch prvk\u016f v p\u016fd\u011b. V\u011bt\u0161ina ho ale nen\u00ed rostlin\u00e1m dostupn\u00e1. To je \u0161koda, proto\u017ee m\u00e1 posiluj\u00edc\u00ed \u00fa\u010dinky a d\u00edky n\u011bmu je rostlina m\u00e9n\u011b n\u00e1chyln\u00e1 k abiotick\u00e9mu stresu, nap\u0159\u00edklad z horka nebo sucha.<\/strong><\/p>\n<p>\nB\u2019cuzz Silic Boost je stabiln\u00ed k\u0159em\u00edkov\u00fd produkt ve form\u011b dostupn\u00e9 rostlin\u00e1m. Proto je vynikaj\u00edc\u00edm dopl\u0148kem pro v\u00e1\u0161 pravideln\u00fd re\u017eim hnojen\u00ed.<\/p>\n<p>\n<strong>ZEJM\u00c9NA VHODN\u00dd PRO:<\/strong><br \/>\nR\u016fzn\u00e9 druhy ovoce, zeleniny a bylin, jako okurky, rajsk\u00e1 jabl\u00ed\u010dka, jahody, v\u00fdhonky slune\u010dnice, bazalku atd. Po\u017eadovanou d\u00e1vku je mo\u017en\u00e9 nam\u011b\u0159it podle pot\u0159eb konkr\u00e9tn\u00ed rostliny nebo plodiny.<\/p>\n<p>\n<strong>POU\u017dIT\u00cd<\/strong><br \/>\nP\u0159id\u00e1vejte ka\u017ed\u00fd den do \u017eivn\u00e9ho roztoku, od r\u016fstov\u00e9 f\u00e1ze a\u017e do f\u00e1ze kv\u011btu. U zavla\u017eovac\u00edch syst\u00e9m\u016f lze tak\u00e9 pou\u017e\u00edt jako sprej na listy.<\/p>\n<p>\n<strong>D\u00c1VKOV\u00c1N\u00cd<\/strong><br \/>\n0,1 ml na litr vody<\/p>\n<p>\n<strong>DOSTUPN\u00dd OBJEM 50 ML, 100 ML, 250 ML, 500 ML, 1 L A 5 L.<\/strong><\/p>\n","protected":false},"excerpt":{"rendered":"<p>Stabiln\u00ed p\u0159\u00edsada k\u0159em\u00edku<\/p>\n<p>Zvy\u0161uje s\u00edlu rostlin<\/p>\n","protected":false},"featured_media":202072,"comment_status":"closed","ping_status":"closed","template":"","meta":{"_acf_changed":false,"iawp_total_views":60},"product_brand":[],"product_cat":[386,387],"product_tag":[],"class_list":{"0":"post-49764","1":"product","2":"type-product","3":"status-publish","4":"has-post-thumbnail","6":"product_cat-bcuzz","7":"product_cat-boostery","9":"first","10":"instock","11":"shipping-taxable","12":"product-type-simple"},"acf":{"short_description":"<p><strong>K\u0159em\u00edk (Si) je jeden z nejhojn\u011bji se vyskytuj\u00edc\u00edch prvk\u016f v p\u016fd\u011b. V\u011bt\u0161ina ho ale nen\u00ed rostlin\u00e1m dostupn\u00e1. To je \u0161koda, proto\u017ee m\u00e1 posiluj\u00edc\u00ed \u00fa\u010dinky a d\u00edky n\u011bmu je rostlina m\u00e9n\u011b n\u00e1chyln\u00e1 k abiotick\u00e9mu stresu, nap\u0159\u00edklad z horka nebo sucha.<\/strong><\/p><p><br \/>B\u2019cuzz Silic Boost je stabiln\u00ed k\u0159em\u00edkov\u00fd produkt ve form\u011b dostupn\u00e9 rostlin\u00e1m. Proto je vynikaj\u00edc\u00edm dopl\u0148kem pro v\u00e1\u0161 pravideln\u00fd re\u017eim hnojen\u00ed.<\/p>","suitable_for":"<p>R\u016fzn\u00e9 druhy ovoce, zeleniny a bylin, jako okurky, rajsk\u00e1 jabl\u00ed\u010dka, jahody, v\u00fdhonky slune\u010dnice, bazalku atd. Po\u017eadovanou d\u00e1vku je mo\u017en\u00e9 nam\u011b\u0159it podle pot\u0159eb konkr\u00e9tn\u00ed rostliny nebo plodiny.<\/p>","application":"<p>P\u0159id\u00e1vejte ka\u017ed\u00fd den do \u017eivn\u00e9ho roztoku, od r\u016fstov\u00e9 f\u00e1ze a\u017e do f\u00e1ze kv\u011btu. U zavla\u017eovac\u00edch syst\u00e9m\u016f lze tak\u00e9 pou\u017e\u00edt jako sprej na listy.<\/p>","dosage":"<p>0,1 ml na litr vody.<\/p>","npk_ratio":"","available_in":"<p>50 ML, 100 ML, 250 ML, 500 ML, 1 L A 5 L<\/p>","icon_1":191203,"icon_1_text":"K\u0158EM\u00cdK POSILUJE VN\u011aJ\u0160\u00cd VRSTVU LIST\u016e A STONKU A ZVY\u0160UJE ODOLNOST ROSTLIN V\u016e\u010cI NEMOCEM A STRESU.","icon_2":191218,"icon_2_text":"K\u0158EM\u00cdK VYTV\u00c1\u0158\u00cd SILN\u011aJ\u0160\u00cd A TLUST\u0160\u00cd STONEK.","icon_3":191248,"icon_3_text":"K\u0158EM\u00cdK REGULUJE A ZLEP\u0160UJE VST\u0158EB\u00c1V\u00c1N\u00cd V\u00dd\u017dIVY.","icon_4":"","icon_4_text":"","video":"https:\/\/youtu.be\/cPlkJs0kEbE","second_image":"","product_image_page":"","user_manual":"","new_icon_1":"","new_icon_2":"","new_icon_3":"","new_icon_4":"","grow_guides":"","category":"Posilova\u010d"},"yoast_head":"<!-- This site is optimized with the Yoast SEO Premium plugin v27.5 (Yoast SEO v27.5) - https:\/\/yoast.com\/product\/yoast-seo-premium-wordpress\/ -->\n<title>B&#039;cuzz Silic Boost: Posilte r\u016fst rostlin s k\u0159em\u00edkem<\/title>\n<meta name=\"description\" content=\"Objevte, jak B&#039;cuzz Silic Boost zlep\u0161uje zdrav\u00ed rostlin d\u00edky k\u0159em\u00edku. Tento produkt je ide\u00e1ln\u00ed pro zaji\u0161t\u011bn\u00ed siln\u00e9 struktury a ochrany va\u0161ich rostlin b\u011bhem r\u016fstu. Zvy\u0161te v\u00fdnosy a kvalitu s B&#039;cuzz Silic Boost.\" \/>\n<meta name=\"robots\" content=\"index, follow, max-snippet:-1, max-image-preview:large, max-video-preview:-1\" \/>\n<link rel=\"canonical\" href=\"https:\/\/atami.com\/cs\/produkt\/bcuzz-silic-boost\" \/>\n<meta property=\"og:locale\" content=\"cs_CZ\" \/>\n<meta property=\"og:type\" content=\"article\" \/>\n<meta property=\"og:title\" content=\"B\u2019CUZZ Silic Boost\" \/>\n<meta property=\"og:description\" content=\"Objevte, jak B&#039;cuzz Silic Boost zlep\u0161uje zdrav\u00ed rostlin d\u00edky k\u0159em\u00edku. Tento produkt je ide\u00e1ln\u00ed pro zaji\u0161t\u011bn\u00ed siln\u00e9 struktury a ochrany va\u0161ich rostlin b\u011bhem r\u016fstu. Zvy\u0161te v\u00fdnosy a kvalitu s B&#039;cuzz Silic Boost.\" \/>\n<meta property=\"og:url\" content=\"https:\/\/atami.com\/cs\/produkt\/bcuzz-silic-boost\" \/>\n<meta property=\"og:site_name\" content=\"Atami\" \/>\n<meta property=\"article:publisher\" content=\"https:\/\/www.facebook.com\/Atami.International\" \/>\n<meta property=\"article:modified_time\" content=\"2025-11-10T12:50:31+00:00\" \/>\n<meta property=\"og:image\" content=\"https:\/\/atami.com\/wp-content\/uploads\/2023\/02\/Bcuzz-Silic-Boost-product-image.webp\" \/>\n\t<meta property=\"og:image:width\" content=\"1080\" \/>\n\t<meta property=\"og:image:height\" content=\"1080\" \/>\n\t<meta property=\"og:image:type\" content=\"image\/webp\" \/>\n<meta name=\"twitter:card\" content=\"summary_large_image\" \/>\n<meta name=\"twitter:site\" content=\"@AtamiEU\" \/>\n<meta name=\"twitter:label1\" content=\"Odhadovan\u00e1 doba \u010dten\u00ed\" \/>\n\t<meta name=\"twitter:data1\" content=\"1 minuta\" \/>\n<script type=\"application\/ld+json\" class=\"yoast-schema-graph\">{\"@context\":\"https:\\\/\\\/schema.org\",\"@graph\":[{\"@type\":\"WebPage\",\"@id\":\"https:\\\/\\\/atami.com\\\/cs\\\/produkt\\\/bcuzz-silic-boost\",\"url\":\"https:\\\/\\\/atami.com\\\/cs\\\/produkt\\\/bcuzz-silic-boost\",\"name\":\"B'cuzz Silic Boost: Posilte r\u016fst rostlin s k\u0159em\u00edkem\",\"isPartOf\":{\"@id\":\"https:\\\/\\\/atami.com\\\/cs#website\"},\"primaryImageOfPage\":{\"@id\":\"https:\\\/\\\/atami.com\\\/cs\\\/produkt\\\/bcuzz-silic-boost#primaryimage\"},\"image\":{\"@id\":\"https:\\\/\\\/atami.com\\\/cs\\\/produkt\\\/bcuzz-silic-boost#primaryimage\"},\"thumbnailUrl\":\"https:\\\/\\\/atami.com\\\/wp-content\\\/uploads\\\/2023\\\/02\\\/Bcuzz-Silic-Boost-product-image.webp\",\"datePublished\":\"2023-02-13T08:47:45+00:00\",\"dateModified\":\"2025-11-10T12:50:31+00:00\",\"description\":\"Objevte, jak B'cuzz Silic Boost zlep\u0161uje zdrav\u00ed rostlin d\u00edky k\u0159em\u00edku. Tento produkt je ide\u00e1ln\u00ed pro zaji\u0161t\u011bn\u00ed siln\u00e9 struktury a ochrany va\u0161ich rostlin b\u011bhem r\u016fstu. Zvy\u0161te v\u00fdnosy a kvalitu s B'cuzz Silic Boost.\",\"breadcrumb\":{\"@id\":\"https:\\\/\\\/atami.com\\\/cs\\\/produkt\\\/bcuzz-silic-boost#breadcrumb\"},\"inLanguage\":\"cs\",\"potentialAction\":[{\"@type\":\"ReadAction\",\"target\":[\"https:\\\/\\\/atami.com\\\/cs\\\/produkt\\\/bcuzz-silic-boost\"]}]},{\"@type\":\"ImageObject\",\"inLanguage\":\"cs\",\"@id\":\"https:\\\/\\\/atami.com\\\/cs\\\/produkt\\\/bcuzz-silic-boost#primaryimage\",\"url\":\"https:\\\/\\\/atami.com\\\/wp-content\\\/uploads\\\/2023\\\/02\\\/Bcuzz-Silic-Boost-product-image.webp\",\"contentUrl\":\"https:\\\/\\\/atami.com\\\/wp-content\\\/uploads\\\/2023\\\/02\\\/Bcuzz-Silic-Boost-product-image.webp\",\"width\":1080,\"height\":1080,\"caption\":\"B\u2019cuzz Silic Boost poskytuje rostlin\u00e1m dostupn\u00fd k\u0159em\u00edk, posiluje strukturu rostlin a zlep\u0161uje odolnost v\u016f\u010di teplu a suchu.\"},{\"@type\":\"BreadcrumbList\",\"@id\":\"https:\\\/\\\/atami.com\\\/cs\\\/produkt\\\/bcuzz-silic-boost#breadcrumb\",\"itemListElement\":[{\"@type\":\"ListItem\",\"position\":1,\"name\":\"Home\",\"item\":\"https:\\\/\\\/atami.com\\\/cs\"},{\"@type\":\"ListItem\",\"position\":2,\"name\":\"Produkty\",\"item\":\"https:\\\/\\\/atami.com\\\/cs\\\/shop\"},{\"@type\":\"ListItem\",\"position\":3,\"name\":\"B'cuzz\",\"item\":\"https:\\\/\\\/atami.com\\\/cs\\\/kategorie-produktu\\\/znacky\\\/bcuzz\"},{\"@type\":\"ListItem\",\"position\":4,\"name\":\"B\u2019CUZZ Silic Boost\"}]},{\"@type\":\"WebSite\",\"@id\":\"https:\\\/\\\/atami.com\\\/cs#website\",\"url\":\"https:\\\/\\\/atami.com\\\/cs\",\"name\":\"Atami\",\"description\":\"NATURALLY INNOVATING!\",\"publisher\":{\"@id\":\"https:\\\/\\\/atami.com\\\/cs#organization\"},\"potentialAction\":[{\"@type\":\"SearchAction\",\"target\":{\"@type\":\"EntryPoint\",\"urlTemplate\":\"https:\\\/\\\/atami.com\\\/cs?s={search_term_string}\"},\"query-input\":{\"@type\":\"PropertyValueSpecification\",\"valueRequired\":true,\"valueName\":\"search_term_string\"}}],\"inLanguage\":\"cs\"},{\"@type\":\"Organization\",\"@id\":\"https:\\\/\\\/atami.com\\\/cs#organization\",\"name\":\"Atami\",\"url\":\"https:\\\/\\\/atami.com\\\/cs\",\"logo\":{\"@type\":\"ImageObject\",\"inLanguage\":\"cs\",\"@id\":\"https:\\\/\\\/atami.com\\\/cs#\\\/schema\\\/logo\\\/image\\\/\",\"url\":\"https:\\\/\\\/atami.com\\\/wp-content\\\/uploads\\\/2026\\\/01\\\/Atami-logo-696x696px.webp\",\"contentUrl\":\"https:\\\/\\\/atami.com\\\/wp-content\\\/uploads\\\/2026\\\/01\\\/Atami-logo-696x696px.webp\",\"width\":696,\"height\":696,\"caption\":\"Atami\"},\"image\":{\"@id\":\"https:\\\/\\\/atami.com\\\/cs#\\\/schema\\\/logo\\\/image\\\/\"},\"sameAs\":[\"https:\\\/\\\/www.facebook.com\\\/Atami.International\",\"https:\\\/\\\/x.com\\\/AtamiEU\",\"https:\\\/\\\/www.youtube.com\\\/c\\\/AtamiInternational\",\"https:\\\/\\\/www.instagram.com\\\/atami.international\\\/\"],\"description\":\"ATAMI is a premium plant nutrition & substrate brand founded in 1997 with the mission to make exceptional cultivation achievable for everyone. From legacy to license, we offer a wide variety of innovating award-winning products to let cultivators achieve maximum results in taste & yield.\",\"email\":\"info@mginnovations.es\",\"legalName\":\"Atami\",\"numberOfEmployees\":{\"@type\":\"QuantitativeValue\",\"minValue\":\"11\",\"maxValue\":\"50\"}}]}<\/script>\n<!-- \/ Yoast SEO Premium plugin. -->","yoast_head_json":{"title":"B'cuzz Silic Boost: Posilte r\u016fst rostlin s k\u0159em\u00edkem","description":"Objevte, jak B'cuzz Silic Boost zlep\u0161uje zdrav\u00ed rostlin d\u00edky k\u0159em\u00edku. Tento produkt je ide\u00e1ln\u00ed pro zaji\u0161t\u011bn\u00ed siln\u00e9 struktury a ochrany va\u0161ich rostlin b\u011bhem r\u016fstu. Zvy\u0161te v\u00fdnosy a kvalitu s B'cuzz Silic Boost.","robots":{"index":"index","follow":"follow","max-snippet":"max-snippet:-1","max-image-preview":"max-image-preview:large","max-video-preview":"max-video-preview:-1"},"canonical":"https:\/\/atami.com\/cs\/produkt\/bcuzz-silic-boost","og_locale":"cs_CZ","og_type":"article","og_title":"B\u2019CUZZ Silic Boost","og_description":"Objevte, jak B'cuzz Silic Boost zlep\u0161uje zdrav\u00ed rostlin d\u00edky k\u0159em\u00edku. Tento produkt je ide\u00e1ln\u00ed pro zaji\u0161t\u011bn\u00ed siln\u00e9 struktury a ochrany va\u0161ich rostlin b\u011bhem r\u016fstu. Zvy\u0161te v\u00fdnosy a kvalitu s B'cuzz Silic Boost.","og_url":"https:\/\/atami.com\/cs\/produkt\/bcuzz-silic-boost","og_site_name":"Atami","article_publisher":"https:\/\/www.facebook.com\/Atami.International","article_modified_time":"2025-11-10T12:50:31+00:00","og_image":[{"width":1080,"height":1080,"url":"https:\/\/atami.com\/wp-content\/uploads\/2023\/02\/Bcuzz-Silic-Boost-product-image.webp","type":"image\/webp"}],"twitter_card":"summary_large_image","twitter_site":"@AtamiEU","twitter_misc":{"Odhadovan\u00e1 doba \u010dten\u00ed":"1 minuta"},"schema":{"@context":"https:\/\/schema.org","@graph":[{"@type":"WebPage","@id":"https:\/\/atami.com\/cs\/produkt\/bcuzz-silic-boost","url":"https:\/\/atami.com\/cs\/produkt\/bcuzz-silic-boost","name":"B'cuzz Silic Boost: Posilte r\u016fst rostlin s k\u0159em\u00edkem","isPartOf":{"@id":"https:\/\/atami.com\/cs#website"},"primaryImageOfPage":{"@id":"https:\/\/atami.com\/cs\/produkt\/bcuzz-silic-boost#primaryimage"},"image":{"@id":"https:\/\/atami.com\/cs\/produkt\/bcuzz-silic-boost#primaryimage"},"thumbnailUrl":"https:\/\/atami.com\/wp-content\/uploads\/2023\/02\/Bcuzz-Silic-Boost-product-image.webp","datePublished":"2023-02-13T08:47:45+00:00","dateModified":"2025-11-10T12:50:31+00:00","description":"Objevte, jak B'cuzz Silic Boost zlep\u0161uje zdrav\u00ed rostlin d\u00edky k\u0159em\u00edku. Tento produkt je ide\u00e1ln\u00ed pro zaji\u0161t\u011bn\u00ed siln\u00e9 struktury a ochrany va\u0161ich rostlin b\u011bhem r\u016fstu. Zvy\u0161te v\u00fdnosy a kvalitu s B'cuzz Silic Boost.","breadcrumb":{"@id":"https:\/\/atami.com\/cs\/produkt\/bcuzz-silic-boost#breadcrumb"},"inLanguage":"cs","potentialAction":[{"@type":"ReadAction","target":["https:\/\/atami.com\/cs\/produkt\/bcuzz-silic-boost"]}]},{"@type":"ImageObject","inLanguage":"cs","@id":"https:\/\/atami.com\/cs\/produkt\/bcuzz-silic-boost#primaryimage","url":"https:\/\/atami.com\/wp-content\/uploads\/2023\/02\/Bcuzz-Silic-Boost-product-image.webp","contentUrl":"https:\/\/atami.com\/wp-content\/uploads\/2023\/02\/Bcuzz-Silic-Boost-product-image.webp","width":1080,"height":1080,"caption":"B\u2019cuzz Silic Boost poskytuje rostlin\u00e1m dostupn\u00fd k\u0159em\u00edk, posiluje strukturu rostlin a zlep\u0161uje odolnost v\u016f\u010di teplu a suchu."},{"@type":"BreadcrumbList","@id":"https:\/\/atami.com\/cs\/produkt\/bcuzz-silic-boost#breadcrumb","itemListElement":[{"@type":"ListItem","position":1,"name":"Home","item":"https:\/\/atami.com\/cs"},{"@type":"ListItem","position":2,"name":"Produkty","item":"https:\/\/atami.com\/cs\/shop"},{"@type":"ListItem","position":3,"name":"B'cuzz","item":"https:\/\/atami.com\/cs\/kategorie-produktu\/znacky\/bcuzz"},{"@type":"ListItem","position":4,"name":"B\u2019CUZZ Silic Boost"}]},{"@type":"WebSite","@id":"https:\/\/atami.com\/cs#website","url":"https:\/\/atami.com\/cs","name":"Atami","description":"NATURALLY INNOVATING!","publisher":{"@id":"https:\/\/atami.com\/cs#organization"},"potentialAction":[{"@type":"SearchAction","target":{"@type":"EntryPoint","urlTemplate":"https:\/\/atami.com\/cs?s={search_term_string}"},"query-input":{"@type":"PropertyValueSpecification","valueRequired":true,"valueName":"search_term_string"}}],"inLanguage":"cs"},{"@type":"Organization","@id":"https:\/\/atami.com\/cs#organization","name":"Atami","url":"https:\/\/atami.com\/cs","logo":{"@type":"ImageObject","inLanguage":"cs","@id":"https:\/\/atami.com\/cs#\/schema\/logo\/image\/","url":"https:\/\/atami.com\/wp-content\/uploads\/2026\/01\/Atami-logo-696x696px.webp","contentUrl":"https:\/\/atami.com\/wp-content\/uploads\/2026\/01\/Atami-logo-696x696px.webp","width":696,"height":696,"caption":"Atami"},"image":{"@id":"https:\/\/atami.com\/cs#\/schema\/logo\/image\/"},"sameAs":["https:\/\/www.facebook.com\/Atami.International","https:\/\/x.com\/AtamiEU","https:\/\/www.youtube.com\/c\/AtamiInternational","https:\/\/www.instagram.com\/atami.international\/"],"description":"ATAMI is a premium plant nutrition & substrate brand founded in 1997 with the mission to make exceptional cultivation achievable for everyone. From legacy to license, we offer a wide variety of innovating award-winning products to let cultivators achieve maximum results in taste & yield.","email":"info@mginnovations.es","legalName":"Atami","numberOfEmployees":{"@type":"QuantitativeValue","minValue":"11","maxValue":"50"}}]}},"_links":{"self":[{"href":"https:\/\/atami.com\/cs\/wp-json\/wp\/v2\/product\/49764","targetHints":{"allow":["GET"]}}],"collection":[{"href":"https:\/\/atami.com\/cs\/wp-json\/wp\/v2\/product"}],"about":[{"href":"https:\/\/atami.com\/cs\/wp-json\/wp\/v2\/types\/product"}],"replies":[{"embeddable":true,"href":"https:\/\/atami.com\/cs\/wp-json\/wp\/v2\/comments?post=49764"}],"wp:featuredmedia":[{"embeddable":true,"href":"https:\/\/atami.com\/cs\/wp-json\/wp\/v2\/media\/202072"}],"wp:attachment":[{"href":"https:\/\/atami.com\/cs\/wp-json\/wp\/v2\/media?parent=49764"}],"wp:term":[{"taxonomy":"product_brand","embeddable":true,"href":"https:\/\/atami.com\/cs\/wp-json\/wp\/v2\/product_brand?post=49764"},{"taxonomy":"product_cat","embeddable":true,"href":"https:\/\/atami.com\/cs\/wp-json\/wp\/v2\/product_cat?post=49764"},{"taxonomy":"product_tag","embeddable":true,"href":"https:\/\/atami.com\/cs\/wp-json\/wp\/v2\/product_tag?post=49764"}],"curies":[{"name":"wp","href":"https:\/\/api.w.org\/{rel}","templated":true}]}}