{"id":49763,"date":"2023-02-13T08:30:49","date_gmt":"2023-02-13T08:30:49","guid":{"rendered":"https:\/\/atami.com\/product\/bcuzz-boosters-uni\/"},"modified":"2025-11-10T14:50:49","modified_gmt":"2025-11-10T12:50:49","slug":"bcuzz-boosters-uni","status":"publish","type":"product","link":"https:\/\/atami.com\/cs\/produkt\/bcuzz-boosters-uni","title":{"rendered":"B\u2019CUZZ Boosters Uni"},"content":{"rendered":"<p><strong>Na v\u00fdvoji B\u2019cuzz Boosters jsme za\u010dali pracovat p\u0159ed v\u00edce ne\u017e dvaceti lety. Tyto boostery se skl\u00e1daj\u00ed ze dvou d\u016fle\u017eit\u00fdch slo\u017eek: p\u0159\u00edrodn\u00edho rostlinn\u00e9ho extraktu a kombinace dus\u00edku, ho\u0159\u010d\u00edku a \u017eeleza.<\/strong><\/p>\n<p>\nP\u0159\u00edrodn\u00ed rostlinn\u00fd v\u00fdta\u017eek podporuje fyziologick\u00e9 procesy v rostlin\u00e1ch. Zm\u011bny v prost\u0159ed\u00ed znamenaj\u00ed pro v\u011bt\u0161inu rostlin \u0161ok, kter\u00fd m\u00e1 vliv na jejich r\u016fst. B\u2019cuzz Booster Uni je univerz\u00e1ln\u00ed booster, kter\u00fd pom\u00e1h\u00e1 k co nejhlad\u0161\u00edmu p\u0159echodu rostlin do f\u00e1ze r\u016fstu. Nepodce\u0148ujte d\u016fle\u017eitost r\u016fstov\u00e9 f\u00e1ze, proto\u017ee v\u00fdrazn\u011b ovliv\u0148uje v\u00fdslednou \u00farodu.<\/p>\n<p>\nHo\u0159\u010d\u00edk a \u017eelezo jsou d\u016fle\u017eit\u00e9 pro tvorbu v\u011bt\u0161\u00edho mno\u017estv\u00ed chlorofylu. Kl\u00ed\u010dem ke zdrav\u00e9, siln\u00e9 rostlin\u011b je molekula chlorofylu absorbuj\u00edc\u00ed sv\u011btlo a p\u0159em\u011b\u0148uj\u00edc\u00ed energii na cukr.<br \/>\nEnergie z tohoto cukru je pot\u0159ebn\u00e1 k diferenciaci bun\u011bk, bun\u011b\u010dn\u00e9mu d\u011blen\u00ed a prodlu\u017eov\u00e1n\u00ed.<\/p>\n<p>\n<strong>ZEJM\u00c9NA VHODN\u00dd PRO:<\/strong><br \/>\nR\u016fzn\u00e9 druhy ovoce, zeleniny a bylin, jako sal\u00e1t, \u0161pen\u00e1t, zel\u00ed, okurky, koriandr, pa\u017eitku atd. Po\u017eadovanou d\u00e1vku je mo\u017en\u00e9 nam\u011b\u0159it podle pot\u0159eb konkr\u00e9tn\u00ed rostliny nebo plodiny.<\/p>\n<p>\n<strong>POU\u017dIT\u00cd<\/strong><br \/>\nZa\u010dn\u011bte ve f\u00e1zi r\u016fstu a p\u0159id\u00e1vejte ka\u017ed\u00fd den p\u0159i zal\u00e9v\u00e1n\u00ed. V kombinaci s p\u0159\u00edpravkem <span style=\"color: #00ccff;\"><a style=\"color: #00ccff;\" href=\"https:\/\/atami.com\/cs\/produkt\/bcuzz-bloom-stimulator\/\">B\u2019cuzz Bloom Stimulator<\/a><\/span> p\u0159in\u00e1\u0161\u00ed optim\u00e1ln\u00ed \u00fa\u010dinky. B\u2019cuzz Booster Uni m\u016f\u017eete snadno kombinovat s jakoukoli jinou z\u00e1kladn\u00ed v\u00fd\u017eivou nebo aditivem.<\/p>\n<p>\n<strong>D\u00c1VKOV\u00c1N\u00cd<\/strong><br \/>\n0,1\u20130,5 ml na litr vody<\/p>\n<p>\n<strong>DOSTUPN\u00dd OBJEM 100 L, 1 L A 5 L<\/strong><\/p>\n","protected":false},"excerpt":{"rendered":"<p>Odstra\u0148ova\u010d stresu<\/p>\n<p>Ide\u00e1ln\u00ed pro p\u0159esazov\u00e1n\u00ed rostlin<\/p>\n","protected":false},"featured_media":202087,"comment_status":"closed","ping_status":"closed","template":"","meta":{"_acf_changed":false,"iawp_total_views":54},"product_brand":[],"product_cat":[386,387],"product_tag":[],"class_list":{"0":"post-49763","1":"product","2":"type-product","3":"status-publish","4":"has-post-thumbnail","6":"product_cat-bcuzz","7":"product_cat-boostery","9":"first","10":"instock","11":"shipping-taxable","12":"product-type-simple"},"acf":{"short_description":"<p><strong>Na v\u00fdvoji B\u2019cuzz Boosters jsme za\u010dali pracovat p\u0159ed v\u00edce ne\u017e dvaceti lety. Tyto boostery se skl\u00e1daj\u00ed ze dvou d\u016fle\u017eit\u00fdch slo\u017eek: p\u0159\u00edrodn\u00edho rostlinn\u00e9ho extraktu a kombinace dus\u00edku, ho\u0159\u010d\u00edku a \u017eeleza.<\/strong><\/p><p><br \/>P\u0159\u00edrodn\u00ed rostlinn\u00fd v\u00fdta\u017eek podporuje fyziologick\u00e9 procesy v rostlin\u00e1ch. Zm\u011bny v prost\u0159ed\u00ed znamenaj\u00ed pro v\u011bt\u0161inu rostlin \u0161ok, kter\u00fd m\u00e1 vliv na jejich r\u016fst. B\u2019cuzz Booster Uni je univerz\u00e1ln\u00ed booster, kter\u00fd pom\u00e1h\u00e1 k co nejhlad\u0161\u00edmu p\u0159echodu rostlin do f\u00e1ze r\u016fstu. Nepodce\u0148ujte d\u016fle\u017eitost r\u016fstov\u00e9 f\u00e1ze, proto\u017ee v\u00fdrazn\u011b ovliv\u0148uje v\u00fdslednou \u00farodu.<\/p><p><br \/>Ho\u0159\u010d\u00edk a \u017eelezo jsou d\u016fle\u017eit\u00e9 pro tvorbu v\u011bt\u0161\u00edho mno\u017estv\u00ed chlorofylu. Kl\u00ed\u010dem ke zdrav\u00e9, siln\u00e9 rostlin\u011b je molekula chlorofylu absorbuj\u00edc\u00ed sv\u011btlo a p\u0159em\u011b\u0148uj\u00edc\u00ed energii na cukr.<br \/>Energie z tohoto cukru je pot\u0159ebn\u00e1 k diferenciaci bun\u011bk, bun\u011b\u010dn\u00e9mu d\u011blen\u00ed a prodlu\u017eov\u00e1n\u00ed.<\/p>","suitable_for":"R\u016fzn\u00e9 druhy ovoce, zeleniny a bylin, jako sal\u00e1t, \u0161pen\u00e1t, zel\u00ed, okurky, koriandr, pa\u017eitku atd. Po\u017eadovanou d\u00e1vku je mo\u017en\u00e9 nam\u011b\u0159it podle pot\u0159eb konkr\u00e9tn\u00ed rostliny nebo plodiny.","application":"<p>Za\u010dn\u011bte ve f\u00e1zi r\u016fstu a p\u0159id\u00e1vejte ka\u017ed\u00fd den p\u0159i zal\u00e9v\u00e1n\u00ed. V kombinaci s p\u0159\u00edpravkem <strong><a href=\"https:\/\/atami.com\/cs\/produkt\/bcuzz-bloom-stimulator\">B\u2019cuzz Bloom Stimulator<\/a><\/strong> p\u0159in\u00e1\u0161\u00ed optim\u00e1ln\u00ed \u00fa\u010dinky. B\u2019cuzz Booster Uni m\u016f\u017eete snadno kombinovat s jakoukoli jinou z\u00e1kladn\u00ed v\u00fd\u017eivou nebo aditivem.<\/p>","dosage":"0,1\u20130,5 ml na litr vody.","npk_ratio":"","available_in":"100 L, 1 L A 5 L","icon_1":191727,"icon_1_text":"PODPORUJE ROSTLINY ZASA\u017dEN\u00c9 ZM\u011aNAMI V PROST\u0158ED\u00cd","icon_2":191742,"icon_2_text":"OBSAHUJE PRVKY KL\u00cd\u010cOV\u00c9 PRO CHLOROFYL","icon_3":191757,"icon_3_text":"SNADNO SE KOMBINUJE S JIN\u00ddMI \u017dIVINAMI ZE V\u0160ECH PRODUKTOV\u00ddCH \u0158AD ATAMI. POD\u00cdVEJTE SE NA P\u0158\u00cdRU\u010cKY PRO P\u011aSTOV\u00c1N\u00cd","icon_4":"","icon_4_text":"","video":"https:\/\/youtu.be\/oum0HrImeCU","second_image":32272,"product_image_page":24151,"user_manual":"","new_icon_1":"","new_icon_2":"","new_icon_3":"","new_icon_4":"","grow_guides":null,"category":"Posilova\u010d"},"yoast_head":"<!-- This site is optimized with the Yoast SEO Premium plugin v27.4 (Yoast SEO v27.4) - https:\/\/yoast.com\/product\/yoast-seo-premium-wordpress\/ -->\n<title>B\u2019CUZZ Boosters Uni | Ide\u00e1ln\u00ed pro p\u0159esazov\u00e1n\u00ed rostlin | Atami<\/title>\n<meta name=\"description\" content=\"Na v\u00fdvoji B\u2019cuzz Boosters jsme za\u010dali pracovat p\u0159ed v\u00edce ne\u017e dvaceti lety. Tyto boostery se skl\u00e1daj\u00ed ze dvou d\u016fle\u017eit\u00fdch slo\u017eek: p\u0159\u00edrodn\u00edho rostlinn\u00e9ho extraktu a kombinace dus\u00edku, ho\u0159\u010d\u00edku a \u017eeleza.\" \/>\n<meta name=\"robots\" content=\"index, follow, max-snippet:-1, max-image-preview:large, max-video-preview:-1\" \/>\n<link rel=\"canonical\" href=\"https:\/\/atami.com\/cs\/produkt\/bcuzz-boosters-uni\" \/>\n<meta property=\"og:locale\" content=\"cs_CZ\" \/>\n<meta property=\"og:type\" content=\"article\" \/>\n<meta property=\"og:title\" content=\"B\u2019CUZZ Boosters Uni\" \/>\n<meta property=\"og:description\" content=\"Na v\u00fdvoji B\u2019cuzz Boosters jsme za\u010dali pracovat p\u0159ed v\u00edce ne\u017e dvaceti lety. Tyto boostery se skl\u00e1daj\u00ed ze dvou d\u016fle\u017eit\u00fdch slo\u017eek: p\u0159\u00edrodn\u00edho rostlinn\u00e9ho extraktu a kombinace dus\u00edku, ho\u0159\u010d\u00edku a \u017eeleza.\" \/>\n<meta property=\"og:url\" content=\"https:\/\/atami.com\/cs\/produkt\/bcuzz-boosters-uni\" \/>\n<meta property=\"og:site_name\" content=\"Atami\" \/>\n<meta property=\"article:publisher\" content=\"https:\/\/www.facebook.com\/Atami.International\" \/>\n<meta property=\"article:modified_time\" content=\"2025-11-10T12:50:49+00:00\" \/>\n<meta property=\"og:image\" content=\"https:\/\/atami.com\/wp-content\/uploads\/2023\/02\/Bcuzz-Booster-Uni-product-image.webp\" \/>\n\t<meta property=\"og:image:width\" content=\"1080\" \/>\n\t<meta property=\"og:image:height\" content=\"1080\" \/>\n\t<meta property=\"og:image:type\" content=\"image\/webp\" \/>\n<meta name=\"twitter:card\" content=\"summary_large_image\" \/>\n<meta name=\"twitter:site\" content=\"@AtamiEU\" \/>\n<meta name=\"twitter:label1\" content=\"Odhadovan\u00e1 doba \u010dten\u00ed\" \/>\n\t<meta name=\"twitter:data1\" content=\"2 minuty\" \/>\n<script type=\"application\/ld+json\" class=\"yoast-schema-graph\">{\"@context\":\"https:\\\/\\\/schema.org\",\"@graph\":[{\"@type\":\"WebPage\",\"@id\":\"https:\\\/\\\/atami.com\\\/cs\\\/produkt\\\/bcuzz-boosters-uni\",\"url\":\"https:\\\/\\\/atami.com\\\/cs\\\/produkt\\\/bcuzz-boosters-uni\",\"name\":\"B\u2019CUZZ Boosters Uni | Ide\u00e1ln\u00ed pro p\u0159esazov\u00e1n\u00ed rostlin | Atami\",\"isPartOf\":{\"@id\":\"https:\\\/\\\/atami.com\\\/cs#website\"},\"primaryImageOfPage\":{\"@id\":\"https:\\\/\\\/atami.com\\\/cs\\\/produkt\\\/bcuzz-boosters-uni#primaryimage\"},\"image\":{\"@id\":\"https:\\\/\\\/atami.com\\\/cs\\\/produkt\\\/bcuzz-boosters-uni#primaryimage\"},\"thumbnailUrl\":\"https:\\\/\\\/atami.com\\\/wp-content\\\/uploads\\\/2023\\\/02\\\/Bcuzz-Booster-Uni-product-image.webp\",\"datePublished\":\"2023-02-13T08:30:49+00:00\",\"dateModified\":\"2025-11-10T12:50:49+00:00\",\"description\":\"Na v\u00fdvoji B\u2019cuzz Boosters jsme za\u010dali pracovat p\u0159ed v\u00edce ne\u017e dvaceti lety. Tyto boostery se skl\u00e1daj\u00ed ze dvou d\u016fle\u017eit\u00fdch slo\u017eek: p\u0159\u00edrodn\u00edho rostlinn\u00e9ho extraktu a kombinace dus\u00edku, ho\u0159\u010d\u00edku a \u017eeleza.\",\"breadcrumb\":{\"@id\":\"https:\\\/\\\/atami.com\\\/cs\\\/produkt\\\/bcuzz-boosters-uni#breadcrumb\"},\"inLanguage\":\"cs\",\"potentialAction\":[{\"@type\":\"ReadAction\",\"target\":[\"https:\\\/\\\/atami.com\\\/cs\\\/produkt\\\/bcuzz-boosters-uni\"]}]},{\"@type\":\"ImageObject\",\"inLanguage\":\"cs\",\"@id\":\"https:\\\/\\\/atami.com\\\/cs\\\/produkt\\\/bcuzz-boosters-uni#primaryimage\",\"url\":\"https:\\\/\\\/atami.com\\\/wp-content\\\/uploads\\\/2023\\\/02\\\/Bcuzz-Booster-Uni-product-image.webp\",\"contentUrl\":\"https:\\\/\\\/atami.com\\\/wp-content\\\/uploads\\\/2023\\\/02\\\/Bcuzz-Booster-Uni-product-image.webp\",\"width\":1080,\"height\":1080,\"caption\":\"B\u2019cuzz Boosters Uni podporuje rostliny b\u011bhem zm\u011bn prost\u0159ed\u00ed, podporuje hladk\u00fd p\u0159echod do r\u016fstov\u00e9 f\u00e1ze a stimuluje produkci chlorofylu pro zdrav\u00fd v\u00fdvoj.\"},{\"@type\":\"BreadcrumbList\",\"@id\":\"https:\\\/\\\/atami.com\\\/cs\\\/produkt\\\/bcuzz-boosters-uni#breadcrumb\",\"itemListElement\":[{\"@type\":\"ListItem\",\"position\":1,\"name\":\"Home\",\"item\":\"https:\\\/\\\/atami.com\\\/cs\"},{\"@type\":\"ListItem\",\"position\":2,\"name\":\"Produkty\",\"item\":\"https:\\\/\\\/atami.com\\\/cs\\\/shop\"},{\"@type\":\"ListItem\",\"position\":3,\"name\":\"B'cuzz\",\"item\":\"https:\\\/\\\/atami.com\\\/cs\\\/kategorie-produktu\\\/znacky\\\/bcuzz\"},{\"@type\":\"ListItem\",\"position\":4,\"name\":\"B\u2019CUZZ Boosters Uni\"}]},{\"@type\":\"WebSite\",\"@id\":\"https:\\\/\\\/atami.com\\\/cs#website\",\"url\":\"https:\\\/\\\/atami.com\\\/cs\",\"name\":\"Atami\",\"description\":\"NATURALLY INNOVATING!\",\"publisher\":{\"@id\":\"https:\\\/\\\/atami.com\\\/cs#organization\"},\"potentialAction\":[{\"@type\":\"SearchAction\",\"target\":{\"@type\":\"EntryPoint\",\"urlTemplate\":\"https:\\\/\\\/atami.com\\\/cs?s={search_term_string}\"},\"query-input\":{\"@type\":\"PropertyValueSpecification\",\"valueRequired\":true,\"valueName\":\"search_term_string\"}}],\"inLanguage\":\"cs\"},{\"@type\":\"Organization\",\"@id\":\"https:\\\/\\\/atami.com\\\/cs#organization\",\"name\":\"Atami\",\"url\":\"https:\\\/\\\/atami.com\\\/cs\",\"logo\":{\"@type\":\"ImageObject\",\"inLanguage\":\"cs\",\"@id\":\"https:\\\/\\\/atami.com\\\/cs#\\\/schema\\\/logo\\\/image\\\/\",\"url\":\"https:\\\/\\\/atami.com\\\/wp-content\\\/uploads\\\/2026\\\/01\\\/Atami-logo-696x696px.webp\",\"contentUrl\":\"https:\\\/\\\/atami.com\\\/wp-content\\\/uploads\\\/2026\\\/01\\\/Atami-logo-696x696px.webp\",\"width\":696,\"height\":696,\"caption\":\"Atami\"},\"image\":{\"@id\":\"https:\\\/\\\/atami.com\\\/cs#\\\/schema\\\/logo\\\/image\\\/\"},\"sameAs\":[\"https:\\\/\\\/www.facebook.com\\\/Atami.International\",\"https:\\\/\\\/x.com\\\/AtamiEU\",\"https:\\\/\\\/www.youtube.com\\\/c\\\/AtamiInternational\",\"https:\\\/\\\/www.instagram.com\\\/atami.international\\\/\"],\"description\":\"ATAMI is a premium plant nutrition & substrate brand founded in 1997 with the mission to make exceptional cultivation achievable for everyone. From legacy to license, we offer a wide variety of innovating award-winning products to let cultivators achieve maximum results in taste & yield.\",\"email\":\"info@mginnovations.es\",\"legalName\":\"Atami\",\"numberOfEmployees\":{\"@type\":\"QuantitativeValue\",\"minValue\":\"11\",\"maxValue\":\"50\"}}]}<\/script>\n<!-- \/ Yoast SEO Premium plugin. -->","yoast_head_json":{"title":"B\u2019CUZZ Boosters Uni | Ide\u00e1ln\u00ed pro p\u0159esazov\u00e1n\u00ed rostlin | Atami","description":"Na v\u00fdvoji B\u2019cuzz Boosters jsme za\u010dali pracovat p\u0159ed v\u00edce ne\u017e dvaceti lety. Tyto boostery se skl\u00e1daj\u00ed ze dvou d\u016fle\u017eit\u00fdch slo\u017eek: p\u0159\u00edrodn\u00edho rostlinn\u00e9ho extraktu a kombinace dus\u00edku, ho\u0159\u010d\u00edku a \u017eeleza.","robots":{"index":"index","follow":"follow","max-snippet":"max-snippet:-1","max-image-preview":"max-image-preview:large","max-video-preview":"max-video-preview:-1"},"canonical":"https:\/\/atami.com\/cs\/produkt\/bcuzz-boosters-uni","og_locale":"cs_CZ","og_type":"article","og_title":"B\u2019CUZZ Boosters Uni","og_description":"Na v\u00fdvoji B\u2019cuzz Boosters jsme za\u010dali pracovat p\u0159ed v\u00edce ne\u017e dvaceti lety. Tyto boostery se skl\u00e1daj\u00ed ze dvou d\u016fle\u017eit\u00fdch slo\u017eek: p\u0159\u00edrodn\u00edho rostlinn\u00e9ho extraktu a kombinace dus\u00edku, ho\u0159\u010d\u00edku a \u017eeleza.","og_url":"https:\/\/atami.com\/cs\/produkt\/bcuzz-boosters-uni","og_site_name":"Atami","article_publisher":"https:\/\/www.facebook.com\/Atami.International","article_modified_time":"2025-11-10T12:50:49+00:00","og_image":[{"width":1080,"height":1080,"url":"https:\/\/atami.com\/wp-content\/uploads\/2023\/02\/Bcuzz-Booster-Uni-product-image.webp","type":"image\/webp"}],"twitter_card":"summary_large_image","twitter_site":"@AtamiEU","twitter_misc":{"Odhadovan\u00e1 doba \u010dten\u00ed":"2 minuty"},"schema":{"@context":"https:\/\/schema.org","@graph":[{"@type":"WebPage","@id":"https:\/\/atami.com\/cs\/produkt\/bcuzz-boosters-uni","url":"https:\/\/atami.com\/cs\/produkt\/bcuzz-boosters-uni","name":"B\u2019CUZZ Boosters Uni | Ide\u00e1ln\u00ed pro p\u0159esazov\u00e1n\u00ed rostlin | Atami","isPartOf":{"@id":"https:\/\/atami.com\/cs#website"},"primaryImageOfPage":{"@id":"https:\/\/atami.com\/cs\/produkt\/bcuzz-boosters-uni#primaryimage"},"image":{"@id":"https:\/\/atami.com\/cs\/produkt\/bcuzz-boosters-uni#primaryimage"},"thumbnailUrl":"https:\/\/atami.com\/wp-content\/uploads\/2023\/02\/Bcuzz-Booster-Uni-product-image.webp","datePublished":"2023-02-13T08:30:49+00:00","dateModified":"2025-11-10T12:50:49+00:00","description":"Na v\u00fdvoji B\u2019cuzz Boosters jsme za\u010dali pracovat p\u0159ed v\u00edce ne\u017e dvaceti lety. Tyto boostery se skl\u00e1daj\u00ed ze dvou d\u016fle\u017eit\u00fdch slo\u017eek: p\u0159\u00edrodn\u00edho rostlinn\u00e9ho extraktu a kombinace dus\u00edku, ho\u0159\u010d\u00edku a \u017eeleza.","breadcrumb":{"@id":"https:\/\/atami.com\/cs\/produkt\/bcuzz-boosters-uni#breadcrumb"},"inLanguage":"cs","potentialAction":[{"@type":"ReadAction","target":["https:\/\/atami.com\/cs\/produkt\/bcuzz-boosters-uni"]}]},{"@type":"ImageObject","inLanguage":"cs","@id":"https:\/\/atami.com\/cs\/produkt\/bcuzz-boosters-uni#primaryimage","url":"https:\/\/atami.com\/wp-content\/uploads\/2023\/02\/Bcuzz-Booster-Uni-product-image.webp","contentUrl":"https:\/\/atami.com\/wp-content\/uploads\/2023\/02\/Bcuzz-Booster-Uni-product-image.webp","width":1080,"height":1080,"caption":"B\u2019cuzz Boosters Uni podporuje rostliny b\u011bhem zm\u011bn prost\u0159ed\u00ed, podporuje hladk\u00fd p\u0159echod do r\u016fstov\u00e9 f\u00e1ze a stimuluje produkci chlorofylu pro zdrav\u00fd v\u00fdvoj."},{"@type":"BreadcrumbList","@id":"https:\/\/atami.com\/cs\/produkt\/bcuzz-boosters-uni#breadcrumb","itemListElement":[{"@type":"ListItem","position":1,"name":"Home","item":"https:\/\/atami.com\/cs"},{"@type":"ListItem","position":2,"name":"Produkty","item":"https:\/\/atami.com\/cs\/shop"},{"@type":"ListItem","position":3,"name":"B'cuzz","item":"https:\/\/atami.com\/cs\/kategorie-produktu\/znacky\/bcuzz"},{"@type":"ListItem","position":4,"name":"B\u2019CUZZ Boosters Uni"}]},{"@type":"WebSite","@id":"https:\/\/atami.com\/cs#website","url":"https:\/\/atami.com\/cs","name":"Atami","description":"NATURALLY INNOVATING!","publisher":{"@id":"https:\/\/atami.com\/cs#organization"},"potentialAction":[{"@type":"SearchAction","target":{"@type":"EntryPoint","urlTemplate":"https:\/\/atami.com\/cs?s={search_term_string}"},"query-input":{"@type":"PropertyValueSpecification","valueRequired":true,"valueName":"search_term_string"}}],"inLanguage":"cs"},{"@type":"Organization","@id":"https:\/\/atami.com\/cs#organization","name":"Atami","url":"https:\/\/atami.com\/cs","logo":{"@type":"ImageObject","inLanguage":"cs","@id":"https:\/\/atami.com\/cs#\/schema\/logo\/image\/","url":"https:\/\/atami.com\/wp-content\/uploads\/2026\/01\/Atami-logo-696x696px.webp","contentUrl":"https:\/\/atami.com\/wp-content\/uploads\/2026\/01\/Atami-logo-696x696px.webp","width":696,"height":696,"caption":"Atami"},"image":{"@id":"https:\/\/atami.com\/cs#\/schema\/logo\/image\/"},"sameAs":["https:\/\/www.facebook.com\/Atami.International","https:\/\/x.com\/AtamiEU","https:\/\/www.youtube.com\/c\/AtamiInternational","https:\/\/www.instagram.com\/atami.international\/"],"description":"ATAMI is a premium plant nutrition & substrate brand founded in 1997 with the mission to make exceptional cultivation achievable for everyone. From legacy to license, we offer a wide variety of innovating award-winning products to let cultivators achieve maximum results in taste & yield.","email":"info@mginnovations.es","legalName":"Atami","numberOfEmployees":{"@type":"QuantitativeValue","minValue":"11","maxValue":"50"}}]}},"_links":{"self":[{"href":"https:\/\/atami.com\/cs\/wp-json\/wp\/v2\/product\/49763","targetHints":{"allow":["GET"]}}],"collection":[{"href":"https:\/\/atami.com\/cs\/wp-json\/wp\/v2\/product"}],"about":[{"href":"https:\/\/atami.com\/cs\/wp-json\/wp\/v2\/types\/product"}],"replies":[{"embeddable":true,"href":"https:\/\/atami.com\/cs\/wp-json\/wp\/v2\/comments?post=49763"}],"wp:featuredmedia":[{"embeddable":true,"href":"https:\/\/atami.com\/cs\/wp-json\/wp\/v2\/media\/202087"}],"wp:attachment":[{"href":"https:\/\/atami.com\/cs\/wp-json\/wp\/v2\/media?parent=49763"}],"wp:term":[{"taxonomy":"product_brand","embeddable":true,"href":"https:\/\/atami.com\/cs\/wp-json\/wp\/v2\/product_brand?post=49763"},{"taxonomy":"product_cat","embeddable":true,"href":"https:\/\/atami.com\/cs\/wp-json\/wp\/v2\/product_cat?post=49763"},{"taxonomy":"product_tag","embeddable":true,"href":"https:\/\/atami.com\/cs\/wp-json\/wp\/v2\/product_tag?post=49763"}],"curies":[{"name":"wp","href":"https:\/\/api.w.org\/{rel}","templated":true}]}}