{"id":49762,"date":"2023-02-13T08:14:21","date_gmt":"2023-02-13T08:14:21","guid":{"rendered":"https:\/\/atami.com\/product\/bcuzz-premium-plant-powder\/"},"modified":"2025-11-07T17:08:22","modified_gmt":"2025-11-07T15:08:22","slug":"bcuzz-premium-plant-powder","status":"publish","type":"product","link":"https:\/\/atami.com\/cs\/produkt\/bcuzz-premium-plant-powder","title":{"rendered":"B\u2019cuzz Premium Plant Powder"},"content":{"rendered":"<p><strong>P\u0159\u00edpravek B\u2019cuzz Premium Plant Powder tvo\u0159\u00ed \u017eiviny vyvinut\u00e9 zvl\u00e1\u0161\u0165 pro p\u011bstov\u00e1n\u00ed v p\u016fd\u011b, kokosov\u00e9m substr\u00e1tu nebo hydroponii. Krom\u011b v\u00e1pn\u00edku obsahuje tato pr\u00e1\u0161kovit\u00e1 v\u00fd\u017eiva i ho\u0159\u010d\u00edk, kl\u00ed\u010dov\u00fd prvek pro fotosynt\u00e9zu. Celkov\u011b je B\u2019cuzz Premium Plant Powder velmi u\u017eite\u010dn\u00fd na podporu substr\u00e1tu a zlep\u0161en\u00ed stavu plodin.<\/strong><\/p>\n<p>\nB\u2019cuzz Premium Plant Powder se snadno odva\u017euje, p\u0159id\u00e1v\u00e1 a rozpou\u0161t\u00ed v \u017eivn\u00e9m roztoku. Toto hnojivo p\u0159edstavuje kompletn\u00ed a vyrovnan\u00fd \u017eivn\u00fd roztok, kter\u00fd m\u016f\u017eete pou\u017e\u00edvat b\u011bhem cel\u00e9ho p\u011bstebn\u00edho cyklu. D\u00edky nov\u00e9mu designu udr\u017eiteln\u00e9ho balen\u00ed je mo\u017enost rozsyp\u00e1n\u00ed minim\u00e1ln\u00ed a produkt se tak\u00e9 snadno skladuje. Produkty B\u2019cuzz Premium Plant Powders jsou velmi praktick\u00e9 a \u00fasporn\u00e9 co do p\u0159epravy, skladov\u00e1n\u00ed a pou\u017e\u00edv\u00e1n\u00ed.<\/p>\n<p>\n<strong>VHODNOST<\/strong><br \/>\nDopln\u011bk pro p\u0159\u00edslu\u0161n\u00fd substr\u00e1t.<\/p>\n<p>\n<strong>POU\u017dIT\u00cd<\/strong><br \/>\nPo\u017eadovan\u00e9 mno\u017estv\u00ed rozpus\u0165te v \u017eivn\u00e9m roztoku.<\/p>\n<p>\n<strong>D\u00c1VKOV\u00c1N\u00cd<\/strong><br \/>\n0,5\u20131 g na litr vody.<br \/>\nKa\u017ed\u00fd 0,1 g p\u0159\u00edpravku B\u2019cuzz Premium Plant Powder zvy\u0161uje hodnotu EC v litru \u017eivn\u00e9ho roztoku o 0,09 mS\/cm.<\/p>\n<p>\n<strong>DOSTUPN\u00dd OBJEM 1 KG<\/strong><\/p>\n","protected":false},"excerpt":{"rendered":"<p>Praktick\u00e9 chel\u00e1tovan\u00e9 miner\u00e1ln\u00ed rostlinn\u00e9 \u017eiviny v pr\u00e1\u0161kov\u00e9 form\u011b<\/p>\n","protected":false},"featured_media":24105,"comment_status":"closed","ping_status":"closed","template":"","meta":{"_acf_changed":false,"iawp_total_views":31},"product_brand":[],"product_cat":[386,382],"product_tag":[],"class_list":{"0":"post-49762","1":"product","2":"type-product","3":"status-publish","4":"has-post-thumbnail","6":"product_cat-bcuzz","7":"product_cat-zakladni-vyziva","9":"first","10":"instock","11":"shipping-taxable","12":"product-type-simple"},"acf":{"short_description":"<p><strong>P\u0159\u00edpravek B\u2019cuzz Premium Plant Powder tvo\u0159\u00ed \u017eiviny vyvinut\u00e9 zvl\u00e1\u0161\u0165 pro p\u011bstov\u00e1n\u00ed v p\u016fd\u011b, kokosov\u00e9m substr\u00e1tu nebo hydroponii. Krom\u011b v\u00e1pn\u00edku obsahuje tato pr\u00e1\u0161kovit\u00e1 v\u00fd\u017eiva i ho\u0159\u010d\u00edk, kl\u00ed\u010dov\u00fd prvek pro fotosynt\u00e9zu. Celkov\u011b je B\u2019cuzz Premium Plant Powder velmi u\u017eite\u010dn\u00fd na podporu substr\u00e1tu a zlep\u0161en\u00ed stavu plodin.<\/strong><\/p><p><br \/>B\u2019cuzz Premium Plant Powder se snadno odva\u017euje, p\u0159id\u00e1v\u00e1 a rozpou\u0161t\u00ed v \u017eivn\u00e9m roztoku. Toto hnojivo p\u0159edstavuje kompletn\u00ed a vyrovnan\u00fd \u017eivn\u00fd roztok, kter\u00fd m\u016f\u017eete pou\u017e\u00edvat b\u011bhem cel\u00e9ho p\u011bstebn\u00edho cyklu. D\u00edky nov\u00e9mu designu udr\u017eiteln\u00e9ho balen\u00ed je mo\u017enost rozsyp\u00e1n\u00ed minim\u00e1ln\u00ed a produkt se tak\u00e9 snadno skladuje. Produkty B\u2019cuzz Premium Plant Powders jsou velmi praktick\u00e9 a \u00fasporn\u00e9 co do p\u0159epravy, skladov\u00e1n\u00ed a pou\u017e\u00edv\u00e1n\u00ed.<\/p>","suitable_for":"<p>Dopln\u011bk pro p\u0159\u00edslu\u0161n\u00fd substr\u00e1t.<\/p>","application":"<p>Po\u017eadovan\u00e9 mno\u017estv\u00ed rozpus\u0165te v \u017eivn\u00e9m roztoku.<\/p>","dosage":"<p>0,5\u20131 g na litr vody.<br \/>Ka\u017ed\u00fd 0,1 g p\u0159\u00edpravku B\u2019cuzz Premium Plant Powder zvy\u0161uje hodnotu EC v litru \u017eivn\u00e9ho roztoku o 0,09 mS\/cm.<\/p>","npk_ratio":"","available_in":"<p>1 KG<\/p>","icon_1":191682,"icon_1_text":"P\u0158\u00cdM\u00c1 ABSORPCE","icon_2":191697,"icon_2_text":"SNADN\u00c9 ODV\u00c1\u017dEN\u00cd, P\u0158ID\u00c1N\u00cd A ROZPU\u0160T\u011aN\u00cd V \u017dIVN\u00c9M ROZTOKU","icon_3":191712,"icon_3_text":"VYVINUTO ZEJM\u00c9NA PRO P\u011aSTOV\u00c1N\u00cd V KOKOSU, HYDROPONII NEBO P\u016eD\u011a","icon_4":"","icon_4_text":"","video":"","second_image":24120,"product_image_page":"","user_manual":"","new_icon_1":"","new_icon_2":"","new_icon_3":"","new_icon_4":"","grow_guides":"","category":"Z\u00e1kladn\u00ed \u017eivina"},"yoast_head":"<!-- This site is optimized with the Yoast SEO Premium plugin v27.5 (Yoast SEO v27.5) - https:\/\/yoast.com\/product\/yoast-seo-premium-wordpress\/ -->\n<title>B\u2019cuzz Premium Plant Powder \u2013 Ide\u00e1ln\u00ed Hnojivo pro Zdrav\u00fd R\u016fst Rostlin<\/title>\n<meta name=\"description\" content=\"Objevte B\u2019cuzz Premium Plant Powder, kvalitn\u00ed pr\u00e1\u0161kov\u00fd hnojivo, kter\u00e9 podporuje zdrav\u00fd r\u016fst a kv\u011bt va\u0161ich rostlin. Zajist\u011bte nejlep\u0161\u00ed v\u00fd\u017eivu pro va\u0161e rostliny s produkty Atami.\" \/>\n<meta name=\"robots\" content=\"index, follow, max-snippet:-1, max-image-preview:large, max-video-preview:-1\" \/>\n<link rel=\"canonical\" href=\"https:\/\/atami.com\/cs\/produkt\/bcuzz-premium-plant-powder\" \/>\n<meta property=\"og:locale\" content=\"cs_CZ\" \/>\n<meta property=\"og:type\" content=\"article\" \/>\n<meta property=\"og:title\" content=\"B\u2019cuzz Premium Plant Powder\" \/>\n<meta property=\"og:description\" content=\"Objevte B\u2019cuzz Premium Plant Powder, kvalitn\u00ed pr\u00e1\u0161kov\u00fd hnojivo, kter\u00e9 podporuje zdrav\u00fd r\u016fst a kv\u011bt va\u0161ich rostlin. Zajist\u011bte nejlep\u0161\u00ed v\u00fd\u017eivu pro va\u0161e rostliny s produkty Atami.\" \/>\n<meta property=\"og:url\" content=\"https:\/\/atami.com\/cs\/produkt\/bcuzz-premium-plant-powder\" \/>\n<meta property=\"og:site_name\" content=\"Atami\" \/>\n<meta property=\"article:publisher\" content=\"https:\/\/www.facebook.com\/Atami.International\" \/>\n<meta property=\"article:modified_time\" content=\"2025-11-07T15:08:22+00:00\" \/>\n<meta property=\"og:image\" content=\"https:\/\/atami.com\/wp-content\/uploads\/2023\/02\/Bcuzz-Premium-Plant-Powder-Main-Image.webp\" \/>\n\t<meta property=\"og:image:width\" content=\"1080\" \/>\n\t<meta property=\"og:image:height\" content=\"1080\" \/>\n\t<meta property=\"og:image:type\" content=\"image\/webp\" \/>\n<meta name=\"twitter:card\" content=\"summary_large_image\" \/>\n<meta name=\"twitter:site\" content=\"@AtamiEU\" \/>\n<meta name=\"twitter:label1\" content=\"Odhadovan\u00e1 doba \u010dten\u00ed\" \/>\n\t<meta name=\"twitter:data1\" content=\"1 minuta\" \/>\n<script type=\"application\/ld+json\" class=\"yoast-schema-graph\">{\"@context\":\"https:\\\/\\\/schema.org\",\"@graph\":[{\"@type\":\"WebPage\",\"@id\":\"https:\\\/\\\/atami.com\\\/cs\\\/produkt\\\/bcuzz-premium-plant-powder\",\"url\":\"https:\\\/\\\/atami.com\\\/cs\\\/produkt\\\/bcuzz-premium-plant-powder\",\"name\":\"B\u2019cuzz Premium Plant Powder \u2013 Ide\u00e1ln\u00ed Hnojivo pro Zdrav\u00fd R\u016fst Rostlin\",\"isPartOf\":{\"@id\":\"https:\\\/\\\/atami.com\\\/cs#website\"},\"primaryImageOfPage\":{\"@id\":\"https:\\\/\\\/atami.com\\\/cs\\\/produkt\\\/bcuzz-premium-plant-powder#primaryimage\"},\"image\":{\"@id\":\"https:\\\/\\\/atami.com\\\/cs\\\/produkt\\\/bcuzz-premium-plant-powder#primaryimage\"},\"thumbnailUrl\":\"https:\\\/\\\/atami.com\\\/wp-content\\\/uploads\\\/2023\\\/02\\\/Bcuzz-Premium-Plant-Powder-Main-Image.webp\",\"datePublished\":\"2023-02-13T08:14:21+00:00\",\"dateModified\":\"2025-11-07T15:08:22+00:00\",\"description\":\"Objevte B\u2019cuzz Premium Plant Powder, kvalitn\u00ed pr\u00e1\u0161kov\u00fd hnojivo, kter\u00e9 podporuje zdrav\u00fd r\u016fst a kv\u011bt va\u0161ich rostlin. Zajist\u011bte nejlep\u0161\u00ed v\u00fd\u017eivu pro va\u0161e rostliny s produkty Atami.\",\"breadcrumb\":{\"@id\":\"https:\\\/\\\/atami.com\\\/cs\\\/produkt\\\/bcuzz-premium-plant-powder#breadcrumb\"},\"inLanguage\":\"cs\",\"potentialAction\":[{\"@type\":\"ReadAction\",\"target\":[\"https:\\\/\\\/atami.com\\\/cs\\\/produkt\\\/bcuzz-premium-plant-powder\"]}]},{\"@type\":\"ImageObject\",\"inLanguage\":\"cs\",\"@id\":\"https:\\\/\\\/atami.com\\\/cs\\\/produkt\\\/bcuzz-premium-plant-powder#primaryimage\",\"url\":\"https:\\\/\\\/atami.com\\\/wp-content\\\/uploads\\\/2023\\\/02\\\/Bcuzz-Premium-Plant-Powder-Main-Image.webp\",\"contentUrl\":\"https:\\\/\\\/atami.com\\\/wp-content\\\/uploads\\\/2023\\\/02\\\/Bcuzz-Premium-Plant-Powder-Main-Image.webp\",\"width\":1080,\"height\":1080,\"caption\":\"B'cuzz Premium Plant Powder poskytuje z\u00e1kladn\u00ed chel\u00e1tov\u00e9 miner\u00e1ly, v\u010detn\u011b v\u00e1pn\u00edku a ho\u0159\u010d\u00edku, pro zv\u00fd\u0161en\u00ed \u00farodnosti substr\u00e1tu a zlep\u0161en\u00ed zdrav\u00ed plodin.\"},{\"@type\":\"BreadcrumbList\",\"@id\":\"https:\\\/\\\/atami.com\\\/cs\\\/produkt\\\/bcuzz-premium-plant-powder#breadcrumb\",\"itemListElement\":[{\"@type\":\"ListItem\",\"position\":1,\"name\":\"Home\",\"item\":\"https:\\\/\\\/atami.com\\\/cs\"},{\"@type\":\"ListItem\",\"position\":2,\"name\":\"Produkty\",\"item\":\"https:\\\/\\\/atami.com\\\/cs\\\/shop\"},{\"@type\":\"ListItem\",\"position\":3,\"name\":\"B'cuzz\",\"item\":\"https:\\\/\\\/atami.com\\\/cs\\\/kategorie-produktu\\\/znacky\\\/bcuzz\"},{\"@type\":\"ListItem\",\"position\":4,\"name\":\"B\u2019cuzz Premium Plant Powder\"}]},{\"@type\":\"WebSite\",\"@id\":\"https:\\\/\\\/atami.com\\\/cs#website\",\"url\":\"https:\\\/\\\/atami.com\\\/cs\",\"name\":\"Atami\",\"description\":\"NATURALLY INNOVATING!\",\"publisher\":{\"@id\":\"https:\\\/\\\/atami.com\\\/cs#organization\"},\"potentialAction\":[{\"@type\":\"SearchAction\",\"target\":{\"@type\":\"EntryPoint\",\"urlTemplate\":\"https:\\\/\\\/atami.com\\\/cs?s={search_term_string}\"},\"query-input\":{\"@type\":\"PropertyValueSpecification\",\"valueRequired\":true,\"valueName\":\"search_term_string\"}}],\"inLanguage\":\"cs\"},{\"@type\":\"Organization\",\"@id\":\"https:\\\/\\\/atami.com\\\/cs#organization\",\"name\":\"Atami\",\"url\":\"https:\\\/\\\/atami.com\\\/cs\",\"logo\":{\"@type\":\"ImageObject\",\"inLanguage\":\"cs\",\"@id\":\"https:\\\/\\\/atami.com\\\/cs#\\\/schema\\\/logo\\\/image\\\/\",\"url\":\"https:\\\/\\\/atami.com\\\/wp-content\\\/uploads\\\/2026\\\/01\\\/Atami-logo-696x696px.webp\",\"contentUrl\":\"https:\\\/\\\/atami.com\\\/wp-content\\\/uploads\\\/2026\\\/01\\\/Atami-logo-696x696px.webp\",\"width\":696,\"height\":696,\"caption\":\"Atami\"},\"image\":{\"@id\":\"https:\\\/\\\/atami.com\\\/cs#\\\/schema\\\/logo\\\/image\\\/\"},\"sameAs\":[\"https:\\\/\\\/www.facebook.com\\\/Atami.International\",\"https:\\\/\\\/x.com\\\/AtamiEU\",\"https:\\\/\\\/www.youtube.com\\\/c\\\/AtamiInternational\",\"https:\\\/\\\/www.instagram.com\\\/atami.international\\\/\"],\"description\":\"ATAMI is a premium plant nutrition & substrate brand founded in 1997 with the mission to make exceptional cultivation achievable for everyone. From legacy to license, we offer a wide variety of innovating award-winning products to let cultivators achieve maximum results in taste & yield.\",\"email\":\"info@mginnovations.es\",\"legalName\":\"Atami\",\"numberOfEmployees\":{\"@type\":\"QuantitativeValue\",\"minValue\":\"11\",\"maxValue\":\"50\"}}]}<\/script>\n<!-- \/ Yoast SEO Premium plugin. -->","yoast_head_json":{"title":"B\u2019cuzz Premium Plant Powder \u2013 Ide\u00e1ln\u00ed Hnojivo pro Zdrav\u00fd R\u016fst Rostlin","description":"Objevte B\u2019cuzz Premium Plant Powder, kvalitn\u00ed pr\u00e1\u0161kov\u00fd hnojivo, kter\u00e9 podporuje zdrav\u00fd r\u016fst a kv\u011bt va\u0161ich rostlin. Zajist\u011bte nejlep\u0161\u00ed v\u00fd\u017eivu pro va\u0161e rostliny s produkty Atami.","robots":{"index":"index","follow":"follow","max-snippet":"max-snippet:-1","max-image-preview":"max-image-preview:large","max-video-preview":"max-video-preview:-1"},"canonical":"https:\/\/atami.com\/cs\/produkt\/bcuzz-premium-plant-powder","og_locale":"cs_CZ","og_type":"article","og_title":"B\u2019cuzz Premium Plant Powder","og_description":"Objevte B\u2019cuzz Premium Plant Powder, kvalitn\u00ed pr\u00e1\u0161kov\u00fd hnojivo, kter\u00e9 podporuje zdrav\u00fd r\u016fst a kv\u011bt va\u0161ich rostlin. Zajist\u011bte nejlep\u0161\u00ed v\u00fd\u017eivu pro va\u0161e rostliny s produkty Atami.","og_url":"https:\/\/atami.com\/cs\/produkt\/bcuzz-premium-plant-powder","og_site_name":"Atami","article_publisher":"https:\/\/www.facebook.com\/Atami.International","article_modified_time":"2025-11-07T15:08:22+00:00","og_image":[{"width":1080,"height":1080,"url":"https:\/\/atami.com\/wp-content\/uploads\/2023\/02\/Bcuzz-Premium-Plant-Powder-Main-Image.webp","type":"image\/webp"}],"twitter_card":"summary_large_image","twitter_site":"@AtamiEU","twitter_misc":{"Odhadovan\u00e1 doba \u010dten\u00ed":"1 minuta"},"schema":{"@context":"https:\/\/schema.org","@graph":[{"@type":"WebPage","@id":"https:\/\/atami.com\/cs\/produkt\/bcuzz-premium-plant-powder","url":"https:\/\/atami.com\/cs\/produkt\/bcuzz-premium-plant-powder","name":"B\u2019cuzz Premium Plant Powder \u2013 Ide\u00e1ln\u00ed Hnojivo pro Zdrav\u00fd R\u016fst Rostlin","isPartOf":{"@id":"https:\/\/atami.com\/cs#website"},"primaryImageOfPage":{"@id":"https:\/\/atami.com\/cs\/produkt\/bcuzz-premium-plant-powder#primaryimage"},"image":{"@id":"https:\/\/atami.com\/cs\/produkt\/bcuzz-premium-plant-powder#primaryimage"},"thumbnailUrl":"https:\/\/atami.com\/wp-content\/uploads\/2023\/02\/Bcuzz-Premium-Plant-Powder-Main-Image.webp","datePublished":"2023-02-13T08:14:21+00:00","dateModified":"2025-11-07T15:08:22+00:00","description":"Objevte B\u2019cuzz Premium Plant Powder, kvalitn\u00ed pr\u00e1\u0161kov\u00fd hnojivo, kter\u00e9 podporuje zdrav\u00fd r\u016fst a kv\u011bt va\u0161ich rostlin. Zajist\u011bte nejlep\u0161\u00ed v\u00fd\u017eivu pro va\u0161e rostliny s produkty Atami.","breadcrumb":{"@id":"https:\/\/atami.com\/cs\/produkt\/bcuzz-premium-plant-powder#breadcrumb"},"inLanguage":"cs","potentialAction":[{"@type":"ReadAction","target":["https:\/\/atami.com\/cs\/produkt\/bcuzz-premium-plant-powder"]}]},{"@type":"ImageObject","inLanguage":"cs","@id":"https:\/\/atami.com\/cs\/produkt\/bcuzz-premium-plant-powder#primaryimage","url":"https:\/\/atami.com\/wp-content\/uploads\/2023\/02\/Bcuzz-Premium-Plant-Powder-Main-Image.webp","contentUrl":"https:\/\/atami.com\/wp-content\/uploads\/2023\/02\/Bcuzz-Premium-Plant-Powder-Main-Image.webp","width":1080,"height":1080,"caption":"B'cuzz Premium Plant Powder poskytuje z\u00e1kladn\u00ed chel\u00e1tov\u00e9 miner\u00e1ly, v\u010detn\u011b v\u00e1pn\u00edku a ho\u0159\u010d\u00edku, pro zv\u00fd\u0161en\u00ed \u00farodnosti substr\u00e1tu a zlep\u0161en\u00ed zdrav\u00ed plodin."},{"@type":"BreadcrumbList","@id":"https:\/\/atami.com\/cs\/produkt\/bcuzz-premium-plant-powder#breadcrumb","itemListElement":[{"@type":"ListItem","position":1,"name":"Home","item":"https:\/\/atami.com\/cs"},{"@type":"ListItem","position":2,"name":"Produkty","item":"https:\/\/atami.com\/cs\/shop"},{"@type":"ListItem","position":3,"name":"B'cuzz","item":"https:\/\/atami.com\/cs\/kategorie-produktu\/znacky\/bcuzz"},{"@type":"ListItem","position":4,"name":"B\u2019cuzz Premium Plant Powder"}]},{"@type":"WebSite","@id":"https:\/\/atami.com\/cs#website","url":"https:\/\/atami.com\/cs","name":"Atami","description":"NATURALLY INNOVATING!","publisher":{"@id":"https:\/\/atami.com\/cs#organization"},"potentialAction":[{"@type":"SearchAction","target":{"@type":"EntryPoint","urlTemplate":"https:\/\/atami.com\/cs?s={search_term_string}"},"query-input":{"@type":"PropertyValueSpecification","valueRequired":true,"valueName":"search_term_string"}}],"inLanguage":"cs"},{"@type":"Organization","@id":"https:\/\/atami.com\/cs#organization","name":"Atami","url":"https:\/\/atami.com\/cs","logo":{"@type":"ImageObject","inLanguage":"cs","@id":"https:\/\/atami.com\/cs#\/schema\/logo\/image\/","url":"https:\/\/atami.com\/wp-content\/uploads\/2026\/01\/Atami-logo-696x696px.webp","contentUrl":"https:\/\/atami.com\/wp-content\/uploads\/2026\/01\/Atami-logo-696x696px.webp","width":696,"height":696,"caption":"Atami"},"image":{"@id":"https:\/\/atami.com\/cs#\/schema\/logo\/image\/"},"sameAs":["https:\/\/www.facebook.com\/Atami.International","https:\/\/x.com\/AtamiEU","https:\/\/www.youtube.com\/c\/AtamiInternational","https:\/\/www.instagram.com\/atami.international\/"],"description":"ATAMI is a premium plant nutrition & substrate brand founded in 1997 with the mission to make exceptional cultivation achievable for everyone. From legacy to license, we offer a wide variety of innovating award-winning products to let cultivators achieve maximum results in taste & yield.","email":"info@mginnovations.es","legalName":"Atami","numberOfEmployees":{"@type":"QuantitativeValue","minValue":"11","maxValue":"50"}}]}},"_links":{"self":[{"href":"https:\/\/atami.com\/cs\/wp-json\/wp\/v2\/product\/49762","targetHints":{"allow":["GET"]}}],"collection":[{"href":"https:\/\/atami.com\/cs\/wp-json\/wp\/v2\/product"}],"about":[{"href":"https:\/\/atami.com\/cs\/wp-json\/wp\/v2\/types\/product"}],"replies":[{"embeddable":true,"href":"https:\/\/atami.com\/cs\/wp-json\/wp\/v2\/comments?post=49762"}],"wp:featuredmedia":[{"embeddable":true,"href":"https:\/\/atami.com\/cs\/wp-json\/wp\/v2\/media\/24105"}],"wp:attachment":[{"href":"https:\/\/atami.com\/cs\/wp-json\/wp\/v2\/media?parent=49762"}],"wp:term":[{"taxonomy":"product_brand","embeddable":true,"href":"https:\/\/atami.com\/cs\/wp-json\/wp\/v2\/product_brand?post=49762"},{"taxonomy":"product_cat","embeddable":true,"href":"https:\/\/atami.com\/cs\/wp-json\/wp\/v2\/product_cat?post=49762"},{"taxonomy":"product_tag","embeddable":true,"href":"https:\/\/atami.com\/cs\/wp-json\/wp\/v2\/product_tag?post=49762"}],"curies":[{"name":"wp","href":"https:\/\/api.w.org\/{rel}","templated":true}]}}