{"id":49759,"date":"2023-02-10T15:52:06","date_gmt":"2023-02-10T15:52:06","guid":{"rendered":"https:\/\/atami.com\/product\/bcuzz-hydro-ab\/"},"modified":"2025-11-07T17:07:44","modified_gmt":"2025-11-07T15:07:44","slug":"bcuzz-hydro-ab","status":"publish","type":"product","link":"https:\/\/atami.com\/cs\/produkt\/bcuzz-hydro-ab","title":{"rendered":"B\u2019cuzz Hydro A&#038;B"},"content":{"rendered":"<p><strong>Univerz\u00e1ln\u00ed z\u00e1kladn\u00ed v\u00fd\u017eiva B\u2019cuzz Hydro A&amp;B poskytuje (mlad\u00fdm) rostlin\u00e1m koncentrovan\u00e9, konkr\u00e9tn\u00ed miner\u00e1ln\u00ed \u017eiviny, kter\u00e9 pot\u0159ebuj\u00ed k siln\u00e9mu a zdrav\u00e9mu r\u016fstu.<\/strong><\/p>\n<p>\nP\u0159i p\u011bstov\u00e1n\u00ed ve vod\u011b je t\u0159eba pou\u017e\u00edvat vy\u0161\u0161\u00ed d\u00e1vky \u017eivin. To je hlavn\u00ed d\u016fvod pro vy\u0161\u0161\u00ed koncentrace \u017eivin v Hydro A&amp;B. Hydro Rokz (j\u00edlov\u00fd granul\u00e1t) st\u011b\u017e\u00ed zadr\u017e\u00ed \u017eiviny, kter\u00e9 se snadno vypl\u00e1chnou. Ko\u0159eny nemaj\u00ed moc \u010dasu na vst\u0159eb\u00e1n\u00ed \u017eivin nav\u00edc ze sv\u00e9ho okol\u00ed. Pro pot\u0159eby rostliny je tak nutn\u00e9 zal\u00e9vat \u010dast\u011bji, s vy\u0161\u0161\u00ed koncentrac\u00ed \u017eivin. Vy\u0161\u0161\u00ed koncentrace tak\u00e9 umo\u017en\u00ed ob\u011bh \u017eivn\u00e9ho roztoku, proto\u017ee z\u016fstane bohat\u00fd na \u017eiviny po del\u0161\u00ed dobu.<\/p>\n<p>\n<strong>ZEJM\u00c9NA VHODN\u00dd PRO:<\/strong><br \/>\nR\u016fzn\u00e9 druhy ovoce, zeleniny a bylin, jako je lilek, \u0161alv\u011bj a bazalka. Lze tak\u00e9 pou\u017e\u00edvat na interi\u00e9rov\u00e9 a pokojov\u00e9 rostliny (nap\u0159. na toulitku, levanduli a gerbery). Po\u017eadovanou d\u00e1vku je mo\u017en\u00e9 nam\u011b\u0159it podle pot\u0159eb konkr\u00e9tn\u00ed rostliny nebo plodiny.<\/p>\n<p>\n<strong>POU\u017dIT\u00cd<\/strong><br \/>\nProto\u017ee ur\u010dit\u00e9 \u017eiviny v roztoku spolu vz\u00e1jemn\u011b chemicky reaguj\u00ed ve vysok\u00fdch koncentrac\u00edch, \u017eiviny jsou odd\u011blen\u011b ve dvou lahv\u00edch, A a B. Koncentr\u00e1ty A a B je mo\u017en\u00e9 sm\u00edchat pouze v kombinaci s vodou.<\/p>\n<p>\n<strong>D\u00c1VKOV\u00c1N\u00cd<\/strong><br \/>\n1\u20133 ml A a 1\u20133 ml B na litr vody<\/p>\n<p>\n<strong>Hydro A: NK 5-5 W\/W<\/strong><br \/>\n<strong>Hydro B: PK 4-6 W\/W<\/strong><\/p>\n<p>\n<strong>DOSTUPN\u00dd OBJEM 1 L, 5 L A 10 L<\/strong><\/p>\n","protected":false},"excerpt":{"rendered":"<p>Siln\u00e9 a zdrav\u00e9 rostliny<\/p>\n","protected":false},"featured_media":201982,"comment_status":"closed","ping_status":"closed","template":"","meta":{"_acf_changed":false,"iawp_total_views":53},"product_brand":[],"product_cat":[386,382],"product_tag":[],"class_list":{"0":"post-49759","1":"product","2":"type-product","3":"status-publish","4":"has-post-thumbnail","6":"product_cat-bcuzz","7":"product_cat-zakladni-vyziva","9":"first","10":"instock","11":"shipping-taxable","12":"product-type-simple"},"acf":{"short_description":"<p><strong>Univerz\u00e1ln\u00ed z\u00e1kladn\u00ed v\u00fd\u017eiva B\u2019cuzz Hydro A&amp;B poskytuje (mlad\u00fdm) rostlin\u00e1m koncentrovan\u00e9, konkr\u00e9tn\u00ed miner\u00e1ln\u00ed \u017eiviny, kter\u00e9 pot\u0159ebuj\u00ed k siln\u00e9mu a zdrav\u00e9mu r\u016fstu.<\/strong><\/p><p><br \/>P\u0159i p\u011bstov\u00e1n\u00ed ve vod\u011b je t\u0159eba pou\u017e\u00edvat vy\u0161\u0161\u00ed d\u00e1vky \u017eivin. To je hlavn\u00ed d\u016fvod pro vy\u0161\u0161\u00ed koncentrace \u017eivin v Hydro A&amp;B. Hydro Rokz (j\u00edlov\u00fd granul\u00e1t) st\u011b\u017e\u00ed zadr\u017e\u00ed \u017eiviny, kter\u00e9 se snadno vypl\u00e1chnou. Ko\u0159eny nemaj\u00ed moc \u010dasu na vst\u0159eb\u00e1n\u00ed \u017eivin nav\u00edc ze sv\u00e9ho okol\u00ed. Pro pot\u0159eby rostliny je tak nutn\u00e9 zal\u00e9vat \u010dast\u011bji, s vy\u0161\u0161\u00ed koncentrac\u00ed \u017eivin. Vy\u0161\u0161\u00ed koncentrace tak\u00e9 umo\u017en\u00ed ob\u011bh \u017eivn\u00e9ho roztoku, proto\u017ee z\u016fstane bohat\u00fd na \u017eiviny po del\u0161\u00ed dobu.<\/p>","suitable_for":"<p>R\u016fzn\u00e9 druhy ovoce, zeleniny a bylin, jako je lilek, \u0161alv\u011bj a bazalka. Lze tak\u00e9 pou\u017e\u00edvat na interi\u00e9rov\u00e9 a pokojov\u00e9 rostliny (nap\u0159. na toulitku, levanduli a gerbery). Po\u017eadovanou d\u00e1vku je mo\u017en\u00e9 nam\u011b\u0159it podle pot\u0159eb konkr\u00e9tn\u00ed rostliny nebo plodiny.<\/p>","application":"<p>Proto\u017ee ur\u010dit\u00e9 \u017eiviny v roztoku spolu vz\u00e1jemn\u011b chemicky reaguj\u00ed ve vysok\u00fdch koncentrac\u00edch, \u017eiviny jsou odd\u011blen\u011b ve dvou lahv\u00edch, A a B. Koncentr\u00e1ty A a B je mo\u017en\u00e9 sm\u00edchat pouze v kombinaci s vodou.<\/p>","dosage":"<p>1\u20133 ml A a 1\u20133 ml B na litr vody.<\/p>","npk_ratio":"<p>Hydro A: NK 5-5 W\/W<br \/>Hydro B: PK 4-6 W\/W<\/p>","available_in":"<p>1 L, 5 L A 10 L<\/p>","icon_1":191546,"icon_1_text":"PRO SILN\u00c9 A ZDRAV\u00c9 ROSTLINY","icon_2":191561,"icon_2_text":"PRO CEL\u00dd CYKLUS R\u016eSTU","icon_3":191576,"icon_3_text":"PRO HYDROPONICK\u00c9 SYST\u00c9MY","icon_4":"","icon_4_text":"","video":"","second_image":5435,"product_image_page":24030,"user_manual":"","new_icon_1":"","new_icon_2":"","new_icon_3":"","new_icon_4":"","grow_guides":"","category":"Z\u00e1kladn\u00ed \u017eivina"},"yoast_head":"<!-- This site is optimized with the Yoast SEO Premium plugin v27.5 (Yoast SEO v27.5) - https:\/\/yoast.com\/product\/yoast-seo-premium-wordpress\/ -->\n<title>B&#039;cuzz Hydro A&amp;B \u2013 Kvalitn\u00ed v\u00fd\u017eiva pro hydroponick\u00e9 p\u011bstitele<\/title>\n<meta name=\"description\" content=\"Z\u00edskejte maxim\u00e1ln\u00ed v\u00fdsledky p\u0159i hydroponick\u00e9m p\u011bstov\u00e1n\u00ed s B&#039;cuzz Hydro A&amp;B. Tento vysoce \u00fa\u010dinn\u00fd hnojiv\u00fd roztok je ide\u00e1ln\u00ed pro optim\u00e1ln\u00ed r\u016fst a v\u00fdvoj va\u0161ich rostlin. Objevte v\u00fdhody pou\u017e\u00edv\u00e1n\u00ed B&#039;cuzz Hydro A&amp;B pro zdrav\u011bj\u0161\u00ed a siln\u011bj\u0161\u00ed rostliny!\" \/>\n<meta name=\"robots\" content=\"index, follow, max-snippet:-1, max-image-preview:large, max-video-preview:-1\" \/>\n<link rel=\"canonical\" href=\"https:\/\/atami.com\/cs\/produkt\/bcuzz-hydro-ab\" \/>\n<meta property=\"og:locale\" content=\"cs_CZ\" \/>\n<meta property=\"og:type\" content=\"article\" \/>\n<meta property=\"og:title\" content=\"B\u2019cuzz Hydro A&amp;B\" \/>\n<meta property=\"og:description\" content=\"Z\u00edskejte maxim\u00e1ln\u00ed v\u00fdsledky p\u0159i hydroponick\u00e9m p\u011bstov\u00e1n\u00ed s B&#039;cuzz Hydro A&amp;B. Tento vysoce \u00fa\u010dinn\u00fd hnojiv\u00fd roztok je ide\u00e1ln\u00ed pro optim\u00e1ln\u00ed r\u016fst a v\u00fdvoj va\u0161ich rostlin. Objevte v\u00fdhody pou\u017e\u00edv\u00e1n\u00ed B&#039;cuzz Hydro A&amp;B pro zdrav\u011bj\u0161\u00ed a siln\u011bj\u0161\u00ed rostliny!\" \/>\n<meta property=\"og:url\" content=\"https:\/\/atami.com\/cs\/produkt\/bcuzz-hydro-ab\" \/>\n<meta property=\"og:site_name\" content=\"Atami\" \/>\n<meta property=\"article:publisher\" content=\"https:\/\/www.facebook.com\/Atami.International\" \/>\n<meta property=\"article:modified_time\" content=\"2025-11-07T15:07:44+00:00\" \/>\n<meta property=\"og:image\" content=\"https:\/\/atami.com\/wp-content\/uploads\/2023\/02\/Bcuzz-Hydro-AB-product-image.webp\" \/>\n\t<meta property=\"og:image:width\" content=\"1080\" \/>\n\t<meta property=\"og:image:height\" content=\"1080\" \/>\n\t<meta property=\"og:image:type\" content=\"image\/webp\" \/>\n<meta name=\"twitter:card\" content=\"summary_large_image\" \/>\n<meta name=\"twitter:site\" content=\"@AtamiEU\" \/>\n<meta name=\"twitter:label1\" content=\"Odhadovan\u00e1 doba \u010dten\u00ed\" \/>\n\t<meta name=\"twitter:data1\" content=\"2 minuty\" \/>\n<script type=\"application\/ld+json\" class=\"yoast-schema-graph\">{\"@context\":\"https:\\\/\\\/schema.org\",\"@graph\":[{\"@type\":\"WebPage\",\"@id\":\"https:\\\/\\\/atami.com\\\/cs\\\/produkt\\\/bcuzz-hydro-ab\",\"url\":\"https:\\\/\\\/atami.com\\\/cs\\\/produkt\\\/bcuzz-hydro-ab\",\"name\":\"B'cuzz Hydro A&B \u2013 Kvalitn\u00ed v\u00fd\u017eiva pro hydroponick\u00e9 p\u011bstitele\",\"isPartOf\":{\"@id\":\"https:\\\/\\\/atami.com\\\/cs#website\"},\"primaryImageOfPage\":{\"@id\":\"https:\\\/\\\/atami.com\\\/cs\\\/produkt\\\/bcuzz-hydro-ab#primaryimage\"},\"image\":{\"@id\":\"https:\\\/\\\/atami.com\\\/cs\\\/produkt\\\/bcuzz-hydro-ab#primaryimage\"},\"thumbnailUrl\":\"https:\\\/\\\/atami.com\\\/wp-content\\\/uploads\\\/2023\\\/02\\\/Bcuzz-Hydro-AB-product-image.webp\",\"datePublished\":\"2023-02-10T15:52:06+00:00\",\"dateModified\":\"2025-11-07T15:07:44+00:00\",\"description\":\"Z\u00edskejte maxim\u00e1ln\u00ed v\u00fdsledky p\u0159i hydroponick\u00e9m p\u011bstov\u00e1n\u00ed s B'cuzz Hydro A&B. Tento vysoce \u00fa\u010dinn\u00fd hnojiv\u00fd roztok je ide\u00e1ln\u00ed pro optim\u00e1ln\u00ed r\u016fst a v\u00fdvoj va\u0161ich rostlin. Objevte v\u00fdhody pou\u017e\u00edv\u00e1n\u00ed B'cuzz Hydro A&B pro zdrav\u011bj\u0161\u00ed a siln\u011bj\u0161\u00ed rostliny!\",\"breadcrumb\":{\"@id\":\"https:\\\/\\\/atami.com\\\/cs\\\/produkt\\\/bcuzz-hydro-ab#breadcrumb\"},\"inLanguage\":\"cs\",\"potentialAction\":[{\"@type\":\"ReadAction\",\"target\":[\"https:\\\/\\\/atami.com\\\/cs\\\/produkt\\\/bcuzz-hydro-ab\"]}]},{\"@type\":\"ImageObject\",\"inLanguage\":\"cs\",\"@id\":\"https:\\\/\\\/atami.com\\\/cs\\\/produkt\\\/bcuzz-hydro-ab#primaryimage\",\"url\":\"https:\\\/\\\/atami.com\\\/wp-content\\\/uploads\\\/2023\\\/02\\\/Bcuzz-Hydro-AB-product-image.webp\",\"contentUrl\":\"https:\\\/\\\/atami.com\\\/wp-content\\\/uploads\\\/2023\\\/02\\\/Bcuzz-Hydro-AB-product-image.webp\",\"width\":1080,\"height\":1080,\"caption\":\"B\u2019cuzz Hydro A&B poskytuje z\u00e1kladn\u00ed miner\u00e1ly b\u011bhem cel\u00e9ho r\u016fstov\u00e9ho cyklu a zaji\u0161\u0165uje stabiln\u00ed a biologickou rovnov\u00e1hu v hydroponick\u00fdch substr\u00e1tech.\"},{\"@type\":\"BreadcrumbList\",\"@id\":\"https:\\\/\\\/atami.com\\\/cs\\\/produkt\\\/bcuzz-hydro-ab#breadcrumb\",\"itemListElement\":[{\"@type\":\"ListItem\",\"position\":1,\"name\":\"Home\",\"item\":\"https:\\\/\\\/atami.com\\\/cs\"},{\"@type\":\"ListItem\",\"position\":2,\"name\":\"Produkty\",\"item\":\"https:\\\/\\\/atami.com\\\/cs\\\/shop\"},{\"@type\":\"ListItem\",\"position\":3,\"name\":\"B'cuzz\",\"item\":\"https:\\\/\\\/atami.com\\\/cs\\\/kategorie-produktu\\\/znacky\\\/bcuzz\"},{\"@type\":\"ListItem\",\"position\":4,\"name\":\"B\u2019cuzz Hydro A&#038;B\"}]},{\"@type\":\"WebSite\",\"@id\":\"https:\\\/\\\/atami.com\\\/cs#website\",\"url\":\"https:\\\/\\\/atami.com\\\/cs\",\"name\":\"Atami\",\"description\":\"NATURALLY INNOVATING!\",\"publisher\":{\"@id\":\"https:\\\/\\\/atami.com\\\/cs#organization\"},\"potentialAction\":[{\"@type\":\"SearchAction\",\"target\":{\"@type\":\"EntryPoint\",\"urlTemplate\":\"https:\\\/\\\/atami.com\\\/cs?s={search_term_string}\"},\"query-input\":{\"@type\":\"PropertyValueSpecification\",\"valueRequired\":true,\"valueName\":\"search_term_string\"}}],\"inLanguage\":\"cs\"},{\"@type\":\"Organization\",\"@id\":\"https:\\\/\\\/atami.com\\\/cs#organization\",\"name\":\"Atami\",\"url\":\"https:\\\/\\\/atami.com\\\/cs\",\"logo\":{\"@type\":\"ImageObject\",\"inLanguage\":\"cs\",\"@id\":\"https:\\\/\\\/atami.com\\\/cs#\\\/schema\\\/logo\\\/image\\\/\",\"url\":\"https:\\\/\\\/atami.com\\\/wp-content\\\/uploads\\\/2026\\\/01\\\/Atami-logo-696x696px.webp\",\"contentUrl\":\"https:\\\/\\\/atami.com\\\/wp-content\\\/uploads\\\/2026\\\/01\\\/Atami-logo-696x696px.webp\",\"width\":696,\"height\":696,\"caption\":\"Atami\"},\"image\":{\"@id\":\"https:\\\/\\\/atami.com\\\/cs#\\\/schema\\\/logo\\\/image\\\/\"},\"sameAs\":[\"https:\\\/\\\/www.facebook.com\\\/Atami.International\",\"https:\\\/\\\/x.com\\\/AtamiEU\",\"https:\\\/\\\/www.youtube.com\\\/c\\\/AtamiInternational\",\"https:\\\/\\\/www.instagram.com\\\/atami.international\\\/\"],\"description\":\"ATAMI is a premium plant nutrition & substrate brand founded in 1997 with the mission to make exceptional cultivation achievable for everyone. From legacy to license, we offer a wide variety of innovating award-winning products to let cultivators achieve maximum results in taste & yield.\",\"email\":\"info@mginnovations.es\",\"legalName\":\"Atami\",\"numberOfEmployees\":{\"@type\":\"QuantitativeValue\",\"minValue\":\"11\",\"maxValue\":\"50\"}}]}<\/script>\n<!-- \/ Yoast SEO Premium plugin. -->","yoast_head_json":{"title":"B'cuzz Hydro A&B \u2013 Kvalitn\u00ed v\u00fd\u017eiva pro hydroponick\u00e9 p\u011bstitele","description":"Z\u00edskejte maxim\u00e1ln\u00ed v\u00fdsledky p\u0159i hydroponick\u00e9m p\u011bstov\u00e1n\u00ed s B'cuzz Hydro A&B. Tento vysoce \u00fa\u010dinn\u00fd hnojiv\u00fd roztok je ide\u00e1ln\u00ed pro optim\u00e1ln\u00ed r\u016fst a v\u00fdvoj va\u0161ich rostlin. Objevte v\u00fdhody pou\u017e\u00edv\u00e1n\u00ed B'cuzz Hydro A&B pro zdrav\u011bj\u0161\u00ed a siln\u011bj\u0161\u00ed rostliny!","robots":{"index":"index","follow":"follow","max-snippet":"max-snippet:-1","max-image-preview":"max-image-preview:large","max-video-preview":"max-video-preview:-1"},"canonical":"https:\/\/atami.com\/cs\/produkt\/bcuzz-hydro-ab","og_locale":"cs_CZ","og_type":"article","og_title":"B\u2019cuzz Hydro A&B","og_description":"Z\u00edskejte maxim\u00e1ln\u00ed v\u00fdsledky p\u0159i hydroponick\u00e9m p\u011bstov\u00e1n\u00ed s B'cuzz Hydro A&B. Tento vysoce \u00fa\u010dinn\u00fd hnojiv\u00fd roztok je ide\u00e1ln\u00ed pro optim\u00e1ln\u00ed r\u016fst a v\u00fdvoj va\u0161ich rostlin. Objevte v\u00fdhody pou\u017e\u00edv\u00e1n\u00ed B'cuzz Hydro A&B pro zdrav\u011bj\u0161\u00ed a siln\u011bj\u0161\u00ed rostliny!","og_url":"https:\/\/atami.com\/cs\/produkt\/bcuzz-hydro-ab","og_site_name":"Atami","article_publisher":"https:\/\/www.facebook.com\/Atami.International","article_modified_time":"2025-11-07T15:07:44+00:00","og_image":[{"width":1080,"height":1080,"url":"https:\/\/atami.com\/wp-content\/uploads\/2023\/02\/Bcuzz-Hydro-AB-product-image.webp","type":"image\/webp"}],"twitter_card":"summary_large_image","twitter_site":"@AtamiEU","twitter_misc":{"Odhadovan\u00e1 doba \u010dten\u00ed":"2 minuty"},"schema":{"@context":"https:\/\/schema.org","@graph":[{"@type":"WebPage","@id":"https:\/\/atami.com\/cs\/produkt\/bcuzz-hydro-ab","url":"https:\/\/atami.com\/cs\/produkt\/bcuzz-hydro-ab","name":"B'cuzz Hydro A&B \u2013 Kvalitn\u00ed v\u00fd\u017eiva pro hydroponick\u00e9 p\u011bstitele","isPartOf":{"@id":"https:\/\/atami.com\/cs#website"},"primaryImageOfPage":{"@id":"https:\/\/atami.com\/cs\/produkt\/bcuzz-hydro-ab#primaryimage"},"image":{"@id":"https:\/\/atami.com\/cs\/produkt\/bcuzz-hydro-ab#primaryimage"},"thumbnailUrl":"https:\/\/atami.com\/wp-content\/uploads\/2023\/02\/Bcuzz-Hydro-AB-product-image.webp","datePublished":"2023-02-10T15:52:06+00:00","dateModified":"2025-11-07T15:07:44+00:00","description":"Z\u00edskejte maxim\u00e1ln\u00ed v\u00fdsledky p\u0159i hydroponick\u00e9m p\u011bstov\u00e1n\u00ed s B'cuzz Hydro A&B. Tento vysoce \u00fa\u010dinn\u00fd hnojiv\u00fd roztok je ide\u00e1ln\u00ed pro optim\u00e1ln\u00ed r\u016fst a v\u00fdvoj va\u0161ich rostlin. Objevte v\u00fdhody pou\u017e\u00edv\u00e1n\u00ed B'cuzz Hydro A&B pro zdrav\u011bj\u0161\u00ed a siln\u011bj\u0161\u00ed rostliny!","breadcrumb":{"@id":"https:\/\/atami.com\/cs\/produkt\/bcuzz-hydro-ab#breadcrumb"},"inLanguage":"cs","potentialAction":[{"@type":"ReadAction","target":["https:\/\/atami.com\/cs\/produkt\/bcuzz-hydro-ab"]}]},{"@type":"ImageObject","inLanguage":"cs","@id":"https:\/\/atami.com\/cs\/produkt\/bcuzz-hydro-ab#primaryimage","url":"https:\/\/atami.com\/wp-content\/uploads\/2023\/02\/Bcuzz-Hydro-AB-product-image.webp","contentUrl":"https:\/\/atami.com\/wp-content\/uploads\/2023\/02\/Bcuzz-Hydro-AB-product-image.webp","width":1080,"height":1080,"caption":"B\u2019cuzz Hydro A&B poskytuje z\u00e1kladn\u00ed miner\u00e1ly b\u011bhem cel\u00e9ho r\u016fstov\u00e9ho cyklu a zaji\u0161\u0165uje stabiln\u00ed a biologickou rovnov\u00e1hu v hydroponick\u00fdch substr\u00e1tech."},{"@type":"BreadcrumbList","@id":"https:\/\/atami.com\/cs\/produkt\/bcuzz-hydro-ab#breadcrumb","itemListElement":[{"@type":"ListItem","position":1,"name":"Home","item":"https:\/\/atami.com\/cs"},{"@type":"ListItem","position":2,"name":"Produkty","item":"https:\/\/atami.com\/cs\/shop"},{"@type":"ListItem","position":3,"name":"B'cuzz","item":"https:\/\/atami.com\/cs\/kategorie-produktu\/znacky\/bcuzz"},{"@type":"ListItem","position":4,"name":"B\u2019cuzz Hydro A&#038;B"}]},{"@type":"WebSite","@id":"https:\/\/atami.com\/cs#website","url":"https:\/\/atami.com\/cs","name":"Atami","description":"NATURALLY INNOVATING!","publisher":{"@id":"https:\/\/atami.com\/cs#organization"},"potentialAction":[{"@type":"SearchAction","target":{"@type":"EntryPoint","urlTemplate":"https:\/\/atami.com\/cs?s={search_term_string}"},"query-input":{"@type":"PropertyValueSpecification","valueRequired":true,"valueName":"search_term_string"}}],"inLanguage":"cs"},{"@type":"Organization","@id":"https:\/\/atami.com\/cs#organization","name":"Atami","url":"https:\/\/atami.com\/cs","logo":{"@type":"ImageObject","inLanguage":"cs","@id":"https:\/\/atami.com\/cs#\/schema\/logo\/image\/","url":"https:\/\/atami.com\/wp-content\/uploads\/2026\/01\/Atami-logo-696x696px.webp","contentUrl":"https:\/\/atami.com\/wp-content\/uploads\/2026\/01\/Atami-logo-696x696px.webp","width":696,"height":696,"caption":"Atami"},"image":{"@id":"https:\/\/atami.com\/cs#\/schema\/logo\/image\/"},"sameAs":["https:\/\/www.facebook.com\/Atami.International","https:\/\/x.com\/AtamiEU","https:\/\/www.youtube.com\/c\/AtamiInternational","https:\/\/www.instagram.com\/atami.international\/"],"description":"ATAMI is a premium plant nutrition & substrate brand founded in 1997 with the mission to make exceptional cultivation achievable for everyone. From legacy to license, we offer a wide variety of innovating award-winning products to let cultivators achieve maximum results in taste & yield.","email":"info@mginnovations.es","legalName":"Atami","numberOfEmployees":{"@type":"QuantitativeValue","minValue":"11","maxValue":"50"}}]}},"_links":{"self":[{"href":"https:\/\/atami.com\/cs\/wp-json\/wp\/v2\/product\/49759","targetHints":{"allow":["GET"]}}],"collection":[{"href":"https:\/\/atami.com\/cs\/wp-json\/wp\/v2\/product"}],"about":[{"href":"https:\/\/atami.com\/cs\/wp-json\/wp\/v2\/types\/product"}],"replies":[{"embeddable":true,"href":"https:\/\/atami.com\/cs\/wp-json\/wp\/v2\/comments?post=49759"}],"wp:featuredmedia":[{"embeddable":true,"href":"https:\/\/atami.com\/cs\/wp-json\/wp\/v2\/media\/201982"}],"wp:attachment":[{"href":"https:\/\/atami.com\/cs\/wp-json\/wp\/v2\/media?parent=49759"}],"wp:term":[{"taxonomy":"product_brand","embeddable":true,"href":"https:\/\/atami.com\/cs\/wp-json\/wp\/v2\/product_brand?post=49759"},{"taxonomy":"product_cat","embeddable":true,"href":"https:\/\/atami.com\/cs\/wp-json\/wp\/v2\/product_cat?post=49759"},{"taxonomy":"product_tag","embeddable":true,"href":"https:\/\/atami.com\/cs\/wp-json\/wp\/v2\/product_tag?post=49759"}],"curies":[{"name":"wp","href":"https:\/\/api.w.org\/{rel}","templated":true}]}}