{"id":49758,"date":"2023-02-10T15:21:44","date_gmt":"2023-02-10T15:21:44","guid":{"rendered":"https:\/\/atami.com\/product\/bcuzz-soil-ab\/"},"modified":"2025-11-12T10:16:07","modified_gmt":"2025-11-12T08:16:07","slug":"bcuzz-soil-ab","status":"publish","type":"product","link":"https:\/\/atami.com\/cs\/produkt\/bcuzz-soil-ab","title":{"rendered":"B\u2019cuzz Soil A&#038;B"},"content":{"rendered":"<p><strong>B\u2019cuzz Soil A&amp;B poskytuje (mlad\u00fdm) rostlin\u00e1m koncentrovanou, konkr\u00e9tn\u00ed miner\u00e1ln\u00ed v\u00fd\u017eivu, kterou pot\u0159ebuje k siln\u00e9mu a zdrav\u00e9mu r\u016fstu.<\/strong><\/p>\n<p>\nB\u2019cuzz Soil A&amp;B je univerz\u00e1ln\u00ed z\u00e1kladn\u00ed v\u00fd\u017eiva dod\u00e1vaj\u00edc\u00ed substr\u00e1tu stabiln\u00ed a biologickou rovnov\u00e1hu. Obsahuje v\u0161echny nezbytn\u00e9 \u017eiviny pro cel\u00fd p\u011bstebn\u00ed cyklus a lze ji pou\u017e\u00edvat pro p\u011bstov\u00e1n\u00ed jak interi\u00e9rov\u00fdch, tak venkovn\u00edch rostlin. V r\u00e1mci univerz\u00e1ln\u00ed z\u00e1kladn\u00ed v\u00fd\u017eivy B\u2019cuzz m\u00e1me n\u011bkolik produkt\u016f pro r\u016fzn\u00e9 f\u00e1ze rostliny. Je v\u0161ak mo\u017en\u00e9 si pohr\u00e1t s d\u00e1vkov\u00e1n\u00edm \u017eivin A a B. U r\u016fstov\u00e9 f\u00e1ze m\u016f\u017eete nad\u00e1vkovat o n\u011bco v\u00edc p\u0159\u00edpravku A a ve f\u00e1zi kv\u011btu o trochu v\u00edc p\u0159\u00edpravku B.<\/p>\n<p>\n<strong>ZEJM\u00c9NA VHODN\u00dd PRO:<\/strong><br \/>\nR\u016fzn\u00e9 druhy ovoce, zeleniny a bylin, jako je cuketa, fazole a tymi\u00e1n. Lze tak\u00e9 pou\u017e\u00edvat na interi\u00e9rov\u00e9 a pokojov\u00e9 rostliny (nap\u0159. na stra\u010dku Delphinium a okrasn\u00e9 tr\u00e1vy). Po\u017eadovanou d\u00e1vku je mo\u017en\u00e9 nam\u011b\u0159it podle pot\u0159eb konkr\u00e9tn\u00ed rostliny nebo plodiny.<\/p>\n<p>\n<strong>POU\u017dIT\u00cd<\/strong><br \/>\nProto\u017ee ur\u010dit\u00e9 \u017eiviny v roztoku spolu vz\u00e1jemn\u011b chemicky reaguj\u00ed ve vysok\u00fdch koncentrac\u00edch, \u017eiviny jsou odd\u011blen\u011b ve dvou lahv\u00edch, A a B. Koncentr\u00e1ty A a B je mo\u017en\u00e9 sm\u00edchat pouze v kombinaci s vodou.<\/p>\n<p>\n<strong>D\u00c1VKOV\u00c1N\u00cd<\/strong><br \/>\nSiln\u011b hnojen\u00fd kompost (na zeminu): 1\u20133 ml A a 1\u20133 ml B na litr vody<br \/>\nM\u00edrn\u011b hnojen\u00fd kompost (na zeminu): 1\u20135 ml A a 1\u20135 ml B na litr vody<\/p>\n<p>\n<strong>Soil A: NK 3-3 W\/W<\/strong><br \/>\n<strong>Soil B: PK 3-4 W\/W<\/strong><\/p>\n<p>\n<strong>DOSTUPN\u00dd OBJEM 1 L, 5 L A 10 L<\/strong><\/p>\n","protected":false},"excerpt":{"rendered":"<p>Siln\u00e9 a zdrav\u00e9 rostliny<\/p>\n","protected":false},"featured_media":201952,"comment_status":"closed","ping_status":"closed","template":"","meta":{"_acf_changed":false,"iawp_total_views":63},"product_brand":[],"product_cat":[386,382],"product_tag":[],"class_list":{"0":"post-49758","1":"product","2":"type-product","3":"status-publish","4":"has-post-thumbnail","6":"product_cat-bcuzz","7":"product_cat-zakladni-vyziva","9":"first","10":"instock","11":"shipping-taxable","12":"product-type-simple"},"acf":{"short_description":"<p><strong>B\u2019cuzz Soil A&amp;B poskytuje (mlad\u00fdm) rostlin\u00e1m koncentrovanou, konkr\u00e9tn\u00ed miner\u00e1ln\u00ed v\u00fd\u017eivu, kterou pot\u0159ebuje k siln\u00e9mu a zdrav\u00e9mu r\u016fstu.<\/strong><\/p><p><br \/>B\u2019cuzz Soil A&amp;B je univerz\u00e1ln\u00ed z\u00e1kladn\u00ed v\u00fd\u017eiva dod\u00e1vaj\u00edc\u00ed substr\u00e1tu stabiln\u00ed a biologickou rovnov\u00e1hu. Obsahuje v\u0161echny nezbytn\u00e9 \u017eiviny pro cel\u00fd p\u011bstebn\u00ed cyklus a lze ji pou\u017e\u00edvat pro p\u011bstov\u00e1n\u00ed jak interi\u00e9rov\u00fdch, tak venkovn\u00edch rostlin. V r\u00e1mci univerz\u00e1ln\u00ed z\u00e1kladn\u00ed v\u00fd\u017eivy B\u2019cuzz m\u00e1me n\u011bkolik produkt\u016f pro r\u016fzn\u00e9 f\u00e1ze rostliny. Je v\u0161ak mo\u017en\u00e9 si pohr\u00e1t s d\u00e1vkov\u00e1n\u00edm \u017eivin A a B. U r\u016fstov\u00e9 f\u00e1ze m\u016f\u017eete nad\u00e1vkovat o n\u011bco v\u00edc p\u0159\u00edpravku A a ve f\u00e1zi kv\u011btu o trochu v\u00edc p\u0159\u00edpravku B.<\/p>","suitable_for":"<p>R\u016fzn\u00e9 druhy ovoce, zeleniny a bylin, jako je cuketa, fazole a tymi\u00e1n. Lze tak\u00e9 pou\u017e\u00edvat na interi\u00e9rov\u00e9 a pokojov\u00e9 rostliny (nap\u0159. na stra\u010dku Delphinium a okrasn\u00e9 tr\u00e1vy). Po\u017eadovanou d\u00e1vku je mo\u017en\u00e9 nam\u011b\u0159it podle pot\u0159eb konkr\u00e9tn\u00ed rostliny nebo plodiny.<\/p>","application":"<p>Proto\u017ee ur\u010dit\u00e9 \u017eiviny v roztoku spolu vz\u00e1jemn\u011b chemicky reaguj\u00ed ve vysok\u00fdch koncentrac\u00edch, \u017eiviny jsou odd\u011blen\u011b ve dvou lahv\u00edch, A a B. Koncentr\u00e1ty A a B je mo\u017en\u00e9 sm\u00edchat pouze v kombinaci s vodou.<\/p>","dosage":"<p>Siln\u011b hnojen\u00fd kompost (na zeminu): 1\u20133 ml A a 1\u20133 ml B na litr vody<br \/>M\u00edrn\u011b hnojen\u00fd kompost (na zeminu): 1\u20135 ml A a 1\u20135 ml B na litr vody<\/p>","npk_ratio":"<p>Soil A: NK 3-3 W\/W<br \/>Soil B: PK 3-4 W\/W<\/p>","available_in":"<p>1 L, 5 L A 10 L<\/p>","icon_1":191401,"icon_1_text":"PRO SILN\u00c9 A ZDRAV\u00c9 ROSTLINY","icon_2":191386,"icon_2_text":"PRO CEL\u00dd CYKLUS R\u016eSTU","icon_3":191371,"icon_3_text":"PRO P\u016eDN\u00cd SUBSTR\u00c1TY","icon_4":"","icon_4_text":"","video":"","second_image":5423,"product_image_page":24000,"user_manual":"","new_icon_1":"","new_icon_2":"","new_icon_3":"","new_icon_4":"","grow_guides":"","category":"Z\u00e1kladn\u00ed \u017eivina"},"yoast_head":"<!-- This site is optimized with the Yoast SEO Premium plugin v27.5 (Yoast SEO v27.5) - https:\/\/yoast.com\/product\/yoast-seo-premium-wordpress\/ -->\n<title>B&#039;cuzz Soil A&amp;B: Optimaln\u00ed \u017eiviny pro zdrav\u00fd r\u016fst v p\u016fd\u011b<\/title>\n<meta name=\"description\" content=\"Objevte, jak B&#039;cuzz Soil A&amp;B poskytuje ide\u00e1ln\u00ed \u017eiviny pro r\u016fst va\u0161ich rostlin v p\u016fd\u011b. Zajist\u011bte lep\u0161\u00ed v\u00fdnosy a siln\u011bj\u0161\u00ed rostliny d\u00edky na\u0161emu jedine\u010dn\u00e9mu hnojivu.\" \/>\n<meta name=\"robots\" content=\"index, follow, max-snippet:-1, max-image-preview:large, max-video-preview:-1\" \/>\n<link rel=\"canonical\" href=\"https:\/\/atami.com\/cs\/produkt\/bcuzz-soil-ab\" \/>\n<meta property=\"og:locale\" content=\"cs_CZ\" \/>\n<meta property=\"og:type\" content=\"article\" \/>\n<meta property=\"og:title\" content=\"B\u2019cuzz Soil A&amp;B\" \/>\n<meta property=\"og:description\" content=\"Objevte, jak B&#039;cuzz Soil A&amp;B poskytuje ide\u00e1ln\u00ed \u017eiviny pro r\u016fst va\u0161ich rostlin v p\u016fd\u011b. Zajist\u011bte lep\u0161\u00ed v\u00fdnosy a siln\u011bj\u0161\u00ed rostliny d\u00edky na\u0161emu jedine\u010dn\u00e9mu hnojivu.\" \/>\n<meta property=\"og:url\" content=\"https:\/\/atami.com\/cs\/produkt\/bcuzz-soil-ab\" \/>\n<meta property=\"og:site_name\" content=\"Atami\" \/>\n<meta property=\"article:publisher\" content=\"https:\/\/www.facebook.com\/Atami.International\" \/>\n<meta property=\"article:modified_time\" content=\"2025-11-12T08:16:07+00:00\" \/>\n<meta property=\"og:image\" content=\"https:\/\/atami.com\/wp-content\/uploads\/2023\/02\/Bcuzz-Soil-AB-product-image.webp\" \/>\n\t<meta property=\"og:image:width\" content=\"1080\" \/>\n\t<meta property=\"og:image:height\" content=\"1080\" \/>\n\t<meta property=\"og:image:type\" content=\"image\/webp\" \/>\n<meta name=\"twitter:card\" content=\"summary_large_image\" \/>\n<meta name=\"twitter:site\" content=\"@AtamiEU\" \/>\n<meta name=\"twitter:label1\" content=\"Odhadovan\u00e1 doba \u010dten\u00ed\" \/>\n\t<meta name=\"twitter:data1\" content=\"2 minuty\" \/>\n<script type=\"application\/ld+json\" class=\"yoast-schema-graph\">{\"@context\":\"https:\\\/\\\/schema.org\",\"@graph\":[{\"@type\":\"WebPage\",\"@id\":\"https:\\\/\\\/atami.com\\\/cs\\\/produkt\\\/bcuzz-soil-ab\",\"url\":\"https:\\\/\\\/atami.com\\\/cs\\\/produkt\\\/bcuzz-soil-ab\",\"name\":\"B'cuzz Soil A&B: Optimaln\u00ed \u017eiviny pro zdrav\u00fd r\u016fst v p\u016fd\u011b\",\"isPartOf\":{\"@id\":\"https:\\\/\\\/atami.com\\\/cs#website\"},\"primaryImageOfPage\":{\"@id\":\"https:\\\/\\\/atami.com\\\/cs\\\/produkt\\\/bcuzz-soil-ab#primaryimage\"},\"image\":{\"@id\":\"https:\\\/\\\/atami.com\\\/cs\\\/produkt\\\/bcuzz-soil-ab#primaryimage\"},\"thumbnailUrl\":\"https:\\\/\\\/atami.com\\\/wp-content\\\/uploads\\\/2023\\\/02\\\/Bcuzz-Soil-AB-product-image.webp\",\"datePublished\":\"2023-02-10T15:21:44+00:00\",\"dateModified\":\"2025-11-12T08:16:07+00:00\",\"description\":\"Objevte, jak B'cuzz Soil A&B poskytuje ide\u00e1ln\u00ed \u017eiviny pro r\u016fst va\u0161ich rostlin v p\u016fd\u011b. Zajist\u011bte lep\u0161\u00ed v\u00fdnosy a siln\u011bj\u0161\u00ed rostliny d\u00edky na\u0161emu jedine\u010dn\u00e9mu hnojivu.\",\"breadcrumb\":{\"@id\":\"https:\\\/\\\/atami.com\\\/cs\\\/produkt\\\/bcuzz-soil-ab#breadcrumb\"},\"inLanguage\":\"cs\",\"potentialAction\":[{\"@type\":\"ReadAction\",\"target\":[\"https:\\\/\\\/atami.com\\\/cs\\\/produkt\\\/bcuzz-soil-ab\"]}]},{\"@type\":\"ImageObject\",\"inLanguage\":\"cs\",\"@id\":\"https:\\\/\\\/atami.com\\\/cs\\\/produkt\\\/bcuzz-soil-ab#primaryimage\",\"url\":\"https:\\\/\\\/atami.com\\\/wp-content\\\/uploads\\\/2023\\\/02\\\/Bcuzz-Soil-AB-product-image.webp\",\"contentUrl\":\"https:\\\/\\\/atami.com\\\/wp-content\\\/uploads\\\/2023\\\/02\\\/Bcuzz-Soil-AB-product-image.webp\",\"width\":1080,\"height\":1080,\"caption\":\"B\u2019cuzz Soil A&B poskytuje z\u00e1kladn\u00ed miner\u00e1ly pro cel\u00fd r\u016fstov\u00fd cyklus a zaji\u0161\u0165uje stabiln\u00ed a biologickou rovnov\u00e1hu v p\u016fdn\u00edch substr\u00e1tech.\"},{\"@type\":\"BreadcrumbList\",\"@id\":\"https:\\\/\\\/atami.com\\\/cs\\\/produkt\\\/bcuzz-soil-ab#breadcrumb\",\"itemListElement\":[{\"@type\":\"ListItem\",\"position\":1,\"name\":\"Home\",\"item\":\"https:\\\/\\\/atami.com\\\/cs\"},{\"@type\":\"ListItem\",\"position\":2,\"name\":\"Produkty\",\"item\":\"https:\\\/\\\/atami.com\\\/cs\\\/shop\"},{\"@type\":\"ListItem\",\"position\":3,\"name\":\"B'cuzz\",\"item\":\"https:\\\/\\\/atami.com\\\/cs\\\/kategorie-produktu\\\/znacky\\\/bcuzz\"},{\"@type\":\"ListItem\",\"position\":4,\"name\":\"B\u2019cuzz Soil A&#038;B\"}]},{\"@type\":\"WebSite\",\"@id\":\"https:\\\/\\\/atami.com\\\/cs#website\",\"url\":\"https:\\\/\\\/atami.com\\\/cs\",\"name\":\"Atami\",\"description\":\"NATURALLY INNOVATING!\",\"publisher\":{\"@id\":\"https:\\\/\\\/atami.com\\\/cs#organization\"},\"potentialAction\":[{\"@type\":\"SearchAction\",\"target\":{\"@type\":\"EntryPoint\",\"urlTemplate\":\"https:\\\/\\\/atami.com\\\/cs?s={search_term_string}\"},\"query-input\":{\"@type\":\"PropertyValueSpecification\",\"valueRequired\":true,\"valueName\":\"search_term_string\"}}],\"inLanguage\":\"cs\"},{\"@type\":\"Organization\",\"@id\":\"https:\\\/\\\/atami.com\\\/cs#organization\",\"name\":\"Atami\",\"url\":\"https:\\\/\\\/atami.com\\\/cs\",\"logo\":{\"@type\":\"ImageObject\",\"inLanguage\":\"cs\",\"@id\":\"https:\\\/\\\/atami.com\\\/cs#\\\/schema\\\/logo\\\/image\\\/\",\"url\":\"https:\\\/\\\/atami.com\\\/wp-content\\\/uploads\\\/2026\\\/01\\\/Atami-logo-696x696px.webp\",\"contentUrl\":\"https:\\\/\\\/atami.com\\\/wp-content\\\/uploads\\\/2026\\\/01\\\/Atami-logo-696x696px.webp\",\"width\":696,\"height\":696,\"caption\":\"Atami\"},\"image\":{\"@id\":\"https:\\\/\\\/atami.com\\\/cs#\\\/schema\\\/logo\\\/image\\\/\"},\"sameAs\":[\"https:\\\/\\\/www.facebook.com\\\/Atami.International\",\"https:\\\/\\\/x.com\\\/AtamiEU\",\"https:\\\/\\\/www.youtube.com\\\/c\\\/AtamiInternational\",\"https:\\\/\\\/www.instagram.com\\\/atami.international\\\/\"],\"description\":\"ATAMI is a premium plant nutrition & substrate brand founded in 1997 with the mission to make exceptional cultivation achievable for everyone. From legacy to license, we offer a wide variety of innovating award-winning products to let cultivators achieve maximum results in taste & yield.\",\"email\":\"info@mginnovations.es\",\"legalName\":\"Atami\",\"numberOfEmployees\":{\"@type\":\"QuantitativeValue\",\"minValue\":\"11\",\"maxValue\":\"50\"}}]}<\/script>\n<!-- \/ Yoast SEO Premium plugin. -->","yoast_head_json":{"title":"B'cuzz Soil A&B: Optimaln\u00ed \u017eiviny pro zdrav\u00fd r\u016fst v p\u016fd\u011b","description":"Objevte, jak B'cuzz Soil A&B poskytuje ide\u00e1ln\u00ed \u017eiviny pro r\u016fst va\u0161ich rostlin v p\u016fd\u011b. Zajist\u011bte lep\u0161\u00ed v\u00fdnosy a siln\u011bj\u0161\u00ed rostliny d\u00edky na\u0161emu jedine\u010dn\u00e9mu hnojivu.","robots":{"index":"index","follow":"follow","max-snippet":"max-snippet:-1","max-image-preview":"max-image-preview:large","max-video-preview":"max-video-preview:-1"},"canonical":"https:\/\/atami.com\/cs\/produkt\/bcuzz-soil-ab","og_locale":"cs_CZ","og_type":"article","og_title":"B\u2019cuzz Soil A&B","og_description":"Objevte, jak B'cuzz Soil A&B poskytuje ide\u00e1ln\u00ed \u017eiviny pro r\u016fst va\u0161ich rostlin v p\u016fd\u011b. Zajist\u011bte lep\u0161\u00ed v\u00fdnosy a siln\u011bj\u0161\u00ed rostliny d\u00edky na\u0161emu jedine\u010dn\u00e9mu hnojivu.","og_url":"https:\/\/atami.com\/cs\/produkt\/bcuzz-soil-ab","og_site_name":"Atami","article_publisher":"https:\/\/www.facebook.com\/Atami.International","article_modified_time":"2025-11-12T08:16:07+00:00","og_image":[{"width":1080,"height":1080,"url":"https:\/\/atami.com\/wp-content\/uploads\/2023\/02\/Bcuzz-Soil-AB-product-image.webp","type":"image\/webp"}],"twitter_card":"summary_large_image","twitter_site":"@AtamiEU","twitter_misc":{"Odhadovan\u00e1 doba \u010dten\u00ed":"2 minuty"},"schema":{"@context":"https:\/\/schema.org","@graph":[{"@type":"WebPage","@id":"https:\/\/atami.com\/cs\/produkt\/bcuzz-soil-ab","url":"https:\/\/atami.com\/cs\/produkt\/bcuzz-soil-ab","name":"B'cuzz Soil A&B: Optimaln\u00ed \u017eiviny pro zdrav\u00fd r\u016fst v p\u016fd\u011b","isPartOf":{"@id":"https:\/\/atami.com\/cs#website"},"primaryImageOfPage":{"@id":"https:\/\/atami.com\/cs\/produkt\/bcuzz-soil-ab#primaryimage"},"image":{"@id":"https:\/\/atami.com\/cs\/produkt\/bcuzz-soil-ab#primaryimage"},"thumbnailUrl":"https:\/\/atami.com\/wp-content\/uploads\/2023\/02\/Bcuzz-Soil-AB-product-image.webp","datePublished":"2023-02-10T15:21:44+00:00","dateModified":"2025-11-12T08:16:07+00:00","description":"Objevte, jak B'cuzz Soil A&B poskytuje ide\u00e1ln\u00ed \u017eiviny pro r\u016fst va\u0161ich rostlin v p\u016fd\u011b. Zajist\u011bte lep\u0161\u00ed v\u00fdnosy a siln\u011bj\u0161\u00ed rostliny d\u00edky na\u0161emu jedine\u010dn\u00e9mu hnojivu.","breadcrumb":{"@id":"https:\/\/atami.com\/cs\/produkt\/bcuzz-soil-ab#breadcrumb"},"inLanguage":"cs","potentialAction":[{"@type":"ReadAction","target":["https:\/\/atami.com\/cs\/produkt\/bcuzz-soil-ab"]}]},{"@type":"ImageObject","inLanguage":"cs","@id":"https:\/\/atami.com\/cs\/produkt\/bcuzz-soil-ab#primaryimage","url":"https:\/\/atami.com\/wp-content\/uploads\/2023\/02\/Bcuzz-Soil-AB-product-image.webp","contentUrl":"https:\/\/atami.com\/wp-content\/uploads\/2023\/02\/Bcuzz-Soil-AB-product-image.webp","width":1080,"height":1080,"caption":"B\u2019cuzz Soil A&B poskytuje z\u00e1kladn\u00ed miner\u00e1ly pro cel\u00fd r\u016fstov\u00fd cyklus a zaji\u0161\u0165uje stabiln\u00ed a biologickou rovnov\u00e1hu v p\u016fdn\u00edch substr\u00e1tech."},{"@type":"BreadcrumbList","@id":"https:\/\/atami.com\/cs\/produkt\/bcuzz-soil-ab#breadcrumb","itemListElement":[{"@type":"ListItem","position":1,"name":"Home","item":"https:\/\/atami.com\/cs"},{"@type":"ListItem","position":2,"name":"Produkty","item":"https:\/\/atami.com\/cs\/shop"},{"@type":"ListItem","position":3,"name":"B'cuzz","item":"https:\/\/atami.com\/cs\/kategorie-produktu\/znacky\/bcuzz"},{"@type":"ListItem","position":4,"name":"B\u2019cuzz Soil A&#038;B"}]},{"@type":"WebSite","@id":"https:\/\/atami.com\/cs#website","url":"https:\/\/atami.com\/cs","name":"Atami","description":"NATURALLY INNOVATING!","publisher":{"@id":"https:\/\/atami.com\/cs#organization"},"potentialAction":[{"@type":"SearchAction","target":{"@type":"EntryPoint","urlTemplate":"https:\/\/atami.com\/cs?s={search_term_string}"},"query-input":{"@type":"PropertyValueSpecification","valueRequired":true,"valueName":"search_term_string"}}],"inLanguage":"cs"},{"@type":"Organization","@id":"https:\/\/atami.com\/cs#organization","name":"Atami","url":"https:\/\/atami.com\/cs","logo":{"@type":"ImageObject","inLanguage":"cs","@id":"https:\/\/atami.com\/cs#\/schema\/logo\/image\/","url":"https:\/\/atami.com\/wp-content\/uploads\/2026\/01\/Atami-logo-696x696px.webp","contentUrl":"https:\/\/atami.com\/wp-content\/uploads\/2026\/01\/Atami-logo-696x696px.webp","width":696,"height":696,"caption":"Atami"},"image":{"@id":"https:\/\/atami.com\/cs#\/schema\/logo\/image\/"},"sameAs":["https:\/\/www.facebook.com\/Atami.International","https:\/\/x.com\/AtamiEU","https:\/\/www.youtube.com\/c\/AtamiInternational","https:\/\/www.instagram.com\/atami.international\/"],"description":"ATAMI is a premium plant nutrition & substrate brand founded in 1997 with the mission to make exceptional cultivation achievable for everyone. From legacy to license, we offer a wide variety of innovating award-winning products to let cultivators achieve maximum results in taste & yield.","email":"info@mginnovations.es","legalName":"Atami","numberOfEmployees":{"@type":"QuantitativeValue","minValue":"11","maxValue":"50"}}]}},"_links":{"self":[{"href":"https:\/\/atami.com\/cs\/wp-json\/wp\/v2\/product\/49758","targetHints":{"allow":["GET"]}}],"collection":[{"href":"https:\/\/atami.com\/cs\/wp-json\/wp\/v2\/product"}],"about":[{"href":"https:\/\/atami.com\/cs\/wp-json\/wp\/v2\/types\/product"}],"replies":[{"embeddable":true,"href":"https:\/\/atami.com\/cs\/wp-json\/wp\/v2\/comments?post=49758"}],"wp:featuredmedia":[{"embeddable":true,"href":"https:\/\/atami.com\/cs\/wp-json\/wp\/v2\/media\/201952"}],"wp:attachment":[{"href":"https:\/\/atami.com\/cs\/wp-json\/wp\/v2\/media?parent=49758"}],"wp:term":[{"taxonomy":"product_brand","embeddable":true,"href":"https:\/\/atami.com\/cs\/wp-json\/wp\/v2\/product_brand?post=49758"},{"taxonomy":"product_cat","embeddable":true,"href":"https:\/\/atami.com\/cs\/wp-json\/wp\/v2\/product_cat?post=49758"},{"taxonomy":"product_tag","embeddable":true,"href":"https:\/\/atami.com\/cs\/wp-json\/wp\/v2\/product_tag?post=49758"}],"curies":[{"name":"wp","href":"https:\/\/api.w.org\/{rel}","templated":true}]}}