{"id":49757,"date":"2023-02-10T15:07:15","date_gmt":"2023-02-10T15:07:15","guid":{"rendered":"https:\/\/atami.com\/product\/ata-nrg-flavor\/"},"modified":"2025-11-24T12:26:46","modified_gmt":"2025-11-24T10:26:46","slug":"ata-nrg-flavor","status":"publish","type":"product","link":"https:\/\/atami.com\/cs\/produkt\/ata-nrg-flavor","title":{"rendered":"ATA NRG Flavor"},"content":{"rendered":"<p><strong>Toto aditivum na b\u00e1zi melas podporuj\u00edc\u00ed kveten\u00ed je bohat\u00e9 na drasl\u00edk (K). ATA NRG Flavor stimuluje kveten\u00ed, p\u0159i\u010dem\u017e vytv\u00e1\u0159\u00ed p\u0159ebohat\u00e9 kv\u011bty.<\/strong><\/p>\n<p>\nDrasl\u00edk v\u00fdrazn\u011b p\u0159isp\u00edv\u00e1 k optim\u00e1ln\u00edmu toku m\u00edzy v rostlin\u011b. D\u00edky n\u011bmu vyroste robustn\u00ed stvol a v\u011btve, kter\u00e9 povedou k lep\u0161\u00ed sklizni. P\u0159id\u00e1te-li ATA NRG Flavor k obvykl\u00e9 v\u00fd\u017eiv\u011b, bude to m\u00edt pozitivn\u00ed vliv na chu\u0165 a v\u016fni va\u0161ich kone\u010dn\u00fdch produkt\u016f.<\/p>\n<p>\n<strong>VHODNOST<\/strong><br \/>\nR\u016fzn\u00e9 druhy ovoce a zeleniny jako sladk\u00e9 papriky, raj\u010d\u00e1tka cherry, jahody, melouny, maliny atd.<\/p>\n<p>\n<strong>POU\u017dIT\u00cd<\/strong><br \/>\nP\u0159id\u00e1vejte posledn\u00ed 2 t\u00fddny f\u00e1ze kveten\u00ed. ATA NRG Flavour je vhodn\u00fd pro v\u0161echny substr\u00e1ty a rostlina ho absorbuje p\u0159\u00edmo. Je to ide\u00e1ln\u00ed hnojivo pro p\u011bstov\u00e1n\u00ed t\u00e9m\u011b\u0159 v\u0161ech plodin v p\u016fd\u011b, hydroponii nebo kokosov\u00e9m substr\u00e1tu. P\u0159i pou\u017e\u00edv\u00e1n\u00ed zavla\u017eovac\u00edch syst\u00e9m\u016f lze ATA NRG Flavour pod\u00e1vat pouze ru\u010dn\u011b pomoc\u00ed konve, jinak riskujete jejich zanesen\u00ed.<\/p>\n<p>\n<strong>D\u00c1VKOV\u00c1N\u00cd<\/strong><br \/>\n0,25\u20131,5 ml na litr vody.<\/p>\n<p>\n<strong>K 7 W\/W<\/strong><\/p>\n<p>\n<strong>DOSTUPN\u00dd OBJEM 1L A 5 L<\/strong><\/p>\n","protected":false},"excerpt":{"rendered":"<p>Z\u00e1kladn\u00ed \u017eiviny<\/p>\n<p>Zlep\u0161uje v\u016fni a chu\u0165<\/p>\n","protected":false},"featured_media":23970,"comment_status":"closed","ping_status":"closed","template":"","meta":{"_acf_changed":false,"iawp_total_views":19},"product_brand":[],"product_cat":[384,385],"product_tag":[],"class_list":{"0":"post-49757","1":"product","2":"type-product","3":"status-publish","4":"has-post-thumbnail","6":"product_cat-aditivni","7":"product_cat-ata-nrg","9":"first","10":"instock","11":"shipping-taxable","12":"product-type-simple"},"acf":{"short_description":"<p><strong>Toto aditivum na b\u00e1zi melas podporuj\u00edc\u00ed kveten\u00ed je bohat\u00e9 na drasl\u00edk (K). ATA NRG Flavor stimuluje kveten\u00ed, p\u0159i\u010dem\u017e vytv\u00e1\u0159\u00ed p\u0159ebohat\u00e9 kv\u011bty.<\/strong><\/p><p><br \/>Drasl\u00edk v\u00fdrazn\u011b p\u0159isp\u00edv\u00e1 k optim\u00e1ln\u00edmu toku m\u00edzy v rostlin\u011b. D\u00edky n\u011bmu vyroste robustn\u00ed stvol a v\u011btve, kter\u00e9 povedou k lep\u0161\u00ed sklizni. P\u0159id\u00e1te-li ATA NRG Flavor k obvykl\u00e9 v\u00fd\u017eiv\u011b, bude to m\u00edt pozitivn\u00ed vliv na chu\u0165 a v\u016fni va\u0161ich kone\u010dn\u00fdch produkt\u016f.<\/p>","suitable_for":"<p>R\u016fzn\u00e9 druhy ovoce a zeleniny jako sladk\u00e9 papriky, raj\u010d\u00e1tka cherry, jahody, melouny, maliny atd.<\/p>","application":"<p>P\u0159id\u00e1vejte posledn\u00ed 2 t\u00fddny f\u00e1ze kveten\u00ed. ATA NRG Flavour je vhodn\u00fd pro v\u0161echny substr\u00e1ty a rostlina ho absorbuje p\u0159\u00edmo. Je to ide\u00e1ln\u00ed hnojivo pro p\u011bstov\u00e1n\u00ed t\u00e9m\u011b\u0159 v\u0161ech plodin v p\u016fd\u011b, hydroponii nebo kokosov\u00e9m substr\u00e1tu. P\u0159i pou\u017e\u00edv\u00e1n\u00ed zavla\u017eovac\u00edch syst\u00e9m\u016f lze ATA NRG Flavour pod\u00e1vat pouze ru\u010dn\u011b pomoc\u00ed konve, jinak riskujete jejich zanesen\u00ed.<\/p>","dosage":"<p>0,25\u20131,5 ml na litr vody.<\/p>","npk_ratio":"<p>K 7 W\/W<\/p>","available_in":"<p>1 L A 5 L<\/p>","icon_1":6003,"icon_1_text":"VHODN\u00dd PRO V\u0160ECHNY SUBSTR\u00c1TY","icon_2":6007,"icon_2_text":"STIMULUJE TVORBU CUKRU V KV\u011aTECH","icon_3":6011,"icon_3_text":"P\u0158EBOHAT\u00c9 KV\u011aTY","icon_4":"","icon_4_text":"","video":"https:\/\/youtu.be\/62jPZdOTBOU","second_image":5999,"product_image_page":6047,"user_manual":"","new_icon_1":"","new_icon_2":"","new_icon_3":"","new_icon_4":"","grow_guides":"","category":"Aditivn\u00ed"},"yoast_head":"<!-- This site is optimized with the Yoast SEO Premium plugin v27.5 (Yoast SEO v27.5) - https:\/\/yoast.com\/product\/yoast-seo-premium-wordpress\/ -->\n<title>ATA NRG Flavor \u2013 Zvy\u0161te aroma a chu\u0165 va\u0161\u00ed \u00farody<\/title>\n<meta name=\"description\" content=\"Objevte ATA NRG Flavor, kv\u011btov\u00fd dopln\u011bk bohat\u00fd na drasl\u00edk na b\u00e1zi melasy z \u010derven\u00e9 \u0159epy, kter\u00fd stimuluje kveten\u00ed a zlep\u0161uje chu\u0165 a v\u016fni va\u0161ich plod\u016f. Vhodn\u00fd pro r\u016fzn\u00e9 druhy zeleniny a ovoce, jako jsou papriky, cherry raj\u010data, jahody a melouny.\" \/>\n<meta name=\"robots\" content=\"index, follow, max-snippet:-1, max-image-preview:large, max-video-preview:-1\" \/>\n<link rel=\"canonical\" href=\"https:\/\/atami.com\/cs\/produkt\/ata-nrg-flavor\" \/>\n<meta property=\"og:locale\" content=\"cs_CZ\" \/>\n<meta property=\"og:type\" content=\"article\" \/>\n<meta property=\"og:title\" content=\"ATA NRG Flavor\" \/>\n<meta property=\"og:description\" content=\"Objevte ATA NRG Flavor, kv\u011btov\u00fd dopln\u011bk bohat\u00fd na drasl\u00edk na b\u00e1zi melasy z \u010derven\u00e9 \u0159epy, kter\u00fd stimuluje kveten\u00ed a zlep\u0161uje chu\u0165 a v\u016fni va\u0161ich plod\u016f. Vhodn\u00fd pro r\u016fzn\u00e9 druhy zeleniny a ovoce, jako jsou papriky, cherry raj\u010data, jahody a melouny.\" \/>\n<meta property=\"og:url\" content=\"https:\/\/atami.com\/cs\/produkt\/ata-nrg-flavor\" \/>\n<meta property=\"og:site_name\" content=\"Atami\" \/>\n<meta property=\"article:publisher\" content=\"https:\/\/www.facebook.com\/Atami.International\" \/>\n<meta property=\"article:modified_time\" content=\"2025-11-24T10:26:46+00:00\" \/>\n<meta property=\"og:image\" content=\"https:\/\/atami.com\/wp-content\/uploads\/2023\/02\/ATA-NRG-Flavor-Main-Image.webp\" \/>\n\t<meta property=\"og:image:width\" content=\"1080\" \/>\n\t<meta property=\"og:image:height\" content=\"1080\" \/>\n\t<meta property=\"og:image:type\" content=\"image\/webp\" \/>\n<meta name=\"twitter:card\" content=\"summary_large_image\" \/>\n<meta name=\"twitter:site\" content=\"@AtamiEU\" \/>\n<meta name=\"twitter:label1\" content=\"Odhadovan\u00e1 doba \u010dten\u00ed\" \/>\n\t<meta name=\"twitter:data1\" content=\"1 minuta\" \/>\n<script type=\"application\/ld+json\" class=\"yoast-schema-graph\">{\"@context\":\"https:\\\/\\\/schema.org\",\"@graph\":[{\"@type\":\"WebPage\",\"@id\":\"https:\\\/\\\/atami.com\\\/cs\\\/produkt\\\/ata-nrg-flavor\",\"url\":\"https:\\\/\\\/atami.com\\\/cs\\\/produkt\\\/ata-nrg-flavor\",\"name\":\"ATA NRG Flavor \u2013 Zvy\u0161te aroma a chu\u0165 va\u0161\u00ed \u00farody\",\"isPartOf\":{\"@id\":\"https:\\\/\\\/atami.com\\\/cs#website\"},\"primaryImageOfPage\":{\"@id\":\"https:\\\/\\\/atami.com\\\/cs\\\/produkt\\\/ata-nrg-flavor#primaryimage\"},\"image\":{\"@id\":\"https:\\\/\\\/atami.com\\\/cs\\\/produkt\\\/ata-nrg-flavor#primaryimage\"},\"thumbnailUrl\":\"https:\\\/\\\/atami.com\\\/wp-content\\\/uploads\\\/2023\\\/02\\\/ATA-NRG-Flavor-Main-Image.webp\",\"datePublished\":\"2023-02-10T15:07:15+00:00\",\"dateModified\":\"2025-11-24T10:26:46+00:00\",\"description\":\"Objevte ATA NRG Flavor, kv\u011btov\u00fd dopln\u011bk bohat\u00fd na drasl\u00edk na b\u00e1zi melasy z \u010derven\u00e9 \u0159epy, kter\u00fd stimuluje kveten\u00ed a zlep\u0161uje chu\u0165 a v\u016fni va\u0161ich plod\u016f. Vhodn\u00fd pro r\u016fzn\u00e9 druhy zeleniny a ovoce, jako jsou papriky, cherry raj\u010data, jahody a melouny.\",\"breadcrumb\":{\"@id\":\"https:\\\/\\\/atami.com\\\/cs\\\/produkt\\\/ata-nrg-flavor#breadcrumb\"},\"inLanguage\":\"cs\",\"potentialAction\":[{\"@type\":\"ReadAction\",\"target\":[\"https:\\\/\\\/atami.com\\\/cs\\\/produkt\\\/ata-nrg-flavor\"]}]},{\"@type\":\"ImageObject\",\"inLanguage\":\"cs\",\"@id\":\"https:\\\/\\\/atami.com\\\/cs\\\/produkt\\\/ata-nrg-flavor#primaryimage\",\"url\":\"https:\\\/\\\/atami.com\\\/wp-content\\\/uploads\\\/2023\\\/02\\\/ATA-NRG-Flavor-Main-Image.webp\",\"contentUrl\":\"https:\\\/\\\/atami.com\\\/wp-content\\\/uploads\\\/2023\\\/02\\\/ATA-NRG-Flavor-Main-Image.webp\",\"width\":1080,\"height\":1080,\"caption\":\"ATA NRG Flavor zlep\u0161uje kveten\u00ed rostlin a zlep\u0161uje chu\u0165 a v\u016fni ovoce a kv\u011btin.\"},{\"@type\":\"BreadcrumbList\",\"@id\":\"https:\\\/\\\/atami.com\\\/cs\\\/produkt\\\/ata-nrg-flavor#breadcrumb\",\"itemListElement\":[{\"@type\":\"ListItem\",\"position\":1,\"name\":\"Home\",\"item\":\"https:\\\/\\\/atami.com\\\/cs\"},{\"@type\":\"ListItem\",\"position\":2,\"name\":\"Produkty\",\"item\":\"https:\\\/\\\/atami.com\\\/cs\\\/shop\"},{\"@type\":\"ListItem\",\"position\":3,\"name\":\"ATA NRG\",\"item\":\"https:\\\/\\\/atami.com\\\/cs\\\/kategorie-produktu\\\/znacky\\\/ata-nrg\"},{\"@type\":\"ListItem\",\"position\":4,\"name\":\"ATA NRG Flavor\"}]},{\"@type\":\"WebSite\",\"@id\":\"https:\\\/\\\/atami.com\\\/cs#website\",\"url\":\"https:\\\/\\\/atami.com\\\/cs\",\"name\":\"Atami\",\"description\":\"NATURALLY INNOVATING!\",\"publisher\":{\"@id\":\"https:\\\/\\\/atami.com\\\/cs#organization\"},\"potentialAction\":[{\"@type\":\"SearchAction\",\"target\":{\"@type\":\"EntryPoint\",\"urlTemplate\":\"https:\\\/\\\/atami.com\\\/cs?s={search_term_string}\"},\"query-input\":{\"@type\":\"PropertyValueSpecification\",\"valueRequired\":true,\"valueName\":\"search_term_string\"}}],\"inLanguage\":\"cs\"},{\"@type\":\"Organization\",\"@id\":\"https:\\\/\\\/atami.com\\\/cs#organization\",\"name\":\"Atami\",\"url\":\"https:\\\/\\\/atami.com\\\/cs\",\"logo\":{\"@type\":\"ImageObject\",\"inLanguage\":\"cs\",\"@id\":\"https:\\\/\\\/atami.com\\\/cs#\\\/schema\\\/logo\\\/image\\\/\",\"url\":\"https:\\\/\\\/atami.com\\\/wp-content\\\/uploads\\\/2026\\\/01\\\/Atami-logo-696x696px.webp\",\"contentUrl\":\"https:\\\/\\\/atami.com\\\/wp-content\\\/uploads\\\/2026\\\/01\\\/Atami-logo-696x696px.webp\",\"width\":696,\"height\":696,\"caption\":\"Atami\"},\"image\":{\"@id\":\"https:\\\/\\\/atami.com\\\/cs#\\\/schema\\\/logo\\\/image\\\/\"},\"sameAs\":[\"https:\\\/\\\/www.facebook.com\\\/Atami.International\",\"https:\\\/\\\/x.com\\\/AtamiEU\",\"https:\\\/\\\/www.youtube.com\\\/c\\\/AtamiInternational\",\"https:\\\/\\\/www.instagram.com\\\/atami.international\\\/\"],\"description\":\"ATAMI is a premium plant nutrition & substrate brand founded in 1997 with the mission to make exceptional cultivation achievable for everyone. From legacy to license, we offer a wide variety of innovating award-winning products to let cultivators achieve maximum results in taste & yield.\",\"email\":\"info@mginnovations.es\",\"legalName\":\"Atami\",\"numberOfEmployees\":{\"@type\":\"QuantitativeValue\",\"minValue\":\"11\",\"maxValue\":\"50\"}}]}<\/script>\n<!-- \/ Yoast SEO Premium plugin. -->","yoast_head_json":{"title":"ATA NRG Flavor \u2013 Zvy\u0161te aroma a chu\u0165 va\u0161\u00ed \u00farody","description":"Objevte ATA NRG Flavor, kv\u011btov\u00fd dopln\u011bk bohat\u00fd na drasl\u00edk na b\u00e1zi melasy z \u010derven\u00e9 \u0159epy, kter\u00fd stimuluje kveten\u00ed a zlep\u0161uje chu\u0165 a v\u016fni va\u0161ich plod\u016f. Vhodn\u00fd pro r\u016fzn\u00e9 druhy zeleniny a ovoce, jako jsou papriky, cherry raj\u010data, jahody a melouny.","robots":{"index":"index","follow":"follow","max-snippet":"max-snippet:-1","max-image-preview":"max-image-preview:large","max-video-preview":"max-video-preview:-1"},"canonical":"https:\/\/atami.com\/cs\/produkt\/ata-nrg-flavor","og_locale":"cs_CZ","og_type":"article","og_title":"ATA NRG Flavor","og_description":"Objevte ATA NRG Flavor, kv\u011btov\u00fd dopln\u011bk bohat\u00fd na drasl\u00edk na b\u00e1zi melasy z \u010derven\u00e9 \u0159epy, kter\u00fd stimuluje kveten\u00ed a zlep\u0161uje chu\u0165 a v\u016fni va\u0161ich plod\u016f. Vhodn\u00fd pro r\u016fzn\u00e9 druhy zeleniny a ovoce, jako jsou papriky, cherry raj\u010data, jahody a melouny.","og_url":"https:\/\/atami.com\/cs\/produkt\/ata-nrg-flavor","og_site_name":"Atami","article_publisher":"https:\/\/www.facebook.com\/Atami.International","article_modified_time":"2025-11-24T10:26:46+00:00","og_image":[{"width":1080,"height":1080,"url":"https:\/\/atami.com\/wp-content\/uploads\/2023\/02\/ATA-NRG-Flavor-Main-Image.webp","type":"image\/webp"}],"twitter_card":"summary_large_image","twitter_site":"@AtamiEU","twitter_misc":{"Odhadovan\u00e1 doba \u010dten\u00ed":"1 minuta"},"schema":{"@context":"https:\/\/schema.org","@graph":[{"@type":"WebPage","@id":"https:\/\/atami.com\/cs\/produkt\/ata-nrg-flavor","url":"https:\/\/atami.com\/cs\/produkt\/ata-nrg-flavor","name":"ATA NRG Flavor \u2013 Zvy\u0161te aroma a chu\u0165 va\u0161\u00ed \u00farody","isPartOf":{"@id":"https:\/\/atami.com\/cs#website"},"primaryImageOfPage":{"@id":"https:\/\/atami.com\/cs\/produkt\/ata-nrg-flavor#primaryimage"},"image":{"@id":"https:\/\/atami.com\/cs\/produkt\/ata-nrg-flavor#primaryimage"},"thumbnailUrl":"https:\/\/atami.com\/wp-content\/uploads\/2023\/02\/ATA-NRG-Flavor-Main-Image.webp","datePublished":"2023-02-10T15:07:15+00:00","dateModified":"2025-11-24T10:26:46+00:00","description":"Objevte ATA NRG Flavor, kv\u011btov\u00fd dopln\u011bk bohat\u00fd na drasl\u00edk na b\u00e1zi melasy z \u010derven\u00e9 \u0159epy, kter\u00fd stimuluje kveten\u00ed a zlep\u0161uje chu\u0165 a v\u016fni va\u0161ich plod\u016f. Vhodn\u00fd pro r\u016fzn\u00e9 druhy zeleniny a ovoce, jako jsou papriky, cherry raj\u010data, jahody a melouny.","breadcrumb":{"@id":"https:\/\/atami.com\/cs\/produkt\/ata-nrg-flavor#breadcrumb"},"inLanguage":"cs","potentialAction":[{"@type":"ReadAction","target":["https:\/\/atami.com\/cs\/produkt\/ata-nrg-flavor"]}]},{"@type":"ImageObject","inLanguage":"cs","@id":"https:\/\/atami.com\/cs\/produkt\/ata-nrg-flavor#primaryimage","url":"https:\/\/atami.com\/wp-content\/uploads\/2023\/02\/ATA-NRG-Flavor-Main-Image.webp","contentUrl":"https:\/\/atami.com\/wp-content\/uploads\/2023\/02\/ATA-NRG-Flavor-Main-Image.webp","width":1080,"height":1080,"caption":"ATA NRG Flavor zlep\u0161uje kveten\u00ed rostlin a zlep\u0161uje chu\u0165 a v\u016fni ovoce a kv\u011btin."},{"@type":"BreadcrumbList","@id":"https:\/\/atami.com\/cs\/produkt\/ata-nrg-flavor#breadcrumb","itemListElement":[{"@type":"ListItem","position":1,"name":"Home","item":"https:\/\/atami.com\/cs"},{"@type":"ListItem","position":2,"name":"Produkty","item":"https:\/\/atami.com\/cs\/shop"},{"@type":"ListItem","position":3,"name":"ATA NRG","item":"https:\/\/atami.com\/cs\/kategorie-produktu\/znacky\/ata-nrg"},{"@type":"ListItem","position":4,"name":"ATA NRG Flavor"}]},{"@type":"WebSite","@id":"https:\/\/atami.com\/cs#website","url":"https:\/\/atami.com\/cs","name":"Atami","description":"NATURALLY INNOVATING!","publisher":{"@id":"https:\/\/atami.com\/cs#organization"},"potentialAction":[{"@type":"SearchAction","target":{"@type":"EntryPoint","urlTemplate":"https:\/\/atami.com\/cs?s={search_term_string}"},"query-input":{"@type":"PropertyValueSpecification","valueRequired":true,"valueName":"search_term_string"}}],"inLanguage":"cs"},{"@type":"Organization","@id":"https:\/\/atami.com\/cs#organization","name":"Atami","url":"https:\/\/atami.com\/cs","logo":{"@type":"ImageObject","inLanguage":"cs","@id":"https:\/\/atami.com\/cs#\/schema\/logo\/image\/","url":"https:\/\/atami.com\/wp-content\/uploads\/2026\/01\/Atami-logo-696x696px.webp","contentUrl":"https:\/\/atami.com\/wp-content\/uploads\/2026\/01\/Atami-logo-696x696px.webp","width":696,"height":696,"caption":"Atami"},"image":{"@id":"https:\/\/atami.com\/cs#\/schema\/logo\/image\/"},"sameAs":["https:\/\/www.facebook.com\/Atami.International","https:\/\/x.com\/AtamiEU","https:\/\/www.youtube.com\/c\/AtamiInternational","https:\/\/www.instagram.com\/atami.international\/"],"description":"ATAMI is a premium plant nutrition & substrate brand founded in 1997 with the mission to make exceptional cultivation achievable for everyone. From legacy to license, we offer a wide variety of innovating award-winning products to let cultivators achieve maximum results in taste & yield.","email":"info@mginnovations.es","legalName":"Atami","numberOfEmployees":{"@type":"QuantitativeValue","minValue":"11","maxValue":"50"}}]}},"_links":{"self":[{"href":"https:\/\/atami.com\/cs\/wp-json\/wp\/v2\/product\/49757","targetHints":{"allow":["GET"]}}],"collection":[{"href":"https:\/\/atami.com\/cs\/wp-json\/wp\/v2\/product"}],"about":[{"href":"https:\/\/atami.com\/cs\/wp-json\/wp\/v2\/types\/product"}],"replies":[{"embeddable":true,"href":"https:\/\/atami.com\/cs\/wp-json\/wp\/v2\/comments?post=49757"}],"wp:featuredmedia":[{"embeddable":true,"href":"https:\/\/atami.com\/cs\/wp-json\/wp\/v2\/media\/23970"}],"wp:attachment":[{"href":"https:\/\/atami.com\/cs\/wp-json\/wp\/v2\/media?parent=49757"}],"wp:term":[{"taxonomy":"product_brand","embeddable":true,"href":"https:\/\/atami.com\/cs\/wp-json\/wp\/v2\/product_brand?post=49757"},{"taxonomy":"product_cat","embeddable":true,"href":"https:\/\/atami.com\/cs\/wp-json\/wp\/v2\/product_cat?post=49757"},{"taxonomy":"product_tag","embeddable":true,"href":"https:\/\/atami.com\/cs\/wp-json\/wp\/v2\/product_tag?post=49757"}],"curies":[{"name":"wp","href":"https:\/\/api.w.org\/{rel}","templated":true}]}}