{"id":49756,"date":"2023-02-10T11:02:43","date_gmt":"2023-02-10T11:02:43","guid":{"rendered":"https:\/\/atami.com\/product\/ata-nrg-alga-c\/"},"modified":"2025-11-24T12:27:01","modified_gmt":"2025-11-24T10:27:01","slug":"ata-nrg-alga-c","status":"publish","type":"product","link":"https:\/\/atami.com\/cs\/produkt\/ata-nrg-alga-c","title":{"rendered":"ATA NRG Alga-C"},"content":{"rendered":"<p><strong>ATA NRG Alga-C je aditivum slo\u017een\u00e9 z organick\u00fdch materi\u00e1l\u016f nap\u0159. r\u016fzn\u00fdch mo\u0159sk\u00fdch \u0159as. Tento tekut\u00fd stimul\u00e1tor obsahuje velk\u00e9 mno\u017estv\u00ed aminokyselin, stopov\u00fdch prvk\u016f, vitam\u00edn\u016f a p\u0159\u00edrodn\u00edch rostlinn\u00fdch hormon\u016f.<\/strong><\/p>\n<p>\nV\u0161echny tyto slo\u017eky pom\u00e1haj\u00ed zabra\u0148ovat stresu rostliny a zaji\u0161\u0165uj\u00ed pln\u011bn\u00ed v\u0161ech jej\u00edch pot\u0159eb. Tato p\u0159\u00edsada zlep\u0161uje stav plodin a v\u00fdrazn\u011b sni\u017euje mo\u017enost n\u00e1kazy a nedostatku \u017eivin. Stru\u010dn\u011b \u0159e\u010deno je pro p\u011bstov\u00e1n\u00ed zdrav\u00fdch rostlin z\u00e1sadn\u00ed!<\/p>\n<p>\n<strong>ZEJM\u00c9NA VHODN\u00dd PRO:<\/strong><br \/>\nR\u016fzn\u00e9 druhy ovoce, zeleniny a bylin, jako sal\u00e1t, \u0161pen\u00e1t, zel\u00ed, okurky, koriandr, pa\u017eitku atd. Po\u017eadovanou d\u00e1vku je mo\u017en\u00e9 nam\u011b\u0159it podle pot\u0159eb konkr\u00e9tn\u00ed rostliny nebo plodiny.<\/p>\n<p>\n<strong>POU\u017dIT\u00cd<\/strong><br \/>\nP\u0159\u00edpravek ATA NRG Alga-C lze vedle obvykl\u00e9 v\u00fd\u017eivy pou\u017e\u00edvat k zavla\u017eov\u00e1n\u00ed plodin denn\u011b, b\u011bhem cel\u00e9 f\u00e1ze r\u016fstu a kv\u011btu. Funguje tak\u00e9 samostatn\u011b jako listov\u00fd sprej. V tom p\u0159\u00edpad\u011b se st\u0159\u00edk\u00e1 na listy.<\/p>\n<p>\n<strong>D\u00c1VKOV\u00c1N\u00cd<\/strong><br \/>\nJako dopln\u011bk nav\u00edc k v\u00fd\u017eiv\u011b: 2\u20135 ml na litr vody<br \/>\nJako v\u00fd\u017eiva list\u016f: 1\u20133 ml na litr vody<\/p>\n<p>\n<strong>DOSTUPN\u00dd OBJEM 250 ML, 500 ML, 1 L A 5 L<\/strong><\/p>\n","protected":false},"excerpt":{"rendered":"<p>ATA NRG Alga-C je aditivum slo\u017een\u00e9 z organick\u00fdch materi\u00e1l\u016f nap\u0159. r\u016fzn\u00fdch mo\u0159sk\u00fdch \u0159as. Tento tekut\u00fd stimul\u00e1tor obsahuje velk\u00e9 mno\u017estv\u00ed aminokyselin, stopov\u00fdch prvk\u016f, vitam\u00edn\u016f a p\u0159\u00edrodn\u00edch rostlinn\u00fdch hormon\u016f. V\u0161echny tyto slo\u017eky pom\u00e1haj\u00ed zabra\u0148ovat stresu rostliny a zaji\u0161\u0165uj\u00ed pln\u011bn\u00ed v\u0161ech jej\u00edch pot\u0159eb. Tato p\u0159\u00edsada zlep\u0161uje stav plodin a v\u00fdrazn\u011b sni\u017euje mo\u017enost n\u00e1kazy a nedostatku \u017eivin. Stru\u010dn\u011b \u0159e\u010deno [&hellip;]<\/p>\n","protected":false},"featured_media":23955,"comment_status":"closed","ping_status":"closed","template":"","meta":{"_acf_changed":false,"iawp_total_views":17},"product_brand":[],"product_cat":[384,385],"product_tag":[],"class_list":{"0":"post-49756","1":"product","2":"type-product","3":"status-publish","4":"has-post-thumbnail","6":"product_cat-aditivni","7":"product_cat-ata-nrg","9":"first","10":"instock","11":"shipping-taxable","12":"product-type-simple"},"acf":{"short_description":"<p><strong>ATA NRG Alga-C je aditivum slo\u017een\u00e9 z organick\u00fdch materi\u00e1l\u016f nap\u0159. r\u016fzn\u00fdch mo\u0159sk\u00fdch \u0159as. Tento tekut\u00fd stimul\u00e1tor obsahuje velk\u00e9 mno\u017estv\u00ed aminokyselin, stopov\u00fdch prvk\u016f, vitam\u00edn\u016f a p\u0159\u00edrodn\u00edch rostlinn\u00fdch hormon\u016f.<\/strong><\/p><p><br \/>V\u0161echny tyto slo\u017eky pom\u00e1haj\u00ed zabra\u0148ovat stresu rostliny a zaji\u0161\u0165uj\u00ed pln\u011bn\u00ed v\u0161ech jej\u00edch pot\u0159eb. Tato p\u0159\u00edsada zlep\u0161uje stav plodin a v\u00fdrazn\u011b sni\u017euje mo\u017enost n\u00e1kazy a nedostatku \u017eivin. Stru\u010dn\u011b \u0159e\u010deno je pro p\u011bstov\u00e1n\u00ed zdrav\u00fdch rostlin z\u00e1sadn\u00ed!<\/p>","suitable_for":"<p>R\u016fzn\u00e9 druhy ovoce, zeleniny a bylin, jako sal\u00e1t, \u0161pen\u00e1t, zel\u00ed, okurky, koriandr, pa\u017eitku atd. Po\u017eadovanou d\u00e1vku je mo\u017en\u00e9 nam\u011b\u0159it podle pot\u0159eb konkr\u00e9tn\u00ed rostliny nebo plodiny.<\/p>","application":"<p>P\u0159\u00edpravek ATA NRG Alga-C lze vedle obvykl\u00e9 v\u00fd\u017eivy pou\u017e\u00edvat k zavla\u017eov\u00e1n\u00ed plodin denn\u011b, b\u011bhem cel\u00e9 f\u00e1ze r\u016fstu a kv\u011btu. Funguje tak\u00e9 samostatn\u011b jako listov\u00fd sprej. V tom p\u0159\u00edpad\u011b se st\u0159\u00edk\u00e1 na listy.<\/p>","dosage":"<p>Jako dopln\u011bk nav\u00edc k v\u00fd\u017eiv\u011b: 2\u20135 ml na litr vody<br \/>Jako v\u00fd\u017eiva list\u016f: 1\u20133 ml na litr vody<\/p>","npk_ratio":"","available_in":"<p>250 ML, 500 ML, 1 L A 5 L<\/p>","icon_1":5987,"icon_1_text":"NAPOM\u00c1H\u00c1 EFEKTIVN\u00cd ABSORPCI \u017dIVIN POMOC\u00cd CHELACE","icon_2":5991,"icon_2_text":"ZABRA\u0147UJE STRESU","icon_3":5995,"icon_3_text":"LZE POU\u017d\u00cdVAT JAKO SPREJ NA LISTY","icon_4":"","icon_4_text":"","video":"https:\/\/youtu.be\/JrK9Qh4X21I","second_image":5983,"product_image_page":6043,"user_manual":"","new_icon_1":"","new_icon_2":"","new_icon_3":"","new_icon_4":"","grow_guides":"","category":"Aditivn\u00ed"},"yoast_head":"<!-- This site is optimized with the Yoast SEO Premium plugin v27.4 (Yoast SEO v27.4) - https:\/\/yoast.com\/product\/yoast-seo-premium-wordpress\/ -->\n<title>ATA NRG Alga C: P\u0159\u00edrodn\u00ed hnojivo pro zdrav\u00fd r\u016fst rostlin<\/title>\n<meta name=\"description\" content=\"Objevte ATA NRG Alga C, organick\u00e9 hnojivo na b\u00e1zi mo\u0159sk\u00fdch \u0159as, kter\u00e9 podporuje zdrav\u00fd r\u016fst rostlin a zlep\u0161uje jejich odolnost. Ide\u00e1ln\u00ed pro ekologick\u00e9 p\u011bstov\u00e1n\u00ed.\" \/>\n<meta name=\"robots\" content=\"index, follow, max-snippet:-1, max-image-preview:large, max-video-preview:-1\" \/>\n<link rel=\"canonical\" href=\"https:\/\/atami.com\/cs\/produkt\/ata-nrg-alga-c\" \/>\n<meta property=\"og:locale\" content=\"cs_CZ\" \/>\n<meta property=\"og:type\" content=\"article\" \/>\n<meta property=\"og:title\" content=\"ATA NRG Alga-C\" \/>\n<meta property=\"og:description\" content=\"Objevte ATA NRG Alga C, organick\u00e9 hnojivo na b\u00e1zi mo\u0159sk\u00fdch \u0159as, kter\u00e9 podporuje zdrav\u00fd r\u016fst rostlin a zlep\u0161uje jejich odolnost. Ide\u00e1ln\u00ed pro ekologick\u00e9 p\u011bstov\u00e1n\u00ed.\" \/>\n<meta property=\"og:url\" content=\"https:\/\/atami.com\/cs\/produkt\/ata-nrg-alga-c\" \/>\n<meta property=\"og:site_name\" content=\"Atami\" \/>\n<meta property=\"article:publisher\" content=\"https:\/\/www.facebook.com\/Atami.International\" \/>\n<meta property=\"article:modified_time\" content=\"2025-11-24T10:27:01+00:00\" \/>\n<meta property=\"og:image\" content=\"https:\/\/atami.com\/wp-content\/uploads\/2023\/02\/ATA-NRG-Alga-C-Main-Image.webp\" \/>\n\t<meta property=\"og:image:width\" content=\"1080\" \/>\n\t<meta property=\"og:image:height\" content=\"1080\" \/>\n\t<meta property=\"og:image:type\" content=\"image\/webp\" \/>\n<meta name=\"twitter:card\" content=\"summary_large_image\" \/>\n<meta name=\"twitter:site\" content=\"@AtamiEU\" \/>\n<meta name=\"twitter:label1\" content=\"Odhadovan\u00e1 doba \u010dten\u00ed\" \/>\n\t<meta name=\"twitter:data1\" content=\"1 minuta\" \/>\n<script type=\"application\/ld+json\" class=\"yoast-schema-graph\">{\"@context\":\"https:\\\/\\\/schema.org\",\"@graph\":[{\"@type\":\"WebPage\",\"@id\":\"https:\\\/\\\/atami.com\\\/cs\\\/produkt\\\/ata-nrg-alga-c\",\"url\":\"https:\\\/\\\/atami.com\\\/cs\\\/produkt\\\/ata-nrg-alga-c\",\"name\":\"ATA NRG Alga C: P\u0159\u00edrodn\u00ed hnojivo pro zdrav\u00fd r\u016fst rostlin\",\"isPartOf\":{\"@id\":\"https:\\\/\\\/atami.com\\\/cs#website\"},\"primaryImageOfPage\":{\"@id\":\"https:\\\/\\\/atami.com\\\/cs\\\/produkt\\\/ata-nrg-alga-c#primaryimage\"},\"image\":{\"@id\":\"https:\\\/\\\/atami.com\\\/cs\\\/produkt\\\/ata-nrg-alga-c#primaryimage\"},\"thumbnailUrl\":\"https:\\\/\\\/atami.com\\\/wp-content\\\/uploads\\\/2023\\\/02\\\/ATA-NRG-Alga-C-Main-Image.webp\",\"datePublished\":\"2023-02-10T11:02:43+00:00\",\"dateModified\":\"2025-11-24T10:27:01+00:00\",\"description\":\"Objevte ATA NRG Alga C, organick\u00e9 hnojivo na b\u00e1zi mo\u0159sk\u00fdch \u0159as, kter\u00e9 podporuje zdrav\u00fd r\u016fst rostlin a zlep\u0161uje jejich odolnost. Ide\u00e1ln\u00ed pro ekologick\u00e9 p\u011bstov\u00e1n\u00ed.\",\"breadcrumb\":{\"@id\":\"https:\\\/\\\/atami.com\\\/cs\\\/produkt\\\/ata-nrg-alga-c#breadcrumb\"},\"inLanguage\":\"cs\",\"potentialAction\":[{\"@type\":\"ReadAction\",\"target\":[\"https:\\\/\\\/atami.com\\\/cs\\\/produkt\\\/ata-nrg-alga-c\"]}]},{\"@type\":\"ImageObject\",\"inLanguage\":\"cs\",\"@id\":\"https:\\\/\\\/atami.com\\\/cs\\\/produkt\\\/ata-nrg-alga-c#primaryimage\",\"url\":\"https:\\\/\\\/atami.com\\\/wp-content\\\/uploads\\\/2023\\\/02\\\/ATA-NRG-Alga-C-Main-Image.webp\",\"contentUrl\":\"https:\\\/\\\/atami.com\\\/wp-content\\\/uploads\\\/2023\\\/02\\\/ATA-NRG-Alga-C-Main-Image.webp\",\"width\":1080,\"height\":1080,\"caption\":\"ATA NRG Alga-C zlep\u0161uje zdrav\u00ed rostlin t\u00edm, \u017ee poskytuje z\u00e1kladn\u00ed \u017eiviny a p\u0159irozen\u00e9 hormony.\"},{\"@type\":\"BreadcrumbList\",\"@id\":\"https:\\\/\\\/atami.com\\\/cs\\\/produkt\\\/ata-nrg-alga-c#breadcrumb\",\"itemListElement\":[{\"@type\":\"ListItem\",\"position\":1,\"name\":\"Home\",\"item\":\"https:\\\/\\\/atami.com\\\/cs\"},{\"@type\":\"ListItem\",\"position\":2,\"name\":\"Produkty\",\"item\":\"https:\\\/\\\/atami.com\\\/cs\\\/shop\"},{\"@type\":\"ListItem\",\"position\":3,\"name\":\"ATA NRG\",\"item\":\"https:\\\/\\\/atami.com\\\/cs\\\/kategorie-produktu\\\/znacky\\\/ata-nrg\"},{\"@type\":\"ListItem\",\"position\":4,\"name\":\"ATA NRG Alga-C\"}]},{\"@type\":\"WebSite\",\"@id\":\"https:\\\/\\\/atami.com\\\/cs#website\",\"url\":\"https:\\\/\\\/atami.com\\\/cs\",\"name\":\"Atami\",\"description\":\"NATURALLY INNOVATING!\",\"publisher\":{\"@id\":\"https:\\\/\\\/atami.com\\\/cs#organization\"},\"potentialAction\":[{\"@type\":\"SearchAction\",\"target\":{\"@type\":\"EntryPoint\",\"urlTemplate\":\"https:\\\/\\\/atami.com\\\/cs?s={search_term_string}\"},\"query-input\":{\"@type\":\"PropertyValueSpecification\",\"valueRequired\":true,\"valueName\":\"search_term_string\"}}],\"inLanguage\":\"cs\"},{\"@type\":\"Organization\",\"@id\":\"https:\\\/\\\/atami.com\\\/cs#organization\",\"name\":\"Atami\",\"url\":\"https:\\\/\\\/atami.com\\\/cs\",\"logo\":{\"@type\":\"ImageObject\",\"inLanguage\":\"cs\",\"@id\":\"https:\\\/\\\/atami.com\\\/cs#\\\/schema\\\/logo\\\/image\\\/\",\"url\":\"https:\\\/\\\/atami.com\\\/wp-content\\\/uploads\\\/2026\\\/01\\\/Atami-logo-696x696px.webp\",\"contentUrl\":\"https:\\\/\\\/atami.com\\\/wp-content\\\/uploads\\\/2026\\\/01\\\/Atami-logo-696x696px.webp\",\"width\":696,\"height\":696,\"caption\":\"Atami\"},\"image\":{\"@id\":\"https:\\\/\\\/atami.com\\\/cs#\\\/schema\\\/logo\\\/image\\\/\"},\"sameAs\":[\"https:\\\/\\\/www.facebook.com\\\/Atami.International\",\"https:\\\/\\\/x.com\\\/AtamiEU\",\"https:\\\/\\\/www.youtube.com\\\/c\\\/AtamiInternational\",\"https:\\\/\\\/www.instagram.com\\\/atami.international\\\/\"],\"description\":\"ATAMI is a premium plant nutrition & substrate brand founded in 1997 with the mission to make exceptional cultivation achievable for everyone. From legacy to license, we offer a wide variety of innovating award-winning products to let cultivators achieve maximum results in taste & yield.\",\"email\":\"info@mginnovations.es\",\"legalName\":\"Atami\",\"numberOfEmployees\":{\"@type\":\"QuantitativeValue\",\"minValue\":\"11\",\"maxValue\":\"50\"}}]}<\/script>\n<!-- \/ Yoast SEO Premium plugin. -->","yoast_head_json":{"title":"ATA NRG Alga C: P\u0159\u00edrodn\u00ed hnojivo pro zdrav\u00fd r\u016fst rostlin","description":"Objevte ATA NRG Alga C, organick\u00e9 hnojivo na b\u00e1zi mo\u0159sk\u00fdch \u0159as, kter\u00e9 podporuje zdrav\u00fd r\u016fst rostlin a zlep\u0161uje jejich odolnost. Ide\u00e1ln\u00ed pro ekologick\u00e9 p\u011bstov\u00e1n\u00ed.","robots":{"index":"index","follow":"follow","max-snippet":"max-snippet:-1","max-image-preview":"max-image-preview:large","max-video-preview":"max-video-preview:-1"},"canonical":"https:\/\/atami.com\/cs\/produkt\/ata-nrg-alga-c","og_locale":"cs_CZ","og_type":"article","og_title":"ATA NRG Alga-C","og_description":"Objevte ATA NRG Alga C, organick\u00e9 hnojivo na b\u00e1zi mo\u0159sk\u00fdch \u0159as, kter\u00e9 podporuje zdrav\u00fd r\u016fst rostlin a zlep\u0161uje jejich odolnost. Ide\u00e1ln\u00ed pro ekologick\u00e9 p\u011bstov\u00e1n\u00ed.","og_url":"https:\/\/atami.com\/cs\/produkt\/ata-nrg-alga-c","og_site_name":"Atami","article_publisher":"https:\/\/www.facebook.com\/Atami.International","article_modified_time":"2025-11-24T10:27:01+00:00","og_image":[{"width":1080,"height":1080,"url":"https:\/\/atami.com\/wp-content\/uploads\/2023\/02\/ATA-NRG-Alga-C-Main-Image.webp","type":"image\/webp"}],"twitter_card":"summary_large_image","twitter_site":"@AtamiEU","twitter_misc":{"Odhadovan\u00e1 doba \u010dten\u00ed":"1 minuta"},"schema":{"@context":"https:\/\/schema.org","@graph":[{"@type":"WebPage","@id":"https:\/\/atami.com\/cs\/produkt\/ata-nrg-alga-c","url":"https:\/\/atami.com\/cs\/produkt\/ata-nrg-alga-c","name":"ATA NRG Alga C: P\u0159\u00edrodn\u00ed hnojivo pro zdrav\u00fd r\u016fst rostlin","isPartOf":{"@id":"https:\/\/atami.com\/cs#website"},"primaryImageOfPage":{"@id":"https:\/\/atami.com\/cs\/produkt\/ata-nrg-alga-c#primaryimage"},"image":{"@id":"https:\/\/atami.com\/cs\/produkt\/ata-nrg-alga-c#primaryimage"},"thumbnailUrl":"https:\/\/atami.com\/wp-content\/uploads\/2023\/02\/ATA-NRG-Alga-C-Main-Image.webp","datePublished":"2023-02-10T11:02:43+00:00","dateModified":"2025-11-24T10:27:01+00:00","description":"Objevte ATA NRG Alga C, organick\u00e9 hnojivo na b\u00e1zi mo\u0159sk\u00fdch \u0159as, kter\u00e9 podporuje zdrav\u00fd r\u016fst rostlin a zlep\u0161uje jejich odolnost. Ide\u00e1ln\u00ed pro ekologick\u00e9 p\u011bstov\u00e1n\u00ed.","breadcrumb":{"@id":"https:\/\/atami.com\/cs\/produkt\/ata-nrg-alga-c#breadcrumb"},"inLanguage":"cs","potentialAction":[{"@type":"ReadAction","target":["https:\/\/atami.com\/cs\/produkt\/ata-nrg-alga-c"]}]},{"@type":"ImageObject","inLanguage":"cs","@id":"https:\/\/atami.com\/cs\/produkt\/ata-nrg-alga-c#primaryimage","url":"https:\/\/atami.com\/wp-content\/uploads\/2023\/02\/ATA-NRG-Alga-C-Main-Image.webp","contentUrl":"https:\/\/atami.com\/wp-content\/uploads\/2023\/02\/ATA-NRG-Alga-C-Main-Image.webp","width":1080,"height":1080,"caption":"ATA NRG Alga-C zlep\u0161uje zdrav\u00ed rostlin t\u00edm, \u017ee poskytuje z\u00e1kladn\u00ed \u017eiviny a p\u0159irozen\u00e9 hormony."},{"@type":"BreadcrumbList","@id":"https:\/\/atami.com\/cs\/produkt\/ata-nrg-alga-c#breadcrumb","itemListElement":[{"@type":"ListItem","position":1,"name":"Home","item":"https:\/\/atami.com\/cs"},{"@type":"ListItem","position":2,"name":"Produkty","item":"https:\/\/atami.com\/cs\/shop"},{"@type":"ListItem","position":3,"name":"ATA NRG","item":"https:\/\/atami.com\/cs\/kategorie-produktu\/znacky\/ata-nrg"},{"@type":"ListItem","position":4,"name":"ATA NRG Alga-C"}]},{"@type":"WebSite","@id":"https:\/\/atami.com\/cs#website","url":"https:\/\/atami.com\/cs","name":"Atami","description":"NATURALLY INNOVATING!","publisher":{"@id":"https:\/\/atami.com\/cs#organization"},"potentialAction":[{"@type":"SearchAction","target":{"@type":"EntryPoint","urlTemplate":"https:\/\/atami.com\/cs?s={search_term_string}"},"query-input":{"@type":"PropertyValueSpecification","valueRequired":true,"valueName":"search_term_string"}}],"inLanguage":"cs"},{"@type":"Organization","@id":"https:\/\/atami.com\/cs#organization","name":"Atami","url":"https:\/\/atami.com\/cs","logo":{"@type":"ImageObject","inLanguage":"cs","@id":"https:\/\/atami.com\/cs#\/schema\/logo\/image\/","url":"https:\/\/atami.com\/wp-content\/uploads\/2026\/01\/Atami-logo-696x696px.webp","contentUrl":"https:\/\/atami.com\/wp-content\/uploads\/2026\/01\/Atami-logo-696x696px.webp","width":696,"height":696,"caption":"Atami"},"image":{"@id":"https:\/\/atami.com\/cs#\/schema\/logo\/image\/"},"sameAs":["https:\/\/www.facebook.com\/Atami.International","https:\/\/x.com\/AtamiEU","https:\/\/www.youtube.com\/c\/AtamiInternational","https:\/\/www.instagram.com\/atami.international\/"],"description":"ATAMI is a premium plant nutrition & substrate brand founded in 1997 with the mission to make exceptional cultivation achievable for everyone. From legacy to license, we offer a wide variety of innovating award-winning products to let cultivators achieve maximum results in taste & yield.","email":"info@mginnovations.es","legalName":"Atami","numberOfEmployees":{"@type":"QuantitativeValue","minValue":"11","maxValue":"50"}}]}},"_links":{"self":[{"href":"https:\/\/atami.com\/cs\/wp-json\/wp\/v2\/product\/49756","targetHints":{"allow":["GET"]}}],"collection":[{"href":"https:\/\/atami.com\/cs\/wp-json\/wp\/v2\/product"}],"about":[{"href":"https:\/\/atami.com\/cs\/wp-json\/wp\/v2\/types\/product"}],"replies":[{"embeddable":true,"href":"https:\/\/atami.com\/cs\/wp-json\/wp\/v2\/comments?post=49756"}],"wp:featuredmedia":[{"embeddable":true,"href":"https:\/\/atami.com\/cs\/wp-json\/wp\/v2\/media\/23955"}],"wp:attachment":[{"href":"https:\/\/atami.com\/cs\/wp-json\/wp\/v2\/media?parent=49756"}],"wp:term":[{"taxonomy":"product_brand","embeddable":true,"href":"https:\/\/atami.com\/cs\/wp-json\/wp\/v2\/product_brand?post=49756"},{"taxonomy":"product_cat","embeddable":true,"href":"https:\/\/atami.com\/cs\/wp-json\/wp\/v2\/product_cat?post=49756"},{"taxonomy":"product_tag","embeddable":true,"href":"https:\/\/atami.com\/cs\/wp-json\/wp\/v2\/product_tag?post=49756"}],"curies":[{"name":"wp","href":"https:\/\/api.w.org\/{rel}","templated":true}]}}