{"id":49755,"date":"2023-02-10T08:23:03","date_gmt":"2023-02-10T08:23:03","guid":{"rendered":"https:\/\/atami.com\/product\/ata-nrg-flower-c\/"},"modified":"2025-11-10T13:19:52","modified_gmt":"2025-11-10T11:19:52","slug":"ata-nrg-flower-c","status":"publish","type":"product","link":"https:\/\/atami.com\/cs\/produkt\/ata-nrg-flower-c","title":{"rendered":"ATA NRG Flower-C"},"content":{"rendered":"<p><strong>U mnoha rostlin je obdob\u00ed kv\u011btu nejd\u016fle\u017eit\u011bj\u0161\u00ed \u010d\u00e1st\u00ed cel\u00e9ho cyklu. Tento organick\u00fd stimul\u00e1tor kveten\u00ed m\u00e1 pozitivn\u00ed \u00fa\u010dinky na tvorbu kv\u011bt\u016f. Kveten\u00ed tak za\u010d\u00edn\u00e1 d\u0159\u00edve, je intenzivn\u011bj\u0161\u00ed a trv\u00e1 d\u00e9le.<\/strong><\/p>\n<p>\nATA NRG Flower-C p\u0159isp\u00edv\u00e1 k explozivn\u00ed tvorb\u011b kv\u011bt\u016f a rostlina ho vst\u0159eb\u00e1v\u00e1 p\u0159\u00edmo. Kv\u011bty jsou del\u0161\u00ed, a p\u0159esto si zachov\u00e1vaj\u00ed svou charakteristickou v\u016fni a chu\u0165.<\/p>\n<p>\n<strong>ZEJM\u00c9NA VHODN\u00dd PRO:<\/strong><br \/>\nR\u016fzn\u00e9 druhy ovoce a zeleniny, jako papriky, chilli papri\u010dky a lilek. Lze ho tak\u00e9 pou\u017e\u00edvat na kvetouc\u00ed okrasn\u00e9 rostliny (nap\u0159. kopretinu Osteospermum). Po\u017eadovanou d\u00e1vku je mo\u017en\u00e9 nam\u011b\u0159it podle pot\u0159eb konkr\u00e9tn\u00ed rostliny nebo plodiny.<\/p>\n<p>\n<strong>POU\u017dIT\u00cd<\/strong><br \/>\nLze pou\u017e\u00edvat b\u011bhem cel\u00e9 f\u00e1ze kveten\u00ed k dopln\u011bn\u00ed pravideln\u00e9 v\u00fd\u017eivy p\u0159i zavla\u017eov\u00e1n\u00ed plodin.<\/p>\n<p>\n<strong>D\u00c1VKOV\u00c1N\u00cd<\/strong><br \/>\n1\u20135 ml na litr vody<\/p>\n<p>\n<strong>DOSTUPN\u00dd OBJEM 500 ML, 1 L A 5 L<\/strong><\/p>\n","protected":false},"excerpt":{"rendered":"<p>Stimul\u00e1tor kveten\u00ed<\/p>\n<p>Zintenziv\u0148uje obdob\u00ed kv\u011btu<\/p>\n","protected":false},"featured_media":23940,"comment_status":"closed","ping_status":"closed","template":"","meta":{"_acf_changed":false,"iawp_total_views":15},"product_brand":[],"product_cat":[385,379],"product_tag":[],"class_list":{"0":"post-49755","1":"product","2":"type-product","3":"status-publish","4":"has-post-thumbnail","6":"product_cat-ata-nrg","7":"product_cat-stimulatory","9":"first","10":"instock","11":"shipping-taxable","12":"product-type-simple"},"acf":{"short_description":"<p><strong>U mnoha rostlin je obdob\u00ed kv\u011btu nejd\u016fle\u017eit\u011bj\u0161\u00ed \u010d\u00e1st\u00ed cel\u00e9ho cyklu. Tento organick\u00fd stimul\u00e1tor kveten\u00ed m\u00e1 pozitivn\u00ed \u00fa\u010dinky na tvorbu kv\u011bt\u016f. Kveten\u00ed tak za\u010d\u00edn\u00e1 d\u0159\u00edve, je intenzivn\u011bj\u0161\u00ed a trv\u00e1 d\u00e9le.<\/strong><\/p><p><br \/>ATA NRG Flower-C p\u0159isp\u00edv\u00e1 k explozivn\u00ed tvorb\u011b kv\u011bt\u016f a rostlina ho vst\u0159eb\u00e1v\u00e1 p\u0159\u00edmo. Kv\u011bty jsou del\u0161\u00ed, a p\u0159esto si zachov\u00e1vaj\u00ed svou charakteristickou v\u016fni a chu\u0165.<\/p>","suitable_for":"<p>R\u016fzn\u00e9 druhy ovoce a zeleniny, jako papriky, chilli papri\u010dky a lilek. Lze ho tak\u00e9 pou\u017e\u00edvat na kvetouc\u00ed okrasn\u00e9 rostliny (nap\u0159. kopretinu Osteospermum). Po\u017eadovanou d\u00e1vku je mo\u017en\u00e9 nam\u011b\u0159it podle pot\u0159eb konkr\u00e9tn\u00ed rostliny nebo plodiny.<\/p>","application":"<p>Lze pou\u017e\u00edvat b\u011bhem cel\u00e9 f\u00e1ze kveten\u00ed k dopln\u011bn\u00ed pravideln\u00e9 v\u00fd\u017eivy p\u0159i zavla\u017eov\u00e1n\u00ed plodin.<\/p>","dosage":"<p>1\u20135 ml na litr vody.<\/p>","npk_ratio":"","available_in":"<p>500 ML, 1 L A 5 L<\/p>","icon_1":5971,"icon_1_text":"DEL\u0160\u00cd A INTENZIVN\u011aJ\u0160\u00cd OBDOB\u00cd KV\u011aTU","icon_2":5975,"icon_2_text":"SNADN\u00c1 ABSORPCE","icon_3":5979,"icon_3_text":"LZE POU\u017d\u00cdVAT NAV\u00cdC VEDLE OBVYKL\u00ddCH \u017dIVIN B\u011aHEM CEL\u00c9 F\u00c1ZE KVETEN\u00cd","icon_4":"","icon_4_text":"","video":"https:\/\/youtu.be\/3FpL0OBsPTk","second_image":5967,"product_image_page":6039,"user_manual":"","new_icon_1":"","new_icon_2":"","new_icon_3":"","new_icon_4":"","grow_guides":"","category":"Stimul\u00e1tor"},"yoast_head":"<!-- This site is optimized with the Yoast SEO Premium plugin v27.5 (Yoast SEO v27.5) - https:\/\/yoast.com\/product\/yoast-seo-premium-wordpress\/ -->\n<title>Ata NRG Flower C \u2013 Podpora zdrav\u00e9ho kv\u011btu a vy\u0161\u0161\u00edho v\u00fdnosu<\/title>\n<meta name=\"description\" content=\"Ata NRG Flower C je ide\u00e1ln\u00ed hnojivo pro zdrav\u00fd kv\u011bt a lep\u0161\u00ed v\u00fdnosy. Podpo\u0159te r\u016fst va\u0161ich rostlin a maximalizujte jejich potenci\u00e1l s t\u00edmto vysoce efektivn\u00edm hnojivem.\" \/>\n<meta name=\"robots\" content=\"index, follow, max-snippet:-1, max-image-preview:large, max-video-preview:-1\" \/>\n<link rel=\"canonical\" href=\"https:\/\/atami.com\/cs\/produkt\/ata-nrg-flower-c\" \/>\n<meta property=\"og:locale\" content=\"cs_CZ\" \/>\n<meta property=\"og:type\" content=\"article\" \/>\n<meta property=\"og:title\" content=\"ATA NRG Flower-C\" \/>\n<meta property=\"og:description\" content=\"Ata NRG Flower C je ide\u00e1ln\u00ed hnojivo pro zdrav\u00fd kv\u011bt a lep\u0161\u00ed v\u00fdnosy. Podpo\u0159te r\u016fst va\u0161ich rostlin a maximalizujte jejich potenci\u00e1l s t\u00edmto vysoce efektivn\u00edm hnojivem.\" \/>\n<meta property=\"og:url\" content=\"https:\/\/atami.com\/cs\/produkt\/ata-nrg-flower-c\" \/>\n<meta property=\"og:site_name\" content=\"Atami\" \/>\n<meta property=\"article:publisher\" content=\"https:\/\/www.facebook.com\/Atami.International\" \/>\n<meta property=\"article:modified_time\" content=\"2025-11-10T11:19:52+00:00\" \/>\n<meta property=\"og:image\" content=\"https:\/\/atami.com\/wp-content\/uploads\/2023\/02\/ATA-NRG-Flower-C-Main-Image.webp\" \/>\n\t<meta property=\"og:image:width\" content=\"1080\" \/>\n\t<meta property=\"og:image:height\" content=\"1080\" \/>\n\t<meta property=\"og:image:type\" content=\"image\/webp\" \/>\n<meta name=\"twitter:card\" content=\"summary_large_image\" \/>\n<meta name=\"twitter:site\" content=\"@AtamiEU\" \/>\n<meta name=\"twitter:label1\" content=\"Odhadovan\u00e1 doba \u010dten\u00ed\" \/>\n\t<meta name=\"twitter:data1\" content=\"1 minuta\" \/>\n<script type=\"application\/ld+json\" class=\"yoast-schema-graph\">{\"@context\":\"https:\\\/\\\/schema.org\",\"@graph\":[{\"@type\":\"WebPage\",\"@id\":\"https:\\\/\\\/atami.com\\\/cs\\\/produkt\\\/ata-nrg-flower-c\",\"url\":\"https:\\\/\\\/atami.com\\\/cs\\\/produkt\\\/ata-nrg-flower-c\",\"name\":\"Ata NRG Flower C \u2013 Podpora zdrav\u00e9ho kv\u011btu a vy\u0161\u0161\u00edho v\u00fdnosu\",\"isPartOf\":{\"@id\":\"https:\\\/\\\/atami.com\\\/cs#website\"},\"primaryImageOfPage\":{\"@id\":\"https:\\\/\\\/atami.com\\\/cs\\\/produkt\\\/ata-nrg-flower-c#primaryimage\"},\"image\":{\"@id\":\"https:\\\/\\\/atami.com\\\/cs\\\/produkt\\\/ata-nrg-flower-c#primaryimage\"},\"thumbnailUrl\":\"https:\\\/\\\/atami.com\\\/wp-content\\\/uploads\\\/2023\\\/02\\\/ATA-NRG-Flower-C-Main-Image.webp\",\"datePublished\":\"2023-02-10T08:23:03+00:00\",\"dateModified\":\"2025-11-10T11:19:52+00:00\",\"description\":\"Ata NRG Flower C je ide\u00e1ln\u00ed hnojivo pro zdrav\u00fd kv\u011bt a lep\u0161\u00ed v\u00fdnosy. Podpo\u0159te r\u016fst va\u0161ich rostlin a maximalizujte jejich potenci\u00e1l s t\u00edmto vysoce efektivn\u00edm hnojivem.\",\"breadcrumb\":{\"@id\":\"https:\\\/\\\/atami.com\\\/cs\\\/produkt\\\/ata-nrg-flower-c#breadcrumb\"},\"inLanguage\":\"cs\",\"potentialAction\":[{\"@type\":\"ReadAction\",\"target\":[\"https:\\\/\\\/atami.com\\\/cs\\\/produkt\\\/ata-nrg-flower-c\"]}]},{\"@type\":\"ImageObject\",\"inLanguage\":\"cs\",\"@id\":\"https:\\\/\\\/atami.com\\\/cs\\\/produkt\\\/ata-nrg-flower-c#primaryimage\",\"url\":\"https:\\\/\\\/atami.com\\\/wp-content\\\/uploads\\\/2023\\\/02\\\/ATA-NRG-Flower-C-Main-Image.webp\",\"contentUrl\":\"https:\\\/\\\/atami.com\\\/wp-content\\\/uploads\\\/2023\\\/02\\\/ATA-NRG-Flower-C-Main-Image.webp\",\"width\":1080,\"height\":1080,\"caption\":\"ATA NRG Flower-C podporuje d\u0159\u00edv\u011bj\u0161\u00ed, intenzivn\u011bj\u0161\u00ed a d\u00e9letrvaj\u00edc\u00ed kveten\u00ed u r\u016fzn\u00fdch rostlin.\"},{\"@type\":\"BreadcrumbList\",\"@id\":\"https:\\\/\\\/atami.com\\\/cs\\\/produkt\\\/ata-nrg-flower-c#breadcrumb\",\"itemListElement\":[{\"@type\":\"ListItem\",\"position\":1,\"name\":\"Home\",\"item\":\"https:\\\/\\\/atami.com\\\/cs\"},{\"@type\":\"ListItem\",\"position\":2,\"name\":\"Produkty\",\"item\":\"https:\\\/\\\/atami.com\\\/cs\\\/shop\"},{\"@type\":\"ListItem\",\"position\":3,\"name\":\"ATA NRG\",\"item\":\"https:\\\/\\\/atami.com\\\/cs\\\/kategorie-produktu\\\/znacky\\\/ata-nrg\"},{\"@type\":\"ListItem\",\"position\":4,\"name\":\"ATA NRG Flower-C\"}]},{\"@type\":\"WebSite\",\"@id\":\"https:\\\/\\\/atami.com\\\/cs#website\",\"url\":\"https:\\\/\\\/atami.com\\\/cs\",\"name\":\"Atami\",\"description\":\"NATURALLY INNOVATING!\",\"publisher\":{\"@id\":\"https:\\\/\\\/atami.com\\\/cs#organization\"},\"potentialAction\":[{\"@type\":\"SearchAction\",\"target\":{\"@type\":\"EntryPoint\",\"urlTemplate\":\"https:\\\/\\\/atami.com\\\/cs?s={search_term_string}\"},\"query-input\":{\"@type\":\"PropertyValueSpecification\",\"valueRequired\":true,\"valueName\":\"search_term_string\"}}],\"inLanguage\":\"cs\"},{\"@type\":\"Organization\",\"@id\":\"https:\\\/\\\/atami.com\\\/cs#organization\",\"name\":\"Atami\",\"url\":\"https:\\\/\\\/atami.com\\\/cs\",\"logo\":{\"@type\":\"ImageObject\",\"inLanguage\":\"cs\",\"@id\":\"https:\\\/\\\/atami.com\\\/cs#\\\/schema\\\/logo\\\/image\\\/\",\"url\":\"https:\\\/\\\/atami.com\\\/wp-content\\\/uploads\\\/2026\\\/01\\\/Atami-logo-696x696px.webp\",\"contentUrl\":\"https:\\\/\\\/atami.com\\\/wp-content\\\/uploads\\\/2026\\\/01\\\/Atami-logo-696x696px.webp\",\"width\":696,\"height\":696,\"caption\":\"Atami\"},\"image\":{\"@id\":\"https:\\\/\\\/atami.com\\\/cs#\\\/schema\\\/logo\\\/image\\\/\"},\"sameAs\":[\"https:\\\/\\\/www.facebook.com\\\/Atami.International\",\"https:\\\/\\\/x.com\\\/AtamiEU\",\"https:\\\/\\\/www.youtube.com\\\/c\\\/AtamiInternational\",\"https:\\\/\\\/www.instagram.com\\\/atami.international\\\/\"],\"description\":\"ATAMI is a premium plant nutrition & substrate brand founded in 1997 with the mission to make exceptional cultivation achievable for everyone. From legacy to license, we offer a wide variety of innovating award-winning products to let cultivators achieve maximum results in taste & yield.\",\"email\":\"info@mginnovations.es\",\"legalName\":\"Atami\",\"numberOfEmployees\":{\"@type\":\"QuantitativeValue\",\"minValue\":\"11\",\"maxValue\":\"50\"}}]}<\/script>\n<!-- \/ Yoast SEO Premium plugin. -->","yoast_head_json":{"title":"Ata NRG Flower C \u2013 Podpora zdrav\u00e9ho kv\u011btu a vy\u0161\u0161\u00edho v\u00fdnosu","description":"Ata NRG Flower C je ide\u00e1ln\u00ed hnojivo pro zdrav\u00fd kv\u011bt a lep\u0161\u00ed v\u00fdnosy. Podpo\u0159te r\u016fst va\u0161ich rostlin a maximalizujte jejich potenci\u00e1l s t\u00edmto vysoce efektivn\u00edm hnojivem.","robots":{"index":"index","follow":"follow","max-snippet":"max-snippet:-1","max-image-preview":"max-image-preview:large","max-video-preview":"max-video-preview:-1"},"canonical":"https:\/\/atami.com\/cs\/produkt\/ata-nrg-flower-c","og_locale":"cs_CZ","og_type":"article","og_title":"ATA NRG Flower-C","og_description":"Ata NRG Flower C je ide\u00e1ln\u00ed hnojivo pro zdrav\u00fd kv\u011bt a lep\u0161\u00ed v\u00fdnosy. Podpo\u0159te r\u016fst va\u0161ich rostlin a maximalizujte jejich potenci\u00e1l s t\u00edmto vysoce efektivn\u00edm hnojivem.","og_url":"https:\/\/atami.com\/cs\/produkt\/ata-nrg-flower-c","og_site_name":"Atami","article_publisher":"https:\/\/www.facebook.com\/Atami.International","article_modified_time":"2025-11-10T11:19:52+00:00","og_image":[{"width":1080,"height":1080,"url":"https:\/\/atami.com\/wp-content\/uploads\/2023\/02\/ATA-NRG-Flower-C-Main-Image.webp","type":"image\/webp"}],"twitter_card":"summary_large_image","twitter_site":"@AtamiEU","twitter_misc":{"Odhadovan\u00e1 doba \u010dten\u00ed":"1 minuta"},"schema":{"@context":"https:\/\/schema.org","@graph":[{"@type":"WebPage","@id":"https:\/\/atami.com\/cs\/produkt\/ata-nrg-flower-c","url":"https:\/\/atami.com\/cs\/produkt\/ata-nrg-flower-c","name":"Ata NRG Flower C \u2013 Podpora zdrav\u00e9ho kv\u011btu a vy\u0161\u0161\u00edho v\u00fdnosu","isPartOf":{"@id":"https:\/\/atami.com\/cs#website"},"primaryImageOfPage":{"@id":"https:\/\/atami.com\/cs\/produkt\/ata-nrg-flower-c#primaryimage"},"image":{"@id":"https:\/\/atami.com\/cs\/produkt\/ata-nrg-flower-c#primaryimage"},"thumbnailUrl":"https:\/\/atami.com\/wp-content\/uploads\/2023\/02\/ATA-NRG-Flower-C-Main-Image.webp","datePublished":"2023-02-10T08:23:03+00:00","dateModified":"2025-11-10T11:19:52+00:00","description":"Ata NRG Flower C je ide\u00e1ln\u00ed hnojivo pro zdrav\u00fd kv\u011bt a lep\u0161\u00ed v\u00fdnosy. Podpo\u0159te r\u016fst va\u0161ich rostlin a maximalizujte jejich potenci\u00e1l s t\u00edmto vysoce efektivn\u00edm hnojivem.","breadcrumb":{"@id":"https:\/\/atami.com\/cs\/produkt\/ata-nrg-flower-c#breadcrumb"},"inLanguage":"cs","potentialAction":[{"@type":"ReadAction","target":["https:\/\/atami.com\/cs\/produkt\/ata-nrg-flower-c"]}]},{"@type":"ImageObject","inLanguage":"cs","@id":"https:\/\/atami.com\/cs\/produkt\/ata-nrg-flower-c#primaryimage","url":"https:\/\/atami.com\/wp-content\/uploads\/2023\/02\/ATA-NRG-Flower-C-Main-Image.webp","contentUrl":"https:\/\/atami.com\/wp-content\/uploads\/2023\/02\/ATA-NRG-Flower-C-Main-Image.webp","width":1080,"height":1080,"caption":"ATA NRG Flower-C podporuje d\u0159\u00edv\u011bj\u0161\u00ed, intenzivn\u011bj\u0161\u00ed a d\u00e9letrvaj\u00edc\u00ed kveten\u00ed u r\u016fzn\u00fdch rostlin."},{"@type":"BreadcrumbList","@id":"https:\/\/atami.com\/cs\/produkt\/ata-nrg-flower-c#breadcrumb","itemListElement":[{"@type":"ListItem","position":1,"name":"Home","item":"https:\/\/atami.com\/cs"},{"@type":"ListItem","position":2,"name":"Produkty","item":"https:\/\/atami.com\/cs\/shop"},{"@type":"ListItem","position":3,"name":"ATA NRG","item":"https:\/\/atami.com\/cs\/kategorie-produktu\/znacky\/ata-nrg"},{"@type":"ListItem","position":4,"name":"ATA NRG Flower-C"}]},{"@type":"WebSite","@id":"https:\/\/atami.com\/cs#website","url":"https:\/\/atami.com\/cs","name":"Atami","description":"NATURALLY INNOVATING!","publisher":{"@id":"https:\/\/atami.com\/cs#organization"},"potentialAction":[{"@type":"SearchAction","target":{"@type":"EntryPoint","urlTemplate":"https:\/\/atami.com\/cs?s={search_term_string}"},"query-input":{"@type":"PropertyValueSpecification","valueRequired":true,"valueName":"search_term_string"}}],"inLanguage":"cs"},{"@type":"Organization","@id":"https:\/\/atami.com\/cs#organization","name":"Atami","url":"https:\/\/atami.com\/cs","logo":{"@type":"ImageObject","inLanguage":"cs","@id":"https:\/\/atami.com\/cs#\/schema\/logo\/image\/","url":"https:\/\/atami.com\/wp-content\/uploads\/2026\/01\/Atami-logo-696x696px.webp","contentUrl":"https:\/\/atami.com\/wp-content\/uploads\/2026\/01\/Atami-logo-696x696px.webp","width":696,"height":696,"caption":"Atami"},"image":{"@id":"https:\/\/atami.com\/cs#\/schema\/logo\/image\/"},"sameAs":["https:\/\/www.facebook.com\/Atami.International","https:\/\/x.com\/AtamiEU","https:\/\/www.youtube.com\/c\/AtamiInternational","https:\/\/www.instagram.com\/atami.international\/"],"description":"ATAMI is a premium plant nutrition & substrate brand founded in 1997 with the mission to make exceptional cultivation achievable for everyone. From legacy to license, we offer a wide variety of innovating award-winning products to let cultivators achieve maximum results in taste & yield.","email":"info@mginnovations.es","legalName":"Atami","numberOfEmployees":{"@type":"QuantitativeValue","minValue":"11","maxValue":"50"}}]}},"_links":{"self":[{"href":"https:\/\/atami.com\/cs\/wp-json\/wp\/v2\/product\/49755","targetHints":{"allow":["GET"]}}],"collection":[{"href":"https:\/\/atami.com\/cs\/wp-json\/wp\/v2\/product"}],"about":[{"href":"https:\/\/atami.com\/cs\/wp-json\/wp\/v2\/types\/product"}],"replies":[{"embeddable":true,"href":"https:\/\/atami.com\/cs\/wp-json\/wp\/v2\/comments?post=49755"}],"wp:featuredmedia":[{"embeddable":true,"href":"https:\/\/atami.com\/cs\/wp-json\/wp\/v2\/media\/23940"}],"wp:attachment":[{"href":"https:\/\/atami.com\/cs\/wp-json\/wp\/v2\/media?parent=49755"}],"wp:term":[{"taxonomy":"product_brand","embeddable":true,"href":"https:\/\/atami.com\/cs\/wp-json\/wp\/v2\/product_brand?post=49755"},{"taxonomy":"product_cat","embeddable":true,"href":"https:\/\/atami.com\/cs\/wp-json\/wp\/v2\/product_cat?post=49755"},{"taxonomy":"product_tag","embeddable":true,"href":"https:\/\/atami.com\/cs\/wp-json\/wp\/v2\/product_tag?post=49755"}],"curies":[{"name":"wp","href":"https:\/\/api.w.org\/{rel}","templated":true}]}}