{"id":49754,"date":"2023-02-10T08:01:20","date_gmt":"2023-02-10T08:01:20","guid":{"rendered":"https:\/\/atami.com\/product\/ata-nrg-root-c\/"},"modified":"2025-11-10T13:20:10","modified_gmt":"2025-11-10T11:20:10","slug":"ata-nrg-root-c","status":"publish","type":"product","link":"https:\/\/atami.com\/cs\/produkt\/ata-nrg-root-c","title":{"rendered":"ATA NRG Root-C"},"content":{"rendered":"<p><strong>Velk\u00fd a zdrav\u00fd ko\u0159enov\u00fd syst\u00e9m v\u00fdznamn\u011b p\u0159isp\u00edv\u00e1 k \u0159\u00e1dn\u00e9mu rozvoji rostliny. Za t\u00edm \u00fa\u010delem zaji\u0161\u0165uje tento ko\u0159enov\u00fd stimul\u00e1tor rychl\u00fd a bujn\u00fd r\u016fst ko\u0159enov\u00e9ho syst\u00e9mu a p\u016fsob\u00ed preventivn\u011b proti p\u016fdn\u00edm nemoc\u00edm, jako je Pythium nebo Fusarium a ko\u0159enov\u00fdm m\u0161ic\u00edm.<\/strong><\/p>\n<p>\nKo\u0159eny se rychle rozrostou a jejich objem se ohromn\u011b zv\u011bt\u0161\u00ed. To dod\u00e1 rostlin\u011b lep\u0161\u00ed dr\u017een\u00ed a nad zem\u00ed pak zv\u011bt\u0161\u00ed sv\u016fj vzr\u016fst. Rostliny s dob\u0159e vyvinut\u00fdm, ukotven\u00fdm ko\u0159enov\u00fdm syst\u00e9mem unesou v\u011bt\u0161\u00ed trsy kv\u011bt\u016f v kone\u010dn\u00e9 f\u00e1zi, co\u017e nakonec vede k lep\u0161\u00ed sklizni.<\/p>\n<p>\n<strong>ZEJM\u00c9NA VHODN\u00dd PRO:<\/strong><br \/>\nR\u016fzn\u00e9 druhy ovoce a zeleniny jako brambory a bat\u00e1ty. Lze ho tak\u00e9 pou\u017e\u00edvat na kvetouc\u00ed okrasn\u00e9 rostliny (nap\u0159. chryzant\u00e9my, tulip\u00e1ny a mod\u0159ence). Po\u017eadovanou d\u00e1vku je mo\u017en\u00e9 nam\u011b\u0159it podle pot\u0159eb konkr\u00e9tn\u00ed rostliny nebo plodiny.<\/p>\n<p>\n<strong>POU\u017dIT\u00cd<\/strong><br \/>\nP\u0159id\u00e1vejte v prvn\u00edch 2 t\u00fddnech denn\u011b p\u0159i zal\u00e9v\u00e1n\u00ed. Potom nahra\u010fte p\u0159\u00edpravkem <span style=\"color: #00ccff;\"><a style=\"color: #00ccff;\" href=\"https:\/\/atami.com\/cs\/produkt\/ata-nrg-alga-c\/\">ATA NRG Alga-C<\/a><\/span> pro dal\u0161\u00ed podporu ko\u0159enov\u00e9ho syst\u00e9mu. Nevhodn\u00e9 pro zavla\u017eovac\u00ed syst\u00e9my!<\/p>\n<p>\n<strong>D\u00c1VKOV\u00c1N\u00cd<\/strong><br \/>\n1\u20135 ml na litr vody<\/p>\n<p>\n<strong>DOSTUPN\u00dd OBJEM 100 ML, 250 ML, 500 ML, 1 L A 5 L<\/strong><\/p>\n","protected":false},"excerpt":{"rendered":"<p>Stimul\u00e1tor ko\u0159en\u016f<\/p>\n","protected":false},"featured_media":23925,"comment_status":"closed","ping_status":"closed","template":"","meta":{"_acf_changed":false,"iawp_total_views":14},"product_brand":[],"product_cat":[385,379],"product_tag":[],"class_list":{"0":"post-49754","1":"product","2":"type-product","3":"status-publish","4":"has-post-thumbnail","6":"product_cat-ata-nrg","7":"product_cat-stimulatory","9":"first","10":"instock","11":"shipping-taxable","12":"product-type-simple"},"acf":{"short_description":"<p><strong>Velk\u00fd a zdrav\u00fd ko\u0159enov\u00fd syst\u00e9m v\u00fdznamn\u011b p\u0159isp\u00edv\u00e1 k \u0159\u00e1dn\u00e9mu rozvoji rostliny. Za t\u00edm \u00fa\u010delem zaji\u0161\u0165uje tento ko\u0159enov\u00fd stimul\u00e1tor rychl\u00fd a bujn\u00fd r\u016fst ko\u0159enov\u00e9ho syst\u00e9mu a p\u016fsob\u00ed preventivn\u011b proti p\u016fdn\u00edm nemoc\u00edm, jako je Pythium nebo Fusarium a ko\u0159enov\u00fdm m\u0161ic\u00edm.<\/strong><\/p><p><br \/>Ko\u0159eny se rychle rozrostou a jejich objem se ohromn\u011b zv\u011bt\u0161\u00ed. To dod\u00e1 rostlin\u011b lep\u0161\u00ed dr\u017een\u00ed a nad zem\u00ed pak zv\u011bt\u0161\u00ed sv\u016fj vzr\u016fst. Rostliny s dob\u0159e vyvinut\u00fdm, ukotven\u00fdm ko\u0159enov\u00fdm syst\u00e9mem unesou v\u011bt\u0161\u00ed trsy kv\u011bt\u016f v kone\u010dn\u00e9 f\u00e1zi, co\u017e nakonec vede k lep\u0161\u00ed sklizni.<\/p>","suitable_for":"<p>R\u016fzn\u00e9 druhy ovoce a zeleniny jako brambory a bat\u00e1ty. Lze ho tak\u00e9 pou\u017e\u00edvat na kvetouc\u00ed okrasn\u00e9 rostliny (nap\u0159. chryzant\u00e9my, tulip\u00e1ny a mod\u0159ence). Po\u017eadovanou d\u00e1vku je mo\u017en\u00e9 nam\u011b\u0159it podle pot\u0159eb konkr\u00e9tn\u00ed rostliny nebo plodiny.<\/p>","application":"<p>P\u0159id\u00e1vejte v prvn\u00edch 2 t\u00fddnech denn\u011b p\u0159i zal\u00e9v\u00e1n\u00ed. Potom nahra\u010fte p\u0159\u00edpravkem <strong><a href=\"https:\/\/atami.com\/cs\/produkt\/ata-nrg-alga-c\">ATA NRG Alga-C<\/a><\/strong> pro dal\u0161\u00ed podporu ko\u0159enov\u00e9ho syst\u00e9mu. Nevhodn\u00e9 pro zavla\u017eovac\u00ed syst\u00e9my!<\/p>","dosage":"1\u20135 ml na litr vody.","npk_ratio":"","available_in":"100 ML, 250 ML, 500 ML, 1 L A 5 L","icon_1":5955,"icon_1_text":"ZDRAV\u00dd KO\u0158ENOV\u00dd SYST\u00c9M","icon_2":5959,"icon_2_text":"LEP\u0160\u00cd VST\u0158EB\u00c1V\u00c1N\u00cd \u017dIVIN","icon_3":5963,"icon_3_text":"PREVENCE PROTI P\u016eDN\u00cdM ONEMOCN\u011aN\u00cdM","icon_4":"","icon_4_text":"","video":"https:\/\/youtu.be\/2OuVaIq5iXg","second_image":5951,"product_image_page":6035,"user_manual":"","new_icon_1":"","new_icon_2":"","new_icon_3":"","new_icon_4":"","grow_guides":null,"category":"Stimul\u00e1tor"},"yoast_head":"<!-- This site is optimized with the Yoast SEO Premium plugin v27.4 (Yoast SEO v27.4) - https:\/\/yoast.com\/product\/yoast-seo-premium-wordpress\/ -->\n<title>ATA NRG Root-C | Stimul\u00e1tor ko\u0159en\u016f | Atami<\/title>\n<meta name=\"description\" content=\"Velk\u00fd a zdrav\u00fd ko\u0159enov\u00fd syst\u00e9m v\u00fdznamn\u011b p\u0159isp\u00edv\u00e1 k \u0159\u00e1dn\u00e9mu rozvoji rostliny. Za t\u00edm \u00fa\u010delem zaji\u0161\u0165uje tento ko\u0159enov\u00fd stimul\u00e1tor rychl\u00fd a bujn\u00fd r\u016fst ko\u0159enov\u00e9ho syst\u00e9mu a p\u016fsob\u00ed preventivn\u011b proti p\u016fdn\u00edm nemoc\u00edm, jako je Pythium nebo Fusarium a ko\u0159enov\u00fdm m\u0161ic\u00edm.\" \/>\n<meta name=\"robots\" content=\"index, follow, max-snippet:-1, max-image-preview:large, max-video-preview:-1\" \/>\n<link rel=\"canonical\" href=\"https:\/\/atami.com\/cs\/produkt\/ata-nrg-root-c\" \/>\n<meta property=\"og:locale\" content=\"cs_CZ\" \/>\n<meta property=\"og:type\" content=\"article\" \/>\n<meta property=\"og:title\" content=\"ATA NRG Root-C\" \/>\n<meta property=\"og:description\" content=\"Velk\u00fd a zdrav\u00fd ko\u0159enov\u00fd syst\u00e9m v\u00fdznamn\u011b p\u0159isp\u00edv\u00e1 k \u0159\u00e1dn\u00e9mu rozvoji rostliny. Za t\u00edm \u00fa\u010delem zaji\u0161\u0165uje tento ko\u0159enov\u00fd stimul\u00e1tor rychl\u00fd a bujn\u00fd r\u016fst ko\u0159enov\u00e9ho syst\u00e9mu a p\u016fsob\u00ed preventivn\u011b proti p\u016fdn\u00edm nemoc\u00edm, jako je Pythium nebo Fusarium a ko\u0159enov\u00fdm m\u0161ic\u00edm.\" \/>\n<meta property=\"og:url\" content=\"https:\/\/atami.com\/cs\/produkt\/ata-nrg-root-c\" \/>\n<meta property=\"og:site_name\" content=\"Atami\" \/>\n<meta property=\"article:publisher\" content=\"https:\/\/www.facebook.com\/Atami.International\" \/>\n<meta property=\"article:modified_time\" content=\"2025-11-10T11:20:10+00:00\" \/>\n<meta property=\"og:image\" content=\"https:\/\/atami.com\/wp-content\/uploads\/2023\/02\/ATA-NRG-Root-C-Main-Image.webp\" \/>\n\t<meta property=\"og:image:width\" content=\"1080\" \/>\n\t<meta property=\"og:image:height\" content=\"1080\" \/>\n\t<meta property=\"og:image:type\" content=\"image\/webp\" \/>\n<meta name=\"twitter:card\" content=\"summary_large_image\" \/>\n<meta name=\"twitter:site\" content=\"@AtamiEU\" \/>\n<meta name=\"twitter:label1\" content=\"Odhadovan\u00e1 doba \u010dten\u00ed\" \/>\n\t<meta name=\"twitter:data1\" content=\"1 minuta\" \/>\n<script type=\"application\/ld+json\" class=\"yoast-schema-graph\">{\"@context\":\"https:\\\/\\\/schema.org\",\"@graph\":[{\"@type\":\"WebPage\",\"@id\":\"https:\\\/\\\/atami.com\\\/cs\\\/produkt\\\/ata-nrg-root-c\",\"url\":\"https:\\\/\\\/atami.com\\\/cs\\\/produkt\\\/ata-nrg-root-c\",\"name\":\"ATA NRG Root-C | Stimul\u00e1tor ko\u0159en\u016f | Atami\",\"isPartOf\":{\"@id\":\"https:\\\/\\\/atami.com\\\/cs#website\"},\"primaryImageOfPage\":{\"@id\":\"https:\\\/\\\/atami.com\\\/cs\\\/produkt\\\/ata-nrg-root-c#primaryimage\"},\"image\":{\"@id\":\"https:\\\/\\\/atami.com\\\/cs\\\/produkt\\\/ata-nrg-root-c#primaryimage\"},\"thumbnailUrl\":\"https:\\\/\\\/atami.com\\\/wp-content\\\/uploads\\\/2023\\\/02\\\/ATA-NRG-Root-C-Main-Image.webp\",\"datePublished\":\"2023-02-10T08:01:20+00:00\",\"dateModified\":\"2025-11-10T11:20:10+00:00\",\"description\":\"Velk\u00fd a zdrav\u00fd ko\u0159enov\u00fd syst\u00e9m v\u00fdznamn\u011b p\u0159isp\u00edv\u00e1 k \u0159\u00e1dn\u00e9mu rozvoji rostliny. Za t\u00edm \u00fa\u010delem zaji\u0161\u0165uje tento ko\u0159enov\u00fd stimul\u00e1tor rychl\u00fd a bujn\u00fd r\u016fst ko\u0159enov\u00e9ho syst\u00e9mu a p\u016fsob\u00ed preventivn\u011b proti p\u016fdn\u00edm nemoc\u00edm, jako je Pythium nebo Fusarium a ko\u0159enov\u00fdm m\u0161ic\u00edm.\",\"breadcrumb\":{\"@id\":\"https:\\\/\\\/atami.com\\\/cs\\\/produkt\\\/ata-nrg-root-c#breadcrumb\"},\"inLanguage\":\"cs\",\"potentialAction\":[{\"@type\":\"ReadAction\",\"target\":[\"https:\\\/\\\/atami.com\\\/cs\\\/produkt\\\/ata-nrg-root-c\"]}]},{\"@type\":\"ImageObject\",\"inLanguage\":\"cs\",\"@id\":\"https:\\\/\\\/atami.com\\\/cs\\\/produkt\\\/ata-nrg-root-c#primaryimage\",\"url\":\"https:\\\/\\\/atami.com\\\/wp-content\\\/uploads\\\/2023\\\/02\\\/ATA-NRG-Root-C-Main-Image.webp\",\"contentUrl\":\"https:\\\/\\\/atami.com\\\/wp-content\\\/uploads\\\/2023\\\/02\\\/ATA-NRG-Root-C-Main-Image.webp\",\"width\":1080,\"height\":1080,\"caption\":\"ATA NRG Root-C podporuje rychl\u00fd a energick\u00fd r\u016fst ko\u0159en\u016f, zvy\u0161uje stabilitu rostlin a p\u0159\u00edjem \u017eivin.\"},{\"@type\":\"BreadcrumbList\",\"@id\":\"https:\\\/\\\/atami.com\\\/cs\\\/produkt\\\/ata-nrg-root-c#breadcrumb\",\"itemListElement\":[{\"@type\":\"ListItem\",\"position\":1,\"name\":\"Home\",\"item\":\"https:\\\/\\\/atami.com\\\/cs\"},{\"@type\":\"ListItem\",\"position\":2,\"name\":\"Produkty\",\"item\":\"https:\\\/\\\/atami.com\\\/cs\\\/shop\"},{\"@type\":\"ListItem\",\"position\":3,\"name\":\"ATA NRG\",\"item\":\"https:\\\/\\\/atami.com\\\/cs\\\/kategorie-produktu\\\/znacky\\\/ata-nrg\"},{\"@type\":\"ListItem\",\"position\":4,\"name\":\"ATA NRG Root-C\"}]},{\"@type\":\"WebSite\",\"@id\":\"https:\\\/\\\/atami.com\\\/cs#website\",\"url\":\"https:\\\/\\\/atami.com\\\/cs\",\"name\":\"Atami\",\"description\":\"NATURALLY INNOVATING!\",\"publisher\":{\"@id\":\"https:\\\/\\\/atami.com\\\/cs#organization\"},\"potentialAction\":[{\"@type\":\"SearchAction\",\"target\":{\"@type\":\"EntryPoint\",\"urlTemplate\":\"https:\\\/\\\/atami.com\\\/cs?s={search_term_string}\"},\"query-input\":{\"@type\":\"PropertyValueSpecification\",\"valueRequired\":true,\"valueName\":\"search_term_string\"}}],\"inLanguage\":\"cs\"},{\"@type\":\"Organization\",\"@id\":\"https:\\\/\\\/atami.com\\\/cs#organization\",\"name\":\"Atami\",\"url\":\"https:\\\/\\\/atami.com\\\/cs\",\"logo\":{\"@type\":\"ImageObject\",\"inLanguage\":\"cs\",\"@id\":\"https:\\\/\\\/atami.com\\\/cs#\\\/schema\\\/logo\\\/image\\\/\",\"url\":\"https:\\\/\\\/atami.com\\\/wp-content\\\/uploads\\\/2026\\\/01\\\/Atami-logo-696x696px.webp\",\"contentUrl\":\"https:\\\/\\\/atami.com\\\/wp-content\\\/uploads\\\/2026\\\/01\\\/Atami-logo-696x696px.webp\",\"width\":696,\"height\":696,\"caption\":\"Atami\"},\"image\":{\"@id\":\"https:\\\/\\\/atami.com\\\/cs#\\\/schema\\\/logo\\\/image\\\/\"},\"sameAs\":[\"https:\\\/\\\/www.facebook.com\\\/Atami.International\",\"https:\\\/\\\/x.com\\\/AtamiEU\",\"https:\\\/\\\/www.youtube.com\\\/c\\\/AtamiInternational\",\"https:\\\/\\\/www.instagram.com\\\/atami.international\\\/\"],\"description\":\"ATAMI is a premium plant nutrition & substrate brand founded in 1997 with the mission to make exceptional cultivation achievable for everyone. From legacy to license, we offer a wide variety of innovating award-winning products to let cultivators achieve maximum results in taste & yield.\",\"email\":\"info@mginnovations.es\",\"legalName\":\"Atami\",\"numberOfEmployees\":{\"@type\":\"QuantitativeValue\",\"minValue\":\"11\",\"maxValue\":\"50\"}}]}<\/script>\n<!-- \/ Yoast SEO Premium plugin. -->","yoast_head_json":{"title":"ATA NRG Root-C | Stimul\u00e1tor ko\u0159en\u016f | Atami","description":"Velk\u00fd a zdrav\u00fd ko\u0159enov\u00fd syst\u00e9m v\u00fdznamn\u011b p\u0159isp\u00edv\u00e1 k \u0159\u00e1dn\u00e9mu rozvoji rostliny. Za t\u00edm \u00fa\u010delem zaji\u0161\u0165uje tento ko\u0159enov\u00fd stimul\u00e1tor rychl\u00fd a bujn\u00fd r\u016fst ko\u0159enov\u00e9ho syst\u00e9mu a p\u016fsob\u00ed preventivn\u011b proti p\u016fdn\u00edm nemoc\u00edm, jako je Pythium nebo Fusarium a ko\u0159enov\u00fdm m\u0161ic\u00edm.","robots":{"index":"index","follow":"follow","max-snippet":"max-snippet:-1","max-image-preview":"max-image-preview:large","max-video-preview":"max-video-preview:-1"},"canonical":"https:\/\/atami.com\/cs\/produkt\/ata-nrg-root-c","og_locale":"cs_CZ","og_type":"article","og_title":"ATA NRG Root-C","og_description":"Velk\u00fd a zdrav\u00fd ko\u0159enov\u00fd syst\u00e9m v\u00fdznamn\u011b p\u0159isp\u00edv\u00e1 k \u0159\u00e1dn\u00e9mu rozvoji rostliny. Za t\u00edm \u00fa\u010delem zaji\u0161\u0165uje tento ko\u0159enov\u00fd stimul\u00e1tor rychl\u00fd a bujn\u00fd r\u016fst ko\u0159enov\u00e9ho syst\u00e9mu a p\u016fsob\u00ed preventivn\u011b proti p\u016fdn\u00edm nemoc\u00edm, jako je Pythium nebo Fusarium a ko\u0159enov\u00fdm m\u0161ic\u00edm.","og_url":"https:\/\/atami.com\/cs\/produkt\/ata-nrg-root-c","og_site_name":"Atami","article_publisher":"https:\/\/www.facebook.com\/Atami.International","article_modified_time":"2025-11-10T11:20:10+00:00","og_image":[{"width":1080,"height":1080,"url":"https:\/\/atami.com\/wp-content\/uploads\/2023\/02\/ATA-NRG-Root-C-Main-Image.webp","type":"image\/webp"}],"twitter_card":"summary_large_image","twitter_site":"@AtamiEU","twitter_misc":{"Odhadovan\u00e1 doba \u010dten\u00ed":"1 minuta"},"schema":{"@context":"https:\/\/schema.org","@graph":[{"@type":"WebPage","@id":"https:\/\/atami.com\/cs\/produkt\/ata-nrg-root-c","url":"https:\/\/atami.com\/cs\/produkt\/ata-nrg-root-c","name":"ATA NRG Root-C | Stimul\u00e1tor ko\u0159en\u016f | Atami","isPartOf":{"@id":"https:\/\/atami.com\/cs#website"},"primaryImageOfPage":{"@id":"https:\/\/atami.com\/cs\/produkt\/ata-nrg-root-c#primaryimage"},"image":{"@id":"https:\/\/atami.com\/cs\/produkt\/ata-nrg-root-c#primaryimage"},"thumbnailUrl":"https:\/\/atami.com\/wp-content\/uploads\/2023\/02\/ATA-NRG-Root-C-Main-Image.webp","datePublished":"2023-02-10T08:01:20+00:00","dateModified":"2025-11-10T11:20:10+00:00","description":"Velk\u00fd a zdrav\u00fd ko\u0159enov\u00fd syst\u00e9m v\u00fdznamn\u011b p\u0159isp\u00edv\u00e1 k \u0159\u00e1dn\u00e9mu rozvoji rostliny. Za t\u00edm \u00fa\u010delem zaji\u0161\u0165uje tento ko\u0159enov\u00fd stimul\u00e1tor rychl\u00fd a bujn\u00fd r\u016fst ko\u0159enov\u00e9ho syst\u00e9mu a p\u016fsob\u00ed preventivn\u011b proti p\u016fdn\u00edm nemoc\u00edm, jako je Pythium nebo Fusarium a ko\u0159enov\u00fdm m\u0161ic\u00edm.","breadcrumb":{"@id":"https:\/\/atami.com\/cs\/produkt\/ata-nrg-root-c#breadcrumb"},"inLanguage":"cs","potentialAction":[{"@type":"ReadAction","target":["https:\/\/atami.com\/cs\/produkt\/ata-nrg-root-c"]}]},{"@type":"ImageObject","inLanguage":"cs","@id":"https:\/\/atami.com\/cs\/produkt\/ata-nrg-root-c#primaryimage","url":"https:\/\/atami.com\/wp-content\/uploads\/2023\/02\/ATA-NRG-Root-C-Main-Image.webp","contentUrl":"https:\/\/atami.com\/wp-content\/uploads\/2023\/02\/ATA-NRG-Root-C-Main-Image.webp","width":1080,"height":1080,"caption":"ATA NRG Root-C podporuje rychl\u00fd a energick\u00fd r\u016fst ko\u0159en\u016f, zvy\u0161uje stabilitu rostlin a p\u0159\u00edjem \u017eivin."},{"@type":"BreadcrumbList","@id":"https:\/\/atami.com\/cs\/produkt\/ata-nrg-root-c#breadcrumb","itemListElement":[{"@type":"ListItem","position":1,"name":"Home","item":"https:\/\/atami.com\/cs"},{"@type":"ListItem","position":2,"name":"Produkty","item":"https:\/\/atami.com\/cs\/shop"},{"@type":"ListItem","position":3,"name":"ATA NRG","item":"https:\/\/atami.com\/cs\/kategorie-produktu\/znacky\/ata-nrg"},{"@type":"ListItem","position":4,"name":"ATA NRG Root-C"}]},{"@type":"WebSite","@id":"https:\/\/atami.com\/cs#website","url":"https:\/\/atami.com\/cs","name":"Atami","description":"NATURALLY INNOVATING!","publisher":{"@id":"https:\/\/atami.com\/cs#organization"},"potentialAction":[{"@type":"SearchAction","target":{"@type":"EntryPoint","urlTemplate":"https:\/\/atami.com\/cs?s={search_term_string}"},"query-input":{"@type":"PropertyValueSpecification","valueRequired":true,"valueName":"search_term_string"}}],"inLanguage":"cs"},{"@type":"Organization","@id":"https:\/\/atami.com\/cs#organization","name":"Atami","url":"https:\/\/atami.com\/cs","logo":{"@type":"ImageObject","inLanguage":"cs","@id":"https:\/\/atami.com\/cs#\/schema\/logo\/image\/","url":"https:\/\/atami.com\/wp-content\/uploads\/2026\/01\/Atami-logo-696x696px.webp","contentUrl":"https:\/\/atami.com\/wp-content\/uploads\/2026\/01\/Atami-logo-696x696px.webp","width":696,"height":696,"caption":"Atami"},"image":{"@id":"https:\/\/atami.com\/cs#\/schema\/logo\/image\/"},"sameAs":["https:\/\/www.facebook.com\/Atami.International","https:\/\/x.com\/AtamiEU","https:\/\/www.youtube.com\/c\/AtamiInternational","https:\/\/www.instagram.com\/atami.international\/"],"description":"ATAMI is a premium plant nutrition & substrate brand founded in 1997 with the mission to make exceptional cultivation achievable for everyone. From legacy to license, we offer a wide variety of innovating award-winning products to let cultivators achieve maximum results in taste & yield.","email":"info@mginnovations.es","legalName":"Atami","numberOfEmployees":{"@type":"QuantitativeValue","minValue":"11","maxValue":"50"}}]}},"_links":{"self":[{"href":"https:\/\/atami.com\/cs\/wp-json\/wp\/v2\/product\/49754","targetHints":{"allow":["GET"]}}],"collection":[{"href":"https:\/\/atami.com\/cs\/wp-json\/wp\/v2\/product"}],"about":[{"href":"https:\/\/atami.com\/cs\/wp-json\/wp\/v2\/types\/product"}],"replies":[{"embeddable":true,"href":"https:\/\/atami.com\/cs\/wp-json\/wp\/v2\/comments?post=49754"}],"wp:featuredmedia":[{"embeddable":true,"href":"https:\/\/atami.com\/cs\/wp-json\/wp\/v2\/media\/23925"}],"wp:attachment":[{"href":"https:\/\/atami.com\/cs\/wp-json\/wp\/v2\/media?parent=49754"}],"wp:term":[{"taxonomy":"product_brand","embeddable":true,"href":"https:\/\/atami.com\/cs\/wp-json\/wp\/v2\/product_brand?post=49754"},{"taxonomy":"product_cat","embeddable":true,"href":"https:\/\/atami.com\/cs\/wp-json\/wp\/v2\/product_cat?post=49754"},{"taxonomy":"product_tag","embeddable":true,"href":"https:\/\/atami.com\/cs\/wp-json\/wp\/v2\/product_tag?post=49754"}],"curies":[{"name":"wp","href":"https:\/\/api.w.org\/{rel}","templated":true}]}}