{"id":49752,"date":"2023-02-09T15:14:15","date_gmt":"2023-02-09T15:14:15","guid":{"rendered":"https:\/\/atami.com\/product\/ata-nrg-bloom-c\/"},"modified":"2025-11-07T17:14:15","modified_gmt":"2025-11-07T15:14:15","slug":"ata-nrg-bloom-c","status":"publish","type":"product","link":"https:\/\/atami.com\/cs\/produkt\/ata-nrg-bloom-c","title":{"rendered":"ATA NRG Bloom-C"},"content":{"rendered":"<p><strong>ATA NRG Bloom-C je tekut\u00e9 organicko-miner\u00e1ln\u00ed hnojivo ur\u010den\u00e9 zejm\u00e9na pro f\u00e1zi kveten\u00ed. ATA NRG Bloom-C je skv\u011bl\u00e1 v\u00fd\u017eiva pro tvorbu kv\u011bt\u016f a\/nebo plod\u016f d\u00edky vyrovnan\u00e9mu pom\u011bru drasl\u00edku a fosforu.<\/strong><\/p>\n<p>\nDal\u0161\u00edmi kl\u00ed\u010dov\u00fdmi slo\u017ekami jsou v\u00fdta\u017eky z \u0159as a mo\u0159sk\u00fdch \u0159as pos\u00edlen\u00e9 spoustou aminokyselin, stopov\u00fdch prvk\u016f, vitam\u00edn\u016f, enzym\u016f a rostlinn\u00fdch hormon\u016f. D\u00edky tomuto \u201ev\u00fd\u017eivn\u00e9mu koncentr\u00e1tu dobra\u201c je ATA NRG Bloom-C zcela nezbytn\u00fd pro ka\u017edou kvetouc\u00ed rostlinu!<\/p>\n<p>\n<strong>ZEJM\u00c9NA VHODN\u00dd PRO:<\/strong><br \/>\nR\u016fzn\u00e9 druhy ovoce a zeleniny, jako papriky, chilli papri\u010dky a bor\u016fvky. Lze ho tak\u00e9 pou\u017e\u00edvat na kvetouc\u00ed okrasn\u00e9 rostliny (nap\u0159. beg\u00f3nie a mot\u00fdl\u00ed ke\u0159).<\/p>\n<p>\n<strong>POU\u017dIT\u00cd<\/strong><br \/>\nP\u0159id\u00e1vejte od chv\u00edle, kdy se tvo\u0159\u00ed kv\u011bt\/plod. Pou\u017eit\u00ed v\u00e1pna je mo\u017en\u00e9 pouze po rozpu\u0161t\u011bn\u00ed ve vod\u011b! K dosa\u017een\u00ed optim\u00e1ln\u00edch v\u00fdsledk\u016f pou\u017e\u00edvejte ATA NRG Bloom-C v kombinaci s p\u0159\u00edpravky <span style=\"color: #00ccff;\"><a style=\"color: #00ccff;\" href=\"https:\/\/atami.com\/cs\/produkt\/ata-nrg-growth-c\/\">ATA NRG Growth-C<\/a><\/span>, <span style=\"color: #00ccff;\"><a style=\"color: #00ccff;\" href=\"https:\/\/atami.com\/cs\/produkt\/ata-nrg-flavor\/\">ATA NRG Flavour<\/a><\/span>,<span style=\"color: #00ccff;\"> <a style=\"color: #00ccff;\" href=\"https:\/\/atami.com\/cs\/produkt\/kilomix\/\">Atami Kilomix<\/a> <\/span>a<span style=\"color: #00ccff;\"> <a style=\"color: #00ccff;\" href=\"https:\/\/atami.com\/cs\/produkt\/worm-delight\/\">Atami Worm Delight<\/a><\/span> (\u017e\u00ed\u017eal\u00ed trus). Nevhodn\u00e9 pro zavla\u017eovac\u00ed syst\u00e9my!<\/p>\n<p>\n<strong>D\u00c1VKOV\u00c1N\u00cd<\/strong><br \/>\n1\u20133 ml na litr vody<\/p>\n<p>\n<strong>PK 17\u201313 W\/W<\/strong><\/p>\n<p>\n<strong>DOSTUPN\u00dd OBJEM 500 ML, 1 L A 5 L<\/strong><\/p>\n","protected":false},"excerpt":{"rendered":"<p>F\u00e1ze kv\u011btu<\/p>\n","protected":false},"featured_media":23895,"comment_status":"closed","ping_status":"closed","template":"","meta":{"_acf_changed":false,"iawp_total_views":25},"product_brand":[],"product_cat":[385,382],"product_tag":[],"class_list":{"0":"post-49752","1":"product","2":"type-product","3":"status-publish","4":"has-post-thumbnail","6":"product_cat-ata-nrg","7":"product_cat-zakladni-vyziva","9":"first","10":"instock","11":"shipping-taxable","12":"product-type-simple"},"acf":{"short_description":"<p><strong>ATA NRG Bloom-C je tekut\u00e9 organicko-miner\u00e1ln\u00ed hnojivo ur\u010den\u00e9 zejm\u00e9na pro f\u00e1zi kveten\u00ed. ATA NRG Bloom-C je skv\u011bl\u00e1 v\u00fd\u017eiva pro tvorbu kv\u011bt\u016f a\/nebo plod\u016f d\u00edky vyrovnan\u00e9mu pom\u011bru drasl\u00edku a fosforu.<\/strong><\/p><p><br \/>Dal\u0161\u00edmi kl\u00ed\u010dov\u00fdmi slo\u017ekami jsou v\u00fdta\u017eky z \u0159as a mo\u0159sk\u00fdch \u0159as pos\u00edlen\u00e9 spoustou aminokyselin, stopov\u00fdch prvk\u016f, vitam\u00edn\u016f, enzym\u016f a rostlinn\u00fdch hormon\u016f. D\u00edky tomuto \u201ev\u00fd\u017eivn\u00e9mu koncentr\u00e1tu dobra\u201c je ATA NRG Bloom-C zcela nezbytn\u00fd pro ka\u017edou kvetouc\u00ed rostlinu!<\/p>","suitable_for":"<p>R\u016fzn\u00e9 druhy ovoce a zeleniny, jako papriky, chilli papri\u010dky a bor\u016fvky. Lze ho tak\u00e9 pou\u017e\u00edvat na kvetouc\u00ed okrasn\u00e9 rostliny (nap\u0159. beg\u00f3nie a mot\u00fdl\u00ed ke\u0159).<\/p>","application":"<p>P\u0159id\u00e1vejte od chv\u00edle, kdy se tvo\u0159\u00ed kv\u011bt\/plod. Pou\u017eit\u00ed v\u00e1pna je mo\u017en\u00e9 pouze po rozpu\u0161t\u011bn\u00ed ve vod\u011b! K dosa\u017een\u00ed optim\u00e1ln\u00edch v\u00fdsledk\u016f pou\u017e\u00edvejte ATA NRG Bloom-C v kombinaci s p\u0159\u00edpravky <strong><a href=\"https:\/\/atami.com\/cs\/produkt\/ata-nrg-growth-c\">ATA NRG Growth-C<\/a><\/strong>, <strong><a href=\"https:\/\/atami.com\/cs\/produkt\/ata-nrg-flavor\">ATA NRG Flavour<\/a><\/strong>,<strong> <a href=\"https:\/\/atami.com\/cs\/produkt\/kilomix\">Atami Kilomix<\/a> <\/strong>a<strong> <a href=\"https:\/\/atami.com\/cs\/produkt\/worm-delight\">Atami Worm Delight<\/a><\/strong> (\u017e\u00ed\u017eal\u00ed trus). Nevhodn\u00e9 pro zavla\u017eovac\u00ed syst\u00e9my!<\/p>","dosage":"<p>1\u20133 ml na litr vody.<\/p>","npk_ratio":"<p>PK 17\u201313 W\/W<\/p>","available_in":"<p>500 ML, 1 L A 5 L<\/p>","icon_1":5927,"icon_1_text":"SILN\u011a ZVY\u0160UJE V\u00ddNOS","icon_2":5931,"icon_2_text":"VYSOK\u00c1 KONCENTRACE","icon_3":5935,"icon_3_text":"POZITIVN\u00cd VLIV NA CELKOV\u00dd R\u016eST ROSTLINY","icon_4":"","icon_4_text":"","video":"https:\/\/youtu.be\/I_Gqiu-Jn2g","second_image":5923,"product_image_page":18910,"user_manual":"","new_icon_1":"","new_icon_2":"","new_icon_3":"","new_icon_4":"","grow_guides":"","category":"Z\u00e1kladn\u00ed \u017eivina"},"yoast_head":"<!-- This site is optimized with the Yoast SEO Premium plugin v27.5 (Yoast SEO v27.5) - https:\/\/yoast.com\/product\/yoast-seo-premium-wordpress\/ -->\n<title>ATA NRG Bloom-C \u2013 Optim\u00e1ln\u00ed hnojivo pro zdrav\u00fd a bohat\u00fd kv\u011bt<\/title>\n<meta name=\"description\" content=\"ATA NRG Bloom-C je ide\u00e1ln\u00ed hnojivo pro f\u00e1zi kv\u011btu. Podporuje zdrav\u00fd r\u016fst a bohatou produkci kv\u011bt\u016f. Objevte, jak zv\u00fd\u0161it v\u00fdnosy a kvalitu kv\u011bt\u016f s ATA NRG Bloom-C pro va\u0161i rostlinu!\" \/>\n<meta name=\"robots\" content=\"index, follow, max-snippet:-1, max-image-preview:large, max-video-preview:-1\" \/>\n<link rel=\"canonical\" href=\"https:\/\/atami.com\/cs\/produkt\/ata-nrg-bloom-c\" \/>\n<meta property=\"og:locale\" content=\"cs_CZ\" \/>\n<meta property=\"og:type\" content=\"article\" \/>\n<meta property=\"og:title\" content=\"ATA NRG Bloom-C\" \/>\n<meta property=\"og:description\" content=\"ATA NRG Bloom-C je ide\u00e1ln\u00ed hnojivo pro f\u00e1zi kv\u011btu. Podporuje zdrav\u00fd r\u016fst a bohatou produkci kv\u011bt\u016f. Objevte, jak zv\u00fd\u0161it v\u00fdnosy a kvalitu kv\u011bt\u016f s ATA NRG Bloom-C pro va\u0161i rostlinu!\" \/>\n<meta property=\"og:url\" content=\"https:\/\/atami.com\/cs\/produkt\/ata-nrg-bloom-c\" \/>\n<meta property=\"og:site_name\" content=\"Atami\" \/>\n<meta property=\"article:publisher\" content=\"https:\/\/www.facebook.com\/Atami.International\" \/>\n<meta property=\"article:modified_time\" content=\"2025-11-07T15:14:15+00:00\" \/>\n<meta property=\"og:image\" content=\"https:\/\/atami.com\/wp-content\/uploads\/2023\/02\/ATA-NRG-Bloom-C-Main-Image.webp\" \/>\n\t<meta property=\"og:image:width\" content=\"1080\" \/>\n\t<meta property=\"og:image:height\" content=\"1080\" \/>\n\t<meta property=\"og:image:type\" content=\"image\/webp\" \/>\n<meta name=\"twitter:card\" content=\"summary_large_image\" \/>\n<meta name=\"twitter:site\" content=\"@AtamiEU\" \/>\n<meta name=\"twitter:label1\" content=\"Odhadovan\u00e1 doba \u010dten\u00ed\" \/>\n\t<meta name=\"twitter:data1\" content=\"1 minuta\" \/>\n<script type=\"application\/ld+json\" class=\"yoast-schema-graph\">{\"@context\":\"https:\\\/\\\/schema.org\",\"@graph\":[{\"@type\":\"WebPage\",\"@id\":\"https:\\\/\\\/atami.com\\\/cs\\\/produkt\\\/ata-nrg-bloom-c\",\"url\":\"https:\\\/\\\/atami.com\\\/cs\\\/produkt\\\/ata-nrg-bloom-c\",\"name\":\"ATA NRG Bloom-C \u2013 Optim\u00e1ln\u00ed hnojivo pro zdrav\u00fd a bohat\u00fd kv\u011bt\",\"isPartOf\":{\"@id\":\"https:\\\/\\\/atami.com\\\/cs#website\"},\"primaryImageOfPage\":{\"@id\":\"https:\\\/\\\/atami.com\\\/cs\\\/produkt\\\/ata-nrg-bloom-c#primaryimage\"},\"image\":{\"@id\":\"https:\\\/\\\/atami.com\\\/cs\\\/produkt\\\/ata-nrg-bloom-c#primaryimage\"},\"thumbnailUrl\":\"https:\\\/\\\/atami.com\\\/wp-content\\\/uploads\\\/2023\\\/02\\\/ATA-NRG-Bloom-C-Main-Image.webp\",\"datePublished\":\"2023-02-09T15:14:15+00:00\",\"dateModified\":\"2025-11-07T15:14:15+00:00\",\"description\":\"ATA NRG Bloom-C je ide\u00e1ln\u00ed hnojivo pro f\u00e1zi kv\u011btu. Podporuje zdrav\u00fd r\u016fst a bohatou produkci kv\u011bt\u016f. Objevte, jak zv\u00fd\u0161it v\u00fdnosy a kvalitu kv\u011bt\u016f s ATA NRG Bloom-C pro va\u0161i rostlinu!\",\"breadcrumb\":{\"@id\":\"https:\\\/\\\/atami.com\\\/cs\\\/produkt\\\/ata-nrg-bloom-c#breadcrumb\"},\"inLanguage\":\"cs\",\"potentialAction\":[{\"@type\":\"ReadAction\",\"target\":[\"https:\\\/\\\/atami.com\\\/cs\\\/produkt\\\/ata-nrg-bloom-c\"]}]},{\"@type\":\"ImageObject\",\"inLanguage\":\"cs\",\"@id\":\"https:\\\/\\\/atami.com\\\/cs\\\/produkt\\\/ata-nrg-bloom-c#primaryimage\",\"url\":\"https:\\\/\\\/atami.com\\\/wp-content\\\/uploads\\\/2023\\\/02\\\/ATA-NRG-Bloom-C-Main-Image.webp\",\"contentUrl\":\"https:\\\/\\\/atami.com\\\/wp-content\\\/uploads\\\/2023\\\/02\\\/ATA-NRG-Bloom-C-Main-Image.webp\",\"width\":1080,\"height\":1080,\"caption\":\"ATA NRG Bloom-C poskytuje vyv\u00e1\u017een\u00fd pom\u011br drasl\u00edku a fosforu, podporuje siln\u00fd v\u00fdvoj kv\u011bt\u016f a plod\u016f.\"},{\"@type\":\"BreadcrumbList\",\"@id\":\"https:\\\/\\\/atami.com\\\/cs\\\/produkt\\\/ata-nrg-bloom-c#breadcrumb\",\"itemListElement\":[{\"@type\":\"ListItem\",\"position\":1,\"name\":\"Home\",\"item\":\"https:\\\/\\\/atami.com\\\/cs\"},{\"@type\":\"ListItem\",\"position\":2,\"name\":\"Produkty\",\"item\":\"https:\\\/\\\/atami.com\\\/cs\\\/shop\"},{\"@type\":\"ListItem\",\"position\":3,\"name\":\"ATA NRG\",\"item\":\"https:\\\/\\\/atami.com\\\/cs\\\/kategorie-produktu\\\/znacky\\\/ata-nrg\"},{\"@type\":\"ListItem\",\"position\":4,\"name\":\"ATA NRG Bloom-C\"}]},{\"@type\":\"WebSite\",\"@id\":\"https:\\\/\\\/atami.com\\\/cs#website\",\"url\":\"https:\\\/\\\/atami.com\\\/cs\",\"name\":\"Atami\",\"description\":\"NATURALLY INNOVATING!\",\"publisher\":{\"@id\":\"https:\\\/\\\/atami.com\\\/cs#organization\"},\"potentialAction\":[{\"@type\":\"SearchAction\",\"target\":{\"@type\":\"EntryPoint\",\"urlTemplate\":\"https:\\\/\\\/atami.com\\\/cs?s={search_term_string}\"},\"query-input\":{\"@type\":\"PropertyValueSpecification\",\"valueRequired\":true,\"valueName\":\"search_term_string\"}}],\"inLanguage\":\"cs\"},{\"@type\":\"Organization\",\"@id\":\"https:\\\/\\\/atami.com\\\/cs#organization\",\"name\":\"Atami\",\"url\":\"https:\\\/\\\/atami.com\\\/cs\",\"logo\":{\"@type\":\"ImageObject\",\"inLanguage\":\"cs\",\"@id\":\"https:\\\/\\\/atami.com\\\/cs#\\\/schema\\\/logo\\\/image\\\/\",\"url\":\"https:\\\/\\\/atami.com\\\/wp-content\\\/uploads\\\/2026\\\/01\\\/Atami-logo-696x696px.webp\",\"contentUrl\":\"https:\\\/\\\/atami.com\\\/wp-content\\\/uploads\\\/2026\\\/01\\\/Atami-logo-696x696px.webp\",\"width\":696,\"height\":696,\"caption\":\"Atami\"},\"image\":{\"@id\":\"https:\\\/\\\/atami.com\\\/cs#\\\/schema\\\/logo\\\/image\\\/\"},\"sameAs\":[\"https:\\\/\\\/www.facebook.com\\\/Atami.International\",\"https:\\\/\\\/x.com\\\/AtamiEU\",\"https:\\\/\\\/www.youtube.com\\\/c\\\/AtamiInternational\",\"https:\\\/\\\/www.instagram.com\\\/atami.international\\\/\"],\"description\":\"ATAMI is a premium plant nutrition & substrate brand founded in 1997 with the mission to make exceptional cultivation achievable for everyone. From legacy to license, we offer a wide variety of innovating award-winning products to let cultivators achieve maximum results in taste & yield.\",\"email\":\"info@mginnovations.es\",\"legalName\":\"Atami\",\"numberOfEmployees\":{\"@type\":\"QuantitativeValue\",\"minValue\":\"11\",\"maxValue\":\"50\"}}]}<\/script>\n<!-- \/ Yoast SEO Premium plugin. -->","yoast_head_json":{"title":"ATA NRG Bloom-C \u2013 Optim\u00e1ln\u00ed hnojivo pro zdrav\u00fd a bohat\u00fd kv\u011bt","description":"ATA NRG Bloom-C je ide\u00e1ln\u00ed hnojivo pro f\u00e1zi kv\u011btu. Podporuje zdrav\u00fd r\u016fst a bohatou produkci kv\u011bt\u016f. Objevte, jak zv\u00fd\u0161it v\u00fdnosy a kvalitu kv\u011bt\u016f s ATA NRG Bloom-C pro va\u0161i rostlinu!","robots":{"index":"index","follow":"follow","max-snippet":"max-snippet:-1","max-image-preview":"max-image-preview:large","max-video-preview":"max-video-preview:-1"},"canonical":"https:\/\/atami.com\/cs\/produkt\/ata-nrg-bloom-c","og_locale":"cs_CZ","og_type":"article","og_title":"ATA NRG Bloom-C","og_description":"ATA NRG Bloom-C je ide\u00e1ln\u00ed hnojivo pro f\u00e1zi kv\u011btu. Podporuje zdrav\u00fd r\u016fst a bohatou produkci kv\u011bt\u016f. Objevte, jak zv\u00fd\u0161it v\u00fdnosy a kvalitu kv\u011bt\u016f s ATA NRG Bloom-C pro va\u0161i rostlinu!","og_url":"https:\/\/atami.com\/cs\/produkt\/ata-nrg-bloom-c","og_site_name":"Atami","article_publisher":"https:\/\/www.facebook.com\/Atami.International","article_modified_time":"2025-11-07T15:14:15+00:00","og_image":[{"width":1080,"height":1080,"url":"https:\/\/atami.com\/wp-content\/uploads\/2023\/02\/ATA-NRG-Bloom-C-Main-Image.webp","type":"image\/webp"}],"twitter_card":"summary_large_image","twitter_site":"@AtamiEU","twitter_misc":{"Odhadovan\u00e1 doba \u010dten\u00ed":"1 minuta"},"schema":{"@context":"https:\/\/schema.org","@graph":[{"@type":"WebPage","@id":"https:\/\/atami.com\/cs\/produkt\/ata-nrg-bloom-c","url":"https:\/\/atami.com\/cs\/produkt\/ata-nrg-bloom-c","name":"ATA NRG Bloom-C \u2013 Optim\u00e1ln\u00ed hnojivo pro zdrav\u00fd a bohat\u00fd kv\u011bt","isPartOf":{"@id":"https:\/\/atami.com\/cs#website"},"primaryImageOfPage":{"@id":"https:\/\/atami.com\/cs\/produkt\/ata-nrg-bloom-c#primaryimage"},"image":{"@id":"https:\/\/atami.com\/cs\/produkt\/ata-nrg-bloom-c#primaryimage"},"thumbnailUrl":"https:\/\/atami.com\/wp-content\/uploads\/2023\/02\/ATA-NRG-Bloom-C-Main-Image.webp","datePublished":"2023-02-09T15:14:15+00:00","dateModified":"2025-11-07T15:14:15+00:00","description":"ATA NRG Bloom-C je ide\u00e1ln\u00ed hnojivo pro f\u00e1zi kv\u011btu. Podporuje zdrav\u00fd r\u016fst a bohatou produkci kv\u011bt\u016f. Objevte, jak zv\u00fd\u0161it v\u00fdnosy a kvalitu kv\u011bt\u016f s ATA NRG Bloom-C pro va\u0161i rostlinu!","breadcrumb":{"@id":"https:\/\/atami.com\/cs\/produkt\/ata-nrg-bloom-c#breadcrumb"},"inLanguage":"cs","potentialAction":[{"@type":"ReadAction","target":["https:\/\/atami.com\/cs\/produkt\/ata-nrg-bloom-c"]}]},{"@type":"ImageObject","inLanguage":"cs","@id":"https:\/\/atami.com\/cs\/produkt\/ata-nrg-bloom-c#primaryimage","url":"https:\/\/atami.com\/wp-content\/uploads\/2023\/02\/ATA-NRG-Bloom-C-Main-Image.webp","contentUrl":"https:\/\/atami.com\/wp-content\/uploads\/2023\/02\/ATA-NRG-Bloom-C-Main-Image.webp","width":1080,"height":1080,"caption":"ATA NRG Bloom-C poskytuje vyv\u00e1\u017een\u00fd pom\u011br drasl\u00edku a fosforu, podporuje siln\u00fd v\u00fdvoj kv\u011bt\u016f a plod\u016f."},{"@type":"BreadcrumbList","@id":"https:\/\/atami.com\/cs\/produkt\/ata-nrg-bloom-c#breadcrumb","itemListElement":[{"@type":"ListItem","position":1,"name":"Home","item":"https:\/\/atami.com\/cs"},{"@type":"ListItem","position":2,"name":"Produkty","item":"https:\/\/atami.com\/cs\/shop"},{"@type":"ListItem","position":3,"name":"ATA NRG","item":"https:\/\/atami.com\/cs\/kategorie-produktu\/znacky\/ata-nrg"},{"@type":"ListItem","position":4,"name":"ATA NRG Bloom-C"}]},{"@type":"WebSite","@id":"https:\/\/atami.com\/cs#website","url":"https:\/\/atami.com\/cs","name":"Atami","description":"NATURALLY INNOVATING!","publisher":{"@id":"https:\/\/atami.com\/cs#organization"},"potentialAction":[{"@type":"SearchAction","target":{"@type":"EntryPoint","urlTemplate":"https:\/\/atami.com\/cs?s={search_term_string}"},"query-input":{"@type":"PropertyValueSpecification","valueRequired":true,"valueName":"search_term_string"}}],"inLanguage":"cs"},{"@type":"Organization","@id":"https:\/\/atami.com\/cs#organization","name":"Atami","url":"https:\/\/atami.com\/cs","logo":{"@type":"ImageObject","inLanguage":"cs","@id":"https:\/\/atami.com\/cs#\/schema\/logo\/image\/","url":"https:\/\/atami.com\/wp-content\/uploads\/2026\/01\/Atami-logo-696x696px.webp","contentUrl":"https:\/\/atami.com\/wp-content\/uploads\/2026\/01\/Atami-logo-696x696px.webp","width":696,"height":696,"caption":"Atami"},"image":{"@id":"https:\/\/atami.com\/cs#\/schema\/logo\/image\/"},"sameAs":["https:\/\/www.facebook.com\/Atami.International","https:\/\/x.com\/AtamiEU","https:\/\/www.youtube.com\/c\/AtamiInternational","https:\/\/www.instagram.com\/atami.international\/"],"description":"ATAMI is a premium plant nutrition & substrate brand founded in 1997 with the mission to make exceptional cultivation achievable for everyone. From legacy to license, we offer a wide variety of innovating award-winning products to let cultivators achieve maximum results in taste & yield.","email":"info@mginnovations.es","legalName":"Atami","numberOfEmployees":{"@type":"QuantitativeValue","minValue":"11","maxValue":"50"}}]}},"_links":{"self":[{"href":"https:\/\/atami.com\/cs\/wp-json\/wp\/v2\/product\/49752","targetHints":{"allow":["GET"]}}],"collection":[{"href":"https:\/\/atami.com\/cs\/wp-json\/wp\/v2\/product"}],"about":[{"href":"https:\/\/atami.com\/cs\/wp-json\/wp\/v2\/types\/product"}],"replies":[{"embeddable":true,"href":"https:\/\/atami.com\/cs\/wp-json\/wp\/v2\/comments?post=49752"}],"wp:featuredmedia":[{"embeddable":true,"href":"https:\/\/atami.com\/cs\/wp-json\/wp\/v2\/media\/23895"}],"wp:attachment":[{"href":"https:\/\/atami.com\/cs\/wp-json\/wp\/v2\/media?parent=49752"}],"wp:term":[{"taxonomy":"product_brand","embeddable":true,"href":"https:\/\/atami.com\/cs\/wp-json\/wp\/v2\/product_brand?post=49752"},{"taxonomy":"product_cat","embeddable":true,"href":"https:\/\/atami.com\/cs\/wp-json\/wp\/v2\/product_cat?post=49752"},{"taxonomy":"product_tag","embeddable":true,"href":"https:\/\/atami.com\/cs\/wp-json\/wp\/v2\/product_tag?post=49752"}],"curies":[{"name":"wp","href":"https:\/\/api.w.org\/{rel}","templated":true}]}}