{"id":49748,"date":"2023-02-09T10:59:07","date_gmt":"2023-02-09T10:59:07","guid":{"rendered":"https:\/\/atami.com\/product\/ata-clean\/"},"modified":"2025-11-24T12:26:25","modified_gmt":"2025-11-24T10:26:25","slug":"ata-clean","status":"publish","type":"product","link":"https:\/\/atami.com\/cs\/produkt\/ata-clean","title":{"rendered":"ATA Clean"},"content":{"rendered":"<p><strong>ATA Clean je \u010distic\u00ed p\u0159\u00edpravek, kter\u00fd v\u00e1m zajist\u00ed zcela funk\u010dn\u00ed zavla\u017eov\u00e1n\u00ed. \u010cist\u00ed a p\u0159edch\u00e1z\u00ed usazov\u00e1n\u00ed odpadn\u00edch l\u00e1tek, kter\u00e9 se d\u00edky n\u011bmu znovu rozpust\u00ed ve vod\u011b a snadno tak s p\u0159\u00edvodem vody odte\u010dou.<\/strong><\/p>\n<p>\nP\u0159esto\u017ee m\u00e1 ATA Clean na n\u00e1dob\u011b uvedenou relativn\u011b vysokou hodnotu fosforu a drasl\u00edku PK, nen\u00ed pova\u017eov\u00e1n za hnojivo. Proto\u017ee je d\u00e1vka velmi n\u00edzk\u00e1, \u017eiviny v produktu ovliv\u0148uj\u00ed rostlinu jen velmi m\u00e1lo. Jin\u00e9 v\u00fd\u017eivn\u00e9 produkty obvykle obsahuj\u00ed \u017eiviny kov\u016f rozpustn\u00e9 ve vod\u011b a ionty jako \u017eelezo, mangan, v\u00e1pn\u00edk a ho\u0159\u010d\u00edk. Ty nakonec v zavla\u017eovac\u00edm syst\u00e9mu vytvo\u0159\u00ed usazeniny. L\u00e1tky obsa\u017een\u00e9 v p\u0159\u00edpravku ATA Clean se nav\u00e1\u017eou na tyto kovov\u00e9 \u017eiviny a rozlo\u017e\u00ed je na krystaly a vlo\u010dky, kter\u00e9 se snadno spl\u00e1chnou. ATA Clean je ne\u0161kodn\u00fd pro rostliny i \u017eivotn\u00ed prost\u0159ed\u00ed.<\/p>\n<p>\n<strong>ZEJM\u00c9NA VHODN\u00dd PRO:<\/strong><br \/>\nATA Clean je univerz\u00e1ln\u00ed v\u00fd\u017eiva vhodn\u00e1 pro r\u016fzn\u00e9 druhy ovoce, zeleniny, bylin a okrasn\u00fdch rostlin, jako je rozmar\u00fdn, estragon, toulitka, nevadlec atd.<br \/>\nPo\u017eadovanou d\u00e1vku je mo\u017en\u00e9 nam\u011b\u0159it podle pot\u0159eb konkr\u00e9tn\u00ed rostliny nebo plodiny.<\/p>\n<p>\n<strong>POU\u017dIT\u00cd<\/strong><br \/>\nZejm\u00e9na pro kohoutkovou vodu. P\u0159id\u00e1vejte preventivn\u011b p\u0159i ka\u017ed\u00e9m hnojen\u00ed. P\u0159ipravte si z\u00e1kladn\u00ed v\u00fd\u017eivu, a je-li to nutn\u00e9, upravte pH (5,5\u20136,5). Nechte ji chv\u00edli st\u00e1t a pot\u00e9 p\u0159idejte ATA Clean. P\u0159\u00edpravek lze pou\u017e\u00edt k prevenci i o\u0161et\u0159en\u00ed.<\/p>\n<p>\n<strong>D\u00c1VKOV\u00c1N\u00cd<\/strong><br \/>\n0,1 ml na litr vody<\/p>\n<p>\n<strong>P-K 18-6 W\/W<\/strong><\/p>\n<p>\n<strong>DOSTUPN\u00dd OBJEM 250 ML, 1 L, 5 L A 10 L<\/strong><\/p>\n","protected":false},"excerpt":{"rendered":"<p>Snadn\u00e1 \u00fadr\u017eba zavla\u017eovac\u00edho syst\u00e9mu<\/p>\n","protected":false},"featured_media":23865,"comment_status":"closed","ping_status":"closed","template":"","meta":{"_acf_changed":false,"iawp_total_views":38},"product_brand":[],"product_cat":[384,381],"product_tag":[],"class_list":{"0":"post-49748","1":"product","2":"type-product","3":"status-publish","4":"has-post-thumbnail","6":"product_cat-aditivni","7":"product_cat-ata","9":"first","10":"instock","11":"shipping-taxable","12":"product-type-simple"},"acf":{"short_description":"<p><strong>ATA Clean je \u010distic\u00ed p\u0159\u00edpravek, kter\u00fd v\u00e1m zajist\u00ed zcela funk\u010dn\u00ed zavla\u017eov\u00e1n\u00ed. \u010cist\u00ed a p\u0159edch\u00e1z\u00ed usazov\u00e1n\u00ed odpadn\u00edch l\u00e1tek, kter\u00e9 se d\u00edky n\u011bmu znovu rozpust\u00ed ve vod\u011b a snadno tak s p\u0159\u00edvodem vody odte\u010dou.<\/strong><\/p><p><br \/>P\u0159esto\u017ee m\u00e1 ATA Clean na n\u00e1dob\u011b uvedenou relativn\u011b vysokou hodnotu fosforu a drasl\u00edku PK, nen\u00ed pova\u017eov\u00e1n za hnojivo. Proto\u017ee je d\u00e1vka velmi n\u00edzk\u00e1, \u017eiviny v produktu ovliv\u0148uj\u00ed rostlinu jen velmi m\u00e1lo. Jin\u00e9 v\u00fd\u017eivn\u00e9 produkty obvykle obsahuj\u00ed \u017eiviny kov\u016f rozpustn\u00e9 ve vod\u011b a ionty jako \u017eelezo, mangan, v\u00e1pn\u00edk a ho\u0159\u010d\u00edk. Ty nakonec v zavla\u017eovac\u00edm syst\u00e9mu vytvo\u0159\u00ed usazeniny. L\u00e1tky obsa\u017een\u00e9 v p\u0159\u00edpravku ATA Clean se nav\u00e1\u017eou na tyto kovov\u00e9 \u017eiviny a rozlo\u017e\u00ed je na krystaly a vlo\u010dky, kter\u00e9 se snadno spl\u00e1chnou. ATA Clean je ne\u0161kodn\u00fd pro rostliny i \u017eivotn\u00ed prost\u0159ed\u00ed.<\/p>","suitable_for":"<p>ATA Clean je univerz\u00e1ln\u00ed v\u00fd\u017eiva vhodn\u00e1 pro r\u016fzn\u00e9 druhy ovoce, zeleniny, bylin a okrasn\u00fdch rostlin, jako je rozmar\u00fdn, estragon, toulitka, nevadlec atd.<br \/>Po\u017eadovanou d\u00e1vku je mo\u017en\u00e9 nam\u011b\u0159it podle pot\u0159eb konkr\u00e9tn\u00ed rostliny nebo plodiny.<\/p>","application":"<p>Zejm\u00e9na pro kohoutkovou vodu. P\u0159id\u00e1vejte preventivn\u011b p\u0159i ka\u017ed\u00e9m hnojen\u00ed. P\u0159ipravte si z\u00e1kladn\u00ed v\u00fd\u017eivu, a je-li to nutn\u00e9, upravte pH (5,5\u20136,5). Nechte ji chv\u00edli st\u00e1t a pot\u00e9 p\u0159idejte ATA Clean. P\u0159\u00edpravek lze pou\u017e\u00edt k prevenci i o\u0161et\u0159en\u00ed.<\/p>","dosage":"<p>0,1 ml na litr vody.<\/p>","npk_ratio":"<p>P-K 18-6 W\/W<\/p>","available_in":"<p>250 ML, 1 L, 5 L A 10 L<\/p>","icon_1":5849,"icon_1_text":"P\u0158EDCH\u00c1Z\u00cd USAZENIN\u00c1M V SYST\u00c9MU ZAVLA\u017dOV\u00c1N\u00cd A ODSTRA\u0147UJE JE","icon_2":5853,"icon_2_text":"JEDNODUCH\u00c1 \u00daDR\u017dBA ZAVLA\u017dOVAC\u00cdHO SYST\u00c9MU","icon_3":"","icon_3_text":"","icon_4":"","icon_4_text":"","video":"https:\/\/youtu.be\/GXKYeJAG574","second_image":5845,"product_image_page":5897,"user_manual":"","new_icon_1":"","new_icon_2":"","new_icon_3":"","new_icon_4":"","grow_guides":"","category":"Aditivn\u00ed"},"yoast_head":"<!-- This site is optimized with the Yoast SEO Premium plugin v27.4 (Yoast SEO v27.4) - https:\/\/yoast.com\/product\/yoast-seo-premium-wordpress\/ -->\n<title>ATA Clean \u2013 Efektivn\u00ed \u010disti\u010d pro zavla\u017eovac\u00ed syst\u00e9my a substr\u00e1ty<\/title>\n<meta name=\"description\" content=\"ATA Clean je profesion\u00e1ln\u00ed \u010disti\u010d pro zavla\u017eovac\u00ed syst\u00e9my a substr\u00e1ty, kter\u00fd pom\u00e1h\u00e1 eliminovat usazeniny a zaji\u0161\u0165uje optim\u00e1ln\u00ed tok \u017eivin pro va\u0161e rostliny.\" \/>\n<meta name=\"robots\" content=\"index, follow, max-snippet:-1, max-image-preview:large, max-video-preview:-1\" \/>\n<link rel=\"canonical\" href=\"https:\/\/atami.com\/cs\/produkt\/ata-clean\" \/>\n<meta property=\"og:locale\" content=\"cs_CZ\" \/>\n<meta property=\"og:type\" content=\"article\" \/>\n<meta property=\"og:title\" content=\"ATA Clean\" \/>\n<meta property=\"og:description\" content=\"ATA Clean je profesion\u00e1ln\u00ed \u010disti\u010d pro zavla\u017eovac\u00ed syst\u00e9my a substr\u00e1ty, kter\u00fd pom\u00e1h\u00e1 eliminovat usazeniny a zaji\u0161\u0165uje optim\u00e1ln\u00ed tok \u017eivin pro va\u0161e rostliny.\" \/>\n<meta property=\"og:url\" content=\"https:\/\/atami.com\/cs\/produkt\/ata-clean\" \/>\n<meta property=\"og:site_name\" content=\"Atami\" \/>\n<meta property=\"article:publisher\" content=\"https:\/\/www.facebook.com\/Atami.International\" \/>\n<meta property=\"article:modified_time\" content=\"2025-11-24T10:26:25+00:00\" \/>\n<meta property=\"og:image\" content=\"https:\/\/atami.com\/wp-content\/uploads\/2023\/02\/ATA-Clean-Main-Image.webp\" \/>\n\t<meta property=\"og:image:width\" content=\"1080\" \/>\n\t<meta property=\"og:image:height\" content=\"1080\" \/>\n\t<meta property=\"og:image:type\" content=\"image\/webp\" \/>\n<meta name=\"twitter:card\" content=\"summary_large_image\" \/>\n<meta name=\"twitter:site\" content=\"@AtamiEU\" \/>\n<meta name=\"twitter:label1\" content=\"Odhadovan\u00e1 doba \u010dten\u00ed\" \/>\n\t<meta name=\"twitter:data1\" content=\"2 minuty\" \/>\n<script type=\"application\/ld+json\" class=\"yoast-schema-graph\">{\"@context\":\"https:\\\/\\\/schema.org\",\"@graph\":[{\"@type\":\"WebPage\",\"@id\":\"https:\\\/\\\/atami.com\\\/cs\\\/produkt\\\/ata-clean\",\"url\":\"https:\\\/\\\/atami.com\\\/cs\\\/produkt\\\/ata-clean\",\"name\":\"ATA Clean \u2013 Efektivn\u00ed \u010disti\u010d pro zavla\u017eovac\u00ed syst\u00e9my a substr\u00e1ty\",\"isPartOf\":{\"@id\":\"https:\\\/\\\/atami.com\\\/cs#website\"},\"primaryImageOfPage\":{\"@id\":\"https:\\\/\\\/atami.com\\\/cs\\\/produkt\\\/ata-clean#primaryimage\"},\"image\":{\"@id\":\"https:\\\/\\\/atami.com\\\/cs\\\/produkt\\\/ata-clean#primaryimage\"},\"thumbnailUrl\":\"https:\\\/\\\/atami.com\\\/wp-content\\\/uploads\\\/2023\\\/02\\\/ATA-Clean-Main-Image.webp\",\"datePublished\":\"2023-02-09T10:59:07+00:00\",\"dateModified\":\"2025-11-24T10:26:25+00:00\",\"description\":\"ATA Clean je profesion\u00e1ln\u00ed \u010disti\u010d pro zavla\u017eovac\u00ed syst\u00e9my a substr\u00e1ty, kter\u00fd pom\u00e1h\u00e1 eliminovat usazeniny a zaji\u0161\u0165uje optim\u00e1ln\u00ed tok \u017eivin pro va\u0161e rostliny.\",\"breadcrumb\":{\"@id\":\"https:\\\/\\\/atami.com\\\/cs\\\/produkt\\\/ata-clean#breadcrumb\"},\"inLanguage\":\"cs\",\"potentialAction\":[{\"@type\":\"ReadAction\",\"target\":[\"https:\\\/\\\/atami.com\\\/cs\\\/produkt\\\/ata-clean\"]}]},{\"@type\":\"ImageObject\",\"inLanguage\":\"cs\",\"@id\":\"https:\\\/\\\/atami.com\\\/cs\\\/produkt\\\/ata-clean#primaryimage\",\"url\":\"https:\\\/\\\/atami.com\\\/wp-content\\\/uploads\\\/2023\\\/02\\\/ATA-Clean-Main-Image.webp\",\"contentUrl\":\"https:\\\/\\\/atami.com\\\/wp-content\\\/uploads\\\/2023\\\/02\\\/ATA-Clean-Main-Image.webp\",\"width\":1080,\"height\":1080,\"caption\":\"ATA Clean zaji\u0161\u0165uje, \u017ee v\u00e1\u0161 zavla\u017eovac\u00ed syst\u00e9m z\u016fst\u00e1v\u00e1 pln\u011b funk\u010dn\u00ed t\u00edm, \u017ee zabra\u0148uje a \u010dist\u00ed miner\u00e1ln\u00ed zbytky, tak\u017ee je rozpustn\u00fd ve vod\u011b pro snadn\u00e9 vypou\u0161t\u011bn\u00ed.\"},{\"@type\":\"BreadcrumbList\",\"@id\":\"https:\\\/\\\/atami.com\\\/cs\\\/produkt\\\/ata-clean#breadcrumb\",\"itemListElement\":[{\"@type\":\"ListItem\",\"position\":1,\"name\":\"Home\",\"item\":\"https:\\\/\\\/atami.com\\\/cs\"},{\"@type\":\"ListItem\",\"position\":2,\"name\":\"Produkty\",\"item\":\"https:\\\/\\\/atami.com\\\/cs\\\/shop\"},{\"@type\":\"ListItem\",\"position\":3,\"name\":\"Zna\u010dky\",\"item\":\"https:\\\/\\\/atami.com\\\/cs\\\/kategorie-produktu\\\/znacky\"},{\"@type\":\"ListItem\",\"position\":4,\"name\":\"ATA\",\"item\":\"https:\\\/\\\/atami.com\\\/cs\\\/kategorie-produktu\\\/znacky\\\/ata\"},{\"@type\":\"ListItem\",\"position\":5,\"name\":\"ATA Clean\"}]},{\"@type\":\"WebSite\",\"@id\":\"https:\\\/\\\/atami.com\\\/cs#website\",\"url\":\"https:\\\/\\\/atami.com\\\/cs\",\"name\":\"Atami\",\"description\":\"NATURALLY INNOVATING!\",\"publisher\":{\"@id\":\"https:\\\/\\\/atami.com\\\/cs#organization\"},\"potentialAction\":[{\"@type\":\"SearchAction\",\"target\":{\"@type\":\"EntryPoint\",\"urlTemplate\":\"https:\\\/\\\/atami.com\\\/cs?s={search_term_string}\"},\"query-input\":{\"@type\":\"PropertyValueSpecification\",\"valueRequired\":true,\"valueName\":\"search_term_string\"}}],\"inLanguage\":\"cs\"},{\"@type\":\"Organization\",\"@id\":\"https:\\\/\\\/atami.com\\\/cs#organization\",\"name\":\"Atami\",\"url\":\"https:\\\/\\\/atami.com\\\/cs\",\"logo\":{\"@type\":\"ImageObject\",\"inLanguage\":\"cs\",\"@id\":\"https:\\\/\\\/atami.com\\\/cs#\\\/schema\\\/logo\\\/image\\\/\",\"url\":\"https:\\\/\\\/atami.com\\\/wp-content\\\/uploads\\\/2026\\\/01\\\/Atami-logo-696x696px.webp\",\"contentUrl\":\"https:\\\/\\\/atami.com\\\/wp-content\\\/uploads\\\/2026\\\/01\\\/Atami-logo-696x696px.webp\",\"width\":696,\"height\":696,\"caption\":\"Atami\"},\"image\":{\"@id\":\"https:\\\/\\\/atami.com\\\/cs#\\\/schema\\\/logo\\\/image\\\/\"},\"sameAs\":[\"https:\\\/\\\/www.facebook.com\\\/Atami.International\",\"https:\\\/\\\/x.com\\\/AtamiEU\",\"https:\\\/\\\/www.youtube.com\\\/c\\\/AtamiInternational\",\"https:\\\/\\\/www.instagram.com\\\/atami.international\\\/\"],\"description\":\"ATAMI is a premium plant nutrition & substrate brand founded in 1997 with the mission to make exceptional cultivation achievable for everyone. From legacy to license, we offer a wide variety of innovating award-winning products to let cultivators achieve maximum results in taste & yield.\",\"email\":\"info@mginnovations.es\",\"legalName\":\"Atami\",\"numberOfEmployees\":{\"@type\":\"QuantitativeValue\",\"minValue\":\"11\",\"maxValue\":\"50\"}}]}<\/script>\n<!-- \/ Yoast SEO Premium plugin. -->","yoast_head_json":{"title":"ATA Clean \u2013 Efektivn\u00ed \u010disti\u010d pro zavla\u017eovac\u00ed syst\u00e9my a substr\u00e1ty","description":"ATA Clean je profesion\u00e1ln\u00ed \u010disti\u010d pro zavla\u017eovac\u00ed syst\u00e9my a substr\u00e1ty, kter\u00fd pom\u00e1h\u00e1 eliminovat usazeniny a zaji\u0161\u0165uje optim\u00e1ln\u00ed tok \u017eivin pro va\u0161e rostliny.","robots":{"index":"index","follow":"follow","max-snippet":"max-snippet:-1","max-image-preview":"max-image-preview:large","max-video-preview":"max-video-preview:-1"},"canonical":"https:\/\/atami.com\/cs\/produkt\/ata-clean","og_locale":"cs_CZ","og_type":"article","og_title":"ATA Clean","og_description":"ATA Clean je profesion\u00e1ln\u00ed \u010disti\u010d pro zavla\u017eovac\u00ed syst\u00e9my a substr\u00e1ty, kter\u00fd pom\u00e1h\u00e1 eliminovat usazeniny a zaji\u0161\u0165uje optim\u00e1ln\u00ed tok \u017eivin pro va\u0161e rostliny.","og_url":"https:\/\/atami.com\/cs\/produkt\/ata-clean","og_site_name":"Atami","article_publisher":"https:\/\/www.facebook.com\/Atami.International","article_modified_time":"2025-11-24T10:26:25+00:00","og_image":[{"width":1080,"height":1080,"url":"https:\/\/atami.com\/wp-content\/uploads\/2023\/02\/ATA-Clean-Main-Image.webp","type":"image\/webp"}],"twitter_card":"summary_large_image","twitter_site":"@AtamiEU","twitter_misc":{"Odhadovan\u00e1 doba \u010dten\u00ed":"2 minuty"},"schema":{"@context":"https:\/\/schema.org","@graph":[{"@type":"WebPage","@id":"https:\/\/atami.com\/cs\/produkt\/ata-clean","url":"https:\/\/atami.com\/cs\/produkt\/ata-clean","name":"ATA Clean \u2013 Efektivn\u00ed \u010disti\u010d pro zavla\u017eovac\u00ed syst\u00e9my a substr\u00e1ty","isPartOf":{"@id":"https:\/\/atami.com\/cs#website"},"primaryImageOfPage":{"@id":"https:\/\/atami.com\/cs\/produkt\/ata-clean#primaryimage"},"image":{"@id":"https:\/\/atami.com\/cs\/produkt\/ata-clean#primaryimage"},"thumbnailUrl":"https:\/\/atami.com\/wp-content\/uploads\/2023\/02\/ATA-Clean-Main-Image.webp","datePublished":"2023-02-09T10:59:07+00:00","dateModified":"2025-11-24T10:26:25+00:00","description":"ATA Clean je profesion\u00e1ln\u00ed \u010disti\u010d pro zavla\u017eovac\u00ed syst\u00e9my a substr\u00e1ty, kter\u00fd pom\u00e1h\u00e1 eliminovat usazeniny a zaji\u0161\u0165uje optim\u00e1ln\u00ed tok \u017eivin pro va\u0161e rostliny.","breadcrumb":{"@id":"https:\/\/atami.com\/cs\/produkt\/ata-clean#breadcrumb"},"inLanguage":"cs","potentialAction":[{"@type":"ReadAction","target":["https:\/\/atami.com\/cs\/produkt\/ata-clean"]}]},{"@type":"ImageObject","inLanguage":"cs","@id":"https:\/\/atami.com\/cs\/produkt\/ata-clean#primaryimage","url":"https:\/\/atami.com\/wp-content\/uploads\/2023\/02\/ATA-Clean-Main-Image.webp","contentUrl":"https:\/\/atami.com\/wp-content\/uploads\/2023\/02\/ATA-Clean-Main-Image.webp","width":1080,"height":1080,"caption":"ATA Clean zaji\u0161\u0165uje, \u017ee v\u00e1\u0161 zavla\u017eovac\u00ed syst\u00e9m z\u016fst\u00e1v\u00e1 pln\u011b funk\u010dn\u00ed t\u00edm, \u017ee zabra\u0148uje a \u010dist\u00ed miner\u00e1ln\u00ed zbytky, tak\u017ee je rozpustn\u00fd ve vod\u011b pro snadn\u00e9 vypou\u0161t\u011bn\u00ed."},{"@type":"BreadcrumbList","@id":"https:\/\/atami.com\/cs\/produkt\/ata-clean#breadcrumb","itemListElement":[{"@type":"ListItem","position":1,"name":"Home","item":"https:\/\/atami.com\/cs"},{"@type":"ListItem","position":2,"name":"Produkty","item":"https:\/\/atami.com\/cs\/shop"},{"@type":"ListItem","position":3,"name":"Zna\u010dky","item":"https:\/\/atami.com\/cs\/kategorie-produktu\/znacky"},{"@type":"ListItem","position":4,"name":"ATA","item":"https:\/\/atami.com\/cs\/kategorie-produktu\/znacky\/ata"},{"@type":"ListItem","position":5,"name":"ATA Clean"}]},{"@type":"WebSite","@id":"https:\/\/atami.com\/cs#website","url":"https:\/\/atami.com\/cs","name":"Atami","description":"NATURALLY INNOVATING!","publisher":{"@id":"https:\/\/atami.com\/cs#organization"},"potentialAction":[{"@type":"SearchAction","target":{"@type":"EntryPoint","urlTemplate":"https:\/\/atami.com\/cs?s={search_term_string}"},"query-input":{"@type":"PropertyValueSpecification","valueRequired":true,"valueName":"search_term_string"}}],"inLanguage":"cs"},{"@type":"Organization","@id":"https:\/\/atami.com\/cs#organization","name":"Atami","url":"https:\/\/atami.com\/cs","logo":{"@type":"ImageObject","inLanguage":"cs","@id":"https:\/\/atami.com\/cs#\/schema\/logo\/image\/","url":"https:\/\/atami.com\/wp-content\/uploads\/2026\/01\/Atami-logo-696x696px.webp","contentUrl":"https:\/\/atami.com\/wp-content\/uploads\/2026\/01\/Atami-logo-696x696px.webp","width":696,"height":696,"caption":"Atami"},"image":{"@id":"https:\/\/atami.com\/cs#\/schema\/logo\/image\/"},"sameAs":["https:\/\/www.facebook.com\/Atami.International","https:\/\/x.com\/AtamiEU","https:\/\/www.youtube.com\/c\/AtamiInternational","https:\/\/www.instagram.com\/atami.international\/"],"description":"ATAMI is a premium plant nutrition & substrate brand founded in 1997 with the mission to make exceptional cultivation achievable for everyone. From legacy to license, we offer a wide variety of innovating award-winning products to let cultivators achieve maximum results in taste & yield.","email":"info@mginnovations.es","legalName":"Atami","numberOfEmployees":{"@type":"QuantitativeValue","minValue":"11","maxValue":"50"}}]}},"_links":{"self":[{"href":"https:\/\/atami.com\/cs\/wp-json\/wp\/v2\/product\/49748","targetHints":{"allow":["GET"]}}],"collection":[{"href":"https:\/\/atami.com\/cs\/wp-json\/wp\/v2\/product"}],"about":[{"href":"https:\/\/atami.com\/cs\/wp-json\/wp\/v2\/types\/product"}],"replies":[{"embeddable":true,"href":"https:\/\/atami.com\/cs\/wp-json\/wp\/v2\/comments?post=49748"}],"wp:featuredmedia":[{"embeddable":true,"href":"https:\/\/atami.com\/cs\/wp-json\/wp\/v2\/media\/23865"}],"wp:attachment":[{"href":"https:\/\/atami.com\/cs\/wp-json\/wp\/v2\/media?parent=49748"}],"wp:term":[{"taxonomy":"product_brand","embeddable":true,"href":"https:\/\/atami.com\/cs\/wp-json\/wp\/v2\/product_brand?post=49748"},{"taxonomy":"product_cat","embeddable":true,"href":"https:\/\/atami.com\/cs\/wp-json\/wp\/v2\/product_cat?post=49748"},{"taxonomy":"product_tag","embeddable":true,"href":"https:\/\/atami.com\/cs\/wp-json\/wp\/v2\/product_tag?post=49748"}],"curies":[{"name":"wp","href":"https:\/\/api.w.org\/{rel}","templated":true}]}}