{"id":49747,"date":"2023-02-09T10:33:24","date_gmt":"2023-02-09T10:33:24","guid":{"rendered":"https:\/\/atami.com\/product\/ata-atazyme\/"},"modified":"2025-11-24T12:26:15","modified_gmt":"2025-11-24T10:26:15","slug":"ata-atazyme","status":"publish","type":"product","link":"https:\/\/atami.com\/cs\/produkt\/ata-atazyme","title":{"rendered":"ATA Atazyme"},"content":{"rendered":"<p><strong>ATA Atazyme je univerz\u00e1ln\u00ed zlep\u0161ovac\u00ed p\u0159\u00edpravek p\u016fdy na b\u00e1zi enzym\u016f neobsahuj\u00edc\u00ed dus\u00edk, fosfor ani drasl\u00edk (NPK). Toto aditivum k \u017eivn\u00e9mu roztoku t\u00e9m\u011b\u0159 neovliv\u0148uje jeho hodnoty EC. Enzymy p\u016fsob\u00ed jako katalyz\u00e1tory, hraj\u00ed tedy roli u (bio)chemick\u00fdch reakc\u00ed, je\u017e urychluj\u00ed a\/nebo umo\u017e\u0148uj\u00ed.<\/strong><\/p>\n<p>\nATA Atazyme zaji\u0161\u0165uje, \u017ee star\u00fd a odum\u0159el\u00fd ko\u0159enov\u00fd materi\u00e1l se v substr\u00e1tu rozlo\u017e\u00ed. To na jednu stranu uvoln\u00ed do p\u016fdn\u00edho prost\u0159ed\u00ed hodnotn\u00e9 miner\u00e1ly a cukry a na druhou stranu p\u016fdu provzdu\u0161n\u00ed, proto\u017ee ko\u0159enov\u00fd materi\u00e1l byl \u201euklizen\u201c. Dob\u0159e provzdu\u0161n\u011bn\u00fd substr\u00e1t zaji\u0161\u0165uje lep\u0161\u00ed r\u016fst ko\u0159en\u016f, a tud\u00ed\u017e lep\u0161\u00ed odolnost rostliny v\u016f\u010di nemocem a houb\u00e1m.<\/p>\n<p>\n<strong>ZEJM\u00c9NA VHODN\u00dd PRO:<\/strong><br \/>\nR\u016fzn\u00e9 druhy ovoce, zeleniny a bylin, jako fazole, tymi\u00e1n, oregano, bazalku, \u0159edkvi\u010dkov\u00e9 v\u00fdhonky, kl\u00ed\u010dky \u0161\u0165ov\u00edku atd. Pro pot\u0159eby jednotliv\u00fdch rostlin nebo plodin je mo\u017en\u00e9 nam\u011b\u0159it po\u017eadovanou d\u00e1vku.<\/p>\n<p>\n<strong>POU\u017dIT\u00cd<\/strong><br \/>\nVhodn\u00e9 jako p\u0159\u00edsada nav\u00edc k pravideln\u00e9 v\u00fd\u017eiv\u011b p\u0159i p\u011bstov\u00e1n\u00ed v p\u016fd\u011b, hydroponii nebo kokosu. Nejl\u00e9pe je pou\u017e\u00edvat ho jednou t\u00fddn\u011b b\u011bhem cel\u00e9ho cyklu r\u016fstu a kveten\u00ed. Je tak\u00e9 velmi efektivn\u00ed v (\u010d\u00e1ste\u010dn\u00e9m) znovu vyu\u017eit\u00ed substr\u00e1tu.<\/p>\n<p>\n<strong>D\u00c1VKOV\u00c1N\u00cd<\/strong><br \/>\n1\u20133 ml na litr vody<\/p>\n<p>\n<strong>DOSTUPN\u00dd OBJEM 1 L, 5 L A 10 L<\/strong><\/p>\n","protected":false},"excerpt":{"rendered":"<p>P\u0159\u00edsada zlep\u0161uj\u00edc\u00ed p\u016fdu<\/p>\n","protected":false},"featured_media":23850,"comment_status":"closed","ping_status":"closed","template":"","meta":{"_acf_changed":false,"iawp_total_views":81},"product_brand":[],"product_cat":[384,381],"product_tag":[],"class_list":{"0":"post-49747","1":"product","2":"type-product","3":"status-publish","4":"has-post-thumbnail","6":"product_cat-aditivni","7":"product_cat-ata","9":"first","10":"instock","11":"shipping-taxable","12":"product-type-simple"},"acf":{"short_description":"<p><strong>ATA Atazyme je univerz\u00e1ln\u00ed zlep\u0161ovac\u00ed p\u0159\u00edpravek p\u016fdy na b\u00e1zi enzym\u016f neobsahuj\u00edc\u00ed dus\u00edk, fosfor ani drasl\u00edk (NPK). Toto aditivum k \u017eivn\u00e9mu roztoku t\u00e9m\u011b\u0159 neovliv\u0148uje jeho hodnoty EC. Enzymy p\u016fsob\u00ed jako katalyz\u00e1tory, hraj\u00ed tedy roli u (bio)chemick\u00fdch reakc\u00ed, je\u017e urychluj\u00ed a\/nebo umo\u017e\u0148uj\u00ed.<\/strong><\/p><p><br \/>ATA Atazyme zaji\u0161\u0165uje, \u017ee star\u00fd a odum\u0159el\u00fd ko\u0159enov\u00fd materi\u00e1l se v substr\u00e1tu rozlo\u017e\u00ed. To na jednu stranu uvoln\u00ed do p\u016fdn\u00edho prost\u0159ed\u00ed hodnotn\u00e9 miner\u00e1ly a cukry a na druhou stranu p\u016fdu provzdu\u0161n\u00ed, proto\u017ee ko\u0159enov\u00fd materi\u00e1l byl \u201euklizen\u201c. Dob\u0159e provzdu\u0161n\u011bn\u00fd substr\u00e1t zaji\u0161\u0165uje lep\u0161\u00ed r\u016fst ko\u0159en\u016f, a tud\u00ed\u017e lep\u0161\u00ed odolnost rostliny v\u016f\u010di nemocem a houb\u00e1m.<\/p>","suitable_for":"<p>R\u016fzn\u00e9 druhy ovoce, zeleniny a bylin, jako fazole, tymi\u00e1n, oregano, bazalku, \u0159edkvi\u010dkov\u00e9 v\u00fdhonky, kl\u00ed\u010dky \u0161\u0165ov\u00edku atd. Pro pot\u0159eby jednotliv\u00fdch rostlin nebo plodin je mo\u017en\u00e9 nam\u011b\u0159it po\u017eadovanou d\u00e1vku.<\/p>","application":"<p>Vhodn\u00e9 jako p\u0159\u00edsada nav\u00edc k pravideln\u00e9 v\u00fd\u017eiv\u011b p\u0159i p\u011bstov\u00e1n\u00ed v p\u016fd\u011b, hydroponii nebo kokosu. Nejl\u00e9pe je pou\u017e\u00edvat ho jednou t\u00fddn\u011b b\u011bhem cel\u00e9ho cyklu r\u016fstu a kveten\u00ed. Je tak\u00e9 velmi efektivn\u00ed v (\u010d\u00e1ste\u010dn\u00e9m) znovu vyu\u017eit\u00ed substr\u00e1tu.<\/p>","dosage":"<p>1\u20133 ml na litr vody.<\/p>","npk_ratio":"","available_in":"<p>1 L, 5 L A 10 L<\/p>","icon_1":5833,"icon_1_text":"ZLEP\u0160UJE P\u016eDU","icon_2":5837,"icon_2_text":"ROZKL\u00c1D\u00c1 KO\u0158ENOV\u00dd MATERI\u00c1L","icon_3":5841,"icon_3_text":"PROVZDU\u0160\u0147UJE SUBSTR\u00c1T","icon_4":"","icon_4_text":"","video":"https:\/\/youtu.be\/i-WDHPUGGqs","second_image":5829,"product_image_page":5901,"user_manual":"","new_icon_1":"","new_icon_2":"","new_icon_3":"","new_icon_4":"","grow_guides":"","category":"Aditivn\u00ed"},"yoast_head":"<!-- This site is optimized with the Yoast SEO Premium plugin v27.5 (Yoast SEO v27.5) - https:\/\/yoast.com\/product\/yoast-seo-premium-wordpress\/ -->\n<title>Ata Atazyme: Enzymatick\u00fd P\u0159\u00edpravek pro Zlep\u0161en\u00ed Kvality P\u016fdy a R\u016fst Rostlin<\/title>\n<meta name=\"description\" content=\"Zvy\u0161te \u00fa\u010dinnost p\u011bstov\u00e1n\u00ed s Ata Atazyme. Tento enzymatick\u00fd p\u0159\u00edpravek zlep\u0161uje kvalitu p\u016fdy, podporuje r\u016fst rostlin a optimalizuje rozklad organick\u00fdch l\u00e1tek pro lep\u0161\u00ed v\u00fdnosy.\" \/>\n<meta name=\"robots\" content=\"index, follow, max-snippet:-1, max-image-preview:large, max-video-preview:-1\" \/>\n<link rel=\"canonical\" href=\"https:\/\/atami.com\/cs\/produkt\/ata-atazyme\" \/>\n<meta property=\"og:locale\" content=\"cs_CZ\" \/>\n<meta property=\"og:type\" content=\"article\" \/>\n<meta property=\"og:title\" content=\"ATA Atazyme\" \/>\n<meta property=\"og:description\" content=\"Zvy\u0161te \u00fa\u010dinnost p\u011bstov\u00e1n\u00ed s Ata Atazyme. Tento enzymatick\u00fd p\u0159\u00edpravek zlep\u0161uje kvalitu p\u016fdy, podporuje r\u016fst rostlin a optimalizuje rozklad organick\u00fdch l\u00e1tek pro lep\u0161\u00ed v\u00fdnosy.\" \/>\n<meta property=\"og:url\" content=\"https:\/\/atami.com\/cs\/produkt\/ata-atazyme\" \/>\n<meta property=\"og:site_name\" content=\"Atami\" \/>\n<meta property=\"article:publisher\" content=\"https:\/\/www.facebook.com\/Atami.International\" \/>\n<meta property=\"article:modified_time\" content=\"2025-11-24T10:26:15+00:00\" \/>\n<meta property=\"og:image\" content=\"https:\/\/atami.com\/wp-content\/uploads\/2023\/02\/ATAzyme-Main-Image.webp\" \/>\n\t<meta property=\"og:image:width\" content=\"1080\" \/>\n\t<meta property=\"og:image:height\" content=\"1080\" \/>\n\t<meta property=\"og:image:type\" content=\"image\/webp\" \/>\n<meta name=\"twitter:card\" content=\"summary_large_image\" \/>\n<meta name=\"twitter:site\" content=\"@AtamiEU\" \/>\n<meta name=\"twitter:label1\" content=\"Odhadovan\u00e1 doba \u010dten\u00ed\" \/>\n\t<meta name=\"twitter:data1\" content=\"1 minuta\" \/>\n<script type=\"application\/ld+json\" class=\"yoast-schema-graph\">{\"@context\":\"https:\\\/\\\/schema.org\",\"@graph\":[{\"@type\":\"WebPage\",\"@id\":\"https:\\\/\\\/atami.com\\\/cs\\\/produkt\\\/ata-atazyme\",\"url\":\"https:\\\/\\\/atami.com\\\/cs\\\/produkt\\\/ata-atazyme\",\"name\":\"Ata Atazyme: Enzymatick\u00fd P\u0159\u00edpravek pro Zlep\u0161en\u00ed Kvality P\u016fdy a R\u016fst Rostlin\",\"isPartOf\":{\"@id\":\"https:\\\/\\\/atami.com\\\/cs#website\"},\"primaryImageOfPage\":{\"@id\":\"https:\\\/\\\/atami.com\\\/cs\\\/produkt\\\/ata-atazyme#primaryimage\"},\"image\":{\"@id\":\"https:\\\/\\\/atami.com\\\/cs\\\/produkt\\\/ata-atazyme#primaryimage\"},\"thumbnailUrl\":\"https:\\\/\\\/atami.com\\\/wp-content\\\/uploads\\\/2023\\\/02\\\/ATAzyme-Main-Image.webp\",\"datePublished\":\"2023-02-09T10:33:24+00:00\",\"dateModified\":\"2025-11-24T10:26:15+00:00\",\"description\":\"Zvy\u0161te \u00fa\u010dinnost p\u011bstov\u00e1n\u00ed s Ata Atazyme. Tento enzymatick\u00fd p\u0159\u00edpravek zlep\u0161uje kvalitu p\u016fdy, podporuje r\u016fst rostlin a optimalizuje rozklad organick\u00fdch l\u00e1tek pro lep\u0161\u00ed v\u00fdnosy.\",\"breadcrumb\":{\"@id\":\"https:\\\/\\\/atami.com\\\/cs\\\/produkt\\\/ata-atazyme#breadcrumb\"},\"inLanguage\":\"cs\",\"potentialAction\":[{\"@type\":\"ReadAction\",\"target\":[\"https:\\\/\\\/atami.com\\\/cs\\\/produkt\\\/ata-atazyme\"]}]},{\"@type\":\"ImageObject\",\"inLanguage\":\"cs\",\"@id\":\"https:\\\/\\\/atami.com\\\/cs\\\/produkt\\\/ata-atazyme#primaryimage\",\"url\":\"https:\\\/\\\/atami.com\\\/wp-content\\\/uploads\\\/2023\\\/02\\\/ATAzyme-Main-Image.webp\",\"contentUrl\":\"https:\\\/\\\/atami.com\\\/wp-content\\\/uploads\\\/2023\\\/02\\\/ATAzyme-Main-Image.webp\",\"width\":1080,\"height\":1080,\"caption\":\"ATA Atazyme urychluje rozklad odum\u0159el\u00e9ho ko\u0159enov\u00e9ho materi\u00e1lu a uvol\u0148uje cenn\u00e9 miner\u00e1ly a cukry do p\u016fdy.\"},{\"@type\":\"BreadcrumbList\",\"@id\":\"https:\\\/\\\/atami.com\\\/cs\\\/produkt\\\/ata-atazyme#breadcrumb\",\"itemListElement\":[{\"@type\":\"ListItem\",\"position\":1,\"name\":\"Home\",\"item\":\"https:\\\/\\\/atami.com\\\/cs\"},{\"@type\":\"ListItem\",\"position\":2,\"name\":\"Produkty\",\"item\":\"https:\\\/\\\/atami.com\\\/cs\\\/shop\"},{\"@type\":\"ListItem\",\"position\":3,\"name\":\"Zna\u010dky\",\"item\":\"https:\\\/\\\/atami.com\\\/cs\\\/kategorie-produktu\\\/znacky\"},{\"@type\":\"ListItem\",\"position\":4,\"name\":\"ATA\",\"item\":\"https:\\\/\\\/atami.com\\\/cs\\\/kategorie-produktu\\\/znacky\\\/ata\"},{\"@type\":\"ListItem\",\"position\":5,\"name\":\"ATA Atazyme\"}]},{\"@type\":\"WebSite\",\"@id\":\"https:\\\/\\\/atami.com\\\/cs#website\",\"url\":\"https:\\\/\\\/atami.com\\\/cs\",\"name\":\"Atami\",\"description\":\"NATURALLY INNOVATING!\",\"publisher\":{\"@id\":\"https:\\\/\\\/atami.com\\\/cs#organization\"},\"potentialAction\":[{\"@type\":\"SearchAction\",\"target\":{\"@type\":\"EntryPoint\",\"urlTemplate\":\"https:\\\/\\\/atami.com\\\/cs?s={search_term_string}\"},\"query-input\":{\"@type\":\"PropertyValueSpecification\",\"valueRequired\":true,\"valueName\":\"search_term_string\"}}],\"inLanguage\":\"cs\"},{\"@type\":\"Organization\",\"@id\":\"https:\\\/\\\/atami.com\\\/cs#organization\",\"name\":\"Atami\",\"url\":\"https:\\\/\\\/atami.com\\\/cs\",\"logo\":{\"@type\":\"ImageObject\",\"inLanguage\":\"cs\",\"@id\":\"https:\\\/\\\/atami.com\\\/cs#\\\/schema\\\/logo\\\/image\\\/\",\"url\":\"https:\\\/\\\/atami.com\\\/wp-content\\\/uploads\\\/2026\\\/01\\\/Atami-logo-696x696px.webp\",\"contentUrl\":\"https:\\\/\\\/atami.com\\\/wp-content\\\/uploads\\\/2026\\\/01\\\/Atami-logo-696x696px.webp\",\"width\":696,\"height\":696,\"caption\":\"Atami\"},\"image\":{\"@id\":\"https:\\\/\\\/atami.com\\\/cs#\\\/schema\\\/logo\\\/image\\\/\"},\"sameAs\":[\"https:\\\/\\\/www.facebook.com\\\/Atami.International\",\"https:\\\/\\\/x.com\\\/AtamiEU\",\"https:\\\/\\\/www.youtube.com\\\/c\\\/AtamiInternational\",\"https:\\\/\\\/www.instagram.com\\\/atami.international\\\/\"],\"description\":\"ATAMI is a premium plant nutrition & substrate brand founded in 1997 with the mission to make exceptional cultivation achievable for everyone. From legacy to license, we offer a wide variety of innovating award-winning products to let cultivators achieve maximum results in taste & yield.\",\"email\":\"info@mginnovations.es\",\"legalName\":\"Atami\",\"numberOfEmployees\":{\"@type\":\"QuantitativeValue\",\"minValue\":\"11\",\"maxValue\":\"50\"}}]}<\/script>\n<!-- \/ Yoast SEO Premium plugin. -->","yoast_head_json":{"title":"Ata Atazyme: Enzymatick\u00fd P\u0159\u00edpravek pro Zlep\u0161en\u00ed Kvality P\u016fdy a R\u016fst Rostlin","description":"Zvy\u0161te \u00fa\u010dinnost p\u011bstov\u00e1n\u00ed s Ata Atazyme. Tento enzymatick\u00fd p\u0159\u00edpravek zlep\u0161uje kvalitu p\u016fdy, podporuje r\u016fst rostlin a optimalizuje rozklad organick\u00fdch l\u00e1tek pro lep\u0161\u00ed v\u00fdnosy.","robots":{"index":"index","follow":"follow","max-snippet":"max-snippet:-1","max-image-preview":"max-image-preview:large","max-video-preview":"max-video-preview:-1"},"canonical":"https:\/\/atami.com\/cs\/produkt\/ata-atazyme","og_locale":"cs_CZ","og_type":"article","og_title":"ATA Atazyme","og_description":"Zvy\u0161te \u00fa\u010dinnost p\u011bstov\u00e1n\u00ed s Ata Atazyme. Tento enzymatick\u00fd p\u0159\u00edpravek zlep\u0161uje kvalitu p\u016fdy, podporuje r\u016fst rostlin a optimalizuje rozklad organick\u00fdch l\u00e1tek pro lep\u0161\u00ed v\u00fdnosy.","og_url":"https:\/\/atami.com\/cs\/produkt\/ata-atazyme","og_site_name":"Atami","article_publisher":"https:\/\/www.facebook.com\/Atami.International","article_modified_time":"2025-11-24T10:26:15+00:00","og_image":[{"width":1080,"height":1080,"url":"https:\/\/atami.com\/wp-content\/uploads\/2023\/02\/ATAzyme-Main-Image.webp","type":"image\/webp"}],"twitter_card":"summary_large_image","twitter_site":"@AtamiEU","twitter_misc":{"Odhadovan\u00e1 doba \u010dten\u00ed":"1 minuta"},"schema":{"@context":"https:\/\/schema.org","@graph":[{"@type":"WebPage","@id":"https:\/\/atami.com\/cs\/produkt\/ata-atazyme","url":"https:\/\/atami.com\/cs\/produkt\/ata-atazyme","name":"Ata Atazyme: Enzymatick\u00fd P\u0159\u00edpravek pro Zlep\u0161en\u00ed Kvality P\u016fdy a R\u016fst Rostlin","isPartOf":{"@id":"https:\/\/atami.com\/cs#website"},"primaryImageOfPage":{"@id":"https:\/\/atami.com\/cs\/produkt\/ata-atazyme#primaryimage"},"image":{"@id":"https:\/\/atami.com\/cs\/produkt\/ata-atazyme#primaryimage"},"thumbnailUrl":"https:\/\/atami.com\/wp-content\/uploads\/2023\/02\/ATAzyme-Main-Image.webp","datePublished":"2023-02-09T10:33:24+00:00","dateModified":"2025-11-24T10:26:15+00:00","description":"Zvy\u0161te \u00fa\u010dinnost p\u011bstov\u00e1n\u00ed s Ata Atazyme. Tento enzymatick\u00fd p\u0159\u00edpravek zlep\u0161uje kvalitu p\u016fdy, podporuje r\u016fst rostlin a optimalizuje rozklad organick\u00fdch l\u00e1tek pro lep\u0161\u00ed v\u00fdnosy.","breadcrumb":{"@id":"https:\/\/atami.com\/cs\/produkt\/ata-atazyme#breadcrumb"},"inLanguage":"cs","potentialAction":[{"@type":"ReadAction","target":["https:\/\/atami.com\/cs\/produkt\/ata-atazyme"]}]},{"@type":"ImageObject","inLanguage":"cs","@id":"https:\/\/atami.com\/cs\/produkt\/ata-atazyme#primaryimage","url":"https:\/\/atami.com\/wp-content\/uploads\/2023\/02\/ATAzyme-Main-Image.webp","contentUrl":"https:\/\/atami.com\/wp-content\/uploads\/2023\/02\/ATAzyme-Main-Image.webp","width":1080,"height":1080,"caption":"ATA Atazyme urychluje rozklad odum\u0159el\u00e9ho ko\u0159enov\u00e9ho materi\u00e1lu a uvol\u0148uje cenn\u00e9 miner\u00e1ly a cukry do p\u016fdy."},{"@type":"BreadcrumbList","@id":"https:\/\/atami.com\/cs\/produkt\/ata-atazyme#breadcrumb","itemListElement":[{"@type":"ListItem","position":1,"name":"Home","item":"https:\/\/atami.com\/cs"},{"@type":"ListItem","position":2,"name":"Produkty","item":"https:\/\/atami.com\/cs\/shop"},{"@type":"ListItem","position":3,"name":"Zna\u010dky","item":"https:\/\/atami.com\/cs\/kategorie-produktu\/znacky"},{"@type":"ListItem","position":4,"name":"ATA","item":"https:\/\/atami.com\/cs\/kategorie-produktu\/znacky\/ata"},{"@type":"ListItem","position":5,"name":"ATA Atazyme"}]},{"@type":"WebSite","@id":"https:\/\/atami.com\/cs#website","url":"https:\/\/atami.com\/cs","name":"Atami","description":"NATURALLY INNOVATING!","publisher":{"@id":"https:\/\/atami.com\/cs#organization"},"potentialAction":[{"@type":"SearchAction","target":{"@type":"EntryPoint","urlTemplate":"https:\/\/atami.com\/cs?s={search_term_string}"},"query-input":{"@type":"PropertyValueSpecification","valueRequired":true,"valueName":"search_term_string"}}],"inLanguage":"cs"},{"@type":"Organization","@id":"https:\/\/atami.com\/cs#organization","name":"Atami","url":"https:\/\/atami.com\/cs","logo":{"@type":"ImageObject","inLanguage":"cs","@id":"https:\/\/atami.com\/cs#\/schema\/logo\/image\/","url":"https:\/\/atami.com\/wp-content\/uploads\/2026\/01\/Atami-logo-696x696px.webp","contentUrl":"https:\/\/atami.com\/wp-content\/uploads\/2026\/01\/Atami-logo-696x696px.webp","width":696,"height":696,"caption":"Atami"},"image":{"@id":"https:\/\/atami.com\/cs#\/schema\/logo\/image\/"},"sameAs":["https:\/\/www.facebook.com\/Atami.International","https:\/\/x.com\/AtamiEU","https:\/\/www.youtube.com\/c\/AtamiInternational","https:\/\/www.instagram.com\/atami.international\/"],"description":"ATAMI is a premium plant nutrition & substrate brand founded in 1997 with the mission to make exceptional cultivation achievable for everyone. From legacy to license, we offer a wide variety of innovating award-winning products to let cultivators achieve maximum results in taste & yield.","email":"info@mginnovations.es","legalName":"Atami","numberOfEmployees":{"@type":"QuantitativeValue","minValue":"11","maxValue":"50"}}]}},"_links":{"self":[{"href":"https:\/\/atami.com\/cs\/wp-json\/wp\/v2\/product\/49747","targetHints":{"allow":["GET"]}}],"collection":[{"href":"https:\/\/atami.com\/cs\/wp-json\/wp\/v2\/product"}],"about":[{"href":"https:\/\/atami.com\/cs\/wp-json\/wp\/v2\/types\/product"}],"replies":[{"embeddable":true,"href":"https:\/\/atami.com\/cs\/wp-json\/wp\/v2\/comments?post=49747"}],"wp:featuredmedia":[{"embeddable":true,"href":"https:\/\/atami.com\/cs\/wp-json\/wp\/v2\/media\/23850"}],"wp:attachment":[{"href":"https:\/\/atami.com\/cs\/wp-json\/wp\/v2\/media?parent=49747"}],"wp:term":[{"taxonomy":"product_brand","embeddable":true,"href":"https:\/\/atami.com\/cs\/wp-json\/wp\/v2\/product_brand?post=49747"},{"taxonomy":"product_cat","embeddable":true,"href":"https:\/\/atami.com\/cs\/wp-json\/wp\/v2\/product_cat?post=49747"},{"taxonomy":"product_tag","embeddable":true,"href":"https:\/\/atami.com\/cs\/wp-json\/wp\/v2\/product_tag?post=49747"}],"curies":[{"name":"wp","href":"https:\/\/api.w.org\/{rel}","templated":true}]}}