{"id":49746,"date":"2023-02-09T10:22:15","date_gmt":"2023-02-09T10:22:15","guid":{"rendered":"https:\/\/atami.com\/product\/ata-calmag\/"},"modified":"2025-11-24T12:23:16","modified_gmt":"2025-11-24T10:23:16","slug":"ata-calmag","status":"publish","type":"product","link":"https:\/\/atami.com\/cs\/produkt\/ata-calmag","title":{"rendered":"ATA Calmag"},"content":{"rendered":"<p><strong>Profesion\u00e1ln\u00ed, rychle p\u016fsob\u00edc\u00ed aditivum vhodn\u00e9 pro v\u0161echny typy substr\u00e1t\u016f. ATA Calmag je koktejl \u017eivin dod\u00e1vaj\u00edc\u00ed rostlin\u00e1m pot\u0159ebn\u00fd dodate\u010dn\u00fd v\u00e1pn\u00edk a ho\u0159\u010d\u00edk.<\/strong><\/p>\n<p>\nTyto vedlej\u0161\u00ed v\u00fd\u017eivn\u00e9 prvky jsou velmi d\u016fle\u017eit\u00e9 pro optim\u00e1ln\u00ed r\u016fst, proto\u017ee hraj\u00ed z\u00e1sadn\u00ed roli p\u0159i tvorb\u011b bun\u011b\u010dn\u00fdch st\u011bn a absorpci sv\u011bteln\u00e9 energie. ATA Calmag je vhodn\u00fd pro p\u011bstov\u00e1n\u00ed s m\u011bkkou nebo demineralizovanou vodou. Nav\u00edc je to vynikaj\u00edc\u00ed p\u0159\u00edsada pro v\u00e1\u0161 pravideln\u00fd re\u017eim hnojen\u00ed.<\/p>\n<p>\n<strong>ZEJM\u00c9NA VHODN\u00dd PRO:<\/strong><br \/>\nR\u016fzn\u00e9 druhy ovoce, zeleniny a bylin, jako jsou rajsk\u00e1 jabl\u00ed\u010dka, cukety, papriky, jahody, zel\u00ed atd. Pro pot\u0159eby jednotliv\u00fdch rostlin nebo plodin je mo\u017en\u00e9 nam\u011b\u0159it po\u017eadovanou d\u00e1vku.<\/p>\n<p>\n<strong>POU\u017dIT\u00cd<\/strong><br \/>\nATA Calmag se pou\u017e\u00edv\u00e1 k obohacen\u00ed vody chud\u00e9 na v\u00e1pn\u00edk a ho\u0159\u010d\u00edk nebo jako aditivum k va\u0161emu obvykl\u00e9mu roztoku hnojiva. K dosa\u017een\u00ed optim\u00e1ln\u00edch v\u00fdsledk\u016f pou\u017e\u00edvejte vodu o pokojov\u00e9 teplot\u011b (21 \u00b0C).<\/p>\n<p>\n<strong>D\u00c1VKOV\u00c1N\u00cd<\/strong><br \/>\n0,1\u20131 ml na litr vody<\/p>\n<p>\n<strong>N 6 W\/W<\/strong><\/p>\n<p>\n<strong>DOSTUPN\u00dd OBJEM 250 ML, 1 L A 5 L<\/strong><\/p>\n","protected":false},"excerpt":{"rendered":"<p>P\u0159\u00edsada v\u00e1pn\u00edku a ho\u0159\u010d\u00edku se \u017eelezem<\/p>\n<p>Zaji\u0161\u0165uje zrychlen\u00fd a siln\u00fd r\u016fst<\/p>\n","protected":false},"featured_media":202647,"comment_status":"closed","ping_status":"closed","template":"","meta":{"_acf_changed":false,"iawp_total_views":80},"product_brand":[],"product_cat":[384,381],"product_tag":[],"class_list":{"0":"post-49746","1":"product","2":"type-product","3":"status-publish","4":"has-post-thumbnail","6":"product_cat-aditivni","7":"product_cat-ata","9":"first","10":"instock","11":"shipping-taxable","12":"product-type-simple"},"acf":{"short_description":"<p><strong>Profesion\u00e1ln\u00ed, rychle p\u016fsob\u00edc\u00ed aditivum vhodn\u00e9 pro v\u0161echny typy substr\u00e1t\u016f. ATA Calmag je koktejl \u017eivin dod\u00e1vaj\u00edc\u00ed rostlin\u00e1m pot\u0159ebn\u00fd dodate\u010dn\u00fd v\u00e1pn\u00edk a ho\u0159\u010d\u00edk.<\/strong><\/p><p><br \/>Tyto vedlej\u0161\u00ed v\u00fd\u017eivn\u00e9 prvky jsou velmi d\u016fle\u017eit\u00e9 pro optim\u00e1ln\u00ed r\u016fst, proto\u017ee hraj\u00ed z\u00e1sadn\u00ed roli p\u0159i tvorb\u011b bun\u011b\u010dn\u00fdch st\u011bn a absorpci sv\u011bteln\u00e9 energie. ATA Calmag je vhodn\u00fd pro p\u011bstov\u00e1n\u00ed s m\u011bkkou nebo demineralizovanou vodou. Nav\u00edc je to vynikaj\u00edc\u00ed p\u0159\u00edsada pro v\u00e1\u0161 pravideln\u00fd re\u017eim hnojen\u00ed.<\/p>","suitable_for":"<p>R\u016fzn\u00e9 druhy ovoce, zeleniny a bylin, jako jsou rajsk\u00e1 jabl\u00ed\u010dka, cukety, papriky, jahody, zel\u00ed atd. Pro pot\u0159eby jednotliv\u00fdch rostlin nebo plodin je mo\u017en\u00e9 nam\u011b\u0159it po\u017eadovanou d\u00e1vku.<\/p>","application":"<p>ATA Calmag se pou\u017e\u00edv\u00e1 k obohacen\u00ed vody chud\u00e9 na v\u00e1pn\u00edk a ho\u0159\u010d\u00edk nebo jako aditivum k va\u0161emu obvykl\u00e9mu roztoku hnojiva. K dosa\u017een\u00ed optim\u00e1ln\u00edch v\u00fdsledk\u016f pou\u017e\u00edvejte vodu o pokojov\u00e9 teplot\u011b (21 \u00b0C).<\/p>","dosage":"<p>0,1\u20131 ml na litr vody.<\/p>","npk_ratio":"<p>N 6 W\/W<\/p>","available_in":"<p>250 ML, 1 L A 5 L<\/p>","icon_1":5813,"icon_1_text":"V\u00cdCE V\u00c1PN\u00cdKU, SILN\u011aJ\u0160\u00cd BUN\u011a\u010cN\u00c9 ST\u011aNY, V\u011aT\u0160\u00cd ODOLNOST! V\u00cdCE HO\u0158\u010c\u00cdKU, V\u00cdCE CHLOROFYLU, V\u00cdCE ENERGIE!","icon_2":5817,"icon_2_text":"LEP\u0160\u00cd ABSORPCE \u017dIVIN","icon_3":5821,"icon_3_text":"STIMULACE KVALITN\u011aJ\u0160\u00cdCH KV\u011aT\u016e","icon_4":"","icon_4_text":"","video":"https:\/\/youtu.be\/V4EWJjN_eIE","second_image":5809,"product_image_page":5893,"user_manual":"","new_icon_1":"","new_icon_2":"","new_icon_3":"","new_icon_4":"","grow_guides":"","category":"Aditivn\u00ed"},"yoast_head":"<!-- This site is optimized with the Yoast SEO Premium plugin v27.5 (Yoast SEO v27.5) - https:\/\/yoast.com\/product\/yoast-seo-premium-wordpress\/ -->\n<title>Ata Calmag: Ide\u00e1ln\u00ed pro prevenci nedostatku v\u00e1pn\u00edku a ho\u0159\u010d\u00edku u rostlin<\/title>\n<meta name=\"description\" content=\"Ata Calmag je skv\u011bl\u00fd dopln\u011bk pro rostliny, kter\u00fd pom\u00e1h\u00e1 p\u0159edej\u00edt nedostatku v\u00e1pn\u00edku a ho\u0159\u010d\u00edku. Podpo\u0159te zdrav\u00fd r\u016fst a siln\u00e9 rostliny d\u00edky tomuto vysoce \u00fa\u010dinn\u00e9mu hnojivu.\" \/>\n<meta name=\"robots\" content=\"index, follow, max-snippet:-1, max-image-preview:large, max-video-preview:-1\" \/>\n<link rel=\"canonical\" href=\"https:\/\/atami.com\/cs\/produkt\/ata-calmag\" \/>\n<meta property=\"og:locale\" content=\"cs_CZ\" \/>\n<meta property=\"og:type\" content=\"article\" \/>\n<meta property=\"og:title\" content=\"ATA Calmag\" \/>\n<meta property=\"og:description\" content=\"Ata Calmag je skv\u011bl\u00fd dopln\u011bk pro rostliny, kter\u00fd pom\u00e1h\u00e1 p\u0159edej\u00edt nedostatku v\u00e1pn\u00edku a ho\u0159\u010d\u00edku. Podpo\u0159te zdrav\u00fd r\u016fst a siln\u00e9 rostliny d\u00edky tomuto vysoce \u00fa\u010dinn\u00e9mu hnojivu.\" \/>\n<meta property=\"og:url\" content=\"https:\/\/atami.com\/cs\/produkt\/ata-calmag\" \/>\n<meta property=\"og:site_name\" content=\"Atami\" \/>\n<meta property=\"article:publisher\" content=\"https:\/\/www.facebook.com\/Atami.International\" \/>\n<meta property=\"article:modified_time\" content=\"2025-11-24T10:23:16+00:00\" \/>\n<meta property=\"og:image\" content=\"https:\/\/atami.com\/wp-content\/uploads\/2023\/02\/ATA-Calmag-product-image-1.webp\" \/>\n\t<meta property=\"og:image:width\" content=\"1080\" \/>\n\t<meta property=\"og:image:height\" content=\"1080\" \/>\n\t<meta property=\"og:image:type\" content=\"image\/webp\" \/>\n<meta name=\"twitter:card\" content=\"summary_large_image\" \/>\n<meta name=\"twitter:site\" content=\"@AtamiEU\" \/>\n<meta name=\"twitter:label1\" content=\"Odhadovan\u00e1 doba \u010dten\u00ed\" \/>\n\t<meta name=\"twitter:data1\" content=\"1 minuta\" \/>\n<script type=\"application\/ld+json\" class=\"yoast-schema-graph\">{\"@context\":\"https:\\\/\\\/schema.org\",\"@graph\":[{\"@type\":\"WebPage\",\"@id\":\"https:\\\/\\\/atami.com\\\/cs\\\/produkt\\\/ata-calmag\",\"url\":\"https:\\\/\\\/atami.com\\\/cs\\\/produkt\\\/ata-calmag\",\"name\":\"Ata Calmag: Ide\u00e1ln\u00ed pro prevenci nedostatku v\u00e1pn\u00edku a ho\u0159\u010d\u00edku u rostlin\",\"isPartOf\":{\"@id\":\"https:\\\/\\\/atami.com\\\/cs#website\"},\"primaryImageOfPage\":{\"@id\":\"https:\\\/\\\/atami.com\\\/cs\\\/produkt\\\/ata-calmag#primaryimage\"},\"image\":{\"@id\":\"https:\\\/\\\/atami.com\\\/cs\\\/produkt\\\/ata-calmag#primaryimage\"},\"thumbnailUrl\":\"https:\\\/\\\/atami.com\\\/wp-content\\\/uploads\\\/2023\\\/02\\\/ATA-Calmag-product-image-1.webp\",\"datePublished\":\"2023-02-09T10:22:15+00:00\",\"dateModified\":\"2025-11-24T10:23:16+00:00\",\"description\":\"Ata Calmag je skv\u011bl\u00fd dopln\u011bk pro rostliny, kter\u00fd pom\u00e1h\u00e1 p\u0159edej\u00edt nedostatku v\u00e1pn\u00edku a ho\u0159\u010d\u00edku. Podpo\u0159te zdrav\u00fd r\u016fst a siln\u00e9 rostliny d\u00edky tomuto vysoce \u00fa\u010dinn\u00e9mu hnojivu.\",\"breadcrumb\":{\"@id\":\"https:\\\/\\\/atami.com\\\/cs\\\/produkt\\\/ata-calmag#breadcrumb\"},\"inLanguage\":\"cs\",\"potentialAction\":[{\"@type\":\"ReadAction\",\"target\":[\"https:\\\/\\\/atami.com\\\/cs\\\/produkt\\\/ata-calmag\"]}]},{\"@type\":\"ImageObject\",\"inLanguage\":\"cs\",\"@id\":\"https:\\\/\\\/atami.com\\\/cs\\\/produkt\\\/ata-calmag#primaryimage\",\"url\":\"https:\\\/\\\/atami.com\\\/wp-content\\\/uploads\\\/2023\\\/02\\\/ATA-Calmag-product-image-1.webp\",\"contentUrl\":\"https:\\\/\\\/atami.com\\\/wp-content\\\/uploads\\\/2023\\\/02\\\/ATA-Calmag-product-image-1.webp\",\"width\":1080,\"height\":1080,\"caption\":\"ATA Calmag poskytuje dal\u0161\u00ed v\u00e1pn\u00edk a ho\u0159\u010d\u00edk pro pos\u00edlen\u00ed struktury rostlin a zlep\u0161en\u00ed vst\u0159eb\u00e1v\u00e1n\u00ed \u017eivin.\"},{\"@type\":\"BreadcrumbList\",\"@id\":\"https:\\\/\\\/atami.com\\\/cs\\\/produkt\\\/ata-calmag#breadcrumb\",\"itemListElement\":[{\"@type\":\"ListItem\",\"position\":1,\"name\":\"Home\",\"item\":\"https:\\\/\\\/atami.com\\\/cs\"},{\"@type\":\"ListItem\",\"position\":2,\"name\":\"Produkty\",\"item\":\"https:\\\/\\\/atami.com\\\/cs\\\/shop\"},{\"@type\":\"ListItem\",\"position\":3,\"name\":\"Zna\u010dky\",\"item\":\"https:\\\/\\\/atami.com\\\/cs\\\/kategorie-produktu\\\/znacky\"},{\"@type\":\"ListItem\",\"position\":4,\"name\":\"ATA\",\"item\":\"https:\\\/\\\/atami.com\\\/cs\\\/kategorie-produktu\\\/znacky\\\/ata\"},{\"@type\":\"ListItem\",\"position\":5,\"name\":\"ATA Calmag\"}]},{\"@type\":\"WebSite\",\"@id\":\"https:\\\/\\\/atami.com\\\/cs#website\",\"url\":\"https:\\\/\\\/atami.com\\\/cs\",\"name\":\"Atami\",\"description\":\"NATURALLY INNOVATING!\",\"publisher\":{\"@id\":\"https:\\\/\\\/atami.com\\\/cs#organization\"},\"potentialAction\":[{\"@type\":\"SearchAction\",\"target\":{\"@type\":\"EntryPoint\",\"urlTemplate\":\"https:\\\/\\\/atami.com\\\/cs?s={search_term_string}\"},\"query-input\":{\"@type\":\"PropertyValueSpecification\",\"valueRequired\":true,\"valueName\":\"search_term_string\"}}],\"inLanguage\":\"cs\"},{\"@type\":\"Organization\",\"@id\":\"https:\\\/\\\/atami.com\\\/cs#organization\",\"name\":\"Atami\",\"url\":\"https:\\\/\\\/atami.com\\\/cs\",\"logo\":{\"@type\":\"ImageObject\",\"inLanguage\":\"cs\",\"@id\":\"https:\\\/\\\/atami.com\\\/cs#\\\/schema\\\/logo\\\/image\\\/\",\"url\":\"https:\\\/\\\/atami.com\\\/wp-content\\\/uploads\\\/2026\\\/01\\\/Atami-logo-696x696px.webp\",\"contentUrl\":\"https:\\\/\\\/atami.com\\\/wp-content\\\/uploads\\\/2026\\\/01\\\/Atami-logo-696x696px.webp\",\"width\":696,\"height\":696,\"caption\":\"Atami\"},\"image\":{\"@id\":\"https:\\\/\\\/atami.com\\\/cs#\\\/schema\\\/logo\\\/image\\\/\"},\"sameAs\":[\"https:\\\/\\\/www.facebook.com\\\/Atami.International\",\"https:\\\/\\\/x.com\\\/AtamiEU\",\"https:\\\/\\\/www.youtube.com\\\/c\\\/AtamiInternational\",\"https:\\\/\\\/www.instagram.com\\\/atami.international\\\/\"],\"description\":\"ATAMI is a premium plant nutrition & substrate brand founded in 1997 with the mission to make exceptional cultivation achievable for everyone. From legacy to license, we offer a wide variety of innovating award-winning products to let cultivators achieve maximum results in taste & yield.\",\"email\":\"info@mginnovations.es\",\"legalName\":\"Atami\",\"numberOfEmployees\":{\"@type\":\"QuantitativeValue\",\"minValue\":\"11\",\"maxValue\":\"50\"}}]}<\/script>\n<!-- \/ Yoast SEO Premium plugin. -->","yoast_head_json":{"title":"Ata Calmag: Ide\u00e1ln\u00ed pro prevenci nedostatku v\u00e1pn\u00edku a ho\u0159\u010d\u00edku u rostlin","description":"Ata Calmag je skv\u011bl\u00fd dopln\u011bk pro rostliny, kter\u00fd pom\u00e1h\u00e1 p\u0159edej\u00edt nedostatku v\u00e1pn\u00edku a ho\u0159\u010d\u00edku. Podpo\u0159te zdrav\u00fd r\u016fst a siln\u00e9 rostliny d\u00edky tomuto vysoce \u00fa\u010dinn\u00e9mu hnojivu.","robots":{"index":"index","follow":"follow","max-snippet":"max-snippet:-1","max-image-preview":"max-image-preview:large","max-video-preview":"max-video-preview:-1"},"canonical":"https:\/\/atami.com\/cs\/produkt\/ata-calmag","og_locale":"cs_CZ","og_type":"article","og_title":"ATA Calmag","og_description":"Ata Calmag je skv\u011bl\u00fd dopln\u011bk pro rostliny, kter\u00fd pom\u00e1h\u00e1 p\u0159edej\u00edt nedostatku v\u00e1pn\u00edku a ho\u0159\u010d\u00edku. Podpo\u0159te zdrav\u00fd r\u016fst a siln\u00e9 rostliny d\u00edky tomuto vysoce \u00fa\u010dinn\u00e9mu hnojivu.","og_url":"https:\/\/atami.com\/cs\/produkt\/ata-calmag","og_site_name":"Atami","article_publisher":"https:\/\/www.facebook.com\/Atami.International","article_modified_time":"2025-11-24T10:23:16+00:00","og_image":[{"width":1080,"height":1080,"url":"https:\/\/atami.com\/wp-content\/uploads\/2023\/02\/ATA-Calmag-product-image-1.webp","type":"image\/webp"}],"twitter_card":"summary_large_image","twitter_site":"@AtamiEU","twitter_misc":{"Odhadovan\u00e1 doba \u010dten\u00ed":"1 minuta"},"schema":{"@context":"https:\/\/schema.org","@graph":[{"@type":"WebPage","@id":"https:\/\/atami.com\/cs\/produkt\/ata-calmag","url":"https:\/\/atami.com\/cs\/produkt\/ata-calmag","name":"Ata Calmag: Ide\u00e1ln\u00ed pro prevenci nedostatku v\u00e1pn\u00edku a ho\u0159\u010d\u00edku u rostlin","isPartOf":{"@id":"https:\/\/atami.com\/cs#website"},"primaryImageOfPage":{"@id":"https:\/\/atami.com\/cs\/produkt\/ata-calmag#primaryimage"},"image":{"@id":"https:\/\/atami.com\/cs\/produkt\/ata-calmag#primaryimage"},"thumbnailUrl":"https:\/\/atami.com\/wp-content\/uploads\/2023\/02\/ATA-Calmag-product-image-1.webp","datePublished":"2023-02-09T10:22:15+00:00","dateModified":"2025-11-24T10:23:16+00:00","description":"Ata Calmag je skv\u011bl\u00fd dopln\u011bk pro rostliny, kter\u00fd pom\u00e1h\u00e1 p\u0159edej\u00edt nedostatku v\u00e1pn\u00edku a ho\u0159\u010d\u00edku. Podpo\u0159te zdrav\u00fd r\u016fst a siln\u00e9 rostliny d\u00edky tomuto vysoce \u00fa\u010dinn\u00e9mu hnojivu.","breadcrumb":{"@id":"https:\/\/atami.com\/cs\/produkt\/ata-calmag#breadcrumb"},"inLanguage":"cs","potentialAction":[{"@type":"ReadAction","target":["https:\/\/atami.com\/cs\/produkt\/ata-calmag"]}]},{"@type":"ImageObject","inLanguage":"cs","@id":"https:\/\/atami.com\/cs\/produkt\/ata-calmag#primaryimage","url":"https:\/\/atami.com\/wp-content\/uploads\/2023\/02\/ATA-Calmag-product-image-1.webp","contentUrl":"https:\/\/atami.com\/wp-content\/uploads\/2023\/02\/ATA-Calmag-product-image-1.webp","width":1080,"height":1080,"caption":"ATA Calmag poskytuje dal\u0161\u00ed v\u00e1pn\u00edk a ho\u0159\u010d\u00edk pro pos\u00edlen\u00ed struktury rostlin a zlep\u0161en\u00ed vst\u0159eb\u00e1v\u00e1n\u00ed \u017eivin."},{"@type":"BreadcrumbList","@id":"https:\/\/atami.com\/cs\/produkt\/ata-calmag#breadcrumb","itemListElement":[{"@type":"ListItem","position":1,"name":"Home","item":"https:\/\/atami.com\/cs"},{"@type":"ListItem","position":2,"name":"Produkty","item":"https:\/\/atami.com\/cs\/shop"},{"@type":"ListItem","position":3,"name":"Zna\u010dky","item":"https:\/\/atami.com\/cs\/kategorie-produktu\/znacky"},{"@type":"ListItem","position":4,"name":"ATA","item":"https:\/\/atami.com\/cs\/kategorie-produktu\/znacky\/ata"},{"@type":"ListItem","position":5,"name":"ATA Calmag"}]},{"@type":"WebSite","@id":"https:\/\/atami.com\/cs#website","url":"https:\/\/atami.com\/cs","name":"Atami","description":"NATURALLY INNOVATING!","publisher":{"@id":"https:\/\/atami.com\/cs#organization"},"potentialAction":[{"@type":"SearchAction","target":{"@type":"EntryPoint","urlTemplate":"https:\/\/atami.com\/cs?s={search_term_string}"},"query-input":{"@type":"PropertyValueSpecification","valueRequired":true,"valueName":"search_term_string"}}],"inLanguage":"cs"},{"@type":"Organization","@id":"https:\/\/atami.com\/cs#organization","name":"Atami","url":"https:\/\/atami.com\/cs","logo":{"@type":"ImageObject","inLanguage":"cs","@id":"https:\/\/atami.com\/cs#\/schema\/logo\/image\/","url":"https:\/\/atami.com\/wp-content\/uploads\/2026\/01\/Atami-logo-696x696px.webp","contentUrl":"https:\/\/atami.com\/wp-content\/uploads\/2026\/01\/Atami-logo-696x696px.webp","width":696,"height":696,"caption":"Atami"},"image":{"@id":"https:\/\/atami.com\/cs#\/schema\/logo\/image\/"},"sameAs":["https:\/\/www.facebook.com\/Atami.International","https:\/\/x.com\/AtamiEU","https:\/\/www.youtube.com\/c\/AtamiInternational","https:\/\/www.instagram.com\/atami.international\/"],"description":"ATAMI is a premium plant nutrition & substrate brand founded in 1997 with the mission to make exceptional cultivation achievable for everyone. From legacy to license, we offer a wide variety of innovating award-winning products to let cultivators achieve maximum results in taste & yield.","email":"info@mginnovations.es","legalName":"Atami","numberOfEmployees":{"@type":"QuantitativeValue","minValue":"11","maxValue":"50"}}]}},"_links":{"self":[{"href":"https:\/\/atami.com\/cs\/wp-json\/wp\/v2\/product\/49746","targetHints":{"allow":["GET"]}}],"collection":[{"href":"https:\/\/atami.com\/cs\/wp-json\/wp\/v2\/product"}],"about":[{"href":"https:\/\/atami.com\/cs\/wp-json\/wp\/v2\/types\/product"}],"replies":[{"embeddable":true,"href":"https:\/\/atami.com\/cs\/wp-json\/wp\/v2\/comments?post=49746"}],"wp:featuredmedia":[{"embeddable":true,"href":"https:\/\/atami.com\/cs\/wp-json\/wp\/v2\/media\/202647"}],"wp:attachment":[{"href":"https:\/\/atami.com\/cs\/wp-json\/wp\/v2\/media?parent=49746"}],"wp:term":[{"taxonomy":"product_brand","embeddable":true,"href":"https:\/\/atami.com\/cs\/wp-json\/wp\/v2\/product_brand?post=49746"},{"taxonomy":"product_cat","embeddable":true,"href":"https:\/\/atami.com\/cs\/wp-json\/wp\/v2\/product_cat?post=49746"},{"taxonomy":"product_tag","embeddable":true,"href":"https:\/\/atami.com\/cs\/wp-json\/wp\/v2\/product_tag?post=49746"}],"curies":[{"name":"wp","href":"https:\/\/api.w.org\/{rel}","templated":true}]}}