{"id":49417,"date":"2023-02-09T10:11:59","date_gmt":"2023-02-09T10:11:59","guid":{"rendered":"https:\/\/atami.com\/product\/ata-pk-13-14\/"},"modified":"2025-11-24T12:22:57","modified_gmt":"2025-11-24T10:22:57","slug":"ata-pk-13-14","status":"publish","type":"product","link":"https:\/\/atami.com\/cs\/produkt\/ata-pk-13-14","title":{"rendered":"ATA PK 13-14"},"content":{"rendered":"<p><strong>ATA PK13-14 je univerz\u00e1ln\u00ed dopln\u011bk rostlinn\u00e9 v\u00fd\u017eivy, kter\u00fd se p\u0159id\u00e1v\u00e1 do vody b\u011bhem obdob\u00ed kv\u011btu spolu se z\u00e1kladn\u00ed v\u00fd\u017eivou. Slo\u017een\u00ed s fosforem a drasl\u00edkem je velmi d\u016fle\u017eit\u00e9, proto\u017ee rostlina pot\u0159ebuje t\u011bchto hlavn\u00edch \u017eivin b\u011bhem f\u00e1ze kv\u011btu v\u00edc.<\/strong><\/p>\n<p>\nFosfor je b\u011bhem f\u00e1ze kveten\u00ed d\u016fle\u017eit\u00fd pro uskladn\u011bn\u00ed a p\u0159enos energie ze slune\u010dn\u00edho sv\u011btla, kter\u00e1 se z\u00edsk\u00e1v\u00e1 b\u011bhem fotosynt\u00e9zy. Napom\u00e1h\u00e1 tomu, aby se tato energie roz\u0161\u00ed\u0159ila do cel\u00e9 rostliny. Drasl\u00edk je pak sou\u010d\u00e1st\u00ed r\u016fzn\u00fdch proces\u016f p\u0159i tvorb\u011b kv\u011bt\u016f a chutn\u00fdch plod\u016f, jako je p\u0159eprava cukru a enzym\u016f k produkci \u0161krobu.<\/p>\n<p>\n<strong>ZEJM\u00c9NA VHODN\u00dd PRO:<\/strong><br \/>\nATA PK 13-14 je univerz\u00e1ln\u00ed v\u00fd\u017eiva vhodn\u00e1 pro r\u016fzn\u00e9 druhy ovoce, zeleniny a bylin, jako papriky, chilli papri\u010dky a bor\u016fvky.<br \/>\nLze ho tak\u00e9 pou\u017e\u00edvat na kvetouc\u00ed okrasn\u00e9 rostliny (nap\u0159. beg\u00f3nie a mot\u00fdl\u00ed ke\u0159). Po\u017eadovanou d\u00e1vku je mo\u017en\u00e9 nam\u011b\u0159it podle pot\u0159eb konkr\u00e9tn\u00ed rostliny nebo plodiny.<\/p>\n<p>\n<strong>POU\u017dIT\u00cd<\/strong><br \/>\nVhodn\u00e9 jako p\u0159\u00edsada nav\u00edc k pravideln\u00e9 v\u00fd\u017eiv\u011b NPK p\u0159i p\u011bstov\u00e1n\u00ed v p\u016fd\u011b, hydroponii nebo kokosu. P\u0159id\u00e1vejte do \u017eivn\u00e9ho roztoku od prvn\u00edho t\u00fddne kveten\u00ed. Pomalu d\u00e1vkov\u00e1n\u00ed zvy\u0161ujte, aby se rostliny p\u0159izp\u016fsobily a dos\u00e1hli jste tak co nejlep\u0161\u00edch v\u00fdsledk\u016f. Lze pou\u017e\u00edvat denn\u011b k zal\u00e9v\u00e1n\u00ed plodin b\u011bhem obdob\u00ed kv\u011btu. Posledn\u00ed t\u00fdden p\u0159ed sklizn\u00ed prolijte substr\u00e1t vodou a enzymy.<\/p>\n<p>\n<strong>D\u00c1VKOV\u00c1N\u00cd<\/strong><br \/>\n0,25\u20131,5 ml na litr vody<\/p>\n<p>\n<strong>PK 13\u201314 W\/W<\/strong><\/p>\n<p>\n<strong>DOSTUPN\u00dd OBJEM 1 L, 5 L A 10 L<\/strong><\/p>\n","protected":false},"excerpt":{"rendered":"<p>\u017diviny zlat\u00e9ho pom\u011bru<\/p>\n<p>F\u00e1ze kveten\u00ed a rozkv\u011btu<\/p>\n","protected":false},"featured_media":23820,"comment_status":"closed","ping_status":"closed","template":"","meta":{"_acf_changed":false,"iawp_total_views":26},"product_brand":[],"product_cat":[384,381],"product_tag":[],"class_list":{"0":"post-49417","1":"product","2":"type-product","3":"status-publish","4":"has-post-thumbnail","6":"product_cat-aditivni","7":"product_cat-ata","9":"first","10":"instock","11":"shipping-taxable","12":"product-type-simple"},"acf":{"short_description":"<p><strong>ATA PK13-14 je univerz\u00e1ln\u00ed dopln\u011bk rostlinn\u00e9 v\u00fd\u017eivy, kter\u00fd se p\u0159id\u00e1v\u00e1 do vody b\u011bhem obdob\u00ed kv\u011btu spolu se z\u00e1kladn\u00ed v\u00fd\u017eivou. Slo\u017een\u00ed s fosforem a drasl\u00edkem je velmi d\u016fle\u017eit\u00e9, proto\u017ee rostlina pot\u0159ebuje t\u011bchto hlavn\u00edch \u017eivin b\u011bhem f\u00e1ze kv\u011btu v\u00edc.<\/strong><\/p><p><br \/>Fosfor je b\u011bhem f\u00e1ze kveten\u00ed d\u016fle\u017eit\u00fd pro uskladn\u011bn\u00ed a p\u0159enos energie ze slune\u010dn\u00edho sv\u011btla, kter\u00e1 se z\u00edsk\u00e1v\u00e1 b\u011bhem fotosynt\u00e9zy. Napom\u00e1h\u00e1 tomu, aby se tato energie roz\u0161\u00ed\u0159ila do cel\u00e9 rostliny. Drasl\u00edk je pak sou\u010d\u00e1st\u00ed r\u016fzn\u00fdch proces\u016f p\u0159i tvorb\u011b kv\u011bt\u016f a chutn\u00fdch plod\u016f, jako je p\u0159eprava cukru a enzym\u016f k produkci \u0161krobu.<\/p>","suitable_for":"<p>ATA PK 13-14 je univerz\u00e1ln\u00ed v\u00fd\u017eiva vhodn\u00e1 pro r\u016fzn\u00e9 druhy ovoce, zeleniny a bylin, jako papriky, chilli papri\u010dky a bor\u016fvky.<br \/>Lze ho tak\u00e9 pou\u017e\u00edvat na kvetouc\u00ed okrasn\u00e9 rostliny (nap\u0159. beg\u00f3nie a mot\u00fdl\u00ed ke\u0159). Po\u017eadovanou d\u00e1vku je mo\u017en\u00e9 nam\u011b\u0159it podle pot\u0159eb konkr\u00e9tn\u00ed rostliny nebo plodiny.<\/p>","application":"<p>Vhodn\u00e9 jako p\u0159\u00edsada nav\u00edc k pravideln\u00e9 v\u00fd\u017eiv\u011b NPK p\u0159i p\u011bstov\u00e1n\u00ed v p\u016fd\u011b, hydroponii nebo kokosu. P\u0159id\u00e1vejte do \u017eivn\u00e9ho roztoku od prvn\u00edho t\u00fddne kveten\u00ed. Pomalu d\u00e1vkov\u00e1n\u00ed zvy\u0161ujte, aby se rostliny p\u0159izp\u016fsobily a dos\u00e1hli jste tak co nejlep\u0161\u00edch v\u00fdsledk\u016f. Lze pou\u017e\u00edvat denn\u011b k zal\u00e9v\u00e1n\u00ed plodin b\u011bhem obdob\u00ed kv\u011btu. Posledn\u00ed t\u00fdden p\u0159ed sklizn\u00ed prolijte substr\u00e1t vodou a enzymy.<\/p>","dosage":"<p>0,25\u20131,5 ml na litr vody.<\/p>","npk_ratio":"<p>PK 13\u201314 W\/W<\/p>","available_in":"<p>1 L, 5 L A 10 L<\/p>","icon_1":5797,"icon_1_text":"ZLAT\u00c1 PROPORCE MEZI FOSFOREM A DRASL\u00cdKEM","icon_2":5801,"icon_2_text":"OBJEMN\u00c9 A KOMPAKTN\u00cd KV\u011aTY A PLODY","icon_3":5805,"icon_3_text":"STIMULACE TVORBY PLODU","icon_4":"","icon_4_text":"","video":"https:\/\/youtu.be\/5LDZgjDxKZM","second_image":5793,"product_image_page":5889,"user_manual":"","new_icon_1":"","new_icon_2":"","new_icon_3":"","new_icon_4":"","grow_guides":"","category":"Aditivn\u00ed"},"yoast_head":"<!-- This site is optimized with the Yoast SEO Premium plugin v27.5 (Yoast SEO v27.5) - https:\/\/yoast.com\/product\/yoast-seo-premium-wordpress\/ -->\n<title>ATA PK 13-14 \u2013 Podpo\u0159te kveten\u00ed va\u0161ich rostlin na maximum<\/title>\n<meta name=\"description\" content=\"Zv\u00fd\u0161te v\u00fdnosy sv\u00fdch rostlin s ATA PK 13-14. Tento v\u00fd\u017eivov\u00fd dopln\u011bk dod\u00e1v\u00e1 fosfor a drasl\u00edk pro bohat\u0161\u00ed kv\u011bty a siln\u011bj\u0161\u00ed rostliny. Ide\u00e1ln\u00ed pro v\u0161echny p\u011bstitelsk\u00e9 metody.\" \/>\n<meta name=\"robots\" content=\"index, follow, max-snippet:-1, max-image-preview:large, max-video-preview:-1\" \/>\n<link rel=\"canonical\" href=\"https:\/\/atami.com\/cs\/produkt\/ata-pk-13-14\" \/>\n<meta property=\"og:locale\" content=\"cs_CZ\" \/>\n<meta property=\"og:type\" content=\"article\" \/>\n<meta property=\"og:title\" content=\"ATA PK 13-14\" \/>\n<meta property=\"og:description\" content=\"Zv\u00fd\u0161te v\u00fdnosy sv\u00fdch rostlin s ATA PK 13-14. Tento v\u00fd\u017eivov\u00fd dopln\u011bk dod\u00e1v\u00e1 fosfor a drasl\u00edk pro bohat\u0161\u00ed kv\u011bty a siln\u011bj\u0161\u00ed rostliny. Ide\u00e1ln\u00ed pro v\u0161echny p\u011bstitelsk\u00e9 metody.\" \/>\n<meta property=\"og:url\" content=\"https:\/\/atami.com\/cs\/produkt\/ata-pk-13-14\" \/>\n<meta property=\"og:site_name\" content=\"Atami\" \/>\n<meta property=\"article:publisher\" content=\"https:\/\/www.facebook.com\/Atami.International\" \/>\n<meta property=\"article:modified_time\" content=\"2025-11-24T10:22:57+00:00\" \/>\n<meta property=\"og:image\" content=\"https:\/\/atami.com\/wp-content\/uploads\/2023\/02\/PK-13-14-Main-Image.webp\" \/>\n\t<meta property=\"og:image:width\" content=\"1080\" \/>\n\t<meta property=\"og:image:height\" content=\"1080\" \/>\n\t<meta property=\"og:image:type\" content=\"image\/webp\" \/>\n<meta name=\"twitter:card\" content=\"summary_large_image\" \/>\n<meta name=\"twitter:site\" content=\"@AtamiEU\" \/>\n<meta name=\"twitter:label1\" content=\"Odhadovan\u00e1 doba \u010dten\u00ed\" \/>\n\t<meta name=\"twitter:data1\" content=\"2 minuty\" \/>\n<script type=\"application\/ld+json\" class=\"yoast-schema-graph\">{\"@context\":\"https:\\\/\\\/schema.org\",\"@graph\":[{\"@type\":\"WebPage\",\"@id\":\"https:\\\/\\\/atami.com\\\/cs\\\/produkt\\\/ata-pk-13-14\",\"url\":\"https:\\\/\\\/atami.com\\\/cs\\\/produkt\\\/ata-pk-13-14\",\"name\":\"ATA PK 13-14 \u2013 Podpo\u0159te kveten\u00ed va\u0161ich rostlin na maximum\",\"isPartOf\":{\"@id\":\"https:\\\/\\\/atami.com\\\/cs#website\"},\"primaryImageOfPage\":{\"@id\":\"https:\\\/\\\/atami.com\\\/cs\\\/produkt\\\/ata-pk-13-14#primaryimage\"},\"image\":{\"@id\":\"https:\\\/\\\/atami.com\\\/cs\\\/produkt\\\/ata-pk-13-14#primaryimage\"},\"thumbnailUrl\":\"https:\\\/\\\/atami.com\\\/wp-content\\\/uploads\\\/2023\\\/02\\\/PK-13-14-Main-Image.webp\",\"datePublished\":\"2023-02-09T10:11:59+00:00\",\"dateModified\":\"2025-11-24T10:22:57+00:00\",\"description\":\"Zv\u00fd\u0161te v\u00fdnosy sv\u00fdch rostlin s ATA PK 13-14. Tento v\u00fd\u017eivov\u00fd dopln\u011bk dod\u00e1v\u00e1 fosfor a drasl\u00edk pro bohat\u0161\u00ed kv\u011bty a siln\u011bj\u0161\u00ed rostliny. Ide\u00e1ln\u00ed pro v\u0161echny p\u011bstitelsk\u00e9 metody.\",\"breadcrumb\":{\"@id\":\"https:\\\/\\\/atami.com\\\/cs\\\/produkt\\\/ata-pk-13-14#breadcrumb\"},\"inLanguage\":\"cs\",\"potentialAction\":[{\"@type\":\"ReadAction\",\"target\":[\"https:\\\/\\\/atami.com\\\/cs\\\/produkt\\\/ata-pk-13-14\"]}]},{\"@type\":\"ImageObject\",\"inLanguage\":\"cs\",\"@id\":\"https:\\\/\\\/atami.com\\\/cs\\\/produkt\\\/ata-pk-13-14#primaryimage\",\"url\":\"https:\\\/\\\/atami.com\\\/wp-content\\\/uploads\\\/2023\\\/02\\\/PK-13-14-Main-Image.webp\",\"contentUrl\":\"https:\\\/\\\/atami.com\\\/wp-content\\\/uploads\\\/2023\\\/02\\\/PK-13-14-Main-Image.webp\",\"width\":1080,\"height\":1080,\"caption\":\"ATA PK 13-14 poskytuje nezbytn\u00fd fosfor a drasl\u00edk b\u011bhem f\u00e1ze kv\u011btu, podporuje distribuci energie a pom\u00e1h\u00e1 p\u0159i tvorb\u011b kv\u011bt\u016f a aromatick\u00fdch plod\u016f.\"},{\"@type\":\"BreadcrumbList\",\"@id\":\"https:\\\/\\\/atami.com\\\/cs\\\/produkt\\\/ata-pk-13-14#breadcrumb\",\"itemListElement\":[{\"@type\":\"ListItem\",\"position\":1,\"name\":\"Home\",\"item\":\"https:\\\/\\\/atami.com\\\/cs\"},{\"@type\":\"ListItem\",\"position\":2,\"name\":\"Produkty\",\"item\":\"https:\\\/\\\/atami.com\\\/cs\\\/shop\"},{\"@type\":\"ListItem\",\"position\":3,\"name\":\"Zna\u010dky\",\"item\":\"https:\\\/\\\/atami.com\\\/cs\\\/kategorie-produktu\\\/znacky\"},{\"@type\":\"ListItem\",\"position\":4,\"name\":\"ATA\",\"item\":\"https:\\\/\\\/atami.com\\\/cs\\\/kategorie-produktu\\\/znacky\\\/ata\"},{\"@type\":\"ListItem\",\"position\":5,\"name\":\"ATA PK 13-14\"}]},{\"@type\":\"WebSite\",\"@id\":\"https:\\\/\\\/atami.com\\\/cs#website\",\"url\":\"https:\\\/\\\/atami.com\\\/cs\",\"name\":\"Atami\",\"description\":\"NATURALLY INNOVATING!\",\"publisher\":{\"@id\":\"https:\\\/\\\/atami.com\\\/cs#organization\"},\"potentialAction\":[{\"@type\":\"SearchAction\",\"target\":{\"@type\":\"EntryPoint\",\"urlTemplate\":\"https:\\\/\\\/atami.com\\\/cs?s={search_term_string}\"},\"query-input\":{\"@type\":\"PropertyValueSpecification\",\"valueRequired\":true,\"valueName\":\"search_term_string\"}}],\"inLanguage\":\"cs\"},{\"@type\":\"Organization\",\"@id\":\"https:\\\/\\\/atami.com\\\/cs#organization\",\"name\":\"Atami\",\"url\":\"https:\\\/\\\/atami.com\\\/cs\",\"logo\":{\"@type\":\"ImageObject\",\"inLanguage\":\"cs\",\"@id\":\"https:\\\/\\\/atami.com\\\/cs#\\\/schema\\\/logo\\\/image\\\/\",\"url\":\"https:\\\/\\\/atami.com\\\/wp-content\\\/uploads\\\/2026\\\/01\\\/Atami-logo-696x696px.webp\",\"contentUrl\":\"https:\\\/\\\/atami.com\\\/wp-content\\\/uploads\\\/2026\\\/01\\\/Atami-logo-696x696px.webp\",\"width\":696,\"height\":696,\"caption\":\"Atami\"},\"image\":{\"@id\":\"https:\\\/\\\/atami.com\\\/cs#\\\/schema\\\/logo\\\/image\\\/\"},\"sameAs\":[\"https:\\\/\\\/www.facebook.com\\\/Atami.International\",\"https:\\\/\\\/x.com\\\/AtamiEU\",\"https:\\\/\\\/www.youtube.com\\\/c\\\/AtamiInternational\",\"https:\\\/\\\/www.instagram.com\\\/atami.international\\\/\"],\"description\":\"ATAMI is a premium plant nutrition & substrate brand founded in 1997 with the mission to make exceptional cultivation achievable for everyone. From legacy to license, we offer a wide variety of innovating award-winning products to let cultivators achieve maximum results in taste & yield.\",\"email\":\"info@mginnovations.es\",\"legalName\":\"Atami\",\"numberOfEmployees\":{\"@type\":\"QuantitativeValue\",\"minValue\":\"11\",\"maxValue\":\"50\"}}]}<\/script>\n<!-- \/ Yoast SEO Premium plugin. -->","yoast_head_json":{"title":"ATA PK 13-14 \u2013 Podpo\u0159te kveten\u00ed va\u0161ich rostlin na maximum","description":"Zv\u00fd\u0161te v\u00fdnosy sv\u00fdch rostlin s ATA PK 13-14. Tento v\u00fd\u017eivov\u00fd dopln\u011bk dod\u00e1v\u00e1 fosfor a drasl\u00edk pro bohat\u0161\u00ed kv\u011bty a siln\u011bj\u0161\u00ed rostliny. Ide\u00e1ln\u00ed pro v\u0161echny p\u011bstitelsk\u00e9 metody.","robots":{"index":"index","follow":"follow","max-snippet":"max-snippet:-1","max-image-preview":"max-image-preview:large","max-video-preview":"max-video-preview:-1"},"canonical":"https:\/\/atami.com\/cs\/produkt\/ata-pk-13-14","og_locale":"cs_CZ","og_type":"article","og_title":"ATA PK 13-14","og_description":"Zv\u00fd\u0161te v\u00fdnosy sv\u00fdch rostlin s ATA PK 13-14. Tento v\u00fd\u017eivov\u00fd dopln\u011bk dod\u00e1v\u00e1 fosfor a drasl\u00edk pro bohat\u0161\u00ed kv\u011bty a siln\u011bj\u0161\u00ed rostliny. Ide\u00e1ln\u00ed pro v\u0161echny p\u011bstitelsk\u00e9 metody.","og_url":"https:\/\/atami.com\/cs\/produkt\/ata-pk-13-14","og_site_name":"Atami","article_publisher":"https:\/\/www.facebook.com\/Atami.International","article_modified_time":"2025-11-24T10:22:57+00:00","og_image":[{"width":1080,"height":1080,"url":"https:\/\/atami.com\/wp-content\/uploads\/2023\/02\/PK-13-14-Main-Image.webp","type":"image\/webp"}],"twitter_card":"summary_large_image","twitter_site":"@AtamiEU","twitter_misc":{"Odhadovan\u00e1 doba \u010dten\u00ed":"2 minuty"},"schema":{"@context":"https:\/\/schema.org","@graph":[{"@type":"WebPage","@id":"https:\/\/atami.com\/cs\/produkt\/ata-pk-13-14","url":"https:\/\/atami.com\/cs\/produkt\/ata-pk-13-14","name":"ATA PK 13-14 \u2013 Podpo\u0159te kveten\u00ed va\u0161ich rostlin na maximum","isPartOf":{"@id":"https:\/\/atami.com\/cs#website"},"primaryImageOfPage":{"@id":"https:\/\/atami.com\/cs\/produkt\/ata-pk-13-14#primaryimage"},"image":{"@id":"https:\/\/atami.com\/cs\/produkt\/ata-pk-13-14#primaryimage"},"thumbnailUrl":"https:\/\/atami.com\/wp-content\/uploads\/2023\/02\/PK-13-14-Main-Image.webp","datePublished":"2023-02-09T10:11:59+00:00","dateModified":"2025-11-24T10:22:57+00:00","description":"Zv\u00fd\u0161te v\u00fdnosy sv\u00fdch rostlin s ATA PK 13-14. Tento v\u00fd\u017eivov\u00fd dopln\u011bk dod\u00e1v\u00e1 fosfor a drasl\u00edk pro bohat\u0161\u00ed kv\u011bty a siln\u011bj\u0161\u00ed rostliny. Ide\u00e1ln\u00ed pro v\u0161echny p\u011bstitelsk\u00e9 metody.","breadcrumb":{"@id":"https:\/\/atami.com\/cs\/produkt\/ata-pk-13-14#breadcrumb"},"inLanguage":"cs","potentialAction":[{"@type":"ReadAction","target":["https:\/\/atami.com\/cs\/produkt\/ata-pk-13-14"]}]},{"@type":"ImageObject","inLanguage":"cs","@id":"https:\/\/atami.com\/cs\/produkt\/ata-pk-13-14#primaryimage","url":"https:\/\/atami.com\/wp-content\/uploads\/2023\/02\/PK-13-14-Main-Image.webp","contentUrl":"https:\/\/atami.com\/wp-content\/uploads\/2023\/02\/PK-13-14-Main-Image.webp","width":1080,"height":1080,"caption":"ATA PK 13-14 poskytuje nezbytn\u00fd fosfor a drasl\u00edk b\u011bhem f\u00e1ze kv\u011btu, podporuje distribuci energie a pom\u00e1h\u00e1 p\u0159i tvorb\u011b kv\u011bt\u016f a aromatick\u00fdch plod\u016f."},{"@type":"BreadcrumbList","@id":"https:\/\/atami.com\/cs\/produkt\/ata-pk-13-14#breadcrumb","itemListElement":[{"@type":"ListItem","position":1,"name":"Home","item":"https:\/\/atami.com\/cs"},{"@type":"ListItem","position":2,"name":"Produkty","item":"https:\/\/atami.com\/cs\/shop"},{"@type":"ListItem","position":3,"name":"Zna\u010dky","item":"https:\/\/atami.com\/cs\/kategorie-produktu\/znacky"},{"@type":"ListItem","position":4,"name":"ATA","item":"https:\/\/atami.com\/cs\/kategorie-produktu\/znacky\/ata"},{"@type":"ListItem","position":5,"name":"ATA PK 13-14"}]},{"@type":"WebSite","@id":"https:\/\/atami.com\/cs#website","url":"https:\/\/atami.com\/cs","name":"Atami","description":"NATURALLY INNOVATING!","publisher":{"@id":"https:\/\/atami.com\/cs#organization"},"potentialAction":[{"@type":"SearchAction","target":{"@type":"EntryPoint","urlTemplate":"https:\/\/atami.com\/cs?s={search_term_string}"},"query-input":{"@type":"PropertyValueSpecification","valueRequired":true,"valueName":"search_term_string"}}],"inLanguage":"cs"},{"@type":"Organization","@id":"https:\/\/atami.com\/cs#organization","name":"Atami","url":"https:\/\/atami.com\/cs","logo":{"@type":"ImageObject","inLanguage":"cs","@id":"https:\/\/atami.com\/cs#\/schema\/logo\/image\/","url":"https:\/\/atami.com\/wp-content\/uploads\/2026\/01\/Atami-logo-696x696px.webp","contentUrl":"https:\/\/atami.com\/wp-content\/uploads\/2026\/01\/Atami-logo-696x696px.webp","width":696,"height":696,"caption":"Atami"},"image":{"@id":"https:\/\/atami.com\/cs#\/schema\/logo\/image\/"},"sameAs":["https:\/\/www.facebook.com\/Atami.International","https:\/\/x.com\/AtamiEU","https:\/\/www.youtube.com\/c\/AtamiInternational","https:\/\/www.instagram.com\/atami.international\/"],"description":"ATAMI is a premium plant nutrition & substrate brand founded in 1997 with the mission to make exceptional cultivation achievable for everyone. From legacy to license, we offer a wide variety of innovating award-winning products to let cultivators achieve maximum results in taste & yield.","email":"info@mginnovations.es","legalName":"Atami","numberOfEmployees":{"@type":"QuantitativeValue","minValue":"11","maxValue":"50"}}]}},"_links":{"self":[{"href":"https:\/\/atami.com\/cs\/wp-json\/wp\/v2\/product\/49417","targetHints":{"allow":["GET"]}}],"collection":[{"href":"https:\/\/atami.com\/cs\/wp-json\/wp\/v2\/product"}],"about":[{"href":"https:\/\/atami.com\/cs\/wp-json\/wp\/v2\/types\/product"}],"replies":[{"embeddable":true,"href":"https:\/\/atami.com\/cs\/wp-json\/wp\/v2\/comments?post=49417"}],"wp:featuredmedia":[{"embeddable":true,"href":"https:\/\/atami.com\/cs\/wp-json\/wp\/v2\/media\/23820"}],"wp:attachment":[{"href":"https:\/\/atami.com\/cs\/wp-json\/wp\/v2\/media?parent=49417"}],"wp:term":[{"taxonomy":"product_brand","embeddable":true,"href":"https:\/\/atami.com\/cs\/wp-json\/wp\/v2\/product_brand?post=49417"},{"taxonomy":"product_cat","embeddable":true,"href":"https:\/\/atami.com\/cs\/wp-json\/wp\/v2\/product_cat?post=49417"},{"taxonomy":"product_tag","embeddable":true,"href":"https:\/\/atami.com\/cs\/wp-json\/wp\/v2\/product_tag?post=49417"}],"curies":[{"name":"wp","href":"https:\/\/api.w.org\/{rel}","templated":true}]}}