{"id":49415,"date":"2023-02-08T13:25:05","date_gmt":"2023-02-08T13:25:05","guid":{"rendered":"https:\/\/atami.com\/product\/ata-xl\/"},"modified":"2025-11-10T13:19:30","modified_gmt":"2025-11-10T11:19:30","slug":"ata-xl","status":"publish","type":"product","link":"https:\/\/atami.com\/cs\/produkt\/ata-xl","title":{"rendered":"ATA-XL"},"content":{"rendered":"<p><strong>ATA-XL je speci\u00e1ln\u00ed produkt: jako stimul\u00e1tor r\u016fstu i kveten\u00ed je na trhu unik\u00e1tn\u00ed. Tento univerz\u00e1ln\u00ed p\u0159\u00edpravek je slo\u017een z rostlinn\u00fdch v\u00fdta\u017ek\u016f, huminov\u00fdch kyselin a miner\u00e1l\u016f fosforu a drasl\u00edku, rostlina je tak optim\u00e1ln\u011b z\u00e1sobov\u00e1na \u017eivinami jak b\u011bhem f\u00e1ze r\u016fstu, tak kv\u011btu.<\/strong><\/p>\n<p>\nHuminov\u00e9 kyseliny v p\u0159\u00edpravku ATA-XL maj\u00ed chelata\u010dn\u00ed \u00fa\u010dinek, kter\u00fd rostlin\u00e1m usnad\u0148uje absorpci. Tyto kyseliny maj\u00ed tak\u00e9 stimula\u010dn\u00ed efekt na ko\u0159enov\u00e9 vl\u00e1sky a zlep\u0161uj\u00ed tak schopnost ko\u0159en\u016f vst\u0159eb\u00e1vat \u017eiviny. Spr\u00e1vn\u00e1 d\u00e1vka hlavn\u00edch \u017eivin PK (fosforu a drasl\u00edku) je ide\u00e1ln\u00ed k zah\u00e1jen\u00ed f\u00e1ze kv\u011btu, proto\u017ee tyto prvky odpov\u00eddaj\u00ed za uskladn\u011bn\u00ed a p\u0159enos energie a zv\u011bt\u0161uj\u00ed objem kv\u011bt\u016f a plod\u016f.<\/p>\n<p>\n<strong>ZEJM\u00c9NA VHODN\u00dd PRO:<\/strong><br \/>\nATA-XL je univerz\u00e1ln\u00ed v\u00fd\u017eiva vhodn\u00e1 pro r\u016fzn\u00e9 druhy ovoce, zeleniny a bylin, jako bor\u016fvky, maliny a jahody. Lze ho tak\u00e9 pou\u017e\u00edvat na kvetouc\u00ed okrasn\u00e9 rostliny (nap\u0159. orchideje a toulitky). Po\u017eadovanou d\u00e1vku je mo\u017en\u00e9 nam\u011b\u0159it podle pot\u0159eb konkr\u00e9tn\u00ed rostliny nebo plodiny.<\/p>\n<p>\n<strong>POU\u017dIT\u00cd<\/strong><br \/>\nLze pou\u017e\u00edvat b\u011bhem cel\u00e9ho cyklu po zako\u0159en\u011bn\u00ed. P\u0159id\u00e1v\u00e1 se vedle obvykl\u00e9 v\u00fd\u017eivy NPK. Vhodn\u00e9 pro p\u016fdu, hydroponii i kokos.<\/p>\n<p>\n<strong>D\u00c1VKOV\u00c1N\u00cd<\/strong><br \/>\n1 ml na litr vody<\/p>\n<p>\n<strong>PK 2\u20132 W\/W<\/strong><\/p>\n<p>\n<strong>DOSTUPN\u00dd OBJEM 1 L, 5 L A 10 L<\/strong><\/p>\n","protected":false},"excerpt":{"rendered":"<p>Stimul\u00e1tor r\u016fstu a kveten\u00ed<\/p>\n<p>Siln\u00e9 ko\u0159eny a v\u011bt\u0161\u00ed objem kv\u011bt\u016f a plod\u016f<\/p>\n","protected":false},"featured_media":23805,"comment_status":"closed","ping_status":"closed","template":"","meta":{"_acf_changed":false,"iawp_total_views":18},"product_brand":[],"product_cat":[381,379],"product_tag":[],"class_list":{"0":"post-49415","1":"product","2":"type-product","3":"status-publish","4":"has-post-thumbnail","6":"product_cat-ata","7":"product_cat-stimulatory","9":"first","10":"instock","11":"shipping-taxable","12":"product-type-simple"},"acf":{"short_description":"<p><strong>ATA-XL je speci\u00e1ln\u00ed produkt: jako stimul\u00e1tor r\u016fstu i kveten\u00ed je na trhu unik\u00e1tn\u00ed. Tento univerz\u00e1ln\u00ed p\u0159\u00edpravek je slo\u017een z rostlinn\u00fdch v\u00fdta\u017ek\u016f, huminov\u00fdch kyselin a miner\u00e1l\u016f fosforu a drasl\u00edku, rostlina je tak optim\u00e1ln\u011b z\u00e1sobov\u00e1na \u017eivinami jak b\u011bhem f\u00e1ze r\u016fstu, tak kv\u011btu.<\/strong><\/p><p><br \/>Huminov\u00e9 kyseliny v p\u0159\u00edpravku ATA-XL maj\u00ed chelata\u010dn\u00ed \u00fa\u010dinek, kter\u00fd rostlin\u00e1m usnad\u0148uje absorpci. Tyto kyseliny maj\u00ed tak\u00e9 stimula\u010dn\u00ed efekt na ko\u0159enov\u00e9 vl\u00e1sky a zlep\u0161uj\u00ed tak schopnost ko\u0159en\u016f vst\u0159eb\u00e1vat \u017eiviny. Spr\u00e1vn\u00e1 d\u00e1vka hlavn\u00edch \u017eivin PK (fosforu a drasl\u00edku) je ide\u00e1ln\u00ed k zah\u00e1jen\u00ed f\u00e1ze kv\u011btu, proto\u017ee tyto prvky odpov\u00eddaj\u00ed za uskladn\u011bn\u00ed a p\u0159enos energie a zv\u011bt\u0161uj\u00ed objem kv\u011bt\u016f a plod\u016f.<\/p>","suitable_for":"<p>ATA-XL je univerz\u00e1ln\u00ed v\u00fd\u017eiva vhodn\u00e1 pro r\u016fzn\u00e9 druhy ovoce, zeleniny a bylin, jako bor\u016fvky, maliny a jahody. Lze ho tak\u00e9 pou\u017e\u00edvat na kvetouc\u00ed okrasn\u00e9 rostliny (nap\u0159. orchideje a toulitky). Po\u017eadovanou d\u00e1vku je mo\u017en\u00e9 nam\u011b\u0159it podle pot\u0159eb konkr\u00e9tn\u00ed rostliny nebo plodiny.<\/p>","application":"<p>Lze pou\u017e\u00edvat b\u011bhem cel\u00e9ho cyklu po zako\u0159en\u011bn\u00ed. P\u0159id\u00e1v\u00e1 se vedle obvykl\u00e9 v\u00fd\u017eivy NPK. Vhodn\u00e9 pro p\u016fdu, hydroponii i kokos.<\/p>","dosage":"<p>1 ml na litr vody.<\/p>","npk_ratio":"<p>PK 2\u20132 W\/W<\/p>","available_in":"<p>1 L, 5 L A 10 L<\/p>","icon_1":5781,"icon_1_text":"STIMUL\u00c1TOR R\u016eSTU A KVETEN\u00cd V JEDNOM","icon_2":5785,"icon_2_text":"STIMULUJE KO\u0158ENOV\u00c9 VL\u00c1SKY A KO\u0158ENY JSOU TAK SILN\u011aJ\u0160\u00cd \u2013 OBSAHUJE HUMINOV\u00c9 KYSELINY USNAD\u0147UJ\u00cdC\u00cd ABSORBOV\u00c1N\u00cd \u017dIVIN!","icon_3":5789,"icon_3_text":"OBJEMN\u011aJ\u0160\u00cd KV\u011aTY A PLODY","icon_4":"","icon_4_text":"","video":"https:\/\/youtu.be\/EneYy12PWzg","second_image":5777,"product_image_page":5885,"user_manual":"","new_icon_1":"","new_icon_2":"","new_icon_3":"","new_icon_4":"","grow_guides":"","category":"Stimul\u00e1tor"},"yoast_head":"<!-- This site is optimized with the Yoast SEO Premium plugin v27.4 (Yoast SEO v27.4) - https:\/\/yoast.com\/product\/yoast-seo-premium-wordpress\/ -->\n<title>ATA-XL - V\u00fdkonn\u00fd hnojiv\u00fd p\u0159\u00edpravek pro optim\u00e1ln\u00ed r\u016fst rostlin<\/title>\n<meta name=\"description\" content=\"Objevte ATA-XL, v\u00fdkonn\u00fd hnojiv\u00fd p\u0159\u00edpravek, kter\u00fd podporuje zdrav\u00fd r\u016fst va\u0161ich rostlin. Ide\u00e1ln\u00ed pro kv\u011btiny a plodiny, poskytuje komplexn\u00ed v\u00fd\u017eivu pro optim\u00e1ln\u00ed v\u00fdvoj. Zlep\u0161ete sv\u00e9 p\u011bstov\u00e1n\u00ed s ATA-XL.\" \/>\n<meta name=\"robots\" content=\"index, follow, max-snippet:-1, max-image-preview:large, max-video-preview:-1\" \/>\n<link rel=\"canonical\" href=\"https:\/\/atami.com\/cs\/produkt\/ata-xl\" \/>\n<meta property=\"og:locale\" content=\"cs_CZ\" \/>\n<meta property=\"og:type\" content=\"article\" \/>\n<meta property=\"og:title\" content=\"ATA-XL\" \/>\n<meta property=\"og:description\" content=\"Objevte ATA-XL, v\u00fdkonn\u00fd hnojiv\u00fd p\u0159\u00edpravek, kter\u00fd podporuje zdrav\u00fd r\u016fst va\u0161ich rostlin. Ide\u00e1ln\u00ed pro kv\u011btiny a plodiny, poskytuje komplexn\u00ed v\u00fd\u017eivu pro optim\u00e1ln\u00ed v\u00fdvoj. Zlep\u0161ete sv\u00e9 p\u011bstov\u00e1n\u00ed s ATA-XL.\" \/>\n<meta property=\"og:url\" content=\"https:\/\/atami.com\/cs\/produkt\/ata-xl\" \/>\n<meta property=\"og:site_name\" content=\"Atami\" \/>\n<meta property=\"article:publisher\" content=\"https:\/\/www.facebook.com\/Atami.International\" \/>\n<meta property=\"article:modified_time\" content=\"2025-11-10T11:19:30+00:00\" \/>\n<meta property=\"og:image\" content=\"https:\/\/atami.com\/wp-content\/uploads\/2023\/02\/ATA-XL-Main-Image.webp\" \/>\n\t<meta property=\"og:image:width\" content=\"1080\" \/>\n\t<meta property=\"og:image:height\" content=\"1080\" \/>\n\t<meta property=\"og:image:type\" content=\"image\/webp\" \/>\n<meta name=\"twitter:card\" content=\"summary_large_image\" \/>\n<meta name=\"twitter:site\" content=\"@AtamiEU\" \/>\n<meta name=\"twitter:label1\" content=\"Odhadovan\u00e1 doba \u010dten\u00ed\" \/>\n\t<meta name=\"twitter:data1\" content=\"1 minuta\" \/>\n<script type=\"application\/ld+json\" class=\"yoast-schema-graph\">{\"@context\":\"https:\\\/\\\/schema.org\",\"@graph\":[{\"@type\":\"WebPage\",\"@id\":\"https:\\\/\\\/atami.com\\\/cs\\\/produkt\\\/ata-xl\",\"url\":\"https:\\\/\\\/atami.com\\\/cs\\\/produkt\\\/ata-xl\",\"name\":\"ATA-XL - V\u00fdkonn\u00fd hnojiv\u00fd p\u0159\u00edpravek pro optim\u00e1ln\u00ed r\u016fst rostlin\",\"isPartOf\":{\"@id\":\"https:\\\/\\\/atami.com\\\/cs#website\"},\"primaryImageOfPage\":{\"@id\":\"https:\\\/\\\/atami.com\\\/cs\\\/produkt\\\/ata-xl#primaryimage\"},\"image\":{\"@id\":\"https:\\\/\\\/atami.com\\\/cs\\\/produkt\\\/ata-xl#primaryimage\"},\"thumbnailUrl\":\"https:\\\/\\\/atami.com\\\/wp-content\\\/uploads\\\/2023\\\/02\\\/ATA-XL-Main-Image.webp\",\"datePublished\":\"2023-02-08T13:25:05+00:00\",\"dateModified\":\"2025-11-10T11:19:30+00:00\",\"description\":\"Objevte ATA-XL, v\u00fdkonn\u00fd hnojiv\u00fd p\u0159\u00edpravek, kter\u00fd podporuje zdrav\u00fd r\u016fst va\u0161ich rostlin. Ide\u00e1ln\u00ed pro kv\u011btiny a plodiny, poskytuje komplexn\u00ed v\u00fd\u017eivu pro optim\u00e1ln\u00ed v\u00fdvoj. Zlep\u0161ete sv\u00e9 p\u011bstov\u00e1n\u00ed s ATA-XL.\",\"breadcrumb\":{\"@id\":\"https:\\\/\\\/atami.com\\\/cs\\\/produkt\\\/ata-xl#breadcrumb\"},\"inLanguage\":\"cs\",\"potentialAction\":[{\"@type\":\"ReadAction\",\"target\":[\"https:\\\/\\\/atami.com\\\/cs\\\/produkt\\\/ata-xl\"]}]},{\"@type\":\"ImageObject\",\"inLanguage\":\"cs\",\"@id\":\"https:\\\/\\\/atami.com\\\/cs\\\/produkt\\\/ata-xl#primaryimage\",\"url\":\"https:\\\/\\\/atami.com\\\/wp-content\\\/uploads\\\/2023\\\/02\\\/ATA-XL-Main-Image.webp\",\"contentUrl\":\"https:\\\/\\\/atami.com\\\/wp-content\\\/uploads\\\/2023\\\/02\\\/ATA-XL-Main-Image.webp\",\"width\":1080,\"height\":1080,\"caption\":\"ATA-XL podporuje siln\u00e9 ko\u0159eny a zvy\u0161uje objem kv\u011bt\u016f a plod\u016f d\u00edky jedine\u010dn\u00e9 sm\u011bsi p\u0159\u00edrodn\u00edch slo\u017eek.\"},{\"@type\":\"BreadcrumbList\",\"@id\":\"https:\\\/\\\/atami.com\\\/cs\\\/produkt\\\/ata-xl#breadcrumb\",\"itemListElement\":[{\"@type\":\"ListItem\",\"position\":1,\"name\":\"Home\",\"item\":\"https:\\\/\\\/atami.com\\\/cs\"},{\"@type\":\"ListItem\",\"position\":2,\"name\":\"Produkty\",\"item\":\"https:\\\/\\\/atami.com\\\/cs\\\/shop\"},{\"@type\":\"ListItem\",\"position\":3,\"name\":\"Zna\u010dky\",\"item\":\"https:\\\/\\\/atami.com\\\/cs\\\/kategorie-produktu\\\/znacky\"},{\"@type\":\"ListItem\",\"position\":4,\"name\":\"ATA\",\"item\":\"https:\\\/\\\/atami.com\\\/cs\\\/kategorie-produktu\\\/znacky\\\/ata\"},{\"@type\":\"ListItem\",\"position\":5,\"name\":\"ATA-XL\"}]},{\"@type\":\"WebSite\",\"@id\":\"https:\\\/\\\/atami.com\\\/cs#website\",\"url\":\"https:\\\/\\\/atami.com\\\/cs\",\"name\":\"Atami\",\"description\":\"NATURALLY INNOVATING!\",\"publisher\":{\"@id\":\"https:\\\/\\\/atami.com\\\/cs#organization\"},\"potentialAction\":[{\"@type\":\"SearchAction\",\"target\":{\"@type\":\"EntryPoint\",\"urlTemplate\":\"https:\\\/\\\/atami.com\\\/cs?s={search_term_string}\"},\"query-input\":{\"@type\":\"PropertyValueSpecification\",\"valueRequired\":true,\"valueName\":\"search_term_string\"}}],\"inLanguage\":\"cs\"},{\"@type\":\"Organization\",\"@id\":\"https:\\\/\\\/atami.com\\\/cs#organization\",\"name\":\"Atami\",\"url\":\"https:\\\/\\\/atami.com\\\/cs\",\"logo\":{\"@type\":\"ImageObject\",\"inLanguage\":\"cs\",\"@id\":\"https:\\\/\\\/atami.com\\\/cs#\\\/schema\\\/logo\\\/image\\\/\",\"url\":\"https:\\\/\\\/atami.com\\\/wp-content\\\/uploads\\\/2026\\\/01\\\/Atami-logo-696x696px.webp\",\"contentUrl\":\"https:\\\/\\\/atami.com\\\/wp-content\\\/uploads\\\/2026\\\/01\\\/Atami-logo-696x696px.webp\",\"width\":696,\"height\":696,\"caption\":\"Atami\"},\"image\":{\"@id\":\"https:\\\/\\\/atami.com\\\/cs#\\\/schema\\\/logo\\\/image\\\/\"},\"sameAs\":[\"https:\\\/\\\/www.facebook.com\\\/Atami.International\",\"https:\\\/\\\/x.com\\\/AtamiEU\",\"https:\\\/\\\/www.youtube.com\\\/c\\\/AtamiInternational\",\"https:\\\/\\\/www.instagram.com\\\/atami.international\\\/\"],\"description\":\"ATAMI is a premium plant nutrition & substrate brand founded in 1997 with the mission to make exceptional cultivation achievable for everyone. From legacy to license, we offer a wide variety of innovating award-winning products to let cultivators achieve maximum results in taste & yield.\",\"email\":\"info@mginnovations.es\",\"legalName\":\"Atami\",\"numberOfEmployees\":{\"@type\":\"QuantitativeValue\",\"minValue\":\"11\",\"maxValue\":\"50\"}}]}<\/script>\n<!-- \/ Yoast SEO Premium plugin. -->","yoast_head_json":{"title":"ATA-XL - V\u00fdkonn\u00fd hnojiv\u00fd p\u0159\u00edpravek pro optim\u00e1ln\u00ed r\u016fst rostlin","description":"Objevte ATA-XL, v\u00fdkonn\u00fd hnojiv\u00fd p\u0159\u00edpravek, kter\u00fd podporuje zdrav\u00fd r\u016fst va\u0161ich rostlin. Ide\u00e1ln\u00ed pro kv\u011btiny a plodiny, poskytuje komplexn\u00ed v\u00fd\u017eivu pro optim\u00e1ln\u00ed v\u00fdvoj. Zlep\u0161ete sv\u00e9 p\u011bstov\u00e1n\u00ed s ATA-XL.","robots":{"index":"index","follow":"follow","max-snippet":"max-snippet:-1","max-image-preview":"max-image-preview:large","max-video-preview":"max-video-preview:-1"},"canonical":"https:\/\/atami.com\/cs\/produkt\/ata-xl","og_locale":"cs_CZ","og_type":"article","og_title":"ATA-XL","og_description":"Objevte ATA-XL, v\u00fdkonn\u00fd hnojiv\u00fd p\u0159\u00edpravek, kter\u00fd podporuje zdrav\u00fd r\u016fst va\u0161ich rostlin. Ide\u00e1ln\u00ed pro kv\u011btiny a plodiny, poskytuje komplexn\u00ed v\u00fd\u017eivu pro optim\u00e1ln\u00ed v\u00fdvoj. Zlep\u0161ete sv\u00e9 p\u011bstov\u00e1n\u00ed s ATA-XL.","og_url":"https:\/\/atami.com\/cs\/produkt\/ata-xl","og_site_name":"Atami","article_publisher":"https:\/\/www.facebook.com\/Atami.International","article_modified_time":"2025-11-10T11:19:30+00:00","og_image":[{"width":1080,"height":1080,"url":"https:\/\/atami.com\/wp-content\/uploads\/2023\/02\/ATA-XL-Main-Image.webp","type":"image\/webp"}],"twitter_card":"summary_large_image","twitter_site":"@AtamiEU","twitter_misc":{"Odhadovan\u00e1 doba \u010dten\u00ed":"1 minuta"},"schema":{"@context":"https:\/\/schema.org","@graph":[{"@type":"WebPage","@id":"https:\/\/atami.com\/cs\/produkt\/ata-xl","url":"https:\/\/atami.com\/cs\/produkt\/ata-xl","name":"ATA-XL - V\u00fdkonn\u00fd hnojiv\u00fd p\u0159\u00edpravek pro optim\u00e1ln\u00ed r\u016fst rostlin","isPartOf":{"@id":"https:\/\/atami.com\/cs#website"},"primaryImageOfPage":{"@id":"https:\/\/atami.com\/cs\/produkt\/ata-xl#primaryimage"},"image":{"@id":"https:\/\/atami.com\/cs\/produkt\/ata-xl#primaryimage"},"thumbnailUrl":"https:\/\/atami.com\/wp-content\/uploads\/2023\/02\/ATA-XL-Main-Image.webp","datePublished":"2023-02-08T13:25:05+00:00","dateModified":"2025-11-10T11:19:30+00:00","description":"Objevte ATA-XL, v\u00fdkonn\u00fd hnojiv\u00fd p\u0159\u00edpravek, kter\u00fd podporuje zdrav\u00fd r\u016fst va\u0161ich rostlin. Ide\u00e1ln\u00ed pro kv\u011btiny a plodiny, poskytuje komplexn\u00ed v\u00fd\u017eivu pro optim\u00e1ln\u00ed v\u00fdvoj. Zlep\u0161ete sv\u00e9 p\u011bstov\u00e1n\u00ed s ATA-XL.","breadcrumb":{"@id":"https:\/\/atami.com\/cs\/produkt\/ata-xl#breadcrumb"},"inLanguage":"cs","potentialAction":[{"@type":"ReadAction","target":["https:\/\/atami.com\/cs\/produkt\/ata-xl"]}]},{"@type":"ImageObject","inLanguage":"cs","@id":"https:\/\/atami.com\/cs\/produkt\/ata-xl#primaryimage","url":"https:\/\/atami.com\/wp-content\/uploads\/2023\/02\/ATA-XL-Main-Image.webp","contentUrl":"https:\/\/atami.com\/wp-content\/uploads\/2023\/02\/ATA-XL-Main-Image.webp","width":1080,"height":1080,"caption":"ATA-XL podporuje siln\u00e9 ko\u0159eny a zvy\u0161uje objem kv\u011bt\u016f a plod\u016f d\u00edky jedine\u010dn\u00e9 sm\u011bsi p\u0159\u00edrodn\u00edch slo\u017eek."},{"@type":"BreadcrumbList","@id":"https:\/\/atami.com\/cs\/produkt\/ata-xl#breadcrumb","itemListElement":[{"@type":"ListItem","position":1,"name":"Home","item":"https:\/\/atami.com\/cs"},{"@type":"ListItem","position":2,"name":"Produkty","item":"https:\/\/atami.com\/cs\/shop"},{"@type":"ListItem","position":3,"name":"Zna\u010dky","item":"https:\/\/atami.com\/cs\/kategorie-produktu\/znacky"},{"@type":"ListItem","position":4,"name":"ATA","item":"https:\/\/atami.com\/cs\/kategorie-produktu\/znacky\/ata"},{"@type":"ListItem","position":5,"name":"ATA-XL"}]},{"@type":"WebSite","@id":"https:\/\/atami.com\/cs#website","url":"https:\/\/atami.com\/cs","name":"Atami","description":"NATURALLY INNOVATING!","publisher":{"@id":"https:\/\/atami.com\/cs#organization"},"potentialAction":[{"@type":"SearchAction","target":{"@type":"EntryPoint","urlTemplate":"https:\/\/atami.com\/cs?s={search_term_string}"},"query-input":{"@type":"PropertyValueSpecification","valueRequired":true,"valueName":"search_term_string"}}],"inLanguage":"cs"},{"@type":"Organization","@id":"https:\/\/atami.com\/cs#organization","name":"Atami","url":"https:\/\/atami.com\/cs","logo":{"@type":"ImageObject","inLanguage":"cs","@id":"https:\/\/atami.com\/cs#\/schema\/logo\/image\/","url":"https:\/\/atami.com\/wp-content\/uploads\/2026\/01\/Atami-logo-696x696px.webp","contentUrl":"https:\/\/atami.com\/wp-content\/uploads\/2026\/01\/Atami-logo-696x696px.webp","width":696,"height":696,"caption":"Atami"},"image":{"@id":"https:\/\/atami.com\/cs#\/schema\/logo\/image\/"},"sameAs":["https:\/\/www.facebook.com\/Atami.International","https:\/\/x.com\/AtamiEU","https:\/\/www.youtube.com\/c\/AtamiInternational","https:\/\/www.instagram.com\/atami.international\/"],"description":"ATAMI is a premium plant nutrition & substrate brand founded in 1997 with the mission to make exceptional cultivation achievable for everyone. From legacy to license, we offer a wide variety of innovating award-winning products to let cultivators achieve maximum results in taste & yield.","email":"info@mginnovations.es","legalName":"Atami","numberOfEmployees":{"@type":"QuantitativeValue","minValue":"11","maxValue":"50"}}]}},"_links":{"self":[{"href":"https:\/\/atami.com\/cs\/wp-json\/wp\/v2\/product\/49415","targetHints":{"allow":["GET"]}}],"collection":[{"href":"https:\/\/atami.com\/cs\/wp-json\/wp\/v2\/product"}],"about":[{"href":"https:\/\/atami.com\/cs\/wp-json\/wp\/v2\/types\/product"}],"replies":[{"embeddable":true,"href":"https:\/\/atami.com\/cs\/wp-json\/wp\/v2\/comments?post=49415"}],"wp:featuredmedia":[{"embeddable":true,"href":"https:\/\/atami.com\/cs\/wp-json\/wp\/v2\/media\/23805"}],"wp:attachment":[{"href":"https:\/\/atami.com\/cs\/wp-json\/wp\/v2\/media?parent=49415"}],"wp:term":[{"taxonomy":"product_brand","embeddable":true,"href":"https:\/\/atami.com\/cs\/wp-json\/wp\/v2\/product_brand?post=49415"},{"taxonomy":"product_cat","embeddable":true,"href":"https:\/\/atami.com\/cs\/wp-json\/wp\/v2\/product_cat?post=49415"},{"taxonomy":"product_tag","embeddable":true,"href":"https:\/\/atami.com\/cs\/wp-json\/wp\/v2\/product_tag?post=49415"}],"curies":[{"name":"wp","href":"https:\/\/api.w.org\/{rel}","templated":true}]}}