{"id":49414,"date":"2023-02-08T13:17:19","date_gmt":"2023-02-08T13:17:19","guid":{"rendered":"https:\/\/atami.com\/product\/ata-rootfast\/"},"modified":"2025-11-10T13:19:08","modified_gmt":"2025-11-10T11:19:08","slug":"ata-rootfast","status":"publish","type":"product","link":"https:\/\/atami.com\/cs\/produkt\/ata-rootfast","title":{"rendered":"ATA Rootfast"},"content":{"rendered":"<p><strong>ATA Rootfast je univerz\u00e1ln\u00ed stimul\u00e1tor ko\u0159en\u016f, kter\u00e9 jsou zvl\u00e1\u0161\u0165 d\u016fle\u017eit\u00e9 pro dobr\u00fd a zdrav\u00fd v\u00fdvoj rostliny. Na rozd\u00edl od v\u011bt\u0161iny ko\u0159enov\u00fdch stimul\u00e1tor\u016f m\u00e1 vyrovnan\u00e9 hodnoty NPK a vysok\u00fd obsah fosforu.<\/strong><\/p>\n<p>\nD\u00edky ATA Rootfast vytvo\u0159\u00ed rostlina v\u011bt\u0161\u00ed a siln\u011bj\u0161\u00ed ko\u0159eny ve v\u011bt\u0161\u00edm mno\u017estv\u00ed. To je velmi d\u016fle\u017eit\u00e9 b\u011bhem prvn\u00edch t\u00fddn\u016f. Kdy\u017e se ko\u0159eny rozv\u011btv\u00ed a l\u00e9pe rozrostou, rostlina z\u00edsk\u00e1 na odolnosti v\u016f\u010di onemocn\u011bn\u00edm a \u0161kodliv\u00fdm houb\u00e1m. Rozs\u00e1hl\u00fd ko\u0159enov\u00fd syst\u00e9m pom\u00e1h\u00e1 rostlin\u011b vytvo\u0159it v\u00edce bun\u011bk a snadn\u011bji absorbovat nejr\u016fzn\u011bj\u0161\u00ed druhy \u017eivin. Pokud m\u00e1te substr\u00e1t s nedostatkem fosforu, rostlina p\u0159izp\u016fsob\u00ed sv\u016fj syst\u00e9m ko\u0159en\u016f tak, \u017ee porostou v\u00edce po povrchu. To nakonec povede k ni\u017e\u0161\u00edmu v\u00fdnosu. Pou\u017e\u00edv\u00e1n\u00edm ATA Rootfast tomu zabr\u00e1n\u00edte.<\/p>\n<p>\n<strong>ZEJM\u00c9NA VHODN\u00dd PRO:<\/strong><br \/>\nATA Rootfast je univerz\u00e1ln\u00ed v\u00fd\u017eiva vhodn\u00e1 pro r\u016fzn\u00e9 druhy ovoce, zeleniny a bylin, jako brambory a bat\u00e1ty, a okrasn\u00e9 rostliny. Lze ho tak\u00e9 pou\u017e\u00edvat na kvetouc\u00ed okrasn\u00e9 rostliny (nap\u0159. chryzant\u00e9my, tulip\u00e1ny a mod\u0159ence). Po\u017eadovanou d\u00e1vku je mo\u017en\u00e9 nam\u011b\u0159it podle pot\u0159eb konkr\u00e9tn\u00ed rostliny nebo plodiny.<\/p>\n<p>\n<strong>POU\u017dIT\u00cd<\/strong><br \/>\nP\u0159id\u00e1vejte b\u011bhem 1. a 2. t\u00fddn\u011b denn\u011b s ka\u017ed\u00fdm zal\u00e9v\u00e1n\u00edm.<\/p>\n<p>\n<strong>D\u00c1VKOV\u00c1N\u00cd<\/strong><br \/>\n0,5\u20131 ml na litr vody<\/p>\n<p>\n<strong>P 5 W\/W<\/strong><\/p>\n<p>\n<strong>DOSTUPN\u00dd OBJEM 100 ML, 250 ML, 500 ML, 1 L, 5 L.<\/strong><\/p>\n","protected":false},"excerpt":{"rendered":"<p>Stimul\u00e1tor ko\u0159en\u016f<\/p>\n<p>Siln\u00e9 a dob\u0159e vyvinut\u00e9 ko\u0159eny<\/p>\n","protected":false},"featured_media":23775,"comment_status":"closed","ping_status":"closed","template":"","meta":{"_acf_changed":false,"iawp_total_views":35},"product_brand":[],"product_cat":[381,379],"product_tag":[],"class_list":{"0":"post-49414","1":"product","2":"type-product","3":"status-publish","4":"has-post-thumbnail","6":"product_cat-ata","7":"product_cat-stimulatory","9":"first","10":"instock","11":"shipping-taxable","12":"product-type-simple"},"acf":{"short_description":"<p><strong>ATA Rootfast je univerz\u00e1ln\u00ed stimul\u00e1tor ko\u0159en\u016f, kter\u00e9 jsou zvl\u00e1\u0161\u0165 d\u016fle\u017eit\u00e9 pro dobr\u00fd a zdrav\u00fd v\u00fdvoj rostliny. Na rozd\u00edl od v\u011bt\u0161iny ko\u0159enov\u00fdch stimul\u00e1tor\u016f m\u00e1 vyrovnan\u00e9 hodnoty NPK a vysok\u00fd obsah fosforu.<\/strong><\/p><p><br \/>D\u00edky ATA Rootfast vytvo\u0159\u00ed rostlina v\u011bt\u0161\u00ed a siln\u011bj\u0161\u00ed ko\u0159eny ve v\u011bt\u0161\u00edm mno\u017estv\u00ed. To je velmi d\u016fle\u017eit\u00e9 b\u011bhem prvn\u00edch t\u00fddn\u016f. Kdy\u017e se ko\u0159eny rozv\u011btv\u00ed a l\u00e9pe rozrostou, rostlina z\u00edsk\u00e1 na odolnosti v\u016f\u010di onemocn\u011bn\u00edm a \u0161kodliv\u00fdm houb\u00e1m. Rozs\u00e1hl\u00fd ko\u0159enov\u00fd syst\u00e9m pom\u00e1h\u00e1 rostlin\u011b vytvo\u0159it v\u00edce bun\u011bk a snadn\u011bji absorbovat nejr\u016fzn\u011bj\u0161\u00ed druhy \u017eivin. Pokud m\u00e1te substr\u00e1t s nedostatkem fosforu, rostlina p\u0159izp\u016fsob\u00ed sv\u016fj syst\u00e9m ko\u0159en\u016f tak, \u017ee porostou v\u00edce po povrchu. To nakonec povede k ni\u017e\u0161\u00edmu v\u00fdnosu. Pou\u017e\u00edv\u00e1n\u00edm ATA Rootfast tomu zabr\u00e1n\u00edte.<\/p>","suitable_for":"<p>ATA Rootfast je univerz\u00e1ln\u00ed v\u00fd\u017eiva vhodn\u00e1 pro r\u016fzn\u00e9 druhy ovoce, zeleniny a bylin, jako brambory a bat\u00e1ty, a okrasn\u00e9 rostliny. Lze ho tak\u00e9 pou\u017e\u00edvat na kvetouc\u00ed okrasn\u00e9 rostliny (nap\u0159. chryzant\u00e9my, tulip\u00e1ny a mod\u0159ence). Po\u017eadovanou d\u00e1vku je mo\u017en\u00e9 nam\u011b\u0159it podle pot\u0159eb konkr\u00e9tn\u00ed rostliny nebo plodiny.<\/p>","application":"<p>P\u0159id\u00e1vejte b\u011bhem 1. a 2. t\u00fddn\u011b denn\u011b s ka\u017ed\u00fdm zal\u00e9v\u00e1n\u00edm.<\/p>","dosage":"0,5\u20131 ml na litr vody","npk_ratio":"P 5 W\/W","available_in":"100 ML, 250 ML, 500 ML, 1 L, 5 L","icon_1":5765,"icon_1_text":"VYSOK\u00dd OBSAH FOSFORU","icon_2":5769,"icon_2_text":"VY\u0160\u0160\u00cd ODOLNOST V\u016e\u010cI NEMOCEM A \u0160KODLIV\u00ddM HOUB\u00c1M","icon_3":5773,"icon_3_text":"SILN\u00c9, ZDRAV\u00c9 KO\u0158ENY","icon_4":"","icon_4_text":"","video":"https:\/\/youtu.be\/qCtdHSqcFoc","second_image":5761,"product_image_page":5881,"user_manual":"","new_icon_1":"","new_icon_2":"","new_icon_3":"","new_icon_4":"","grow_guides":null,"category":"Stimul\u00e1tor"},"yoast_head":"<!-- This site is optimized with the Yoast SEO Premium plugin v27.4 (Yoast SEO v27.4) - https:\/\/yoast.com\/product\/yoast-seo-premium-wordpress\/ -->\n<title>ATA Rootfast | Siln\u00e9 a dob\u0159e vyvinut\u00e9 ko\u0159eny | Atami<\/title>\n<meta name=\"description\" content=\"ATA Rootfast je univerz\u00e1ln\u00ed stimul\u00e1tor ko\u0159en\u016f, kter\u00e9 jsou zvl\u00e1\u0161\u0165 d\u016fle\u017eit\u00e9 pro dobr\u00fd a zdrav\u00fd v\u00fdvoj rostliny. Na rozd\u00edl od v\u011bt\u0161iny ko\u0159enov\u00fdch stimul\u00e1tor\u016f m\u00e1 vyrovnan\u00e9 hodnoty NPK a vysok\u00fd obsah fosforu.\" \/>\n<meta name=\"robots\" content=\"index, follow, max-snippet:-1, max-image-preview:large, max-video-preview:-1\" \/>\n<link rel=\"canonical\" href=\"https:\/\/atami.com\/cs\/produkt\/ata-rootfast\" \/>\n<meta property=\"og:locale\" content=\"cs_CZ\" \/>\n<meta property=\"og:type\" content=\"article\" \/>\n<meta property=\"og:title\" content=\"ATA Rootfast\" \/>\n<meta property=\"og:description\" content=\"ATA Rootfast je univerz\u00e1ln\u00ed stimul\u00e1tor ko\u0159en\u016f, kter\u00e9 jsou zvl\u00e1\u0161\u0165 d\u016fle\u017eit\u00e9 pro dobr\u00fd a zdrav\u00fd v\u00fdvoj rostliny. Na rozd\u00edl od v\u011bt\u0161iny ko\u0159enov\u00fdch stimul\u00e1tor\u016f m\u00e1 vyrovnan\u00e9 hodnoty NPK a vysok\u00fd obsah fosforu.\" \/>\n<meta property=\"og:url\" content=\"https:\/\/atami.com\/cs\/produkt\/ata-rootfast\" \/>\n<meta property=\"og:site_name\" content=\"Atami\" \/>\n<meta property=\"article:publisher\" content=\"https:\/\/www.facebook.com\/Atami.International\" \/>\n<meta property=\"article:modified_time\" content=\"2025-11-10T11:19:08+00:00\" \/>\n<meta property=\"og:image\" content=\"https:\/\/atami.com\/wp-content\/uploads\/2023\/02\/ATA-Rootfast-Main-Image.webp\" \/>\n\t<meta property=\"og:image:width\" content=\"1080\" \/>\n\t<meta property=\"og:image:height\" content=\"1080\" \/>\n\t<meta property=\"og:image:type\" content=\"image\/webp\" \/>\n<meta name=\"twitter:card\" content=\"summary_large_image\" \/>\n<meta name=\"twitter:site\" content=\"@AtamiEU\" \/>\n<meta name=\"twitter:label1\" content=\"Odhadovan\u00e1 doba \u010dten\u00ed\" \/>\n\t<meta name=\"twitter:data1\" content=\"1 minuta\" \/>\n<script type=\"application\/ld+json\" class=\"yoast-schema-graph\">{\"@context\":\"https:\\\/\\\/schema.org\",\"@graph\":[{\"@type\":\"WebPage\",\"@id\":\"https:\\\/\\\/atami.com\\\/cs\\\/produkt\\\/ata-rootfast\",\"url\":\"https:\\\/\\\/atami.com\\\/cs\\\/produkt\\\/ata-rootfast\",\"name\":\"ATA Rootfast | Siln\u00e9 a dob\u0159e vyvinut\u00e9 ko\u0159eny | Atami\",\"isPartOf\":{\"@id\":\"https:\\\/\\\/atami.com\\\/cs#website\"},\"primaryImageOfPage\":{\"@id\":\"https:\\\/\\\/atami.com\\\/cs\\\/produkt\\\/ata-rootfast#primaryimage\"},\"image\":{\"@id\":\"https:\\\/\\\/atami.com\\\/cs\\\/produkt\\\/ata-rootfast#primaryimage\"},\"thumbnailUrl\":\"https:\\\/\\\/atami.com\\\/wp-content\\\/uploads\\\/2023\\\/02\\\/ATA-Rootfast-Main-Image.webp\",\"datePublished\":\"2023-02-08T13:17:19+00:00\",\"dateModified\":\"2025-11-10T11:19:08+00:00\",\"description\":\"ATA Rootfast je univerz\u00e1ln\u00ed stimul\u00e1tor ko\u0159en\u016f, kter\u00e9 jsou zvl\u00e1\u0161\u0165 d\u016fle\u017eit\u00e9 pro dobr\u00fd a zdrav\u00fd v\u00fdvoj rostliny. Na rozd\u00edl od v\u011bt\u0161iny ko\u0159enov\u00fdch stimul\u00e1tor\u016f m\u00e1 vyrovnan\u00e9 hodnoty NPK a vysok\u00fd obsah fosforu.\",\"breadcrumb\":{\"@id\":\"https:\\\/\\\/atami.com\\\/cs\\\/produkt\\\/ata-rootfast#breadcrumb\"},\"inLanguage\":\"cs\",\"potentialAction\":[{\"@type\":\"ReadAction\",\"target\":[\"https:\\\/\\\/atami.com\\\/cs\\\/produkt\\\/ata-rootfast\"]}]},{\"@type\":\"ImageObject\",\"inLanguage\":\"cs\",\"@id\":\"https:\\\/\\\/atami.com\\\/cs\\\/produkt\\\/ata-rootfast#primaryimage\",\"url\":\"https:\\\/\\\/atami.com\\\/wp-content\\\/uploads\\\/2023\\\/02\\\/ATA-Rootfast-Main-Image.webp\",\"contentUrl\":\"https:\\\/\\\/atami.com\\\/wp-content\\\/uploads\\\/2023\\\/02\\\/ATA-Rootfast-Main-Image.webp\",\"width\":1080,\"height\":1080,\"caption\":\"ATA Rootfast zlep\u0161uje v\u011btven\u00ed a s\u00edlu ko\u0159en\u016f, zvy\u0161uje odolnost rostlin v\u016f\u010di chorob\u00e1m a \u0161kodliv\u00fdm houb\u00e1m.\"},{\"@type\":\"BreadcrumbList\",\"@id\":\"https:\\\/\\\/atami.com\\\/cs\\\/produkt\\\/ata-rootfast#breadcrumb\",\"itemListElement\":[{\"@type\":\"ListItem\",\"position\":1,\"name\":\"Home\",\"item\":\"https:\\\/\\\/atami.com\\\/cs\"},{\"@type\":\"ListItem\",\"position\":2,\"name\":\"Produkty\",\"item\":\"https:\\\/\\\/atami.com\\\/cs\\\/shop\"},{\"@type\":\"ListItem\",\"position\":3,\"name\":\"Zna\u010dky\",\"item\":\"https:\\\/\\\/atami.com\\\/cs\\\/kategorie-produktu\\\/znacky\"},{\"@type\":\"ListItem\",\"position\":4,\"name\":\"ATA\",\"item\":\"https:\\\/\\\/atami.com\\\/cs\\\/kategorie-produktu\\\/znacky\\\/ata\"},{\"@type\":\"ListItem\",\"position\":5,\"name\":\"ATA Rootfast\"}]},{\"@type\":\"WebSite\",\"@id\":\"https:\\\/\\\/atami.com\\\/cs#website\",\"url\":\"https:\\\/\\\/atami.com\\\/cs\",\"name\":\"Atami\",\"description\":\"NATURALLY INNOVATING!\",\"publisher\":{\"@id\":\"https:\\\/\\\/atami.com\\\/cs#organization\"},\"potentialAction\":[{\"@type\":\"SearchAction\",\"target\":{\"@type\":\"EntryPoint\",\"urlTemplate\":\"https:\\\/\\\/atami.com\\\/cs?s={search_term_string}\"},\"query-input\":{\"@type\":\"PropertyValueSpecification\",\"valueRequired\":true,\"valueName\":\"search_term_string\"}}],\"inLanguage\":\"cs\"},{\"@type\":\"Organization\",\"@id\":\"https:\\\/\\\/atami.com\\\/cs#organization\",\"name\":\"Atami\",\"url\":\"https:\\\/\\\/atami.com\\\/cs\",\"logo\":{\"@type\":\"ImageObject\",\"inLanguage\":\"cs\",\"@id\":\"https:\\\/\\\/atami.com\\\/cs#\\\/schema\\\/logo\\\/image\\\/\",\"url\":\"https:\\\/\\\/atami.com\\\/wp-content\\\/uploads\\\/2026\\\/01\\\/Atami-logo-696x696px.webp\",\"contentUrl\":\"https:\\\/\\\/atami.com\\\/wp-content\\\/uploads\\\/2026\\\/01\\\/Atami-logo-696x696px.webp\",\"width\":696,\"height\":696,\"caption\":\"Atami\"},\"image\":{\"@id\":\"https:\\\/\\\/atami.com\\\/cs#\\\/schema\\\/logo\\\/image\\\/\"},\"sameAs\":[\"https:\\\/\\\/www.facebook.com\\\/Atami.International\",\"https:\\\/\\\/x.com\\\/AtamiEU\",\"https:\\\/\\\/www.youtube.com\\\/c\\\/AtamiInternational\",\"https:\\\/\\\/www.instagram.com\\\/atami.international\\\/\"],\"description\":\"ATAMI is a premium plant nutrition & substrate brand founded in 1997 with the mission to make exceptional cultivation achievable for everyone. From legacy to license, we offer a wide variety of innovating award-winning products to let cultivators achieve maximum results in taste & yield.\",\"email\":\"info@mginnovations.es\",\"legalName\":\"Atami\",\"numberOfEmployees\":{\"@type\":\"QuantitativeValue\",\"minValue\":\"11\",\"maxValue\":\"50\"}}]}<\/script>\n<!-- \/ Yoast SEO Premium plugin. -->","yoast_head_json":{"title":"ATA Rootfast | Siln\u00e9 a dob\u0159e vyvinut\u00e9 ko\u0159eny | Atami","description":"ATA Rootfast je univerz\u00e1ln\u00ed stimul\u00e1tor ko\u0159en\u016f, kter\u00e9 jsou zvl\u00e1\u0161\u0165 d\u016fle\u017eit\u00e9 pro dobr\u00fd a zdrav\u00fd v\u00fdvoj rostliny. Na rozd\u00edl od v\u011bt\u0161iny ko\u0159enov\u00fdch stimul\u00e1tor\u016f m\u00e1 vyrovnan\u00e9 hodnoty NPK a vysok\u00fd obsah fosforu.","robots":{"index":"index","follow":"follow","max-snippet":"max-snippet:-1","max-image-preview":"max-image-preview:large","max-video-preview":"max-video-preview:-1"},"canonical":"https:\/\/atami.com\/cs\/produkt\/ata-rootfast","og_locale":"cs_CZ","og_type":"article","og_title":"ATA Rootfast","og_description":"ATA Rootfast je univerz\u00e1ln\u00ed stimul\u00e1tor ko\u0159en\u016f, kter\u00e9 jsou zvl\u00e1\u0161\u0165 d\u016fle\u017eit\u00e9 pro dobr\u00fd a zdrav\u00fd v\u00fdvoj rostliny. Na rozd\u00edl od v\u011bt\u0161iny ko\u0159enov\u00fdch stimul\u00e1tor\u016f m\u00e1 vyrovnan\u00e9 hodnoty NPK a vysok\u00fd obsah fosforu.","og_url":"https:\/\/atami.com\/cs\/produkt\/ata-rootfast","og_site_name":"Atami","article_publisher":"https:\/\/www.facebook.com\/Atami.International","article_modified_time":"2025-11-10T11:19:08+00:00","og_image":[{"width":1080,"height":1080,"url":"https:\/\/atami.com\/wp-content\/uploads\/2023\/02\/ATA-Rootfast-Main-Image.webp","type":"image\/webp"}],"twitter_card":"summary_large_image","twitter_site":"@AtamiEU","twitter_misc":{"Odhadovan\u00e1 doba \u010dten\u00ed":"1 minuta"},"schema":{"@context":"https:\/\/schema.org","@graph":[{"@type":"WebPage","@id":"https:\/\/atami.com\/cs\/produkt\/ata-rootfast","url":"https:\/\/atami.com\/cs\/produkt\/ata-rootfast","name":"ATA Rootfast | Siln\u00e9 a dob\u0159e vyvinut\u00e9 ko\u0159eny | Atami","isPartOf":{"@id":"https:\/\/atami.com\/cs#website"},"primaryImageOfPage":{"@id":"https:\/\/atami.com\/cs\/produkt\/ata-rootfast#primaryimage"},"image":{"@id":"https:\/\/atami.com\/cs\/produkt\/ata-rootfast#primaryimage"},"thumbnailUrl":"https:\/\/atami.com\/wp-content\/uploads\/2023\/02\/ATA-Rootfast-Main-Image.webp","datePublished":"2023-02-08T13:17:19+00:00","dateModified":"2025-11-10T11:19:08+00:00","description":"ATA Rootfast je univerz\u00e1ln\u00ed stimul\u00e1tor ko\u0159en\u016f, kter\u00e9 jsou zvl\u00e1\u0161\u0165 d\u016fle\u017eit\u00e9 pro dobr\u00fd a zdrav\u00fd v\u00fdvoj rostliny. Na rozd\u00edl od v\u011bt\u0161iny ko\u0159enov\u00fdch stimul\u00e1tor\u016f m\u00e1 vyrovnan\u00e9 hodnoty NPK a vysok\u00fd obsah fosforu.","breadcrumb":{"@id":"https:\/\/atami.com\/cs\/produkt\/ata-rootfast#breadcrumb"},"inLanguage":"cs","potentialAction":[{"@type":"ReadAction","target":["https:\/\/atami.com\/cs\/produkt\/ata-rootfast"]}]},{"@type":"ImageObject","inLanguage":"cs","@id":"https:\/\/atami.com\/cs\/produkt\/ata-rootfast#primaryimage","url":"https:\/\/atami.com\/wp-content\/uploads\/2023\/02\/ATA-Rootfast-Main-Image.webp","contentUrl":"https:\/\/atami.com\/wp-content\/uploads\/2023\/02\/ATA-Rootfast-Main-Image.webp","width":1080,"height":1080,"caption":"ATA Rootfast zlep\u0161uje v\u011btven\u00ed a s\u00edlu ko\u0159en\u016f, zvy\u0161uje odolnost rostlin v\u016f\u010di chorob\u00e1m a \u0161kodliv\u00fdm houb\u00e1m."},{"@type":"BreadcrumbList","@id":"https:\/\/atami.com\/cs\/produkt\/ata-rootfast#breadcrumb","itemListElement":[{"@type":"ListItem","position":1,"name":"Home","item":"https:\/\/atami.com\/cs"},{"@type":"ListItem","position":2,"name":"Produkty","item":"https:\/\/atami.com\/cs\/shop"},{"@type":"ListItem","position":3,"name":"Zna\u010dky","item":"https:\/\/atami.com\/cs\/kategorie-produktu\/znacky"},{"@type":"ListItem","position":4,"name":"ATA","item":"https:\/\/atami.com\/cs\/kategorie-produktu\/znacky\/ata"},{"@type":"ListItem","position":5,"name":"ATA Rootfast"}]},{"@type":"WebSite","@id":"https:\/\/atami.com\/cs#website","url":"https:\/\/atami.com\/cs","name":"Atami","description":"NATURALLY INNOVATING!","publisher":{"@id":"https:\/\/atami.com\/cs#organization"},"potentialAction":[{"@type":"SearchAction","target":{"@type":"EntryPoint","urlTemplate":"https:\/\/atami.com\/cs?s={search_term_string}"},"query-input":{"@type":"PropertyValueSpecification","valueRequired":true,"valueName":"search_term_string"}}],"inLanguage":"cs"},{"@type":"Organization","@id":"https:\/\/atami.com\/cs#organization","name":"Atami","url":"https:\/\/atami.com\/cs","logo":{"@type":"ImageObject","inLanguage":"cs","@id":"https:\/\/atami.com\/cs#\/schema\/logo\/image\/","url":"https:\/\/atami.com\/wp-content\/uploads\/2026\/01\/Atami-logo-696x696px.webp","contentUrl":"https:\/\/atami.com\/wp-content\/uploads\/2026\/01\/Atami-logo-696x696px.webp","width":696,"height":696,"caption":"Atami"},"image":{"@id":"https:\/\/atami.com\/cs#\/schema\/logo\/image\/"},"sameAs":["https:\/\/www.facebook.com\/Atami.International","https:\/\/x.com\/AtamiEU","https:\/\/www.youtube.com\/c\/AtamiInternational","https:\/\/www.instagram.com\/atami.international\/"],"description":"ATAMI is a premium plant nutrition & substrate brand founded in 1997 with the mission to make exceptional cultivation achievable for everyone. From legacy to license, we offer a wide variety of innovating award-winning products to let cultivators achieve maximum results in taste & yield.","email":"info@mginnovations.es","legalName":"Atami","numberOfEmployees":{"@type":"QuantitativeValue","minValue":"11","maxValue":"50"}}]}},"_links":{"self":[{"href":"https:\/\/atami.com\/cs\/wp-json\/wp\/v2\/product\/49414","targetHints":{"allow":["GET"]}}],"collection":[{"href":"https:\/\/atami.com\/cs\/wp-json\/wp\/v2\/product"}],"about":[{"href":"https:\/\/atami.com\/cs\/wp-json\/wp\/v2\/types\/product"}],"replies":[{"embeddable":true,"href":"https:\/\/atami.com\/cs\/wp-json\/wp\/v2\/comments?post=49414"}],"wp:featuredmedia":[{"embeddable":true,"href":"https:\/\/atami.com\/cs\/wp-json\/wp\/v2\/media\/23775"}],"wp:attachment":[{"href":"https:\/\/atami.com\/cs\/wp-json\/wp\/v2\/media?parent=49414"}],"wp:term":[{"taxonomy":"product_brand","embeddable":true,"href":"https:\/\/atami.com\/cs\/wp-json\/wp\/v2\/product_brand?post=49414"},{"taxonomy":"product_cat","embeddable":true,"href":"https:\/\/atami.com\/cs\/wp-json\/wp\/v2\/product_cat?post=49414"},{"taxonomy":"product_tag","embeddable":true,"href":"https:\/\/atami.com\/cs\/wp-json\/wp\/v2\/product_tag?post=49414"}],"curies":[{"name":"wp","href":"https:\/\/api.w.org\/{rel}","templated":true}]}}