{"id":49413,"date":"2023-02-08T13:10:11","date_gmt":"2023-02-08T13:10:11","guid":{"rendered":"https:\/\/atami.com\/product\/ata-coco-max-ab\/"},"modified":"2025-11-07T17:12:49","modified_gmt":"2025-11-07T15:12:49","slug":"ata-coco-max-ab","status":"publish","type":"product","link":"https:\/\/atami.com\/cs\/produkt\/ata-coco-max-ab","title":{"rendered":"ATA Coco Max A&#038;B"},"content":{"rendered":"<p><strong>Tato univerz\u00e1ln\u00ed z\u00e1kladn\u00ed v\u00fd\u017eiva dod\u00e1v\u00e1 rostlin\u00e1m spr\u00e1vn\u00e9 d\u00e1vky hlavn\u00edch \u017eivin NPK (dus\u00edk, fosfor, drasl\u00edk). ATA Coco Max A&amp;B je speci\u00e1ln\u011b vyvinut pro p\u011bstov\u00e1n\u00ed v kokosov\u00e9m substr\u00e1tu.<\/strong><\/p>\n<p>\nP\u0159i p\u011bstov\u00e1n\u00ed v kokosov\u00e9m substr\u00e1tu se pro rostlinu z p\u016fdy postupn\u011b uvol\u0148uje drasl\u00edk. Proto\u017ee jsou tyto kokosov\u00e9 substr\u00e1ty obvykle chud\u00e9 na v\u00e1pn\u00edk, v\u00fd\u017eiva ATA Coco Max obsahuje relativn\u011b m\u00e9n\u011b drasl\u00edku, ale vy\u0161\u0161\u00ed d\u00e1vku v\u00e1pn\u00edku k prevenci jeho mo\u017en\u00e9ho nedostatku. ATA Coco Max A&amp;B je vytvo\u0159en na m\u00edru pro p\u011bstov\u00e1n\u00ed v kokosov\u00e9 p\u016fd\u011b a dod\u00e1v\u00e1 p\u0159itom rostlin\u00e1m stabiln\u00ed a biologickou rovnov\u00e1hu.<\/p>\n<p>\n<strong>ZEJM\u00c9NA VHODN\u00dd PRO:<\/strong><br \/>\nATA Coco Max A&amp;B je univerz\u00e1ln\u00ed v\u00fd\u017eiva vhodn\u00e1 pro r\u016fzn\u00e9 druhy ovoce, zeleniny a bylin, jako jsou jahody, papriky, \u010desnek, pa\u017eitka, a okrasn\u00e9 rostliny. Lze tak\u00e9 pou\u017e\u00edvat na interi\u00e9rov\u00e9 a pokojov\u00e9 rostliny (nap\u0159. na pileu). Po\u017eadovanou d\u00e1vku je mo\u017en\u00e9 nam\u011b\u0159it podle pot\u0159eb konkr\u00e9tn\u00ed rostliny nebo plodiny.<\/p>\n<p>\n<strong>POU\u017dIT\u00cd<\/strong><br \/>\nATA Coco Max je univerz\u00e1ln\u00ed rostlinn\u00e1 v\u00fd\u017eiva, kterou lze pou\u017e\u00edvat b\u011bhem cel\u00e9ho p\u011bstebn\u00edho cyklu. Koncentr\u00e1ty A a B je mo\u017en\u00e9 sm\u00edchat pouze v kombinaci s vodou.<\/p>\n<p>\n<strong>D\u00c1VKOV\u00c1N\u00cd<\/strong><br \/>\n1\u20134 ml A a 1\u20134 ml B na litr vody<\/p>\n<p>\n<strong>Coco Max A: NK 4\u20131 W\/W<\/strong><br \/>\n<strong>Coco Max B: NPK 1-4-2 W\/W<\/strong><\/p>\n<p>\n<strong>DOSTUPN\u00dd OBJEM 250 ML, 1 L, 5 L A 10 L<\/strong><\/p>\n","protected":false},"excerpt":{"rendered":"<p>Kokosov\u00e1 vl\u00e1kna<\/p>\n","protected":false},"featured_media":23754,"comment_status":"closed","ping_status":"closed","template":"","meta":{"_acf_changed":false,"iawp_total_views":26},"product_brand":[],"product_cat":[381,382],"product_tag":[],"class_list":{"0":"post-49413","1":"product","2":"type-product","3":"status-publish","4":"has-post-thumbnail","6":"product_cat-ata","7":"product_cat-zakladni-vyziva","9":"first","10":"instock","11":"shipping-taxable","12":"product-type-simple"},"acf":{"short_description":"<p><strong>Tato univerz\u00e1ln\u00ed z\u00e1kladn\u00ed v\u00fd\u017eiva dod\u00e1v\u00e1 rostlin\u00e1m spr\u00e1vn\u00e9 d\u00e1vky hlavn\u00edch \u017eivin NPK (dus\u00edk, fosfor, drasl\u00edk). ATA Coco Max A&amp;B je speci\u00e1ln\u011b vyvinut pro p\u011bstov\u00e1n\u00ed v kokosov\u00e9m substr\u00e1tu.<\/strong><\/p><p><br \/>P\u0159i p\u011bstov\u00e1n\u00ed v kokosov\u00e9m substr\u00e1tu se pro rostlinu z p\u016fdy postupn\u011b uvol\u0148uje drasl\u00edk. Proto\u017ee jsou tyto kokosov\u00e9 substr\u00e1ty obvykle chud\u00e9 na v\u00e1pn\u00edk, v\u00fd\u017eiva ATA Coco Max obsahuje relativn\u011b m\u00e9n\u011b drasl\u00edku, ale vy\u0161\u0161\u00ed d\u00e1vku v\u00e1pn\u00edku k prevenci jeho mo\u017en\u00e9ho nedostatku. ATA Coco Max A&amp;B je vytvo\u0159en na m\u00edru pro p\u011bstov\u00e1n\u00ed v kokosov\u00e9 p\u016fd\u011b a dod\u00e1v\u00e1 p\u0159itom rostlin\u00e1m stabiln\u00ed a biologickou rovnov\u00e1hu.<\/p>","suitable_for":"<p>ATA Coco Max A&amp;B je univerz\u00e1ln\u00ed v\u00fd\u017eiva vhodn\u00e1 pro r\u016fzn\u00e9 druhy ovoce, zeleniny a bylin, jako jsou jahody, papriky, \u010desnek, pa\u017eitka, a okrasn\u00e9 rostliny. Lze tak\u00e9 pou\u017e\u00edvat na interi\u00e9rov\u00e9 a pokojov\u00e9 rostliny (nap\u0159. na pileu). Po\u017eadovanou d\u00e1vku je mo\u017en\u00e9 nam\u011b\u0159it podle pot\u0159eb konkr\u00e9tn\u00ed rostliny nebo plodiny.<\/p>","application":"<p>ATA Coco Max je univerz\u00e1ln\u00ed rostlinn\u00e1 v\u00fd\u017eiva, kterou lze pou\u017e\u00edvat b\u011bhem cel\u00e9ho p\u011bstebn\u00edho cyklu. Koncentr\u00e1ty A a B je mo\u017en\u00e9 sm\u00edchat pouze v kombinaci s vodou.<\/p>","dosage":"<p>1\u20134 ml A a 1\u20134 ml B na litr vody.<\/p>","npk_ratio":"<p>Coco Max A: NK 4\u20131 W\/W<br \/>Coco Max B: NPK 1-4-2 W\/W<\/p>","available_in":"<p>250 ML, 1 L, 5 L A 10 L<\/p>","icon_1":5749,"icon_1_text":"STIMUL\u00c1TOR R\u016eSTU A KVETEN\u00cd V JEDNOM","icon_2":5753,"icon_2_text":"ZVL\u00c1\u0160T\u011a UR\u010cEN PRO P\u011aSTOV\u00c1N\u00cd V KOKOSU","icon_3":5757,"icon_3_text":"SNADNO VST\u0158EB\u00c1VATELN\u00c9 \u017dIVINY","icon_4":"","icon_4_text":"","video":"https:\/\/youtu.be\/3Iph6pmz7rY","second_image":5745,"product_image_page":5877,"user_manual":"","new_icon_1":"","new_icon_2":"","new_icon_3":"","new_icon_4":"","grow_guides":"","category":"Z\u00e1kladn\u00ed \u017eivina"},"yoast_head":"<!-- This site is optimized with the Yoast SEO Premium plugin v27.5 (Yoast SEO v27.5) - https:\/\/yoast.com\/product\/yoast-seo-premium-wordpress\/ -->\n<title>ATA Coco Max AB \u2013 Nejlep\u0161\u00ed v\u00fd\u017eiva pro rostliny p\u011bstovan\u00e9 v kokosu<\/title>\n<meta name=\"description\" content=\"Objevte ATA Coco Max AB, ide\u00e1ln\u00ed hnojivo pro p\u011bstov\u00e1n\u00ed v kokosov\u00fdch substr\u00e1tech. Zajist\u011bte rostlin\u00e1m ide\u00e1ln\u00ed v\u00fd\u017eivu pro zdrav\u00fd r\u016fst a bohatou \u00farodu.\" \/>\n<meta name=\"robots\" content=\"index, follow, max-snippet:-1, max-image-preview:large, max-video-preview:-1\" \/>\n<link rel=\"canonical\" href=\"https:\/\/atami.com\/cs\/produkt\/ata-coco-max-ab\" \/>\n<meta property=\"og:locale\" content=\"cs_CZ\" \/>\n<meta property=\"og:type\" content=\"article\" \/>\n<meta property=\"og:title\" content=\"ATA Coco Max A&amp;B\" \/>\n<meta property=\"og:description\" content=\"Objevte ATA Coco Max AB, ide\u00e1ln\u00ed hnojivo pro p\u011bstov\u00e1n\u00ed v kokosov\u00fdch substr\u00e1tech. Zajist\u011bte rostlin\u00e1m ide\u00e1ln\u00ed v\u00fd\u017eivu pro zdrav\u00fd r\u016fst a bohatou \u00farodu.\" \/>\n<meta property=\"og:url\" content=\"https:\/\/atami.com\/cs\/produkt\/ata-coco-max-ab\" \/>\n<meta property=\"og:site_name\" content=\"Atami\" \/>\n<meta property=\"article:publisher\" content=\"https:\/\/www.facebook.com\/Atami.International\" \/>\n<meta property=\"article:modified_time\" content=\"2025-11-07T15:12:49+00:00\" \/>\n<meta property=\"og:image\" content=\"https:\/\/atami.com\/wp-content\/uploads\/2023\/02\/ATA-Coco-Max-Main-Image.webp\" \/>\n\t<meta property=\"og:image:width\" content=\"1080\" \/>\n\t<meta property=\"og:image:height\" content=\"1080\" \/>\n\t<meta property=\"og:image:type\" content=\"image\/webp\" \/>\n<meta name=\"twitter:card\" content=\"summary_large_image\" \/>\n<meta name=\"twitter:site\" content=\"@AtamiEU\" \/>\n<meta name=\"twitter:label1\" content=\"Odhadovan\u00e1 doba \u010dten\u00ed\" \/>\n\t<meta name=\"twitter:data1\" content=\"2 minuty\" \/>\n<script type=\"application\/ld+json\" class=\"yoast-schema-graph\">{\"@context\":\"https:\\\/\\\/schema.org\",\"@graph\":[{\"@type\":\"WebPage\",\"@id\":\"https:\\\/\\\/atami.com\\\/cs\\\/produkt\\\/ata-coco-max-ab\",\"url\":\"https:\\\/\\\/atami.com\\\/cs\\\/produkt\\\/ata-coco-max-ab\",\"name\":\"ATA Coco Max AB \u2013 Nejlep\u0161\u00ed v\u00fd\u017eiva pro rostliny p\u011bstovan\u00e9 v kokosu\",\"isPartOf\":{\"@id\":\"https:\\\/\\\/atami.com\\\/cs#website\"},\"primaryImageOfPage\":{\"@id\":\"https:\\\/\\\/atami.com\\\/cs\\\/produkt\\\/ata-coco-max-ab#primaryimage\"},\"image\":{\"@id\":\"https:\\\/\\\/atami.com\\\/cs\\\/produkt\\\/ata-coco-max-ab#primaryimage\"},\"thumbnailUrl\":\"https:\\\/\\\/atami.com\\\/wp-content\\\/uploads\\\/2023\\\/02\\\/ATA-Coco-Max-Main-Image.webp\",\"datePublished\":\"2023-02-08T13:10:11+00:00\",\"dateModified\":\"2025-11-07T15:12:49+00:00\",\"description\":\"Objevte ATA Coco Max AB, ide\u00e1ln\u00ed hnojivo pro p\u011bstov\u00e1n\u00ed v kokosov\u00fdch substr\u00e1tech. Zajist\u011bte rostlin\u00e1m ide\u00e1ln\u00ed v\u00fd\u017eivu pro zdrav\u00fd r\u016fst a bohatou \u00farodu.\",\"breadcrumb\":{\"@id\":\"https:\\\/\\\/atami.com\\\/cs\\\/produkt\\\/ata-coco-max-ab#breadcrumb\"},\"inLanguage\":\"cs\",\"potentialAction\":[{\"@type\":\"ReadAction\",\"target\":[\"https:\\\/\\\/atami.com\\\/cs\\\/produkt\\\/ata-coco-max-ab\"]}]},{\"@type\":\"ImageObject\",\"inLanguage\":\"cs\",\"@id\":\"https:\\\/\\\/atami.com\\\/cs\\\/produkt\\\/ata-coco-max-ab#primaryimage\",\"url\":\"https:\\\/\\\/atami.com\\\/wp-content\\\/uploads\\\/2023\\\/02\\\/ATA-Coco-Max-Main-Image.webp\",\"contentUrl\":\"https:\\\/\\\/atami.com\\\/wp-content\\\/uploads\\\/2023\\\/02\\\/ATA-Coco-Max-Main-Image.webp\",\"width\":1080,\"height\":1080,\"caption\":\"ATA Coco Max A&B poskytuje vyv\u00e1\u017een\u00fd pom\u011br NPK p\u0159izp\u016fsoben\u00fd pro p\u011bstov\u00e1n\u00ed kokosu a zaji\u0161\u0165uje stabiln\u00ed a biologickou rovnov\u00e1hu.\"},{\"@type\":\"BreadcrumbList\",\"@id\":\"https:\\\/\\\/atami.com\\\/cs\\\/produkt\\\/ata-coco-max-ab#breadcrumb\",\"itemListElement\":[{\"@type\":\"ListItem\",\"position\":1,\"name\":\"Home\",\"item\":\"https:\\\/\\\/atami.com\\\/cs\"},{\"@type\":\"ListItem\",\"position\":2,\"name\":\"Produkty\",\"item\":\"https:\\\/\\\/atami.com\\\/cs\\\/shop\"},{\"@type\":\"ListItem\",\"position\":3,\"name\":\"Zna\u010dky\",\"item\":\"https:\\\/\\\/atami.com\\\/cs\\\/kategorie-produktu\\\/znacky\"},{\"@type\":\"ListItem\",\"position\":4,\"name\":\"ATA\",\"item\":\"https:\\\/\\\/atami.com\\\/cs\\\/kategorie-produktu\\\/znacky\\\/ata\"},{\"@type\":\"ListItem\",\"position\":5,\"name\":\"ATA Coco Max A&#038;B\"}]},{\"@type\":\"WebSite\",\"@id\":\"https:\\\/\\\/atami.com\\\/cs#website\",\"url\":\"https:\\\/\\\/atami.com\\\/cs\",\"name\":\"Atami\",\"description\":\"NATURALLY INNOVATING!\",\"publisher\":{\"@id\":\"https:\\\/\\\/atami.com\\\/cs#organization\"},\"potentialAction\":[{\"@type\":\"SearchAction\",\"target\":{\"@type\":\"EntryPoint\",\"urlTemplate\":\"https:\\\/\\\/atami.com\\\/cs?s={search_term_string}\"},\"query-input\":{\"@type\":\"PropertyValueSpecification\",\"valueRequired\":true,\"valueName\":\"search_term_string\"}}],\"inLanguage\":\"cs\"},{\"@type\":\"Organization\",\"@id\":\"https:\\\/\\\/atami.com\\\/cs#organization\",\"name\":\"Atami\",\"url\":\"https:\\\/\\\/atami.com\\\/cs\",\"logo\":{\"@type\":\"ImageObject\",\"inLanguage\":\"cs\",\"@id\":\"https:\\\/\\\/atami.com\\\/cs#\\\/schema\\\/logo\\\/image\\\/\",\"url\":\"https:\\\/\\\/atami.com\\\/wp-content\\\/uploads\\\/2026\\\/01\\\/Atami-logo-696x696px.webp\",\"contentUrl\":\"https:\\\/\\\/atami.com\\\/wp-content\\\/uploads\\\/2026\\\/01\\\/Atami-logo-696x696px.webp\",\"width\":696,\"height\":696,\"caption\":\"Atami\"},\"image\":{\"@id\":\"https:\\\/\\\/atami.com\\\/cs#\\\/schema\\\/logo\\\/image\\\/\"},\"sameAs\":[\"https:\\\/\\\/www.facebook.com\\\/Atami.International\",\"https:\\\/\\\/x.com\\\/AtamiEU\",\"https:\\\/\\\/www.youtube.com\\\/c\\\/AtamiInternational\",\"https:\\\/\\\/www.instagram.com\\\/atami.international\\\/\"],\"description\":\"ATAMI is a premium plant nutrition & substrate brand founded in 1997 with the mission to make exceptional cultivation achievable for everyone. From legacy to license, we offer a wide variety of innovating award-winning products to let cultivators achieve maximum results in taste & yield.\",\"email\":\"info@mginnovations.es\",\"legalName\":\"Atami\",\"numberOfEmployees\":{\"@type\":\"QuantitativeValue\",\"minValue\":\"11\",\"maxValue\":\"50\"}}]}<\/script>\n<!-- \/ Yoast SEO Premium plugin. -->","yoast_head_json":{"title":"ATA Coco Max AB \u2013 Nejlep\u0161\u00ed v\u00fd\u017eiva pro rostliny p\u011bstovan\u00e9 v kokosu","description":"Objevte ATA Coco Max AB, ide\u00e1ln\u00ed hnojivo pro p\u011bstov\u00e1n\u00ed v kokosov\u00fdch substr\u00e1tech. Zajist\u011bte rostlin\u00e1m ide\u00e1ln\u00ed v\u00fd\u017eivu pro zdrav\u00fd r\u016fst a bohatou \u00farodu.","robots":{"index":"index","follow":"follow","max-snippet":"max-snippet:-1","max-image-preview":"max-image-preview:large","max-video-preview":"max-video-preview:-1"},"canonical":"https:\/\/atami.com\/cs\/produkt\/ata-coco-max-ab","og_locale":"cs_CZ","og_type":"article","og_title":"ATA Coco Max A&B","og_description":"Objevte ATA Coco Max AB, ide\u00e1ln\u00ed hnojivo pro p\u011bstov\u00e1n\u00ed v kokosov\u00fdch substr\u00e1tech. Zajist\u011bte rostlin\u00e1m ide\u00e1ln\u00ed v\u00fd\u017eivu pro zdrav\u00fd r\u016fst a bohatou \u00farodu.","og_url":"https:\/\/atami.com\/cs\/produkt\/ata-coco-max-ab","og_site_name":"Atami","article_publisher":"https:\/\/www.facebook.com\/Atami.International","article_modified_time":"2025-11-07T15:12:49+00:00","og_image":[{"width":1080,"height":1080,"url":"https:\/\/atami.com\/wp-content\/uploads\/2023\/02\/ATA-Coco-Max-Main-Image.webp","type":"image\/webp"}],"twitter_card":"summary_large_image","twitter_site":"@AtamiEU","twitter_misc":{"Odhadovan\u00e1 doba \u010dten\u00ed":"2 minuty"},"schema":{"@context":"https:\/\/schema.org","@graph":[{"@type":"WebPage","@id":"https:\/\/atami.com\/cs\/produkt\/ata-coco-max-ab","url":"https:\/\/atami.com\/cs\/produkt\/ata-coco-max-ab","name":"ATA Coco Max AB \u2013 Nejlep\u0161\u00ed v\u00fd\u017eiva pro rostliny p\u011bstovan\u00e9 v kokosu","isPartOf":{"@id":"https:\/\/atami.com\/cs#website"},"primaryImageOfPage":{"@id":"https:\/\/atami.com\/cs\/produkt\/ata-coco-max-ab#primaryimage"},"image":{"@id":"https:\/\/atami.com\/cs\/produkt\/ata-coco-max-ab#primaryimage"},"thumbnailUrl":"https:\/\/atami.com\/wp-content\/uploads\/2023\/02\/ATA-Coco-Max-Main-Image.webp","datePublished":"2023-02-08T13:10:11+00:00","dateModified":"2025-11-07T15:12:49+00:00","description":"Objevte ATA Coco Max AB, ide\u00e1ln\u00ed hnojivo pro p\u011bstov\u00e1n\u00ed v kokosov\u00fdch substr\u00e1tech. Zajist\u011bte rostlin\u00e1m ide\u00e1ln\u00ed v\u00fd\u017eivu pro zdrav\u00fd r\u016fst a bohatou \u00farodu.","breadcrumb":{"@id":"https:\/\/atami.com\/cs\/produkt\/ata-coco-max-ab#breadcrumb"},"inLanguage":"cs","potentialAction":[{"@type":"ReadAction","target":["https:\/\/atami.com\/cs\/produkt\/ata-coco-max-ab"]}]},{"@type":"ImageObject","inLanguage":"cs","@id":"https:\/\/atami.com\/cs\/produkt\/ata-coco-max-ab#primaryimage","url":"https:\/\/atami.com\/wp-content\/uploads\/2023\/02\/ATA-Coco-Max-Main-Image.webp","contentUrl":"https:\/\/atami.com\/wp-content\/uploads\/2023\/02\/ATA-Coco-Max-Main-Image.webp","width":1080,"height":1080,"caption":"ATA Coco Max A&B poskytuje vyv\u00e1\u017een\u00fd pom\u011br NPK p\u0159izp\u016fsoben\u00fd pro p\u011bstov\u00e1n\u00ed kokosu a zaji\u0161\u0165uje stabiln\u00ed a biologickou rovnov\u00e1hu."},{"@type":"BreadcrumbList","@id":"https:\/\/atami.com\/cs\/produkt\/ata-coco-max-ab#breadcrumb","itemListElement":[{"@type":"ListItem","position":1,"name":"Home","item":"https:\/\/atami.com\/cs"},{"@type":"ListItem","position":2,"name":"Produkty","item":"https:\/\/atami.com\/cs\/shop"},{"@type":"ListItem","position":3,"name":"Zna\u010dky","item":"https:\/\/atami.com\/cs\/kategorie-produktu\/znacky"},{"@type":"ListItem","position":4,"name":"ATA","item":"https:\/\/atami.com\/cs\/kategorie-produktu\/znacky\/ata"},{"@type":"ListItem","position":5,"name":"ATA Coco Max A&#038;B"}]},{"@type":"WebSite","@id":"https:\/\/atami.com\/cs#website","url":"https:\/\/atami.com\/cs","name":"Atami","description":"NATURALLY INNOVATING!","publisher":{"@id":"https:\/\/atami.com\/cs#organization"},"potentialAction":[{"@type":"SearchAction","target":{"@type":"EntryPoint","urlTemplate":"https:\/\/atami.com\/cs?s={search_term_string}"},"query-input":{"@type":"PropertyValueSpecification","valueRequired":true,"valueName":"search_term_string"}}],"inLanguage":"cs"},{"@type":"Organization","@id":"https:\/\/atami.com\/cs#organization","name":"Atami","url":"https:\/\/atami.com\/cs","logo":{"@type":"ImageObject","inLanguage":"cs","@id":"https:\/\/atami.com\/cs#\/schema\/logo\/image\/","url":"https:\/\/atami.com\/wp-content\/uploads\/2026\/01\/Atami-logo-696x696px.webp","contentUrl":"https:\/\/atami.com\/wp-content\/uploads\/2026\/01\/Atami-logo-696x696px.webp","width":696,"height":696,"caption":"Atami"},"image":{"@id":"https:\/\/atami.com\/cs#\/schema\/logo\/image\/"},"sameAs":["https:\/\/www.facebook.com\/Atami.International","https:\/\/x.com\/AtamiEU","https:\/\/www.youtube.com\/c\/AtamiInternational","https:\/\/www.instagram.com\/atami.international\/"],"description":"ATAMI is a premium plant nutrition & substrate brand founded in 1997 with the mission to make exceptional cultivation achievable for everyone. From legacy to license, we offer a wide variety of innovating award-winning products to let cultivators achieve maximum results in taste & yield.","email":"info@mginnovations.es","legalName":"Atami","numberOfEmployees":{"@type":"QuantitativeValue","minValue":"11","maxValue":"50"}}]}},"_links":{"self":[{"href":"https:\/\/atami.com\/cs\/wp-json\/wp\/v2\/product\/49413","targetHints":{"allow":["GET"]}}],"collection":[{"href":"https:\/\/atami.com\/cs\/wp-json\/wp\/v2\/product"}],"about":[{"href":"https:\/\/atami.com\/cs\/wp-json\/wp\/v2\/types\/product"}],"replies":[{"embeddable":true,"href":"https:\/\/atami.com\/cs\/wp-json\/wp\/v2\/comments?post=49413"}],"wp:featuredmedia":[{"embeddable":true,"href":"https:\/\/atami.com\/cs\/wp-json\/wp\/v2\/media\/23754"}],"wp:attachment":[{"href":"https:\/\/atami.com\/cs\/wp-json\/wp\/v2\/media?parent=49413"}],"wp:term":[{"taxonomy":"product_brand","embeddable":true,"href":"https:\/\/atami.com\/cs\/wp-json\/wp\/v2\/product_brand?post=49413"},{"taxonomy":"product_cat","embeddable":true,"href":"https:\/\/atami.com\/cs\/wp-json\/wp\/v2\/product_cat?post=49413"},{"taxonomy":"product_tag","embeddable":true,"href":"https:\/\/atami.com\/cs\/wp-json\/wp\/v2\/product_tag?post=49413"}],"curies":[{"name":"wp","href":"https:\/\/api.w.org\/{rel}","templated":true}]}}