{"id":49411,"date":"2023-02-08T10:14:38","date_gmt":"2023-02-08T10:14:38","guid":{"rendered":"https:\/\/atami.com\/product\/ata-awa-leaves-ab\/"},"modified":"2025-11-07T17:13:12","modified_gmt":"2025-11-07T15:13:12","slug":"ata-awa-leaves-ab","status":"publish","type":"product","link":"https:\/\/atami.com\/cs\/produkt\/ata-awa-leaves-ab","title":{"rendered":"ATA Awa Leaves A&#038;B"},"content":{"rendered":"<p><strong>ATA Awa Leaves A&amp;B je univerz\u00e1ln\u00ed z\u00e1kladn\u00ed v\u00fd\u017eiva poskytuj\u00edc\u00ed rostlin\u00e1m hlavn\u00ed \u017eiviny NPK (dus\u00edk, fosfor, drasl\u00edk) pot\u0159ebn\u00e9 b\u011bhem jejich r\u016fstov\u00e9ho cyklu. Tento univerz\u00e1ln\u00ed z\u00e1kladn\u00ed \u017eivn\u00fd roztok lze podle p\u0159\u00e1n\u00ed doplnit n\u011bkolika mikro\u017eivinami.<\/strong><\/p>\n<p>\nZ\u00e1kladn\u00ed v\u00fd\u017eiva ATA Awa Leaves se pou\u017e\u00edv\u00e1 b\u011bhem r\u016fstov\u00e9ho cyklu rostliny a byla vyvinuta pro p\u011bstov\u00e1n\u00ed v hydroponick\u00fdch syst\u00e9mech. M\u00e1 vlastnosti reguluj\u00edc\u00ed pH, co\u017e znamen\u00e1, \u017ee hodnoty pH t\u00e9m\u011b\u0159 nevy\u017eaduj\u00ed \u00fapravu a rostlina tak roste rychleji a efektivn\u011bji. Komplexn\u00ed slo\u017een\u00ed p\u0159\u00edpravk\u016f ATA Awa Leaves A&amp;B zaru\u010duje optim\u00e1ln\u00ed \u017eivn\u00fd roztok na cel\u00e9ho obdob\u00ed p\u011bstov\u00e1n\u00ed.<\/p>\n<p>\n<strong>ZEJM\u00c9NA VHODN\u00dd PRO:<\/strong><br \/>\nATA Awa Leaves A&amp;B je univerz\u00e1ln\u00ed v\u00fd\u017eiva vhodn\u00e1 pro r\u016fzn\u00e9 druhy ovoce, zeleniny a bylin, jako je sal\u00e1t, rajsk\u00e1 jabl\u00ed\u010dka a \u0161alv\u011bj, a okrasn\u00e9 rostliny. P\u0159\u00edpravek lze pou\u017e\u00edvat i na interi\u00e9rov\u00e9 a pokojov\u00e9 rostliny (nap\u0159. f\u00edkus, drac\u00e9nu apod.) Pro pot\u0159eby jednotliv\u00fdch rostlin nebo plodin je mo\u017en\u00e9 nam\u011b\u0159it po\u017eadovanou d\u00e1vku.<\/p>\n<p>\n<strong>POU\u017dIT\u00cd<\/strong><br \/>\nATA Awa Leaves A a B jsou ve dvou r\u016fzn\u00fdch lahv\u00edch. Tyto dv\u011b z\u00e1kladn\u00ed v\u00fd\u017eivy lze kombinovat pouze ve z\u0159ed\u011bn\u00e9m roztoku. Op\u011btovn\u00fdm pou\u017eit\u00edm vody s \u017eivinami m\u016f\u017ee rostlina vyu\u017e\u00edt stejnou v\u00fd\u017eivu n\u011bkolikr\u00e1t.<\/p>\n<p>\n<strong>D\u00c1VKOV\u00c1N\u00cd<\/strong><br \/>\n1\u20134 ml A a 1\u20134 ml B na litr vody<\/p>\n<p>\n<strong>ATA LEAVES A: NK 5\u20133 W\/W<\/strong><br \/>\n<strong>ATA LEAVES B: PK 3\u20133 W\/W<\/strong><\/p>\n<p>\n<strong>DOSTUPN\u00dd OBJEM 250 ML, 1 L, 5 L, 10 L.<\/strong><\/p>\n","protected":false},"excerpt":{"rendered":"<p>R\u016fstov\u00e1 f\u00e1ze<\/p>\n<p>Hydroponie<\/p>\n","protected":false},"featured_media":23724,"comment_status":"closed","ping_status":"closed","template":"","meta":{"_acf_changed":false,"iawp_total_views":29},"product_brand":[],"product_cat":[381,382],"product_tag":[],"class_list":{"0":"post-49411","1":"product","2":"type-product","3":"status-publish","4":"has-post-thumbnail","6":"product_cat-ata","7":"product_cat-zakladni-vyziva","9":"first","10":"instock","11":"shipping-taxable","12":"product-type-simple"},"acf":{"short_description":"<p><strong>ATA Awa Leaves A&amp;B je univerz\u00e1ln\u00ed z\u00e1kladn\u00ed v\u00fd\u017eiva poskytuj\u00edc\u00ed rostlin\u00e1m hlavn\u00ed \u017eiviny NPK (dus\u00edk, fosfor, drasl\u00edk) pot\u0159ebn\u00e9 b\u011bhem jejich r\u016fstov\u00e9ho cyklu. Tento univerz\u00e1ln\u00ed z\u00e1kladn\u00ed \u017eivn\u00fd roztok lze podle p\u0159\u00e1n\u00ed doplnit n\u011bkolika mikro\u017eivinami.<\/strong><\/p><p><br \/>Z\u00e1kladn\u00ed v\u00fd\u017eiva ATA Awa Leaves se pou\u017e\u00edv\u00e1 b\u011bhem r\u016fstov\u00e9ho cyklu rostliny a byla vyvinuta pro p\u011bstov\u00e1n\u00ed v hydroponick\u00fdch syst\u00e9mech. M\u00e1 vlastnosti reguluj\u00edc\u00ed pH, co\u017e znamen\u00e1, \u017ee hodnoty pH t\u00e9m\u011b\u0159 nevy\u017eaduj\u00ed \u00fapravu a rostlina tak roste rychleji a efektivn\u011bji. Komplexn\u00ed slo\u017een\u00ed p\u0159\u00edpravk\u016f ATA Awa Leaves A&amp;B zaru\u010duje optim\u00e1ln\u00ed \u017eivn\u00fd roztok na cel\u00e9ho obdob\u00ed p\u011bstov\u00e1n\u00ed.<\/p>","suitable_for":"<p>ATA Awa Leaves A&amp;B je univerz\u00e1ln\u00ed v\u00fd\u017eiva vhodn\u00e1 pro r\u016fzn\u00e9 druhy ovoce, zeleniny a bylin, jako je sal\u00e1t, rajsk\u00e1 jabl\u00ed\u010dka a \u0161alv\u011bj, a okrasn\u00e9 rostliny. P\u0159\u00edpravek lze pou\u017e\u00edvat i na interi\u00e9rov\u00e9 a pokojov\u00e9 rostliny (nap\u0159. f\u00edkus, drac\u00e9nu apod.) Pro pot\u0159eby jednotliv\u00fdch rostlin nebo plodin je mo\u017en\u00e9 nam\u011b\u0159it po\u017eadovanou d\u00e1vku.<\/p>","application":"<p>ATA Awa Leaves A a B jsou ve dvou r\u016fzn\u00fdch lahv\u00edch. Tyto dv\u011b z\u00e1kladn\u00ed v\u00fd\u017eivy lze kombinovat pouze ve z\u0159ed\u011bn\u00e9m roztoku. Op\u011btovn\u00fdm pou\u017eit\u00edm vody s \u017eivinami m\u016f\u017ee rostlina vyu\u017e\u00edt stejnou v\u00fd\u017eivu n\u011bkolikr\u00e1t.<\/p>","dosage":"<p>1\u20134 ml A a 1\u20134 ml B na litr vody.<\/p>","npk_ratio":"<p>ATA LEAVES A: NK 5\u20133 W\/W<br \/>ATA LEAVES B: PK 3\u20133 W\/W<\/p>","available_in":"<p>250 ML, 1 L, 5 L, 10 L<\/p>","icon_1":5717,"icon_1_text":"STIMULUJE TVORBU CHLOROFYLU","icon_2":5721,"icon_2_text":"ZARU\u010cUJE OPTIM\u00c1LN\u00cd R\u016eST","icon_3":5725,"icon_3_text":"HOD\u00cd SE PRO V\u0160ECHNY SYST\u00c9MY ZAVLA\u017dOV\u00c1N\u00cd","icon_4":"","icon_4_text":"","video":"https:\/\/youtu.be\/n234BRAn2xI","second_image":5713,"product_image_page":5869,"user_manual":"","new_icon_1":"","new_icon_2":"","new_icon_3":"","new_icon_4":"","grow_guides":"","category":"Z\u00e1kladn\u00ed \u017eivina"},"yoast_head":"<!-- This site is optimized with the Yoast SEO Premium plugin v27.4 (Yoast SEO v27.4) - https:\/\/yoast.com\/product\/yoast-seo-premium-wordpress\/ -->\n<title>ATA Awa Leaves A&amp;B: Ide\u00e1ln\u00ed hnojivo pro r\u016fst rostlin v hydroponii<\/title>\n<meta name=\"description\" content=\"ATA Awa Leaves A&amp;B je univerz\u00e1ln\u00ed z\u00e1kladn\u00ed hnojivo poskytuj\u00edc\u00ed rostlin\u00e1m hlavn\u00ed \u017eiviny NPK pot\u0159ebn\u00e9 b\u011bhem r\u016fstov\u00e9ho cyklu. Vyvinuto pro hydroponick\u00e9 syst\u00e9my, reguluje pH a zaji\u0161\u0165uje rychl\u00fd a efektivn\u00ed r\u016fst.\" \/>\n<meta name=\"robots\" content=\"index, follow, max-snippet:-1, max-image-preview:large, max-video-preview:-1\" \/>\n<link rel=\"canonical\" href=\"https:\/\/atami.com\/cs\/produkt\/ata-awa-leaves-ab\" \/>\n<meta property=\"og:locale\" content=\"cs_CZ\" \/>\n<meta property=\"og:type\" content=\"article\" \/>\n<meta property=\"og:title\" content=\"ATA Awa Leaves A&amp;B\" \/>\n<meta property=\"og:description\" content=\"ATA Awa Leaves A&amp;B je univerz\u00e1ln\u00ed z\u00e1kladn\u00ed hnojivo poskytuj\u00edc\u00ed rostlin\u00e1m hlavn\u00ed \u017eiviny NPK pot\u0159ebn\u00e9 b\u011bhem r\u016fstov\u00e9ho cyklu. Vyvinuto pro hydroponick\u00e9 syst\u00e9my, reguluje pH a zaji\u0161\u0165uje rychl\u00fd a efektivn\u00ed r\u016fst.\" \/>\n<meta property=\"og:url\" content=\"https:\/\/atami.com\/cs\/produkt\/ata-awa-leaves-ab\" \/>\n<meta property=\"og:site_name\" content=\"Atami\" \/>\n<meta property=\"article:publisher\" content=\"https:\/\/www.facebook.com\/Atami.International\" \/>\n<meta property=\"article:modified_time\" content=\"2025-11-07T15:13:12+00:00\" \/>\n<meta property=\"og:image\" content=\"https:\/\/atami.com\/wp-content\/uploads\/2023\/02\/ATA-Awa-Leaves-Main-Image.webp\" \/>\n\t<meta property=\"og:image:width\" content=\"1080\" \/>\n\t<meta property=\"og:image:height\" content=\"1080\" \/>\n\t<meta property=\"og:image:type\" content=\"image\/webp\" \/>\n<meta name=\"twitter:card\" content=\"summary_large_image\" \/>\n<meta name=\"twitter:site\" content=\"@AtamiEU\" \/>\n<meta name=\"twitter:label1\" content=\"Odhadovan\u00e1 doba \u010dten\u00ed\" \/>\n\t<meta name=\"twitter:data1\" content=\"2 minuty\" \/>\n<script type=\"application\/ld+json\" class=\"yoast-schema-graph\">{\"@context\":\"https:\\\/\\\/schema.org\",\"@graph\":[{\"@type\":\"WebPage\",\"@id\":\"https:\\\/\\\/atami.com\\\/cs\\\/produkt\\\/ata-awa-leaves-ab\",\"url\":\"https:\\\/\\\/atami.com\\\/cs\\\/produkt\\\/ata-awa-leaves-ab\",\"name\":\"ATA Awa Leaves A&B: Ide\u00e1ln\u00ed hnojivo pro r\u016fst rostlin v hydroponii\",\"isPartOf\":{\"@id\":\"https:\\\/\\\/atami.com\\\/cs#website\"},\"primaryImageOfPage\":{\"@id\":\"https:\\\/\\\/atami.com\\\/cs\\\/produkt\\\/ata-awa-leaves-ab#primaryimage\"},\"image\":{\"@id\":\"https:\\\/\\\/atami.com\\\/cs\\\/produkt\\\/ata-awa-leaves-ab#primaryimage\"},\"thumbnailUrl\":\"https:\\\/\\\/atami.com\\\/wp-content\\\/uploads\\\/2023\\\/02\\\/ATA-Awa-Leaves-Main-Image.webp\",\"datePublished\":\"2023-02-08T10:14:38+00:00\",\"dateModified\":\"2025-11-07T15:13:12+00:00\",\"description\":\"ATA Awa Leaves A&B je univerz\u00e1ln\u00ed z\u00e1kladn\u00ed hnojivo poskytuj\u00edc\u00ed rostlin\u00e1m hlavn\u00ed \u017eiviny NPK pot\u0159ebn\u00e9 b\u011bhem r\u016fstov\u00e9ho cyklu. Vyvinuto pro hydroponick\u00e9 syst\u00e9my, reguluje pH a zaji\u0161\u0165uje rychl\u00fd a efektivn\u00ed r\u016fst.\",\"breadcrumb\":{\"@id\":\"https:\\\/\\\/atami.com\\\/cs\\\/produkt\\\/ata-awa-leaves-ab#breadcrumb\"},\"inLanguage\":\"cs\",\"potentialAction\":[{\"@type\":\"ReadAction\",\"target\":[\"https:\\\/\\\/atami.com\\\/cs\\\/produkt\\\/ata-awa-leaves-ab\"]}]},{\"@type\":\"ImageObject\",\"inLanguage\":\"cs\",\"@id\":\"https:\\\/\\\/atami.com\\\/cs\\\/produkt\\\/ata-awa-leaves-ab#primaryimage\",\"url\":\"https:\\\/\\\/atami.com\\\/wp-content\\\/uploads\\\/2023\\\/02\\\/ATA-Awa-Leaves-Main-Image.webp\",\"contentUrl\":\"https:\\\/\\\/atami.com\\\/wp-content\\\/uploads\\\/2023\\\/02\\\/ATA-Awa-Leaves-Main-Image.webp\",\"width\":1080,\"height\":1080,\"caption\":\"ATA Awa Leaves A&B poskytuje z\u00e1kladn\u00ed \u017eiviny NPK s vlastnostmi reguluj\u00edc\u00edmi pH a podporuje optim\u00e1ln\u00ed r\u016fst rostlin v hydroponick\u00fdch syst\u00e9mech.\"},{\"@type\":\"BreadcrumbList\",\"@id\":\"https:\\\/\\\/atami.com\\\/cs\\\/produkt\\\/ata-awa-leaves-ab#breadcrumb\",\"itemListElement\":[{\"@type\":\"ListItem\",\"position\":1,\"name\":\"Home\",\"item\":\"https:\\\/\\\/atami.com\\\/cs\"},{\"@type\":\"ListItem\",\"position\":2,\"name\":\"Produkty\",\"item\":\"https:\\\/\\\/atami.com\\\/cs\\\/shop\"},{\"@type\":\"ListItem\",\"position\":3,\"name\":\"Zna\u010dky\",\"item\":\"https:\\\/\\\/atami.com\\\/cs\\\/kategorie-produktu\\\/znacky\"},{\"@type\":\"ListItem\",\"position\":4,\"name\":\"ATA\",\"item\":\"https:\\\/\\\/atami.com\\\/cs\\\/kategorie-produktu\\\/znacky\\\/ata\"},{\"@type\":\"ListItem\",\"position\":5,\"name\":\"ATA Awa Leaves A&#038;B\"}]},{\"@type\":\"WebSite\",\"@id\":\"https:\\\/\\\/atami.com\\\/cs#website\",\"url\":\"https:\\\/\\\/atami.com\\\/cs\",\"name\":\"Atami\",\"description\":\"NATURALLY INNOVATING!\",\"publisher\":{\"@id\":\"https:\\\/\\\/atami.com\\\/cs#organization\"},\"potentialAction\":[{\"@type\":\"SearchAction\",\"target\":{\"@type\":\"EntryPoint\",\"urlTemplate\":\"https:\\\/\\\/atami.com\\\/cs?s={search_term_string}\"},\"query-input\":{\"@type\":\"PropertyValueSpecification\",\"valueRequired\":true,\"valueName\":\"search_term_string\"}}],\"inLanguage\":\"cs\"},{\"@type\":\"Organization\",\"@id\":\"https:\\\/\\\/atami.com\\\/cs#organization\",\"name\":\"Atami\",\"url\":\"https:\\\/\\\/atami.com\\\/cs\",\"logo\":{\"@type\":\"ImageObject\",\"inLanguage\":\"cs\",\"@id\":\"https:\\\/\\\/atami.com\\\/cs#\\\/schema\\\/logo\\\/image\\\/\",\"url\":\"https:\\\/\\\/atami.com\\\/wp-content\\\/uploads\\\/2026\\\/01\\\/Atami-logo-696x696px.webp\",\"contentUrl\":\"https:\\\/\\\/atami.com\\\/wp-content\\\/uploads\\\/2026\\\/01\\\/Atami-logo-696x696px.webp\",\"width\":696,\"height\":696,\"caption\":\"Atami\"},\"image\":{\"@id\":\"https:\\\/\\\/atami.com\\\/cs#\\\/schema\\\/logo\\\/image\\\/\"},\"sameAs\":[\"https:\\\/\\\/www.facebook.com\\\/Atami.International\",\"https:\\\/\\\/x.com\\\/AtamiEU\",\"https:\\\/\\\/www.youtube.com\\\/c\\\/AtamiInternational\",\"https:\\\/\\\/www.instagram.com\\\/atami.international\\\/\"],\"description\":\"ATAMI is a premium plant nutrition & substrate brand founded in 1997 with the mission to make exceptional cultivation achievable for everyone. From legacy to license, we offer a wide variety of innovating award-winning products to let cultivators achieve maximum results in taste & yield.\",\"email\":\"info@mginnovations.es\",\"legalName\":\"Atami\",\"numberOfEmployees\":{\"@type\":\"QuantitativeValue\",\"minValue\":\"11\",\"maxValue\":\"50\"}}]}<\/script>\n<!-- \/ Yoast SEO Premium plugin. -->","yoast_head_json":{"title":"ATA Awa Leaves A&B: Ide\u00e1ln\u00ed hnojivo pro r\u016fst rostlin v hydroponii","description":"ATA Awa Leaves A&B je univerz\u00e1ln\u00ed z\u00e1kladn\u00ed hnojivo poskytuj\u00edc\u00ed rostlin\u00e1m hlavn\u00ed \u017eiviny NPK pot\u0159ebn\u00e9 b\u011bhem r\u016fstov\u00e9ho cyklu. Vyvinuto pro hydroponick\u00e9 syst\u00e9my, reguluje pH a zaji\u0161\u0165uje rychl\u00fd a efektivn\u00ed r\u016fst.","robots":{"index":"index","follow":"follow","max-snippet":"max-snippet:-1","max-image-preview":"max-image-preview:large","max-video-preview":"max-video-preview:-1"},"canonical":"https:\/\/atami.com\/cs\/produkt\/ata-awa-leaves-ab","og_locale":"cs_CZ","og_type":"article","og_title":"ATA Awa Leaves A&B","og_description":"ATA Awa Leaves A&B je univerz\u00e1ln\u00ed z\u00e1kladn\u00ed hnojivo poskytuj\u00edc\u00ed rostlin\u00e1m hlavn\u00ed \u017eiviny NPK pot\u0159ebn\u00e9 b\u011bhem r\u016fstov\u00e9ho cyklu. Vyvinuto pro hydroponick\u00e9 syst\u00e9my, reguluje pH a zaji\u0161\u0165uje rychl\u00fd a efektivn\u00ed r\u016fst.","og_url":"https:\/\/atami.com\/cs\/produkt\/ata-awa-leaves-ab","og_site_name":"Atami","article_publisher":"https:\/\/www.facebook.com\/Atami.International","article_modified_time":"2025-11-07T15:13:12+00:00","og_image":[{"width":1080,"height":1080,"url":"https:\/\/atami.com\/wp-content\/uploads\/2023\/02\/ATA-Awa-Leaves-Main-Image.webp","type":"image\/webp"}],"twitter_card":"summary_large_image","twitter_site":"@AtamiEU","twitter_misc":{"Odhadovan\u00e1 doba \u010dten\u00ed":"2 minuty"},"schema":{"@context":"https:\/\/schema.org","@graph":[{"@type":"WebPage","@id":"https:\/\/atami.com\/cs\/produkt\/ata-awa-leaves-ab","url":"https:\/\/atami.com\/cs\/produkt\/ata-awa-leaves-ab","name":"ATA Awa Leaves A&B: Ide\u00e1ln\u00ed hnojivo pro r\u016fst rostlin v hydroponii","isPartOf":{"@id":"https:\/\/atami.com\/cs#website"},"primaryImageOfPage":{"@id":"https:\/\/atami.com\/cs\/produkt\/ata-awa-leaves-ab#primaryimage"},"image":{"@id":"https:\/\/atami.com\/cs\/produkt\/ata-awa-leaves-ab#primaryimage"},"thumbnailUrl":"https:\/\/atami.com\/wp-content\/uploads\/2023\/02\/ATA-Awa-Leaves-Main-Image.webp","datePublished":"2023-02-08T10:14:38+00:00","dateModified":"2025-11-07T15:13:12+00:00","description":"ATA Awa Leaves A&B je univerz\u00e1ln\u00ed z\u00e1kladn\u00ed hnojivo poskytuj\u00edc\u00ed rostlin\u00e1m hlavn\u00ed \u017eiviny NPK pot\u0159ebn\u00e9 b\u011bhem r\u016fstov\u00e9ho cyklu. Vyvinuto pro hydroponick\u00e9 syst\u00e9my, reguluje pH a zaji\u0161\u0165uje rychl\u00fd a efektivn\u00ed r\u016fst.","breadcrumb":{"@id":"https:\/\/atami.com\/cs\/produkt\/ata-awa-leaves-ab#breadcrumb"},"inLanguage":"cs","potentialAction":[{"@type":"ReadAction","target":["https:\/\/atami.com\/cs\/produkt\/ata-awa-leaves-ab"]}]},{"@type":"ImageObject","inLanguage":"cs","@id":"https:\/\/atami.com\/cs\/produkt\/ata-awa-leaves-ab#primaryimage","url":"https:\/\/atami.com\/wp-content\/uploads\/2023\/02\/ATA-Awa-Leaves-Main-Image.webp","contentUrl":"https:\/\/atami.com\/wp-content\/uploads\/2023\/02\/ATA-Awa-Leaves-Main-Image.webp","width":1080,"height":1080,"caption":"ATA Awa Leaves A&B poskytuje z\u00e1kladn\u00ed \u017eiviny NPK s vlastnostmi reguluj\u00edc\u00edmi pH a podporuje optim\u00e1ln\u00ed r\u016fst rostlin v hydroponick\u00fdch syst\u00e9mech."},{"@type":"BreadcrumbList","@id":"https:\/\/atami.com\/cs\/produkt\/ata-awa-leaves-ab#breadcrumb","itemListElement":[{"@type":"ListItem","position":1,"name":"Home","item":"https:\/\/atami.com\/cs"},{"@type":"ListItem","position":2,"name":"Produkty","item":"https:\/\/atami.com\/cs\/shop"},{"@type":"ListItem","position":3,"name":"Zna\u010dky","item":"https:\/\/atami.com\/cs\/kategorie-produktu\/znacky"},{"@type":"ListItem","position":4,"name":"ATA","item":"https:\/\/atami.com\/cs\/kategorie-produktu\/znacky\/ata"},{"@type":"ListItem","position":5,"name":"ATA Awa Leaves A&#038;B"}]},{"@type":"WebSite","@id":"https:\/\/atami.com\/cs#website","url":"https:\/\/atami.com\/cs","name":"Atami","description":"NATURALLY INNOVATING!","publisher":{"@id":"https:\/\/atami.com\/cs#organization"},"potentialAction":[{"@type":"SearchAction","target":{"@type":"EntryPoint","urlTemplate":"https:\/\/atami.com\/cs?s={search_term_string}"},"query-input":{"@type":"PropertyValueSpecification","valueRequired":true,"valueName":"search_term_string"}}],"inLanguage":"cs"},{"@type":"Organization","@id":"https:\/\/atami.com\/cs#organization","name":"Atami","url":"https:\/\/atami.com\/cs","logo":{"@type":"ImageObject","inLanguage":"cs","@id":"https:\/\/atami.com\/cs#\/schema\/logo\/image\/","url":"https:\/\/atami.com\/wp-content\/uploads\/2026\/01\/Atami-logo-696x696px.webp","contentUrl":"https:\/\/atami.com\/wp-content\/uploads\/2026\/01\/Atami-logo-696x696px.webp","width":696,"height":696,"caption":"Atami"},"image":{"@id":"https:\/\/atami.com\/cs#\/schema\/logo\/image\/"},"sameAs":["https:\/\/www.facebook.com\/Atami.International","https:\/\/x.com\/AtamiEU","https:\/\/www.youtube.com\/c\/AtamiInternational","https:\/\/www.instagram.com\/atami.international\/"],"description":"ATAMI is a premium plant nutrition & substrate brand founded in 1997 with the mission to make exceptional cultivation achievable for everyone. From legacy to license, we offer a wide variety of innovating award-winning products to let cultivators achieve maximum results in taste & yield.","email":"info@mginnovations.es","legalName":"Atami","numberOfEmployees":{"@type":"QuantitativeValue","minValue":"11","maxValue":"50"}}]}},"_links":{"self":[{"href":"https:\/\/atami.com\/cs\/wp-json\/wp\/v2\/product\/49411","targetHints":{"allow":["GET"]}}],"collection":[{"href":"https:\/\/atami.com\/cs\/wp-json\/wp\/v2\/product"}],"about":[{"href":"https:\/\/atami.com\/cs\/wp-json\/wp\/v2\/types\/product"}],"replies":[{"embeddable":true,"href":"https:\/\/atami.com\/cs\/wp-json\/wp\/v2\/comments?post=49411"}],"wp:featuredmedia":[{"embeddable":true,"href":"https:\/\/atami.com\/cs\/wp-json\/wp\/v2\/media\/23724"}],"wp:attachment":[{"href":"https:\/\/atami.com\/cs\/wp-json\/wp\/v2\/media?parent=49411"}],"wp:term":[{"taxonomy":"product_brand","embeddable":true,"href":"https:\/\/atami.com\/cs\/wp-json\/wp\/v2\/product_brand?post=49411"},{"taxonomy":"product_cat","embeddable":true,"href":"https:\/\/atami.com\/cs\/wp-json\/wp\/v2\/product_cat?post=49411"},{"taxonomy":"product_tag","embeddable":true,"href":"https:\/\/atami.com\/cs\/wp-json\/wp\/v2\/product_tag?post=49411"}],"curies":[{"name":"wp","href":"https:\/\/api.w.org\/{rel}","templated":true}]}}