{"id":49410,"date":"2023-02-08T08:00:20","date_gmt":"2023-02-08T08:00:20","guid":{"rendered":"https:\/\/atami.com\/product\/ata-terra-max\/"},"modified":"2025-11-07T17:12:29","modified_gmt":"2025-11-07T15:12:29","slug":"ata-terra-max","status":"publish","type":"product","link":"https:\/\/atami.com\/cs\/produkt\/ata-terra-max","title":{"rendered":"ATA Terra Max"},"content":{"rendered":"<p><strong>ATA Terra Max je univerz\u00e1ln\u00ed z\u00e1kladn\u00ed \u017eivn\u00fd roztok pou\u017e\u00edvan\u00fd b\u011bhem cyklu kveten\u00ed rostliny, se speci\u00e1ln\u00edm slo\u017een\u00edm pro p\u011bstov\u00e1n\u00ed v p\u016fd\u011b. Proto\u017ee je tento substr\u00e1t s\u00e1m o sob\u011b bohat\u00fd na v\u00e1pn\u00edk a dal\u0161\u00ed \u017eiviny, do p\u0159\u00edpravku ATA Terra Max se nep\u0159id\u00e1v\u00e1 t\u00e9m\u011b\u0159 \u017e\u00e1dn\u00fd v\u00e1pn\u00edk a hodnoty NPK jsou stanoveny relativn\u011b n\u00edzko k zabr\u00e1n\u011bn\u00ed p\u0159ehnojen\u00ed.<\/strong><\/p>\n<p>\nATA Terra Max je kompletn\u00ed v\u00fd\u017eiva pro kveten\u00ed, kter\u00e1 p\u016fsob\u00ed pozitivn\u011b na tvorbu kv\u011bt\u016f. V\u00fdsledkem jsou kr\u00e1sn\u011b kompaktn\u00ed kv\u011bty v\u00fdrazn\u011b v\u011bt\u0161\u00ed velikosti.<\/p>\n<p>\n<strong>ZEJM\u00c9NA VHODN\u00dd PRO:<\/strong><br \/>\nATA Terra Max je univerz\u00e1ln\u00ed v\u00fd\u017eiva vhodn\u00e1 pro r\u016fzn\u00e9 druhy ovoce, zeleniny a bylin, jako je kv\u011bt\u00e1k, brokolice a lilek, a okrasn\u00e9 rostliny. Lze ho tak\u00e9 pou\u017e\u00edvat na kvetouc\u00ed okrasn\u00e9 rostliny (nap\u0159. r\u016f\u017ee nebo v\u0159esy). Po\u017eadovanou d\u00e1vku je mo\u017en\u00e9 nam\u011b\u0159it podle pot\u0159eb konkr\u00e9tn\u00ed rostliny nebo plodiny.<\/p>\n<p>\n<strong>POU\u017dIT\u00cd<\/strong><br \/>\nB\u011bhem f\u00e1ze kveten\u00ed lze pou\u017e\u00edvat denn\u011b. ATA Terra Max je p\u0159\u00edmo rozpustn\u00fd ve vod\u011b. Rostliny ho snadno vst\u0159eb\u00e1vaj\u00ed a v\u00fdsledky na sebe nenechaj\u00ed dlouho \u010dekat.<\/p>\n<p>\n<strong>D\u00c1VKOV\u00c1N\u00cd<\/strong><br \/>\n1\u20135 ml na litr vody Hod\u00ed se pro v\u0161echny syst\u00e9my zavla\u017eov\u00e1n\u00ed.<\/p>\n<p>\n<strong>NPK 2-2-4 W\/W<\/strong><\/p>\n<p>\n<strong>DOSTUPN\u00dd OBJEM 250 ML, 1 L, 5 L A 10 L<\/strong><\/p>\n","protected":false},"excerpt":{"rendered":"<p>F\u00e1ze kv\u011btu<\/p>\n<p>P\u016fda<\/p>\n","protected":false},"featured_media":23703,"comment_status":"closed","ping_status":"closed","template":"","meta":{"_acf_changed":false,"iawp_total_views":27},"product_brand":[],"product_cat":[381,382],"product_tag":[],"class_list":{"0":"post-49410","1":"product","2":"type-product","3":"status-publish","4":"has-post-thumbnail","6":"product_cat-ata","7":"product_cat-zakladni-vyziva","9":"first","10":"instock","11":"shipping-taxable","12":"product-type-simple"},"acf":{"short_description":"<p><strong>ATA Terra Max je univerz\u00e1ln\u00ed z\u00e1kladn\u00ed \u017eivn\u00fd roztok pou\u017e\u00edvan\u00fd b\u011bhem cyklu kveten\u00ed rostliny, se speci\u00e1ln\u00edm slo\u017een\u00edm pro p\u011bstov\u00e1n\u00ed v p\u016fd\u011b. Proto\u017ee je tento substr\u00e1t s\u00e1m o sob\u011b bohat\u00fd na v\u00e1pn\u00edk a dal\u0161\u00ed \u017eiviny, do p\u0159\u00edpravku ATA Terra Max se nep\u0159id\u00e1v\u00e1 t\u00e9m\u011b\u0159 \u017e\u00e1dn\u00fd v\u00e1pn\u00edk a hodnoty NPK jsou stanoveny relativn\u011b n\u00edzko k zabr\u00e1n\u011bn\u00ed p\u0159ehnojen\u00ed.<\/strong><\/p><p><br \/>ATA Terra Max je kompletn\u00ed v\u00fd\u017eiva pro kveten\u00ed, kter\u00e1 p\u016fsob\u00ed pozitivn\u011b na tvorbu kv\u011bt\u016f. V\u00fdsledkem jsou kr\u00e1sn\u011b kompaktn\u00ed kv\u011bty v\u00fdrazn\u011b v\u011bt\u0161\u00ed velikosti.<\/p>","suitable_for":"<p>ATA Terra Max je univerz\u00e1ln\u00ed v\u00fd\u017eiva vhodn\u00e1 pro r\u016fzn\u00e9 druhy ovoce, zeleniny a bylin, jako je kv\u011bt\u00e1k, brokolice a lilek, a okrasn\u00e9 rostliny. Lze ho tak\u00e9 pou\u017e\u00edvat na kvetouc\u00ed okrasn\u00e9 rostliny (nap\u0159. r\u016f\u017ee nebo v\u0159esy). Po\u017eadovanou d\u00e1vku je mo\u017en\u00e9 nam\u011b\u0159it podle pot\u0159eb konkr\u00e9tn\u00ed rostliny nebo plodiny.<\/p>","application":"<p>B\u011bhem f\u00e1ze kveten\u00ed lze pou\u017e\u00edvat denn\u011b. ATA Terra Max je p\u0159\u00edmo rozpustn\u00fd ve vod\u011b. Rostliny ho snadno vst\u0159eb\u00e1vaj\u00ed a v\u00fdsledky na sebe nenechaj\u00ed dlouho \u010dekat.<\/p>","dosage":"<p>1\u20135 ml na litr vody Hod\u00ed se pro v\u0161echny syst\u00e9my zavla\u017eov\u00e1n\u00ed.<\/p>","npk_ratio":"<p>NPK 2-2-4 W\/W<\/p>","available_in":"<p>250 ML, 1 L, 5 L A 10 L<\/p>","icon_1":5701,"icon_1_text":"STIMULUJE TVORBU CHLOROFYLU","icon_2":5705,"icon_2_text":"RELATIVN\u011a N\u00cdZK\u00c9 HODNOTY NPK","icon_3":5709,"icon_3_text":"ZARU\u010cUJE OPTIM\u00c1LN\u00cd R\u016eST","icon_4":"","icon_4_text":"","video":"","second_image":5697,"product_image_page":5865,"user_manual":"","new_icon_1":"","new_icon_2":"","new_icon_3":"","new_icon_4":"","grow_guides":"","category":"Z\u00e1kladn\u00ed \u017eivina"},"yoast_head":"<!-- This site is optimized with the Yoast SEO Premium plugin v27.5 (Yoast SEO v27.5) - https:\/\/yoast.com\/product\/yoast-seo-premium-wordpress\/ -->\n<title>ATA Terra Max: Ide\u00e1ln\u00ed hnojivo pro bohat\u00fd kv\u011bt a zdrav\u00fd r\u016fst rostlin<\/title>\n<meta name=\"description\" content=\"Objevte ATA Terra Max, univerz\u00e1ln\u00ed z\u00e1kladn\u00ed hnojivo navr\u017een\u00e9 pro kv\u011btovou f\u00e1zi rostlin. Podporuje zdrav\u00fd r\u016fst postrann\u00edch v\u011btv\u00ed a v\u00fdhonk\u016f, zaji\u0161\u0165uje rychl\u00fd a viditeln\u00fd efekt. Vhodn\u00e9 pro lehk\u00e9 p\u016fdy bohat\u00e9 na v\u00e1pn\u00edk.\" \/>\n<meta name=\"robots\" content=\"index, follow, max-snippet:-1, max-image-preview:large, max-video-preview:-1\" \/>\n<link rel=\"canonical\" href=\"https:\/\/atami.com\/cs\/produkt\/ata-terra-max\" \/>\n<meta property=\"og:locale\" content=\"cs_CZ\" \/>\n<meta property=\"og:type\" content=\"article\" \/>\n<meta property=\"og:title\" content=\"ATA Terra Max\" \/>\n<meta property=\"og:description\" content=\"Objevte ATA Terra Max, univerz\u00e1ln\u00ed z\u00e1kladn\u00ed hnojivo navr\u017een\u00e9 pro kv\u011btovou f\u00e1zi rostlin. Podporuje zdrav\u00fd r\u016fst postrann\u00edch v\u011btv\u00ed a v\u00fdhonk\u016f, zaji\u0161\u0165uje rychl\u00fd a viditeln\u00fd efekt. Vhodn\u00e9 pro lehk\u00e9 p\u016fdy bohat\u00e9 na v\u00e1pn\u00edk.\" \/>\n<meta property=\"og:url\" content=\"https:\/\/atami.com\/cs\/produkt\/ata-terra-max\" \/>\n<meta property=\"og:site_name\" content=\"Atami\" \/>\n<meta property=\"article:publisher\" content=\"https:\/\/www.facebook.com\/Atami.International\" \/>\n<meta property=\"article:modified_time\" content=\"2025-11-07T15:12:29+00:00\" \/>\n<meta property=\"og:image\" content=\"https:\/\/atami.com\/wp-content\/uploads\/2023\/02\/ATA-Terra-Max-Main-Image.webp\" \/>\n\t<meta property=\"og:image:width\" content=\"1080\" \/>\n\t<meta property=\"og:image:height\" content=\"1080\" \/>\n\t<meta property=\"og:image:type\" content=\"image\/webp\" \/>\n<meta name=\"twitter:card\" content=\"summary_large_image\" \/>\n<meta name=\"twitter:site\" content=\"@AtamiEU\" \/>\n<meta name=\"twitter:label1\" content=\"Odhadovan\u00e1 doba \u010dten\u00ed\" \/>\n\t<meta name=\"twitter:data1\" content=\"1 minuta\" \/>\n<script type=\"application\/ld+json\" class=\"yoast-schema-graph\">{\"@context\":\"https:\\\/\\\/schema.org\",\"@graph\":[{\"@type\":\"WebPage\",\"@id\":\"https:\\\/\\\/atami.com\\\/cs\\\/produkt\\\/ata-terra-max\",\"url\":\"https:\\\/\\\/atami.com\\\/cs\\\/produkt\\\/ata-terra-max\",\"name\":\"ATA Terra Max: Ide\u00e1ln\u00ed hnojivo pro bohat\u00fd kv\u011bt a zdrav\u00fd r\u016fst rostlin\",\"isPartOf\":{\"@id\":\"https:\\\/\\\/atami.com\\\/cs#website\"},\"primaryImageOfPage\":{\"@id\":\"https:\\\/\\\/atami.com\\\/cs\\\/produkt\\\/ata-terra-max#primaryimage\"},\"image\":{\"@id\":\"https:\\\/\\\/atami.com\\\/cs\\\/produkt\\\/ata-terra-max#primaryimage\"},\"thumbnailUrl\":\"https:\\\/\\\/atami.com\\\/wp-content\\\/uploads\\\/2023\\\/02\\\/ATA-Terra-Max-Main-Image.webp\",\"datePublished\":\"2023-02-08T08:00:20+00:00\",\"dateModified\":\"2025-11-07T15:12:29+00:00\",\"description\":\"Objevte ATA Terra Max, univerz\u00e1ln\u00ed z\u00e1kladn\u00ed hnojivo navr\u017een\u00e9 pro kv\u011btovou f\u00e1zi rostlin. Podporuje zdrav\u00fd r\u016fst postrann\u00edch v\u011btv\u00ed a v\u00fdhonk\u016f, zaji\u0161\u0165uje rychl\u00fd a viditeln\u00fd efekt. Vhodn\u00e9 pro lehk\u00e9 p\u016fdy bohat\u00e9 na v\u00e1pn\u00edk.\",\"breadcrumb\":{\"@id\":\"https:\\\/\\\/atami.com\\\/cs\\\/produkt\\\/ata-terra-max#breadcrumb\"},\"inLanguage\":\"cs\",\"potentialAction\":[{\"@type\":\"ReadAction\",\"target\":[\"https:\\\/\\\/atami.com\\\/cs\\\/produkt\\\/ata-terra-max\"]}]},{\"@type\":\"ImageObject\",\"inLanguage\":\"cs\",\"@id\":\"https:\\\/\\\/atami.com\\\/cs\\\/produkt\\\/ata-terra-max#primaryimage\",\"url\":\"https:\\\/\\\/atami.com\\\/wp-content\\\/uploads\\\/2023\\\/02\\\/ATA-Terra-Max-Main-Image.webp\",\"contentUrl\":\"https:\\\/\\\/atami.com\\\/wp-content\\\/uploads\\\/2023\\\/02\\\/ATA-Terra-Max-Main-Image.webp\",\"width\":1080,\"height\":1080,\"caption\":\"ATA Terra Max podporuje v\u00fdvoj kompaktn\u00edch kv\u011bt\u016f a v\u00fdrazn\u011b zvy\u0161uje jejich velikost b\u011bhem cyklu kv\u011btu.\"},{\"@type\":\"BreadcrumbList\",\"@id\":\"https:\\\/\\\/atami.com\\\/cs\\\/produkt\\\/ata-terra-max#breadcrumb\",\"itemListElement\":[{\"@type\":\"ListItem\",\"position\":1,\"name\":\"Home\",\"item\":\"https:\\\/\\\/atami.com\\\/cs\"},{\"@type\":\"ListItem\",\"position\":2,\"name\":\"Produkty\",\"item\":\"https:\\\/\\\/atami.com\\\/cs\\\/shop\"},{\"@type\":\"ListItem\",\"position\":3,\"name\":\"V\u00fd\u017eiva rostlin\",\"item\":\"https:\\\/\\\/atami.com\\\/cs\\\/kategorie-produktu\\\/vyziva-rostlin\"},{\"@type\":\"ListItem\",\"position\":4,\"name\":\"Z\u00e1kladn\u00ed v\u00fd\u017eiva\",\"item\":\"https:\\\/\\\/atami.com\\\/cs\\\/kategorie-produktu\\\/vyziva-rostlin\\\/zakladni-vyziva\"},{\"@type\":\"ListItem\",\"position\":5,\"name\":\"ATA Terra Max\"}]},{\"@type\":\"WebSite\",\"@id\":\"https:\\\/\\\/atami.com\\\/cs#website\",\"url\":\"https:\\\/\\\/atami.com\\\/cs\",\"name\":\"Atami\",\"description\":\"NATURALLY INNOVATING!\",\"publisher\":{\"@id\":\"https:\\\/\\\/atami.com\\\/cs#organization\"},\"potentialAction\":[{\"@type\":\"SearchAction\",\"target\":{\"@type\":\"EntryPoint\",\"urlTemplate\":\"https:\\\/\\\/atami.com\\\/cs?s={search_term_string}\"},\"query-input\":{\"@type\":\"PropertyValueSpecification\",\"valueRequired\":true,\"valueName\":\"search_term_string\"}}],\"inLanguage\":\"cs\"},{\"@type\":\"Organization\",\"@id\":\"https:\\\/\\\/atami.com\\\/cs#organization\",\"name\":\"Atami\",\"url\":\"https:\\\/\\\/atami.com\\\/cs\",\"logo\":{\"@type\":\"ImageObject\",\"inLanguage\":\"cs\",\"@id\":\"https:\\\/\\\/atami.com\\\/cs#\\\/schema\\\/logo\\\/image\\\/\",\"url\":\"https:\\\/\\\/atami.com\\\/wp-content\\\/uploads\\\/2026\\\/01\\\/Atami-logo-696x696px.webp\",\"contentUrl\":\"https:\\\/\\\/atami.com\\\/wp-content\\\/uploads\\\/2026\\\/01\\\/Atami-logo-696x696px.webp\",\"width\":696,\"height\":696,\"caption\":\"Atami\"},\"image\":{\"@id\":\"https:\\\/\\\/atami.com\\\/cs#\\\/schema\\\/logo\\\/image\\\/\"},\"sameAs\":[\"https:\\\/\\\/www.facebook.com\\\/Atami.International\",\"https:\\\/\\\/x.com\\\/AtamiEU\",\"https:\\\/\\\/www.youtube.com\\\/c\\\/AtamiInternational\",\"https:\\\/\\\/www.instagram.com\\\/atami.international\\\/\"],\"description\":\"ATAMI is a premium plant nutrition & substrate brand founded in 1997 with the mission to make exceptional cultivation achievable for everyone. From legacy to license, we offer a wide variety of innovating award-winning products to let cultivators achieve maximum results in taste & yield.\",\"email\":\"info@mginnovations.es\",\"legalName\":\"Atami\",\"numberOfEmployees\":{\"@type\":\"QuantitativeValue\",\"minValue\":\"11\",\"maxValue\":\"50\"}}]}<\/script>\n<!-- \/ Yoast SEO Premium plugin. -->","yoast_head_json":{"title":"ATA Terra Max: Ide\u00e1ln\u00ed hnojivo pro bohat\u00fd kv\u011bt a zdrav\u00fd r\u016fst rostlin","description":"Objevte ATA Terra Max, univerz\u00e1ln\u00ed z\u00e1kladn\u00ed hnojivo navr\u017een\u00e9 pro kv\u011btovou f\u00e1zi rostlin. Podporuje zdrav\u00fd r\u016fst postrann\u00edch v\u011btv\u00ed a v\u00fdhonk\u016f, zaji\u0161\u0165uje rychl\u00fd a viditeln\u00fd efekt. Vhodn\u00e9 pro lehk\u00e9 p\u016fdy bohat\u00e9 na v\u00e1pn\u00edk.","robots":{"index":"index","follow":"follow","max-snippet":"max-snippet:-1","max-image-preview":"max-image-preview:large","max-video-preview":"max-video-preview:-1"},"canonical":"https:\/\/atami.com\/cs\/produkt\/ata-terra-max","og_locale":"cs_CZ","og_type":"article","og_title":"ATA Terra Max","og_description":"Objevte ATA Terra Max, univerz\u00e1ln\u00ed z\u00e1kladn\u00ed hnojivo navr\u017een\u00e9 pro kv\u011btovou f\u00e1zi rostlin. Podporuje zdrav\u00fd r\u016fst postrann\u00edch v\u011btv\u00ed a v\u00fdhonk\u016f, zaji\u0161\u0165uje rychl\u00fd a viditeln\u00fd efekt. Vhodn\u00e9 pro lehk\u00e9 p\u016fdy bohat\u00e9 na v\u00e1pn\u00edk.","og_url":"https:\/\/atami.com\/cs\/produkt\/ata-terra-max","og_site_name":"Atami","article_publisher":"https:\/\/www.facebook.com\/Atami.International","article_modified_time":"2025-11-07T15:12:29+00:00","og_image":[{"width":1080,"height":1080,"url":"https:\/\/atami.com\/wp-content\/uploads\/2023\/02\/ATA-Terra-Max-Main-Image.webp","type":"image\/webp"}],"twitter_card":"summary_large_image","twitter_site":"@AtamiEU","twitter_misc":{"Odhadovan\u00e1 doba \u010dten\u00ed":"1 minuta"},"schema":{"@context":"https:\/\/schema.org","@graph":[{"@type":"WebPage","@id":"https:\/\/atami.com\/cs\/produkt\/ata-terra-max","url":"https:\/\/atami.com\/cs\/produkt\/ata-terra-max","name":"ATA Terra Max: Ide\u00e1ln\u00ed hnojivo pro bohat\u00fd kv\u011bt a zdrav\u00fd r\u016fst rostlin","isPartOf":{"@id":"https:\/\/atami.com\/cs#website"},"primaryImageOfPage":{"@id":"https:\/\/atami.com\/cs\/produkt\/ata-terra-max#primaryimage"},"image":{"@id":"https:\/\/atami.com\/cs\/produkt\/ata-terra-max#primaryimage"},"thumbnailUrl":"https:\/\/atami.com\/wp-content\/uploads\/2023\/02\/ATA-Terra-Max-Main-Image.webp","datePublished":"2023-02-08T08:00:20+00:00","dateModified":"2025-11-07T15:12:29+00:00","description":"Objevte ATA Terra Max, univerz\u00e1ln\u00ed z\u00e1kladn\u00ed hnojivo navr\u017een\u00e9 pro kv\u011btovou f\u00e1zi rostlin. Podporuje zdrav\u00fd r\u016fst postrann\u00edch v\u011btv\u00ed a v\u00fdhonk\u016f, zaji\u0161\u0165uje rychl\u00fd a viditeln\u00fd efekt. Vhodn\u00e9 pro lehk\u00e9 p\u016fdy bohat\u00e9 na v\u00e1pn\u00edk.","breadcrumb":{"@id":"https:\/\/atami.com\/cs\/produkt\/ata-terra-max#breadcrumb"},"inLanguage":"cs","potentialAction":[{"@type":"ReadAction","target":["https:\/\/atami.com\/cs\/produkt\/ata-terra-max"]}]},{"@type":"ImageObject","inLanguage":"cs","@id":"https:\/\/atami.com\/cs\/produkt\/ata-terra-max#primaryimage","url":"https:\/\/atami.com\/wp-content\/uploads\/2023\/02\/ATA-Terra-Max-Main-Image.webp","contentUrl":"https:\/\/atami.com\/wp-content\/uploads\/2023\/02\/ATA-Terra-Max-Main-Image.webp","width":1080,"height":1080,"caption":"ATA Terra Max podporuje v\u00fdvoj kompaktn\u00edch kv\u011bt\u016f a v\u00fdrazn\u011b zvy\u0161uje jejich velikost b\u011bhem cyklu kv\u011btu."},{"@type":"BreadcrumbList","@id":"https:\/\/atami.com\/cs\/produkt\/ata-terra-max#breadcrumb","itemListElement":[{"@type":"ListItem","position":1,"name":"Home","item":"https:\/\/atami.com\/cs"},{"@type":"ListItem","position":2,"name":"Produkty","item":"https:\/\/atami.com\/cs\/shop"},{"@type":"ListItem","position":3,"name":"V\u00fd\u017eiva rostlin","item":"https:\/\/atami.com\/cs\/kategorie-produktu\/vyziva-rostlin"},{"@type":"ListItem","position":4,"name":"Z\u00e1kladn\u00ed v\u00fd\u017eiva","item":"https:\/\/atami.com\/cs\/kategorie-produktu\/vyziva-rostlin\/zakladni-vyziva"},{"@type":"ListItem","position":5,"name":"ATA Terra Max"}]},{"@type":"WebSite","@id":"https:\/\/atami.com\/cs#website","url":"https:\/\/atami.com\/cs","name":"Atami","description":"NATURALLY INNOVATING!","publisher":{"@id":"https:\/\/atami.com\/cs#organization"},"potentialAction":[{"@type":"SearchAction","target":{"@type":"EntryPoint","urlTemplate":"https:\/\/atami.com\/cs?s={search_term_string}"},"query-input":{"@type":"PropertyValueSpecification","valueRequired":true,"valueName":"search_term_string"}}],"inLanguage":"cs"},{"@type":"Organization","@id":"https:\/\/atami.com\/cs#organization","name":"Atami","url":"https:\/\/atami.com\/cs","logo":{"@type":"ImageObject","inLanguage":"cs","@id":"https:\/\/atami.com\/cs#\/schema\/logo\/image\/","url":"https:\/\/atami.com\/wp-content\/uploads\/2026\/01\/Atami-logo-696x696px.webp","contentUrl":"https:\/\/atami.com\/wp-content\/uploads\/2026\/01\/Atami-logo-696x696px.webp","width":696,"height":696,"caption":"Atami"},"image":{"@id":"https:\/\/atami.com\/cs#\/schema\/logo\/image\/"},"sameAs":["https:\/\/www.facebook.com\/Atami.International","https:\/\/x.com\/AtamiEU","https:\/\/www.youtube.com\/c\/AtamiInternational","https:\/\/www.instagram.com\/atami.international\/"],"description":"ATAMI is a premium plant nutrition & substrate brand founded in 1997 with the mission to make exceptional cultivation achievable for everyone. From legacy to license, we offer a wide variety of innovating award-winning products to let cultivators achieve maximum results in taste & yield.","email":"info@mginnovations.es","legalName":"Atami","numberOfEmployees":{"@type":"QuantitativeValue","minValue":"11","maxValue":"50"}}]}},"_links":{"self":[{"href":"https:\/\/atami.com\/cs\/wp-json\/wp\/v2\/product\/49410","targetHints":{"allow":["GET"]}}],"collection":[{"href":"https:\/\/atami.com\/cs\/wp-json\/wp\/v2\/product"}],"about":[{"href":"https:\/\/atami.com\/cs\/wp-json\/wp\/v2\/types\/product"}],"replies":[{"embeddable":true,"href":"https:\/\/atami.com\/cs\/wp-json\/wp\/v2\/comments?post=49410"}],"wp:featuredmedia":[{"embeddable":true,"href":"https:\/\/atami.com\/cs\/wp-json\/wp\/v2\/media\/23703"}],"wp:attachment":[{"href":"https:\/\/atami.com\/cs\/wp-json\/wp\/v2\/media?parent=49410"}],"wp:term":[{"taxonomy":"product_brand","embeddable":true,"href":"https:\/\/atami.com\/cs\/wp-json\/wp\/v2\/product_brand?post=49410"},{"taxonomy":"product_cat","embeddable":true,"href":"https:\/\/atami.com\/cs\/wp-json\/wp\/v2\/product_cat?post=49410"},{"taxonomy":"product_tag","embeddable":true,"href":"https:\/\/atami.com\/cs\/wp-json\/wp\/v2\/product_tag?post=49410"}],"curies":[{"name":"wp","href":"https:\/\/api.w.org\/{rel}","templated":true}]}}