{"id":49409,"date":"2023-02-07T14:34:34","date_gmt":"2023-02-07T14:34:34","guid":{"rendered":"https:\/\/atami.com\/product\/ata-terra-leaves\/"},"modified":"2025-11-07T17:11:12","modified_gmt":"2025-11-07T15:11:12","slug":"ata-terra-leaves","status":"publish","type":"product","link":"https:\/\/atami.com\/cs\/produkt\/ata-terra-leaves","title":{"rendered":"ATA Terra Leaves"},"content":{"rendered":"<p><strong>ATA Terra Leaves je univerz\u00e1ln\u00ed z\u00e1kladn\u00ed v\u00fd\u017eiva pro r\u016fstov\u00fd cyklus rostliny, se speci\u00e1ln\u00edm slo\u017een\u00edm pro p\u011bstov\u00e1n\u00ed v p\u016fd\u011b. Proto nebyl do tohoto hnojiva p\u0159id\u00e1n \u017e\u00e1dn\u00fd v\u00e1pn\u00edk, kter\u00e9ho je v p\u016fdn\u00edch substr\u00e1tech p\u0159irozen\u00fd dostatek.<\/strong><\/p>\n<p>\nProto\u017ee p\u016fda sama o sob\u011b obsahuje krom\u011b v\u00e1pn\u00edku mnoho \u017eivin a je tak\u00e9 p\u0159im\u011b\u0159en\u011b schopn\u00e1 je zadr\u017eovat, hodnoty NPK u ATA Terra Leaves byly stanoveny relativn\u011b n\u00edzko, aby se zabr\u00e1nilo mo\u017en\u00e9mu p\u0159ehnojen\u00ed. ATA Terra Leaves pom\u00e1h\u00e1 r\u016fstu siln\u00fdch, \u017eivotad\u00e1rn\u00fdch v\u011btv\u00ed a umo\u017e\u0148uje rostlin\u011b se stabiln\u011b rozr\u016fstat. Stimuluje tvorbu chlorofylu.<\/p>\n<p>\n<strong>ZEJM\u00c9NA VHODN\u00dd PRO:<\/strong><br \/>\nR\u016fzn\u00e9 druhy ovoce, zeleniny a bylin, jako je \u0161pen\u00e1t, \u0161alv\u011bj a sal\u00e1t. Lze tak\u00e9 pou\u017e\u00edvat na interi\u00e9rov\u00e9 a pokojov\u00e9 rostliny (nap\u0159. na hortenzie, v\u0159esy apod.). Po\u017eadovanou d\u00e1vku je mo\u017en\u00e9 nam\u011b\u0159it podle pot\u0159eb konkr\u00e9tn\u00ed rostliny nebo plodiny.<\/p>\n<p>\n<strong>POU\u017dIT\u00cd<\/strong><br \/>\nP\u0159\u00edmo rozpustn\u00fd ve vod\u011b, rostlina ho snadno vst\u0159eb\u00e1v\u00e1. Zvl\u00e1\u0161t\u011b vhodn\u00fd pro lehk\u00e9 v\u00e1penit\u00e9 p\u016fdy (zeminu).<\/p>\n<p>\n<strong>D\u00c1VKOV\u00c1N\u00cd<\/strong><br \/>\n1\u20135 ml na litr vody Hod\u00ed se pro v\u0161echny syst\u00e9my zavla\u017eov\u00e1n\u00ed.<\/p>\n<p>\n<strong>NPK 2-1-3 W\/W<\/strong><\/p>\n<p>\n<strong>DOSTUPN\u00dd OBJEM 250 ML, 1 L, 5 L A 10 L<\/strong><\/p>\n","protected":false},"excerpt":{"rendered":"<p>R\u016fstov\u00e1 f\u00e1ze<\/p>\n<p>P\u016fda<\/p>\n","protected":false},"featured_media":23688,"comment_status":"closed","ping_status":"closed","template":"","meta":{"_acf_changed":false,"iawp_total_views":35},"product_brand":[],"product_cat":[381,382],"product_tag":[],"class_list":{"0":"post-49409","1":"product","2":"type-product","3":"status-publish","4":"has-post-thumbnail","6":"product_cat-ata","7":"product_cat-zakladni-vyziva","9":"first","10":"instock","11":"shipping-taxable","12":"product-type-simple"},"acf":{"short_description":"<p><strong>ATA Terra Leaves je univerz\u00e1ln\u00ed z\u00e1kladn\u00ed v\u00fd\u017eiva pro r\u016fstov\u00fd cyklus rostliny, se speci\u00e1ln\u00edm slo\u017een\u00edm pro p\u011bstov\u00e1n\u00ed v p\u016fd\u011b. Proto nebyl do tohoto hnojiva p\u0159id\u00e1n \u017e\u00e1dn\u00fd v\u00e1pn\u00edk, kter\u00e9ho je v p\u016fdn\u00edch substr\u00e1tech p\u0159irozen\u00fd dostatek.<\/strong><\/p><p><br \/>Proto\u017ee p\u016fda sama o sob\u011b obsahuje krom\u011b v\u00e1pn\u00edku mnoho \u017eivin a je tak\u00e9 p\u0159im\u011b\u0159en\u011b schopn\u00e1 je zadr\u017eovat, hodnoty NPK u ATA Terra Leaves byly stanoveny relativn\u011b n\u00edzko, aby se zabr\u00e1nilo mo\u017en\u00e9mu p\u0159ehnojen\u00ed. ATA Terra Leaves pom\u00e1h\u00e1 r\u016fstu siln\u00fdch, \u017eivotad\u00e1rn\u00fdch v\u011btv\u00ed a umo\u017e\u0148uje rostlin\u011b se stabiln\u011b rozr\u016fstat. Stimuluje tvorbu chlorofylu.<\/p>","suitable_for":"<p>R\u016fzn\u00e9 druhy ovoce, zeleniny a bylin, jako je \u0161pen\u00e1t, \u0161alv\u011bj a sal\u00e1t. Lze tak\u00e9 pou\u017e\u00edvat na interi\u00e9rov\u00e9 a pokojov\u00e9 rostliny (nap\u0159. na hortenzie, v\u0159esy apod.). Po\u017eadovanou d\u00e1vku je mo\u017en\u00e9 nam\u011b\u0159it podle pot\u0159eb konkr\u00e9tn\u00ed rostliny nebo plodiny.<\/p>","application":"<p>P\u0159\u00edmo rozpustn\u00fd ve vod\u011b, rostlina ho snadno vst\u0159eb\u00e1v\u00e1. Zvl\u00e1\u0161t\u011b vhodn\u00fd pro lehk\u00e9 v\u00e1penit\u00e9 p\u016fdy (zeminu).<\/p>","dosage":"<p>1\u20135 ml na litr vody Hod\u00ed se pro v\u0161echny syst\u00e9my zavla\u017eov\u00e1n\u00ed.<\/p>","npk_ratio":"<p>NPK 2-1-3 W\/W<\/p>","available_in":"<p>250 ML, 1 L, 5 L A 10 L<\/p>","icon_1":5685,"icon_1_text":"STIMULUJE TVORBU CHLOROFYLU","icon_2":5689,"icon_2_text":"ZARU\u010cUJE OPTIM\u00c1LN\u00cd R\u016eST","icon_3":5693,"icon_3_text":"HOD\u00cd SE PRO V\u0160ECHNY SYST\u00c9MY ZAVLA\u017dOV\u00c1N\u00cd","icon_4":"","icon_4_text":"","video":"","second_image":5681,"product_image_page":5861,"user_manual":"","new_icon_1":"","new_icon_2":"","new_icon_3":"","new_icon_4":"","grow_guides":"","category":"Z\u00e1kladn\u00ed \u017eivina"},"yoast_head":"<!-- This site is optimized with the Yoast SEO Premium plugin v27.4 (Yoast SEO v27.4) - https:\/\/yoast.com\/product\/yoast-seo-premium-wordpress\/ -->\n<title>ATA Terra Leaves \u2013 R\u016fstov\u00e9 hnojivo pro siln\u00e9 a zdrav\u00e9 rostliny<\/title>\n<meta name=\"description\" content=\"Podpo\u0159te r\u016fst sv\u00fdch rostlin s ATA Terra Leaves \u2013 vyv\u00e1\u017een\u00e9 hnojivo pro vegetativn\u00ed f\u00e1zi, kter\u00e9 zajist\u00ed siln\u00e9 stonky, zdrav\u00e9 listy a bohat\u00fd v\u00fdvoj.\" \/>\n<meta name=\"robots\" content=\"index, follow, max-snippet:-1, max-image-preview:large, max-video-preview:-1\" \/>\n<link rel=\"canonical\" href=\"https:\/\/atami.com\/cs\/produkt\/ata-terra-leaves\" \/>\n<meta property=\"og:locale\" content=\"cs_CZ\" \/>\n<meta property=\"og:type\" content=\"article\" \/>\n<meta property=\"og:title\" content=\"ATA Terra Leaves\" \/>\n<meta property=\"og:description\" content=\"Podpo\u0159te r\u016fst sv\u00fdch rostlin s ATA Terra Leaves \u2013 vyv\u00e1\u017een\u00e9 hnojivo pro vegetativn\u00ed f\u00e1zi, kter\u00e9 zajist\u00ed siln\u00e9 stonky, zdrav\u00e9 listy a bohat\u00fd v\u00fdvoj.\" \/>\n<meta property=\"og:url\" content=\"https:\/\/atami.com\/cs\/produkt\/ata-terra-leaves\" \/>\n<meta property=\"og:site_name\" content=\"Atami\" \/>\n<meta property=\"article:publisher\" content=\"https:\/\/www.facebook.com\/Atami.International\" \/>\n<meta property=\"article:modified_time\" content=\"2025-11-07T15:11:12+00:00\" \/>\n<meta property=\"og:image\" content=\"https:\/\/atami.com\/wp-content\/uploads\/2023\/02\/ATA-Terra-Leaves-Main-Image.webp\" \/>\n\t<meta property=\"og:image:width\" content=\"1080\" \/>\n\t<meta property=\"og:image:height\" content=\"1080\" \/>\n\t<meta property=\"og:image:type\" content=\"image\/webp\" \/>\n<meta name=\"twitter:card\" content=\"summary_large_image\" \/>\n<meta name=\"twitter:site\" content=\"@AtamiEU\" \/>\n<meta name=\"twitter:label1\" content=\"Odhadovan\u00e1 doba \u010dten\u00ed\" \/>\n\t<meta name=\"twitter:data1\" content=\"1 minuta\" \/>\n<script type=\"application\/ld+json\" class=\"yoast-schema-graph\">{\"@context\":\"https:\\\/\\\/schema.org\",\"@graph\":[{\"@type\":\"WebPage\",\"@id\":\"https:\\\/\\\/atami.com\\\/cs\\\/produkt\\\/ata-terra-leaves\",\"url\":\"https:\\\/\\\/atami.com\\\/cs\\\/produkt\\\/ata-terra-leaves\",\"name\":\"ATA Terra Leaves \u2013 R\u016fstov\u00e9 hnojivo pro siln\u00e9 a zdrav\u00e9 rostliny\",\"isPartOf\":{\"@id\":\"https:\\\/\\\/atami.com\\\/cs#website\"},\"primaryImageOfPage\":{\"@id\":\"https:\\\/\\\/atami.com\\\/cs\\\/produkt\\\/ata-terra-leaves#primaryimage\"},\"image\":{\"@id\":\"https:\\\/\\\/atami.com\\\/cs\\\/produkt\\\/ata-terra-leaves#primaryimage\"},\"thumbnailUrl\":\"https:\\\/\\\/atami.com\\\/wp-content\\\/uploads\\\/2023\\\/02\\\/ATA-Terra-Leaves-Main-Image.webp\",\"datePublished\":\"2023-02-07T14:34:34+00:00\",\"dateModified\":\"2025-11-07T15:11:12+00:00\",\"description\":\"Podpo\u0159te r\u016fst sv\u00fdch rostlin s ATA Terra Leaves \u2013 vyv\u00e1\u017een\u00e9 hnojivo pro vegetativn\u00ed f\u00e1zi, kter\u00e9 zajist\u00ed siln\u00e9 stonky, zdrav\u00e9 listy a bohat\u00fd v\u00fdvoj.\",\"breadcrumb\":{\"@id\":\"https:\\\/\\\/atami.com\\\/cs\\\/produkt\\\/ata-terra-leaves#breadcrumb\"},\"inLanguage\":\"cs\",\"potentialAction\":[{\"@type\":\"ReadAction\",\"target\":[\"https:\\\/\\\/atami.com\\\/cs\\\/produkt\\\/ata-terra-leaves\"]}]},{\"@type\":\"ImageObject\",\"inLanguage\":\"cs\",\"@id\":\"https:\\\/\\\/atami.com\\\/cs\\\/produkt\\\/ata-terra-leaves#primaryimage\",\"url\":\"https:\\\/\\\/atami.com\\\/wp-content\\\/uploads\\\/2023\\\/02\\\/ATA-Terra-Leaves-Main-Image.webp\",\"contentUrl\":\"https:\\\/\\\/atami.com\\\/wp-content\\\/uploads\\\/2023\\\/02\\\/ATA-Terra-Leaves-Main-Image.webp\",\"width\":1080,\"height\":1080,\"caption\":\"ATA Terra Leaves stimuluje produkci chlorofylu, podporuje siln\u00e9, vit\u00e1ln\u00ed v\u011btve a stabiln\u00ed r\u016fst rostlin.\"},{\"@type\":\"BreadcrumbList\",\"@id\":\"https:\\\/\\\/atami.com\\\/cs\\\/produkt\\\/ata-terra-leaves#breadcrumb\",\"itemListElement\":[{\"@type\":\"ListItem\",\"position\":1,\"name\":\"Home\",\"item\":\"https:\\\/\\\/atami.com\\\/cs\"},{\"@type\":\"ListItem\",\"position\":2,\"name\":\"Produkty\",\"item\":\"https:\\\/\\\/atami.com\\\/cs\\\/shop\"},{\"@type\":\"ListItem\",\"position\":3,\"name\":\"V\u00fd\u017eiva rostlin\",\"item\":\"https:\\\/\\\/atami.com\\\/cs\\\/kategorie-produktu\\\/vyziva-rostlin\"},{\"@type\":\"ListItem\",\"position\":4,\"name\":\"Z\u00e1kladn\u00ed v\u00fd\u017eiva\",\"item\":\"https:\\\/\\\/atami.com\\\/cs\\\/kategorie-produktu\\\/vyziva-rostlin\\\/zakladni-vyziva\"},{\"@type\":\"ListItem\",\"position\":5,\"name\":\"ATA Terra Leaves\"}]},{\"@type\":\"WebSite\",\"@id\":\"https:\\\/\\\/atami.com\\\/cs#website\",\"url\":\"https:\\\/\\\/atami.com\\\/cs\",\"name\":\"Atami\",\"description\":\"NATURALLY INNOVATING!\",\"publisher\":{\"@id\":\"https:\\\/\\\/atami.com\\\/cs#organization\"},\"potentialAction\":[{\"@type\":\"SearchAction\",\"target\":{\"@type\":\"EntryPoint\",\"urlTemplate\":\"https:\\\/\\\/atami.com\\\/cs?s={search_term_string}\"},\"query-input\":{\"@type\":\"PropertyValueSpecification\",\"valueRequired\":true,\"valueName\":\"search_term_string\"}}],\"inLanguage\":\"cs\"},{\"@type\":\"Organization\",\"@id\":\"https:\\\/\\\/atami.com\\\/cs#organization\",\"name\":\"Atami\",\"url\":\"https:\\\/\\\/atami.com\\\/cs\",\"logo\":{\"@type\":\"ImageObject\",\"inLanguage\":\"cs\",\"@id\":\"https:\\\/\\\/atami.com\\\/cs#\\\/schema\\\/logo\\\/image\\\/\",\"url\":\"https:\\\/\\\/atami.com\\\/wp-content\\\/uploads\\\/2026\\\/01\\\/Atami-logo-696x696px.webp\",\"contentUrl\":\"https:\\\/\\\/atami.com\\\/wp-content\\\/uploads\\\/2026\\\/01\\\/Atami-logo-696x696px.webp\",\"width\":696,\"height\":696,\"caption\":\"Atami\"},\"image\":{\"@id\":\"https:\\\/\\\/atami.com\\\/cs#\\\/schema\\\/logo\\\/image\\\/\"},\"sameAs\":[\"https:\\\/\\\/www.facebook.com\\\/Atami.International\",\"https:\\\/\\\/x.com\\\/AtamiEU\",\"https:\\\/\\\/www.youtube.com\\\/c\\\/AtamiInternational\",\"https:\\\/\\\/www.instagram.com\\\/atami.international\\\/\"],\"description\":\"ATAMI is a premium plant nutrition & substrate brand founded in 1997 with the mission to make exceptional cultivation achievable for everyone. From legacy to license, we offer a wide variety of innovating award-winning products to let cultivators achieve maximum results in taste & yield.\",\"email\":\"info@mginnovations.es\",\"legalName\":\"Atami\",\"numberOfEmployees\":{\"@type\":\"QuantitativeValue\",\"minValue\":\"11\",\"maxValue\":\"50\"}}]}<\/script>\n<!-- \/ Yoast SEO Premium plugin. -->","yoast_head_json":{"title":"ATA Terra Leaves \u2013 R\u016fstov\u00e9 hnojivo pro siln\u00e9 a zdrav\u00e9 rostliny","description":"Podpo\u0159te r\u016fst sv\u00fdch rostlin s ATA Terra Leaves \u2013 vyv\u00e1\u017een\u00e9 hnojivo pro vegetativn\u00ed f\u00e1zi, kter\u00e9 zajist\u00ed siln\u00e9 stonky, zdrav\u00e9 listy a bohat\u00fd v\u00fdvoj.","robots":{"index":"index","follow":"follow","max-snippet":"max-snippet:-1","max-image-preview":"max-image-preview:large","max-video-preview":"max-video-preview:-1"},"canonical":"https:\/\/atami.com\/cs\/produkt\/ata-terra-leaves","og_locale":"cs_CZ","og_type":"article","og_title":"ATA Terra Leaves","og_description":"Podpo\u0159te r\u016fst sv\u00fdch rostlin s ATA Terra Leaves \u2013 vyv\u00e1\u017een\u00e9 hnojivo pro vegetativn\u00ed f\u00e1zi, kter\u00e9 zajist\u00ed siln\u00e9 stonky, zdrav\u00e9 listy a bohat\u00fd v\u00fdvoj.","og_url":"https:\/\/atami.com\/cs\/produkt\/ata-terra-leaves","og_site_name":"Atami","article_publisher":"https:\/\/www.facebook.com\/Atami.International","article_modified_time":"2025-11-07T15:11:12+00:00","og_image":[{"width":1080,"height":1080,"url":"https:\/\/atami.com\/wp-content\/uploads\/2023\/02\/ATA-Terra-Leaves-Main-Image.webp","type":"image\/webp"}],"twitter_card":"summary_large_image","twitter_site":"@AtamiEU","twitter_misc":{"Odhadovan\u00e1 doba \u010dten\u00ed":"1 minuta"},"schema":{"@context":"https:\/\/schema.org","@graph":[{"@type":"WebPage","@id":"https:\/\/atami.com\/cs\/produkt\/ata-terra-leaves","url":"https:\/\/atami.com\/cs\/produkt\/ata-terra-leaves","name":"ATA Terra Leaves \u2013 R\u016fstov\u00e9 hnojivo pro siln\u00e9 a zdrav\u00e9 rostliny","isPartOf":{"@id":"https:\/\/atami.com\/cs#website"},"primaryImageOfPage":{"@id":"https:\/\/atami.com\/cs\/produkt\/ata-terra-leaves#primaryimage"},"image":{"@id":"https:\/\/atami.com\/cs\/produkt\/ata-terra-leaves#primaryimage"},"thumbnailUrl":"https:\/\/atami.com\/wp-content\/uploads\/2023\/02\/ATA-Terra-Leaves-Main-Image.webp","datePublished":"2023-02-07T14:34:34+00:00","dateModified":"2025-11-07T15:11:12+00:00","description":"Podpo\u0159te r\u016fst sv\u00fdch rostlin s ATA Terra Leaves \u2013 vyv\u00e1\u017een\u00e9 hnojivo pro vegetativn\u00ed f\u00e1zi, kter\u00e9 zajist\u00ed siln\u00e9 stonky, zdrav\u00e9 listy a bohat\u00fd v\u00fdvoj.","breadcrumb":{"@id":"https:\/\/atami.com\/cs\/produkt\/ata-terra-leaves#breadcrumb"},"inLanguage":"cs","potentialAction":[{"@type":"ReadAction","target":["https:\/\/atami.com\/cs\/produkt\/ata-terra-leaves"]}]},{"@type":"ImageObject","inLanguage":"cs","@id":"https:\/\/atami.com\/cs\/produkt\/ata-terra-leaves#primaryimage","url":"https:\/\/atami.com\/wp-content\/uploads\/2023\/02\/ATA-Terra-Leaves-Main-Image.webp","contentUrl":"https:\/\/atami.com\/wp-content\/uploads\/2023\/02\/ATA-Terra-Leaves-Main-Image.webp","width":1080,"height":1080,"caption":"ATA Terra Leaves stimuluje produkci chlorofylu, podporuje siln\u00e9, vit\u00e1ln\u00ed v\u011btve a stabiln\u00ed r\u016fst rostlin."},{"@type":"BreadcrumbList","@id":"https:\/\/atami.com\/cs\/produkt\/ata-terra-leaves#breadcrumb","itemListElement":[{"@type":"ListItem","position":1,"name":"Home","item":"https:\/\/atami.com\/cs"},{"@type":"ListItem","position":2,"name":"Produkty","item":"https:\/\/atami.com\/cs\/shop"},{"@type":"ListItem","position":3,"name":"V\u00fd\u017eiva rostlin","item":"https:\/\/atami.com\/cs\/kategorie-produktu\/vyziva-rostlin"},{"@type":"ListItem","position":4,"name":"Z\u00e1kladn\u00ed v\u00fd\u017eiva","item":"https:\/\/atami.com\/cs\/kategorie-produktu\/vyziva-rostlin\/zakladni-vyziva"},{"@type":"ListItem","position":5,"name":"ATA Terra Leaves"}]},{"@type":"WebSite","@id":"https:\/\/atami.com\/cs#website","url":"https:\/\/atami.com\/cs","name":"Atami","description":"NATURALLY INNOVATING!","publisher":{"@id":"https:\/\/atami.com\/cs#organization"},"potentialAction":[{"@type":"SearchAction","target":{"@type":"EntryPoint","urlTemplate":"https:\/\/atami.com\/cs?s={search_term_string}"},"query-input":{"@type":"PropertyValueSpecification","valueRequired":true,"valueName":"search_term_string"}}],"inLanguage":"cs"},{"@type":"Organization","@id":"https:\/\/atami.com\/cs#organization","name":"Atami","url":"https:\/\/atami.com\/cs","logo":{"@type":"ImageObject","inLanguage":"cs","@id":"https:\/\/atami.com\/cs#\/schema\/logo\/image\/","url":"https:\/\/atami.com\/wp-content\/uploads\/2026\/01\/Atami-logo-696x696px.webp","contentUrl":"https:\/\/atami.com\/wp-content\/uploads\/2026\/01\/Atami-logo-696x696px.webp","width":696,"height":696,"caption":"Atami"},"image":{"@id":"https:\/\/atami.com\/cs#\/schema\/logo\/image\/"},"sameAs":["https:\/\/www.facebook.com\/Atami.International","https:\/\/x.com\/AtamiEU","https:\/\/www.youtube.com\/c\/AtamiInternational","https:\/\/www.instagram.com\/atami.international\/"],"description":"ATAMI is a premium plant nutrition & substrate brand founded in 1997 with the mission to make exceptional cultivation achievable for everyone. From legacy to license, we offer a wide variety of innovating award-winning products to let cultivators achieve maximum results in taste & yield.","email":"info@mginnovations.es","legalName":"Atami","numberOfEmployees":{"@type":"QuantitativeValue","minValue":"11","maxValue":"50"}}]}},"_links":{"self":[{"href":"https:\/\/atami.com\/cs\/wp-json\/wp\/v2\/product\/49409","targetHints":{"allow":["GET"]}}],"collection":[{"href":"https:\/\/atami.com\/cs\/wp-json\/wp\/v2\/product"}],"about":[{"href":"https:\/\/atami.com\/cs\/wp-json\/wp\/v2\/types\/product"}],"replies":[{"embeddable":true,"href":"https:\/\/atami.com\/cs\/wp-json\/wp\/v2\/comments?post=49409"}],"wp:featuredmedia":[{"embeddable":true,"href":"https:\/\/atami.com\/cs\/wp-json\/wp\/v2\/media\/23688"}],"wp:attachment":[{"href":"https:\/\/atami.com\/cs\/wp-json\/wp\/v2\/media?parent=49409"}],"wp:term":[{"taxonomy":"product_brand","embeddable":true,"href":"https:\/\/atami.com\/cs\/wp-json\/wp\/v2\/product_brand?post=49409"},{"taxonomy":"product_cat","embeddable":true,"href":"https:\/\/atami.com\/cs\/wp-json\/wp\/v2\/product_cat?post=49409"},{"taxonomy":"product_tag","embeddable":true,"href":"https:\/\/atami.com\/cs\/wp-json\/wp\/v2\/product_tag?post=49409"}],"curies":[{"name":"wp","href":"https:\/\/api.w.org\/{rel}","templated":true}]}}