{"id":49408,"date":"2023-02-13T12:36:42","date_gmt":"2023-02-13T12:36:42","guid":{"rendered":"https:\/\/atami.com\/product\/rokzbastic\/"},"modified":"2025-11-24T12:22:03","modified_gmt":"2025-11-24T10:22:03","slug":"rokzbastic","status":"publish","type":"product","link":"https:\/\/atami.com\/cs\/produkt\/rokzbastic","title":{"rendered":"Rokzbastic"},"content":{"rendered":"<p><strong>Rokzbastic je vysoce kvalitn\u00ed koktejl miner\u00e1l\u016f a biostimul\u00e1tor\u016f, kter\u00e9 v\u00e1m umo\u017en\u00ed dos\u00e1hnout oslniv\u00fdch v\u00fdsledk\u016f pevn\u00fdch jako sk\u00e1la. D\u00edky hodnot\u011b PK 10\u201320, unik\u00e1tn\u00ed ve srovn\u00e1n\u00ed s ostatn\u00edmi tekut\u00fdmi produkty pro kveten\u00ed na trhu, z\u00edsk\u00e1te pevn\u011bj\u0161\u00ed, t\u011b\u017e\u0161\u00ed a kompaktn\u011bj\u0161\u00ed kv\u011bty a plody.<\/strong><\/p>\n<p>&nbsp;<\/p>\n<p>Pom\u011br P:K v p\u0159\u00edpravku Rokzbastic je 1:2. Tato vysok\u00e1 koncentrace drasl\u00edku prosp\u00edv\u00e1 zejm\u00e9na kveten\u00ed rostlin s dlouhou f\u00e1z\u00ed kv\u011btu. Proto je hodnota PK 10\u201320 pro produkci hust\u0161\u00edch a pevn\u011bj\u0161\u00edch kv\u011bt\u016f a plod\u016f kl\u00ed\u010dov\u00e1. Krom\u011b toho je Rokzbastic obohacen o 1 % \u017eeleza a dal\u0161\u00ed z\u00e1kladn\u00ed prvky, k podpo\u0159e mnoha \u017eivotn\u00edch proces\u016f v rostlin\u00e1ch.<\/p>\n<p>&nbsp;<\/p>\n<p>A stejn\u011b jako jeho p\u0159\u00edbuzn\u00fd <a href=\"https:\/\/atami.com\/cs\/produkt\/bloombastic\/\"><strong>Bloombastic<\/strong><\/a> obsahuje Rokzbastic m\u00e1lo balastn\u00edch l\u00e1tek (sod\u00edku a chl\u00f3ru).<\/p>\n<p>&nbsp;<\/p>\n<p><strong>VHODNOST<\/strong><\/p>\n<p>Rokzbastic je univerz\u00e1ln\u00ed v\u00fd\u017eiva vhodn\u00e1 pro r\u016fzn\u00e9 druhy ovoce a zeleniny. Byl vyvinut zejm\u00e9na pro pot\u0159eby rostlin s dlouh\u00fdm obdob\u00ed kv\u011btu nebo vysok\u00fdmi n\u00e1roky na drasl\u00edk, jako jsou papriky, chilli papri\u010dky, citrusov\u00e9 plody nebo \u010derven\u00e1 rajsk\u00e1 jabl\u00ed\u010dka.<\/p>\n<p>&nbsp;<\/p>\n<p>Lze ho tak\u00e9 pou\u017e\u00edvat na okrasn\u00e9 rostliny s velk\u00fdmi kv\u011bty (nap\u0159\u00edklad ibi\u0161ek, r\u016f\u017ee nebo orchideje). Zku\u0161en\u00ed p\u011bstitel\u00e9 mohou m\u011b\u0159it po\u017eadovanou d\u00e1vku na rostlinu na z\u00e1klad\u011b hodnot NPK.<\/p>\n<p>&nbsp;<\/p>\n<p>Vhodn\u00fd k p\u011bstov\u00e1n\u00ed v hydroponii, kokosu a p\u016fd\u011b a p\u0159i pou\u017e\u00edv\u00e1n\u00ed manu\u00e1ln\u00edch i automatick\u00fdch syst\u00e9m\u016f zavla\u017eov\u00e1n\u00ed.<\/p>\n<p>&nbsp;<\/p>\n<p><strong>POU\u017dIT\u00cd<\/strong><\/p>\n<p>Aplikujte v posledn\u00edch 4 a\u017e 6 t\u00fddnech kveten\u00ed, b\u011bhem cel\u00e9 f\u00e1ze kv\u011btu a zr\u00e1n\u00ed, spolu se z\u00e1kladn\u00ed v\u00fd\u017eivou. Lze pou\u017e\u00edvat s p\u0159\u00edpravkem <a href=\"https:\/\/atami.com\/cs\/produkt\/bloombastic\/\"><strong>Bloombastic<\/strong><\/a> k dal\u0161\u00edmu umocn\u011bn\u00ed stimula\u010dn\u00edho efektu ve f\u00e1zi kv\u011btu, zv\u00fd\u0161en\u00ed v\u00fdnosu a hmotnosti \u00farody a d\u00e1le k pos\u00edlen\u00ed p\u0159irozen\u00fdch chut\u00ed a aromat. Pou\u017eijte ihned po p\u0159\u00edpravku <a href=\"https:\/\/atami.com\/cs\/produkt\/bloombastic\/\"><strong>Bloombastic<\/strong><\/a> k dosa\u017een\u00ed maxim\u00e1ln\u00edho efektu obou produkt\u016f. P\u0159i kombinov\u00e1n\u00ed p\u0159\u00edpravk\u016f s vysok\u00fdmi hodnotami PK v\u011bnujte v\u017edy pozornost hodnot\u011b EC \u017eivn\u00e9ho roztoku, abyste nep\u0159ehnojili.<\/p>\n<p>&nbsp;<\/p>\n<p><strong>D\u00c1VKOV\u00c1N\u00cd<\/strong><br \/>\n0,5\u20131 ml na litr vody Zvy\u0161uje hodnotu EC v z\u00e1kladn\u00edm \u017eivn\u00e9m roztoku.<\/p>\n<p>&nbsp;<\/p>\n<p><strong>PK 10\u201320 W\/W<\/strong><\/p>\n<p>&nbsp;<\/p>\n<p><strong>DOSTUPN\u00dd OBJEM 50 ML, 100 ML, 325 ML, 1250 ML, 5,5 L, 10 L<\/strong><\/p>\n","protected":false},"excerpt":{"rendered":"<p>P\u0159\u00edsada pro dokon\u010dov\u00e1n\u00ed kveten\u00ed<\/p>\n","protected":false},"featured_media":202132,"comment_status":"closed","ping_status":"closed","template":"","meta":{"_acf_changed":false,"iawp_total_views":122},"product_brand":[],"product_cat":[384,378],"product_tag":[],"class_list":{"0":"post-49408","1":"product","2":"type-product","3":"status-publish","4":"has-post-thumbnail","6":"product_cat-aditivni","7":"product_cat-bastics","9":"first","10":"instock","11":"shipping-taxable","12":"product-type-simple"},"acf":{"short_description":"<p><strong>Rokzbastic je vysoce kvalitn\u00ed koktejl miner\u00e1l\u016f a biostimul\u00e1tor\u016f, kter\u00e9 v\u00e1m umo\u017en\u00ed dos\u00e1hnout oslniv\u00fdch v\u00fdsledk\u016f pevn\u00fdch jako sk\u00e1la. D\u00edky hodnot\u011b PK 10\u201320, unik\u00e1tn\u00ed ve srovn\u00e1n\u00ed s ostatn\u00edmi tekut\u00fdmi produkty pro kveten\u00ed na trhu, z\u00edsk\u00e1te pevn\u011bj\u0161\u00ed, t\u011b\u017e\u0161\u00ed a kompaktn\u011bj\u0161\u00ed kv\u011bty a plody.<\/strong><\/p><p>&nbsp;<\/p><p>Pom\u011br P:K v p\u0159\u00edpravku Rokzbastic je 1:2. Tato vysok\u00e1 koncentrace drasl\u00edku prosp\u00edv\u00e1 zejm\u00e9na kveten\u00ed rostlin s dlouhou f\u00e1z\u00ed kv\u011btu. Proto je hodnota PK 10\u201320 pro produkci hust\u0161\u00edch a pevn\u011bj\u0161\u00edch kv\u011bt\u016f a plod\u016f kl\u00ed\u010dov\u00e1. Krom\u011b toho je Rokzbastic obohacen o 1 % \u017eeleza a dal\u0161\u00ed z\u00e1kladn\u00ed prvky, k podpo\u0159e mnoha \u017eivotn\u00edch proces\u016f v rostlin\u00e1ch.<\/p><p>&nbsp;<\/p><p>A stejn\u011b jako jeho p\u0159\u00edbuzn\u00fd <a href=\"https:\/\/atami.com\/cs\/produkt\/bloombastic\"><strong>Bloombastic<\/strong><\/a> obsahuje Rokzbastic m\u00e1lo balastn\u00edch l\u00e1tek (sod\u00edku a chl\u00f3ru).<\/p>","suitable_for":"<p>Rokzbastic je univerz\u00e1ln\u00ed v\u00fd\u017eiva vhodn\u00e1 pro r\u016fzn\u00e9 druhy ovoce a zeleniny. Byl vyvinut zejm\u00e9na pro pot\u0159eby rostlin s dlouh\u00fdm obdob\u00ed kv\u011btu nebo vysok\u00fdmi n\u00e1roky na drasl\u00edk, jako jsou papriky, chilli papri\u010dky, citrusov\u00e9 plody nebo \u010derven\u00e1 rajsk\u00e1 jabl\u00ed\u010dka.<\/p><p>&nbsp;<\/p><p>Lze ho tak\u00e9 pou\u017e\u00edvat na okrasn\u00e9 rostliny s velk\u00fdmi kv\u011bty (nap\u0159\u00edklad ibi\u0161ek, r\u016f\u017ee nebo orchideje). Zku\u0161en\u00ed p\u011bstitel\u00e9 mohou m\u011b\u0159it po\u017eadovanou d\u00e1vku na rostlinu na z\u00e1klad\u011b hodnot NPK.<\/p><p>&nbsp;<\/p><p>Vhodn\u00fd k p\u011bstov\u00e1n\u00ed v hydroponii, kokosu a p\u016fd\u011b a p\u0159i pou\u017e\u00edv\u00e1n\u00ed manu\u00e1ln\u00edch i automatick\u00fdch syst\u00e9m\u016f zavla\u017eov\u00e1n\u00ed.<\/p>","application":"<p>Aplikujte v posledn\u00edch 4 a\u017e 6 t\u00fddnech kveten\u00ed, b\u011bhem cel\u00e9 f\u00e1ze kv\u011btu a zr\u00e1n\u00ed, spolu se z\u00e1kladn\u00ed v\u00fd\u017eivou. Lze pou\u017e\u00edvat s p\u0159\u00edpravkem <a href=\"https:\/\/atami.com\/cs\/produkt\/bloombastic\"><strong>Bloombastic<\/strong><\/a> k dal\u0161\u00edmu umocn\u011bn\u00ed stimula\u010dn\u00edho efektu ve f\u00e1zi kv\u011btu, zv\u00fd\u0161en\u00ed v\u00fdnosu a hmotnosti \u00farody a d\u00e1le k pos\u00edlen\u00ed p\u0159irozen\u00fdch chut\u00ed a aromat. Pou\u017eijte ihned po p\u0159\u00edpravku <a href=\"https:\/\/atami.com\/cs\/produkt\/bloombastic\"><strong>Bloombastic<\/strong><\/a> k dosa\u017een\u00ed maxim\u00e1ln\u00edho efektu obou produkt\u016f. P\u0159i kombinov\u00e1n\u00ed p\u0159\u00edpravk\u016f s vysok\u00fdmi hodnotami PK v\u011bnujte v\u017edy pozornost hodnot\u011b EC \u017eivn\u00e9ho roztoku, abyste nep\u0159ehnojili.<\/p>","dosage":"<p>0,5\u20131 ml na litr vody Zvy\u0161uje hodnotu EC v z\u00e1kladn\u00edm \u017eivn\u00e9m roztoku.<\/p>","npk_ratio":"<p>PK 10\u201320 W\/W<\/p>","available_in":"<p>50 ML, 100 ML, 325 ML, 1250 ML, 5,5 L, 10 L<\/p>","icon_1":5369,"icon_1_text":"JEDINE\u010cN\u00dd POM\u011aR 1:2 FOSFORU (P) A DRASL\u00cdKU (K) VE SROVN\u00c1N\u00cd S JIN\u00ddMI TEKUT\u00ddMI P\u0158\u00cdPRAVKY NA TRHU UR\u010cEN\u00ddMI PRO KVETEN\u00cd","icon_2":21397,"icon_2_text":"A\u0164 U\u017d SI ZVOL\u00cdTE JAK\u00ddKOLI ZP\u016eSOB P\u011aSTOV\u00c1N\u00cd, ROKZBASTIC V\u00c1M ZAJIST\u00cd OSLNIV\u00c9 V\u00ddSLEDKY PEVN\u00c9 JAKO SK\u00c1LA!","icon_3":21412,"icon_3_text":"PK 10-20: KE ZPEVN\u011aN\u00cd KV\u011aT\u016e A PLOD\u016e JE POD\u00cdL DRASL\u00cdKU JEDNOU TAK VELK\u00dd NE\u017d FOSFORU.","icon_4":5377,"icon_4_text":"MINIM\u00c1LN\u00cd D\u00c1VKOV\u00c1N\u00cd, SKV\u011aL\u00c9 V\u00ddSLEDKY","video":"https:\/\/youtu.be\/iWlgK_z0AMI","second_image":42493,"product_image_page":25177,"user_manual":"","new_icon_1":196788,"new_icon_2":196848,"new_icon_3":196863,"new_icon_4":196833,"grow_guides":"","category":"Aditivn\u00ed"},"yoast_head":"<!-- This site is optimized with the Yoast SEO Premium plugin v27.5 (Yoast SEO v27.5) - https:\/\/yoast.com\/product\/yoast-seo-premium-wordpress\/ -->\n<title>Rokzbastic \u2013 Ide\u00e1ln\u00ed hnojivo pro bohatou a silnou kv\u011btovou produkci<\/title>\n<meta name=\"description\" content=\"Rokzbastic je vysoce \u00fa\u010dinn\u00e9 hnojivo, kter\u00e9 podporuje intenzivn\u00ed kveten\u00ed a v\u00fdvoj siln\u00fdch kv\u011bt\u016f. Pou\u017eijte Rokzbastic pro zaji\u0161t\u011bn\u00ed maxim\u00e1ln\u00edho v\u00fdnosu va\u0161\u00ed kultury.\" \/>\n<meta name=\"robots\" content=\"index, follow, max-snippet:-1, max-image-preview:large, max-video-preview:-1\" \/>\n<link rel=\"canonical\" href=\"https:\/\/atami.com\/cs\/produkt\/rokzbastic\" \/>\n<meta property=\"og:locale\" content=\"cs_CZ\" \/>\n<meta property=\"og:type\" content=\"article\" \/>\n<meta property=\"og:title\" content=\"Rokzbastic\" \/>\n<meta property=\"og:description\" content=\"Rokzbastic je vysoce \u00fa\u010dinn\u00e9 hnojivo, kter\u00e9 podporuje intenzivn\u00ed kveten\u00ed a v\u00fdvoj siln\u00fdch kv\u011bt\u016f. Pou\u017eijte Rokzbastic pro zaji\u0161t\u011bn\u00ed maxim\u00e1ln\u00edho v\u00fdnosu va\u0161\u00ed kultury.\" \/>\n<meta property=\"og:url\" content=\"https:\/\/atami.com\/cs\/produkt\/rokzbastic\" \/>\n<meta property=\"og:site_name\" content=\"Atami\" \/>\n<meta property=\"article:publisher\" content=\"https:\/\/www.facebook.com\/Atami.International\" \/>\n<meta property=\"article:modified_time\" content=\"2025-11-24T10:22:03+00:00\" \/>\n<meta property=\"og:image\" content=\"https:\/\/atami.com\/wp-content\/uploads\/2023\/02\/Rokzbastic-product-image.webp\" \/>\n\t<meta property=\"og:image:width\" content=\"1080\" \/>\n\t<meta property=\"og:image:height\" content=\"1080\" \/>\n\t<meta property=\"og:image:type\" content=\"image\/webp\" \/>\n<meta name=\"twitter:card\" content=\"summary_large_image\" \/>\n<meta name=\"twitter:site\" content=\"@AtamiEU\" \/>\n<meta name=\"twitter:label1\" content=\"Odhadovan\u00e1 doba \u010dten\u00ed\" \/>\n\t<meta name=\"twitter:data1\" content=\"2 minuty\" \/>\n<script type=\"application\/ld+json\" class=\"yoast-schema-graph\">{\"@context\":\"https:\\\/\\\/schema.org\",\"@graph\":[{\"@type\":\"WebPage\",\"@id\":\"https:\\\/\\\/atami.com\\\/cs\\\/produkt\\\/rokzbastic\",\"url\":\"https:\\\/\\\/atami.com\\\/cs\\\/produkt\\\/rokzbastic\",\"name\":\"Rokzbastic \u2013 Ide\u00e1ln\u00ed hnojivo pro bohatou a silnou kv\u011btovou produkci\",\"isPartOf\":{\"@id\":\"https:\\\/\\\/atami.com\\\/cs#website\"},\"primaryImageOfPage\":{\"@id\":\"https:\\\/\\\/atami.com\\\/cs\\\/produkt\\\/rokzbastic#primaryimage\"},\"image\":{\"@id\":\"https:\\\/\\\/atami.com\\\/cs\\\/produkt\\\/rokzbastic#primaryimage\"},\"thumbnailUrl\":\"https:\\\/\\\/atami.com\\\/wp-content\\\/uploads\\\/2023\\\/02\\\/Rokzbastic-product-image.webp\",\"datePublished\":\"2023-02-13T12:36:42+00:00\",\"dateModified\":\"2025-11-24T10:22:03+00:00\",\"description\":\"Rokzbastic je vysoce \u00fa\u010dinn\u00e9 hnojivo, kter\u00e9 podporuje intenzivn\u00ed kveten\u00ed a v\u00fdvoj siln\u00fdch kv\u011bt\u016f. Pou\u017eijte Rokzbastic pro zaji\u0161t\u011bn\u00ed maxim\u00e1ln\u00edho v\u00fdnosu va\u0161\u00ed kultury.\",\"breadcrumb\":{\"@id\":\"https:\\\/\\\/atami.com\\\/cs\\\/produkt\\\/rokzbastic#breadcrumb\"},\"inLanguage\":\"cs\",\"potentialAction\":[{\"@type\":\"ReadAction\",\"target\":[\"https:\\\/\\\/atami.com\\\/cs\\\/produkt\\\/rokzbastic\"]}]},{\"@type\":\"ImageObject\",\"inLanguage\":\"cs\",\"@id\":\"https:\\\/\\\/atami.com\\\/cs\\\/produkt\\\/rokzbastic#primaryimage\",\"url\":\"https:\\\/\\\/atami.com\\\/wp-content\\\/uploads\\\/2023\\\/02\\\/Rokzbastic-product-image.webp\",\"contentUrl\":\"https:\\\/\\\/atami.com\\\/wp-content\\\/uploads\\\/2023\\\/02\\\/Rokzbastic-product-image.webp\",\"width\":1080,\"height\":1080,\"caption\":\"Jedine\u010dn\u00fd pom\u011br PK 10-20 spole\u010dnosti Rokzbastic podporuje hust\u0161\u00ed a pevn\u011bj\u0161\u00ed kv\u011bty a plody b\u011bhem z\u00e1v\u011bre\u010dn\u00fdch f\u00e1z\u00ed kv\u011btu.\"},{\"@type\":\"BreadcrumbList\",\"@id\":\"https:\\\/\\\/atami.com\\\/cs\\\/produkt\\\/rokzbastic#breadcrumb\",\"itemListElement\":[{\"@type\":\"ListItem\",\"position\":1,\"name\":\"Home\",\"item\":\"https:\\\/\\\/atami.com\\\/cs\"},{\"@type\":\"ListItem\",\"position\":2,\"name\":\"Produkty\",\"item\":\"https:\\\/\\\/atami.com\\\/cs\\\/shop\"},{\"@type\":\"ListItem\",\"position\":3,\"name\":\"Zna\u010dky\",\"item\":\"https:\\\/\\\/atami.com\\\/cs\\\/kategorie-produktu\\\/znacky\"},{\"@type\":\"ListItem\",\"position\":4,\"name\":\"Bastics\",\"item\":\"https:\\\/\\\/atami.com\\\/cs\\\/kategorie-produktu\\\/znacky\\\/bastics\"},{\"@type\":\"ListItem\",\"position\":5,\"name\":\"Rokzbastic\"}]},{\"@type\":\"WebSite\",\"@id\":\"https:\\\/\\\/atami.com\\\/cs#website\",\"url\":\"https:\\\/\\\/atami.com\\\/cs\",\"name\":\"Atami\",\"description\":\"NATURALLY INNOVATING!\",\"publisher\":{\"@id\":\"https:\\\/\\\/atami.com\\\/cs#organization\"},\"potentialAction\":[{\"@type\":\"SearchAction\",\"target\":{\"@type\":\"EntryPoint\",\"urlTemplate\":\"https:\\\/\\\/atami.com\\\/cs?s={search_term_string}\"},\"query-input\":{\"@type\":\"PropertyValueSpecification\",\"valueRequired\":true,\"valueName\":\"search_term_string\"}}],\"inLanguage\":\"cs\"},{\"@type\":\"Organization\",\"@id\":\"https:\\\/\\\/atami.com\\\/cs#organization\",\"name\":\"Atami\",\"url\":\"https:\\\/\\\/atami.com\\\/cs\",\"logo\":{\"@type\":\"ImageObject\",\"inLanguage\":\"cs\",\"@id\":\"https:\\\/\\\/atami.com\\\/cs#\\\/schema\\\/logo\\\/image\\\/\",\"url\":\"https:\\\/\\\/atami.com\\\/wp-content\\\/uploads\\\/2026\\\/01\\\/Atami-logo-696x696px.webp\",\"contentUrl\":\"https:\\\/\\\/atami.com\\\/wp-content\\\/uploads\\\/2026\\\/01\\\/Atami-logo-696x696px.webp\",\"width\":696,\"height\":696,\"caption\":\"Atami\"},\"image\":{\"@id\":\"https:\\\/\\\/atami.com\\\/cs#\\\/schema\\\/logo\\\/image\\\/\"},\"sameAs\":[\"https:\\\/\\\/www.facebook.com\\\/Atami.International\",\"https:\\\/\\\/x.com\\\/AtamiEU\",\"https:\\\/\\\/www.youtube.com\\\/c\\\/AtamiInternational\",\"https:\\\/\\\/www.instagram.com\\\/atami.international\\\/\"],\"description\":\"ATAMI is a premium plant nutrition & substrate brand founded in 1997 with the mission to make exceptional cultivation achievable for everyone. From legacy to license, we offer a wide variety of innovating award-winning products to let cultivators achieve maximum results in taste & yield.\",\"email\":\"info@mginnovations.es\",\"legalName\":\"Atami\",\"numberOfEmployees\":{\"@type\":\"QuantitativeValue\",\"minValue\":\"11\",\"maxValue\":\"50\"}}]}<\/script>\n<!-- \/ Yoast SEO Premium plugin. -->","yoast_head_json":{"title":"Rokzbastic \u2013 Ide\u00e1ln\u00ed hnojivo pro bohatou a silnou kv\u011btovou produkci","description":"Rokzbastic je vysoce \u00fa\u010dinn\u00e9 hnojivo, kter\u00e9 podporuje intenzivn\u00ed kveten\u00ed a v\u00fdvoj siln\u00fdch kv\u011bt\u016f. Pou\u017eijte Rokzbastic pro zaji\u0161t\u011bn\u00ed maxim\u00e1ln\u00edho v\u00fdnosu va\u0161\u00ed kultury.","robots":{"index":"index","follow":"follow","max-snippet":"max-snippet:-1","max-image-preview":"max-image-preview:large","max-video-preview":"max-video-preview:-1"},"canonical":"https:\/\/atami.com\/cs\/produkt\/rokzbastic","og_locale":"cs_CZ","og_type":"article","og_title":"Rokzbastic","og_description":"Rokzbastic je vysoce \u00fa\u010dinn\u00e9 hnojivo, kter\u00e9 podporuje intenzivn\u00ed kveten\u00ed a v\u00fdvoj siln\u00fdch kv\u011bt\u016f. Pou\u017eijte Rokzbastic pro zaji\u0161t\u011bn\u00ed maxim\u00e1ln\u00edho v\u00fdnosu va\u0161\u00ed kultury.","og_url":"https:\/\/atami.com\/cs\/produkt\/rokzbastic","og_site_name":"Atami","article_publisher":"https:\/\/www.facebook.com\/Atami.International","article_modified_time":"2025-11-24T10:22:03+00:00","og_image":[{"width":1080,"height":1080,"url":"https:\/\/atami.com\/wp-content\/uploads\/2023\/02\/Rokzbastic-product-image.webp","type":"image\/webp"}],"twitter_card":"summary_large_image","twitter_site":"@AtamiEU","twitter_misc":{"Odhadovan\u00e1 doba \u010dten\u00ed":"2 minuty"},"schema":{"@context":"https:\/\/schema.org","@graph":[{"@type":"WebPage","@id":"https:\/\/atami.com\/cs\/produkt\/rokzbastic","url":"https:\/\/atami.com\/cs\/produkt\/rokzbastic","name":"Rokzbastic \u2013 Ide\u00e1ln\u00ed hnojivo pro bohatou a silnou kv\u011btovou produkci","isPartOf":{"@id":"https:\/\/atami.com\/cs#website"},"primaryImageOfPage":{"@id":"https:\/\/atami.com\/cs\/produkt\/rokzbastic#primaryimage"},"image":{"@id":"https:\/\/atami.com\/cs\/produkt\/rokzbastic#primaryimage"},"thumbnailUrl":"https:\/\/atami.com\/wp-content\/uploads\/2023\/02\/Rokzbastic-product-image.webp","datePublished":"2023-02-13T12:36:42+00:00","dateModified":"2025-11-24T10:22:03+00:00","description":"Rokzbastic je vysoce \u00fa\u010dinn\u00e9 hnojivo, kter\u00e9 podporuje intenzivn\u00ed kveten\u00ed a v\u00fdvoj siln\u00fdch kv\u011bt\u016f. Pou\u017eijte Rokzbastic pro zaji\u0161t\u011bn\u00ed maxim\u00e1ln\u00edho v\u00fdnosu va\u0161\u00ed kultury.","breadcrumb":{"@id":"https:\/\/atami.com\/cs\/produkt\/rokzbastic#breadcrumb"},"inLanguage":"cs","potentialAction":[{"@type":"ReadAction","target":["https:\/\/atami.com\/cs\/produkt\/rokzbastic"]}]},{"@type":"ImageObject","inLanguage":"cs","@id":"https:\/\/atami.com\/cs\/produkt\/rokzbastic#primaryimage","url":"https:\/\/atami.com\/wp-content\/uploads\/2023\/02\/Rokzbastic-product-image.webp","contentUrl":"https:\/\/atami.com\/wp-content\/uploads\/2023\/02\/Rokzbastic-product-image.webp","width":1080,"height":1080,"caption":"Jedine\u010dn\u00fd pom\u011br PK 10-20 spole\u010dnosti Rokzbastic podporuje hust\u0161\u00ed a pevn\u011bj\u0161\u00ed kv\u011bty a plody b\u011bhem z\u00e1v\u011bre\u010dn\u00fdch f\u00e1z\u00ed kv\u011btu."},{"@type":"BreadcrumbList","@id":"https:\/\/atami.com\/cs\/produkt\/rokzbastic#breadcrumb","itemListElement":[{"@type":"ListItem","position":1,"name":"Home","item":"https:\/\/atami.com\/cs"},{"@type":"ListItem","position":2,"name":"Produkty","item":"https:\/\/atami.com\/cs\/shop"},{"@type":"ListItem","position":3,"name":"Zna\u010dky","item":"https:\/\/atami.com\/cs\/kategorie-produktu\/znacky"},{"@type":"ListItem","position":4,"name":"Bastics","item":"https:\/\/atami.com\/cs\/kategorie-produktu\/znacky\/bastics"},{"@type":"ListItem","position":5,"name":"Rokzbastic"}]},{"@type":"WebSite","@id":"https:\/\/atami.com\/cs#website","url":"https:\/\/atami.com\/cs","name":"Atami","description":"NATURALLY INNOVATING!","publisher":{"@id":"https:\/\/atami.com\/cs#organization"},"potentialAction":[{"@type":"SearchAction","target":{"@type":"EntryPoint","urlTemplate":"https:\/\/atami.com\/cs?s={search_term_string}"},"query-input":{"@type":"PropertyValueSpecification","valueRequired":true,"valueName":"search_term_string"}}],"inLanguage":"cs"},{"@type":"Organization","@id":"https:\/\/atami.com\/cs#organization","name":"Atami","url":"https:\/\/atami.com\/cs","logo":{"@type":"ImageObject","inLanguage":"cs","@id":"https:\/\/atami.com\/cs#\/schema\/logo\/image\/","url":"https:\/\/atami.com\/wp-content\/uploads\/2026\/01\/Atami-logo-696x696px.webp","contentUrl":"https:\/\/atami.com\/wp-content\/uploads\/2026\/01\/Atami-logo-696x696px.webp","width":696,"height":696,"caption":"Atami"},"image":{"@id":"https:\/\/atami.com\/cs#\/schema\/logo\/image\/"},"sameAs":["https:\/\/www.facebook.com\/Atami.International","https:\/\/x.com\/AtamiEU","https:\/\/www.youtube.com\/c\/AtamiInternational","https:\/\/www.instagram.com\/atami.international\/"],"description":"ATAMI is a premium plant nutrition & substrate brand founded in 1997 with the mission to make exceptional cultivation achievable for everyone. From legacy to license, we offer a wide variety of innovating award-winning products to let cultivators achieve maximum results in taste & yield.","email":"info@mginnovations.es","legalName":"Atami","numberOfEmployees":{"@type":"QuantitativeValue","minValue":"11","maxValue":"50"}}]}},"_links":{"self":[{"href":"https:\/\/atami.com\/cs\/wp-json\/wp\/v2\/product\/49408","targetHints":{"allow":["GET"]}}],"collection":[{"href":"https:\/\/atami.com\/cs\/wp-json\/wp\/v2\/product"}],"about":[{"href":"https:\/\/atami.com\/cs\/wp-json\/wp\/v2\/types\/product"}],"replies":[{"embeddable":true,"href":"https:\/\/atami.com\/cs\/wp-json\/wp\/v2\/comments?post=49408"}],"wp:featuredmedia":[{"embeddable":true,"href":"https:\/\/atami.com\/cs\/wp-json\/wp\/v2\/media\/202132"}],"wp:attachment":[{"href":"https:\/\/atami.com\/cs\/wp-json\/wp\/v2\/media?parent=49408"}],"wp:term":[{"taxonomy":"product_brand","embeddable":true,"href":"https:\/\/atami.com\/cs\/wp-json\/wp\/v2\/product_brand?post=49408"},{"taxonomy":"product_cat","embeddable":true,"href":"https:\/\/atami.com\/cs\/wp-json\/wp\/v2\/product_cat?post=49408"},{"taxonomy":"product_tag","embeddable":true,"href":"https:\/\/atami.com\/cs\/wp-json\/wp\/v2\/product_tag?post=49408"}],"curies":[{"name":"wp","href":"https:\/\/api.w.org\/{rel}","templated":true}]}}