{"id":49389,"date":"2023-02-06T13:16:50","date_gmt":"2023-02-06T13:16:50","guid":{"rendered":"https:\/\/atami.com\/product\/bloombastic\/"},"modified":"2025-11-24T12:21:45","modified_gmt":"2025-11-24T10:21:45","slug":"bloombastic","status":"publish","type":"product","link":"https:\/\/atami.com\/cs\/produkt\/bloombastic","title":{"rendered":"Bloombastic"},"content":{"rendered":"<p><strong>Bloombastic, aditivum pro lep\u0161\u00ed kveten\u00ed \u201ev\u0161e v jednom\u201c, p\u016fsob\u00ed jako stimul\u00e1tor, zpev\u0148ova\u010d, posilova\u010d chuti a aktiv\u00e1tor r\u016fzn\u00fdch enzymatick\u00fdch proces\u016f. Tento vysoce kvalitn\u00ed koktejl r\u016fzn\u00fdch miner\u00e1l\u016f a organick\u00fdch slou\u010denin byl ocen\u011bn mezin\u00e1rodn\u00ed cenou.<\/strong><\/p>\n<p>&nbsp;<\/p>\n<p>Ve srovn\u00e1n\u00ed s jin\u00fdmi tekut\u00fdmi p\u0159\u00edpravky na kveten\u00ed obsahuje Bloombastic p\u0159es 50 % v\u00edce biominer\u00e1l\u016f (fosforu a drasl\u00edku), k \u010demu\u017e nebyly pou\u017eity absolutn\u011b \u017e\u00e1dn\u00e9 balastn\u00ed l\u00e1tky (sod\u00edk a chl\u00f3r). Bloombastic p\u016fsob\u00ed tak\u00e9 v n\u011bkolika oblastech enzymaticky, a proto u rostlin p\u0159edch\u00e1z\u00ed stresu a zotavuje je.<\/p>\n<p>&nbsp;<\/p>\n<p>Bloombastic zvy\u0161uje ve va\u0161ich plodin\u00e1ch obsah cukru a t\u00edm i hmotnost a zlep\u0161uje tak jejich v\u016fni. D\u00edky explozi cukru a kv\u011bt\u016f dod\u00e1v\u00e1 Bloombastic siln\u00e9 a hust\u00e9, sladce von\u00edc\u00ed kv\u011bty. Kombinac\u00ed t\u011bchto vlastnost\u00ed um\u00ed Bloombastic nahradit \u0159adu dal\u0161\u00edch produkt\u016f.<\/p>\n<p>&nbsp;<\/p>\n<p><strong>VHODNOST<\/strong><\/p>\n<p>Bloombastic je univerz\u00e1ln\u00ed v\u00fd\u017eiva vhodn\u00e1 pro r\u016fzn\u00e9 druhy ovoce, zeleniny a bylin, jako jsou chilli papri\u010dky, jahody nebo bor\u016fvky. Lze ho tak\u00e9 pou\u017e\u00edvat na kvetouc\u00ed okrasn\u00e9 rostliny (nap\u0159. orchideje a fialky).<\/p>\n<p>&nbsp;<\/p>\n<p>Zku\u0161en\u00ed p\u011bstitel\u00e9 mohou m\u011b\u0159it po\u017eadovanou d\u00e1vku pro rostlinu podle hodnot NPK.<\/p>\n<p>&nbsp;<\/p>\n<p>Vhodn\u00fd pro p\u011bstov\u00e1n\u00ed v hydroponii, kokosu a p\u016fd\u011b.<\/p>\n<p>&nbsp;<\/p>\n<p><strong>POU\u017dIT\u00cd<\/strong><\/p>\n<p>Aplikujte v posledn\u00edch 4 a\u017e 6 t\u00fddnech kveten\u00ed a zr\u00e1n\u00ed v kombinaci se z\u00e1kladn\u00ed v\u00fd\u017eivou. ATA Bloombastic lze pou\u017e\u00edt s jak\u00fdmkoli substr\u00e1tem a hod\u00ed se i pro v\u0161echny syst\u00e9my zavla\u017eov\u00e1n\u00ed. Pou\u017eit\u00ed p\u0159\u00edpravku Bloombastic nap\u0159\u00edklad spole\u010dn\u011b s produktem <a href=\"https:\/\/atami.com\/cs\/produkt\/bcuzz-bloom-stimulator\/\"><strong>B\u2019cuzz Bloom Stimulator<\/strong><\/a> je pro p\u011bstitele skv\u011bl\u00e1 mo\u017enost, jak d\u00e1l enormn\u011b zv\u00fd\u0161it stimula\u010dn\u00ed efekt ve f\u00e1zi kveten\u00ed.<\/p>\n<p>&nbsp;<\/p>\n<p>Lze kombinovat se z\u00e1kladn\u00ed v\u00fd\u017eivou. V\u011bnujte pozornost hodnot\u011b EC \u017eivn\u00e9ho roztoku. Kombinov\u00e1n\u00ed produktu Bloombastic s (jin\u00fdm) hnojivem PK nejen\u017ee nen\u00ed nutn\u00e9, ale dokonce je potenci\u00e1ln\u011b riskantn\u00ed, proto\u017ee m\u016f\u017ee doj\u00edt k p\u0159ehnojen\u00ed.<\/p>\n<p>&nbsp;<\/p>\n<p><strong>D\u00c1VKOV\u00c1N\u00cd<\/strong><br \/>\n0,5\u20131 ml na litr vody<br \/>\nZvy\u0161uje hodnotu EC v z\u00e1kladn\u00edm \u017eivn\u00e9m roztoku<\/p>\n<p>&nbsp;<\/p>\n<p><strong>PK 14\u201315 W\/W<\/strong><\/p>\n<p>&nbsp;<\/p>\n<p><strong>DOSTUPN\u00dd OBJEM 50 ML, 100 ML, 325 ML, 1250 ML, 5,5 L, 10 L<\/strong><\/p>\n","protected":false},"excerpt":{"rendered":"<p>Univerz\u00e1ln\u00ed p\u0159\u00edsada pro kveten\u00ed<\/p>\n","protected":false},"featured_media":202117,"comment_status":"closed","ping_status":"closed","template":"","meta":{"_acf_changed":false,"iawp_total_views":119},"product_brand":[],"product_cat":[384,378],"product_tag":[],"class_list":{"0":"post-49389","1":"product","2":"type-product","3":"status-publish","4":"has-post-thumbnail","6":"product_cat-aditivni","7":"product_cat-bastics","9":"first","10":"instock","11":"shipping-taxable","12":"purchasable","13":"product-type-simple"},"acf":{"short_description":"<p><strong>Bloombastic, aditivum pro lep\u0161\u00ed kveten\u00ed \u201ev\u0161e v jednom\u201c, p\u016fsob\u00ed jako stimul\u00e1tor, zpev\u0148ova\u010d, posilova\u010d chuti a aktiv\u00e1tor r\u016fzn\u00fdch enzymatick\u00fdch proces\u016f. Tento vysoce kvalitn\u00ed koktejl r\u016fzn\u00fdch miner\u00e1l\u016f a organick\u00fdch slou\u010denin byl ocen\u011bn mezin\u00e1rodn\u00ed cenou.<\/strong><\/p><p>&nbsp;<\/p><p>Ve srovn\u00e1n\u00ed s jin\u00fdmi tekut\u00fdmi p\u0159\u00edpravky na kveten\u00ed obsahuje Bloombastic p\u0159es 50 % v\u00edce biominer\u00e1l\u016f (fosforu a drasl\u00edku), k \u010demu\u017e nebyly pou\u017eity absolutn\u011b \u017e\u00e1dn\u00e9 balastn\u00ed l\u00e1tky (sod\u00edk a chl\u00f3r). Bloombastic p\u016fsob\u00ed tak\u00e9 v n\u011bkolika oblastech enzymaticky, a proto u rostlin p\u0159edch\u00e1z\u00ed stresu a zotavuje je.<\/p><p>&nbsp;<\/p><p>Bloombastic zvy\u0161uje ve va\u0161ich plodin\u00e1ch obsah cukru a t\u00edm i hmotnost a zlep\u0161uje tak jejich v\u016fni. D\u00edky explozi cukru a kv\u011bt\u016f dod\u00e1v\u00e1 Bloombastic siln\u00e9 a hust\u00e9, sladce von\u00edc\u00ed kv\u011bty. Kombinac\u00ed t\u011bchto vlastnost\u00ed um\u00ed Bloombastic nahradit \u0159adu dal\u0161\u00edch produkt\u016f.<\/p>","suitable_for":"<p>Bloombastic je univerz\u00e1ln\u00ed v\u00fd\u017eiva vhodn\u00e1 pro r\u016fzn\u00e9 druhy ovoce, zeleniny a bylin, jako jsou chilli papri\u010dky, jahody nebo bor\u016fvky. Lze ho tak\u00e9 pou\u017e\u00edvat na kvetouc\u00ed okrasn\u00e9 rostliny (nap\u0159. orchideje a fialky).<\/p><p>&nbsp;<\/p><p>Zku\u0161en\u00ed p\u011bstitel\u00e9 mohou m\u011b\u0159it po\u017eadovanou d\u00e1vku pro rostlinu podle hodnot NPK.<\/p><p>&nbsp;<\/p><p>Vhodn\u00fd pro p\u011bstov\u00e1n\u00ed v hydroponii, kokosu a p\u016fd\u011b.<\/p>","application":"<p>Aplikujte v posledn\u00edch 4 a\u017e 6 t\u00fddnech kveten\u00ed a zr\u00e1n\u00ed v kombinaci se z\u00e1kladn\u00ed v\u00fd\u017eivou. ATA Bloombastic lze pou\u017e\u00edt s jak\u00fdmkoli substr\u00e1tem a hod\u00ed se i pro v\u0161echny syst\u00e9my zavla\u017eov\u00e1n\u00ed. Pou\u017eit\u00ed p\u0159\u00edpravku Bloombastic nap\u0159\u00edklad spole\u010dn\u011b s produktem <a href=\"https:\/\/atami.com\/cs\/produkt\/bcuzz-bloom-stimulator\"><strong>B\u2019cuzz Bloom Stimulator<\/strong><\/a> je pro p\u011bstitele skv\u011bl\u00e1 mo\u017enost, jak d\u00e1l enormn\u011b zv\u00fd\u0161it stimula\u010dn\u00ed efekt ve f\u00e1zi kveten\u00ed.<\/p><p>&nbsp;<\/p><p>Lze kombinovat se z\u00e1kladn\u00ed v\u00fd\u017eivou. V\u011bnujte pozornost hodnot\u011b EC \u017eivn\u00e9ho roztoku. Kombinov\u00e1n\u00ed produktu Bloombastic s (jin\u00fdm) hnojivem PK nejen\u017ee nen\u00ed nutn\u00e9, ale dokonce je potenci\u00e1ln\u011b riskantn\u00ed, proto\u017ee m\u016f\u017ee doj\u00edt k p\u0159ehnojen\u00ed.<\/p>","dosage":"<p>0,5\u20131 ml na litr vody<br \/>Zvy\u0161uje hodnotu EC v z\u00e1kladn\u00edm \u017eivn\u00e9m roztoku<\/p>","npk_ratio":"<p>PK 14\u201315 W\/W<\/p>","available_in":"<p>50 ML, 100 ML, 325 ML, 1250 ML, 5,5 L, 10 L<\/p>","icon_1":5369,"icon_1_text":"OBSAHUJE O 50% V\u00cdC FOSFORU A DRASL\u00cdKU NE\u017d JIN\u00c9 TEKUT\u00c9 P\u0158\u00cdPRAVKY NA TRHU UR\u010cEN\u00c9 PRO KVETEN\u00cd","icon_2":5345,"icon_2_text":"VYSOCE KVALITN\u00cd KOKTEJL BIOMINER\u00c1L\u016e A BIOSTIMUL\u00c1TOR\u016e","icon_3":5373,"icon_3_text":"ZVY\u0160UJE OBSAH CUKRU A HMOTNOST A ZV\u00ddRAZ\u0147UJE V\u016eNI!","icon_4":5377,"icon_4_text":"EXPLOZIVN\u00cd PRODUKCE CUKRU A KV\u011aT\u016e","video":"https:\/\/youtu.be\/FIgtkOLSafU","second_image":10866,"product_image_page":5413,"user_manual":"","new_icon_1":196788,"new_icon_2":196803,"new_icon_3":196818,"new_icon_4":196833,"grow_guides":"","category":"Aditivn\u00ed"},"yoast_head":"<!-- This site is optimized with the Yoast SEO Premium plugin v27.5 (Yoast SEO v27.5) - https:\/\/yoast.com\/product\/yoast-seo-premium-wordpress\/ -->\n<title>Bloombastic \u2013 Z\u00edskejte bohat\u0161\u00ed a siln\u011bj\u0161\u00ed kv\u011bty va\u0161ich rostlin<\/title>\n<meta name=\"description\" content=\"Objevte s\u00edlu Bloombastic! Tento \u0161pi\u010dkov\u00fd stimul\u00e1tor kv\u011btu zvy\u0161uje obsah cukru, podporuje tvorbu hust\u00fdch kv\u011bt\u016f a zaji\u0161\u0165uje maxim\u00e1ln\u00ed v\u00fdnos va\u0161ich rostlin.\" \/>\n<meta name=\"robots\" content=\"index, follow, max-snippet:-1, max-image-preview:large, max-video-preview:-1\" \/>\n<link rel=\"canonical\" href=\"https:\/\/atami.com\/cs\/produkt\/bloombastic\" \/>\n<meta property=\"og:locale\" content=\"cs_CZ\" \/>\n<meta property=\"og:type\" content=\"article\" \/>\n<meta property=\"og:title\" content=\"Bloombastic\" \/>\n<meta property=\"og:description\" content=\"Objevte s\u00edlu Bloombastic! Tento \u0161pi\u010dkov\u00fd stimul\u00e1tor kv\u011btu zvy\u0161uje obsah cukru, podporuje tvorbu hust\u00fdch kv\u011bt\u016f a zaji\u0161\u0165uje maxim\u00e1ln\u00ed v\u00fdnos va\u0161ich rostlin.\" \/>\n<meta property=\"og:url\" content=\"https:\/\/atami.com\/cs\/produkt\/bloombastic\" \/>\n<meta property=\"og:site_name\" content=\"Atami\" \/>\n<meta property=\"article:publisher\" content=\"https:\/\/www.facebook.com\/Atami.International\" \/>\n<meta property=\"article:modified_time\" content=\"2025-11-24T10:21:45+00:00\" \/>\n<meta property=\"og:image\" content=\"https:\/\/atami.com\/wp-content\/uploads\/2023\/02\/Bloombastic-product-image.webp\" \/>\n\t<meta property=\"og:image:width\" content=\"1080\" \/>\n\t<meta property=\"og:image:height\" content=\"1080\" \/>\n\t<meta property=\"og:image:type\" content=\"image\/webp\" \/>\n<meta name=\"twitter:card\" content=\"summary_large_image\" \/>\n<meta name=\"twitter:site\" content=\"@AtamiEU\" \/>\n<meta name=\"twitter:label1\" content=\"Odhadovan\u00e1 doba \u010dten\u00ed\" \/>\n\t<meta name=\"twitter:data1\" content=\"2 minuty\" \/>\n<script type=\"application\/ld+json\" class=\"yoast-schema-graph\">{\"@context\":\"https:\\\/\\\/schema.org\",\"@graph\":[{\"@type\":\"WebPage\",\"@id\":\"https:\\\/\\\/atami.com\\\/cs\\\/produkt\\\/bloombastic\",\"url\":\"https:\\\/\\\/atami.com\\\/cs\\\/produkt\\\/bloombastic\",\"name\":\"Bloombastic \u2013 Z\u00edskejte bohat\u0161\u00ed a siln\u011bj\u0161\u00ed kv\u011bty va\u0161ich rostlin\",\"isPartOf\":{\"@id\":\"https:\\\/\\\/atami.com\\\/cs#website\"},\"primaryImageOfPage\":{\"@id\":\"https:\\\/\\\/atami.com\\\/cs\\\/produkt\\\/bloombastic#primaryimage\"},\"image\":{\"@id\":\"https:\\\/\\\/atami.com\\\/cs\\\/produkt\\\/bloombastic#primaryimage\"},\"thumbnailUrl\":\"https:\\\/\\\/atami.com\\\/wp-content\\\/uploads\\\/2023\\\/02\\\/Bloombastic-product-image.webp\",\"datePublished\":\"2023-02-06T13:16:50+00:00\",\"dateModified\":\"2025-11-24T10:21:45+00:00\",\"description\":\"Objevte s\u00edlu Bloombastic! Tento \u0161pi\u010dkov\u00fd stimul\u00e1tor kv\u011btu zvy\u0161uje obsah cukru, podporuje tvorbu hust\u00fdch kv\u011bt\u016f a zaji\u0161\u0165uje maxim\u00e1ln\u00ed v\u00fdnos va\u0161ich rostlin.\",\"breadcrumb\":{\"@id\":\"https:\\\/\\\/atami.com\\\/cs\\\/produkt\\\/bloombastic#breadcrumb\"},\"inLanguage\":\"cs\",\"potentialAction\":[{\"@type\":\"ReadAction\",\"target\":[\"https:\\\/\\\/atami.com\\\/cs\\\/produkt\\\/bloombastic\"]}]},{\"@type\":\"ImageObject\",\"inLanguage\":\"cs\",\"@id\":\"https:\\\/\\\/atami.com\\\/cs\\\/produkt\\\/bloombastic#primaryimage\",\"url\":\"https:\\\/\\\/atami.com\\\/wp-content\\\/uploads\\\/2023\\\/02\\\/Bloombastic-product-image.webp\",\"contentUrl\":\"https:\\\/\\\/atami.com\\\/wp-content\\\/uploads\\\/2023\\\/02\\\/Bloombastic-product-image.webp\",\"width\":1080,\"height\":1080,\"caption\":\"Bloombastic poskytuje vysoce kvalitn\u00ed koktejl miner\u00e1l\u016f a organick\u00fdch slou\u010denin pro zv\u00fd\u0161en\u00ed produkce kv\u011btin a chuti.\"},{\"@type\":\"BreadcrumbList\",\"@id\":\"https:\\\/\\\/atami.com\\\/cs\\\/produkt\\\/bloombastic#breadcrumb\",\"itemListElement\":[{\"@type\":\"ListItem\",\"position\":1,\"name\":\"Home\",\"item\":\"https:\\\/\\\/atami.com\\\/cs\"},{\"@type\":\"ListItem\",\"position\":2,\"name\":\"Produkty\",\"item\":\"https:\\\/\\\/atami.com\\\/cs\\\/shop\"},{\"@type\":\"ListItem\",\"position\":3,\"name\":\"Zna\u010dky\",\"item\":\"https:\\\/\\\/atami.com\\\/cs\\\/kategorie-produktu\\\/znacky\"},{\"@type\":\"ListItem\",\"position\":4,\"name\":\"Bastics\",\"item\":\"https:\\\/\\\/atami.com\\\/cs\\\/kategorie-produktu\\\/znacky\\\/bastics\"},{\"@type\":\"ListItem\",\"position\":5,\"name\":\"Bloombastic\"}]},{\"@type\":\"WebSite\",\"@id\":\"https:\\\/\\\/atami.com\\\/cs#website\",\"url\":\"https:\\\/\\\/atami.com\\\/cs\",\"name\":\"Atami\",\"description\":\"NATURALLY INNOVATING!\",\"publisher\":{\"@id\":\"https:\\\/\\\/atami.com\\\/cs#organization\"},\"potentialAction\":[{\"@type\":\"SearchAction\",\"target\":{\"@type\":\"EntryPoint\",\"urlTemplate\":\"https:\\\/\\\/atami.com\\\/cs?s={search_term_string}\"},\"query-input\":{\"@type\":\"PropertyValueSpecification\",\"valueRequired\":true,\"valueName\":\"search_term_string\"}}],\"inLanguage\":\"cs\"},{\"@type\":\"Organization\",\"@id\":\"https:\\\/\\\/atami.com\\\/cs#organization\",\"name\":\"Atami\",\"url\":\"https:\\\/\\\/atami.com\\\/cs\",\"logo\":{\"@type\":\"ImageObject\",\"inLanguage\":\"cs\",\"@id\":\"https:\\\/\\\/atami.com\\\/cs#\\\/schema\\\/logo\\\/image\\\/\",\"url\":\"https:\\\/\\\/atami.com\\\/wp-content\\\/uploads\\\/2026\\\/01\\\/Atami-logo-696x696px.webp\",\"contentUrl\":\"https:\\\/\\\/atami.com\\\/wp-content\\\/uploads\\\/2026\\\/01\\\/Atami-logo-696x696px.webp\",\"width\":696,\"height\":696,\"caption\":\"Atami\"},\"image\":{\"@id\":\"https:\\\/\\\/atami.com\\\/cs#\\\/schema\\\/logo\\\/image\\\/\"},\"sameAs\":[\"https:\\\/\\\/www.facebook.com\\\/Atami.International\",\"https:\\\/\\\/x.com\\\/AtamiEU\",\"https:\\\/\\\/www.youtube.com\\\/c\\\/AtamiInternational\",\"https:\\\/\\\/www.instagram.com\\\/atami.international\\\/\"],\"description\":\"ATAMI is a premium plant nutrition & substrate brand founded in 1997 with the mission to make exceptional cultivation achievable for everyone. From legacy to license, we offer a wide variety of innovating award-winning products to let cultivators achieve maximum results in taste & yield.\",\"email\":\"info@mginnovations.es\",\"legalName\":\"Atami\",\"numberOfEmployees\":{\"@type\":\"QuantitativeValue\",\"minValue\":\"11\",\"maxValue\":\"50\"}}]}<\/script>\n<!-- \/ Yoast SEO Premium plugin. -->","yoast_head_json":{"title":"Bloombastic \u2013 Z\u00edskejte bohat\u0161\u00ed a siln\u011bj\u0161\u00ed kv\u011bty va\u0161ich rostlin","description":"Objevte s\u00edlu Bloombastic! Tento \u0161pi\u010dkov\u00fd stimul\u00e1tor kv\u011btu zvy\u0161uje obsah cukru, podporuje tvorbu hust\u00fdch kv\u011bt\u016f a zaji\u0161\u0165uje maxim\u00e1ln\u00ed v\u00fdnos va\u0161ich rostlin.","robots":{"index":"index","follow":"follow","max-snippet":"max-snippet:-1","max-image-preview":"max-image-preview:large","max-video-preview":"max-video-preview:-1"},"canonical":"https:\/\/atami.com\/cs\/produkt\/bloombastic","og_locale":"cs_CZ","og_type":"article","og_title":"Bloombastic","og_description":"Objevte s\u00edlu Bloombastic! Tento \u0161pi\u010dkov\u00fd stimul\u00e1tor kv\u011btu zvy\u0161uje obsah cukru, podporuje tvorbu hust\u00fdch kv\u011bt\u016f a zaji\u0161\u0165uje maxim\u00e1ln\u00ed v\u00fdnos va\u0161ich rostlin.","og_url":"https:\/\/atami.com\/cs\/produkt\/bloombastic","og_site_name":"Atami","article_publisher":"https:\/\/www.facebook.com\/Atami.International","article_modified_time":"2025-11-24T10:21:45+00:00","og_image":[{"width":1080,"height":1080,"url":"https:\/\/atami.com\/wp-content\/uploads\/2023\/02\/Bloombastic-product-image.webp","type":"image\/webp"}],"twitter_card":"summary_large_image","twitter_site":"@AtamiEU","twitter_misc":{"Odhadovan\u00e1 doba \u010dten\u00ed":"2 minuty"},"schema":{"@context":"https:\/\/schema.org","@graph":[{"@type":"WebPage","@id":"https:\/\/atami.com\/cs\/produkt\/bloombastic","url":"https:\/\/atami.com\/cs\/produkt\/bloombastic","name":"Bloombastic \u2013 Z\u00edskejte bohat\u0161\u00ed a siln\u011bj\u0161\u00ed kv\u011bty va\u0161ich rostlin","isPartOf":{"@id":"https:\/\/atami.com\/cs#website"},"primaryImageOfPage":{"@id":"https:\/\/atami.com\/cs\/produkt\/bloombastic#primaryimage"},"image":{"@id":"https:\/\/atami.com\/cs\/produkt\/bloombastic#primaryimage"},"thumbnailUrl":"https:\/\/atami.com\/wp-content\/uploads\/2023\/02\/Bloombastic-product-image.webp","datePublished":"2023-02-06T13:16:50+00:00","dateModified":"2025-11-24T10:21:45+00:00","description":"Objevte s\u00edlu Bloombastic! Tento \u0161pi\u010dkov\u00fd stimul\u00e1tor kv\u011btu zvy\u0161uje obsah cukru, podporuje tvorbu hust\u00fdch kv\u011bt\u016f a zaji\u0161\u0165uje maxim\u00e1ln\u00ed v\u00fdnos va\u0161ich rostlin.","breadcrumb":{"@id":"https:\/\/atami.com\/cs\/produkt\/bloombastic#breadcrumb"},"inLanguage":"cs","potentialAction":[{"@type":"ReadAction","target":["https:\/\/atami.com\/cs\/produkt\/bloombastic"]}]},{"@type":"ImageObject","inLanguage":"cs","@id":"https:\/\/atami.com\/cs\/produkt\/bloombastic#primaryimage","url":"https:\/\/atami.com\/wp-content\/uploads\/2023\/02\/Bloombastic-product-image.webp","contentUrl":"https:\/\/atami.com\/wp-content\/uploads\/2023\/02\/Bloombastic-product-image.webp","width":1080,"height":1080,"caption":"Bloombastic poskytuje vysoce kvalitn\u00ed koktejl miner\u00e1l\u016f a organick\u00fdch slou\u010denin pro zv\u00fd\u0161en\u00ed produkce kv\u011btin a chuti."},{"@type":"BreadcrumbList","@id":"https:\/\/atami.com\/cs\/produkt\/bloombastic#breadcrumb","itemListElement":[{"@type":"ListItem","position":1,"name":"Home","item":"https:\/\/atami.com\/cs"},{"@type":"ListItem","position":2,"name":"Produkty","item":"https:\/\/atami.com\/cs\/shop"},{"@type":"ListItem","position":3,"name":"Zna\u010dky","item":"https:\/\/atami.com\/cs\/kategorie-produktu\/znacky"},{"@type":"ListItem","position":4,"name":"Bastics","item":"https:\/\/atami.com\/cs\/kategorie-produktu\/znacky\/bastics"},{"@type":"ListItem","position":5,"name":"Bloombastic"}]},{"@type":"WebSite","@id":"https:\/\/atami.com\/cs#website","url":"https:\/\/atami.com\/cs","name":"Atami","description":"NATURALLY INNOVATING!","publisher":{"@id":"https:\/\/atami.com\/cs#organization"},"potentialAction":[{"@type":"SearchAction","target":{"@type":"EntryPoint","urlTemplate":"https:\/\/atami.com\/cs?s={search_term_string}"},"query-input":{"@type":"PropertyValueSpecification","valueRequired":true,"valueName":"search_term_string"}}],"inLanguage":"cs"},{"@type":"Organization","@id":"https:\/\/atami.com\/cs#organization","name":"Atami","url":"https:\/\/atami.com\/cs","logo":{"@type":"ImageObject","inLanguage":"cs","@id":"https:\/\/atami.com\/cs#\/schema\/logo\/image\/","url":"https:\/\/atami.com\/wp-content\/uploads\/2026\/01\/Atami-logo-696x696px.webp","contentUrl":"https:\/\/atami.com\/wp-content\/uploads\/2026\/01\/Atami-logo-696x696px.webp","width":696,"height":696,"caption":"Atami"},"image":{"@id":"https:\/\/atami.com\/cs#\/schema\/logo\/image\/"},"sameAs":["https:\/\/www.facebook.com\/Atami.International","https:\/\/x.com\/AtamiEU","https:\/\/www.youtube.com\/c\/AtamiInternational","https:\/\/www.instagram.com\/atami.international\/"],"description":"ATAMI is a premium plant nutrition & substrate brand founded in 1997 with the mission to make exceptional cultivation achievable for everyone. From legacy to license, we offer a wide variety of innovating award-winning products to let cultivators achieve maximum results in taste & yield.","email":"info@mginnovations.es","legalName":"Atami","numberOfEmployees":{"@type":"QuantitativeValue","minValue":"11","maxValue":"50"}}]}},"_links":{"self":[{"href":"https:\/\/atami.com\/cs\/wp-json\/wp\/v2\/product\/49389","targetHints":{"allow":["GET"]}}],"collection":[{"href":"https:\/\/atami.com\/cs\/wp-json\/wp\/v2\/product"}],"about":[{"href":"https:\/\/atami.com\/cs\/wp-json\/wp\/v2\/types\/product"}],"replies":[{"embeddable":true,"href":"https:\/\/atami.com\/cs\/wp-json\/wp\/v2\/comments?post=49389"}],"wp:featuredmedia":[{"embeddable":true,"href":"https:\/\/atami.com\/cs\/wp-json\/wp\/v2\/media\/202117"}],"wp:attachment":[{"href":"https:\/\/atami.com\/cs\/wp-json\/wp\/v2\/media?parent=49389"}],"wp:term":[{"taxonomy":"product_brand","embeddable":true,"href":"https:\/\/atami.com\/cs\/wp-json\/wp\/v2\/product_brand?post=49389"},{"taxonomy":"product_cat","embeddable":true,"href":"https:\/\/atami.com\/cs\/wp-json\/wp\/v2\/product_cat?post=49389"},{"taxonomy":"product_tag","embeddable":true,"href":"https:\/\/atami.com\/cs\/wp-json\/wp\/v2\/product_tag?post=49389"}],"curies":[{"name":"wp","href":"https:\/\/api.w.org\/{rel}","templated":true}]}}