{"id":211874,"date":"2025-09-08T14:07:36","date_gmt":"2025-09-08T12:07:36","guid":{"rendered":"https:\/\/atami.com\/product\/nutrient-pack"},"modified":"2025-09-08T14:07:36","modified_gmt":"2025-09-08T12:07:36","slug":"nutrient-pack","status":"publish","type":"product","link":"https:\/\/atami.com\/cs\/produkt\/nutrient-pack","title":{"rendered":"Nutrient Pack"},"content":{"rendered":"<p>Bal\u00ed\u010dek \u017eivin je ide\u00e1ln\u00ed pro p\u011bstitele, kte\u0159\u00ed cht\u011bj\u00ed vysoce kvalitn\u00ed miner\u00e1ln\u00ed v\u00fd\u017eivu, aby maximalizovali potenci\u00e1l sv\u00fdch rostlin p\u011bstovan\u00fdch v pln\u00e9 p\u016fd\u011b a zeminy.<\/p>\n<p>&nbsp;<\/p>\n<p>Tento bal\u00ed\u010dek obsahuje vysoce <strong>koncentrovan\u00e9 z\u00e1kladn\u00ed \u017eiviny B\u2019cuzz Soil A&amp;B<\/strong> a osv\u011bd\u010den\u00fd komplexn\u00ed <strong>p\u0159\u00edsadov\u00fd p\u0159\u00edpravek pro kveten\u00ed Bloombastic<\/strong>. Komplexn\u00ed \u017eiviny pro v\u0161echny druhy rostlin.<\/p>\n<p>&nbsp;<\/p>\n<p><strong>V BAL\u00cd\u010cKU<\/strong><\/p>\n<p>Bloombastic 50 ml + B&#8217;cuzz Soil A&amp;B 250 ml<\/p>\n","protected":false},"excerpt":{"rendered":"<p>Bal\u00ed\u010dek \u017eivin je ide\u00e1ln\u00ed pro p\u011bstitele, kte\u0159\u00ed cht\u011bj\u00ed vysoce kvalitn\u00ed miner\u00e1ln\u00ed v\u00fd\u017eivu, aby maximalizovali potenci\u00e1l sv\u00fdch rostlin p\u011bstovan\u00fdch v pln\u00e9 p\u016fd\u011b a zeminy. &nbsp; Tento bal\u00ed\u010dek obsahuje vysoce koncentrovan\u00e9 z\u00e1kladn\u00ed \u017eiviny B\u2019cuzz Soil A&amp;B a osv\u011bd\u010den\u00fd komplexn\u00ed p\u0159\u00edsadov\u00fd p\u0159\u00edpravek pro kveten\u00ed Bloombastic. Komplexn\u00ed \u017eiviny pro v\u0161echny druhy rostlin. &nbsp; V BAL\u00cd\u010cKU Bloombastic 50 ml + [&hellip;]<\/p>\n","protected":false},"featured_media":211026,"comment_status":"closed","ping_status":"closed","template":"","meta":{"_acf_changed":false,"iawp_total_views":8},"product_brand":[],"product_cat":[485],"product_tag":[],"class_list":{"0":"post-211874","1":"product","2":"type-product","3":"status-publish","4":"has-post-thumbnail","6":"product_cat-krabice-a-balicky","8":"first","9":"instock","10":"shipping-taxable","11":"product-type-simple"},"acf":{"short_description":"<p>Bal\u00ed\u010dek \u017eivin je ide\u00e1ln\u00ed pro p\u011bstitele, kte\u0159\u00ed cht\u011bj\u00ed vysoce kvalitn\u00ed miner\u00e1ln\u00ed v\u00fd\u017eivu, aby maximalizovali potenci\u00e1l sv\u00fdch rostlin p\u011bstovan\u00fdch v pln\u00e9 p\u016fd\u011b a zeminy.<\/p> <p>&nbsp;<\/p> <p>Tento bal\u00ed\u010dek obsahuje vysoce <strong>koncentrovan\u00e9 z\u00e1kladn\u00ed \u017eiviny B\u2019cuzz Soil A&amp;B<\/strong> a osv\u011bd\u010den\u00fd komplexn\u00ed <strong>p\u0159\u00edsadov\u00fd p\u0159\u00edpravek pro kveten\u00ed Bloombastic<\/strong>. Komplexn\u00ed \u017eiviny pro v\u0161echny druhy rostlin.<\/p> <p>&nbsp;<\/p> <p><strong>V BAL\u00cd\u010cKU<\/strong><\/p> <p>Bloombastic 50 ml + B'cuzz Soil A&amp;B 250 ml<\/p>","suitable_for":"","application":"","dosage":"","npk_ratio":"","available_in":"","icon_1":"","icon_1_text":"","icon_2":"","icon_2_text":"","icon_3":"","icon_3_text":"","icon_4":"","icon_4_text":"","video":null,"second_image":211026,"product_image_page":"","user_manual":"","new_icon_1":"","new_icon_2":"","new_icon_3":"","new_icon_4":"","grow_guides":null,"category":"Krabice"},"yoast_head":"<!-- This site is optimized with the Yoast SEO Premium plugin v27.4 (Yoast SEO v27.4) - https:\/\/yoast.com\/product\/yoast-seo-premium-wordpress\/ -->\n<title>Nutrient Pack | Atami<\/title>\n<meta name=\"robots\" content=\"index, follow, max-snippet:-1, max-image-preview:large, max-video-preview:-1\" \/>\n<link rel=\"canonical\" href=\"https:\/\/atami.com\/cs\/produkt\/nutrient-pack\" \/>\n<meta property=\"og:locale\" content=\"cs_CZ\" \/>\n<meta property=\"og:type\" content=\"article\" \/>\n<meta property=\"og:title\" content=\"Nutrient Pack\" \/>\n<meta property=\"og:description\" content=\"Bal\u00ed\u010dek \u017eivin je ide\u00e1ln\u00ed pro p\u011bstitele, kte\u0159\u00ed cht\u011bj\u00ed vysoce kvalitn\u00ed miner\u00e1ln\u00ed v\u00fd\u017eivu, aby maximalizovali potenci\u00e1l sv\u00fdch rostlin p\u011bstovan\u00fdch v pln\u00e9 p\u016fd\u011b a zeminy. &nbsp; Tento bal\u00ed\u010dek obsahuje vysoce koncentrovan\u00e9 z\u00e1kladn\u00ed \u017eiviny B\u2019cuzz Soil A&amp;B a osv\u011bd\u010den\u00fd komplexn\u00ed p\u0159\u00edsadov\u00fd p\u0159\u00edpravek pro kveten\u00ed Bloombastic. Komplexn\u00ed \u017eiviny pro v\u0161echny druhy rostlin. &nbsp; V BAL\u00cd\u010cKU Bloombastic 50 ml + [&hellip;]\" \/>\n<meta property=\"og:url\" content=\"https:\/\/atami.com\/cs\/produkt\/nutrient-pack\" \/>\n<meta property=\"og:site_name\" content=\"Atami\" \/>\n<meta property=\"article:publisher\" content=\"https:\/\/www.facebook.com\/Atami.International\" \/>\n<meta property=\"og:image\" content=\"https:\/\/atami.com\/wp-content\/uploads\/2025\/09\/Nutrient-Pack-Product-Image.webp\" \/>\n\t<meta property=\"og:image:width\" content=\"1080\" \/>\n\t<meta property=\"og:image:height\" content=\"1080\" \/>\n\t<meta property=\"og:image:type\" content=\"image\/webp\" \/>\n<meta name=\"twitter:card\" content=\"summary_large_image\" \/>\n<meta name=\"twitter:site\" content=\"@AtamiEU\" \/>\n<script type=\"application\/ld+json\" class=\"yoast-schema-graph\">{\"@context\":\"https:\\\/\\\/schema.org\",\"@graph\":[{\"@type\":\"WebPage\",\"@id\":\"https:\\\/\\\/atami.com\\\/cs\\\/produkt\\\/nutrient-pack\",\"url\":\"https:\\\/\\\/atami.com\\\/cs\\\/produkt\\\/nutrient-pack\",\"name\":\"Nutrient Pack | Atami\",\"isPartOf\":{\"@id\":\"https:\\\/\\\/atami.com\\\/cs#website\"},\"primaryImageOfPage\":{\"@id\":\"https:\\\/\\\/atami.com\\\/cs\\\/produkt\\\/nutrient-pack#primaryimage\"},\"image\":{\"@id\":\"https:\\\/\\\/atami.com\\\/cs\\\/produkt\\\/nutrient-pack#primaryimage\"},\"thumbnailUrl\":\"https:\\\/\\\/atami.com\\\/wp-content\\\/uploads\\\/2025\\\/09\\\/Nutrient-Pack-Product-Image.webp\",\"datePublished\":\"2025-09-08T12:07:36+00:00\",\"breadcrumb\":{\"@id\":\"https:\\\/\\\/atami.com\\\/cs\\\/produkt\\\/nutrient-pack#breadcrumb\"},\"inLanguage\":\"cs\",\"potentialAction\":[{\"@type\":\"ReadAction\",\"target\":[\"https:\\\/\\\/atami.com\\\/cs\\\/produkt\\\/nutrient-pack\"]}]},{\"@type\":\"ImageObject\",\"inLanguage\":\"cs\",\"@id\":\"https:\\\/\\\/atami.com\\\/cs\\\/produkt\\\/nutrient-pack#primaryimage\",\"url\":\"https:\\\/\\\/atami.com\\\/wp-content\\\/uploads\\\/2025\\\/09\\\/Nutrient-Pack-Product-Image.webp\",\"contentUrl\":\"https:\\\/\\\/atami.com\\\/wp-content\\\/uploads\\\/2025\\\/09\\\/Nutrient-Pack-Product-Image.webp\",\"width\":1080,\"height\":1080},{\"@type\":\"BreadcrumbList\",\"@id\":\"https:\\\/\\\/atami.com\\\/cs\\\/produkt\\\/nutrient-pack#breadcrumb\",\"itemListElement\":[{\"@type\":\"ListItem\",\"position\":1,\"name\":\"Home\",\"item\":\"https:\\\/\\\/atami.com\\\/cs\"},{\"@type\":\"ListItem\",\"position\":2,\"name\":\"Produkty\",\"item\":\"https:\\\/\\\/atami.com\\\/cs\\\/shop\"},{\"@type\":\"ListItem\",\"position\":3,\"name\":\"Krabice a bal\u00ed\u010dky\",\"item\":\"https:\\\/\\\/atami.com\\\/cs\\\/kategorie-produktu\\\/krabice-a-balicky\"},{\"@type\":\"ListItem\",\"position\":4,\"name\":\"Nutrient Pack\"}]},{\"@type\":\"WebSite\",\"@id\":\"https:\\\/\\\/atami.com\\\/cs#website\",\"url\":\"https:\\\/\\\/atami.com\\\/cs\",\"name\":\"Atami\",\"description\":\"NATURALLY INNOVATING!\",\"publisher\":{\"@id\":\"https:\\\/\\\/atami.com\\\/cs#organization\"},\"potentialAction\":[{\"@type\":\"SearchAction\",\"target\":{\"@type\":\"EntryPoint\",\"urlTemplate\":\"https:\\\/\\\/atami.com\\\/cs?s={search_term_string}\"},\"query-input\":{\"@type\":\"PropertyValueSpecification\",\"valueRequired\":true,\"valueName\":\"search_term_string\"}}],\"inLanguage\":\"cs\"},{\"@type\":\"Organization\",\"@id\":\"https:\\\/\\\/atami.com\\\/cs#organization\",\"name\":\"Atami\",\"url\":\"https:\\\/\\\/atami.com\\\/cs\",\"logo\":{\"@type\":\"ImageObject\",\"inLanguage\":\"cs\",\"@id\":\"https:\\\/\\\/atami.com\\\/cs#\\\/schema\\\/logo\\\/image\\\/\",\"url\":\"https:\\\/\\\/atami.com\\\/wp-content\\\/uploads\\\/2026\\\/01\\\/Atami-logo-696x696px.webp\",\"contentUrl\":\"https:\\\/\\\/atami.com\\\/wp-content\\\/uploads\\\/2026\\\/01\\\/Atami-logo-696x696px.webp\",\"width\":696,\"height\":696,\"caption\":\"Atami\"},\"image\":{\"@id\":\"https:\\\/\\\/atami.com\\\/cs#\\\/schema\\\/logo\\\/image\\\/\"},\"sameAs\":[\"https:\\\/\\\/www.facebook.com\\\/Atami.International\",\"https:\\\/\\\/x.com\\\/AtamiEU\",\"https:\\\/\\\/www.youtube.com\\\/c\\\/AtamiInternational\",\"https:\\\/\\\/www.instagram.com\\\/atami.international\\\/\"],\"description\":\"ATAMI is a premium plant nutrition & substrate brand founded in 1997 with the mission to make exceptional cultivation achievable for everyone. From legacy to license, we offer a wide variety of innovating award-winning products to let cultivators achieve maximum results in taste & yield.\",\"email\":\"info@mginnovations.es\",\"legalName\":\"Atami\",\"numberOfEmployees\":{\"@type\":\"QuantitativeValue\",\"minValue\":\"11\",\"maxValue\":\"50\"}}]}<\/script>\n<!-- \/ Yoast SEO Premium plugin. -->","yoast_head_json":{"title":"Nutrient Pack | Atami","robots":{"index":"index","follow":"follow","max-snippet":"max-snippet:-1","max-image-preview":"max-image-preview:large","max-video-preview":"max-video-preview:-1"},"canonical":"https:\/\/atami.com\/cs\/produkt\/nutrient-pack","og_locale":"cs_CZ","og_type":"article","og_title":"Nutrient Pack","og_description":"Bal\u00ed\u010dek \u017eivin je ide\u00e1ln\u00ed pro p\u011bstitele, kte\u0159\u00ed cht\u011bj\u00ed vysoce kvalitn\u00ed miner\u00e1ln\u00ed v\u00fd\u017eivu, aby maximalizovali potenci\u00e1l sv\u00fdch rostlin p\u011bstovan\u00fdch v pln\u00e9 p\u016fd\u011b a zeminy. &nbsp; Tento bal\u00ed\u010dek obsahuje vysoce koncentrovan\u00e9 z\u00e1kladn\u00ed \u017eiviny B\u2019cuzz Soil A&amp;B a osv\u011bd\u010den\u00fd komplexn\u00ed p\u0159\u00edsadov\u00fd p\u0159\u00edpravek pro kveten\u00ed Bloombastic. Komplexn\u00ed \u017eiviny pro v\u0161echny druhy rostlin. &nbsp; V BAL\u00cd\u010cKU Bloombastic 50 ml + [&hellip;]","og_url":"https:\/\/atami.com\/cs\/produkt\/nutrient-pack","og_site_name":"Atami","article_publisher":"https:\/\/www.facebook.com\/Atami.International","og_image":[{"width":1080,"height":1080,"url":"https:\/\/atami.com\/wp-content\/uploads\/2025\/09\/Nutrient-Pack-Product-Image.webp","type":"image\/webp"}],"twitter_card":"summary_large_image","twitter_site":"@AtamiEU","schema":{"@context":"https:\/\/schema.org","@graph":[{"@type":"WebPage","@id":"https:\/\/atami.com\/cs\/produkt\/nutrient-pack","url":"https:\/\/atami.com\/cs\/produkt\/nutrient-pack","name":"Nutrient Pack | Atami","isPartOf":{"@id":"https:\/\/atami.com\/cs#website"},"primaryImageOfPage":{"@id":"https:\/\/atami.com\/cs\/produkt\/nutrient-pack#primaryimage"},"image":{"@id":"https:\/\/atami.com\/cs\/produkt\/nutrient-pack#primaryimage"},"thumbnailUrl":"https:\/\/atami.com\/wp-content\/uploads\/2025\/09\/Nutrient-Pack-Product-Image.webp","datePublished":"2025-09-08T12:07:36+00:00","breadcrumb":{"@id":"https:\/\/atami.com\/cs\/produkt\/nutrient-pack#breadcrumb"},"inLanguage":"cs","potentialAction":[{"@type":"ReadAction","target":["https:\/\/atami.com\/cs\/produkt\/nutrient-pack"]}]},{"@type":"ImageObject","inLanguage":"cs","@id":"https:\/\/atami.com\/cs\/produkt\/nutrient-pack#primaryimage","url":"https:\/\/atami.com\/wp-content\/uploads\/2025\/09\/Nutrient-Pack-Product-Image.webp","contentUrl":"https:\/\/atami.com\/wp-content\/uploads\/2025\/09\/Nutrient-Pack-Product-Image.webp","width":1080,"height":1080},{"@type":"BreadcrumbList","@id":"https:\/\/atami.com\/cs\/produkt\/nutrient-pack#breadcrumb","itemListElement":[{"@type":"ListItem","position":1,"name":"Home","item":"https:\/\/atami.com\/cs"},{"@type":"ListItem","position":2,"name":"Produkty","item":"https:\/\/atami.com\/cs\/shop"},{"@type":"ListItem","position":3,"name":"Krabice a bal\u00ed\u010dky","item":"https:\/\/atami.com\/cs\/kategorie-produktu\/krabice-a-balicky"},{"@type":"ListItem","position":4,"name":"Nutrient Pack"}]},{"@type":"WebSite","@id":"https:\/\/atami.com\/cs#website","url":"https:\/\/atami.com\/cs","name":"Atami","description":"NATURALLY INNOVATING!","publisher":{"@id":"https:\/\/atami.com\/cs#organization"},"potentialAction":[{"@type":"SearchAction","target":{"@type":"EntryPoint","urlTemplate":"https:\/\/atami.com\/cs?s={search_term_string}"},"query-input":{"@type":"PropertyValueSpecification","valueRequired":true,"valueName":"search_term_string"}}],"inLanguage":"cs"},{"@type":"Organization","@id":"https:\/\/atami.com\/cs#organization","name":"Atami","url":"https:\/\/atami.com\/cs","logo":{"@type":"ImageObject","inLanguage":"cs","@id":"https:\/\/atami.com\/cs#\/schema\/logo\/image\/","url":"https:\/\/atami.com\/wp-content\/uploads\/2026\/01\/Atami-logo-696x696px.webp","contentUrl":"https:\/\/atami.com\/wp-content\/uploads\/2026\/01\/Atami-logo-696x696px.webp","width":696,"height":696,"caption":"Atami"},"image":{"@id":"https:\/\/atami.com\/cs#\/schema\/logo\/image\/"},"sameAs":["https:\/\/www.facebook.com\/Atami.International","https:\/\/x.com\/AtamiEU","https:\/\/www.youtube.com\/c\/AtamiInternational","https:\/\/www.instagram.com\/atami.international\/"],"description":"ATAMI is a premium plant nutrition & substrate brand founded in 1997 with the mission to make exceptional cultivation achievable for everyone. From legacy to license, we offer a wide variety of innovating award-winning products to let cultivators achieve maximum results in taste & yield.","email":"info@mginnovations.es","legalName":"Atami","numberOfEmployees":{"@type":"QuantitativeValue","minValue":"11","maxValue":"50"}}]}},"_links":{"self":[{"href":"https:\/\/atami.com\/cs\/wp-json\/wp\/v2\/product\/211874","targetHints":{"allow":["GET"]}}],"collection":[{"href":"https:\/\/atami.com\/cs\/wp-json\/wp\/v2\/product"}],"about":[{"href":"https:\/\/atami.com\/cs\/wp-json\/wp\/v2\/types\/product"}],"replies":[{"embeddable":true,"href":"https:\/\/atami.com\/cs\/wp-json\/wp\/v2\/comments?post=211874"}],"wp:featuredmedia":[{"embeddable":true,"href":"https:\/\/atami.com\/cs\/wp-json\/wp\/v2\/media\/211026"}],"wp:attachment":[{"href":"https:\/\/atami.com\/cs\/wp-json\/wp\/v2\/media?parent=211874"}],"wp:term":[{"taxonomy":"product_brand","embeddable":true,"href":"https:\/\/atami.com\/cs\/wp-json\/wp\/v2\/product_brand?post=211874"},{"taxonomy":"product_cat","embeddable":true,"href":"https:\/\/atami.com\/cs\/wp-json\/wp\/v2\/product_cat?post=211874"},{"taxonomy":"product_tag","embeddable":true,"href":"https:\/\/atami.com\/cs\/wp-json\/wp\/v2\/product_tag?post=211874"}],"curies":[{"name":"wp","href":"https:\/\/api.w.org\/{rel}","templated":true}]}}