{"id":202505,"date":"2025-01-22T12:19:25","date_gmt":"2025-01-22T10:19:25","guid":{"rendered":"https:\/\/atami.com\/?post_type=product&#038;p=202505"},"modified":"2025-11-24T12:22:40","modified_gmt":"2025-11-24T10:22:40","slug":"vgn-calmag","status":"publish","type":"product","link":"https:\/\/atami.com\/cs\/produkt\/vgn-calmag","title":{"rendered":"VGN CALMAG"},"content":{"rendered":"","protected":false},"excerpt":{"rendered":"<p>Veganic calmag<\/p>\n","protected":false},"featured_media":202447,"comment_status":"closed","ping_status":"closed","template":"","meta":{"_acf_changed":false,"iawp_total_views":25},"product_brand":[],"product_cat":[384,2335],"product_tag":[],"class_list":{"0":"post-202505","1":"product","2":"type-product","3":"status-publish","4":"has-post-thumbnail","6":"product_cat-aditivni","7":"product_cat-vgn-veganic-fertilisers","9":"first","10":"instock","11":"shipping-taxable","12":"product-type-simple"},"acf":{"short_description":"<p><strong>Dopln\u011bk v\u00e1pn\u00edku a ho\u0159\u010d\u00edku pro ekologick\u00e9 zem\u011bd\u011blstv\u00ed.<\/strong><\/p><p>P\u0159esn\u00e9 slo\u017een\u00ed kohoutkov\u00e9 vody, kterou pou\u017e\u00edv\u00e1me, je obvykle nejist\u00e9. Nem\u016f\u017eeme se na ni tedy spol\u00e9hat jako na jedin\u00fd zdroj v\u00e1pn\u00edku a ho\u0159\u010d\u00edku. Pokud p\u0159i p\u011bstov\u00e1n\u00ed pou\u017e\u00edv\u00e1te m\u011bkkou vodu z vodovodu, de\u0161\u0165ovou vodu nebo reverzn\u00ed osm\u00f3zu, je p\u0159id\u00e1v\u00e1n\u00ed v\u00e1pn\u00edku a ho\u0159\u010d\u00edku t\u00e9m\u011b\u0159 povinn\u00e9.<\/p><p>&nbsp;<\/p><p>VGN Calmag v\u00e1m pom\u016f\u017ee odstranit nedostatek Ca\/Mg dopln\u011bn\u00edm t\u011bchto prvk\u016f. V\u00e1pn\u00edk a ho\u0159\u010d\u00edk jsou \u017eivotn\u011b d\u016fle\u017eit\u00e9 prvky pro bun\u011b\u010dn\u00e9 st\u011bny, tvorbu bun\u011bk a fotosynt\u00e9zu. V\u0161e, co rostlina pot\u0159ebuje pro siln\u00fd r\u016fst a bohat\u00fd kv\u011bt!<\/p><p>&nbsp;<\/p><p>Pro\u010d si vybrat VGN Calmag? Tento produkt je sm\u011bs\u00ed nejlep\u0161\u00edch ingredienc\u00ed, ov\u011b\u0159en\u00fdch Control Union a schv\u00e1len\u00fdch pro ekologick\u00e9 zem\u011bd\u011blstv\u00ed. To v\u0161e bez p\u0159\u00eddavku dus\u00edku! VGN Calmag nem\u011bn\u00ed pom\u011br NPK v \u017eivn\u00e9m roztoku. Snadno pomoc\u00ed n\u011bj p\u0159esn\u011b a p\u0159irozen\u011b naprav\u00edte nerovnov\u00e1hu a nedostatky \u017eivn\u00e9ho roztoku.<\/p>","suitable_for":"<p>Vhodn\u00e9 pro p\u011bstov\u00e1n\u00ed v p\u016fd\u011b. <br \/>M\u00e9n\u011b vhodn\u00e9 pro zavla\u017eovac\u00ed syst\u00e9my, m\u016f\u017ee zp\u016fsobovat z\u00e1pach a biofilm.<\/p>","application":"<p><strong>Jak pou\u017e\u00edvat?<\/strong><br \/>1. Napl\u0148te n\u00e1dobu z 50 % pot\u0159ebn\u00fdm mno\u017estv\u00edm vody.<br \/>2. Odm\u011b\u0159te pot\u0159ebn\u00e9 mno\u017estv\u00ed p\u0159\u00edpravku VGN Calmag a p\u0159idejte jej do n\u00e1dr\u017ee za sou\u010dasn\u00e9ho m\u00edch\u00e1n\u00ed vody.<br \/>3. P\u0159idejte dal\u0161\u00ed \u017eiviny nebo aditiva.<br \/>4. Dopl\u0148te zbyl\u00fdch 50 % vody a dob\u0159e prom\u00edchejte.<br \/>5. V p\u0159\u00edpad\u011b pot\u0159eby upravte pH roztoku.<br \/>6. V\u00e1\u0161 dokonale vyv\u00e1\u017een\u00fd \u017eivn\u00fd roztok je nyn\u00ed p\u0159ipraven k aplikaci!<\/p>","dosage":"<p>P\u0159idejte 1 a\u017e 2 ml p\u0159\u00edpravku VGN CALMAG na 1 litr kohoutkov\u00e9 vody ve v\u0161ech f\u00e1z\u00edch.<\/p>","npk_ratio":"","available_in":"<p>4x250ml, 500ml, 1L, 5L, 10L<\/p>","icon_1":202490,"icon_1_text":"Extra v\u00e1pn\u00edk a ho\u0159\u010d\u00edk <br>bez dus\u00edku","icon_2":184156,"icon_2_text":"","icon_3":"","icon_3_text":"","icon_4":"","icon_4_text":"","video":"","second_image":"","product_image_page":"","user_manual":"","new_icon_1":"","new_icon_2":"","new_icon_3":"","new_icon_4":"","grow_guides":"","category":"Aditivn\u00ed"},"yoast_head":"<!-- This site is optimized with the Yoast SEO Premium plugin v27.5 (Yoast SEO v27.5) - https:\/\/yoast.com\/product\/yoast-seo-premium-wordpress\/ -->\n<title>VGN CALMAG - Dopln\u011bk v\u00e1pn\u00edku a ho\u0159\u010d\u00edku pro ekologick\u00e9 zem\u011bd\u011blstv\u00ed | Atami<\/title>\n<meta name=\"description\" content=\"P\u0159esn\u00e9 slo\u017een\u00ed kohoutkov\u00e9 vody, kterou pou\u017e\u00edv\u00e1me, je obvykle nejist\u00e9. Nem\u016f\u017eeme se na ni tedy spol\u00e9hat jako na jedin\u00fd zdroj v\u00e1pn\u00edku a ho\u0159\u010d\u00edku.\" \/>\n<meta name=\"robots\" content=\"index, follow, max-snippet:-1, max-image-preview:large, max-video-preview:-1\" \/>\n<link rel=\"canonical\" href=\"https:\/\/atami.com\/cs\/produkt\/vgn-calmag\" \/>\n<meta property=\"og:locale\" content=\"cs_CZ\" \/>\n<meta property=\"og:type\" content=\"article\" \/>\n<meta property=\"og:title\" content=\"VGN CALMAG\" \/>\n<meta property=\"og:description\" content=\"P\u0159esn\u00e9 slo\u017een\u00ed kohoutkov\u00e9 vody, kterou pou\u017e\u00edv\u00e1me, je obvykle nejist\u00e9. Nem\u016f\u017eeme se na ni tedy spol\u00e9hat jako na jedin\u00fd zdroj v\u00e1pn\u00edku a ho\u0159\u010d\u00edku.\" \/>\n<meta property=\"og:url\" content=\"https:\/\/atami.com\/cs\/produkt\/vgn-calmag\" \/>\n<meta property=\"og:site_name\" content=\"Atami\" \/>\n<meta property=\"article:publisher\" content=\"https:\/\/www.facebook.com\/Atami.International\" \/>\n<meta property=\"article:modified_time\" content=\"2025-11-24T10:22:40+00:00\" \/>\n<meta property=\"og:image\" content=\"https:\/\/atami.com\/wp-content\/uploads\/2025\/01\/VGN-Calmag-product-image.webp\" \/>\n\t<meta property=\"og:image:width\" content=\"1080\" \/>\n\t<meta property=\"og:image:height\" content=\"1080\" \/>\n\t<meta property=\"og:image:type\" content=\"image\/webp\" \/>\n<meta name=\"twitter:card\" content=\"summary_large_image\" \/>\n<meta name=\"twitter:site\" content=\"@AtamiEU\" \/>\n<meta name=\"twitter:label1\" content=\"Odhadovan\u00e1 doba \u010dten\u00ed\" \/>\n\t<meta name=\"twitter:data1\" content=\"1 minuta\" \/>\n<script type=\"application\/ld+json\" class=\"yoast-schema-graph\">{\"@context\":\"https:\\\/\\\/schema.org\",\"@graph\":[{\"@type\":\"WebPage\",\"@id\":\"https:\\\/\\\/atami.com\\\/cs\\\/produkt\\\/vgn-calmag\",\"url\":\"https:\\\/\\\/atami.com\\\/cs\\\/produkt\\\/vgn-calmag\",\"name\":\"VGN CALMAG - Dopln\u011bk v\u00e1pn\u00edku a ho\u0159\u010d\u00edku pro ekologick\u00e9 zem\u011bd\u011blstv\u00ed | Atami\",\"isPartOf\":{\"@id\":\"https:\\\/\\\/atami.com\\\/cs#website\"},\"primaryImageOfPage\":{\"@id\":\"https:\\\/\\\/atami.com\\\/cs\\\/produkt\\\/vgn-calmag#primaryimage\"},\"image\":{\"@id\":\"https:\\\/\\\/atami.com\\\/cs\\\/produkt\\\/vgn-calmag#primaryimage\"},\"thumbnailUrl\":\"https:\\\/\\\/atami.com\\\/wp-content\\\/uploads\\\/2025\\\/01\\\/VGN-Calmag-product-image.webp\",\"datePublished\":\"2025-01-22T10:19:25+00:00\",\"dateModified\":\"2025-11-24T10:22:40+00:00\",\"description\":\"P\u0159esn\u00e9 slo\u017een\u00ed kohoutkov\u00e9 vody, kterou pou\u017e\u00edv\u00e1me, je obvykle nejist\u00e9. Nem\u016f\u017eeme se na ni tedy spol\u00e9hat jako na jedin\u00fd zdroj v\u00e1pn\u00edku a ho\u0159\u010d\u00edku.\",\"breadcrumb\":{\"@id\":\"https:\\\/\\\/atami.com\\\/cs\\\/produkt\\\/vgn-calmag#breadcrumb\"},\"inLanguage\":\"cs\",\"potentialAction\":[{\"@type\":\"ReadAction\",\"target\":[\"https:\\\/\\\/atami.com\\\/cs\\\/produkt\\\/vgn-calmag\"]}]},{\"@type\":\"ImageObject\",\"inLanguage\":\"cs\",\"@id\":\"https:\\\/\\\/atami.com\\\/cs\\\/produkt\\\/vgn-calmag#primaryimage\",\"url\":\"https:\\\/\\\/atami.com\\\/wp-content\\\/uploads\\\/2025\\\/01\\\/VGN-Calmag-product-image.webp\",\"contentUrl\":\"https:\\\/\\\/atami.com\\\/wp-content\\\/uploads\\\/2025\\\/01\\\/VGN-Calmag-product-image.webp\",\"width\":1080,\"height\":1080,\"caption\":\"VGN Calmag dod\u00e1v\u00e1 esenci\u00e1ln\u00ed v\u00e1pn\u00edk a ho\u0159\u010d\u00edk, \u017eivotn\u011b d\u016fle\u017eit\u00e9 pro bun\u011b\u010dn\u00e9 st\u011bny, bun\u011b\u010dnou produkci a fotosynt\u00e9zu, zaji\u0161\u0165uj\u00edc\u00ed robustn\u00ed r\u016fst a \u00fasp\u011b\u0161n\u00e9 kveten\u00ed.\"},{\"@type\":\"BreadcrumbList\",\"@id\":\"https:\\\/\\\/atami.com\\\/cs\\\/produkt\\\/vgn-calmag#breadcrumb\",\"itemListElement\":[{\"@type\":\"ListItem\",\"position\":1,\"name\":\"Home\",\"item\":\"https:\\\/\\\/atami.com\\\/cs\"},{\"@type\":\"ListItem\",\"position\":2,\"name\":\"Produkty\",\"item\":\"https:\\\/\\\/atami.com\\\/cs\\\/shop\"},{\"@type\":\"ListItem\",\"position\":3,\"name\":\"Zna\u010dky\",\"item\":\"https:\\\/\\\/atami.com\\\/cs\\\/kategorie-produktu\\\/znacky\"},{\"@type\":\"ListItem\",\"position\":4,\"name\":\"VGN \u2013 VEGANIC FERTILISERS\",\"item\":\"https:\\\/\\\/atami.com\\\/cs\\\/kategorie-produktu\\\/znacky\\\/vgn-veganic-fertilisers\"},{\"@type\":\"ListItem\",\"position\":5,\"name\":\"VGN CALMAG\"}]},{\"@type\":\"WebSite\",\"@id\":\"https:\\\/\\\/atami.com\\\/cs#website\",\"url\":\"https:\\\/\\\/atami.com\\\/cs\",\"name\":\"Atami\",\"description\":\"NATURALLY INNOVATING!\",\"publisher\":{\"@id\":\"https:\\\/\\\/atami.com\\\/cs#organization\"},\"potentialAction\":[{\"@type\":\"SearchAction\",\"target\":{\"@type\":\"EntryPoint\",\"urlTemplate\":\"https:\\\/\\\/atami.com\\\/cs?s={search_term_string}\"},\"query-input\":{\"@type\":\"PropertyValueSpecification\",\"valueRequired\":true,\"valueName\":\"search_term_string\"}}],\"inLanguage\":\"cs\"},{\"@type\":\"Organization\",\"@id\":\"https:\\\/\\\/atami.com\\\/cs#organization\",\"name\":\"Atami\",\"url\":\"https:\\\/\\\/atami.com\\\/cs\",\"logo\":{\"@type\":\"ImageObject\",\"inLanguage\":\"cs\",\"@id\":\"https:\\\/\\\/atami.com\\\/cs#\\\/schema\\\/logo\\\/image\\\/\",\"url\":\"https:\\\/\\\/atami.com\\\/wp-content\\\/uploads\\\/2026\\\/01\\\/Atami-logo-696x696px.webp\",\"contentUrl\":\"https:\\\/\\\/atami.com\\\/wp-content\\\/uploads\\\/2026\\\/01\\\/Atami-logo-696x696px.webp\",\"width\":696,\"height\":696,\"caption\":\"Atami\"},\"image\":{\"@id\":\"https:\\\/\\\/atami.com\\\/cs#\\\/schema\\\/logo\\\/image\\\/\"},\"sameAs\":[\"https:\\\/\\\/www.facebook.com\\\/Atami.International\",\"https:\\\/\\\/x.com\\\/AtamiEU\",\"https:\\\/\\\/www.youtube.com\\\/c\\\/AtamiInternational\",\"https:\\\/\\\/www.instagram.com\\\/atami.international\\\/\"],\"description\":\"ATAMI is a premium plant nutrition & substrate brand founded in 1997 with the mission to make exceptional cultivation achievable for everyone. From legacy to license, we offer a wide variety of innovating award-winning products to let cultivators achieve maximum results in taste & yield.\",\"email\":\"info@mginnovations.es\",\"legalName\":\"Atami\",\"numberOfEmployees\":{\"@type\":\"QuantitativeValue\",\"minValue\":\"11\",\"maxValue\":\"50\"}}]}<\/script>\n<!-- \/ Yoast SEO Premium plugin. -->","yoast_head_json":{"title":"VGN CALMAG - Dopln\u011bk v\u00e1pn\u00edku a ho\u0159\u010d\u00edku pro ekologick\u00e9 zem\u011bd\u011blstv\u00ed | Atami","description":"P\u0159esn\u00e9 slo\u017een\u00ed kohoutkov\u00e9 vody, kterou pou\u017e\u00edv\u00e1me, je obvykle nejist\u00e9. Nem\u016f\u017eeme se na ni tedy spol\u00e9hat jako na jedin\u00fd zdroj v\u00e1pn\u00edku a ho\u0159\u010d\u00edku.","robots":{"index":"index","follow":"follow","max-snippet":"max-snippet:-1","max-image-preview":"max-image-preview:large","max-video-preview":"max-video-preview:-1"},"canonical":"https:\/\/atami.com\/cs\/produkt\/vgn-calmag","og_locale":"cs_CZ","og_type":"article","og_title":"VGN CALMAG","og_description":"P\u0159esn\u00e9 slo\u017een\u00ed kohoutkov\u00e9 vody, kterou pou\u017e\u00edv\u00e1me, je obvykle nejist\u00e9. Nem\u016f\u017eeme se na ni tedy spol\u00e9hat jako na jedin\u00fd zdroj v\u00e1pn\u00edku a ho\u0159\u010d\u00edku.","og_url":"https:\/\/atami.com\/cs\/produkt\/vgn-calmag","og_site_name":"Atami","article_publisher":"https:\/\/www.facebook.com\/Atami.International","article_modified_time":"2025-11-24T10:22:40+00:00","og_image":[{"width":1080,"height":1080,"url":"https:\/\/atami.com\/wp-content\/uploads\/2025\/01\/VGN-Calmag-product-image.webp","type":"image\/webp"}],"twitter_card":"summary_large_image","twitter_site":"@AtamiEU","twitter_misc":{"Odhadovan\u00e1 doba \u010dten\u00ed":"1 minuta"},"schema":{"@context":"https:\/\/schema.org","@graph":[{"@type":"WebPage","@id":"https:\/\/atami.com\/cs\/produkt\/vgn-calmag","url":"https:\/\/atami.com\/cs\/produkt\/vgn-calmag","name":"VGN CALMAG - Dopln\u011bk v\u00e1pn\u00edku a ho\u0159\u010d\u00edku pro ekologick\u00e9 zem\u011bd\u011blstv\u00ed | Atami","isPartOf":{"@id":"https:\/\/atami.com\/cs#website"},"primaryImageOfPage":{"@id":"https:\/\/atami.com\/cs\/produkt\/vgn-calmag#primaryimage"},"image":{"@id":"https:\/\/atami.com\/cs\/produkt\/vgn-calmag#primaryimage"},"thumbnailUrl":"https:\/\/atami.com\/wp-content\/uploads\/2025\/01\/VGN-Calmag-product-image.webp","datePublished":"2025-01-22T10:19:25+00:00","dateModified":"2025-11-24T10:22:40+00:00","description":"P\u0159esn\u00e9 slo\u017een\u00ed kohoutkov\u00e9 vody, kterou pou\u017e\u00edv\u00e1me, je obvykle nejist\u00e9. Nem\u016f\u017eeme se na ni tedy spol\u00e9hat jako na jedin\u00fd zdroj v\u00e1pn\u00edku a ho\u0159\u010d\u00edku.","breadcrumb":{"@id":"https:\/\/atami.com\/cs\/produkt\/vgn-calmag#breadcrumb"},"inLanguage":"cs","potentialAction":[{"@type":"ReadAction","target":["https:\/\/atami.com\/cs\/produkt\/vgn-calmag"]}]},{"@type":"ImageObject","inLanguage":"cs","@id":"https:\/\/atami.com\/cs\/produkt\/vgn-calmag#primaryimage","url":"https:\/\/atami.com\/wp-content\/uploads\/2025\/01\/VGN-Calmag-product-image.webp","contentUrl":"https:\/\/atami.com\/wp-content\/uploads\/2025\/01\/VGN-Calmag-product-image.webp","width":1080,"height":1080,"caption":"VGN Calmag dod\u00e1v\u00e1 esenci\u00e1ln\u00ed v\u00e1pn\u00edk a ho\u0159\u010d\u00edk, \u017eivotn\u011b d\u016fle\u017eit\u00e9 pro bun\u011b\u010dn\u00e9 st\u011bny, bun\u011b\u010dnou produkci a fotosynt\u00e9zu, zaji\u0161\u0165uj\u00edc\u00ed robustn\u00ed r\u016fst a \u00fasp\u011b\u0161n\u00e9 kveten\u00ed."},{"@type":"BreadcrumbList","@id":"https:\/\/atami.com\/cs\/produkt\/vgn-calmag#breadcrumb","itemListElement":[{"@type":"ListItem","position":1,"name":"Home","item":"https:\/\/atami.com\/cs"},{"@type":"ListItem","position":2,"name":"Produkty","item":"https:\/\/atami.com\/cs\/shop"},{"@type":"ListItem","position":3,"name":"Zna\u010dky","item":"https:\/\/atami.com\/cs\/kategorie-produktu\/znacky"},{"@type":"ListItem","position":4,"name":"VGN \u2013 VEGANIC FERTILISERS","item":"https:\/\/atami.com\/cs\/kategorie-produktu\/znacky\/vgn-veganic-fertilisers"},{"@type":"ListItem","position":5,"name":"VGN CALMAG"}]},{"@type":"WebSite","@id":"https:\/\/atami.com\/cs#website","url":"https:\/\/atami.com\/cs","name":"Atami","description":"NATURALLY INNOVATING!","publisher":{"@id":"https:\/\/atami.com\/cs#organization"},"potentialAction":[{"@type":"SearchAction","target":{"@type":"EntryPoint","urlTemplate":"https:\/\/atami.com\/cs?s={search_term_string}"},"query-input":{"@type":"PropertyValueSpecification","valueRequired":true,"valueName":"search_term_string"}}],"inLanguage":"cs"},{"@type":"Organization","@id":"https:\/\/atami.com\/cs#organization","name":"Atami","url":"https:\/\/atami.com\/cs","logo":{"@type":"ImageObject","inLanguage":"cs","@id":"https:\/\/atami.com\/cs#\/schema\/logo\/image\/","url":"https:\/\/atami.com\/wp-content\/uploads\/2026\/01\/Atami-logo-696x696px.webp","contentUrl":"https:\/\/atami.com\/wp-content\/uploads\/2026\/01\/Atami-logo-696x696px.webp","width":696,"height":696,"caption":"Atami"},"image":{"@id":"https:\/\/atami.com\/cs#\/schema\/logo\/image\/"},"sameAs":["https:\/\/www.facebook.com\/Atami.International","https:\/\/x.com\/AtamiEU","https:\/\/www.youtube.com\/c\/AtamiInternational","https:\/\/www.instagram.com\/atami.international\/"],"description":"ATAMI is a premium plant nutrition & substrate brand founded in 1997 with the mission to make exceptional cultivation achievable for everyone. From legacy to license, we offer a wide variety of innovating award-winning products to let cultivators achieve maximum results in taste & yield.","email":"info@mginnovations.es","legalName":"Atami","numberOfEmployees":{"@type":"QuantitativeValue","minValue":"11","maxValue":"50"}}]}},"_links":{"self":[{"href":"https:\/\/atami.com\/cs\/wp-json\/wp\/v2\/product\/202505","targetHints":{"allow":["GET"]}}],"collection":[{"href":"https:\/\/atami.com\/cs\/wp-json\/wp\/v2\/product"}],"about":[{"href":"https:\/\/atami.com\/cs\/wp-json\/wp\/v2\/types\/product"}],"replies":[{"embeddable":true,"href":"https:\/\/atami.com\/cs\/wp-json\/wp\/v2\/comments?post=202505"}],"wp:featuredmedia":[{"embeddable":true,"href":"https:\/\/atami.com\/cs\/wp-json\/wp\/v2\/media\/202447"}],"wp:attachment":[{"href":"https:\/\/atami.com\/cs\/wp-json\/wp\/v2\/media?parent=202505"}],"wp:term":[{"taxonomy":"product_brand","embeddable":true,"href":"https:\/\/atami.com\/cs\/wp-json\/wp\/v2\/product_brand?post=202505"},{"taxonomy":"product_cat","embeddable":true,"href":"https:\/\/atami.com\/cs\/wp-json\/wp\/v2\/product_cat?post=202505"},{"taxonomy":"product_tag","embeddable":true,"href":"https:\/\/atami.com\/cs\/wp-json\/wp\/v2\/product_tag?post=202505"}],"curies":[{"name":"wp","href":"https:\/\/api.w.org\/{rel}","templated":true}]}}