{"id":202504,"date":"2025-01-22T12:19:26","date_gmt":"2025-01-22T10:19:26","guid":{"rendered":"https:\/\/atami.com\/?post_type=product&#038;p=202504"},"modified":"2025-11-10T14:51:16","modified_gmt":"2025-11-10T12:51:16","slug":"vgn-1-4-4","status":"publish","type":"product","link":"https:\/\/atami.com\/cs\/produkt\/vgn-1-4-4","title":{"rendered":"VGN 1-4-4"},"content":{"rendered":"","protected":false},"excerpt":{"rendered":"<p>Veganic boost<\/p>\n","protected":false},"featured_media":202436,"comment_status":"closed","ping_status":"closed","template":"","meta":{"_acf_changed":false,"iawp_total_views":29},"product_brand":[],"product_cat":[387,2335],"product_tag":[],"class_list":{"0":"post-202504","1":"product","2":"type-product","3":"status-publish","4":"has-post-thumbnail","6":"product_cat-boostery","7":"product_cat-vgn-veganic-fertilisers","9":"first","10":"instock","11":"shipping-taxable","12":"product-type-simple"},"acf":{"short_description":"<p><strong>Kv\u011btov\u00e9 hnojivo pro v\u00fdjime\u010dn\u00e9 kv\u011bty.<\/strong><\/p><p>VGN 1-4-4 je tekut\u00e9 kv\u011btov\u00e9 hnojivo, kter\u00e9 se z\u00edsk\u00e1v\u00e1 \u00fapravou a spojen\u00edm r\u016fzn\u00fdch rostlinn\u00fdch zbytk\u016f. VGN 1-4-4 je perfektn\u00edm dopl\u0148kem k ostatn\u00edm z\u00e1kladn\u00edm \u017eivin\u00e1m \u0159ady VGN. Dod\u00e1 rostlin\u00e1m dodate\u010dn\u00fd fosfor a drasl\u00edk, kter\u00e9 pot\u0159ebuj\u00ed ve f\u00e1zi kveten\u00ed a dozr\u00e1v\u00e1n\u00ed.<\/p><p>&nbsp;<\/p><p>\u00da\u010delem \u0159ady VGN je vy\u017eivovat rostliny a podporovat prosperuj\u00edc\u00ed p\u016fdn\u00ed ekosyst\u00e9m. Stejn\u011b jako ostatn\u00ed v\u00fdrobky VGN jsou v\u0161echny slo\u017eky \u0159ady VGN 1-4-4 kontrolov\u00e1ny organizac\u00ed Control Union a schv\u00e1leny pro ekologick\u00e9 zem\u011bd\u011blstv\u00ed.<\/p>","suitable_for":"<p>Vhodn\u00e9 pro p\u011bstov\u00e1n\u00ed v p\u016fd\u011b. <br \/>M\u00e9n\u011b vhodn\u00e9 pro zavla\u017eovac\u00ed syst\u00e9my, m\u016f\u017ee zp\u016fsobovat z\u00e1pach a biofilm.<\/p>","application":"<p><strong>Jak pou\u017e\u00edvat?<\/strong><br \/>1. Napl\u0148te n\u00e1dobu na zal\u00e9v\u00e1n\u00ed do poloviny vodou z kohoutku.<br \/>2. P\u0159idejte z\u00e1kladn\u00ed \u017eiviny (VGN 2-2-4, VGN 5-2-2 nebo kombinaci obou).<br \/>3. Sm\u011bs dob\u0159e prom\u00edchejte.<br \/>4. P\u0159idejte po\u017eadovan\u00e9 mno\u017estv\u00ed VGN 1-4-4.<br \/>5. Zbytek n\u00e1doby na zal\u00e9v\u00e1n\u00ed dopl\u0148te kohoutkovou vodou.<br \/>6. V\u00e1\u0161 \u017eivn\u00fd roztok je nyn\u00ed p\u0159ipraven k pou\u017eit\u00ed!<\/p>","dosage":"<p>P\u0159idejte 1-3 ml VGN 1-4-4 na 1 litr vody. Za\u010dn\u011bte s aplikac\u00ed od ukon\u010den\u00ed vegeta\u010dn\u00ed f\u00e1ze a zvy\u0161ujte d\u00e1vkov\u00e1n\u00ed b\u011bhem kveten\u00ed a dozr\u00e1v\u00e1n\u00ed.<\/p>","npk_ratio":"<p>1-4-4<\/p>","available_in":"<p>4x250ml, 500ml, 1L, 5L, 10L<\/p>","icon_1":202479,"icon_1_text":"Vysok\u00fd obsah fosforu a drasl\u00edku","icon_2":184156,"icon_2_text":"","icon_3":"","icon_3_text":"","icon_4":"","icon_4_text":"","video":"","second_image":"","product_image_page":"","user_manual":"","new_icon_1":"","new_icon_2":"","new_icon_3":"","new_icon_4":"","grow_guides":"","category":"Posilova\u010d"},"yoast_head":"<!-- This site is optimized with the Yoast SEO Premium plugin v27.5 (Yoast SEO v27.5) - https:\/\/yoast.com\/product\/yoast-seo-premium-wordpress\/ -->\n<title>VGN 1-4-4 - Kv\u011btov\u00e9 hnojivo pro v\u00fdjime\u010dn\u00e9 kv\u011bty | Atami<\/title>\n<meta name=\"description\" content=\"VGN 1-4-4 je tekut\u00e9 kv\u011btov\u00e9 hnojivo, kter\u00e9 se z\u00edsk\u00e1v\u00e1 \u00fapravou a spojen\u00edm r\u016fzn\u00fdch rostlinn\u00fdch zbytk\u016f.\" \/>\n<meta name=\"robots\" content=\"index, follow, max-snippet:-1, max-image-preview:large, max-video-preview:-1\" \/>\n<link rel=\"canonical\" href=\"https:\/\/atami.com\/cs\/produkt\/vgn-1-4-4\" \/>\n<meta property=\"og:locale\" content=\"cs_CZ\" \/>\n<meta property=\"og:type\" content=\"article\" \/>\n<meta property=\"og:title\" content=\"VGN 1-4-4\" \/>\n<meta property=\"og:description\" content=\"VGN 1-4-4 je tekut\u00e9 kv\u011btov\u00e9 hnojivo, kter\u00e9 se z\u00edsk\u00e1v\u00e1 \u00fapravou a spojen\u00edm r\u016fzn\u00fdch rostlinn\u00fdch zbytk\u016f.\" \/>\n<meta property=\"og:url\" content=\"https:\/\/atami.com\/cs\/produkt\/vgn-1-4-4\" \/>\n<meta property=\"og:site_name\" content=\"Atami\" \/>\n<meta property=\"article:publisher\" content=\"https:\/\/www.facebook.com\/Atami.International\" \/>\n<meta property=\"article:modified_time\" content=\"2025-11-10T12:51:16+00:00\" \/>\n<meta property=\"og:image\" content=\"https:\/\/atami.com\/wp-content\/uploads\/2025\/01\/VGN-1-4-4-product-image.webp\" \/>\n\t<meta property=\"og:image:width\" content=\"1080\" \/>\n\t<meta property=\"og:image:height\" content=\"1080\" \/>\n\t<meta property=\"og:image:type\" content=\"image\/webp\" \/>\n<meta name=\"twitter:card\" content=\"summary_large_image\" \/>\n<meta name=\"twitter:site\" content=\"@AtamiEU\" \/>\n<meta name=\"twitter:label1\" content=\"Odhadovan\u00e1 doba \u010dten\u00ed\" \/>\n\t<meta name=\"twitter:data1\" content=\"1 minuta\" \/>\n<script type=\"application\/ld+json\" class=\"yoast-schema-graph\">{\"@context\":\"https:\\\/\\\/schema.org\",\"@graph\":[{\"@type\":\"WebPage\",\"@id\":\"https:\\\/\\\/atami.com\\\/cs\\\/produkt\\\/vgn-1-4-4\",\"url\":\"https:\\\/\\\/atami.com\\\/cs\\\/produkt\\\/vgn-1-4-4\",\"name\":\"VGN 1-4-4 - Kv\u011btov\u00e9 hnojivo pro v\u00fdjime\u010dn\u00e9 kv\u011bty | Atami\",\"isPartOf\":{\"@id\":\"https:\\\/\\\/atami.com\\\/cs#website\"},\"primaryImageOfPage\":{\"@id\":\"https:\\\/\\\/atami.com\\\/cs\\\/produkt\\\/vgn-1-4-4#primaryimage\"},\"image\":{\"@id\":\"https:\\\/\\\/atami.com\\\/cs\\\/produkt\\\/vgn-1-4-4#primaryimage\"},\"thumbnailUrl\":\"https:\\\/\\\/atami.com\\\/wp-content\\\/uploads\\\/2025\\\/01\\\/VGN-1-4-4-product-image.webp\",\"datePublished\":\"2025-01-22T10:19:26+00:00\",\"dateModified\":\"2025-11-10T12:51:16+00:00\",\"description\":\"VGN 1-4-4 je tekut\u00e9 kv\u011btov\u00e9 hnojivo, kter\u00e9 se z\u00edsk\u00e1v\u00e1 \u00fapravou a spojen\u00edm r\u016fzn\u00fdch rostlinn\u00fdch zbytk\u016f.\",\"breadcrumb\":{\"@id\":\"https:\\\/\\\/atami.com\\\/cs\\\/produkt\\\/vgn-1-4-4#breadcrumb\"},\"inLanguage\":\"cs\",\"potentialAction\":[{\"@type\":\"ReadAction\",\"target\":[\"https:\\\/\\\/atami.com\\\/cs\\\/produkt\\\/vgn-1-4-4\"]}]},{\"@type\":\"ImageObject\",\"inLanguage\":\"cs\",\"@id\":\"https:\\\/\\\/atami.com\\\/cs\\\/produkt\\\/vgn-1-4-4#primaryimage\",\"url\":\"https:\\\/\\\/atami.com\\\/wp-content\\\/uploads\\\/2025\\\/01\\\/VGN-1-4-4-product-image.webp\",\"contentUrl\":\"https:\\\/\\\/atami.com\\\/wp-content\\\/uploads\\\/2025\\\/01\\\/VGN-1-4-4-product-image.webp\",\"width\":1080,\"height\":1080,\"caption\":\"Atami VGN 1-4-4 je tekut\u00e9 hnojivo na kv\u011btiny z\u00edskan\u00e9 zpracov\u00e1n\u00edm a sm\u00edch\u00e1n\u00edm r\u016fzn\u00e9ho rostlinn\u00e9ho odpadu, kter\u00e9 poskytuje extra fosfor a drasl\u00edk, kter\u00e9 rostliny pot\u0159ebuj\u00ed b\u011bhem f\u00e1ze kv\u011btu a zr\u00e1n\u00ed.\"},{\"@type\":\"BreadcrumbList\",\"@id\":\"https:\\\/\\\/atami.com\\\/cs\\\/produkt\\\/vgn-1-4-4#breadcrumb\",\"itemListElement\":[{\"@type\":\"ListItem\",\"position\":1,\"name\":\"Home\",\"item\":\"https:\\\/\\\/atami.com\\\/cs\"},{\"@type\":\"ListItem\",\"position\":2,\"name\":\"Produkty\",\"item\":\"https:\\\/\\\/atami.com\\\/cs\\\/shop\"},{\"@type\":\"ListItem\",\"position\":3,\"name\":\"Zna\u010dky\",\"item\":\"https:\\\/\\\/atami.com\\\/cs\\\/kategorie-produktu\\\/znacky\"},{\"@type\":\"ListItem\",\"position\":4,\"name\":\"VGN \u2013 VEGANIC FERTILISERS\",\"item\":\"https:\\\/\\\/atami.com\\\/cs\\\/kategorie-produktu\\\/znacky\\\/vgn-veganic-fertilisers\"},{\"@type\":\"ListItem\",\"position\":5,\"name\":\"VGN 1-4-4\"}]},{\"@type\":\"WebSite\",\"@id\":\"https:\\\/\\\/atami.com\\\/cs#website\",\"url\":\"https:\\\/\\\/atami.com\\\/cs\",\"name\":\"Atami\",\"description\":\"NATURALLY INNOVATING!\",\"publisher\":{\"@id\":\"https:\\\/\\\/atami.com\\\/cs#organization\"},\"potentialAction\":[{\"@type\":\"SearchAction\",\"target\":{\"@type\":\"EntryPoint\",\"urlTemplate\":\"https:\\\/\\\/atami.com\\\/cs?s={search_term_string}\"},\"query-input\":{\"@type\":\"PropertyValueSpecification\",\"valueRequired\":true,\"valueName\":\"search_term_string\"}}],\"inLanguage\":\"cs\"},{\"@type\":\"Organization\",\"@id\":\"https:\\\/\\\/atami.com\\\/cs#organization\",\"name\":\"Atami\",\"url\":\"https:\\\/\\\/atami.com\\\/cs\",\"logo\":{\"@type\":\"ImageObject\",\"inLanguage\":\"cs\",\"@id\":\"https:\\\/\\\/atami.com\\\/cs#\\\/schema\\\/logo\\\/image\\\/\",\"url\":\"https:\\\/\\\/atami.com\\\/wp-content\\\/uploads\\\/2026\\\/01\\\/Atami-logo-696x696px.webp\",\"contentUrl\":\"https:\\\/\\\/atami.com\\\/wp-content\\\/uploads\\\/2026\\\/01\\\/Atami-logo-696x696px.webp\",\"width\":696,\"height\":696,\"caption\":\"Atami\"},\"image\":{\"@id\":\"https:\\\/\\\/atami.com\\\/cs#\\\/schema\\\/logo\\\/image\\\/\"},\"sameAs\":[\"https:\\\/\\\/www.facebook.com\\\/Atami.International\",\"https:\\\/\\\/x.com\\\/AtamiEU\",\"https:\\\/\\\/www.youtube.com\\\/c\\\/AtamiInternational\",\"https:\\\/\\\/www.instagram.com\\\/atami.international\\\/\"],\"description\":\"ATAMI is a premium plant nutrition & substrate brand founded in 1997 with the mission to make exceptional cultivation achievable for everyone. From legacy to license, we offer a wide variety of innovating award-winning products to let cultivators achieve maximum results in taste & yield.\",\"email\":\"info@mginnovations.es\",\"legalName\":\"Atami\",\"numberOfEmployees\":{\"@type\":\"QuantitativeValue\",\"minValue\":\"11\",\"maxValue\":\"50\"}}]}<\/script>\n<!-- \/ Yoast SEO Premium plugin. -->","yoast_head_json":{"title":"VGN 1-4-4 - Kv\u011btov\u00e9 hnojivo pro v\u00fdjime\u010dn\u00e9 kv\u011bty | Atami","description":"VGN 1-4-4 je tekut\u00e9 kv\u011btov\u00e9 hnojivo, kter\u00e9 se z\u00edsk\u00e1v\u00e1 \u00fapravou a spojen\u00edm r\u016fzn\u00fdch rostlinn\u00fdch zbytk\u016f.","robots":{"index":"index","follow":"follow","max-snippet":"max-snippet:-1","max-image-preview":"max-image-preview:large","max-video-preview":"max-video-preview:-1"},"canonical":"https:\/\/atami.com\/cs\/produkt\/vgn-1-4-4","og_locale":"cs_CZ","og_type":"article","og_title":"VGN 1-4-4","og_description":"VGN 1-4-4 je tekut\u00e9 kv\u011btov\u00e9 hnojivo, kter\u00e9 se z\u00edsk\u00e1v\u00e1 \u00fapravou a spojen\u00edm r\u016fzn\u00fdch rostlinn\u00fdch zbytk\u016f.","og_url":"https:\/\/atami.com\/cs\/produkt\/vgn-1-4-4","og_site_name":"Atami","article_publisher":"https:\/\/www.facebook.com\/Atami.International","article_modified_time":"2025-11-10T12:51:16+00:00","og_image":[{"width":1080,"height":1080,"url":"https:\/\/atami.com\/wp-content\/uploads\/2025\/01\/VGN-1-4-4-product-image.webp","type":"image\/webp"}],"twitter_card":"summary_large_image","twitter_site":"@AtamiEU","twitter_misc":{"Odhadovan\u00e1 doba \u010dten\u00ed":"1 minuta"},"schema":{"@context":"https:\/\/schema.org","@graph":[{"@type":"WebPage","@id":"https:\/\/atami.com\/cs\/produkt\/vgn-1-4-4","url":"https:\/\/atami.com\/cs\/produkt\/vgn-1-4-4","name":"VGN 1-4-4 - Kv\u011btov\u00e9 hnojivo pro v\u00fdjime\u010dn\u00e9 kv\u011bty | Atami","isPartOf":{"@id":"https:\/\/atami.com\/cs#website"},"primaryImageOfPage":{"@id":"https:\/\/atami.com\/cs\/produkt\/vgn-1-4-4#primaryimage"},"image":{"@id":"https:\/\/atami.com\/cs\/produkt\/vgn-1-4-4#primaryimage"},"thumbnailUrl":"https:\/\/atami.com\/wp-content\/uploads\/2025\/01\/VGN-1-4-4-product-image.webp","datePublished":"2025-01-22T10:19:26+00:00","dateModified":"2025-11-10T12:51:16+00:00","description":"VGN 1-4-4 je tekut\u00e9 kv\u011btov\u00e9 hnojivo, kter\u00e9 se z\u00edsk\u00e1v\u00e1 \u00fapravou a spojen\u00edm r\u016fzn\u00fdch rostlinn\u00fdch zbytk\u016f.","breadcrumb":{"@id":"https:\/\/atami.com\/cs\/produkt\/vgn-1-4-4#breadcrumb"},"inLanguage":"cs","potentialAction":[{"@type":"ReadAction","target":["https:\/\/atami.com\/cs\/produkt\/vgn-1-4-4"]}]},{"@type":"ImageObject","inLanguage":"cs","@id":"https:\/\/atami.com\/cs\/produkt\/vgn-1-4-4#primaryimage","url":"https:\/\/atami.com\/wp-content\/uploads\/2025\/01\/VGN-1-4-4-product-image.webp","contentUrl":"https:\/\/atami.com\/wp-content\/uploads\/2025\/01\/VGN-1-4-4-product-image.webp","width":1080,"height":1080,"caption":"Atami VGN 1-4-4 je tekut\u00e9 hnojivo na kv\u011btiny z\u00edskan\u00e9 zpracov\u00e1n\u00edm a sm\u00edch\u00e1n\u00edm r\u016fzn\u00e9ho rostlinn\u00e9ho odpadu, kter\u00e9 poskytuje extra fosfor a drasl\u00edk, kter\u00e9 rostliny pot\u0159ebuj\u00ed b\u011bhem f\u00e1ze kv\u011btu a zr\u00e1n\u00ed."},{"@type":"BreadcrumbList","@id":"https:\/\/atami.com\/cs\/produkt\/vgn-1-4-4#breadcrumb","itemListElement":[{"@type":"ListItem","position":1,"name":"Home","item":"https:\/\/atami.com\/cs"},{"@type":"ListItem","position":2,"name":"Produkty","item":"https:\/\/atami.com\/cs\/shop"},{"@type":"ListItem","position":3,"name":"Zna\u010dky","item":"https:\/\/atami.com\/cs\/kategorie-produktu\/znacky"},{"@type":"ListItem","position":4,"name":"VGN \u2013 VEGANIC FERTILISERS","item":"https:\/\/atami.com\/cs\/kategorie-produktu\/znacky\/vgn-veganic-fertilisers"},{"@type":"ListItem","position":5,"name":"VGN 1-4-4"}]},{"@type":"WebSite","@id":"https:\/\/atami.com\/cs#website","url":"https:\/\/atami.com\/cs","name":"Atami","description":"NATURALLY INNOVATING!","publisher":{"@id":"https:\/\/atami.com\/cs#organization"},"potentialAction":[{"@type":"SearchAction","target":{"@type":"EntryPoint","urlTemplate":"https:\/\/atami.com\/cs?s={search_term_string}"},"query-input":{"@type":"PropertyValueSpecification","valueRequired":true,"valueName":"search_term_string"}}],"inLanguage":"cs"},{"@type":"Organization","@id":"https:\/\/atami.com\/cs#organization","name":"Atami","url":"https:\/\/atami.com\/cs","logo":{"@type":"ImageObject","inLanguage":"cs","@id":"https:\/\/atami.com\/cs#\/schema\/logo\/image\/","url":"https:\/\/atami.com\/wp-content\/uploads\/2026\/01\/Atami-logo-696x696px.webp","contentUrl":"https:\/\/atami.com\/wp-content\/uploads\/2026\/01\/Atami-logo-696x696px.webp","width":696,"height":696,"caption":"Atami"},"image":{"@id":"https:\/\/atami.com\/cs#\/schema\/logo\/image\/"},"sameAs":["https:\/\/www.facebook.com\/Atami.International","https:\/\/x.com\/AtamiEU","https:\/\/www.youtube.com\/c\/AtamiInternational","https:\/\/www.instagram.com\/atami.international\/"],"description":"ATAMI is a premium plant nutrition & substrate brand founded in 1997 with the mission to make exceptional cultivation achievable for everyone. From legacy to license, we offer a wide variety of innovating award-winning products to let cultivators achieve maximum results in taste & yield.","email":"info@mginnovations.es","legalName":"Atami","numberOfEmployees":{"@type":"QuantitativeValue","minValue":"11","maxValue":"50"}}]}},"_links":{"self":[{"href":"https:\/\/atami.com\/cs\/wp-json\/wp\/v2\/product\/202504","targetHints":{"allow":["GET"]}}],"collection":[{"href":"https:\/\/atami.com\/cs\/wp-json\/wp\/v2\/product"}],"about":[{"href":"https:\/\/atami.com\/cs\/wp-json\/wp\/v2\/types\/product"}],"replies":[{"embeddable":true,"href":"https:\/\/atami.com\/cs\/wp-json\/wp\/v2\/comments?post=202504"}],"wp:featuredmedia":[{"embeddable":true,"href":"https:\/\/atami.com\/cs\/wp-json\/wp\/v2\/media\/202436"}],"wp:attachment":[{"href":"https:\/\/atami.com\/cs\/wp-json\/wp\/v2\/media?parent=202504"}],"wp:term":[{"taxonomy":"product_brand","embeddable":true,"href":"https:\/\/atami.com\/cs\/wp-json\/wp\/v2\/product_brand?post=202504"},{"taxonomy":"product_cat","embeddable":true,"href":"https:\/\/atami.com\/cs\/wp-json\/wp\/v2\/product_cat?post=202504"},{"taxonomy":"product_tag","embeddable":true,"href":"https:\/\/atami.com\/cs\/wp-json\/wp\/v2\/product_tag?post=202504"}],"curies":[{"name":"wp","href":"https:\/\/api.w.org\/{rel}","templated":true}]}}