{"id":202502,"date":"2025-01-22T12:19:29","date_gmt":"2025-01-22T10:19:29","guid":{"rendered":"https:\/\/atami.com\/?post_type=product&#038;p=202502"},"modified":"2025-11-07T17:11:29","modified_gmt":"2025-11-07T15:11:29","slug":"vgn-5-2-2","status":"publish","type":"product","link":"https:\/\/atami.com\/cs\/produkt\/vgn-5-2-2","title":{"rendered":"VGN 5-2-2"},"content":{"rendered":"","protected":false},"excerpt":{"rendered":"<p>Veganic fertilizer<\/p>\n","protected":false},"featured_media":202404,"comment_status":"closed","ping_status":"closed","template":"","meta":{"_acf_changed":false,"iawp_total_views":44},"product_brand":[],"product_cat":[2335,382],"product_tag":[],"class_list":{"0":"post-202502","1":"product","2":"type-product","3":"status-publish","4":"has-post-thumbnail","6":"product_cat-vgn-veganic-fertilisers","7":"product_cat-zakladni-vyziva","9":"first","10":"instock","11":"shipping-taxable","12":"product-type-simple"},"acf":{"short_description":"<p><strong>P\u011bstujte zdrav\u00e9, zelenaj\u00edc\u00ed se rostliny s dodate\u010dn\u00fdm mno\u017estv\u00edm dus\u00edku.<\/strong><\/p><p>VGN 5-2-2 je organick\u00e9 tekut\u00e9 hnojivo, kter\u00e9 podporuje rychl\u00fd r\u016fst. Vy\u0161\u0161\u00ed koncentrace dus\u00edku podporuje zelen\u00e9 a vit\u00e1ln\u00ed rostliny. Jedn\u00e1 se o z\u00e1kladn\u00ed hnojivo, kter\u00e9 bylo vytvo\u0159eno z cenn\u00fdch rostlinn\u00fdch zbytk\u016f a je schv\u00e1leno pro ekologick\u00e9 zem\u011bd\u011blstv\u00ed organizac\u00ed Control Union.<\/p><p>&nbsp;<\/p><p>Krom\u011b z\u00e1kladn\u00edch \u017eivin obsahuje VGN 5-2-2 tak\u00e9 snadno vst\u0159ebateln\u00e9 chel\u00e1tovan\u00e9 stopov\u00e9 prvky. Vysok\u00fd obsah organick\u00fdch l\u00e1tek v hnojivu VGN 5-2-2 je nejen v\u00fd\u017eivou pro rostliny, ale tak\u00e9 pro p\u016fdn\u00ed mikroorganismy. Pozitivn\u00ed vliv VGN 5-2-2 na p\u016fdn\u00ed \u017eivot umocn\u00ed r\u016fst a poskytne z\u00e1klad pro bohatou a chutnou \u00farodu.<\/p>","suitable_for":"<p>Vhodn\u00e9 pro p\u011bstov\u00e1n\u00ed v p\u016fd\u011b. <br \/>M\u00e9n\u011b vhodn\u00e9 pro zavla\u017eovac\u00ed syst\u00e9my, m\u016f\u017ee zp\u016fsobovat z\u00e1pach a biofilm.<\/p>","application":"<p>Po sm\u00edch\u00e1n\u00ed s kohoutkovou vodou dod\u00e1v\u00e1 VGN 5-2-2 v\u0161echny d\u016fle\u017eit\u00e9 slo\u017eky pro r\u016fst rostlin. V kombinaci s VGN 2-2-4 v upraviteln\u00fdch pom\u011brech spl\u0148uje jedine\u010dn\u00e9 pot\u0159eby r\u016fzn\u00fdch druh\u016f rostlin a f\u00e1z\u00ed v\u00fdvoje. Toto duo p\u0159edstavuje z\u00e1kladn\u00ed v\u00fd\u017eivu p\u0159izp\u016fsobenou r\u016fstu va\u0161ich rostlin.<\/p><p>&nbsp;<\/p><p><strong>Jak pou\u017e\u00edvat?<\/strong><br \/>1. Napl\u0148te n\u00e1dobu na zal\u00e9v\u00e1n\u00ed do poloviny kohoutkovou vodou.<br \/>2.P\u0159idejte po\u017eadovan\u00e9 mno\u017estv\u00ed p\u0159\u00edpravku VGN 5-2-2.<br \/>3.Zbytek n\u00e1doby na zal\u00e9v\u00e1n\u00ed napl\u0148te vodou z vodovodu.<br \/>4.V\u00e1\u0161 \u017eivn\u00fd roztok je nyn\u00ed p\u0159ipraven k pou\u017eit\u00ed!<\/p>","dosage":"<p>P\u0159idejte 2 - 5 ml VGN 5-2-2 na 1 litr kohoutkov\u00e9 vody.<br \/>Nebo p\u0159idejte 1 - 3 ml VGN 5-2-2 spole\u010dn\u011b s 1 - 3 ml VGN 2-2-4 na 1 litr kohoutkov\u00e9 vody.<\/p>","npk_ratio":"<p>5-2-2<\/p>","available_in":"<p>4x250ml, 500ml, 1L, 5L, 10L<\/p>","icon_1":202458,"icon_1_text":"Bohat\u00e9 na dus\u00edk","icon_2":184156,"icon_2_text":"","icon_3":"","icon_3_text":"","icon_4":"","icon_4_text":"","video":"","second_image":"","product_image_page":"","user_manual":"","new_icon_1":"","new_icon_2":"","new_icon_3":"","new_icon_4":"","grow_guides":"","category":"Z\u00e1kladn\u00ed \u017eivina"},"yoast_head":"<!-- This site is optimized with the Yoast SEO Premium plugin v27.5 (Yoast SEO v27.5) - https:\/\/yoast.com\/product\/yoast-seo-premium-wordpress\/ -->\n<title>VGN 5-2-2 \u2013 Vegansk\u00e9 hnojivo pro zdrav\u00fd r\u016fst va\u0161ich rostlin<\/title>\n<meta name=\"description\" content=\"VGN 5-2-2 je organick\u00e9 tekut\u00e9 hnojivo, kter\u00e9 podporuje rychl\u00fd r\u016fst. Vy\u0161\u0161\u00ed koncentrace dus\u00edku podporuje zelen\u00e9 a vit\u00e1ln\u00ed rostliny.\" \/>\n<meta name=\"robots\" content=\"index, follow, max-snippet:-1, max-image-preview:large, max-video-preview:-1\" \/>\n<link rel=\"canonical\" href=\"https:\/\/atami.com\/cs\/produkt\/vgn-5-2-2\" \/>\n<meta property=\"og:locale\" content=\"cs_CZ\" \/>\n<meta property=\"og:type\" content=\"article\" \/>\n<meta property=\"og:title\" content=\"VGN 5-2-2\" \/>\n<meta property=\"og:description\" content=\"VGN 5-2-2 je organick\u00e9 tekut\u00e9 hnojivo, kter\u00e9 podporuje rychl\u00fd r\u016fst. Vy\u0161\u0161\u00ed koncentrace dus\u00edku podporuje zelen\u00e9 a vit\u00e1ln\u00ed rostliny.\" \/>\n<meta property=\"og:url\" content=\"https:\/\/atami.com\/cs\/produkt\/vgn-5-2-2\" \/>\n<meta property=\"og:site_name\" content=\"Atami\" \/>\n<meta property=\"article:publisher\" content=\"https:\/\/www.facebook.com\/Atami.International\" \/>\n<meta property=\"article:modified_time\" content=\"2025-11-07T15:11:29+00:00\" \/>\n<meta property=\"og:image\" content=\"https:\/\/atami.com\/wp-content\/uploads\/2025\/01\/VGN-5-2-2-product-image.webp\" \/>\n\t<meta property=\"og:image:width\" content=\"1080\" \/>\n\t<meta property=\"og:image:height\" content=\"1080\" \/>\n\t<meta property=\"og:image:type\" content=\"image\/webp\" \/>\n<meta name=\"twitter:card\" content=\"summary_large_image\" \/>\n<meta name=\"twitter:site\" content=\"@AtamiEU\" \/>\n<meta name=\"twitter:label1\" content=\"Odhadovan\u00e1 doba \u010dten\u00ed\" \/>\n\t<meta name=\"twitter:data1\" content=\"1 minuta\" \/>\n<script type=\"application\/ld+json\" class=\"yoast-schema-graph\">{\"@context\":\"https:\\\/\\\/schema.org\",\"@graph\":[{\"@type\":\"WebPage\",\"@id\":\"https:\\\/\\\/atami.com\\\/cs\\\/produkt\\\/vgn-5-2-2\",\"url\":\"https:\\\/\\\/atami.com\\\/cs\\\/produkt\\\/vgn-5-2-2\",\"name\":\"VGN 5-2-2 \u2013 Vegansk\u00e9 hnojivo pro zdrav\u00fd r\u016fst va\u0161ich rostlin\",\"isPartOf\":{\"@id\":\"https:\\\/\\\/atami.com\\\/cs#website\"},\"primaryImageOfPage\":{\"@id\":\"https:\\\/\\\/atami.com\\\/cs\\\/produkt\\\/vgn-5-2-2#primaryimage\"},\"image\":{\"@id\":\"https:\\\/\\\/atami.com\\\/cs\\\/produkt\\\/vgn-5-2-2#primaryimage\"},\"thumbnailUrl\":\"https:\\\/\\\/atami.com\\\/wp-content\\\/uploads\\\/2025\\\/01\\\/VGN-5-2-2-product-image.webp\",\"datePublished\":\"2025-01-22T10:19:29+00:00\",\"dateModified\":\"2025-11-07T15:11:29+00:00\",\"description\":\"VGN 5-2-2 je organick\u00e9 tekut\u00e9 hnojivo, kter\u00e9 podporuje rychl\u00fd r\u016fst. Vy\u0161\u0161\u00ed koncentrace dus\u00edku podporuje zelen\u00e9 a vit\u00e1ln\u00ed rostliny.\",\"breadcrumb\":{\"@id\":\"https:\\\/\\\/atami.com\\\/cs\\\/produkt\\\/vgn-5-2-2#breadcrumb\"},\"inLanguage\":\"cs\",\"potentialAction\":[{\"@type\":\"ReadAction\",\"target\":[\"https:\\\/\\\/atami.com\\\/cs\\\/produkt\\\/vgn-5-2-2\"]}]},{\"@type\":\"ImageObject\",\"inLanguage\":\"cs\",\"@id\":\"https:\\\/\\\/atami.com\\\/cs\\\/produkt\\\/vgn-5-2-2#primaryimage\",\"url\":\"https:\\\/\\\/atami.com\\\/wp-content\\\/uploads\\\/2025\\\/01\\\/VGN-5-2-2-product-image.webp\",\"contentUrl\":\"https:\\\/\\\/atami.com\\\/wp-content\\\/uploads\\\/2025\\\/01\\\/VGN-5-2-2-product-image.webp\",\"width\":1080,\"height\":1080,\"caption\":\"Atami VGN 5-2-2 podporuje rychl\u00fd r\u016fst, jeho\u017e v\u00fdsledkem jsou zelen\u011bj\u0161\u00ed, zdrav\u011bj\u0161\u00ed a siln\u011bj\u0161\u00ed rostliny.\"},{\"@type\":\"BreadcrumbList\",\"@id\":\"https:\\\/\\\/atami.com\\\/cs\\\/produkt\\\/vgn-5-2-2#breadcrumb\",\"itemListElement\":[{\"@type\":\"ListItem\",\"position\":1,\"name\":\"Home\",\"item\":\"https:\\\/\\\/atami.com\\\/cs\"},{\"@type\":\"ListItem\",\"position\":2,\"name\":\"Produkty\",\"item\":\"https:\\\/\\\/atami.com\\\/cs\\\/shop\"},{\"@type\":\"ListItem\",\"position\":3,\"name\":\"Zna\u010dky\",\"item\":\"https:\\\/\\\/atami.com\\\/cs\\\/kategorie-produktu\\\/znacky\"},{\"@type\":\"ListItem\",\"position\":4,\"name\":\"VGN \u2013 VEGANIC FERTILISERS\",\"item\":\"https:\\\/\\\/atami.com\\\/cs\\\/kategorie-produktu\\\/znacky\\\/vgn-veganic-fertilisers\"},{\"@type\":\"ListItem\",\"position\":5,\"name\":\"VGN 5-2-2\"}]},{\"@type\":\"WebSite\",\"@id\":\"https:\\\/\\\/atami.com\\\/cs#website\",\"url\":\"https:\\\/\\\/atami.com\\\/cs\",\"name\":\"Atami\",\"description\":\"NATURALLY INNOVATING!\",\"publisher\":{\"@id\":\"https:\\\/\\\/atami.com\\\/cs#organization\"},\"potentialAction\":[{\"@type\":\"SearchAction\",\"target\":{\"@type\":\"EntryPoint\",\"urlTemplate\":\"https:\\\/\\\/atami.com\\\/cs?s={search_term_string}\"},\"query-input\":{\"@type\":\"PropertyValueSpecification\",\"valueRequired\":true,\"valueName\":\"search_term_string\"}}],\"inLanguage\":\"cs\"},{\"@type\":\"Organization\",\"@id\":\"https:\\\/\\\/atami.com\\\/cs#organization\",\"name\":\"Atami\",\"url\":\"https:\\\/\\\/atami.com\\\/cs\",\"logo\":{\"@type\":\"ImageObject\",\"inLanguage\":\"cs\",\"@id\":\"https:\\\/\\\/atami.com\\\/cs#\\\/schema\\\/logo\\\/image\\\/\",\"url\":\"https:\\\/\\\/atami.com\\\/wp-content\\\/uploads\\\/2026\\\/01\\\/Atami-logo-696x696px.webp\",\"contentUrl\":\"https:\\\/\\\/atami.com\\\/wp-content\\\/uploads\\\/2026\\\/01\\\/Atami-logo-696x696px.webp\",\"width\":696,\"height\":696,\"caption\":\"Atami\"},\"image\":{\"@id\":\"https:\\\/\\\/atami.com\\\/cs#\\\/schema\\\/logo\\\/image\\\/\"},\"sameAs\":[\"https:\\\/\\\/www.facebook.com\\\/Atami.International\",\"https:\\\/\\\/x.com\\\/AtamiEU\",\"https:\\\/\\\/www.youtube.com\\\/c\\\/AtamiInternational\",\"https:\\\/\\\/www.instagram.com\\\/atami.international\\\/\"],\"description\":\"ATAMI is a premium plant nutrition & substrate brand founded in 1997 with the mission to make exceptional cultivation achievable for everyone. From legacy to license, we offer a wide variety of innovating award-winning products to let cultivators achieve maximum results in taste & yield.\",\"email\":\"info@mginnovations.es\",\"legalName\":\"Atami\",\"numberOfEmployees\":{\"@type\":\"QuantitativeValue\",\"minValue\":\"11\",\"maxValue\":\"50\"}}]}<\/script>\n<!-- \/ Yoast SEO Premium plugin. -->","yoast_head_json":{"title":"VGN 5-2-2 \u2013 Vegansk\u00e9 hnojivo pro zdrav\u00fd r\u016fst va\u0161ich rostlin","description":"VGN 5-2-2 je organick\u00e9 tekut\u00e9 hnojivo, kter\u00e9 podporuje rychl\u00fd r\u016fst. Vy\u0161\u0161\u00ed koncentrace dus\u00edku podporuje zelen\u00e9 a vit\u00e1ln\u00ed rostliny.","robots":{"index":"index","follow":"follow","max-snippet":"max-snippet:-1","max-image-preview":"max-image-preview:large","max-video-preview":"max-video-preview:-1"},"canonical":"https:\/\/atami.com\/cs\/produkt\/vgn-5-2-2","og_locale":"cs_CZ","og_type":"article","og_title":"VGN 5-2-2","og_description":"VGN 5-2-2 je organick\u00e9 tekut\u00e9 hnojivo, kter\u00e9 podporuje rychl\u00fd r\u016fst. Vy\u0161\u0161\u00ed koncentrace dus\u00edku podporuje zelen\u00e9 a vit\u00e1ln\u00ed rostliny.","og_url":"https:\/\/atami.com\/cs\/produkt\/vgn-5-2-2","og_site_name":"Atami","article_publisher":"https:\/\/www.facebook.com\/Atami.International","article_modified_time":"2025-11-07T15:11:29+00:00","og_image":[{"width":1080,"height":1080,"url":"https:\/\/atami.com\/wp-content\/uploads\/2025\/01\/VGN-5-2-2-product-image.webp","type":"image\/webp"}],"twitter_card":"summary_large_image","twitter_site":"@AtamiEU","twitter_misc":{"Odhadovan\u00e1 doba \u010dten\u00ed":"1 minuta"},"schema":{"@context":"https:\/\/schema.org","@graph":[{"@type":"WebPage","@id":"https:\/\/atami.com\/cs\/produkt\/vgn-5-2-2","url":"https:\/\/atami.com\/cs\/produkt\/vgn-5-2-2","name":"VGN 5-2-2 \u2013 Vegansk\u00e9 hnojivo pro zdrav\u00fd r\u016fst va\u0161ich rostlin","isPartOf":{"@id":"https:\/\/atami.com\/cs#website"},"primaryImageOfPage":{"@id":"https:\/\/atami.com\/cs\/produkt\/vgn-5-2-2#primaryimage"},"image":{"@id":"https:\/\/atami.com\/cs\/produkt\/vgn-5-2-2#primaryimage"},"thumbnailUrl":"https:\/\/atami.com\/wp-content\/uploads\/2025\/01\/VGN-5-2-2-product-image.webp","datePublished":"2025-01-22T10:19:29+00:00","dateModified":"2025-11-07T15:11:29+00:00","description":"VGN 5-2-2 je organick\u00e9 tekut\u00e9 hnojivo, kter\u00e9 podporuje rychl\u00fd r\u016fst. Vy\u0161\u0161\u00ed koncentrace dus\u00edku podporuje zelen\u00e9 a vit\u00e1ln\u00ed rostliny.","breadcrumb":{"@id":"https:\/\/atami.com\/cs\/produkt\/vgn-5-2-2#breadcrumb"},"inLanguage":"cs","potentialAction":[{"@type":"ReadAction","target":["https:\/\/atami.com\/cs\/produkt\/vgn-5-2-2"]}]},{"@type":"ImageObject","inLanguage":"cs","@id":"https:\/\/atami.com\/cs\/produkt\/vgn-5-2-2#primaryimage","url":"https:\/\/atami.com\/wp-content\/uploads\/2025\/01\/VGN-5-2-2-product-image.webp","contentUrl":"https:\/\/atami.com\/wp-content\/uploads\/2025\/01\/VGN-5-2-2-product-image.webp","width":1080,"height":1080,"caption":"Atami VGN 5-2-2 podporuje rychl\u00fd r\u016fst, jeho\u017e v\u00fdsledkem jsou zelen\u011bj\u0161\u00ed, zdrav\u011bj\u0161\u00ed a siln\u011bj\u0161\u00ed rostliny."},{"@type":"BreadcrumbList","@id":"https:\/\/atami.com\/cs\/produkt\/vgn-5-2-2#breadcrumb","itemListElement":[{"@type":"ListItem","position":1,"name":"Home","item":"https:\/\/atami.com\/cs"},{"@type":"ListItem","position":2,"name":"Produkty","item":"https:\/\/atami.com\/cs\/shop"},{"@type":"ListItem","position":3,"name":"Zna\u010dky","item":"https:\/\/atami.com\/cs\/kategorie-produktu\/znacky"},{"@type":"ListItem","position":4,"name":"VGN \u2013 VEGANIC FERTILISERS","item":"https:\/\/atami.com\/cs\/kategorie-produktu\/znacky\/vgn-veganic-fertilisers"},{"@type":"ListItem","position":5,"name":"VGN 5-2-2"}]},{"@type":"WebSite","@id":"https:\/\/atami.com\/cs#website","url":"https:\/\/atami.com\/cs","name":"Atami","description":"NATURALLY INNOVATING!","publisher":{"@id":"https:\/\/atami.com\/cs#organization"},"potentialAction":[{"@type":"SearchAction","target":{"@type":"EntryPoint","urlTemplate":"https:\/\/atami.com\/cs?s={search_term_string}"},"query-input":{"@type":"PropertyValueSpecification","valueRequired":true,"valueName":"search_term_string"}}],"inLanguage":"cs"},{"@type":"Organization","@id":"https:\/\/atami.com\/cs#organization","name":"Atami","url":"https:\/\/atami.com\/cs","logo":{"@type":"ImageObject","inLanguage":"cs","@id":"https:\/\/atami.com\/cs#\/schema\/logo\/image\/","url":"https:\/\/atami.com\/wp-content\/uploads\/2026\/01\/Atami-logo-696x696px.webp","contentUrl":"https:\/\/atami.com\/wp-content\/uploads\/2026\/01\/Atami-logo-696x696px.webp","width":696,"height":696,"caption":"Atami"},"image":{"@id":"https:\/\/atami.com\/cs#\/schema\/logo\/image\/"},"sameAs":["https:\/\/www.facebook.com\/Atami.International","https:\/\/x.com\/AtamiEU","https:\/\/www.youtube.com\/c\/AtamiInternational","https:\/\/www.instagram.com\/atami.international\/"],"description":"ATAMI is a premium plant nutrition & substrate brand founded in 1997 with the mission to make exceptional cultivation achievable for everyone. From legacy to license, we offer a wide variety of innovating award-winning products to let cultivators achieve maximum results in taste & yield.","email":"info@mginnovations.es","legalName":"Atami","numberOfEmployees":{"@type":"QuantitativeValue","minValue":"11","maxValue":"50"}}]}},"_links":{"self":[{"href":"https:\/\/atami.com\/cs\/wp-json\/wp\/v2\/product\/202502","targetHints":{"allow":["GET"]}}],"collection":[{"href":"https:\/\/atami.com\/cs\/wp-json\/wp\/v2\/product"}],"about":[{"href":"https:\/\/atami.com\/cs\/wp-json\/wp\/v2\/types\/product"}],"replies":[{"embeddable":true,"href":"https:\/\/atami.com\/cs\/wp-json\/wp\/v2\/comments?post=202502"}],"wp:featuredmedia":[{"embeddable":true,"href":"https:\/\/atami.com\/cs\/wp-json\/wp\/v2\/media\/202404"}],"wp:attachment":[{"href":"https:\/\/atami.com\/cs\/wp-json\/wp\/v2\/media?parent=202502"}],"wp:term":[{"taxonomy":"product_brand","embeddable":true,"href":"https:\/\/atami.com\/cs\/wp-json\/wp\/v2\/product_brand?post=202502"},{"taxonomy":"product_cat","embeddable":true,"href":"https:\/\/atami.com\/cs\/wp-json\/wp\/v2\/product_cat?post=202502"},{"taxonomy":"product_tag","embeddable":true,"href":"https:\/\/atami.com\/cs\/wp-json\/wp\/v2\/product_tag?post=202502"}],"curies":[{"name":"wp","href":"https:\/\/api.w.org\/{rel}","templated":true}]}}