{"id":180619,"date":"2023-07-25T12:38:45","date_gmt":"2023-07-25T12:38:45","guid":{"rendered":"https:\/\/atami.com\/product\/ata-nrg-box\/"},"modified":"2025-11-10T17:20:42","modified_gmt":"2025-11-10T15:20:42","slug":"ata-nrg-box","status":"publish","type":"product","link":"https:\/\/atami.com\/cs\/produkt\/ata-nrg-box","title":{"rendered":"ATA NRG Box"},"content":{"rendered":"<p>Pokud si nev\u00edte rady s v\u00fdb\u011brem \u00fa\u010dinn\u00e9 a kompletn\u00ed ekologick\u00e9 v\u00fd\u017eivy pro va\u0161e plodiny, u\u017e nemus\u00edte hledat d\u00e1l, usnadnili jsme v\u00e1m to s na\u0161\u00edm boxem ATA NRG. Toto balen\u00ed obsahuje v\u0161e od zako\u0159e\u0148ovac\u00edho p\u0159\u00edpravku a\u017e po posilova\u010d kveten\u00ed, aby va\u0161\u00ed \u00farod\u011b nic nechyb\u011blo. Ekologick\u00e9 p\u011bstov\u00e1n\u00ed nen\u00ed synonymem pro ni\u017e\u0161\u00ed v\u00fdnosy, vyzkou\u0161ejte to, ani\u017e byste si to komplikovali, s ATA NRG Boxem.<\/p>\n<p>Tento box obsahuje:<\/p>\n<ul>\n<li>1 L ATA NRG Growth \u2013 C<\/li>\n<li>1 L ATA NRG Bloom \u2013 C<\/li>\n<li>1 L ATA NRG Flavor<\/li>\n<li>250 ml ATA NRG Root \u2013 C<\/li>\n<li>500 ml ATA NRG Flower \u2013 C<\/li>\n<\/ul>\n","protected":false},"excerpt":{"rendered":"<p>Pokud si nev\u00edte rady s v\u00fdb\u011brem \u00fa\u010dinn\u00e9 a kompletn\u00ed ekologick\u00e9 v\u00fd\u017eivy pro va\u0161e plodiny, u\u017e nemus\u00edte hledat d\u00e1l, usnadnili jsme v\u00e1m to s na\u0161\u00edm boxem ATA NRG. Toto balen\u00ed obsahuje v\u0161e od zako\u0159e\u0148ovac\u00edho p\u0159\u00edpravku a\u017e po posilova\u010d kveten\u00ed, aby va\u0161\u00ed \u00farod\u011b nic nechyb\u011blo. Ekologick\u00e9 p\u011bstov\u00e1n\u00ed nen\u00ed synonymem pro ni\u017e\u0161\u00ed v\u00fdnosy, vyzkou\u0161ejte to, ani\u017e byste si [&hellip;]<\/p>\n","protected":false},"featured_media":181349,"comment_status":"closed","ping_status":"closed","template":"","meta":{"_acf_changed":false,"iawp_total_views":9},"product_brand":[],"product_cat":[485],"product_tag":[],"class_list":{"0":"post-180619","1":"product","2":"type-product","3":"status-publish","4":"has-post-thumbnail","6":"product_cat-krabice-a-balicky","8":"first","9":"instock","10":"shipping-taxable","11":"product-type-simple"},"acf":{"short_description":"<p>Pokud si nev\u00edte rady s v\u00fdb\u011brem \u00fa\u010dinn\u00e9 a kompletn\u00ed ekologick\u00e9 v\u00fd\u017eivy pro va\u0161e plodiny, u\u017e nemus\u00edte hledat d\u00e1l, usnadnili jsme v\u00e1m to s na\u0161\u00edm boxem ATA NRG. Toto balen\u00ed obsahuje v\u0161e od zako\u0159e\u0148ovac\u00edho p\u0159\u00edpravku a\u017e po posilova\u010d kveten\u00ed, aby va\u0161\u00ed \u00farod\u011b nic nechyb\u011blo. Ekologick\u00e9 p\u011bstov\u00e1n\u00ed nen\u00ed synonymem pro ni\u017e\u0161\u00ed v\u00fdnosy, vyzkou\u0161ejte to, ani\u017e byste si to komplikovali, s ATA NRG Boxem.<\/p><p>Tento box obsahuje:<\/p><ul>\t<li>1 L ATA NRG Growth \u2013 C<\/li>\t<li>1 L ATA NRG Bloom \u2013 C<\/li>\t<li>1 L ATA NRG Flavor<\/li>\t<li>250 ml ATA NRG Root \u2013 C<\/li>\t<li>500 ml ATA NRG Flower \u2013 C<\/li><\/ul>","suitable_for":"","application":"","dosage":"","npk_ratio":"","available_in":"","icon_1":"","icon_1_text":"","icon_2":"","icon_2_text":"","icon_3":"","icon_3_text":"","icon_4":"","icon_4_text":"","video":"","second_image":181349,"product_image_page":"","user_manual":"","new_icon_1":"","new_icon_2":"","new_icon_3":"","new_icon_4":"","grow_guides":"","category":"Krabice"},"yoast_head":"<!-- This site is optimized with the Yoast SEO Premium plugin v27.4 (Yoast SEO v27.4) - https:\/\/yoast.com\/product\/yoast-seo-premium-wordpress\/ -->\n<title>ATA NRG Box | Atami<\/title>\n<meta name=\"description\" content=\"Chce\u0161 d\u00e1t sv\u00fdm rostlink\u00e1m po\u0159\u00e1dnou d\u00e1vku energie? P\u0159e\u010dti si o ATA NRG Boxu! Klikni a zjisti, jak jim pom\u016f\u017ee r\u016fst!\" \/>\n<meta name=\"robots\" content=\"index, follow, max-snippet:-1, max-image-preview:large, max-video-preview:-1\" \/>\n<link rel=\"canonical\" href=\"https:\/\/atami.com\/cs\/produkt\/ata-nrg-box\" \/>\n<meta property=\"og:locale\" content=\"cs_CZ\" \/>\n<meta property=\"og:type\" content=\"article\" \/>\n<meta property=\"og:title\" content=\"ATA NRG Box\" \/>\n<meta property=\"og:description\" content=\"Chce\u0161 d\u00e1t sv\u00fdm rostlink\u00e1m po\u0159\u00e1dnou d\u00e1vku energie? P\u0159e\u010dti si o ATA NRG Boxu! Klikni a zjisti, jak jim pom\u016f\u017ee r\u016fst!\" \/>\n<meta property=\"og:url\" content=\"https:\/\/atami.com\/cs\/produkt\/ata-nrg-box\" \/>\n<meta property=\"og:site_name\" content=\"Atami\" \/>\n<meta property=\"article:publisher\" content=\"https:\/\/www.facebook.com\/Atami.International\" \/>\n<meta property=\"article:modified_time\" content=\"2025-11-10T15:20:42+00:00\" \/>\n<meta property=\"og:image\" content=\"https:\/\/atami.com\/wp-content\/uploads\/2023\/07\/ATA-NRG-Box.webp\" \/>\n\t<meta property=\"og:image:width\" content=\"1080\" \/>\n\t<meta property=\"og:image:height\" content=\"1080\" \/>\n\t<meta property=\"og:image:type\" content=\"image\/webp\" \/>\n<meta name=\"twitter:card\" content=\"summary_large_image\" \/>\n<meta name=\"twitter:site\" content=\"@AtamiEU\" \/>\n<meta name=\"twitter:label1\" content=\"Odhadovan\u00e1 doba \u010dten\u00ed\" \/>\n\t<meta name=\"twitter:data1\" content=\"1 minuta\" \/>\n<script type=\"application\/ld+json\" class=\"yoast-schema-graph\">{\"@context\":\"https:\\\/\\\/schema.org\",\"@graph\":[{\"@type\":\"WebPage\",\"@id\":\"https:\\\/\\\/atami.com\\\/cs\\\/produkt\\\/ata-nrg-box\",\"url\":\"https:\\\/\\\/atami.com\\\/cs\\\/produkt\\\/ata-nrg-box\",\"name\":\"ATA NRG Box | Atami\",\"isPartOf\":{\"@id\":\"https:\\\/\\\/atami.com\\\/cs#website\"},\"primaryImageOfPage\":{\"@id\":\"https:\\\/\\\/atami.com\\\/cs\\\/produkt\\\/ata-nrg-box#primaryimage\"},\"image\":{\"@id\":\"https:\\\/\\\/atami.com\\\/cs\\\/produkt\\\/ata-nrg-box#primaryimage\"},\"thumbnailUrl\":\"https:\\\/\\\/atami.com\\\/wp-content\\\/uploads\\\/2023\\\/07\\\/ATA-NRG-Box.webp\",\"datePublished\":\"2023-07-25T12:38:45+00:00\",\"dateModified\":\"2025-11-10T15:20:42+00:00\",\"description\":\"Chce\u0161 d\u00e1t sv\u00fdm rostlink\u00e1m po\u0159\u00e1dnou d\u00e1vku energie? P\u0159e\u010dti si o ATA NRG Boxu! Klikni a zjisti, jak jim pom\u016f\u017ee r\u016fst!\",\"breadcrumb\":{\"@id\":\"https:\\\/\\\/atami.com\\\/cs\\\/produkt\\\/ata-nrg-box#breadcrumb\"},\"inLanguage\":\"cs\",\"potentialAction\":[{\"@type\":\"ReadAction\",\"target\":[\"https:\\\/\\\/atami.com\\\/cs\\\/produkt\\\/ata-nrg-box\"]}]},{\"@type\":\"ImageObject\",\"inLanguage\":\"cs\",\"@id\":\"https:\\\/\\\/atami.com\\\/cs\\\/produkt\\\/ata-nrg-box#primaryimage\",\"url\":\"https:\\\/\\\/atami.com\\\/wp-content\\\/uploads\\\/2023\\\/07\\\/ATA-NRG-Box.webp\",\"contentUrl\":\"https:\\\/\\\/atami.com\\\/wp-content\\\/uploads\\\/2023\\\/07\\\/ATA-NRG-Box.webp\",\"width\":1080,\"height\":1080,\"caption\":\"ATA NRG Box poskytuje v\u0161echny z\u00e1kladn\u00ed \u017eiviny pro \u00fasp\u011b\u0161n\u00fd r\u016fstov\u00fd cyklus a zaji\u0161\u0165uje optim\u00e1ln\u00ed zdrav\u00ed rostlin a v\u00fdnos.\"},{\"@type\":\"BreadcrumbList\",\"@id\":\"https:\\\/\\\/atami.com\\\/cs\\\/produkt\\\/ata-nrg-box#breadcrumb\",\"itemListElement\":[{\"@type\":\"ListItem\",\"position\":1,\"name\":\"Home\",\"item\":\"https:\\\/\\\/atami.com\\\/cs\"},{\"@type\":\"ListItem\",\"position\":2,\"name\":\"Produkty\",\"item\":\"https:\\\/\\\/atami.com\\\/cs\\\/shop\"},{\"@type\":\"ListItem\",\"position\":3,\"name\":\"Krabice a bal\u00ed\u010dky\",\"item\":\"https:\\\/\\\/atami.com\\\/cs\\\/kategorie-produktu\\\/krabice-a-balicky\"},{\"@type\":\"ListItem\",\"position\":4,\"name\":\"ATA NRG Box\"}]},{\"@type\":\"WebSite\",\"@id\":\"https:\\\/\\\/atami.com\\\/cs#website\",\"url\":\"https:\\\/\\\/atami.com\\\/cs\",\"name\":\"Atami\",\"description\":\"NATURALLY INNOVATING!\",\"publisher\":{\"@id\":\"https:\\\/\\\/atami.com\\\/cs#organization\"},\"potentialAction\":[{\"@type\":\"SearchAction\",\"target\":{\"@type\":\"EntryPoint\",\"urlTemplate\":\"https:\\\/\\\/atami.com\\\/cs?s={search_term_string}\"},\"query-input\":{\"@type\":\"PropertyValueSpecification\",\"valueRequired\":true,\"valueName\":\"search_term_string\"}}],\"inLanguage\":\"cs\"},{\"@type\":\"Organization\",\"@id\":\"https:\\\/\\\/atami.com\\\/cs#organization\",\"name\":\"Atami\",\"url\":\"https:\\\/\\\/atami.com\\\/cs\",\"logo\":{\"@type\":\"ImageObject\",\"inLanguage\":\"cs\",\"@id\":\"https:\\\/\\\/atami.com\\\/cs#\\\/schema\\\/logo\\\/image\\\/\",\"url\":\"https:\\\/\\\/atami.com\\\/wp-content\\\/uploads\\\/2026\\\/01\\\/Atami-logo-696x696px.webp\",\"contentUrl\":\"https:\\\/\\\/atami.com\\\/wp-content\\\/uploads\\\/2026\\\/01\\\/Atami-logo-696x696px.webp\",\"width\":696,\"height\":696,\"caption\":\"Atami\"},\"image\":{\"@id\":\"https:\\\/\\\/atami.com\\\/cs#\\\/schema\\\/logo\\\/image\\\/\"},\"sameAs\":[\"https:\\\/\\\/www.facebook.com\\\/Atami.International\",\"https:\\\/\\\/x.com\\\/AtamiEU\",\"https:\\\/\\\/www.youtube.com\\\/c\\\/AtamiInternational\",\"https:\\\/\\\/www.instagram.com\\\/atami.international\\\/\"],\"description\":\"ATAMI is a premium plant nutrition & substrate brand founded in 1997 with the mission to make exceptional cultivation achievable for everyone. From legacy to license, we offer a wide variety of innovating award-winning products to let cultivators achieve maximum results in taste & yield.\",\"email\":\"info@mginnovations.es\",\"legalName\":\"Atami\",\"numberOfEmployees\":{\"@type\":\"QuantitativeValue\",\"minValue\":\"11\",\"maxValue\":\"50\"}}]}<\/script>\n<!-- \/ Yoast SEO Premium plugin. -->","yoast_head_json":{"title":"ATA NRG Box | Atami","description":"Chce\u0161 d\u00e1t sv\u00fdm rostlink\u00e1m po\u0159\u00e1dnou d\u00e1vku energie? P\u0159e\u010dti si o ATA NRG Boxu! Klikni a zjisti, jak jim pom\u016f\u017ee r\u016fst!","robots":{"index":"index","follow":"follow","max-snippet":"max-snippet:-1","max-image-preview":"max-image-preview:large","max-video-preview":"max-video-preview:-1"},"canonical":"https:\/\/atami.com\/cs\/produkt\/ata-nrg-box","og_locale":"cs_CZ","og_type":"article","og_title":"ATA NRG Box","og_description":"Chce\u0161 d\u00e1t sv\u00fdm rostlink\u00e1m po\u0159\u00e1dnou d\u00e1vku energie? P\u0159e\u010dti si o ATA NRG Boxu! Klikni a zjisti, jak jim pom\u016f\u017ee r\u016fst!","og_url":"https:\/\/atami.com\/cs\/produkt\/ata-nrg-box","og_site_name":"Atami","article_publisher":"https:\/\/www.facebook.com\/Atami.International","article_modified_time":"2025-11-10T15:20:42+00:00","og_image":[{"width":1080,"height":1080,"url":"https:\/\/atami.com\/wp-content\/uploads\/2023\/07\/ATA-NRG-Box.webp","type":"image\/webp"}],"twitter_card":"summary_large_image","twitter_site":"@AtamiEU","twitter_misc":{"Odhadovan\u00e1 doba \u010dten\u00ed":"1 minuta"},"schema":{"@context":"https:\/\/schema.org","@graph":[{"@type":"WebPage","@id":"https:\/\/atami.com\/cs\/produkt\/ata-nrg-box","url":"https:\/\/atami.com\/cs\/produkt\/ata-nrg-box","name":"ATA NRG Box | Atami","isPartOf":{"@id":"https:\/\/atami.com\/cs#website"},"primaryImageOfPage":{"@id":"https:\/\/atami.com\/cs\/produkt\/ata-nrg-box#primaryimage"},"image":{"@id":"https:\/\/atami.com\/cs\/produkt\/ata-nrg-box#primaryimage"},"thumbnailUrl":"https:\/\/atami.com\/wp-content\/uploads\/2023\/07\/ATA-NRG-Box.webp","datePublished":"2023-07-25T12:38:45+00:00","dateModified":"2025-11-10T15:20:42+00:00","description":"Chce\u0161 d\u00e1t sv\u00fdm rostlink\u00e1m po\u0159\u00e1dnou d\u00e1vku energie? P\u0159e\u010dti si o ATA NRG Boxu! Klikni a zjisti, jak jim pom\u016f\u017ee r\u016fst!","breadcrumb":{"@id":"https:\/\/atami.com\/cs\/produkt\/ata-nrg-box#breadcrumb"},"inLanguage":"cs","potentialAction":[{"@type":"ReadAction","target":["https:\/\/atami.com\/cs\/produkt\/ata-nrg-box"]}]},{"@type":"ImageObject","inLanguage":"cs","@id":"https:\/\/atami.com\/cs\/produkt\/ata-nrg-box#primaryimage","url":"https:\/\/atami.com\/wp-content\/uploads\/2023\/07\/ATA-NRG-Box.webp","contentUrl":"https:\/\/atami.com\/wp-content\/uploads\/2023\/07\/ATA-NRG-Box.webp","width":1080,"height":1080,"caption":"ATA NRG Box poskytuje v\u0161echny z\u00e1kladn\u00ed \u017eiviny pro \u00fasp\u011b\u0161n\u00fd r\u016fstov\u00fd cyklus a zaji\u0161\u0165uje optim\u00e1ln\u00ed zdrav\u00ed rostlin a v\u00fdnos."},{"@type":"BreadcrumbList","@id":"https:\/\/atami.com\/cs\/produkt\/ata-nrg-box#breadcrumb","itemListElement":[{"@type":"ListItem","position":1,"name":"Home","item":"https:\/\/atami.com\/cs"},{"@type":"ListItem","position":2,"name":"Produkty","item":"https:\/\/atami.com\/cs\/shop"},{"@type":"ListItem","position":3,"name":"Krabice a bal\u00ed\u010dky","item":"https:\/\/atami.com\/cs\/kategorie-produktu\/krabice-a-balicky"},{"@type":"ListItem","position":4,"name":"ATA NRG Box"}]},{"@type":"WebSite","@id":"https:\/\/atami.com\/cs#website","url":"https:\/\/atami.com\/cs","name":"Atami","description":"NATURALLY INNOVATING!","publisher":{"@id":"https:\/\/atami.com\/cs#organization"},"potentialAction":[{"@type":"SearchAction","target":{"@type":"EntryPoint","urlTemplate":"https:\/\/atami.com\/cs?s={search_term_string}"},"query-input":{"@type":"PropertyValueSpecification","valueRequired":true,"valueName":"search_term_string"}}],"inLanguage":"cs"},{"@type":"Organization","@id":"https:\/\/atami.com\/cs#organization","name":"Atami","url":"https:\/\/atami.com\/cs","logo":{"@type":"ImageObject","inLanguage":"cs","@id":"https:\/\/atami.com\/cs#\/schema\/logo\/image\/","url":"https:\/\/atami.com\/wp-content\/uploads\/2026\/01\/Atami-logo-696x696px.webp","contentUrl":"https:\/\/atami.com\/wp-content\/uploads\/2026\/01\/Atami-logo-696x696px.webp","width":696,"height":696,"caption":"Atami"},"image":{"@id":"https:\/\/atami.com\/cs#\/schema\/logo\/image\/"},"sameAs":["https:\/\/www.facebook.com\/Atami.International","https:\/\/x.com\/AtamiEU","https:\/\/www.youtube.com\/c\/AtamiInternational","https:\/\/www.instagram.com\/atami.international\/"],"description":"ATAMI is a premium plant nutrition & substrate brand founded in 1997 with the mission to make exceptional cultivation achievable for everyone. From legacy to license, we offer a wide variety of innovating award-winning products to let cultivators achieve maximum results in taste & yield.","email":"info@mginnovations.es","legalName":"Atami","numberOfEmployees":{"@type":"QuantitativeValue","minValue":"11","maxValue":"50"}}]}},"_links":{"self":[{"href":"https:\/\/atami.com\/cs\/wp-json\/wp\/v2\/product\/180619","targetHints":{"allow":["GET"]}}],"collection":[{"href":"https:\/\/atami.com\/cs\/wp-json\/wp\/v2\/product"}],"about":[{"href":"https:\/\/atami.com\/cs\/wp-json\/wp\/v2\/types\/product"}],"replies":[{"embeddable":true,"href":"https:\/\/atami.com\/cs\/wp-json\/wp\/v2\/comments?post=180619"}],"wp:featuredmedia":[{"embeddable":true,"href":"https:\/\/atami.com\/cs\/wp-json\/wp\/v2\/media\/181349"}],"wp:attachment":[{"href":"https:\/\/atami.com\/cs\/wp-json\/wp\/v2\/media?parent=180619"}],"wp:term":[{"taxonomy":"product_brand","embeddable":true,"href":"https:\/\/atami.com\/cs\/wp-json\/wp\/v2\/product_brand?post=180619"},{"taxonomy":"product_cat","embeddable":true,"href":"https:\/\/atami.com\/cs\/wp-json\/wp\/v2\/product_cat?post=180619"},{"taxonomy":"product_tag","embeddable":true,"href":"https:\/\/atami.com\/cs\/wp-json\/wp\/v2\/product_tag?post=180619"}],"curies":[{"name":"wp","href":"https:\/\/api.w.org\/{rel}","templated":true}]}}