{"id":49385,"date":"2023-09-11T09:13:31","date_gmt":"2023-09-11T09:13:31","guid":{"rendered":"https:\/\/atami.com\/reklamni-zbozi\/"},"modified":"2024-06-24T13:17:54","modified_gmt":"2024-06-24T11:17:54","slug":"reklamni-zbozi","status":"publish","type":"page","link":"https:\/\/atami.com\/cs\/reklamni-zbozi","title":{"rendered":"Reklamn\u00ed zbo\u017e\u00ed"},"content":{"rendered":"\t\t<div data-elementor-type=\"wp-page\" data-elementor-id=\"49385\" class=\"elementor elementor-49385\" data-elementor-post-type=\"page\">\n\t\t\t\t<div class=\"elementor-element elementor-element-67c1d8e e-flex e-con-boxed e-con e-parent\" data-id=\"67c1d8e\" data-element_type=\"container\" data-e-type=\"container\" data-settings=\"{&quot;background_background&quot;:&quot;classic&quot;}\">\n\t\t\t\t\t<div class=\"e-con-inner\">\n\t\t\t\t<div class=\"elementor-element elementor-element-90cbc5e elementor-widget elementor-widget-heading\" data-id=\"90cbc5e\" data-element_type=\"widget\" data-e-type=\"widget\" data-widget_type=\"heading.default\">\n\t\t\t\t\t<h1 class=\"elementor-heading-title elementor-size-default\">Atami lifestyle<\/h1>\t\t\t\t<\/div>\n\t\t\t\t\t<\/div>\n\t\t\t\t<\/div>\n\t\t<div class=\"elementor-element elementor-element-7753590 e-flex e-con-boxed e-con e-parent\" data-id=\"7753590\" data-element_type=\"container\" data-e-type=\"container\" data-settings=\"{&quot;background_background&quot;:&quot;classic&quot;}\">\n\t\t\t\t\t<div class=\"e-con-inner\">\n\t\t\t\t<div class=\"elementor-element elementor-element-9b4fed8 elementor-widget elementor-widget-woocommerce-breadcrumb\" data-id=\"9b4fed8\" data-element_type=\"widget\" data-e-type=\"widget\" data-widget_type=\"woocommerce-breadcrumb.default\">\n\t\t\t\t\t<nav class=\"woocommerce-breadcrumb\" aria-label=\"Breadcrumb\">Dom\u016f<\/nav>\t\t\t\t<\/div>\n\t\t<div class=\"elementor-element elementor-element-c0c0a85 e-con-full e-flex e-con e-child\" data-id=\"c0c0a85\" data-element_type=\"container\" data-e-type=\"container\">\n\t\t\t\t<div class=\"elementor-element elementor-element-b9c98c7 elementor-widget elementor-widget-text-editor\" data-id=\"b9c98c7\" data-element_type=\"widget\" data-e-type=\"widget\" data-widget_type=\"text-editor.default\">\n\t\t\t\t\t\t\t\t\t<p>Po 20let\u00fdch zku\u0161enostech p\u011bstov\u00e1n\u00ed se zna\u010dka Atami stala pro mnoho lid\u00ed \u017eivotn\u00edm stylem. V souladu se sv\u00fdm sloganem \u201eNaturally Innovating\u201c zav\u00e1d\u00ed Atami jedine\u010dnou \u0159adu lifestylov\u00fdch produkt\u016f, jako jsou ta\u0161ky a oble\u010den\u00ed. Pou\u017e\u00edv\u00e1me pouze materi\u00e1ly t\u00e9 nejvy\u0161\u0161\u00ed jakosti, se zam\u011b\u0159en\u00edm na detail a standard t\u00e9 nejvy\u0161\u0161\u00ed kvality. Z Atami se nyn\u00ed budete moci radovat ve sv\u00e9 zahrad\u011b, na dvorku i na cest\u00e1ch.<\/p>\n\t\t\t\t\t\t\t\t<\/div>\n\t\t\t\t<div class=\"elementor-element elementor-element-9db7339 elementor-hidden-desktop elementor-hidden-tablet elementor-widget elementor-widget-image\" data-id=\"9db7339\" data-element_type=\"widget\" data-e-type=\"widget\" data-widget_type=\"image.default\">\n\t\t\t\t\t\t\t\t\t\t\t\t\t\t\t<img fetchpriority=\"high\" decoding=\"async\" width=\"415\" height=\"346\" src=\"https:\/\/atami.com\/wp-content\/uploads\/2021\/03\/signal-2021-03-02-091336_002.png\" class=\"attachment-full size-full wp-image-6239\" alt=\"\" \/>\t\t\t\t\t\t\t\t\t\t\t\t\t\t\t<\/div>\n\t\t\t\t<div class=\"elementor-element elementor-element-a998657 elementor-hidden-desktop elementor-hidden-tablet elementor-widget elementor-widget-image\" data-id=\"a998657\" data-element_type=\"widget\" data-e-type=\"widget\" data-widget_type=\"image.default\">\n\t\t\t\t\t\t\t\t\t\t\t\t\t\t\t<img decoding=\"async\" width=\"414\" height=\"346\" src=\"https:\/\/atami.com\/wp-content\/uploads\/2021\/03\/signal-2021-03-02-091336_001.png\" class=\"attachment-full size-full wp-image-6235\" alt=\"\" \/>\t\t\t\t\t\t\t\t\t\t\t\t\t\t\t<\/div>\n\t\t\t\t<div class=\"elementor-element elementor-element-a4c6167 elementor-hidden-phone elementor-widget elementor-widget-image\" data-id=\"a4c6167\" data-element_type=\"widget\" data-e-type=\"widget\" data-widget_type=\"image.default\">\n\t\t\t\t\t\t\t\t\t\t\t\t\t\t\t<img decoding=\"async\" width=\"866\" height=\"346\" src=\"https:\/\/atami.com\/wp-content\/uploads\/2021\/02\/merchandise-bags.png\" class=\"attachment-full size-full wp-image-6227\" alt=\"\" srcset=\"https:\/\/atami.com\/wp-content\/uploads\/2021\/02\/merchandise-bags.png 866w, https:\/\/atami.com\/wp-content\/uploads\/2021\/02\/merchandise-bags-450x180.png 450w, https:\/\/atami.com\/wp-content\/uploads\/2021\/02\/merchandise-bags-600x240.png 600w\" sizes=\"(max-width: 866px) 100vw, 866px\" \/>\t\t\t\t\t\t\t\t\t\t\t\t\t\t\t<\/div>\n\t\t\t\t<div class=\"elementor-element elementor-element-c859f4b elementor-widget elementor-widget-text-editor\" data-id=\"c859f4b\" data-element_type=\"widget\" data-e-type=\"widget\" data-widget_type=\"text-editor.default\">\n\t\t\t\t\t\t\t\t\t<p><strong>TA\u0160KY ATAMI<\/strong><\/p>\r\n<p>&nbsp;<\/p>\r\n<p>Na\u0161i \u0159adu elegantn\u00edch ta\u0161ek tvo\u0159\u00ed cross-body ta\u0161ka p\u0159es rameno a cestovn\u00ed n\u00e1prsn\u00ed ta\u0161ka. Jsou vyrobeny z vysoce kvalitn\u00ed k\u016f\u017ee. Ta\u0161ka cross-body p\u0159es rameno m\u00e1 4 voln\u00e9 odd\u00edly, kam ulo\u017e\u00edte tablety, nab\u00edje\u010dky, cestovn\u00ed doklady a kreditn\u00ed karty. Jej\u00ed jedine\u010dn\u00fd design chr\u00e1n\u00ed va\u0161e v\u011bci a umo\u017e\u0148uje snadn\u00fd p\u0159\u00edstup do jednotliv\u00fdch odd\u00edl\u016f.<\/p>\r\n<p>&nbsp;<\/p>\r\n<p>Cestovn\u00ed n\u00e1prsn\u00ed ta\u0161ka je kompaktn\u00edm \u0159e\u0161en\u00edm dopl\u0148uj\u00edc\u00edm \u0159adu cross-body ta\u0161ek. Je lehk\u00e1 a diskr\u00e9tn\u00ed, se snadn\u00fdm p\u0159\u00edstupem k \u010dasto pou\u017e\u00edvan\u00fdm doklad\u016fm a bankovn\u00edm kart\u00e1m. Lze ji nosit na oble\u010den\u00ed i pod n\u00edm. M\u00e1 kapsu na zip nav\u00edc ur\u010denou pro hotovost. Ob\u011b ta\u0161ky jsou k dost\u00e1n\u00ed v ka\u0161tanov\u00e9 hn\u011bd\u00e9, \u010derven\u00e9, b\u00e9\u017eov\u00e9, hn\u011bd\u00e9 a \u010dern\u00e9 barv\u011b.<\/p>\t\t\t\t\t\t\t\t<\/div>\n\t\t\t\t<div class=\"elementor-element elementor-element-e40ecc8 elementor-hidden-desktop elementor-hidden-tablet elementor-widget elementor-widget-image\" data-id=\"e40ecc8\" data-element_type=\"widget\" data-e-type=\"widget\" data-widget_type=\"image.default\">\n\t\t\t\t\t\t\t\t\t\t\t\t\t\t\t<img loading=\"lazy\" decoding=\"async\" width=\"554\" height=\"472\" src=\"https:\/\/atami.com\/wp-content\/uploads\/2021\/03\/signal-2021-02-16-155418_002.png\" class=\"attachment-full size-full wp-image-6243\" alt=\"\" srcset=\"https:\/\/atami.com\/wp-content\/uploads\/2021\/03\/signal-2021-02-16-155418_002.png 554w, https:\/\/atami.com\/wp-content\/uploads\/2021\/03\/signal-2021-02-16-155418_002-450x383.png 450w\" sizes=\"(max-width: 554px) 100vw, 554px\" \/>\t\t\t\t\t\t\t\t\t\t\t\t\t\t\t<\/div>\n\t\t\t\t<div class=\"elementor-element elementor-element-d249eb3 elementor-hidden-phone elementor-widget elementor-widget-image\" data-id=\"d249eb3\" data-element_type=\"widget\" data-e-type=\"widget\" data-widget_type=\"image.default\">\n\t\t\t\t\t\t\t\t\t\t\t\t\t\t\t<img loading=\"lazy\" decoding=\"async\" width=\"1058\" height=\"433\" src=\"https:\/\/atami.com\/wp-content\/uploads\/2021\/02\/merchandise-shirts-cap-jacket.png\" class=\"attachment-full size-full wp-image-6231\" alt=\"\" srcset=\"https:\/\/atami.com\/wp-content\/uploads\/2021\/02\/merchandise-shirts-cap-jacket.png 1058w, https:\/\/atami.com\/wp-content\/uploads\/2021\/02\/merchandise-shirts-cap-jacket-450x184.png 450w, https:\/\/atami.com\/wp-content\/uploads\/2021\/02\/merchandise-shirts-cap-jacket-600x246.png 600w\" sizes=\"(max-width: 1058px) 100vw, 1058px\" \/>\t\t\t\t\t\t\t\t\t\t\t\t\t\t\t<\/div>\n\t\t\t\t<div class=\"elementor-element elementor-element-d15ec5f elementor-widget elementor-widget-text-editor\" data-id=\"d15ec5f\" data-element_type=\"widget\" data-e-type=\"widget\" data-widget_type=\"text-editor.default\">\n\t\t\t\t\t\t\t\t\t<p><strong>OBLE\u010cEN\u00cd ATAMI<\/strong><\/p>\r\n<p>&nbsp;<\/p>\r\n<p>\u0158ada oble\u010den\u00ed Atami za\u010dala s m\u00f3dn\u00edmi tri\u010dky navr\u017een\u00fdmi na\u0161\u00edm intern\u00edm t\u00fdmem n\u00e1vrh\u00e1\u0159\u016f. Atami zalo\u017eila sv\u016fj design na lehkosti a stylu. Vysoce kvalitn\u00ed tkaninu tvo\u0159\u00ed 40 jednoduch\u00fdch, prstencov\u011b sp\u0159eden\u00fdch, dlouh\u00fdch bavln\u011bn\u00fdch vl\u00e1ken. Tri\u010dka byla pr\u00e1na s enzymy a o\u0161et\u0159ena silikonem k zabr\u00e1n\u011bn\u00ed sv\u011bd\u011bn\u00ed. Oba na\u0161e ikonick\u00e9 modely jsou k dost\u00e1n\u00ed ve 4 barv\u00e1ch, v \u0159ad\u011b jak pro \u017eeny, tak pro mu\u017ee.<\/p>\t\t\t\t\t\t\t\t<\/div>\n\t\t\t\t<\/div>\n\t\t\t\t\t<\/div>\n\t\t\t\t<\/div>\n\t\t\t\t<\/div>\n\t\t","protected":false},"excerpt":{"rendered":"<p>Atami lifestyle Po 20let\u00fdch zku\u0161enostech p\u011bstov\u00e1n\u00ed se zna\u010dka Atami stala pro mnoho lid\u00ed \u017eivotn\u00edm stylem. V souladu se sv\u00fdm sloganem \u201eNaturally Innovating\u201c zav\u00e1d\u00ed Atami jedine\u010dnou \u0159adu lifestylov\u00fdch produkt\u016f, jako jsou ta\u0161ky a oble\u010den\u00ed. Pou\u017e\u00edv\u00e1me pouze materi\u00e1ly t\u00e9 nejvy\u0161\u0161\u00ed jakosti, se zam\u011b\u0159en\u00edm na detail a standard t\u00e9 nejvy\u0161\u0161\u00ed kvality. Z Atami se nyn\u00ed budete moci radovat [&hellip;]<\/p>\n","protected":false},"author":1,"featured_media":0,"parent":0,"menu_order":0,"comment_status":"closed","ping_status":"closed","template":"elementor_header_footer","meta":{"_acf_changed":false,"iawp_total_views":8,"footnotes":""},"class_list":["post-49385","page","type-page","status-publish","hentry"],"acf":[],"yoast_head":"<!-- This site is optimized with the Yoast SEO Premium plugin v27.4 (Yoast SEO v27.4) - https:\/\/yoast.com\/product\/yoast-seo-premium-wordpress\/ -->\n<title>Reklamn\u00ed zbo\u017e\u00ed | Atami<\/title>\n<meta name=\"robots\" content=\"index, follow, max-snippet:-1, max-image-preview:large, max-video-preview:-1\" \/>\n<link rel=\"canonical\" href=\"https:\/\/atami.com\/cs\/reklamni-zbozi\" \/>\n<meta property=\"og:locale\" content=\"cs_CZ\" \/>\n<meta property=\"og:type\" content=\"article\" \/>\n<meta property=\"og:title\" content=\"Reklamn\u00ed zbo\u017e\u00ed\" \/>\n<meta property=\"og:description\" content=\"Atami lifestyle Po 20let\u00fdch zku\u0161enostech p\u011bstov\u00e1n\u00ed se zna\u010dka Atami stala pro mnoho lid\u00ed \u017eivotn\u00edm stylem. V souladu se sv\u00fdm sloganem \u201eNaturally Innovating\u201c zav\u00e1d\u00ed Atami jedine\u010dnou \u0159adu lifestylov\u00fdch produkt\u016f, jako jsou ta\u0161ky a oble\u010den\u00ed. Pou\u017e\u00edv\u00e1me pouze materi\u00e1ly t\u00e9 nejvy\u0161\u0161\u00ed jakosti, se zam\u011b\u0159en\u00edm na detail a standard t\u00e9 nejvy\u0161\u0161\u00ed kvality. Z Atami se nyn\u00ed budete moci radovat [&hellip;]\" \/>\n<meta property=\"og:url\" content=\"https:\/\/atami.com\/cs\/reklamni-zbozi\" \/>\n<meta property=\"og:site_name\" content=\"Atami\" \/>\n<meta property=\"article:publisher\" content=\"https:\/\/www.facebook.com\/Atami.International\" \/>\n<meta property=\"article:modified_time\" content=\"2024-06-24T11:17:54+00:00\" \/>\n<meta property=\"og:image\" content=\"https:\/\/atami.com\/wp-content\/uploads\/2021\/03\/signal-2021-03-02-091336_002.png\" \/>\n<meta name=\"twitter:card\" content=\"summary_large_image\" \/>\n<meta name=\"twitter:site\" content=\"@AtamiEU\" \/>\n<meta name=\"twitter:label1\" content=\"Odhadovan\u00e1 doba \u010dten\u00ed\" \/>\n\t<meta name=\"twitter:data1\" content=\"2 minuty\" \/>\n<script type=\"application\/ld+json\" class=\"yoast-schema-graph\">{\"@context\":\"https:\\\/\\\/schema.org\",\"@graph\":[{\"@type\":\"WebPage\",\"@id\":\"https:\\\/\\\/atami.com\\\/cs\\\/reklamni-zbozi\",\"url\":\"https:\\\/\\\/atami.com\\\/cs\\\/reklamni-zbozi\",\"name\":\"Reklamn\u00ed zbo\u017e\u00ed | Atami\",\"isPartOf\":{\"@id\":\"https:\\\/\\\/atami.com\\\/cs#website\"},\"primaryImageOfPage\":{\"@id\":\"https:\\\/\\\/atami.com\\\/cs\\\/reklamni-zbozi#primaryimage\"},\"image\":{\"@id\":\"https:\\\/\\\/atami.com\\\/cs\\\/reklamni-zbozi#primaryimage\"},\"thumbnailUrl\":\"https:\\\/\\\/atami.com\\\/wp-content\\\/uploads\\\/2021\\\/03\\\/signal-2021-03-02-091336_002.png\",\"datePublished\":\"2023-09-11T09:13:31+00:00\",\"dateModified\":\"2024-06-24T11:17:54+00:00\",\"breadcrumb\":{\"@id\":\"https:\\\/\\\/atami.com\\\/cs\\\/reklamni-zbozi#breadcrumb\"},\"inLanguage\":\"cs\",\"potentialAction\":[{\"@type\":\"ReadAction\",\"target\":[\"https:\\\/\\\/atami.com\\\/cs\\\/reklamni-zbozi\"]}]},{\"@type\":\"ImageObject\",\"inLanguage\":\"cs\",\"@id\":\"https:\\\/\\\/atami.com\\\/cs\\\/reklamni-zbozi#primaryimage\",\"url\":\"https:\\\/\\\/atami.com\\\/wp-content\\\/uploads\\\/2021\\\/03\\\/signal-2021-03-02-091336_002.png\",\"contentUrl\":\"https:\\\/\\\/atami.com\\\/wp-content\\\/uploads\\\/2021\\\/03\\\/signal-2021-03-02-091336_002.png\"},{\"@type\":\"BreadcrumbList\",\"@id\":\"https:\\\/\\\/atami.com\\\/cs\\\/reklamni-zbozi#breadcrumb\",\"itemListElement\":[{\"@type\":\"ListItem\",\"position\":1,\"name\":\"Home\",\"item\":\"https:\\\/\\\/atami.com\\\/cs\"},{\"@type\":\"ListItem\",\"position\":2,\"name\":\"Reklamn\u00ed zbo\u017e\u00ed\"}]},{\"@type\":\"WebSite\",\"@id\":\"https:\\\/\\\/atami.com\\\/cs#website\",\"url\":\"https:\\\/\\\/atami.com\\\/cs\",\"name\":\"Atami\",\"description\":\"NATURALLY INNOVATING!\",\"publisher\":{\"@id\":\"https:\\\/\\\/atami.com\\\/cs#organization\"},\"potentialAction\":[{\"@type\":\"SearchAction\",\"target\":{\"@type\":\"EntryPoint\",\"urlTemplate\":\"https:\\\/\\\/atami.com\\\/cs?s={search_term_string}\"},\"query-input\":{\"@type\":\"PropertyValueSpecification\",\"valueRequired\":true,\"valueName\":\"search_term_string\"}}],\"inLanguage\":\"cs\"},{\"@type\":\"Organization\",\"@id\":\"https:\\\/\\\/atami.com\\\/cs#organization\",\"name\":\"Atami\",\"url\":\"https:\\\/\\\/atami.com\\\/cs\",\"logo\":{\"@type\":\"ImageObject\",\"inLanguage\":\"cs\",\"@id\":\"https:\\\/\\\/atami.com\\\/cs#\\\/schema\\\/logo\\\/image\\\/\",\"url\":\"https:\\\/\\\/atami.com\\\/wp-content\\\/uploads\\\/2026\\\/01\\\/Atami-logo-696x696px.webp\",\"contentUrl\":\"https:\\\/\\\/atami.com\\\/wp-content\\\/uploads\\\/2026\\\/01\\\/Atami-logo-696x696px.webp\",\"width\":696,\"height\":696,\"caption\":\"Atami\"},\"image\":{\"@id\":\"https:\\\/\\\/atami.com\\\/cs#\\\/schema\\\/logo\\\/image\\\/\"},\"sameAs\":[\"https:\\\/\\\/www.facebook.com\\\/Atami.International\",\"https:\\\/\\\/x.com\\\/AtamiEU\",\"https:\\\/\\\/www.youtube.com\\\/c\\\/AtamiInternational\",\"https:\\\/\\\/www.instagram.com\\\/atami.international\\\/\"],\"description\":\"ATAMI is a premium plant nutrition & substrate brand founded in 1997 with the mission to make exceptional cultivation achievable for everyone. From legacy to license, we offer a wide variety of innovating award-winning products to let cultivators achieve maximum results in taste & yield.\",\"email\":\"info@mginnovations.es\",\"legalName\":\"Atami\",\"numberOfEmployees\":{\"@type\":\"QuantitativeValue\",\"minValue\":\"11\",\"maxValue\":\"50\"}}]}<\/script>\n<!-- \/ Yoast SEO Premium plugin. -->","yoast_head_json":{"title":"Reklamn\u00ed zbo\u017e\u00ed | Atami","robots":{"index":"index","follow":"follow","max-snippet":"max-snippet:-1","max-image-preview":"max-image-preview:large","max-video-preview":"max-video-preview:-1"},"canonical":"https:\/\/atami.com\/cs\/reklamni-zbozi","og_locale":"cs_CZ","og_type":"article","og_title":"Reklamn\u00ed zbo\u017e\u00ed","og_description":"Atami lifestyle Po 20let\u00fdch zku\u0161enostech p\u011bstov\u00e1n\u00ed se zna\u010dka Atami stala pro mnoho lid\u00ed \u017eivotn\u00edm stylem. V souladu se sv\u00fdm sloganem \u201eNaturally Innovating\u201c zav\u00e1d\u00ed Atami jedine\u010dnou \u0159adu lifestylov\u00fdch produkt\u016f, jako jsou ta\u0161ky a oble\u010den\u00ed. Pou\u017e\u00edv\u00e1me pouze materi\u00e1ly t\u00e9 nejvy\u0161\u0161\u00ed jakosti, se zam\u011b\u0159en\u00edm na detail a standard t\u00e9 nejvy\u0161\u0161\u00ed kvality. Z Atami se nyn\u00ed budete moci radovat [&hellip;]","og_url":"https:\/\/atami.com\/cs\/reklamni-zbozi","og_site_name":"Atami","article_publisher":"https:\/\/www.facebook.com\/Atami.International","article_modified_time":"2024-06-24T11:17:54+00:00","og_image":[{"url":"https:\/\/atami.com\/wp-content\/uploads\/2021\/03\/signal-2021-03-02-091336_002.png","type":"","width":"","height":""}],"twitter_card":"summary_large_image","twitter_site":"@AtamiEU","twitter_misc":{"Odhadovan\u00e1 doba \u010dten\u00ed":"2 minuty"},"schema":{"@context":"https:\/\/schema.org","@graph":[{"@type":"WebPage","@id":"https:\/\/atami.com\/cs\/reklamni-zbozi","url":"https:\/\/atami.com\/cs\/reklamni-zbozi","name":"Reklamn\u00ed zbo\u017e\u00ed | Atami","isPartOf":{"@id":"https:\/\/atami.com\/cs#website"},"primaryImageOfPage":{"@id":"https:\/\/atami.com\/cs\/reklamni-zbozi#primaryimage"},"image":{"@id":"https:\/\/atami.com\/cs\/reklamni-zbozi#primaryimage"},"thumbnailUrl":"https:\/\/atami.com\/wp-content\/uploads\/2021\/03\/signal-2021-03-02-091336_002.png","datePublished":"2023-09-11T09:13:31+00:00","dateModified":"2024-06-24T11:17:54+00:00","breadcrumb":{"@id":"https:\/\/atami.com\/cs\/reklamni-zbozi#breadcrumb"},"inLanguage":"cs","potentialAction":[{"@type":"ReadAction","target":["https:\/\/atami.com\/cs\/reklamni-zbozi"]}]},{"@type":"ImageObject","inLanguage":"cs","@id":"https:\/\/atami.com\/cs\/reklamni-zbozi#primaryimage","url":"https:\/\/atami.com\/wp-content\/uploads\/2021\/03\/signal-2021-03-02-091336_002.png","contentUrl":"https:\/\/atami.com\/wp-content\/uploads\/2021\/03\/signal-2021-03-02-091336_002.png"},{"@type":"BreadcrumbList","@id":"https:\/\/atami.com\/cs\/reklamni-zbozi#breadcrumb","itemListElement":[{"@type":"ListItem","position":1,"name":"Home","item":"https:\/\/atami.com\/cs"},{"@type":"ListItem","position":2,"name":"Reklamn\u00ed zbo\u017e\u00ed"}]},{"@type":"WebSite","@id":"https:\/\/atami.com\/cs#website","url":"https:\/\/atami.com\/cs","name":"Atami","description":"NATURALLY INNOVATING!","publisher":{"@id":"https:\/\/atami.com\/cs#organization"},"potentialAction":[{"@type":"SearchAction","target":{"@type":"EntryPoint","urlTemplate":"https:\/\/atami.com\/cs?s={search_term_string}"},"query-input":{"@type":"PropertyValueSpecification","valueRequired":true,"valueName":"search_term_string"}}],"inLanguage":"cs"},{"@type":"Organization","@id":"https:\/\/atami.com\/cs#organization","name":"Atami","url":"https:\/\/atami.com\/cs","logo":{"@type":"ImageObject","inLanguage":"cs","@id":"https:\/\/atami.com\/cs#\/schema\/logo\/image\/","url":"https:\/\/atami.com\/wp-content\/uploads\/2026\/01\/Atami-logo-696x696px.webp","contentUrl":"https:\/\/atami.com\/wp-content\/uploads\/2026\/01\/Atami-logo-696x696px.webp","width":696,"height":696,"caption":"Atami"},"image":{"@id":"https:\/\/atami.com\/cs#\/schema\/logo\/image\/"},"sameAs":["https:\/\/www.facebook.com\/Atami.International","https:\/\/x.com\/AtamiEU","https:\/\/www.youtube.com\/c\/AtamiInternational","https:\/\/www.instagram.com\/atami.international\/"],"description":"ATAMI is a premium plant nutrition & substrate brand founded in 1997 with the mission to make exceptional cultivation achievable for everyone. From legacy to license, we offer a wide variety of innovating award-winning products to let cultivators achieve maximum results in taste & yield.","email":"info@mginnovations.es","legalName":"Atami","numberOfEmployees":{"@type":"QuantitativeValue","minValue":"11","maxValue":"50"}}]}},"_links":{"self":[{"href":"https:\/\/atami.com\/cs\/wp-json\/wp\/v2\/pages\/49385","targetHints":{"allow":["GET"]}}],"collection":[{"href":"https:\/\/atami.com\/cs\/wp-json\/wp\/v2\/pages"}],"about":[{"href":"https:\/\/atami.com\/cs\/wp-json\/wp\/v2\/types\/page"}],"author":[{"embeddable":true,"href":"https:\/\/atami.com\/cs\/wp-json\/wp\/v2\/users\/1"}],"replies":[{"embeddable":true,"href":"https:\/\/atami.com\/cs\/wp-json\/wp\/v2\/comments?post=49385"}],"version-history":[{"count":0,"href":"https:\/\/atami.com\/cs\/wp-json\/wp\/v2\/pages\/49385\/revisions"}],"wp:attachment":[{"href":"https:\/\/atami.com\/cs\/wp-json\/wp\/v2\/media?parent=49385"}],"curies":[{"name":"wp","href":"https:\/\/api.w.org\/{rel}","templated":true}]}}